{"id":1950,"date":"2023-12-06T10:19:14","date_gmt":"2023-12-06T03:19:14","guid":{"rendered":"https:\/\/amafurni.123websitedev.com\/san-pham\/ban-gaming-chan-chu-z-van-cacbon-cao-cap-ama-n6789-11\/"},"modified":"2025-11-12T14:10:11","modified_gmt":"2025-11-12T07:10:11","slug":"ban-gaming-chan-chu-z-van-cacbon-cao-cap-ama-n6789-11","status":"publish","type":"product","link":"https:\/\/amafurni.vn\/en\/product\/ban-gaming-chan-chu-z-van-cacbon-cao-cap-ama-n6789-11\/","title":{"rendered":"B\u00e0n gaming ch\u00e2n ch\u1eef Z v\u00e2n Cacbon cao c\u1ea5p AMA-N6789-11"},"content":{"rendered":"<table border=\"1\" height=\"304\">\n<tbody><\/tbody>\n<tbody>\n<tr>\n<td><span><strong>Material<\/strong><\/span><\/td>\n<td><span><strong>T\u00ednh N\u0103ng<\/strong><\/span><\/td>\n<td><span><strong>Size<\/strong><\/span><\/td>\n<td><span><strong>M\u00e0u S\u1eafc<\/strong><\/span><\/td>\n<td><span><strong>Xu\u1ea5t X\u1ee9<\/strong><\/span><\/td>\n<td><span><strong>B\u1ea3o h\u00e0nh<\/strong><\/span><\/td>\n<\/tr>\n<tr>\n<td>\n<p><span>Ch\u1ea5t li\u1ec7u : Ch\u00e2n th\u00e9p s\u01a1n t\u0129nh \u0111i\u1ec7n, m\u1eb7t b\u00e0n MDF-Melamine ph\u1ee7 v\u00e2n cacbon ch\u1ed1ng tr\u1ea7y.<\/span><\/p>\n<\/td>\n<td>\n<p>C\u00f3 m\u00f3c treo tai nghe<\/p>\n<p>khay \u0111\u1ef1ng n\u01b0\u1edbc<\/p>\n<p>02 l\u1ed7 lu\u1ed3n d\u00e2y \u0111i\u1ec7n<\/p>\n<p>ch\u00e2n c\u00f3 n\u00fat cao su ch\u1ed1ng tr\u1ea7y, v\u00e0 canh \u0111\u1ed9 nghi\u00eang m\u1eb7t b\u00e0n \u0111\u01b0\u1ee3c.<\/p>\n<\/td>\n<td>\n<p>1200*600*760<\/p>\n<\/p>\n<\/td>\n<td>\u0110en \u0110\u1ecf<\/td>\n<td>Nh\u1eadp Ngo\u1ea1i<\/td>\n<td>\n<p>12 th\u00e1ng k\u1ef9 thu\u1eadt<\/p>\n<\/td>\n<\/tr>\n<\/tbody>\n<\/table>","protected":false},"excerpt":{"rendered":"<p>C\u00f3 m\u00f3c treo tai nghe<br \/>\nkhay \u0111\u1ef1ng n\u01b0\u1edbc<br \/>\n02 l\u1ed7 lu\u1ed3n d\u00e2y \u0111i\u1ec7n<br \/>\nch\u00e2n c\u00f3 n\u00fat cao su ch\u1ed1ng tr\u1ea7y, v\u00e0 canh \u0111\u1ed9 nghi\u00eang m\u1eb7t b\u00e0n \u0111\u01b0\u1ee3c.<\/p>","protected":false},"featured_media":1951,"comment_status":"open","ping_status":"closed","template":"","meta":[],"product_cat":[60,81],"product_tag":[],"yoast_head":"<!-- This site is optimized with the Yoast SEO Premium plugin v21.7 (Yoast SEO v21.7) - https:\/\/yoast.com\/wordpress\/plugins\/seo\/ -->\n<title>B\u00e0n gaming ch\u00e2n ch\u1eef Z v\u00e2n Cacbon cao c\u1ea5p AMA-N6789-11 - AMAFURNI<\/title>\n<meta name=\"robots\" content=\"index, follow, max-snippet:-1, max-image-preview:large, max-video-preview:-1\" \/>\n<link rel=\"canonical\" href=\"https:\/\/amafurni.vn\/en\/product\/ban-gaming-chan-chu-z-van-cacbon-cao-cap-ama-n6789-11\/\" \/>\n<meta property=\"og:locale\" content=\"en_US\" \/>\n<meta property=\"og:type\" content=\"article\" \/>\n<meta property=\"og:title\" content=\"B\u00e0n gaming ch\u00e2n ch\u1eef Z v\u00e2n Cacbon cao c\u1ea5p AMA-N6789-11\" \/>\n<meta property=\"og:description\" content=\"C\u00f3 m\u00f3c treo tai nghe khay \u0111\u1ef1ng n\u01b0\u1edbc 02 l\u1ed7 lu\u1ed3n d\u00e2y \u0111i\u1ec7n ch\u00e2n c\u00f3 n\u00fat cao su ch\u1ed1ng tr\u1ea7y, v\u00e0 canh \u0111\u1ed9 nghi\u00eang m\u1eb7t b\u00e0n \u0111\u01b0\u1ee3c.\" \/>\n<meta property=\"og:url\" content=\"https:\/\/amafurni.vn\/en\/product\/ban-gaming-chan-chu-z-van-cacbon-cao-cap-ama-n6789-11\/\" \/>\n<meta property=\"og:site_name\" content=\"AMAFURNI\" \/>\n<meta property=\"article:modified_time\" content=\"2025-11-12T07:10:11+00:00\" \/>\n<meta property=\"og:image\" content=\"https:\/\/amafurni.vn\/wp-content\/uploads\/2023\/12\/ban-gaming-chan-chu-z-van-cacbon-cao-cap-ama-n6789-11_656fe8331bc99.jpeg\" \/>\n\t<meta property=\"og:image:width\" content=\"800\" \/>\n\t<meta property=\"og:image:height\" content=\"800\" \/>\n\t<meta property=\"og:image:type\" content=\"image\/jpeg\" \/>\n<meta name=\"twitter:card\" content=\"summary_large_image\" \/>\n<script type=\"application\/ld+json\" class=\"yoast-schema-graph\">{\"@context\":\"https:\/\/schema.org\",\"@graph\":[{\"@type\":\"WebPage\",\"@id\":\"https:\/\/amafurni.vn\/san-pham\/ban-gaming-chan-chu-z-van-cacbon-cao-cap-ama-n6789-11\/\",\"url\":\"https:\/\/amafurni.vn\/san-pham\/ban-gaming-chan-chu-z-van-cacbon-cao-cap-ama-n6789-11\/\",\"name\":\"B\u00e0n gaming ch\u00e2n ch\u1eef Z v\u00e2n Cacbon cao c\u1ea5p AMA-N6789-11 - AMAFURNI\",\"isPartOf\":{\"@id\":\"https:\/\/amafurni.vn\/#website\"},\"datePublished\":\"2023-12-06T03:19:14+00:00\",\"dateModified\":\"2025-11-12T07:10:11+00:00\",\"breadcrumb\":{\"@id\":\"https:\/\/amafurni.vn\/san-pham\/ban-gaming-chan-chu-z-van-cacbon-cao-cap-ama-n6789-11\/#breadcrumb\"},\"inLanguage\":\"en-US\",\"potentialAction\":[{\"@type\":\"ReadAction\",\"target\":[\"https:\/\/amafurni.vn\/san-pham\/ban-gaming-chan-chu-z-van-cacbon-cao-cap-ama-n6789-11\/\"]}]},{\"@type\":\"BreadcrumbList\",\"@id\":\"https:\/\/amafurni.vn\/san-pham\/ban-gaming-chan-chu-z-van-cacbon-cao-cap-ama-n6789-11\/#breadcrumb\",\"itemListElement\":[{\"@type\":\"ListItem\",\"position\":1,\"name\":\"Trang ch\u1ee7\",\"item\":\"https:\/\/amafurni.vn\/\"},{\"@type\":\"ListItem\",\"position\":2,\"name\":\"S\u1ea3n ph\u1ea9m\",\"item\":\"https:\/\/amafurni.vn\/san-pham\/\"},{\"@type\":\"ListItem\",\"position\":3,\"name\":\"B\u00e0n gaming ch\u00e2n ch\u1eef Z v\u00e2n Cacbon cao c\u1ea5p AMA-N6789-11\"}]},{\"@type\":\"WebSite\",\"@id\":\"https:\/\/amafurni.vn\/#website\",\"url\":\"https:\/\/amafurni.vn\/\",\"name\":\"AMAFURNI\",\"description\":\"\",\"potentialAction\":[{\"@type\":\"SearchAction\",\"target\":{\"@type\":\"EntryPoint\",\"urlTemplate\":\"https:\/\/amafurni.vn\/?s={search_term_string}\"},\"query-input\":\"required name=search_term_string\"}],\"inLanguage\":\"en-US\"}]}<\/script>\n<!-- \/ Yoast SEO Premium plugin. -->","yoast_head_json":{"title":"B\u00e0n gaming ch\u00e2n ch\u1eef Z v\u00e2n Cacbon cao c\u1ea5p AMA-N6789-11 - AMAFURNI","robots":{"index":"index","follow":"follow","max-snippet":"max-snippet:-1","max-image-preview":"max-image-preview:large","max-video-preview":"max-video-preview:-1"},"canonical":"https:\/\/amafurni.vn\/en\/product\/ban-gaming-chan-chu-z-van-cacbon-cao-cap-ama-n6789-11\/","og_locale":"en_US","og_type":"article","og_title":"B\u00e0n gaming ch\u00e2n ch\u1eef Z v\u00e2n Cacbon cao c\u1ea5p AMA-N6789-11","og_description":"C\u00f3 m\u00f3c treo tai nghe khay \u0111\u1ef1ng n\u01b0\u1edbc 02 l\u1ed7 lu\u1ed3n d\u00e2y \u0111i\u1ec7n ch\u00e2n c\u00f3 n\u00fat cao su ch\u1ed1ng tr\u1ea7y, v\u00e0 canh \u0111\u1ed9 nghi\u00eang m\u1eb7t b\u00e0n \u0111\u01b0\u1ee3c.","og_url":"https:\/\/amafurni.vn\/en\/product\/ban-gaming-chan-chu-z-van-cacbon-cao-cap-ama-n6789-11\/","og_site_name":"AMAFURNI","article_modified_time":"2025-11-12T07:10:11+00:00","og_image":[{"width":800,"height":800,"url":"https:\/\/amafurni.vn\/wp-content\/uploads\/2023\/12\/ban-gaming-chan-chu-z-van-cacbon-cao-cap-ama-n6789-11_656fe8331bc99.jpeg","type":"image\/jpeg"}],"twitter_card":"summary_large_image","schema":{"@context":"https:\/\/schema.org","@graph":[{"@type":"WebPage","@id":"https:\/\/amafurni.vn\/san-pham\/ban-gaming-chan-chu-z-van-cacbon-cao-cap-ama-n6789-11\/","url":"https:\/\/amafurni.vn\/san-pham\/ban-gaming-chan-chu-z-van-cacbon-cao-cap-ama-n6789-11\/","name":"B\u00e0n gaming ch\u00e2n ch\u1eef Z v\u00e2n Cacbon cao c\u1ea5p AMA-N6789-11 - AMAFURNI","isPartOf":{"@id":"https:\/\/amafurni.vn\/#website"},"datePublished":"2023-12-06T03:19:14+00:00","dateModified":"2025-11-12T07:10:11+00:00","breadcrumb":{"@id":"https:\/\/amafurni.vn\/san-pham\/ban-gaming-chan-chu-z-van-cacbon-cao-cap-ama-n6789-11\/#breadcrumb"},"inLanguage":"en-US","potentialAction":[{"@type":"ReadAction","target":["https:\/\/amafurni.vn\/san-pham\/ban-gaming-chan-chu-z-van-cacbon-cao-cap-ama-n6789-11\/"]}]},{"@type":"BreadcrumbList","@id":"https:\/\/amafurni.vn\/san-pham\/ban-gaming-chan-chu-z-van-cacbon-cao-cap-ama-n6789-11\/#breadcrumb","itemListElement":[{"@type":"ListItem","position":1,"name":"Trang ch\u1ee7","item":"https:\/\/amafurni.vn\/"},{"@type":"ListItem","position":2,"name":"S\u1ea3n ph\u1ea9m","item":"https:\/\/amafurni.vn\/san-pham\/"},{"@type":"ListItem","position":3,"name":"B\u00e0n gaming ch\u00e2n ch\u1eef Z v\u00e2n Cacbon cao c\u1ea5p AMA-N6789-11"}]},{"@type":"WebSite","@id":"https:\/\/amafurni.vn\/#website","url":"https:\/\/amafurni.vn\/","name":"AMAFURNI","description":"","potentialAction":[{"@type":"SearchAction","target":{"@type":"EntryPoint","urlTemplate":"https:\/\/amafurni.vn\/?s={search_term_string}"},"query-input":"required name=search_term_string"}],"inLanguage":"en-US"}]}},"_links":{"self":[{"href":"https:\/\/amafurni.vn\/en\/wp-json\/wp\/v2\/product\/1950"}],"collection":[{"href":"https:\/\/amafurni.vn\/en\/wp-json\/wp\/v2\/product"}],"about":[{"href":"https:\/\/amafurni.vn\/en\/wp-json\/wp\/v2\/types\/product"}],"replies":[{"embeddable":true,"href":"https:\/\/amafurni.vn\/en\/wp-json\/wp\/v2\/comments?post=1950"}],"wp:featuredmedia":[{"embeddable":true,"href":"https:\/\/amafurni.vn\/en\/wp-json\/wp\/v2\/media\/1951"}],"wp:attachment":[{"href":"https:\/\/amafurni.vn\/en\/wp-json\/wp\/v2\/media?parent=1950"}],"wp:term":[{"taxonomy":"product_cat","embeddable":true,"href":"https:\/\/amafurni.vn\/en\/wp-json\/wp\/v2\/product_cat?post=1950"},{"taxonomy":"product_tag","embeddable":true,"href":"https:\/\/amafurni.vn\/en\/wp-json\/wp\/v2\/product_tag?post=1950"}],"curies":[{"name":"wp","href":"https:\/\/api.w.org\/{rel}","templated":true}]}}