{"id":1962,"date":"2023-12-06T10:19:58","date_gmt":"2023-12-06T03:19:58","guid":{"rendered":"https:\/\/amafurni.123websitedev.com\/san-pham\/ban-gaming-ban-game-danh-cho-game-thu-mau-hong-ama-n4567-pink\/"},"modified":"2025-11-12T14:10:11","modified_gmt":"2025-11-12T07:10:11","slug":"ban-gaming-ban-game-danh-cho-game-thu-mau-hong-ama-n4567-pink","status":"publish","type":"product","link":"https:\/\/amafurni.vn\/en\/product\/ban-gaming-ban-game-danh-cho-game-thu-mau-hong-ama-n4567-pink\/","title":{"rendered":"B\u00e0n Gaming B\u00e0n Game D\u00e0nh Cho Game Th\u1ee7 M\u00e0u H\u1ed3ng AMA-N4567-PINK"},"content":{"rendered":"<table border=\"1\" height=\"306\" style=\"width: 905px;\">\n<tbody><\/tbody>\n<tbody>\n<tr>\n<td style=\"width: 305px;\"><span style=\"color: #ff0000;\"><strong>Material<\/strong><\/span><\/td>\n<td style=\"width: 180.258px;\"><span style=\"color: #ff0000;\"><strong>T\u00ednh N\u0103ng<\/strong><\/span><\/td>\n<td style=\"width: 125.742px;\"><span style=\"color: #ff0000;\"><strong>Size<\/strong><\/span><\/td>\n<td style=\"width: 61px;\"><span style=\"color: #ff0000;\"><strong>M\u00e0u S\u1eafc<\/strong><\/span><\/td>\n<td style=\"width: 75px;\"><span style=\"color: #ff0000;\"><strong>Xu\u1ea5t X\u1ee9<\/strong><\/span><\/td>\n<td style=\"width: 114px;\"><span style=\"color: #ff0000;\"><strong>B\u1ea3o h\u00e0nh<\/strong><\/span><\/td>\n<\/tr>\n<tr>\n<td style=\"width: 305px;\">\n<p>Ch\u1ea5t li\u1ec7u: Khung full th\u00e9p carbon cao c\u1ea5p si\u00eau c\u1ee9ng v\u00e0 ch\u1eafc ch\u1eafn.<br \/>M\u1eb7t b\u00e0n g\u1ed7 \u00e9p: Ph\u1ee7 l\u1edbp carbon ch\u1ed1ng x\u01b0\u1edbc v\u00e0 t\u0103ng t\u00ednh th\u1ea9m m\u1ef9.<\/p>\n<\/td>\n<td style=\"width: 180.258px;\">\n<p>Ng\u1ed3i c\u1ed1 \u0111\u1ecbnh<\/p>\n<p>C\u00f3 m\u00f3c theo \u0111\u1ed3<\/p>\n<\/td>\n<td style=\"width: 125.742px;\">\n<p>1200*600*760<\/p>\n<p>1000*600*760<\/p>\n<\/td>\n<td style=\"width: 61px;\">H\u1ed2NG<\/td>\n<td style=\"width: 75px;\">Nh\u1eadp Ngo\u1ea1i<\/td>\n<td style=\"width: 114px;\">\n<p>12 th\u00e1ng k\u1ef9 thu\u1eadt<\/p>\n<\/td>\n<\/tr>\n<\/tbody>\n<\/table>","protected":false},"excerpt":{"rendered":"<p>Ch\u1ea5t li\u1ec7u: Khung full th\u00e9p carbon cao c\u1ea5p si\u00eau c\u1ee9ng v\u00e0 ch\u1eafc ch\u1eafn.<br \/>\nM\u1eb7t b\u00e0n g\u1ed7 \u00e9p: Ph\u1ee7 l\u1edbp carbon ch\u1ed1ng x\u01b0\u1edbc v\u00e0 t\u0103ng t\u00ednh th\u1ea9m m\u1ef9.<\/p>","protected":false},"featured_media":1963,"comment_status":"open","ping_status":"closed","template":"","meta":[],"product_cat":[60,81],"product_tag":[],"yoast_head":"<!-- This site is optimized with the Yoast SEO Premium plugin v21.7 (Yoast SEO v21.7) - https:\/\/yoast.com\/wordpress\/plugins\/seo\/ -->\n<title>B\u00e0n Gaming B\u00e0n Game D\u00e0nh Cho Game Th\u1ee7 M\u00e0u H\u1ed3ng AMA-N4567-PINK - AMAFURNI<\/title>\n<meta name=\"robots\" content=\"index, follow, max-snippet:-1, max-image-preview:large, max-video-preview:-1\" \/>\n<link rel=\"canonical\" href=\"https:\/\/amafurni.vn\/en\/product\/ban-gaming-ban-game-danh-cho-game-thu-mau-hong-ama-n4567-pink\/\" \/>\n<meta property=\"og:locale\" content=\"en_US\" \/>\n<meta property=\"og:type\" content=\"article\" \/>\n<meta property=\"og:title\" content=\"B\u00e0n Gaming B\u00e0n Game D\u00e0nh Cho Game Th\u1ee7 M\u00e0u H\u1ed3ng AMA-N4567-PINK\" \/>\n<meta property=\"og:description\" content=\"Ch\u1ea5t li\u1ec7u: Khung full th\u00e9p carbon cao c\u1ea5p si\u00eau c\u1ee9ng v\u00e0 ch\u1eafc ch\u1eafn. M\u1eb7t b\u00e0n g\u1ed7 \u00e9p: Ph\u1ee7 l\u1edbp carbon ch\u1ed1ng x\u01b0\u1edbc v\u00e0 t\u0103ng t\u00ednh th\u1ea9m m\u1ef9.\" \/>\n<meta property=\"og:url\" content=\"https:\/\/amafurni.vn\/en\/product\/ban-gaming-ban-game-danh-cho-game-thu-mau-hong-ama-n4567-pink\/\" \/>\n<meta property=\"og:site_name\" content=\"AMAFURNI\" \/>\n<meta property=\"article:modified_time\" content=\"2025-11-12T07:10:11+00:00\" \/>\n<meta property=\"og:image\" content=\"https:\/\/amafurni.vn\/wp-content\/uploads\/2023\/12\/ban-gaming-ban-game-danh-cho-game-thu-mau-hong-ama-n4567-pink_656fe85e4fb9a.png\" \/>\n\t<meta property=\"og:image:width\" content=\"800\" \/>\n\t<meta property=\"og:image:height\" content=\"800\" \/>\n\t<meta property=\"og:image:type\" content=\"image\/png\" \/>\n<meta name=\"twitter:card\" content=\"summary_large_image\" \/>\n<script type=\"application\/ld+json\" class=\"yoast-schema-graph\">{\"@context\":\"https:\/\/schema.org\",\"@graph\":[{\"@type\":\"WebPage\",\"@id\":\"https:\/\/amafurni.vn\/san-pham\/ban-gaming-ban-game-danh-cho-game-thu-mau-hong-ama-n4567-pink\/\",\"url\":\"https:\/\/amafurni.vn\/san-pham\/ban-gaming-ban-game-danh-cho-game-thu-mau-hong-ama-n4567-pink\/\",\"name\":\"B\u00e0n Gaming B\u00e0n Game D\u00e0nh Cho Game Th\u1ee7 M\u00e0u H\u1ed3ng AMA-N4567-PINK - AMAFURNI\",\"isPartOf\":{\"@id\":\"https:\/\/amafurni.vn\/#website\"},\"datePublished\":\"2023-12-06T03:19:58+00:00\",\"dateModified\":\"2025-11-12T07:10:11+00:00\",\"breadcrumb\":{\"@id\":\"https:\/\/amafurni.vn\/san-pham\/ban-gaming-ban-game-danh-cho-game-thu-mau-hong-ama-n4567-pink\/#breadcrumb\"},\"inLanguage\":\"en-US\",\"potentialAction\":[{\"@type\":\"ReadAction\",\"target\":[\"https:\/\/amafurni.vn\/san-pham\/ban-gaming-ban-game-danh-cho-game-thu-mau-hong-ama-n4567-pink\/\"]}]},{\"@type\":\"BreadcrumbList\",\"@id\":\"https:\/\/amafurni.vn\/san-pham\/ban-gaming-ban-game-danh-cho-game-thu-mau-hong-ama-n4567-pink\/#breadcrumb\",\"itemListElement\":[{\"@type\":\"ListItem\",\"position\":1,\"name\":\"Trang ch\u1ee7\",\"item\":\"https:\/\/amafurni.vn\/\"},{\"@type\":\"ListItem\",\"position\":2,\"name\":\"S\u1ea3n ph\u1ea9m\",\"item\":\"https:\/\/amafurni.vn\/san-pham\/\"},{\"@type\":\"ListItem\",\"position\":3,\"name\":\"B\u00e0n Gaming B\u00e0n Game D\u00e0nh Cho Game Th\u1ee7 M\u00e0u H\u1ed3ng AMA-N4567-PINK\"}]},{\"@type\":\"WebSite\",\"@id\":\"https:\/\/amafurni.vn\/#website\",\"url\":\"https:\/\/amafurni.vn\/\",\"name\":\"AMAFURNI\",\"description\":\"\",\"potentialAction\":[{\"@type\":\"SearchAction\",\"target\":{\"@type\":\"EntryPoint\",\"urlTemplate\":\"https:\/\/amafurni.vn\/?s={search_term_string}\"},\"query-input\":\"required name=search_term_string\"}],\"inLanguage\":\"en-US\"}]}<\/script>\n<!-- \/ Yoast SEO Premium plugin. -->","yoast_head_json":{"title":"B\u00e0n Gaming B\u00e0n Game D\u00e0nh Cho Game Th\u1ee7 M\u00e0u H\u1ed3ng AMA-N4567-PINK - AMAFURNI","robots":{"index":"index","follow":"follow","max-snippet":"max-snippet:-1","max-image-preview":"max-image-preview:large","max-video-preview":"max-video-preview:-1"},"canonical":"https:\/\/amafurni.vn\/en\/product\/ban-gaming-ban-game-danh-cho-game-thu-mau-hong-ama-n4567-pink\/","og_locale":"en_US","og_type":"article","og_title":"B\u00e0n Gaming B\u00e0n Game D\u00e0nh Cho Game Th\u1ee7 M\u00e0u H\u1ed3ng AMA-N4567-PINK","og_description":"Ch\u1ea5t li\u1ec7u: Khung full th\u00e9p carbon cao c\u1ea5p si\u00eau c\u1ee9ng v\u00e0 ch\u1eafc ch\u1eafn. M\u1eb7t b\u00e0n g\u1ed7 \u00e9p: Ph\u1ee7 l\u1edbp carbon ch\u1ed1ng x\u01b0\u1edbc v\u00e0 t\u0103ng t\u00ednh th\u1ea9m m\u1ef9.","og_url":"https:\/\/amafurni.vn\/en\/product\/ban-gaming-ban-game-danh-cho-game-thu-mau-hong-ama-n4567-pink\/","og_site_name":"AMAFURNI","article_modified_time":"2025-11-12T07:10:11+00:00","og_image":[{"width":800,"height":800,"url":"https:\/\/amafurni.vn\/wp-content\/uploads\/2023\/12\/ban-gaming-ban-game-danh-cho-game-thu-mau-hong-ama-n4567-pink_656fe85e4fb9a.png","type":"image\/png"}],"twitter_card":"summary_large_image","schema":{"@context":"https:\/\/schema.org","@graph":[{"@type":"WebPage","@id":"https:\/\/amafurni.vn\/san-pham\/ban-gaming-ban-game-danh-cho-game-thu-mau-hong-ama-n4567-pink\/","url":"https:\/\/amafurni.vn\/san-pham\/ban-gaming-ban-game-danh-cho-game-thu-mau-hong-ama-n4567-pink\/","name":"B\u00e0n Gaming B\u00e0n Game D\u00e0nh Cho Game Th\u1ee7 M\u00e0u H\u1ed3ng AMA-N4567-PINK - AMAFURNI","isPartOf":{"@id":"https:\/\/amafurni.vn\/#website"},"datePublished":"2023-12-06T03:19:58+00:00","dateModified":"2025-11-12T07:10:11+00:00","breadcrumb":{"@id":"https:\/\/amafurni.vn\/san-pham\/ban-gaming-ban-game-danh-cho-game-thu-mau-hong-ama-n4567-pink\/#breadcrumb"},"inLanguage":"en-US","potentialAction":[{"@type":"ReadAction","target":["https:\/\/amafurni.vn\/san-pham\/ban-gaming-ban-game-danh-cho-game-thu-mau-hong-ama-n4567-pink\/"]}]},{"@type":"BreadcrumbList","@id":"https:\/\/amafurni.vn\/san-pham\/ban-gaming-ban-game-danh-cho-game-thu-mau-hong-ama-n4567-pink\/#breadcrumb","itemListElement":[{"@type":"ListItem","position":1,"name":"Trang ch\u1ee7","item":"https:\/\/amafurni.vn\/"},{"@type":"ListItem","position":2,"name":"S\u1ea3n ph\u1ea9m","item":"https:\/\/amafurni.vn\/san-pham\/"},{"@type":"ListItem","position":3,"name":"B\u00e0n Gaming B\u00e0n Game D\u00e0nh Cho Game Th\u1ee7 M\u00e0u H\u1ed3ng AMA-N4567-PINK"}]},{"@type":"WebSite","@id":"https:\/\/amafurni.vn\/#website","url":"https:\/\/amafurni.vn\/","name":"AMAFURNI","description":"","potentialAction":[{"@type":"SearchAction","target":{"@type":"EntryPoint","urlTemplate":"https:\/\/amafurni.vn\/?s={search_term_string}"},"query-input":"required name=search_term_string"}],"inLanguage":"en-US"}]}},"_links":{"self":[{"href":"https:\/\/amafurni.vn\/en\/wp-json\/wp\/v2\/product\/1962"}],"collection":[{"href":"https:\/\/amafurni.vn\/en\/wp-json\/wp\/v2\/product"}],"about":[{"href":"https:\/\/amafurni.vn\/en\/wp-json\/wp\/v2\/types\/product"}],"replies":[{"embeddable":true,"href":"https:\/\/amafurni.vn\/en\/wp-json\/wp\/v2\/comments?post=1962"}],"wp:featuredmedia":[{"embeddable":true,"href":"https:\/\/amafurni.vn\/en\/wp-json\/wp\/v2\/media\/1963"}],"wp:attachment":[{"href":"https:\/\/amafurni.vn\/en\/wp-json\/wp\/v2\/media?parent=1962"}],"wp:term":[{"taxonomy":"product_cat","embeddable":true,"href":"https:\/\/amafurni.vn\/en\/wp-json\/wp\/v2\/product_cat?post=1962"},{"taxonomy":"product_tag","embeddable":true,"href":"https:\/\/amafurni.vn\/en\/wp-json\/wp\/v2\/product_tag?post=1962"}],"curies":[{"name":"wp","href":"https:\/\/api.w.org\/{rel}","templated":true}]}}