{"id":1969,"date":"2023-12-06T10:20:26","date_gmt":"2023-12-06T03:20:26","guid":{"rendered":"https:\/\/amafurni.123websitedev.com\/san-pham\/warrior-gaming-table-paladin-series-wgt604-den-hoac-trang-ban-nang-ha-bang-dien\/"},"modified":"2025-11-12T14:10:11","modified_gmt":"2025-11-12T07:10:11","slug":"warrior-gaming-table-paladin-series-wgt604-den-hoac-trang-ban-nang-ha-bang-dien","status":"publish","type":"product","link":"https:\/\/amafurni.vn\/en\/product\/warrior-gaming-table-paladin-series-wgt604-den-hoac-trang-ban-nang-ha-bang-dien\/","title":{"rendered":"B\u00e0n n\u00e2ng h\u1ea1 AMA-WGT604"},"content":{"rendered":"<p><strong>B\u00e0n n\u00e2ng h\u1ea1 AMA-WGT604<\/strong><\/p>\n<table class=\"woocommerce-product-attributes shop_attributes\" style=\"width: 99.7117%;height: 249px\" width=\"929\">\n<tbody>\n<tr class=\"woocommerce-product-attributes-item woocommerce-product-attributes-item--attribute_season\" style=\"height: 52px\">\n<th class=\"woocommerce-product-attributes-item__label\" style=\"height: 52px;width: 23.1351%\">Material<\/th>\n<td class=\"woocommerce-product-attributes-item__value\" style=\"height: 52px;width: 74.9189%\">\n<div dir=\"ltr\">\n<div class=\"input-box\">\n<div id=\"waffle-rich-text-editor\" class=\"cell-input editable\" dir=\"ltr\" role=\"combobox\" aria-label=\"C38\">\n<p>M\u1eb7t b\u00e0n m\u1ed9t m\u1ea3nh, l\u00e0m b\u1eb1ng s\u1ee3i carbon P2PB d\u00e0y 16mm. Ch\u00e2n h\u1ee3p kim nh\u00f4m, h\u00ecnh ch\u1eef T.<\/p>\n<\/div>\n<\/div>\n<\/div>\n<\/td>\n<\/tr>\n<tr class=\"woocommerce-product-attributes-item woocommerce-product-attributes-item--attribute_pa_color\" style=\"height: 48px\">\n<th class=\"woocommerce-product-attributes-item__label\" style=\"height: 48px;width: 23.1351%\">M\u00e0u S\u1eafc<\/th>\n<td class=\"woocommerce-product-attributes-item__value\" style=\"height: 48px;width: 74.9189%\">\u0110en, tr\u1eafng<\/td>\n<\/tr>\n<tr class=\"woocommerce-product-attributes-item woocommerce-product-attributes-item--attribute_style\" style=\"height: 50px\">\n<th class=\"woocommerce-product-attributes-item__label\" style=\"height: 50px;width: 23.1351%\">Size<\/th>\n<td class=\"woocommerce-product-attributes-item__value\" style=\"width: 74.9189%;height: 50px\">D\u00e0i 1400mm x R\u1ed9ng 600mm x Cao 710mm \u2013 1190mm<\/td>\n<\/tr>\n<tr class=\"woocommerce-product-attributes-item woocommerce-product-attributes-item--attribute_pa_material\" style=\"height: 53px\">\n<th class=\"woocommerce-product-attributes-item__label\" style=\"height: 53px;width: 23.1351%\">T\u00ednh n\u0103ng<\/th>\n<td class=\"woocommerce-product-attributes-item__value\" style=\"height: 53px;width: 74.9189%\">\u0110i\u1ec1u ch\u1ec9nh \u0111\u1ed9 cao b\u1eb1ng \u0111i\u1ec7n (71cm \u2013 119cm).<\/td>\n<\/tr>\n<tr class=\"woocommerce-product-attributes-item woocommerce-product-attributes-item--attribute_item-code\" style=\"height: 46px\">\n<th class=\"woocommerce-product-attributes-item__label\" style=\"height: 46px;width: 23.1351%\">B\u1ea3o H\u00e0nh<\/th>\n<td class=\"woocommerce-product-attributes-item__value\" style=\"height: 46px;width: 74.9189%\">12 th\u00e1ng<\/td>\n<\/tr>\n<\/tbody>\n<\/table>","protected":false},"excerpt":{"rendered":"<p><strong>B\u00e0n n\u00e2ng h\u1ea1 <\/strong>l\u00e0 1 m\u1eabu b\u00e0n nh\u1eadp kh\u1ea9u tr\u1ef1c ti\u1ebfp c\u1ee7a <strong>N\u1ed8I TH\u1ea4T AMA FURNITURE<\/strong>\u00a0, v\u1edbi thi\u1ebft k\u1ebf tinh t\u1ebf , t\u1ed1i gian t\u1ea1o n\u00ean v\u1ebb \u0111\u1eb9p sang tr\u1ecdng cho kh\u00f4ng gian L\u00e0m vi\u1ec7c, V\u0103n ph\u00f2ng, C\u00f4ng ty v.v.<\/p>\n<p>T\u00ednh n\u0103ng :<\/p>\n<ul>\n<li>Ch\u1ea5t l\u01b0\u1ee3ng b\u1ec1n ch\u1eafc, s\u1eed d\u1ee5ng l\u00e2u d\u00e0i<\/li>\n<li>D\u1ec5 d\u00e0ng lau ch\u00f9i, v\u1ec7 sinh<\/li>\n<li>Ch\u1ed1ng va \u0111\u1eadp t\u1ed1t, m\u00e0u s\u1eafc s\u1ed1ng \u0111\u1ed9ng<\/li>\n<li>M\u1eb7t gh\u1ebf thi\u1ebft k\u1ebf tinh t\u1ebf d\u1ec5 ng\u1ed3i<\/li>\n<\/ul>","protected":false},"featured_media":22651,"comment_status":"open","ping_status":"closed","template":"","meta":[],"product_cat":[60,81,59,654],"product_tag":[153,726],"yoast_head":"<!-- This site is optimized with the Yoast SEO Premium plugin v21.7 (Yoast SEO v21.7) - https:\/\/yoast.com\/wordpress\/plugins\/seo\/ -->\n<title>B\u00e0n n\u00e2ng h\u1ea1 AMA-WGT604 - AMAFURNI<\/title>\n<meta name=\"description\" content=\"B\u00e0n n\u00e2ng h\u1ea1 \u0111a n\u0103ng, linh ho\u1ea1t \u0111i\u1ec1u ch\u1ec9nh chi\u1ec1u cao, mang l\u1ea1i ti\u1ec7n l\u1ee3i v\u00e0 tho\u1ea3i m\u00e1i, t\u1ed1i \u01b0u. Hotline AMA Furniture: 0969919449 - 0906963408 AMA Furniture\" \/>\n<meta name=\"robots\" content=\"index, follow, max-snippet:-1, max-image-preview:large, max-video-preview:-1\" \/>\n<link rel=\"canonical\" href=\"https:\/\/amafurni.vn\/en\/product\/warrior-gaming-table-paladin-series-wgt604-den-hoac-trang-ban-nang-ha-bang-dien\/\" \/>\n<meta property=\"og:locale\" content=\"en_US\" \/>\n<meta property=\"og:type\" content=\"article\" \/>\n<meta property=\"og:title\" content=\"B\u00e0n n\u00e2ng h\u1ea1 AMA-WGT604\" \/>\n<meta property=\"og:description\" content=\"B\u00e0n n\u00e2ng h\u1ea1 \u0111a n\u0103ng, linh ho\u1ea1t \u0111i\u1ec1u ch\u1ec9nh chi\u1ec1u cao, mang l\u1ea1i ti\u1ec7n l\u1ee3i v\u00e0 tho\u1ea3i m\u00e1i, t\u1ed1i \u01b0u. Hotline AMA Furniture: 0969919449 - 0906963408 AMA Furniture\" \/>\n<meta property=\"og:url\" content=\"https:\/\/amafurni.vn\/en\/product\/warrior-gaming-table-paladin-series-wgt604-den-hoac-trang-ban-nang-ha-bang-dien\/\" \/>\n<meta property=\"og:site_name\" content=\"AMAFURNI\" \/>\n<meta property=\"article:modified_time\" content=\"2025-11-12T07:10:11+00:00\" \/>\n<meta property=\"og:image\" content=\"https:\/\/amafurni.vn\/wp-content\/uploads\/2023\/12\/AMA-WGT604.jpeg\" \/>\n\t<meta property=\"og:image:width\" content=\"768\" \/>\n\t<meta property=\"og:image:height\" content=\"768\" \/>\n\t<meta property=\"og:image:type\" content=\"image\/jpeg\" \/>\n<meta name=\"twitter:card\" content=\"summary_large_image\" \/>\n<meta name=\"twitter:label1\" content=\"Est. reading time\" \/>\n\t<meta name=\"twitter:data1\" content=\"1 minute\" \/>\n<script type=\"application\/ld+json\" class=\"yoast-schema-graph\">{\"@context\":\"https:\/\/schema.org\",\"@graph\":[{\"@type\":\"WebPage\",\"@id\":\"https:\/\/amafurni.vn\/san-pham\/warrior-gaming-table-paladin-series-wgt604-den-hoac-trang-ban-nang-ha-bang-dien\/\",\"url\":\"https:\/\/amafurni.vn\/san-pham\/warrior-gaming-table-paladin-series-wgt604-den-hoac-trang-ban-nang-ha-bang-dien\/\",\"name\":\"B\u00e0n n\u00e2ng h\u1ea1 AMA-WGT604 - AMAFURNI\",\"isPartOf\":{\"@id\":\"https:\/\/amafurni.vn\/#website\"},\"datePublished\":\"2023-12-06T03:20:26+00:00\",\"dateModified\":\"2025-11-12T07:10:11+00:00\",\"description\":\"B\u00e0n n\u00e2ng h\u1ea1 \u0111a n\u0103ng, linh ho\u1ea1t \u0111i\u1ec1u ch\u1ec9nh chi\u1ec1u cao, mang l\u1ea1i ti\u1ec7n l\u1ee3i v\u00e0 tho\u1ea3i m\u00e1i, t\u1ed1i \u01b0u. Hotline AMA Furniture: 0969919449 - 0906963408 AMA Furniture\",\"breadcrumb\":{\"@id\":\"https:\/\/amafurni.vn\/san-pham\/warrior-gaming-table-paladin-series-wgt604-den-hoac-trang-ban-nang-ha-bang-dien\/#breadcrumb\"},\"inLanguage\":\"en-US\",\"potentialAction\":[{\"@type\":\"ReadAction\",\"target\":[\"https:\/\/amafurni.vn\/san-pham\/warrior-gaming-table-paladin-series-wgt604-den-hoac-trang-ban-nang-ha-bang-dien\/\"]}]},{\"@type\":\"BreadcrumbList\",\"@id\":\"https:\/\/amafurni.vn\/san-pham\/warrior-gaming-table-paladin-series-wgt604-den-hoac-trang-ban-nang-ha-bang-dien\/#breadcrumb\",\"itemListElement\":[{\"@type\":\"ListItem\",\"position\":1,\"name\":\"Trang ch\u1ee7\",\"item\":\"https:\/\/amafurni.vn\/\"},{\"@type\":\"ListItem\",\"position\":2,\"name\":\"S\u1ea3n ph\u1ea9m\",\"item\":\"https:\/\/amafurni.vn\/san-pham\/\"},{\"@type\":\"ListItem\",\"position\":3,\"name\":\"B\u00e0n n\u00e2ng h\u1ea1 AMA-WGT604\"}]},{\"@type\":\"WebSite\",\"@id\":\"https:\/\/amafurni.vn\/#website\",\"url\":\"https:\/\/amafurni.vn\/\",\"name\":\"AMAFURNI\",\"description\":\"\",\"potentialAction\":[{\"@type\":\"SearchAction\",\"target\":{\"@type\":\"EntryPoint\",\"urlTemplate\":\"https:\/\/amafurni.vn\/?s={search_term_string}\"},\"query-input\":\"required name=search_term_string\"}],\"inLanguage\":\"en-US\"}]}<\/script>\n<!-- \/ Yoast SEO Premium plugin. -->","yoast_head_json":{"title":"B\u00e0n n\u00e2ng h\u1ea1 AMA-WGT604 - AMAFURNI","description":"B\u00e0n n\u00e2ng h\u1ea1 \u0111a n\u0103ng, linh ho\u1ea1t \u0111i\u1ec1u ch\u1ec9nh chi\u1ec1u cao, mang l\u1ea1i ti\u1ec7n l\u1ee3i v\u00e0 tho\u1ea3i m\u00e1i, t\u1ed1i \u01b0u. Hotline AMA Furniture: 0969919449 - 0906963408 AMA Furniture","robots":{"index":"index","follow":"follow","max-snippet":"max-snippet:-1","max-image-preview":"max-image-preview:large","max-video-preview":"max-video-preview:-1"},"canonical":"https:\/\/amafurni.vn\/en\/product\/warrior-gaming-table-paladin-series-wgt604-den-hoac-trang-ban-nang-ha-bang-dien\/","og_locale":"en_US","og_type":"article","og_title":"B\u00e0n n\u00e2ng h\u1ea1 AMA-WGT604","og_description":"B\u00e0n n\u00e2ng h\u1ea1 \u0111a n\u0103ng, linh ho\u1ea1t \u0111i\u1ec1u ch\u1ec9nh chi\u1ec1u cao, mang l\u1ea1i ti\u1ec7n l\u1ee3i v\u00e0 tho\u1ea3i m\u00e1i, t\u1ed1i \u01b0u. Hotline AMA Furniture: 0969919449 - 0906963408 AMA Furniture","og_url":"https:\/\/amafurni.vn\/en\/product\/warrior-gaming-table-paladin-series-wgt604-den-hoac-trang-ban-nang-ha-bang-dien\/","og_site_name":"AMAFURNI","article_modified_time":"2025-11-12T07:10:11+00:00","og_image":[{"width":768,"height":768,"url":"https:\/\/amafurni.vn\/wp-content\/uploads\/2023\/12\/AMA-WGT604.jpeg","type":"image\/jpeg"}],"twitter_card":"summary_large_image","twitter_misc":{"Est. reading time":"1 minute"},"schema":{"@context":"https:\/\/schema.org","@graph":[{"@type":"WebPage","@id":"https:\/\/amafurni.vn\/san-pham\/warrior-gaming-table-paladin-series-wgt604-den-hoac-trang-ban-nang-ha-bang-dien\/","url":"https:\/\/amafurni.vn\/san-pham\/warrior-gaming-table-paladin-series-wgt604-den-hoac-trang-ban-nang-ha-bang-dien\/","name":"B\u00e0n n\u00e2ng h\u1ea1 AMA-WGT604 - AMAFURNI","isPartOf":{"@id":"https:\/\/amafurni.vn\/#website"},"datePublished":"2023-12-06T03:20:26+00:00","dateModified":"2025-11-12T07:10:11+00:00","description":"B\u00e0n n\u00e2ng h\u1ea1 \u0111a n\u0103ng, linh ho\u1ea1t \u0111i\u1ec1u ch\u1ec9nh chi\u1ec1u cao, mang l\u1ea1i ti\u1ec7n l\u1ee3i v\u00e0 tho\u1ea3i m\u00e1i, t\u1ed1i \u01b0u. Hotline AMA Furniture: 0969919449 - 0906963408 AMA Furniture","breadcrumb":{"@id":"https:\/\/amafurni.vn\/san-pham\/warrior-gaming-table-paladin-series-wgt604-den-hoac-trang-ban-nang-ha-bang-dien\/#breadcrumb"},"inLanguage":"en-US","potentialAction":[{"@type":"ReadAction","target":["https:\/\/amafurni.vn\/san-pham\/warrior-gaming-table-paladin-series-wgt604-den-hoac-trang-ban-nang-ha-bang-dien\/"]}]},{"@type":"BreadcrumbList","@id":"https:\/\/amafurni.vn\/san-pham\/warrior-gaming-table-paladin-series-wgt604-den-hoac-trang-ban-nang-ha-bang-dien\/#breadcrumb","itemListElement":[{"@type":"ListItem","position":1,"name":"Trang ch\u1ee7","item":"https:\/\/amafurni.vn\/"},{"@type":"ListItem","position":2,"name":"S\u1ea3n ph\u1ea9m","item":"https:\/\/amafurni.vn\/san-pham\/"},{"@type":"ListItem","position":3,"name":"B\u00e0n n\u00e2ng h\u1ea1 AMA-WGT604"}]},{"@type":"WebSite","@id":"https:\/\/amafurni.vn\/#website","url":"https:\/\/amafurni.vn\/","name":"AMAFURNI","description":"","potentialAction":[{"@type":"SearchAction","target":{"@type":"EntryPoint","urlTemplate":"https:\/\/amafurni.vn\/?s={search_term_string}"},"query-input":"required name=search_term_string"}],"inLanguage":"en-US"}]}},"_links":{"self":[{"href":"https:\/\/amafurni.vn\/en\/wp-json\/wp\/v2\/product\/1969"}],"collection":[{"href":"https:\/\/amafurni.vn\/en\/wp-json\/wp\/v2\/product"}],"about":[{"href":"https:\/\/amafurni.vn\/en\/wp-json\/wp\/v2\/types\/product"}],"replies":[{"embeddable":true,"href":"https:\/\/amafurni.vn\/en\/wp-json\/wp\/v2\/comments?post=1969"}],"wp:featuredmedia":[{"embeddable":true,"href":"https:\/\/amafurni.vn\/en\/wp-json\/wp\/v2\/media\/22651"}],"wp:attachment":[{"href":"https:\/\/amafurni.vn\/en\/wp-json\/wp\/v2\/media?parent=1969"}],"wp:term":[{"taxonomy":"product_cat","embeddable":true,"href":"https:\/\/amafurni.vn\/en\/wp-json\/wp\/v2\/product_cat?post=1969"},{"taxonomy":"product_tag","embeddable":true,"href":"https:\/\/amafurni.vn\/en\/wp-json\/wp\/v2\/product_tag?post=1969"}],"curies":[{"name":"wp","href":"https:\/\/api.w.org\/{rel}","templated":true}]}}