{"id":1980,"date":"2023-12-07T13:37:05","date_gmt":"2023-12-07T06:37:05","guid":{"rendered":"https:\/\/amafurni.123websitedev.com\/san-pham\/ghe-cafe-ban-an-thoi-trang-ama-jc-375\/"},"modified":"2025-11-12T14:10:12","modified_gmt":"2025-11-12T07:10:12","slug":"ghe-cafe-ban-an-thoi-trang-ama-jc-375","status":"publish","type":"product","link":"https:\/\/amafurni.vn\/en\/product\/ghe-cafe-ban-an-thoi-trang-ama-jc-375\/","title":{"rendered":"GH\u1ebe CAFE, B\u00c0N \u0102N TH\u1edcI TRANG AMA-JC-375"},"content":{"rendered":"<table border=\"1\" height=\"249\" style=\"width: 773px;\">\n<tbody><\/tbody>\n<tbody>\n<tr>\n<td style=\"width: 70px;\"><span><strong>Material<\/strong><\/span><\/td>\n<td style=\"width: 128px;\">\n<p><span><strong>Size<\/strong><\/span><\/p>\n<p><span><strong>(D\u00e0i*R\u1ed9ng*cao)<\/strong><\/span><\/p>\n<\/td>\n<td style=\"width: 320px;\"><span><strong><span color=\"#ff0000\" face=\"times new roman, times, serif\">\u0110\u1eb7c \u0110i\u1ec3m<\/span><\/strong><\/span><\/td>\n<td style=\"width: 70.475px;\"><span><strong>M\u00e0u S\u1eafc<\/strong><\/span><\/td>\n<td style=\"width: 98.525px;\"><span><strong>Xu\u1ea5t X\u1ee9<\/strong><\/span><\/td>\n<td style=\"width: 48px;\"><span><strong>B\u1ea3o h\u00e0nh<\/strong><\/span><\/td>\n<\/tr>\n<tr>\n<td style=\"width: 70px;\">\n<p><span>V\u1ea3i Da L\u1ed9n , Ch\u00e2n S\u1eaft S\u01a1n T\u0129nh \u0110i\u1ec7n<\/span><\/p>\n<\/td>\n<td style=\"width: 128px;\">\n<p><span>40x45x82\/SH46<\/span><\/p>\n<\/td>\n<td style=\"width: 320px;\">\n<p><span>V\u1edbi thi\u1ebft k\u1ebf tinh t\u1ebf , ch\u00e2n gh\u1ebf \u0111\u01b0\u1ee3c l\u00e0m b\u1eb1ng ch\u1ea5t li\u1ec7u s\u1eaft s\u01a1n t\u0129nh \u0111i\u1ec7n t\u1ea1o s\u1ef1 ch\u1eafc ch\u1eafn khi ng\u1ed3i , ph\u1ea7n th\u00e2n gh\u1ebf \u0111\u01b0\u1ee3c l\u00e0m b\u1eb1ng khung s\u1eaft ch\u1eafc ch\u1eafn , c\u00f3 l\u00f3t m\u00fat cao c\u1ea5p t\u1ea1o s\u1ef1 \u00eam \u00e1i , ph\u1ea3i \u0111\u01b0\u1ee3c b\u1ecdc v\u1edbi ch\u1ea5t li\u1ec7u v\u1ea3i da l\u1ed9n cao c\u1ea5p , \u0111\u01b0a l\u00ean v\u1ebb ho\u00e0n h\u1ea3o c\u1ee7a\u00a0<\/span><strong>Gh\u1ebf\u00a0<\/strong><span>th\u00eam 1 t\u1ea7m cao m\u1edbi .<\/span><br \/><span><\/span><\/p>\n<\/td>\n<td style=\"width: 70.475px;\"><span>Brown<\/span><\/td>\n<td style=\"width: 98.525px;\"><span>H\u00e0ng nh\u1eadp ngo\u1ea1i<\/span><\/td>\n<td style=\"width: 48px;\">\n<p><span>12 Th\u00e1ng<\/span><\/p>\n<\/td>\n<\/tr>\n<\/tbody>\n<\/table>","protected":false},"excerpt":{"rendered":"<p>V\u1edbi thi\u1ebft k\u1ebf tinh t\u1ebf , ch\u00e2n gh\u1ebf \u0111\u01b0\u1ee3c l\u00e0m b\u1eb1ng ch\u1ea5t li\u1ec7u s\u1eaft s\u01a1n t\u0129nh \u0111i\u1ec7n t\u1ea1o s\u1ef1 ch\u1eafc ch\u1eafn khi ng\u1ed3i , ph\u1ea7n th\u00e2n gh\u1ebf \u0111\u01b0\u1ee3c l\u00e0m b\u1eb1ng khung s\u1eaft ch\u1eafc ch\u1eafn , c\u00f3 l\u00f3t m\u00fat cao c\u1ea5p t\u1ea1o s\u1ef1 \u00eam \u00e1i , ph\u1ea3i \u0111\u01b0\u1ee3c b\u1ecdc v\u1edbi ch\u1ea5t li\u1ec7u v\u1ea3i da l\u1ed9n cao c\u1ea5p , \u0111\u01b0a l\u00ean v\u1ebb ho\u00e0n h\u1ea3o c\u1ee7a\u00a0Gh\u1ebf\u00a0th\u00eam 1 t\u1ea7m cao m\u1edbi .<\/p>","protected":false},"featured_media":1981,"comment_status":"open","ping_status":"closed","template":"","meta":[],"product_cat":[62,98],"product_tag":[],"yoast_head":"<!-- This site is optimized with the Yoast SEO Premium plugin v21.7 (Yoast SEO v21.7) - https:\/\/yoast.com\/wordpress\/plugins\/seo\/ -->\n<title>GH\u1ebe CAFE, B\u00c0N \u0102N TH\u1edcI TRANG AMA-JC-375 - AMAFURNI<\/title>\n<meta name=\"robots\" content=\"index, follow, max-snippet:-1, max-image-preview:large, max-video-preview:-1\" \/>\n<link rel=\"canonical\" href=\"https:\/\/amafurni.vn\/en\/product\/ghe-cafe-ban-an-thoi-trang-ama-jc-375\/\" \/>\n<meta property=\"og:locale\" content=\"en_US\" \/>\n<meta property=\"og:type\" content=\"article\" \/>\n<meta property=\"og:title\" content=\"GH\u1ebe CAFE, B\u00c0N \u0102N TH\u1edcI TRANG AMA-JC-375\" \/>\n<meta property=\"og:description\" content=\"V\u1edbi thi\u1ebft k\u1ebf tinh t\u1ebf , ch\u00e2n gh\u1ebf \u0111\u01b0\u1ee3c l\u00e0m b\u1eb1ng ch\u1ea5t li\u1ec7u s\u1eaft s\u01a1n t\u0129nh \u0111i\u1ec7n t\u1ea1o s\u1ef1 ch\u1eafc ch\u1eafn khi ng\u1ed3i , ph\u1ea7n th\u00e2n gh\u1ebf \u0111\u01b0\u1ee3c l\u00e0m b\u1eb1ng khung s\u1eaft ch\u1eafc ch\u1eafn , c\u00f3 l\u00f3t m\u00fat cao c\u1ea5p t\u1ea1o s\u1ef1 \u00eam \u00e1i , ph\u1ea3i \u0111\u01b0\u1ee3c b\u1ecdc v\u1edbi ch\u1ea5t li\u1ec7u v\u1ea3i da l\u1ed9n cao c\u1ea5p , \u0111\u01b0a l\u00ean v\u1ebb ho\u00e0n h\u1ea3o c\u1ee7a\u00a0Gh\u1ebf\u00a0th\u00eam 1 t\u1ea7m cao m\u1edbi .\" \/>\n<meta property=\"og:url\" content=\"https:\/\/amafurni.vn\/en\/product\/ghe-cafe-ban-an-thoi-trang-ama-jc-375\/\" \/>\n<meta property=\"og:site_name\" content=\"AMAFURNI\" \/>\n<meta property=\"article:modified_time\" content=\"2025-11-12T07:10:12+00:00\" \/>\n<meta property=\"og:image\" content=\"https:\/\/amafurni.vn\/wp-content\/uploads\/2023\/12\/ghe-cafe-ban-an-thoi-trang-ama-jc-375_656fee51e7742.jpeg\" \/>\n\t<meta property=\"og:image:width\" content=\"800\" \/>\n\t<meta property=\"og:image:height\" content=\"800\" \/>\n\t<meta property=\"og:image:type\" content=\"image\/jpeg\" \/>\n<meta name=\"twitter:card\" content=\"summary_large_image\" \/>\n<meta name=\"twitter:label1\" content=\"Est. reading time\" \/>\n\t<meta name=\"twitter:data1\" content=\"1 minute\" \/>\n<script type=\"application\/ld+json\" class=\"yoast-schema-graph\">{\"@context\":\"https:\/\/schema.org\",\"@graph\":[{\"@type\":\"WebPage\",\"@id\":\"https:\/\/amafurni.vn\/san-pham\/ghe-cafe-ban-an-thoi-trang-ama-jc-375\/\",\"url\":\"https:\/\/amafurni.vn\/san-pham\/ghe-cafe-ban-an-thoi-trang-ama-jc-375\/\",\"name\":\"GH\u1ebe CAFE, B\u00c0N \u0102N TH\u1edcI TRANG AMA-JC-375 - AMAFURNI\",\"isPartOf\":{\"@id\":\"https:\/\/amafurni.vn\/#website\"},\"datePublished\":\"2023-12-07T06:37:05+00:00\",\"dateModified\":\"2025-11-12T07:10:12+00:00\",\"breadcrumb\":{\"@id\":\"https:\/\/amafurni.vn\/san-pham\/ghe-cafe-ban-an-thoi-trang-ama-jc-375\/#breadcrumb\"},\"inLanguage\":\"en-US\",\"potentialAction\":[{\"@type\":\"ReadAction\",\"target\":[\"https:\/\/amafurni.vn\/san-pham\/ghe-cafe-ban-an-thoi-trang-ama-jc-375\/\"]}]},{\"@type\":\"BreadcrumbList\",\"@id\":\"https:\/\/amafurni.vn\/san-pham\/ghe-cafe-ban-an-thoi-trang-ama-jc-375\/#breadcrumb\",\"itemListElement\":[{\"@type\":\"ListItem\",\"position\":1,\"name\":\"Trang ch\u1ee7\",\"item\":\"https:\/\/amafurni.vn\/\"},{\"@type\":\"ListItem\",\"position\":2,\"name\":\"S\u1ea3n ph\u1ea9m\",\"item\":\"https:\/\/amafurni.vn\/san-pham\/\"},{\"@type\":\"ListItem\",\"position\":3,\"name\":\"GH\u1ebe CAFE, B\u00c0N \u0102N TH\u1edcI TRANG AMA-JC-375\"}]},{\"@type\":\"WebSite\",\"@id\":\"https:\/\/amafurni.vn\/#website\",\"url\":\"https:\/\/amafurni.vn\/\",\"name\":\"AMAFURNI\",\"description\":\"\",\"potentialAction\":[{\"@type\":\"SearchAction\",\"target\":{\"@type\":\"EntryPoint\",\"urlTemplate\":\"https:\/\/amafurni.vn\/?s={search_term_string}\"},\"query-input\":\"required name=search_term_string\"}],\"inLanguage\":\"en-US\"}]}<\/script>\n<!-- \/ Yoast SEO Premium plugin. -->","yoast_head_json":{"title":"GH\u1ebe CAFE, B\u00c0N \u0102N TH\u1edcI TRANG AMA-JC-375 - AMAFURNI","robots":{"index":"index","follow":"follow","max-snippet":"max-snippet:-1","max-image-preview":"max-image-preview:large","max-video-preview":"max-video-preview:-1"},"canonical":"https:\/\/amafurni.vn\/en\/product\/ghe-cafe-ban-an-thoi-trang-ama-jc-375\/","og_locale":"en_US","og_type":"article","og_title":"GH\u1ebe CAFE, B\u00c0N \u0102N TH\u1edcI TRANG AMA-JC-375","og_description":"V\u1edbi thi\u1ebft k\u1ebf tinh t\u1ebf , ch\u00e2n gh\u1ebf \u0111\u01b0\u1ee3c l\u00e0m b\u1eb1ng ch\u1ea5t li\u1ec7u s\u1eaft s\u01a1n t\u0129nh \u0111i\u1ec7n t\u1ea1o s\u1ef1 ch\u1eafc ch\u1eafn khi ng\u1ed3i , ph\u1ea7n th\u00e2n gh\u1ebf \u0111\u01b0\u1ee3c l\u00e0m b\u1eb1ng khung s\u1eaft ch\u1eafc ch\u1eafn , c\u00f3 l\u00f3t m\u00fat cao c\u1ea5p t\u1ea1o s\u1ef1 \u00eam \u00e1i , ph\u1ea3i \u0111\u01b0\u1ee3c b\u1ecdc v\u1edbi ch\u1ea5t li\u1ec7u v\u1ea3i da l\u1ed9n cao c\u1ea5p , \u0111\u01b0a l\u00ean v\u1ebb ho\u00e0n h\u1ea3o c\u1ee7a\u00a0Gh\u1ebf\u00a0th\u00eam 1 t\u1ea7m cao m\u1edbi .","og_url":"https:\/\/amafurni.vn\/en\/product\/ghe-cafe-ban-an-thoi-trang-ama-jc-375\/","og_site_name":"AMAFURNI","article_modified_time":"2025-11-12T07:10:12+00:00","og_image":[{"width":800,"height":800,"url":"https:\/\/amafurni.vn\/wp-content\/uploads\/2023\/12\/ghe-cafe-ban-an-thoi-trang-ama-jc-375_656fee51e7742.jpeg","type":"image\/jpeg"}],"twitter_card":"summary_large_image","twitter_misc":{"Est. reading time":"1 minute"},"schema":{"@context":"https:\/\/schema.org","@graph":[{"@type":"WebPage","@id":"https:\/\/amafurni.vn\/san-pham\/ghe-cafe-ban-an-thoi-trang-ama-jc-375\/","url":"https:\/\/amafurni.vn\/san-pham\/ghe-cafe-ban-an-thoi-trang-ama-jc-375\/","name":"GH\u1ebe CAFE, B\u00c0N \u0102N TH\u1edcI TRANG AMA-JC-375 - AMAFURNI","isPartOf":{"@id":"https:\/\/amafurni.vn\/#website"},"datePublished":"2023-12-07T06:37:05+00:00","dateModified":"2025-11-12T07:10:12+00:00","breadcrumb":{"@id":"https:\/\/amafurni.vn\/san-pham\/ghe-cafe-ban-an-thoi-trang-ama-jc-375\/#breadcrumb"},"inLanguage":"en-US","potentialAction":[{"@type":"ReadAction","target":["https:\/\/amafurni.vn\/san-pham\/ghe-cafe-ban-an-thoi-trang-ama-jc-375\/"]}]},{"@type":"BreadcrumbList","@id":"https:\/\/amafurni.vn\/san-pham\/ghe-cafe-ban-an-thoi-trang-ama-jc-375\/#breadcrumb","itemListElement":[{"@type":"ListItem","position":1,"name":"Trang ch\u1ee7","item":"https:\/\/amafurni.vn\/"},{"@type":"ListItem","position":2,"name":"S\u1ea3n ph\u1ea9m","item":"https:\/\/amafurni.vn\/san-pham\/"},{"@type":"ListItem","position":3,"name":"GH\u1ebe CAFE, B\u00c0N \u0102N TH\u1edcI TRANG AMA-JC-375"}]},{"@type":"WebSite","@id":"https:\/\/amafurni.vn\/#website","url":"https:\/\/amafurni.vn\/","name":"AMAFURNI","description":"","potentialAction":[{"@type":"SearchAction","target":{"@type":"EntryPoint","urlTemplate":"https:\/\/amafurni.vn\/?s={search_term_string}"},"query-input":"required name=search_term_string"}],"inLanguage":"en-US"}]}},"_links":{"self":[{"href":"https:\/\/amafurni.vn\/en\/wp-json\/wp\/v2\/product\/1980"}],"collection":[{"href":"https:\/\/amafurni.vn\/en\/wp-json\/wp\/v2\/product"}],"about":[{"href":"https:\/\/amafurni.vn\/en\/wp-json\/wp\/v2\/types\/product"}],"replies":[{"embeddable":true,"href":"https:\/\/amafurni.vn\/en\/wp-json\/wp\/v2\/comments?post=1980"}],"wp:featuredmedia":[{"embeddable":true,"href":"https:\/\/amafurni.vn\/en\/wp-json\/wp\/v2\/media\/1981"}],"wp:attachment":[{"href":"https:\/\/amafurni.vn\/en\/wp-json\/wp\/v2\/media?parent=1980"}],"wp:term":[{"taxonomy":"product_cat","embeddable":true,"href":"https:\/\/amafurni.vn\/en\/wp-json\/wp\/v2\/product_cat?post=1980"},{"taxonomy":"product_tag","embeddable":true,"href":"https:\/\/amafurni.vn\/en\/wp-json\/wp\/v2\/product_tag?post=1980"}],"curies":[{"name":"wp","href":"https:\/\/api.w.org\/{rel}","templated":true}]}}