{"id":1998,"date":"2023-12-06T16:47:42","date_gmt":"2023-12-06T09:47:42","guid":{"rendered":"https:\/\/amafurni.123websitedev.com\/san-pham\/ghe-hoi-nghi-chan-quy-boc-luoi-soc-thoi-trang-ghe-lam-viec-thoi-trang-ama-cq603-m10\/"},"modified":"2026-03-13T21:59:37","modified_gmt":"2026-03-13T14:59:37","slug":"ghe-hoi-nghi-chan-quy-boc-luoi-soc-thoi-trang-ghe-lam-viec-thoi-trang-ama-cq603-m10","status":"publish","type":"product","link":"https:\/\/amafurni.vn\/en\/product\/ghe-hoi-nghi-chan-quy-boc-luoi-soc-thoi-trang-ghe-lam-viec-thoi-trang-ama-cq603-m10\/","title":{"rendered":"Gh\u1ebf ch\u00e2n qu\u1ef3 AMA-CQ603"},"content":{"rendered":"<div class=\"woocommerce-tabs wc-tabs-wrapper gostro-wc-tabs\">\n<div id=\"tab-description\" class=\"woocommerce-Tabs-panel woocommerce-Tabs-panel--description panel entry-content wc-tab scroll_taget_description\" role=\"tabpanel\" aria-labelledby=\"tab-title-description\">\n<table class=\"woocommerce-product-attributes shop_attributes\" style=\"width: 106.310419%; height: 269px;\" width=\"929\">\n<tbody>\n<tr class=\"woocommerce-product-attributes-item woocommerce-product-attributes-item--attribute_season\">\n<th class=\"woocommerce-product-attributes-item__label\" style=\"width: 14.378378%;\">Material<\/th>\n<td class=\"woocommerce-product-attributes-item__value\" style=\"width: 84.756757%;\">\n<div class=\"kvgmc6g5 cxmmr5t8 oygrvhab hcukyx3x c1et5uql\">\u00a0Khung s\u01b0\u1eddn th\u00e9p m\u1ea1 crome, Ch\u00e2n th\u00e9p m\u1ea1 crome, Tay gh\u1ebf \u1ed1p nh\u1ef1a, L\u01b0ng b\u1ecdc S\u1ee3i L\u01b0\u1edbi ch\u1ecbu l\u1ef1c, n\u1ec7m ng\u1ed3i b\u1ecdc v\u1ea3i c\u00f3 m\u00fat v\u00e0 khung g\u1ed7.<\/div>\n<\/td>\n<\/tr>\n<tr class=\"woocommerce-product-attributes-item woocommerce-product-attributes-item--attribute_pa_color\">\n<th class=\"woocommerce-product-attributes-item__label\" style=\"width: 14.378378%;\">M\u00e0u S\u1eafc<\/th>\n<td class=\"woocommerce-product-attributes-item__value\" style=\"width: 84.756757%;\">X\u00e1m, \u0110en (Theo b\u1ea3ng m\u00e0u)<\/td>\n<\/tr>\n<tr class=\"woocommerce-product-attributes-item woocommerce-product-attributes-item--attribute_style\">\n<th class=\"woocommerce-product-attributes-item__label\" style=\"width: 14.378378%;\">Size<\/th>\n<td class=\"woocommerce-product-attributes-item__value\" style=\"width: 84.756757%;\">\u00a0600*600*920mm<\/td>\n<\/tr>\n<tr class=\"woocommerce-product-attributes-item woocommerce-product-attributes-item--attribute_pa_material\">\n<th class=\"woocommerce-product-attributes-item__label\" style=\"width: 14.378378%;\">T\u00ednh N\u0103ng<\/th>\n<td class=\"woocommerce-product-attributes-item__value\" style=\"width: 84.756757%;\">Ng\u1ed3i c\u1ed1 \u0111\u1ecbnh.<\/td>\n<\/tr>\n<tr class=\"woocommerce-product-attributes-item woocommerce-product-attributes-item--attribute_item-code\">\n<th class=\"woocommerce-product-attributes-item__label\" style=\"width: 14.378378%;\">B\u1ea3o H\u00e0nh<\/th>\n<td class=\"woocommerce-product-attributes-item__value\" style=\"width: 84.756757%;\">12 th\u00e1ng<\/td>\n<\/tr>\n<\/tbody>\n<\/table>\n<\/div>\n<\/div>","protected":false},"excerpt":{"rendered":"<p>C\u1ea5u t\u1ea1o khung th\u00e9p m\u1ea1 crome ch\u1eafc ch\u1eafn, ph\u1ea7n t\u1ef1a l\u01b0ng h\u01a1i cong gi\u00fap \u00f4m s\u00e1t c\u01a1 th\u1ec3 v\u00e0 h\u1ed7 tr\u1ee3 n\u00e2ng \u0111\u1ee1 b\u1ed9 ph\u1eadn c\u1ed9t s\u1ed1ng th\u1eb3ng t\u1ef1 nhi\u00ean.<br \/>\nPh\u1ea7n ng\u1ed3i b\u1ecdc \u0111\u1ec7m m\u00fat h\u00ecnh vu\u00f4ng r\u1ed9ng r\u00e3i, \u00eam \u00e1i gi\u00fap t\u01b0 th\u1ebf ng\u1ed3i lu\u00f4n tho\u1ea3i m\u00e1i, kh\u00f4ng b\u1ecb g\u00f2 b\u00f3 v\u00e0 \u0111\u1eb7c bi\u1ec7t h\u1ea1n ch\u1ebf t\u1ed1i \u0111a t\u00ecnh tr\u1ea1ng \u00ea m\u00f4ng.<br \/>\nTay v\u1ecbn \u0111\u01b0\u1ee3c l\u00e0m b\u1eb1ng th\u00e9p m\u1ea1 crome c\u00f3 \u1ed1p nh\u1ef1a PU \u0111en sang tr\u1ecdng t\u1ea1o \u0111i\u1ec3m nh\u1ea5n \u0111\u1eb9p m\u1eaft v\u1edbi th\u1ecb gi\u00e1c ng\u01b0\u1eddi nh\u00ecn. Thi\u1ebft k\u1ebf u\u1ed1n cong theo h\u00ecnh tay \u0111\u1ec3 gi\u00fap tay c\u00f3 \u0111i\u1ec3m t\u00ec t\u1ed1t v\u00e0 c\u0169ng n\u00e2ng cao phong th\u00e1i c\u1ee7a ng\u01b0\u1eddi ng\u1ed3i khi \u0111\u1eb7t tay v\u00e0o.<br \/>\nM\u00e0u \u0111en sang tr\u1ecdng, s\u1ea1ch s\u1ebd d\u1ec5 d\u00e0ng ph\u1ed1i \u0111\u1ed3 n\u1ed9i th\u1ea5t kh\u00e1c trong ph\u00f2ng h\u1ecdp, \u0111\u1ed3ng th\u1eddi c\u0169ng gi\u00fap chi\u1ebfc gh\u1ebf che \u0111i nh\u1eefng khuy\u1ebft \u0111i\u1ec3m khi s\u1eed d\u1ee5ng l\u00e2u.<\/p>","protected":false},"featured_media":1999,"comment_status":"open","ping_status":"closed","template":"","meta":[],"product_cat":[59,73],"product_tag":[280],"yoast_head":"<!-- This site is optimized with the Yoast SEO Premium plugin v21.7 (Yoast SEO v21.7) - https:\/\/yoast.com\/wordpress\/plugins\/seo\/ -->\n<title>Gh\u1ebf ch\u00e2n qu\u1ef3 AMA-CQ603 - AMAFURNI<\/title>\n<meta name=\"description\" content=\"Gh\u1ebf l\u00e0m vi\u1ec7c ch\u00e2n qu\u1ef3 gh\u1ebf h\u1ed9i ngh\u1ecb ch\u00e2n c\u1ed1 \u0111\u1ecbnh l\u01b0ng l\u01b0\u1edbi ng\u1ed3i ch\u1eafc ch\u1eafn v\u00e0 v\u1eefng ph\u00f9 h\u1ee3p kh\u00f4ng gian ph\u00f2ng h\u1ecdp ti\u1ebfp kh\u00e1ch ph\u00f2ng h\u1ed9i ngh\u1ecb ti\u1ebfp d\u00e2n l\u00e0m vi\u1ec7c c\u1ed1 \u0111\u1ecbnh \u0111\u1ebfn t\u1eeb AMA FURNITURE\" \/>\n<meta name=\"robots\" content=\"index, follow, max-snippet:-1, max-image-preview:large, max-video-preview:-1\" \/>\n<link rel=\"canonical\" href=\"https:\/\/amafurni.vn\/en\/product\/ghe-hoi-nghi-chan-quy-boc-luoi-soc-thoi-trang-ghe-lam-viec-thoi-trang-ama-cq603-m10\/\" \/>\n<meta property=\"og:locale\" content=\"en_US\" \/>\n<meta property=\"og:type\" content=\"article\" \/>\n<meta property=\"og:title\" content=\"Gh\u1ebf ch\u00e2n qu\u1ef3 AMA-CQ603\" \/>\n<meta property=\"og:description\" content=\"Gh\u1ebf l\u00e0m vi\u1ec7c ch\u00e2n qu\u1ef3 gh\u1ebf h\u1ed9i ngh\u1ecb ch\u00e2n c\u1ed1 \u0111\u1ecbnh l\u01b0ng l\u01b0\u1edbi ng\u1ed3i ch\u1eafc ch\u1eafn v\u00e0 v\u1eefng ph\u00f9 h\u1ee3p kh\u00f4ng gian ph\u00f2ng h\u1ecdp ti\u1ebfp kh\u00e1ch ph\u00f2ng h\u1ed9i ngh\u1ecb ti\u1ebfp d\u00e2n l\u00e0m vi\u1ec7c c\u1ed1 \u0111\u1ecbnh \u0111\u1ebfn t\u1eeb AMA FURNITURE\" \/>\n<meta property=\"og:url\" content=\"https:\/\/amafurni.vn\/en\/product\/ghe-hoi-nghi-chan-quy-boc-luoi-soc-thoi-trang-ghe-lam-viec-thoi-trang-ama-cq603-m10\/\" \/>\n<meta property=\"og:site_name\" content=\"AMAFURNI\" \/>\n<meta property=\"article:modified_time\" content=\"2026-03-13T14:59:37+00:00\" \/>\n<meta property=\"og:image\" content=\"https:\/\/amafurni.vn\/wp-content\/uploads\/2023\/12\/ghe-hoi-nghi-chan-quy-boc-luoi-soc-thoi-trang-ghe-lam-viec-thoi-trang-ama-cq603-m10_656fef1163b02.jpeg\" \/>\n\t<meta property=\"og:image:width\" content=\"800\" \/>\n\t<meta property=\"og:image:height\" content=\"800\" \/>\n\t<meta property=\"og:image:type\" content=\"image\/jpeg\" \/>\n<meta name=\"twitter:card\" content=\"summary_large_image\" \/>\n<meta name=\"twitter:label1\" content=\"Est. reading time\" \/>\n\t<meta name=\"twitter:data1\" content=\"1 minute\" \/>\n<script type=\"application\/ld+json\" class=\"yoast-schema-graph\">{\"@context\":\"https:\/\/schema.org\",\"@graph\":[{\"@type\":\"WebPage\",\"@id\":\"https:\/\/amafurni.vn\/san-pham\/ghe-hoi-nghi-chan-quy-boc-luoi-soc-thoi-trang-ghe-lam-viec-thoi-trang-ama-cq603-m10\/\",\"url\":\"https:\/\/amafurni.vn\/san-pham\/ghe-hoi-nghi-chan-quy-boc-luoi-soc-thoi-trang-ghe-lam-viec-thoi-trang-ama-cq603-m10\/\",\"name\":\"Gh\u1ebf ch\u00e2n qu\u1ef3 AMA-CQ603 - AMAFURNI\",\"isPartOf\":{\"@id\":\"https:\/\/amafurni.vn\/#website\"},\"datePublished\":\"2023-12-06T09:47:42+00:00\",\"dateModified\":\"2026-03-13T14:59:37+00:00\",\"description\":\"Gh\u1ebf l\u00e0m vi\u1ec7c ch\u00e2n qu\u1ef3 gh\u1ebf h\u1ed9i ngh\u1ecb ch\u00e2n c\u1ed1 \u0111\u1ecbnh l\u01b0ng l\u01b0\u1edbi ng\u1ed3i ch\u1eafc ch\u1eafn v\u00e0 v\u1eefng ph\u00f9 h\u1ee3p kh\u00f4ng gian ph\u00f2ng h\u1ecdp ti\u1ebfp kh\u00e1ch ph\u00f2ng h\u1ed9i ngh\u1ecb ti\u1ebfp d\u00e2n l\u00e0m vi\u1ec7c c\u1ed1 \u0111\u1ecbnh \u0111\u1ebfn t\u1eeb AMA FURNITURE\",\"breadcrumb\":{\"@id\":\"https:\/\/amafurni.vn\/san-pham\/ghe-hoi-nghi-chan-quy-boc-luoi-soc-thoi-trang-ghe-lam-viec-thoi-trang-ama-cq603-m10\/#breadcrumb\"},\"inLanguage\":\"en-US\",\"potentialAction\":[{\"@type\":\"ReadAction\",\"target\":[\"https:\/\/amafurni.vn\/san-pham\/ghe-hoi-nghi-chan-quy-boc-luoi-soc-thoi-trang-ghe-lam-viec-thoi-trang-ama-cq603-m10\/\"]}]},{\"@type\":\"BreadcrumbList\",\"@id\":\"https:\/\/amafurni.vn\/san-pham\/ghe-hoi-nghi-chan-quy-boc-luoi-soc-thoi-trang-ghe-lam-viec-thoi-trang-ama-cq603-m10\/#breadcrumb\",\"itemListElement\":[{\"@type\":\"ListItem\",\"position\":1,\"name\":\"Trang ch\u1ee7\",\"item\":\"https:\/\/amafurni.vn\/\"},{\"@type\":\"ListItem\",\"position\":2,\"name\":\"S\u1ea3n ph\u1ea9m\",\"item\":\"https:\/\/amafurni.vn\/san-pham\/\"},{\"@type\":\"ListItem\",\"position\":3,\"name\":\"Gh\u1ebf ch\u00e2n qu\u1ef3 AMA-CQ603\"}]},{\"@type\":\"WebSite\",\"@id\":\"https:\/\/amafurni.vn\/#website\",\"url\":\"https:\/\/amafurni.vn\/\",\"name\":\"AMAFURNI\",\"description\":\"\",\"potentialAction\":[{\"@type\":\"SearchAction\",\"target\":{\"@type\":\"EntryPoint\",\"urlTemplate\":\"https:\/\/amafurni.vn\/?s={search_term_string}\"},\"query-input\":\"required name=search_term_string\"}],\"inLanguage\":\"en-US\"}]}<\/script>\n<!-- \/ Yoast SEO Premium plugin. -->","yoast_head_json":{"title":"Gh\u1ebf ch\u00e2n qu\u1ef3 AMA-CQ603 - AMAFURNI","description":"Gh\u1ebf l\u00e0m vi\u1ec7c ch\u00e2n qu\u1ef3 gh\u1ebf h\u1ed9i ngh\u1ecb ch\u00e2n c\u1ed1 \u0111\u1ecbnh l\u01b0ng l\u01b0\u1edbi ng\u1ed3i ch\u1eafc ch\u1eafn v\u00e0 v\u1eefng ph\u00f9 h\u1ee3p kh\u00f4ng gian ph\u00f2ng h\u1ecdp ti\u1ebfp kh\u00e1ch ph\u00f2ng h\u1ed9i ngh\u1ecb ti\u1ebfp d\u00e2n l\u00e0m vi\u1ec7c c\u1ed1 \u0111\u1ecbnh \u0111\u1ebfn t\u1eeb AMA FURNITURE","robots":{"index":"index","follow":"follow","max-snippet":"max-snippet:-1","max-image-preview":"max-image-preview:large","max-video-preview":"max-video-preview:-1"},"canonical":"https:\/\/amafurni.vn\/en\/product\/ghe-hoi-nghi-chan-quy-boc-luoi-soc-thoi-trang-ghe-lam-viec-thoi-trang-ama-cq603-m10\/","og_locale":"en_US","og_type":"article","og_title":"Gh\u1ebf ch\u00e2n qu\u1ef3 AMA-CQ603","og_description":"Gh\u1ebf l\u00e0m vi\u1ec7c ch\u00e2n qu\u1ef3 gh\u1ebf h\u1ed9i ngh\u1ecb ch\u00e2n c\u1ed1 \u0111\u1ecbnh l\u01b0ng l\u01b0\u1edbi ng\u1ed3i ch\u1eafc ch\u1eafn v\u00e0 v\u1eefng ph\u00f9 h\u1ee3p kh\u00f4ng gian ph\u00f2ng h\u1ecdp ti\u1ebfp kh\u00e1ch ph\u00f2ng h\u1ed9i ngh\u1ecb ti\u1ebfp d\u00e2n l\u00e0m vi\u1ec7c c\u1ed1 \u0111\u1ecbnh \u0111\u1ebfn t\u1eeb AMA FURNITURE","og_url":"https:\/\/amafurni.vn\/en\/product\/ghe-hoi-nghi-chan-quy-boc-luoi-soc-thoi-trang-ghe-lam-viec-thoi-trang-ama-cq603-m10\/","og_site_name":"AMAFURNI","article_modified_time":"2026-03-13T14:59:37+00:00","og_image":[{"width":800,"height":800,"url":"https:\/\/amafurni.vn\/wp-content\/uploads\/2023\/12\/ghe-hoi-nghi-chan-quy-boc-luoi-soc-thoi-trang-ghe-lam-viec-thoi-trang-ama-cq603-m10_656fef1163b02.jpeg","type":"image\/jpeg"}],"twitter_card":"summary_large_image","twitter_misc":{"Est. reading time":"1 minute"},"schema":{"@context":"https:\/\/schema.org","@graph":[{"@type":"WebPage","@id":"https:\/\/amafurni.vn\/san-pham\/ghe-hoi-nghi-chan-quy-boc-luoi-soc-thoi-trang-ghe-lam-viec-thoi-trang-ama-cq603-m10\/","url":"https:\/\/amafurni.vn\/san-pham\/ghe-hoi-nghi-chan-quy-boc-luoi-soc-thoi-trang-ghe-lam-viec-thoi-trang-ama-cq603-m10\/","name":"Gh\u1ebf ch\u00e2n qu\u1ef3 AMA-CQ603 - AMAFURNI","isPartOf":{"@id":"https:\/\/amafurni.vn\/#website"},"datePublished":"2023-12-06T09:47:42+00:00","dateModified":"2026-03-13T14:59:37+00:00","description":"Gh\u1ebf l\u00e0m vi\u1ec7c ch\u00e2n qu\u1ef3 gh\u1ebf h\u1ed9i ngh\u1ecb ch\u00e2n c\u1ed1 \u0111\u1ecbnh l\u01b0ng l\u01b0\u1edbi ng\u1ed3i ch\u1eafc ch\u1eafn v\u00e0 v\u1eefng ph\u00f9 h\u1ee3p kh\u00f4ng gian ph\u00f2ng h\u1ecdp ti\u1ebfp kh\u00e1ch ph\u00f2ng h\u1ed9i ngh\u1ecb ti\u1ebfp d\u00e2n l\u00e0m vi\u1ec7c c\u1ed1 \u0111\u1ecbnh \u0111\u1ebfn t\u1eeb AMA FURNITURE","breadcrumb":{"@id":"https:\/\/amafurni.vn\/san-pham\/ghe-hoi-nghi-chan-quy-boc-luoi-soc-thoi-trang-ghe-lam-viec-thoi-trang-ama-cq603-m10\/#breadcrumb"},"inLanguage":"en-US","potentialAction":[{"@type":"ReadAction","target":["https:\/\/amafurni.vn\/san-pham\/ghe-hoi-nghi-chan-quy-boc-luoi-soc-thoi-trang-ghe-lam-viec-thoi-trang-ama-cq603-m10\/"]}]},{"@type":"BreadcrumbList","@id":"https:\/\/amafurni.vn\/san-pham\/ghe-hoi-nghi-chan-quy-boc-luoi-soc-thoi-trang-ghe-lam-viec-thoi-trang-ama-cq603-m10\/#breadcrumb","itemListElement":[{"@type":"ListItem","position":1,"name":"Trang ch\u1ee7","item":"https:\/\/amafurni.vn\/"},{"@type":"ListItem","position":2,"name":"S\u1ea3n ph\u1ea9m","item":"https:\/\/amafurni.vn\/san-pham\/"},{"@type":"ListItem","position":3,"name":"Gh\u1ebf ch\u00e2n qu\u1ef3 AMA-CQ603"}]},{"@type":"WebSite","@id":"https:\/\/amafurni.vn\/#website","url":"https:\/\/amafurni.vn\/","name":"AMAFURNI","description":"","potentialAction":[{"@type":"SearchAction","target":{"@type":"EntryPoint","urlTemplate":"https:\/\/amafurni.vn\/?s={search_term_string}"},"query-input":"required name=search_term_string"}],"inLanguage":"en-US"}]}},"_links":{"self":[{"href":"https:\/\/amafurni.vn\/en\/wp-json\/wp\/v2\/product\/1998"}],"collection":[{"href":"https:\/\/amafurni.vn\/en\/wp-json\/wp\/v2\/product"}],"about":[{"href":"https:\/\/amafurni.vn\/en\/wp-json\/wp\/v2\/types\/product"}],"replies":[{"embeddable":true,"href":"https:\/\/amafurni.vn\/en\/wp-json\/wp\/v2\/comments?post=1998"}],"wp:featuredmedia":[{"embeddable":true,"href":"https:\/\/amafurni.vn\/en\/wp-json\/wp\/v2\/media\/1999"}],"wp:attachment":[{"href":"https:\/\/amafurni.vn\/en\/wp-json\/wp\/v2\/media?parent=1998"}],"wp:term":[{"taxonomy":"product_cat","embeddable":true,"href":"https:\/\/amafurni.vn\/en\/wp-json\/wp\/v2\/product_cat?post=1998"},{"taxonomy":"product_tag","embeddable":true,"href":"https:\/\/amafurni.vn\/en\/wp-json\/wp\/v2\/product_tag?post=1998"}],"curies":[{"name":"wp","href":"https:\/\/api.w.org\/{rel}","templated":true}]}}