{"id":20611,"date":"2024-12-30T11:29:22","date_gmt":"2024-12-30T04:29:22","guid":{"rendered":"https:\/\/amafurni.vn\/?post_type=product&#038;p=20611"},"modified":"2025-11-12T14:15:49","modified_gmt":"2025-11-12T07:15:49","slug":"ban-cafe-ama-bcn001","status":"publish","type":"product","link":"https:\/\/amafurni.vn\/en\/product\/ban-cafe-ama-bcn001\/","title":{"rendered":"B\u00e0n cafe AMA-BCN001"},"content":{"rendered":"<table class=\"woocommerce-product-attributes shop_attributes\" style=\"width: 100.408%;height: 216px\" width=\"929\">\n<tbody>\n<tr class=\"woocommerce-product-attributes-item woocommerce-product-attributes-item--attribute_season\" style=\"height: 36px\">\n<th class=\"woocommerce-product-attributes-item__label\" style=\"width: 19.0964%;height: 50px\">Material<\/th>\n<td class=\"woocommerce-product-attributes-item__value\" style=\"width: 80.2064%;height: 50px\">M\u1eb7t b\u00e0n MDF, s\u01a1n ph\u1ee7 b\u1ec7t, Ch\u00e2n g\u1ed7 beech<\/td>\n<\/tr>\n<tr class=\"woocommerce-product-attributes-item woocommerce-product-attributes-item--attribute_pa_color\" style=\"height: 36px\">\n<th class=\"woocommerce-product-attributes-item__label\" style=\"width: 19.0964%;height: 47px\">M\u00e0u S\u1eafc<\/th>\n<td style=\"width: 80.2064%;height: 47px\" width=\"451\">Tr\u1eafng, \u0111en<\/td>\n<\/tr>\n<tr class=\"woocommerce-product-attributes-item woocommerce-product-attributes-item--attribute_style\" style=\"height: 107px\">\n<th class=\"woocommerce-product-attributes-item__label\" style=\"width: 19.0964%;height: 15px\">Size<\/th>\n<td style=\"width: 80.2064%;height: 15px\" width=\"451\">H75*80*120<\/td>\n<\/tr>\n<tr class=\"woocommerce-product-attributes-item woocommerce-product-attributes-item--attribute_pa_material\" style=\"height: 36px\">\n<th class=\"woocommerce-product-attributes-item__label\" style=\"width: 19.0964%;height: 48px\">T\u00ednh N\u0103ng<\/th>\n<td class=\"woocommerce-product-attributes-item__value\" style=\"width: 80.2064%;height: 48px\">Ng\u1ed3i c\u1ed1 \u0111\u1ecbnh<\/td>\n<\/tr>\n<tr class=\"woocommerce-product-attributes-item woocommerce-product-attributes-item--attribute_item-code\" style=\"height: 36px\">\n<th class=\"woocommerce-product-attributes-item__label\" style=\"width: 19.0964%;height: 56px\">B\u1ea3o H\u00e0nh<\/th>\n<td class=\"woocommerce-product-attributes-item__value\" style=\"width: 80.2064%;height: 56px\">12 th\u00e1ng<\/td>\n<\/tr>\n<\/tbody>\n<\/table>","protected":false},"excerpt":{"rendered":"<p>Gh\u1ebf cafe, ph\u00f9 h\u1ee3p cho kh\u00f4ng gian ph\u00f2ng b\u1ebfp, nh\u00e0 h\u00e0ng, qu\u00e1n cafe ho\u1eb7c khu v\u1ef1c ti\u1ebfp kh\u00e1ch \u1edf c\u00e1c v\u0103n ph\u00f2ng c\u00f4ng.<\/p>\n<ul>\n<li>D\u1ec5 d\u00e0ng ph\u1ed1i h\u1ee3p v\u00e0 b\u00e0i tr\u00ed v\u1edbi c\u00e1c s\u1ea3n ph\u1ea9m n\u1ed9i th\u1ea5t kh\u00e1c<\/li>\n<li>Kh\u1ed1i l\u01b0\u1ee3ng nh\u1eb9 v\u00e0 ki\u1ec3u d\u00e1ng thon g\u1ecdn, d\u1ec5 d\u00e0ng di chuy\u1ec3n m\u1ecdi n\u01a1i.<\/li>\n<li>M\u00e0u s\u1eafc \u0111a d\u1ea1ng cho kh\u00e1ch h\u00e0ng l\u1ef1a ch\u1ecdn.<\/li>\n<\/ul>","protected":false},"featured_media":20618,"comment_status":"closed","ping_status":"closed","template":"","meta":[],"product_cat":[100,589,62,89],"product_tag":[179,462],"yoast_head":"<!-- This site is optimized with the Yoast SEO Premium plugin v21.7 (Yoast SEO v21.7) - https:\/\/yoast.com\/wordpress\/plugins\/seo\/ -->\n<title>B\u00e0n cafe AMA-BCN001 - AMAFURNI<\/title>\n<meta name=\"description\" content=\"Hotline : 0969919449 - 0906963408 .AMA Furniture \u0111ang l\u00e0 Nh\u00e0 Ph\u00e2n Ph\u1ed1i c\u00e1c s\u1ea3n ph\u1ea9m : - N\u1ed9i Th\u1ea5t nh\u1eadp kh\u1ea9u : b\u00e0n gh\u1ebf v\u0103n ph\u00f2ng, n\u1ed9i th\u1ea5t gia \u0111\u00ecnh, S\u1ea3n xu\u1ea5t thi c\u00f4ng n\u1ed9i th\u1ea5t theo y\u00eau c\u1ea7u.- M\u00e1y l\u1ecdc n\u01b0\u1edbc Unilever PUREIT- \u0110\u1ed3 \u0111i\u1ec7n gia d\u1ee5ng TEFAL, PHILIPS\" \/>\n<meta name=\"robots\" content=\"index, follow, max-snippet:-1, max-image-preview:large, max-video-preview:-1\" \/>\n<link rel=\"canonical\" href=\"https:\/\/amafurni.vn\/en\/product\/ban-cafe-ama-bcn001\/\" \/>\n<meta property=\"og:locale\" content=\"en_US\" \/>\n<meta property=\"og:type\" content=\"article\" \/>\n<meta property=\"og:title\" content=\"B\u00e0n cafe AMA-BCN001\" \/>\n<meta property=\"og:description\" content=\"Hotline : 0969919449 - 0906963408 .AMA Furniture \u0111ang l\u00e0 Nh\u00e0 Ph\u00e2n Ph\u1ed1i c\u00e1c s\u1ea3n ph\u1ea9m : - N\u1ed9i Th\u1ea5t nh\u1eadp kh\u1ea9u : b\u00e0n gh\u1ebf v\u0103n ph\u00f2ng, n\u1ed9i th\u1ea5t gia \u0111\u00ecnh, S\u1ea3n xu\u1ea5t thi c\u00f4ng n\u1ed9i th\u1ea5t theo y\u00eau c\u1ea7u.- M\u00e1y l\u1ecdc n\u01b0\u1edbc Unilever PUREIT- \u0110\u1ed3 \u0111i\u1ec7n gia d\u1ee5ng TEFAL, PHILIPS\" \/>\n<meta property=\"og:url\" content=\"https:\/\/amafurni.vn\/en\/product\/ban-cafe-ama-bcn001\/\" \/>\n<meta property=\"og:site_name\" content=\"AMAFURNI\" \/>\n<meta property=\"article:modified_time\" content=\"2025-11-12T07:15:49+00:00\" \/>\n<meta property=\"og:image\" content=\"https:\/\/amafurni.vn\/wp-content\/uploads\/2024\/12\/3d969d2f-be5e-4f2c-b311-aebb070d09fb.jpeg\" \/>\n\t<meta property=\"og:image:width\" content=\"800\" \/>\n\t<meta property=\"og:image:height\" content=\"800\" \/>\n\t<meta property=\"og:image:type\" content=\"image\/jpeg\" \/>\n<meta name=\"twitter:card\" content=\"summary_large_image\" \/>\n<meta name=\"twitter:label1\" content=\"Est. reading time\" \/>\n\t<meta name=\"twitter:data1\" content=\"1 minute\" \/>\n<script type=\"application\/ld+json\" class=\"yoast-schema-graph\">{\"@context\":\"https:\/\/schema.org\",\"@graph\":[{\"@type\":\"WebPage\",\"@id\":\"https:\/\/amafurni.vn\/san-pham\/ban-cafe-ama-bcn001\/\",\"url\":\"https:\/\/amafurni.vn\/san-pham\/ban-cafe-ama-bcn001\/\",\"name\":\"B\u00e0n cafe AMA-BCN001 - AMAFURNI\",\"isPartOf\":{\"@id\":\"https:\/\/amafurni.vn\/#website\"},\"datePublished\":\"2024-12-30T04:29:22+00:00\",\"dateModified\":\"2025-11-12T07:15:49+00:00\",\"description\":\"Hotline : 0969919449 - 0906963408 .AMA Furniture \u0111ang l\u00e0 Nh\u00e0 Ph\u00e2n Ph\u1ed1i c\u00e1c s\u1ea3n ph\u1ea9m : - N\u1ed9i Th\u1ea5t nh\u1eadp kh\u1ea9u : b\u00e0n gh\u1ebf v\u0103n ph\u00f2ng, n\u1ed9i th\u1ea5t gia \u0111\u00ecnh, S\u1ea3n xu\u1ea5t thi c\u00f4ng n\u1ed9i th\u1ea5t theo y\u00eau c\u1ea7u.- M\u00e1y l\u1ecdc n\u01b0\u1edbc Unilever PUREIT- \u0110\u1ed3 \u0111i\u1ec7n gia d\u1ee5ng TEFAL, PHILIPS\",\"breadcrumb\":{\"@id\":\"https:\/\/amafurni.vn\/san-pham\/ban-cafe-ama-bcn001\/#breadcrumb\"},\"inLanguage\":\"en-US\",\"potentialAction\":[{\"@type\":\"ReadAction\",\"target\":[\"https:\/\/amafurni.vn\/san-pham\/ban-cafe-ama-bcn001\/\"]}]},{\"@type\":\"BreadcrumbList\",\"@id\":\"https:\/\/amafurni.vn\/san-pham\/ban-cafe-ama-bcn001\/#breadcrumb\",\"itemListElement\":[{\"@type\":\"ListItem\",\"position\":1,\"name\":\"Trang ch\u1ee7\",\"item\":\"https:\/\/amafurni.vn\/\"},{\"@type\":\"ListItem\",\"position\":2,\"name\":\"S\u1ea3n ph\u1ea9m\",\"item\":\"https:\/\/amafurni.vn\/san-pham\/\"},{\"@type\":\"ListItem\",\"position\":3,\"name\":\"B\u00e0n cafe AMA-BCN001\"}]},{\"@type\":\"WebSite\",\"@id\":\"https:\/\/amafurni.vn\/#website\",\"url\":\"https:\/\/amafurni.vn\/\",\"name\":\"AMAFURNI\",\"description\":\"\",\"potentialAction\":[{\"@type\":\"SearchAction\",\"target\":{\"@type\":\"EntryPoint\",\"urlTemplate\":\"https:\/\/amafurni.vn\/?s={search_term_string}\"},\"query-input\":\"required name=search_term_string\"}],\"inLanguage\":\"en-US\"}]}<\/script>\n<!-- \/ Yoast SEO Premium plugin. -->","yoast_head_json":{"title":"B\u00e0n cafe AMA-BCN001 - AMAFURNI","description":"Hotline : 0969919449 - 0906963408 .AMA Furniture \u0111ang l\u00e0 Nh\u00e0 Ph\u00e2n Ph\u1ed1i c\u00e1c s\u1ea3n ph\u1ea9m : - N\u1ed9i Th\u1ea5t nh\u1eadp kh\u1ea9u : b\u00e0n gh\u1ebf v\u0103n ph\u00f2ng, n\u1ed9i th\u1ea5t gia \u0111\u00ecnh, S\u1ea3n xu\u1ea5t thi c\u00f4ng n\u1ed9i th\u1ea5t theo y\u00eau c\u1ea7u.- M\u00e1y l\u1ecdc n\u01b0\u1edbc Unilever PUREIT- \u0110\u1ed3 \u0111i\u1ec7n gia d\u1ee5ng TEFAL, PHILIPS","robots":{"index":"index","follow":"follow","max-snippet":"max-snippet:-1","max-image-preview":"max-image-preview:large","max-video-preview":"max-video-preview:-1"},"canonical":"https:\/\/amafurni.vn\/en\/product\/ban-cafe-ama-bcn001\/","og_locale":"en_US","og_type":"article","og_title":"B\u00e0n cafe AMA-BCN001","og_description":"Hotline : 0969919449 - 0906963408 .AMA Furniture \u0111ang l\u00e0 Nh\u00e0 Ph\u00e2n Ph\u1ed1i c\u00e1c s\u1ea3n ph\u1ea9m : - N\u1ed9i Th\u1ea5t nh\u1eadp kh\u1ea9u : b\u00e0n gh\u1ebf v\u0103n ph\u00f2ng, n\u1ed9i th\u1ea5t gia \u0111\u00ecnh, S\u1ea3n xu\u1ea5t thi c\u00f4ng n\u1ed9i th\u1ea5t theo y\u00eau c\u1ea7u.- M\u00e1y l\u1ecdc n\u01b0\u1edbc Unilever PUREIT- \u0110\u1ed3 \u0111i\u1ec7n gia d\u1ee5ng TEFAL, PHILIPS","og_url":"https:\/\/amafurni.vn\/en\/product\/ban-cafe-ama-bcn001\/","og_site_name":"AMAFURNI","article_modified_time":"2025-11-12T07:15:49+00:00","og_image":[{"width":800,"height":800,"url":"https:\/\/amafurni.vn\/wp-content\/uploads\/2024\/12\/3d969d2f-be5e-4f2c-b311-aebb070d09fb.jpeg","type":"image\/jpeg"}],"twitter_card":"summary_large_image","twitter_misc":{"Est. reading time":"1 minute"},"schema":{"@context":"https:\/\/schema.org","@graph":[{"@type":"WebPage","@id":"https:\/\/amafurni.vn\/san-pham\/ban-cafe-ama-bcn001\/","url":"https:\/\/amafurni.vn\/san-pham\/ban-cafe-ama-bcn001\/","name":"B\u00e0n cafe AMA-BCN001 - AMAFURNI","isPartOf":{"@id":"https:\/\/amafurni.vn\/#website"},"datePublished":"2024-12-30T04:29:22+00:00","dateModified":"2025-11-12T07:15:49+00:00","description":"Hotline : 0969919449 - 0906963408 .AMA Furniture \u0111ang l\u00e0 Nh\u00e0 Ph\u00e2n Ph\u1ed1i c\u00e1c s\u1ea3n ph\u1ea9m : - N\u1ed9i Th\u1ea5t nh\u1eadp kh\u1ea9u : b\u00e0n gh\u1ebf v\u0103n ph\u00f2ng, n\u1ed9i th\u1ea5t gia \u0111\u00ecnh, S\u1ea3n xu\u1ea5t thi c\u00f4ng n\u1ed9i th\u1ea5t theo y\u00eau c\u1ea7u.- M\u00e1y l\u1ecdc n\u01b0\u1edbc Unilever PUREIT- \u0110\u1ed3 \u0111i\u1ec7n gia d\u1ee5ng TEFAL, PHILIPS","breadcrumb":{"@id":"https:\/\/amafurni.vn\/san-pham\/ban-cafe-ama-bcn001\/#breadcrumb"},"inLanguage":"en-US","potentialAction":[{"@type":"ReadAction","target":["https:\/\/amafurni.vn\/san-pham\/ban-cafe-ama-bcn001\/"]}]},{"@type":"BreadcrumbList","@id":"https:\/\/amafurni.vn\/san-pham\/ban-cafe-ama-bcn001\/#breadcrumb","itemListElement":[{"@type":"ListItem","position":1,"name":"Trang ch\u1ee7","item":"https:\/\/amafurni.vn\/"},{"@type":"ListItem","position":2,"name":"S\u1ea3n ph\u1ea9m","item":"https:\/\/amafurni.vn\/san-pham\/"},{"@type":"ListItem","position":3,"name":"B\u00e0n cafe AMA-BCN001"}]},{"@type":"WebSite","@id":"https:\/\/amafurni.vn\/#website","url":"https:\/\/amafurni.vn\/","name":"AMAFURNI","description":"","potentialAction":[{"@type":"SearchAction","target":{"@type":"EntryPoint","urlTemplate":"https:\/\/amafurni.vn\/?s={search_term_string}"},"query-input":"required name=search_term_string"}],"inLanguage":"en-US"}]}},"_links":{"self":[{"href":"https:\/\/amafurni.vn\/en\/wp-json\/wp\/v2\/product\/20611"}],"collection":[{"href":"https:\/\/amafurni.vn\/en\/wp-json\/wp\/v2\/product"}],"about":[{"href":"https:\/\/amafurni.vn\/en\/wp-json\/wp\/v2\/types\/product"}],"replies":[{"embeddable":true,"href":"https:\/\/amafurni.vn\/en\/wp-json\/wp\/v2\/comments?post=20611"}],"wp:featuredmedia":[{"embeddable":true,"href":"https:\/\/amafurni.vn\/en\/wp-json\/wp\/v2\/media\/20618"}],"wp:attachment":[{"href":"https:\/\/amafurni.vn\/en\/wp-json\/wp\/v2\/media?parent=20611"}],"wp:term":[{"taxonomy":"product_cat","embeddable":true,"href":"https:\/\/amafurni.vn\/en\/wp-json\/wp\/v2\/product_cat?post=20611"},{"taxonomy":"product_tag","embeddable":true,"href":"https:\/\/amafurni.vn\/en\/wp-json\/wp\/v2\/product_tag?post=20611"}],"curies":[{"name":"wp","href":"https:\/\/api.w.org\/{rel}","templated":true}]}}