{"id":21096,"date":"2025-02-28T15:36:15","date_gmt":"2025-02-28T08:36:15","guid":{"rendered":"https:\/\/amafurni.vn\/?post_type=product&#038;p=21096"},"modified":"2025-11-12T14:16:00","modified_gmt":"2025-11-12T07:16:00","slug":"ghe-cong-thai-hoc-warrior-ergonomic-marshal-wec-630","status":"publish","type":"product","link":"https:\/\/amafurni.vn\/en\/product\/ghe-cong-thai-hoc-warrior-ergonomic-marshal-wec-630\/","title":{"rendered":"Gh\u1ebf c\u00f4ng th\u00e1i h\u1ecdc AMA-WEC630"},"content":{"rendered":"<p><strong>Gh\u1ebf c\u00f4ng th\u00e1i h\u1ecdc AMA-WEC630<\/strong><\/p>\n<table class=\"woocommerce-product-attributes shop_attributes\" style=\"width: 99.4966%;height: 155px\" width=\"929\">\n<tbody>\n<tr class=\"woocommerce-product-attributes-item woocommerce-product-attributes-item--attribute_season\" style=\"height: 24px\">\n<th class=\"woocommerce-product-attributes-item__label\" style=\"width: 15.7497%;height: 37px\">Material<\/th>\n<td class=\"woocommerce-product-attributes-item__value\" style=\"width: 82.0928%;height: 37px\">Gh\u1ebf c\u00f4ng th\u00e1i h\u1ecdc Full mesh, L\u01b0ng l\u01b0\u1edbi HD Elastomesh, M\u00e2m ng\u1ed3i l\u01b0\u1edbi HD Elastomesh<\/td>\n<\/tr>\n<tr class=\"woocommerce-product-attributes-item woocommerce-product-attributes-item--attribute_pa_color\" style=\"height: 24px\">\n<th class=\"woocommerce-product-attributes-item__label\" style=\"width: 15.7497%;height: 24px\">M\u00e0u S\u1eafc.<\/th>\n<td class=\"woocommerce-product-attributes-item__value\" style=\"width: 82.0928%;height: 24px\">X\u00e1m<\/td>\n<\/tr>\n<tr class=\"woocommerce-product-attributes-item woocommerce-product-attributes-item--attribute_style\" style=\"height: 24px\">\n<th class=\"woocommerce-product-attributes-item__label\" style=\"width: 15.7497%;height: 24px\">Size<\/th>\n<td class=\"woocommerce-product-attributes-item__value\" style=\"width: 82.0928%;height: 24px\">Ch\u00e2n Plastic Nylon Base 700m. T\u1ea3i tr\u1ecdng t\u1ed1i \u0111a 150kg (330 Lbs). Chi\u1ec1u cao t\u1ed1i \u0111a 190cm<\/td>\n<\/tr>\n<tr class=\"woocommerce-product-attributes-item woocommerce-product-attributes-item--attribute_pa_material\" style=\"height: 24px\">\n<th class=\"woocommerce-product-attributes-item__label\" style=\"width: 15.7497%;height: 24px\">T\u00ednh N\u0103ng<\/th>\n<td class=\"woocommerce-product-attributes-item__value\" style=\"width: 82.0928%;height: 24px\">T\u00edch h\u1ee3p b\u1ed9 \u0111i\u1ec1u ch\u1ec9nh b\u1eb1ng ph\u00edm b\u1ea5m Multi-Functional: Ph\u00edm n\u00e2ng h\u1ea1 chi\u1ec1u cao gh\u1ebf 8cm. Ph\u00edm n\u00e2ng h\u1ea1 \u0111\u1ed9 ng\u1ea3 l\u01b0ng gh\u1ebf 135\u00b0.T\u1ef1a \u0111\u1ea7u 3D, K\u00ea tay 3D.<\/td>\n<\/tr>\n<tr class=\"woocommerce-product-attributes-item woocommerce-product-attributes-item--attribute_item-code\" style=\"height: 24px\">\n<th class=\"woocommerce-product-attributes-item__label\" style=\"width: 15.7497%;height: 46px\">B\u1ea3o H\u00e0nh<\/th>\n<td class=\"woocommerce-product-attributes-item__value\" style=\"width: 82.0928%;height: 46px\">1 n\u0103m<\/td>\n<\/tr>\n<\/tbody>\n<\/table>\n<p>&nbsp;<\/p>","protected":false},"excerpt":{"rendered":"<p><strong>Gh\u1ebf c\u00f4ng th\u00e1i h\u1ecdc l\u00e0 1 m\u1eabu gh\u1ebf nh\u1eadp kh\u1ea9u tr\u1ef1c ti\u1ebfp c\u1ee7a N\u1ed8I TH\u1ea4T AMA FURNITURE , v\u1edbi thi\u1ebft k\u1ebf tinh t\u1ebf , t\u1ed1i gian t\u1ea1o n\u00ean v\u1ebb \u0111\u1eb9p sang tr\u1ecdng cho kh\u00f4ng gian L\u00e0m vi\u1ec7c, V\u0103n ph\u00f2ng, C\u00f4ng ty v.v.<\/strong><\/p>\n<p>M\u00e3 SP : AMA-WEC630<br \/>\nCh\u1ea5t li\u1ec7u : Gh\u1ebf c\u00f4ng th\u00e1i h\u1ecdc Full mesh, L\u01b0ng l\u01b0\u1edbi HD Elastomesh, M\u00e2m ng\u1ed3i l\u01b0\u1edbi HD Elastomesh, Khung nh\u1ef1a PP \u0111\u00fac \u0111\u1eb7c<br \/>\nM\u00e0u s\u1eafc : X\u00e1m<br \/>\nK\u00edch th\u01b0\u1edbc : \u0110ang c\u1eadp nh\u1eadt.<br \/>\nT\u00ednh n\u0103ng : Gi\u00fap ng\u1ed3i \u0111\u00fang t\u01b0 th\u1ebf<br \/>\nCh\u1ea5t l\u01b0\u1ee3ng b\u1ec1n ch\u1eafc, s\u1eed d\u1ee5ng l\u00e2u d\u00e0i<br \/>\nD\u1ec5 d\u00e0ng lau ch\u00f9i, v\u1ec7 sinh<br \/>\nCh\u1ed1ng va \u0111\u1eadp t\u1ed1t, m\u00e0u s\u1eafc s\u1ed1ng \u0111\u1ed9ng<\/p>","protected":false},"featured_media":23177,"comment_status":"closed","ping_status":"closed","template":"","meta":[],"product_cat":[106,107],"product_tag":[338],"yoast_head":"<!-- This site is optimized with the Yoast SEO Premium plugin v21.7 (Yoast SEO v21.7) - https:\/\/yoast.com\/wordpress\/plugins\/seo\/ -->\n<title>Gh\u1ebf c\u00f4ng th\u00e1i h\u1ecdc AMA-WEC630 - AMAFURNI<\/title>\n<meta name=\"description\" content=\"Gh\u1ebf c\u00f4ng th\u00e1i h\u1ecdc hi\u1ec7n \u0111\u1ea1i cho v\u0103n ph\u00f2ng, mang l\u1ea1i c\u1ea3m gi\u00e1c tho\u1ea3i m\u00e1i, t\u1ed1i \u01b0u Hotline AMA Furniture: 0969919449 - 0906963408 AMA Furniture\" \/>\n<meta name=\"robots\" content=\"index, follow, max-snippet:-1, max-image-preview:large, max-video-preview:-1\" \/>\n<link rel=\"canonical\" href=\"https:\/\/amafurni.vn\/en\/product\/ghe-cong-thai-hoc-warrior-ergonomic-marshal-wec-630\/\" \/>\n<meta property=\"og:locale\" content=\"en_US\" \/>\n<meta property=\"og:type\" content=\"article\" \/>\n<meta property=\"og:title\" content=\"Gh\u1ebf c\u00f4ng th\u00e1i h\u1ecdc AMA-WEC630\" \/>\n<meta property=\"og:description\" content=\"Gh\u1ebf c\u00f4ng th\u00e1i h\u1ecdc hi\u1ec7n \u0111\u1ea1i cho v\u0103n ph\u00f2ng, mang l\u1ea1i c\u1ea3m gi\u00e1c tho\u1ea3i m\u00e1i, t\u1ed1i \u01b0u Hotline AMA Furniture: 0969919449 - 0906963408 AMA Furniture\" \/>\n<meta property=\"og:url\" content=\"https:\/\/amafurni.vn\/en\/product\/ghe-cong-thai-hoc-warrior-ergonomic-marshal-wec-630\/\" \/>\n<meta property=\"og:site_name\" content=\"AMAFURNI\" \/>\n<meta property=\"article:modified_time\" content=\"2025-11-12T07:16:00+00:00\" \/>\n<meta property=\"og:image\" content=\"https:\/\/amafurni.vn\/wp-content\/uploads\/2025\/02\/AMA-WEC630.jpg\" \/>\n\t<meta property=\"og:image:width\" content=\"800\" \/>\n\t<meta property=\"og:image:height\" content=\"800\" \/>\n\t<meta property=\"og:image:type\" content=\"image\/jpeg\" \/>\n<meta name=\"twitter:card\" content=\"summary_large_image\" \/>\n<meta name=\"twitter:label1\" content=\"Est. reading time\" \/>\n\t<meta name=\"twitter:data1\" content=\"1 minute\" \/>\n<script type=\"application\/ld+json\" class=\"yoast-schema-graph\">{\"@context\":\"https:\/\/schema.org\",\"@graph\":[{\"@type\":\"WebPage\",\"@id\":\"https:\/\/amafurni.vn\/san-pham\/ghe-cong-thai-hoc-warrior-ergonomic-marshal-wec-630\/\",\"url\":\"https:\/\/amafurni.vn\/san-pham\/ghe-cong-thai-hoc-warrior-ergonomic-marshal-wec-630\/\",\"name\":\"Gh\u1ebf c\u00f4ng th\u00e1i h\u1ecdc AMA-WEC630 - AMAFURNI\",\"isPartOf\":{\"@id\":\"https:\/\/amafurni.vn\/#website\"},\"datePublished\":\"2025-02-28T08:36:15+00:00\",\"dateModified\":\"2025-11-12T07:16:00+00:00\",\"description\":\"Gh\u1ebf c\u00f4ng th\u00e1i h\u1ecdc hi\u1ec7n \u0111\u1ea1i cho v\u0103n ph\u00f2ng, mang l\u1ea1i c\u1ea3m gi\u00e1c tho\u1ea3i m\u00e1i, t\u1ed1i \u01b0u Hotline AMA Furniture: 0969919449 - 0906963408 AMA Furniture\",\"breadcrumb\":{\"@id\":\"https:\/\/amafurni.vn\/san-pham\/ghe-cong-thai-hoc-warrior-ergonomic-marshal-wec-630\/#breadcrumb\"},\"inLanguage\":\"en-US\",\"potentialAction\":[{\"@type\":\"ReadAction\",\"target\":[\"https:\/\/amafurni.vn\/san-pham\/ghe-cong-thai-hoc-warrior-ergonomic-marshal-wec-630\/\"]}]},{\"@type\":\"BreadcrumbList\",\"@id\":\"https:\/\/amafurni.vn\/san-pham\/ghe-cong-thai-hoc-warrior-ergonomic-marshal-wec-630\/#breadcrumb\",\"itemListElement\":[{\"@type\":\"ListItem\",\"position\":1,\"name\":\"Trang ch\u1ee7\",\"item\":\"https:\/\/amafurni.vn\/\"},{\"@type\":\"ListItem\",\"position\":2,\"name\":\"S\u1ea3n ph\u1ea9m\",\"item\":\"https:\/\/amafurni.vn\/san-pham\/\"},{\"@type\":\"ListItem\",\"position\":3,\"name\":\"Gh\u1ebf c\u00f4ng th\u00e1i h\u1ecdc AMA-WEC630\"}]},{\"@type\":\"WebSite\",\"@id\":\"https:\/\/amafurni.vn\/#website\",\"url\":\"https:\/\/amafurni.vn\/\",\"name\":\"AMAFURNI\",\"description\":\"\",\"potentialAction\":[{\"@type\":\"SearchAction\",\"target\":{\"@type\":\"EntryPoint\",\"urlTemplate\":\"https:\/\/amafurni.vn\/?s={search_term_string}\"},\"query-input\":\"required name=search_term_string\"}],\"inLanguage\":\"en-US\"}]}<\/script>\n<!-- \/ Yoast SEO Premium plugin. -->","yoast_head_json":{"title":"Gh\u1ebf c\u00f4ng th\u00e1i h\u1ecdc AMA-WEC630 - AMAFURNI","description":"Gh\u1ebf c\u00f4ng th\u00e1i h\u1ecdc hi\u1ec7n \u0111\u1ea1i cho v\u0103n ph\u00f2ng, mang l\u1ea1i c\u1ea3m gi\u00e1c tho\u1ea3i m\u00e1i, t\u1ed1i \u01b0u Hotline AMA Furniture: 0969919449 - 0906963408 AMA Furniture","robots":{"index":"index","follow":"follow","max-snippet":"max-snippet:-1","max-image-preview":"max-image-preview:large","max-video-preview":"max-video-preview:-1"},"canonical":"https:\/\/amafurni.vn\/en\/product\/ghe-cong-thai-hoc-warrior-ergonomic-marshal-wec-630\/","og_locale":"en_US","og_type":"article","og_title":"Gh\u1ebf c\u00f4ng th\u00e1i h\u1ecdc AMA-WEC630","og_description":"Gh\u1ebf c\u00f4ng th\u00e1i h\u1ecdc hi\u1ec7n \u0111\u1ea1i cho v\u0103n ph\u00f2ng, mang l\u1ea1i c\u1ea3m gi\u00e1c tho\u1ea3i m\u00e1i, t\u1ed1i \u01b0u Hotline AMA Furniture: 0969919449 - 0906963408 AMA Furniture","og_url":"https:\/\/amafurni.vn\/en\/product\/ghe-cong-thai-hoc-warrior-ergonomic-marshal-wec-630\/","og_site_name":"AMAFURNI","article_modified_time":"2025-11-12T07:16:00+00:00","og_image":[{"width":800,"height":800,"url":"https:\/\/amafurni.vn\/wp-content\/uploads\/2025\/02\/AMA-WEC630.jpg","type":"image\/jpeg"}],"twitter_card":"summary_large_image","twitter_misc":{"Est. reading time":"1 minute"},"schema":{"@context":"https:\/\/schema.org","@graph":[{"@type":"WebPage","@id":"https:\/\/amafurni.vn\/san-pham\/ghe-cong-thai-hoc-warrior-ergonomic-marshal-wec-630\/","url":"https:\/\/amafurni.vn\/san-pham\/ghe-cong-thai-hoc-warrior-ergonomic-marshal-wec-630\/","name":"Gh\u1ebf c\u00f4ng th\u00e1i h\u1ecdc AMA-WEC630 - AMAFURNI","isPartOf":{"@id":"https:\/\/amafurni.vn\/#website"},"datePublished":"2025-02-28T08:36:15+00:00","dateModified":"2025-11-12T07:16:00+00:00","description":"Gh\u1ebf c\u00f4ng th\u00e1i h\u1ecdc hi\u1ec7n \u0111\u1ea1i cho v\u0103n ph\u00f2ng, mang l\u1ea1i c\u1ea3m gi\u00e1c tho\u1ea3i m\u00e1i, t\u1ed1i \u01b0u Hotline AMA Furniture: 0969919449 - 0906963408 AMA Furniture","breadcrumb":{"@id":"https:\/\/amafurni.vn\/san-pham\/ghe-cong-thai-hoc-warrior-ergonomic-marshal-wec-630\/#breadcrumb"},"inLanguage":"en-US","potentialAction":[{"@type":"ReadAction","target":["https:\/\/amafurni.vn\/san-pham\/ghe-cong-thai-hoc-warrior-ergonomic-marshal-wec-630\/"]}]},{"@type":"BreadcrumbList","@id":"https:\/\/amafurni.vn\/san-pham\/ghe-cong-thai-hoc-warrior-ergonomic-marshal-wec-630\/#breadcrumb","itemListElement":[{"@type":"ListItem","position":1,"name":"Trang ch\u1ee7","item":"https:\/\/amafurni.vn\/"},{"@type":"ListItem","position":2,"name":"S\u1ea3n ph\u1ea9m","item":"https:\/\/amafurni.vn\/san-pham\/"},{"@type":"ListItem","position":3,"name":"Gh\u1ebf c\u00f4ng th\u00e1i h\u1ecdc AMA-WEC630"}]},{"@type":"WebSite","@id":"https:\/\/amafurni.vn\/#website","url":"https:\/\/amafurni.vn\/","name":"AMAFURNI","description":"","potentialAction":[{"@type":"SearchAction","target":{"@type":"EntryPoint","urlTemplate":"https:\/\/amafurni.vn\/?s={search_term_string}"},"query-input":"required name=search_term_string"}],"inLanguage":"en-US"}]}},"_links":{"self":[{"href":"https:\/\/amafurni.vn\/en\/wp-json\/wp\/v2\/product\/21096"}],"collection":[{"href":"https:\/\/amafurni.vn\/en\/wp-json\/wp\/v2\/product"}],"about":[{"href":"https:\/\/amafurni.vn\/en\/wp-json\/wp\/v2\/types\/product"}],"replies":[{"embeddable":true,"href":"https:\/\/amafurni.vn\/en\/wp-json\/wp\/v2\/comments?post=21096"}],"wp:featuredmedia":[{"embeddable":true,"href":"https:\/\/amafurni.vn\/en\/wp-json\/wp\/v2\/media\/23177"}],"wp:attachment":[{"href":"https:\/\/amafurni.vn\/en\/wp-json\/wp\/v2\/media?parent=21096"}],"wp:term":[{"taxonomy":"product_cat","embeddable":true,"href":"https:\/\/amafurni.vn\/en\/wp-json\/wp\/v2\/product_cat?post=21096"},{"taxonomy":"product_tag","embeddable":true,"href":"https:\/\/amafurni.vn\/en\/wp-json\/wp\/v2\/product_tag?post=21096"}],"curies":[{"name":"wp","href":"https:\/\/api.w.org\/{rel}","templated":true}]}}