{"id":21875,"date":"2025-04-17T14:22:25","date_gmt":"2025-04-17T07:22:25","guid":{"rendered":"https:\/\/amafurni.vn\/?post_type=product&#038;p=21875"},"modified":"2025-11-12T14:16:51","modified_gmt":"2025-11-12T07:16:51","slug":"ghe-cong-thai-hoc-ama-cth-20","status":"publish","type":"product","link":"https:\/\/amafurni.vn\/en\/product\/ghe-cong-thai-hoc-ama-cth-20\/","title":{"rendered":"Gh\u1ebf c\u00f4ng th\u00e1i h\u1ecdc AMA-CTH-20"},"content":{"rendered":"<table class=\"woocommerce-product-attributes shop_attributes\" style=\"width: 100.525%; height: 290px;\" width=\"929\">\n<tbody>\n<tr class=\"woocommerce-product-attributes-item woocommerce-product-attributes-item--attribute_season\" style=\"height: 24px;\">\n<th class=\"woocommerce-product-attributes-item__label\" style=\"width: 12.7412%; height: 24px;\">Material<\/th>\n<td class=\"woocommerce-product-attributes-item__value\" style=\"width: 115.968%; height: 24px;\">S\u01b0\u1eddn nh\u1ef1a \u0111\u00fac, L\u01b0ng b\u1ecdc s\u1ee3i Polyester, Ch\u00e2n gh\u1ebf th\u00e9p m\u1ea1 crome, Tay gh\u1ebf \u1ed1p nh\u1ef1a m\u1ec1m, Piston \u0111i\u1ec1u ch\u1ec9nh \u0111\u1ed9 cao th\u1ea5p c\u1ee7a gh\u1ebf, \u0111\u1ea1t ti\u00eau chu\u1ea9n BIFMA c\u1ee7a M\u1ef9<\/td>\n<\/tr>\n<tr class=\"woocommerce-product-attributes-item woocommerce-product-attributes-item--attribute_pa_color\" style=\"height: 24px;\">\n<th class=\"woocommerce-product-attributes-item__label\" style=\"width: 12.7412%; height: 24px;\">M\u00e0u S\u1eafc<\/th>\n<td class=\"woocommerce-product-attributes-item__value\" style=\"width: 115.968%; height: 24px;\">X\u00c1M<\/td>\n<\/tr>\n<tr class=\"woocommerce-product-attributes-item woocommerce-product-attributes-item--attribute_style\" style=\"height: 24px;\">\n<th class=\"woocommerce-product-attributes-item__label\" style=\"width: 12.7412%; height: 24px;\">Size<\/th>\n<td class=\"woocommerce-product-attributes-item__value\" style=\"width: 115.968%; height: 24px;\">\u0110ang c\u1eadp nh\u1eadt<\/td>\n<\/tr>\n<tr class=\"woocommerce-product-attributes-item woocommerce-product-attributes-item--attribute_pa_material\" style=\"height: 24px;\">\n<th class=\"woocommerce-product-attributes-item__label\" style=\"width: 12.7412%; height: 24px;\">T\u00ednh N\u0103ng<\/th>\n<td class=\"woocommerce-product-attributes-item__value\" style=\"width: 115.968%; height: 24px;\">Xoay 360 \u0111\u1ed9, T\u0103ng\/Gi\u1ea3m chi\u1ec1u cao,( Ng\u1ea3 l\u01b0ng 160 \u0111\u1ed9 ) ch\u1ed1t c\u1ed1 \u0111\u1ecbnh, \u0110\u1ea7u gh\u1ebf T\u0103ng\/gi\u1ea3m chi\u1ec1u cao, Tay gh\u1ebf 3D, B\u1ea3n l\u01b0ng thi\u1ebft k\u1ebf chu\u1ea9n \u00f4m s\u00e1t tr\u1ecdn th\u1eaft eo, C\u00f4ng th\u00e1i h\u1ecdc th\u01b0 gi\u00e3n c\u1ed9t s\u1ed1ng l\u01b0ng.<\/td>\n<\/tr>\n<tr class=\"woocommerce-product-attributes-item woocommerce-product-attributes-item--attribute_item-code\" style=\"height: 24px;\">\n<th class=\"woocommerce-product-attributes-item__label\" style=\"width: 12.7412%; height: 24px;\">B\u1ea3o H\u00e0nh<\/th>\n<td class=\"woocommerce-product-attributes-item__value\" style=\"width: 115.968%; height: 24px;\">12 th\u00e1ng<\/td>\n<\/tr>\n<\/tbody>\n<\/table>","protected":false},"excerpt":{"rendered":"<p><strong>Gh\u1ebf L\u00e0m Vi\u1ec7c\u00a0<\/strong>l\u00e0 1 m\u1eabu gh\u1ebf nh\u1eadp kh\u1ea9u tr\u1ef1c ti\u1ebfp c\u1ee7a\u00a0<strong>N\u1ed8I TH\u1ea4T AMA FURNITURE<\/strong>\u00a0, v\u1edbi thi\u1ebft k\u1ebf tinh t\u1ebf , t\u1ed1i gian t\u1ea1o n\u00ean v\u1ebb \u0111\u1eb9p sang tr\u1ecdng cho kh\u00f4ng gian L\u00e0m vi\u1ec7c, V\u0103n ph\u00f2ng, C\u00f4ng ty v.v.<\/p>\n<ul>\n<li>M\u00e3 SP : AMA-CTH-20<\/li>\n<li>Ch\u1ea5t li\u1ec7u :S\u01b0\u1eddn nh\u1ef1a \u0111\u00fac, L\u01b0ng b\u1ecdc s\u1ee3i Polyester, Ch\u00e2n gh\u1ebf th\u00e9p m\u1ea1 crome, Tay gh\u1ebf \u1ed1p nh\u1ef1a m\u1ec1m, n\u1ec7m ng\u1ed3i b\u1ecdc v\u1ea3i, Piston \u0111i\u1ec1u ch\u1ec9nh \u0111\u1ed9 cao th\u1ea5p c\u1ee7a gh\u1ebf, \u0111\u1ea1t ti\u00eau chu\u1ea9n BIFMA c\u1ee7a M\u1ef9.<\/li>\n<li>M\u00e0u s\u1eafc : X\u00c1M<br \/>\nT\u00ednh n\u0103ng :<\/p>\n<ul>\n<li>Ch\u1ea5t l\u01b0\u1ee3ng b\u1ec1n ch\u1eafc, s\u1eed d\u1ee5ng l\u00e2u d\u00e0i<\/li>\n<li>D\u1ec5 d\u00e0ng lau ch\u00f9i, v\u1ec7 sinh<\/li>\n<li>Ch\u1ed1ng va \u0111\u1eadp t\u1ed1t, m\u00e0u s\u1eafc s\u1ed1ng \u0111\u1ed9ng<\/li>\n<\/ul>\n<ul>\n<li>M\u1eb7t gh\u1ebf thi\u1ebft k\u1ebf tinh t\u1ebf d\u1ec5 ng\u1ed3i<\/li>\n<\/ul>\n<\/li>\n<\/ul>","protected":false},"featured_media":21878,"comment_status":"open","ping_status":"closed","template":"","meta":[],"product_cat":[59,70,106,107,109],"product_tag":[124,281],"yoast_head":"<!-- This site is optimized with the Yoast SEO Premium plugin v21.7 (Yoast SEO v21.7) - https:\/\/yoast.com\/wordpress\/plugins\/seo\/ -->\n<title>Gh\u1ebf c\u00f4ng th\u00e1i h\u1ecdc AMA-CTH-20 - AMAFURNI<\/title>\n<meta name=\"description\" content=\"AMA t\u1ef1 h\u00e0o \u0111ang l\u00e0 Nh\u00e0 Ph\u00e2n Ph\u1ed1i c\u00e1c s\u1ea3n ph\u1ea9m : - N\u1ed9i Th\u1ea5t nh\u1eadp kh\u1ea9u : v\u0103n ph\u00f2ng, gia \u0111\u00ecnh, s\u1ea3n xu\u1ea5t thi c\u00f4ng n\u1ed9i th\u1ea5t theo y\u00eau c\u1ea7u.- M\u00e1y l\u1ecdc n\u01b0\u1edbc Unilever PUREIT- \u0110\u1ed3 \u0111i\u1ec7n gia d\u1ee5ng TEFAL, PHILIPSWeb : amafurni.vn \/ dienmayama.com.vnHotline : 0969919449 - 0906963408 - 0936680717\" \/>\n<meta name=\"robots\" content=\"index, follow, max-snippet:-1, max-image-preview:large, max-video-preview:-1\" \/>\n<link rel=\"canonical\" href=\"https:\/\/amafurni.vn\/en\/product\/ghe-cong-thai-hoc-ama-cth-20\/\" \/>\n<meta property=\"og:locale\" content=\"en_US\" \/>\n<meta property=\"og:type\" content=\"article\" \/>\n<meta property=\"og:title\" content=\"Gh\u1ebf c\u00f4ng th\u00e1i h\u1ecdc AMA-CTH-20\" \/>\n<meta property=\"og:description\" content=\"AMA t\u1ef1 h\u00e0o \u0111ang l\u00e0 Nh\u00e0 Ph\u00e2n Ph\u1ed1i c\u00e1c s\u1ea3n ph\u1ea9m : - N\u1ed9i Th\u1ea5t nh\u1eadp kh\u1ea9u : v\u0103n ph\u00f2ng, gia \u0111\u00ecnh, s\u1ea3n xu\u1ea5t thi c\u00f4ng n\u1ed9i th\u1ea5t theo y\u00eau c\u1ea7u.- M\u00e1y l\u1ecdc n\u01b0\u1edbc Unilever PUREIT- \u0110\u1ed3 \u0111i\u1ec7n gia d\u1ee5ng TEFAL, PHILIPSWeb : amafurni.vn \/ dienmayama.com.vnHotline : 0969919449 - 0906963408 - 0936680717\" \/>\n<meta property=\"og:url\" content=\"https:\/\/amafurni.vn\/en\/product\/ghe-cong-thai-hoc-ama-cth-20\/\" \/>\n<meta property=\"og:site_name\" content=\"AMAFURNI\" \/>\n<meta property=\"article:modified_time\" content=\"2025-11-12T07:16:51+00:00\" \/>\n<meta property=\"og:image\" content=\"https:\/\/amafurni.vn\/wp-content\/uploads\/2025\/04\/z6514161782363_5056d684c2d3b4fe27907843b7904c65.jpg\" \/>\n\t<meta property=\"og:image:width\" content=\"800\" \/>\n\t<meta property=\"og:image:height\" content=\"800\" \/>\n\t<meta property=\"og:image:type\" content=\"image\/jpeg\" \/>\n<meta name=\"twitter:card\" content=\"summary_large_image\" \/>\n<meta name=\"twitter:label1\" content=\"Est. reading time\" \/>\n\t<meta name=\"twitter:data1\" content=\"1 minute\" \/>\n<script type=\"application\/ld+json\" class=\"yoast-schema-graph\">{\"@context\":\"https:\/\/schema.org\",\"@graph\":[{\"@type\":\"WebPage\",\"@id\":\"https:\/\/amafurni.vn\/san-pham\/ghe-cong-thai-hoc-ama-cth-20\/\",\"url\":\"https:\/\/amafurni.vn\/san-pham\/ghe-cong-thai-hoc-ama-cth-20\/\",\"name\":\"Gh\u1ebf c\u00f4ng th\u00e1i h\u1ecdc AMA-CTH-20 - AMAFURNI\",\"isPartOf\":{\"@id\":\"https:\/\/amafurni.vn\/#website\"},\"datePublished\":\"2025-04-17T07:22:25+00:00\",\"dateModified\":\"2025-11-12T07:16:51+00:00\",\"description\":\"AMA t\u1ef1 h\u00e0o \u0111ang l\u00e0 Nh\u00e0 Ph\u00e2n Ph\u1ed1i c\u00e1c s\u1ea3n ph\u1ea9m : - N\u1ed9i Th\u1ea5t nh\u1eadp kh\u1ea9u : v\u0103n ph\u00f2ng, gia \u0111\u00ecnh, s\u1ea3n xu\u1ea5t thi c\u00f4ng n\u1ed9i th\u1ea5t theo y\u00eau c\u1ea7u.- M\u00e1y l\u1ecdc n\u01b0\u1edbc Unilever PUREIT- \u0110\u1ed3 \u0111i\u1ec7n gia d\u1ee5ng TEFAL, PHILIPSWeb : amafurni.vn \/ dienmayama.com.vnHotline : 0969919449 - 0906963408 - 0936680717\",\"breadcrumb\":{\"@id\":\"https:\/\/amafurni.vn\/san-pham\/ghe-cong-thai-hoc-ama-cth-20\/#breadcrumb\"},\"inLanguage\":\"en-US\",\"potentialAction\":[{\"@type\":\"ReadAction\",\"target\":[\"https:\/\/amafurni.vn\/san-pham\/ghe-cong-thai-hoc-ama-cth-20\/\"]}]},{\"@type\":\"BreadcrumbList\",\"@id\":\"https:\/\/amafurni.vn\/san-pham\/ghe-cong-thai-hoc-ama-cth-20\/#breadcrumb\",\"itemListElement\":[{\"@type\":\"ListItem\",\"position\":1,\"name\":\"Trang ch\u1ee7\",\"item\":\"https:\/\/amafurni.vn\/\"},{\"@type\":\"ListItem\",\"position\":2,\"name\":\"S\u1ea3n ph\u1ea9m\",\"item\":\"https:\/\/amafurni.vn\/san-pham\/\"},{\"@type\":\"ListItem\",\"position\":3,\"name\":\"Gh\u1ebf c\u00f4ng th\u00e1i h\u1ecdc AMA-CTH-20\"}]},{\"@type\":\"WebSite\",\"@id\":\"https:\/\/amafurni.vn\/#website\",\"url\":\"https:\/\/amafurni.vn\/\",\"name\":\"AMAFURNI\",\"description\":\"\",\"potentialAction\":[{\"@type\":\"SearchAction\",\"target\":{\"@type\":\"EntryPoint\",\"urlTemplate\":\"https:\/\/amafurni.vn\/?s={search_term_string}\"},\"query-input\":\"required name=search_term_string\"}],\"inLanguage\":\"en-US\"}]}<\/script>\n<!-- \/ Yoast SEO Premium plugin. -->","yoast_head_json":{"title":"Gh\u1ebf c\u00f4ng th\u00e1i h\u1ecdc AMA-CTH-20 - AMAFURNI","description":"AMA t\u1ef1 h\u00e0o \u0111ang l\u00e0 Nh\u00e0 Ph\u00e2n Ph\u1ed1i c\u00e1c s\u1ea3n ph\u1ea9m : - N\u1ed9i Th\u1ea5t nh\u1eadp kh\u1ea9u : v\u0103n ph\u00f2ng, gia \u0111\u00ecnh, s\u1ea3n xu\u1ea5t thi c\u00f4ng n\u1ed9i th\u1ea5t theo y\u00eau c\u1ea7u.- M\u00e1y l\u1ecdc n\u01b0\u1edbc Unilever PUREIT- \u0110\u1ed3 \u0111i\u1ec7n gia d\u1ee5ng TEFAL, PHILIPSWeb : amafurni.vn \/ dienmayama.com.vnHotline : 0969919449 - 0906963408 - 0936680717","robots":{"index":"index","follow":"follow","max-snippet":"max-snippet:-1","max-image-preview":"max-image-preview:large","max-video-preview":"max-video-preview:-1"},"canonical":"https:\/\/amafurni.vn\/en\/product\/ghe-cong-thai-hoc-ama-cth-20\/","og_locale":"en_US","og_type":"article","og_title":"Gh\u1ebf c\u00f4ng th\u00e1i h\u1ecdc AMA-CTH-20","og_description":"AMA t\u1ef1 h\u00e0o \u0111ang l\u00e0 Nh\u00e0 Ph\u00e2n Ph\u1ed1i c\u00e1c s\u1ea3n ph\u1ea9m : - N\u1ed9i Th\u1ea5t nh\u1eadp kh\u1ea9u : v\u0103n ph\u00f2ng, gia \u0111\u00ecnh, s\u1ea3n xu\u1ea5t thi c\u00f4ng n\u1ed9i th\u1ea5t theo y\u00eau c\u1ea7u.- M\u00e1y l\u1ecdc n\u01b0\u1edbc Unilever PUREIT- \u0110\u1ed3 \u0111i\u1ec7n gia d\u1ee5ng TEFAL, PHILIPSWeb : amafurni.vn \/ dienmayama.com.vnHotline : 0969919449 - 0906963408 - 0936680717","og_url":"https:\/\/amafurni.vn\/en\/product\/ghe-cong-thai-hoc-ama-cth-20\/","og_site_name":"AMAFURNI","article_modified_time":"2025-11-12T07:16:51+00:00","og_image":[{"width":800,"height":800,"url":"https:\/\/amafurni.vn\/wp-content\/uploads\/2025\/04\/z6514161782363_5056d684c2d3b4fe27907843b7904c65.jpg","type":"image\/jpeg"}],"twitter_card":"summary_large_image","twitter_misc":{"Est. reading time":"1 minute"},"schema":{"@context":"https:\/\/schema.org","@graph":[{"@type":"WebPage","@id":"https:\/\/amafurni.vn\/san-pham\/ghe-cong-thai-hoc-ama-cth-20\/","url":"https:\/\/amafurni.vn\/san-pham\/ghe-cong-thai-hoc-ama-cth-20\/","name":"Gh\u1ebf c\u00f4ng th\u00e1i h\u1ecdc AMA-CTH-20 - AMAFURNI","isPartOf":{"@id":"https:\/\/amafurni.vn\/#website"},"datePublished":"2025-04-17T07:22:25+00:00","dateModified":"2025-11-12T07:16:51+00:00","description":"AMA t\u1ef1 h\u00e0o \u0111ang l\u00e0 Nh\u00e0 Ph\u00e2n Ph\u1ed1i c\u00e1c s\u1ea3n ph\u1ea9m : - N\u1ed9i Th\u1ea5t nh\u1eadp kh\u1ea9u : v\u0103n ph\u00f2ng, gia \u0111\u00ecnh, s\u1ea3n xu\u1ea5t thi c\u00f4ng n\u1ed9i th\u1ea5t theo y\u00eau c\u1ea7u.- M\u00e1y l\u1ecdc n\u01b0\u1edbc Unilever PUREIT- \u0110\u1ed3 \u0111i\u1ec7n gia d\u1ee5ng TEFAL, PHILIPSWeb : amafurni.vn \/ dienmayama.com.vnHotline : 0969919449 - 0906963408 - 0936680717","breadcrumb":{"@id":"https:\/\/amafurni.vn\/san-pham\/ghe-cong-thai-hoc-ama-cth-20\/#breadcrumb"},"inLanguage":"en-US","potentialAction":[{"@type":"ReadAction","target":["https:\/\/amafurni.vn\/san-pham\/ghe-cong-thai-hoc-ama-cth-20\/"]}]},{"@type":"BreadcrumbList","@id":"https:\/\/amafurni.vn\/san-pham\/ghe-cong-thai-hoc-ama-cth-20\/#breadcrumb","itemListElement":[{"@type":"ListItem","position":1,"name":"Trang ch\u1ee7","item":"https:\/\/amafurni.vn\/"},{"@type":"ListItem","position":2,"name":"S\u1ea3n ph\u1ea9m","item":"https:\/\/amafurni.vn\/san-pham\/"},{"@type":"ListItem","position":3,"name":"Gh\u1ebf c\u00f4ng th\u00e1i h\u1ecdc AMA-CTH-20"}]},{"@type":"WebSite","@id":"https:\/\/amafurni.vn\/#website","url":"https:\/\/amafurni.vn\/","name":"AMAFURNI","description":"","potentialAction":[{"@type":"SearchAction","target":{"@type":"EntryPoint","urlTemplate":"https:\/\/amafurni.vn\/?s={search_term_string}"},"query-input":"required name=search_term_string"}],"inLanguage":"en-US"}]}},"_links":{"self":[{"href":"https:\/\/amafurni.vn\/en\/wp-json\/wp\/v2\/product\/21875"}],"collection":[{"href":"https:\/\/amafurni.vn\/en\/wp-json\/wp\/v2\/product"}],"about":[{"href":"https:\/\/amafurni.vn\/en\/wp-json\/wp\/v2\/types\/product"}],"replies":[{"embeddable":true,"href":"https:\/\/amafurni.vn\/en\/wp-json\/wp\/v2\/comments?post=21875"}],"wp:featuredmedia":[{"embeddable":true,"href":"https:\/\/amafurni.vn\/en\/wp-json\/wp\/v2\/media\/21878"}],"wp:attachment":[{"href":"https:\/\/amafurni.vn\/en\/wp-json\/wp\/v2\/media?parent=21875"}],"wp:term":[{"taxonomy":"product_cat","embeddable":true,"href":"https:\/\/amafurni.vn\/en\/wp-json\/wp\/v2\/product_cat?post=21875"},{"taxonomy":"product_tag","embeddable":true,"href":"https:\/\/amafurni.vn\/en\/wp-json\/wp\/v2\/product_tag?post=21875"}],"curies":[{"name":"wp","href":"https:\/\/api.w.org\/{rel}","templated":true}]}}