{"id":22185,"date":"2025-05-28T12:14:25","date_gmt":"2025-05-28T05:14:25","guid":{"rendered":"https:\/\/amafurni.vn\/?post_type=product&#038;p=22185"},"modified":"2026-01-02T23:23:22","modified_gmt":"2026-01-02T16:23:22","slug":"ghe-giam-doc-chinh-dien-ama-rc10541-l2","status":"publish","type":"product","link":"https:\/\/amafurni.vn\/en\/product\/ghe-giam-doc-chinh-dien-ama-rc10541-l2\/","title":{"rendered":"Gh\u1ebf l\u00e0m vi\u1ec7c ng\u1ea3 l\u01b0ng t\u1ef1 \u0111\u1ed9ng AMA-RC10541 (N\u00fat B\u1ea5m)"},"content":{"rendered":"<p><strong>Gh\u1ebf gi\u00e1m \u0111\u1ed1c ng\u1ea3 l\u01b0ng t\u1ef1 \u0111\u1ed9ng AMA-RC10541<\/strong><\/p>\n<table class=\"woocommerce-product-attributes shop_attributes\" style=\"width: 106.146927%; height: 305px;\" width=\"929\">\n<tbody>\n<tr class=\"woocommerce-product-attributes-item woocommerce-product-attributes-item--attribute_season\" style=\"height: 24px;\">\n<th class=\"woocommerce-product-attributes-item__label\" style=\"height: 24px; width: 14.7343%;\">Material<\/th>\n<td class=\"woocommerce-product-attributes-item__value\" style=\"height: 24px; width: 81.1534%;\">Da Th\u1eadt m\u1eb7t ti\u1ebfp x\u00fac, Ch\u00e2n h\u1ee3p kim M\u1ea1 crome<\/td>\n<\/tr>\n<tr class=\"woocommerce-product-attributes-item woocommerce-product-attributes-item--attribute_pa_color\" style=\"height: 24px;\">\n<th class=\"woocommerce-product-attributes-item__label\" style=\"height: 24px; width: 14.7343%;\">M\u00e0u S\u1eafc<\/th>\n<td class=\"woocommerce-product-attributes-item__value\" style=\"height: 24px; width: 81.1534%;\">X\u00c1M, KEM, \u0110EN<\/td>\n<\/tr>\n<tr class=\"woocommerce-product-attributes-item woocommerce-product-attributes-item--attribute_style\" style=\"height: 24px;\">\n<th class=\"woocommerce-product-attributes-item__label\" style=\"height: 24px; width: 14.7343%;\">Size<\/th>\n<td class=\"woocommerce-product-attributes-item__value\" style=\"height: 24px; width: 81.1534%;\">\u00a0800*800*(1200-1300)mm<\/td>\n<\/tr>\n<tr class=\"woocommerce-product-attributes-item woocommerce-product-attributes-item--attribute_pa_material\" style=\"height: 24px;\">\n<th class=\"woocommerce-product-attributes-item__label\" style=\"height: 24px; width: 14.7343%;\">T\u00ednh N\u0103ng<\/th>\n<td class=\"woocommerce-product-attributes-item__value\" style=\"height: 24px; width: 81.1534%;\">Xoay 360 \u0111\u1ed9. T\u0103ng gi\u1ea3m chi\u1ec1u cao, Ng\u1ea3 l\u01b0ng ch\u1ec9nh \u0111i\u1ec7n t\u1ef1 \u0111\u1ed9ng ch\u1ec9 v\u1edbi 1 n\u00fat b\u1ea5m k\u00e8m ch\u00e2n g\u00e1c, \u0110\u1ed9 ng\u1ea3 l\u01b0ng l\u00ean \u0111\u1ebfn 180 \u0111\u1ed9 v\u00f4 c\u00f9ng th\u01b0 gi\u00e3n v\u00e0 \u00eam \u00e1i.<\/td>\n<\/tr>\n<tr class=\"woocommerce-product-attributes-item woocommerce-product-attributes-item--attribute_item-code\" style=\"height: 24px;\">\n<th class=\"woocommerce-product-attributes-item__label\" style=\"height: 24px; width: 14.7343%;\">B\u1ea3o H\u00e0nh<\/th>\n<td class=\"woocommerce-product-attributes-item__value\" style=\"height: 24px; width: 81.1534%;\">12 th\u00e1ng<\/td>\n<\/tr>\n<\/tbody>\n<\/table>","protected":false},"excerpt":{"rendered":"<p><strong>Gh\u1ebf Gi\u00e1m \u0110\u1ed1c ch\u1ec9nh \u0111i\u1ec7n l\u00e0 m\u1eabu gh\u1ebf nh\u1eadp kh\u1ea9u tr\u1ef1c ti\u1ebfp c\u1ee7a N\u1ed8I TH\u1ea4T AMA FURNITURE , v\u1edbi thi\u1ebft k\u1ebf tinh t\u1ebf , t\u1ed1i gian t\u1ea1o n\u00ean v\u1ebb \u0111\u1eb9p sang tr\u1ecdng cho kh\u00f4ng gian L\u00e0m vi\u1ec7c, V\u0103n ph\u00f2ng, C\u00f4ng ty v.v.<\/strong><\/p>\n<p>M\u00e3 SP : AMA-RC10541-<br \/>\nCh\u1ea5t li\u1ec7u : Da Th\u1eadt m\u1eb7t ti\u1ebfp x\u00fac, Ch\u00e2n h\u1ee3p kim m\u1ea1 crome<br \/>\nM\u00e0u s\u1eafc : X\u00c1M, KEM, \u0110EN<br \/>\nK\u00edch th\u01b0\u1edbc : 800*800*(1200-1300)mm<br \/>\nT\u00ednh n\u0103ng : Xoay 360 \u0111\u1ed9. T\u0103ng gi\u1ea3m chi\u1ec1u cao, Ng\u1ea3 l\u01b0ng ch\u1ec9nh \u0111i\u1ec7n t\u1ef1 \u0111\u1ed9ng ch\u1ec9 v\u1edbi 1 n\u00fat b\u1ea5m k\u00e8m ch\u00e2n g\u00e1c, \u0110\u1ed9 ng\u1ea3 l\u01b0ng l\u00ean \u0111\u1ebfn 180 \u0111\u1ed9 v\u00f4 c\u00f9ng th\u01b0 gi\u00e3n v\u00e0 \u00eam \u00e1i.<br \/>\nCh\u1ea5t l\u01b0\u1ee3ng b\u1ec1n ch\u1eafc, s\u1eed d\u1ee5ng l\u00e2u d\u00e0i<br \/>\nD\u1ec5 d\u00e0ng lau ch\u00f9i, v\u1ec7 sinh<br \/>\nCh\u1ed1ng va \u0111\u1eadp t\u1ed1t, m\u00e0u s\u1eafc s\u1ed1ng \u0111\u1ed9ng<\/p>","protected":false},"featured_media":23043,"comment_status":"closed","ping_status":"closed","template":"","meta":[],"product_cat":[59,68,106,653,108],"product_tag":[189,663],"yoast_head":"<!-- This site is optimized with the Yoast SEO Premium plugin v21.7 (Yoast SEO v21.7) - https:\/\/yoast.com\/wordpress\/plugins\/seo\/ -->\n<title>Gh\u1ebf l\u00e0m vi\u1ec7c ng\u1ea3 l\u01b0ng t\u1ef1 \u0111\u1ed9ng AMA-RC10541 (N\u00fat B\u1ea5m) - AMAFURNI<\/title>\n<meta name=\"description\" content=\"Gh\u1ebf gi\u00e1m \u0111\u1ed1c ch\u1ec9nh \u0111i\u1ec7n hi\u1ec7n \u0111\u1ea1i, sang tr\u1ecdng cho v\u0103n ph\u00f2ng...khi ng\u1ed3i l\u00ean mang l\u1ea1i c\u1ea3m gi\u00e1c tho\u1ea3i m\u00e1i, th\u01b0 gi\u1ea3n Hotline AMA Furniture: 0969919449 - 0906963408\" \/>\n<meta name=\"robots\" content=\"index, follow, max-snippet:-1, max-image-preview:large, max-video-preview:-1\" \/>\n<link rel=\"canonical\" href=\"https:\/\/amafurni.vn\/en\/product\/ghe-giam-doc-chinh-dien-ama-rc10541-l2\/\" \/>\n<meta property=\"og:locale\" content=\"en_US\" \/>\n<meta property=\"og:type\" content=\"article\" \/>\n<meta property=\"og:title\" content=\"Gh\u1ebf l\u00e0m vi\u1ec7c ng\u1ea3 l\u01b0ng t\u1ef1 \u0111\u1ed9ng AMA-RC10541 (N\u00fat B\u1ea5m)\" \/>\n<meta property=\"og:description\" content=\"Gh\u1ebf gi\u00e1m \u0111\u1ed1c ch\u1ec9nh \u0111i\u1ec7n hi\u1ec7n \u0111\u1ea1i, sang tr\u1ecdng cho v\u0103n ph\u00f2ng...khi ng\u1ed3i l\u00ean mang l\u1ea1i c\u1ea3m gi\u00e1c tho\u1ea3i m\u00e1i, th\u01b0 gi\u1ea3n Hotline AMA Furniture: 0969919449 - 0906963408\" \/>\n<meta property=\"og:url\" content=\"https:\/\/amafurni.vn\/en\/product\/ghe-giam-doc-chinh-dien-ama-rc10541-l2\/\" \/>\n<meta property=\"og:site_name\" content=\"AMAFURNI\" \/>\n<meta property=\"article:modified_time\" content=\"2026-01-02T16:23:22+00:00\" \/>\n<meta property=\"og:image\" content=\"https:\/\/amafurni.vn\/wp-content\/uploads\/2025\/05\/AMA-RC10541-L2.jpg\" \/>\n\t<meta property=\"og:image:width\" content=\"600\" \/>\n\t<meta property=\"og:image:height\" content=\"600\" \/>\n\t<meta property=\"og:image:type\" content=\"image\/jpeg\" \/>\n<meta name=\"twitter:card\" content=\"summary_large_image\" \/>\n<meta name=\"twitter:label1\" content=\"Est. reading time\" \/>\n\t<meta name=\"twitter:data1\" content=\"1 minute\" \/>\n<script type=\"application\/ld+json\" class=\"yoast-schema-graph\">{\"@context\":\"https:\/\/schema.org\",\"@graph\":[{\"@type\":\"WebPage\",\"@id\":\"https:\/\/amafurni.vn\/san-pham\/ghe-giam-doc-chinh-dien-ama-rc10541-l2\/\",\"url\":\"https:\/\/amafurni.vn\/san-pham\/ghe-giam-doc-chinh-dien-ama-rc10541-l2\/\",\"name\":\"Gh\u1ebf l\u00e0m vi\u1ec7c ng\u1ea3 l\u01b0ng t\u1ef1 \u0111\u1ed9ng AMA-RC10541 (N\u00fat B\u1ea5m) - AMAFURNI\",\"isPartOf\":{\"@id\":\"https:\/\/amafurni.vn\/#website\"},\"datePublished\":\"2025-05-28T05:14:25+00:00\",\"dateModified\":\"2026-01-02T16:23:22+00:00\",\"description\":\"Gh\u1ebf gi\u00e1m \u0111\u1ed1c ch\u1ec9nh \u0111i\u1ec7n hi\u1ec7n \u0111\u1ea1i, sang tr\u1ecdng cho v\u0103n ph\u00f2ng...khi ng\u1ed3i l\u00ean mang l\u1ea1i c\u1ea3m gi\u00e1c tho\u1ea3i m\u00e1i, th\u01b0 gi\u1ea3n Hotline AMA Furniture: 0969919449 - 0906963408\",\"breadcrumb\":{\"@id\":\"https:\/\/amafurni.vn\/san-pham\/ghe-giam-doc-chinh-dien-ama-rc10541-l2\/#breadcrumb\"},\"inLanguage\":\"en-US\",\"potentialAction\":[{\"@type\":\"ReadAction\",\"target\":[\"https:\/\/amafurni.vn\/san-pham\/ghe-giam-doc-chinh-dien-ama-rc10541-l2\/\"]}]},{\"@type\":\"BreadcrumbList\",\"@id\":\"https:\/\/amafurni.vn\/san-pham\/ghe-giam-doc-chinh-dien-ama-rc10541-l2\/#breadcrumb\",\"itemListElement\":[{\"@type\":\"ListItem\",\"position\":1,\"name\":\"Trang ch\u1ee7\",\"item\":\"https:\/\/amafurni.vn\/\"},{\"@type\":\"ListItem\",\"position\":2,\"name\":\"S\u1ea3n ph\u1ea9m\",\"item\":\"https:\/\/amafurni.vn\/san-pham\/\"},{\"@type\":\"ListItem\",\"position\":3,\"name\":\"Gh\u1ebf l\u00e0m vi\u1ec7c ng\u1ea3 l\u01b0ng t\u1ef1 \u0111\u1ed9ng AMA-RC10541 (N\u00fat B\u1ea5m)\"}]},{\"@type\":\"WebSite\",\"@id\":\"https:\/\/amafurni.vn\/#website\",\"url\":\"https:\/\/amafurni.vn\/\",\"name\":\"AMAFURNI\",\"description\":\"\",\"potentialAction\":[{\"@type\":\"SearchAction\",\"target\":{\"@type\":\"EntryPoint\",\"urlTemplate\":\"https:\/\/amafurni.vn\/?s={search_term_string}\"},\"query-input\":\"required name=search_term_string\"}],\"inLanguage\":\"en-US\"}]}<\/script>\n<!-- \/ Yoast SEO Premium plugin. -->","yoast_head_json":{"title":"Gh\u1ebf l\u00e0m vi\u1ec7c ng\u1ea3 l\u01b0ng t\u1ef1 \u0111\u1ed9ng AMA-RC10541 (N\u00fat B\u1ea5m) - AMAFURNI","description":"Gh\u1ebf gi\u00e1m \u0111\u1ed1c ch\u1ec9nh \u0111i\u1ec7n hi\u1ec7n \u0111\u1ea1i, sang tr\u1ecdng cho v\u0103n ph\u00f2ng...khi ng\u1ed3i l\u00ean mang l\u1ea1i c\u1ea3m gi\u00e1c tho\u1ea3i m\u00e1i, th\u01b0 gi\u1ea3n Hotline AMA Furniture: 0969919449 - 0906963408","robots":{"index":"index","follow":"follow","max-snippet":"max-snippet:-1","max-image-preview":"max-image-preview:large","max-video-preview":"max-video-preview:-1"},"canonical":"https:\/\/amafurni.vn\/en\/product\/ghe-giam-doc-chinh-dien-ama-rc10541-l2\/","og_locale":"en_US","og_type":"article","og_title":"Gh\u1ebf l\u00e0m vi\u1ec7c ng\u1ea3 l\u01b0ng t\u1ef1 \u0111\u1ed9ng AMA-RC10541 (N\u00fat B\u1ea5m)","og_description":"Gh\u1ebf gi\u00e1m \u0111\u1ed1c ch\u1ec9nh \u0111i\u1ec7n hi\u1ec7n \u0111\u1ea1i, sang tr\u1ecdng cho v\u0103n ph\u00f2ng...khi ng\u1ed3i l\u00ean mang l\u1ea1i c\u1ea3m gi\u00e1c tho\u1ea3i m\u00e1i, th\u01b0 gi\u1ea3n Hotline AMA Furniture: 0969919449 - 0906963408","og_url":"https:\/\/amafurni.vn\/en\/product\/ghe-giam-doc-chinh-dien-ama-rc10541-l2\/","og_site_name":"AMAFURNI","article_modified_time":"2026-01-02T16:23:22+00:00","og_image":[{"width":600,"height":600,"url":"https:\/\/amafurni.vn\/wp-content\/uploads\/2025\/05\/AMA-RC10541-L2.jpg","type":"image\/jpeg"}],"twitter_card":"summary_large_image","twitter_misc":{"Est. reading time":"1 minute"},"schema":{"@context":"https:\/\/schema.org","@graph":[{"@type":"WebPage","@id":"https:\/\/amafurni.vn\/san-pham\/ghe-giam-doc-chinh-dien-ama-rc10541-l2\/","url":"https:\/\/amafurni.vn\/san-pham\/ghe-giam-doc-chinh-dien-ama-rc10541-l2\/","name":"Gh\u1ebf l\u00e0m vi\u1ec7c ng\u1ea3 l\u01b0ng t\u1ef1 \u0111\u1ed9ng AMA-RC10541 (N\u00fat B\u1ea5m) - AMAFURNI","isPartOf":{"@id":"https:\/\/amafurni.vn\/#website"},"datePublished":"2025-05-28T05:14:25+00:00","dateModified":"2026-01-02T16:23:22+00:00","description":"Gh\u1ebf gi\u00e1m \u0111\u1ed1c ch\u1ec9nh \u0111i\u1ec7n hi\u1ec7n \u0111\u1ea1i, sang tr\u1ecdng cho v\u0103n ph\u00f2ng...khi ng\u1ed3i l\u00ean mang l\u1ea1i c\u1ea3m gi\u00e1c tho\u1ea3i m\u00e1i, th\u01b0 gi\u1ea3n Hotline AMA Furniture: 0969919449 - 0906963408","breadcrumb":{"@id":"https:\/\/amafurni.vn\/san-pham\/ghe-giam-doc-chinh-dien-ama-rc10541-l2\/#breadcrumb"},"inLanguage":"en-US","potentialAction":[{"@type":"ReadAction","target":["https:\/\/amafurni.vn\/san-pham\/ghe-giam-doc-chinh-dien-ama-rc10541-l2\/"]}]},{"@type":"BreadcrumbList","@id":"https:\/\/amafurni.vn\/san-pham\/ghe-giam-doc-chinh-dien-ama-rc10541-l2\/#breadcrumb","itemListElement":[{"@type":"ListItem","position":1,"name":"Trang ch\u1ee7","item":"https:\/\/amafurni.vn\/"},{"@type":"ListItem","position":2,"name":"S\u1ea3n ph\u1ea9m","item":"https:\/\/amafurni.vn\/san-pham\/"},{"@type":"ListItem","position":3,"name":"Gh\u1ebf l\u00e0m vi\u1ec7c ng\u1ea3 l\u01b0ng t\u1ef1 \u0111\u1ed9ng AMA-RC10541 (N\u00fat B\u1ea5m)"}]},{"@type":"WebSite","@id":"https:\/\/amafurni.vn\/#website","url":"https:\/\/amafurni.vn\/","name":"AMAFURNI","description":"","potentialAction":[{"@type":"SearchAction","target":{"@type":"EntryPoint","urlTemplate":"https:\/\/amafurni.vn\/?s={search_term_string}"},"query-input":"required name=search_term_string"}],"inLanguage":"en-US"}]}},"_links":{"self":[{"href":"https:\/\/amafurni.vn\/en\/wp-json\/wp\/v2\/product\/22185"}],"collection":[{"href":"https:\/\/amafurni.vn\/en\/wp-json\/wp\/v2\/product"}],"about":[{"href":"https:\/\/amafurni.vn\/en\/wp-json\/wp\/v2\/types\/product"}],"replies":[{"embeddable":true,"href":"https:\/\/amafurni.vn\/en\/wp-json\/wp\/v2\/comments?post=22185"}],"wp:featuredmedia":[{"embeddable":true,"href":"https:\/\/amafurni.vn\/en\/wp-json\/wp\/v2\/media\/23043"}],"wp:attachment":[{"href":"https:\/\/amafurni.vn\/en\/wp-json\/wp\/v2\/media?parent=22185"}],"wp:term":[{"taxonomy":"product_cat","embeddable":true,"href":"https:\/\/amafurni.vn\/en\/wp-json\/wp\/v2\/product_cat?post=22185"},{"taxonomy":"product_tag","embeddable":true,"href":"https:\/\/amafurni.vn\/en\/wp-json\/wp\/v2\/product_tag?post=22185"}],"curies":[{"name":"wp","href":"https:\/\/api.w.org\/{rel}","templated":true}]}}