{"id":22367,"date":"2025-06-25T22:58:23","date_gmt":"2025-06-25T15:58:23","guid":{"rendered":"https:\/\/amafurni.vn\/?post_type=product&#038;p=22367"},"modified":"2025-11-12T14:16:59","modified_gmt":"2025-11-12T07:16:59","slug":"ghe-cong-thai-hoc-ama-cmb137a","status":"publish","type":"product","link":"https:\/\/amafurni.vn\/en\/product\/ghe-cong-thai-hoc-ama-cmb137a\/","title":{"rendered":"Gh\u1ebf c\u00f4ng th\u00e1i h\u1ecdc AMA-CM-B137A"},"content":{"rendered":"<table class=\"woocommerce-product-attributes shop_attributes\" style=\"width: 102.439182%; height: 220px;\" width=\"929\">\n<tbody>\n<tr class=\"woocommerce-product-attributes-item woocommerce-product-attributes-item--attribute_season\">\n<th class=\"woocommerce-product-attributes-item__label\" style=\"width: 18.172043%;\">Material<\/th>\n<td style=\"width: 81.075269%;\">S\u01b0\u1eddn nh\u1ef1a PP \u0111\u00fac \u0111\u1eb7c, B\u1ecdc s<span style=\"font-family: inherit; font-size: inherit;\">\u1ee3i PA + GF (nylon + <\/span><span style=\"font-family: inherit; font-size: inherit;\">fiberglass) tho\u00e1ng kh\u00ed , <\/span><span style=\"font-family: inherit; font-size: inherit;\">Khung tay gh\u1ebf: nh\u1ef1a PP<\/span><\/p>\n<p>Ch\u00e2n gh\u1ebf th\u00e9p m\u1ea1 crome<\/td>\n<\/tr>\n<tr class=\"woocommerce-product-attributes-item woocommerce-product-attributes-item--attribute_pa_color\">\n<th class=\"woocommerce-product-attributes-item__label\" style=\"width: 18.172043%;\">M\u00e0u S\u1eafc<\/th>\n<td class=\"woocommerce-product-attributes-item__value\" style=\"width: 81.075269%;\">\u0110EN, N\u00c2U<\/td>\n<\/tr>\n<tr class=\"woocommerce-product-attributes-item woocommerce-product-attributes-item--attribute_style\">\n<th class=\"woocommerce-product-attributes-item__label\" style=\"width: 18.172043%;\">T\u1ea3i Tr\u1ecdng T\u1ed1i \u0110a<\/th>\n<td class=\"woocommerce-product-attributes-item__value\" style=\"width: 81.075269%;\">150kg<\/td>\n<\/tr>\n<tr class=\"woocommerce-product-attributes-item woocommerce-product-attributes-item--attribute_pa_material\">\n<th class=\"woocommerce-product-attributes-item__label\" style=\"width: 18.172043%;\">T\u00ednh N\u0103ng<\/th>\n<td class=\"woocommerce-product-attributes-item__value\" style=\"width: 81.075269%;\">Xoay 360 \u0111\u1ed9, T\u0103ng gi\u1ea3m chi\u1ec1u cao, True Tilt (c\u00f3 ch\u1ee9c n\u0103ng kh\u00f3a \/ m\u1edf ng\u1ea3 l\u01b0ng)<\/p>\n<p>Tay gh\u1ebf 3D , T\u1ef1a l\u01b0ng Di chuy\u1ec3n, T\u1ef1a \u0111\u1ea7u di chuy\u1ec3n, Tr\u01b0\u1ee3t n\u1ec7m ng\u1ed3i.<\/td>\n<\/tr>\n<tr class=\"woocommerce-product-attributes-item woocommerce-product-attributes-item--attribute_item-code\">\n<th class=\"woocommerce-product-attributes-item__label\" style=\"width: 18.172043%;\">B\u1ea3o H\u00e0nh<\/th>\n<td class=\"woocommerce-product-attributes-item__value\" style=\"width: 81.075269%;\">12 th\u00e1ng<\/td>\n<\/tr>\n<\/tbody>\n<\/table>","protected":false},"excerpt":{"rendered":"<p>Ch\u1ea5t Li\u1ec7u S\u01b0\u1eddn nh\u1ef1a PP \u0111\u00fac \u0111\u1eb7c, B\u1ecdc s\u1ee3i PA + GF (nylon + fiberglass) tho\u00e1ng kh\u00ed , Khung tay gh\u1ebf: nh\u1ef1a PP Ch\u00e2n gh\u1ebf th\u00e9p m\u1ea1 crome M\u00e0u S\u1eafc \u0110EN, N\u00c2U T\u1ea3i Tr\u1ecdng T\u1ed1i \u0110a 150kg T\u00ednh N\u0103ng Xoay 360 \u0111\u1ed9, T\u0103ng gi\u1ea3m chi\u1ec1u cao, True Tilt (c\u00f3 ch\u1ee9c n\u0103ng kh\u00f3a \/ m\u1edf ng\u1ea3 [&hellip;]<\/p>","protected":false},"featured_media":22368,"comment_status":"closed","ping_status":"closed","template":"","meta":[],"product_cat":[59,71,107],"product_tag":[176,719],"yoast_head":"<!-- This site is optimized with the Yoast SEO Premium plugin v21.7 (Yoast SEO v21.7) - https:\/\/yoast.com\/wordpress\/plugins\/seo\/ -->\n<title>Gh\u1ebf c\u00f4ng th\u00e1i h\u1ecdc AMA-CM-B137A - AMAFURNI<\/title>\n<meta name=\"robots\" content=\"index, follow, max-snippet:-1, max-image-preview:large, max-video-preview:-1\" \/>\n<link rel=\"canonical\" href=\"https:\/\/amafurni.vn\/en\/product\/ghe-cong-thai-hoc-ama-cmb137a\/\" \/>\n<meta property=\"og:locale\" content=\"en_US\" \/>\n<meta property=\"og:type\" content=\"article\" \/>\n<meta property=\"og:title\" content=\"Gh\u1ebf c\u00f4ng th\u00e1i h\u1ecdc AMA-CM-B137A\" \/>\n<meta property=\"og:description\" content=\"Ch\u1ea5t Li\u1ec7u S\u01b0\u1eddn nh\u1ef1a PP \u0111\u00fac \u0111\u1eb7c, B\u1ecdc s\u1ee3i PA + GF (nylon + fiberglass) tho\u00e1ng kh\u00ed , Khung tay gh\u1ebf: nh\u1ef1a PP Ch\u00e2n gh\u1ebf th\u00e9p m\u1ea1 crome M\u00e0u S\u1eafc \u0110EN, N\u00c2U T\u1ea3i Tr\u1ecdng T\u1ed1i \u0110a 150kg T\u00ednh N\u0103ng Xoay 360 \u0111\u1ed9, T\u0103ng gi\u1ea3m chi\u1ec1u cao, True Tilt (c\u00f3 ch\u1ee9c n\u0103ng kh\u00f3a \/ m\u1edf ng\u1ea3 [&hellip;]\" \/>\n<meta property=\"og:url\" content=\"https:\/\/amafurni.vn\/en\/product\/ghe-cong-thai-hoc-ama-cmb137a\/\" \/>\n<meta property=\"og:site_name\" content=\"AMAFURNI\" \/>\n<meta property=\"article:modified_time\" content=\"2025-11-12T07:16:59+00:00\" \/>\n<meta property=\"og:image\" content=\"https:\/\/amafurni.vn\/wp-content\/uploads\/2025\/06\/CM-B137A-DEN.1.png\" \/>\n\t<meta property=\"og:image:width\" content=\"1142\" \/>\n\t<meta property=\"og:image:height\" content=\"1296\" \/>\n\t<meta property=\"og:image:type\" content=\"image\/png\" \/>\n<meta name=\"twitter:card\" content=\"summary_large_image\" \/>\n<meta name=\"twitter:label1\" content=\"Est. reading time\" \/>\n\t<meta name=\"twitter:data1\" content=\"1 minute\" \/>\n<script type=\"application\/ld+json\" class=\"yoast-schema-graph\">{\"@context\":\"https:\/\/schema.org\",\"@graph\":[{\"@type\":\"WebPage\",\"@id\":\"https:\/\/amafurni.vn\/san-pham\/ghe-cong-thai-hoc-ama-cmb137a\/\",\"url\":\"https:\/\/amafurni.vn\/san-pham\/ghe-cong-thai-hoc-ama-cmb137a\/\",\"name\":\"Gh\u1ebf c\u00f4ng th\u00e1i h\u1ecdc AMA-CM-B137A - AMAFURNI\",\"isPartOf\":{\"@id\":\"https:\/\/amafurni.vn\/#website\"},\"datePublished\":\"2025-06-25T15:58:23+00:00\",\"dateModified\":\"2025-11-12T07:16:59+00:00\",\"breadcrumb\":{\"@id\":\"https:\/\/amafurni.vn\/san-pham\/ghe-cong-thai-hoc-ama-cmb137a\/#breadcrumb\"},\"inLanguage\":\"en-US\",\"potentialAction\":[{\"@type\":\"ReadAction\",\"target\":[\"https:\/\/amafurni.vn\/san-pham\/ghe-cong-thai-hoc-ama-cmb137a\/\"]}]},{\"@type\":\"BreadcrumbList\",\"@id\":\"https:\/\/amafurni.vn\/san-pham\/ghe-cong-thai-hoc-ama-cmb137a\/#breadcrumb\",\"itemListElement\":[{\"@type\":\"ListItem\",\"position\":1,\"name\":\"Trang ch\u1ee7\",\"item\":\"https:\/\/amafurni.vn\/\"},{\"@type\":\"ListItem\",\"position\":2,\"name\":\"S\u1ea3n ph\u1ea9m\",\"item\":\"https:\/\/amafurni.vn\/san-pham\/\"},{\"@type\":\"ListItem\",\"position\":3,\"name\":\"Gh\u1ebf c\u00f4ng th\u00e1i h\u1ecdc AMA-CM-B137A\"}]},{\"@type\":\"WebSite\",\"@id\":\"https:\/\/amafurni.vn\/#website\",\"url\":\"https:\/\/amafurni.vn\/\",\"name\":\"AMAFURNI\",\"description\":\"\",\"potentialAction\":[{\"@type\":\"SearchAction\",\"target\":{\"@type\":\"EntryPoint\",\"urlTemplate\":\"https:\/\/amafurni.vn\/?s={search_term_string}\"},\"query-input\":\"required name=search_term_string\"}],\"inLanguage\":\"en-US\"}]}<\/script>\n<!-- \/ Yoast SEO Premium plugin. -->","yoast_head_json":{"title":"Gh\u1ebf c\u00f4ng th\u00e1i h\u1ecdc AMA-CM-B137A - AMAFURNI","robots":{"index":"index","follow":"follow","max-snippet":"max-snippet:-1","max-image-preview":"max-image-preview:large","max-video-preview":"max-video-preview:-1"},"canonical":"https:\/\/amafurni.vn\/en\/product\/ghe-cong-thai-hoc-ama-cmb137a\/","og_locale":"en_US","og_type":"article","og_title":"Gh\u1ebf c\u00f4ng th\u00e1i h\u1ecdc AMA-CM-B137A","og_description":"Ch\u1ea5t Li\u1ec7u S\u01b0\u1eddn nh\u1ef1a PP \u0111\u00fac \u0111\u1eb7c, B\u1ecdc s\u1ee3i PA + GF (nylon + fiberglass) tho\u00e1ng kh\u00ed , Khung tay gh\u1ebf: nh\u1ef1a PP Ch\u00e2n gh\u1ebf th\u00e9p m\u1ea1 crome M\u00e0u S\u1eafc \u0110EN, N\u00c2U T\u1ea3i Tr\u1ecdng T\u1ed1i \u0110a 150kg T\u00ednh N\u0103ng Xoay 360 \u0111\u1ed9, T\u0103ng gi\u1ea3m chi\u1ec1u cao, True Tilt (c\u00f3 ch\u1ee9c n\u0103ng kh\u00f3a \/ m\u1edf ng\u1ea3 [&hellip;]","og_url":"https:\/\/amafurni.vn\/en\/product\/ghe-cong-thai-hoc-ama-cmb137a\/","og_site_name":"AMAFURNI","article_modified_time":"2025-11-12T07:16:59+00:00","og_image":[{"width":1142,"height":1296,"url":"https:\/\/amafurni.vn\/wp-content\/uploads\/2025\/06\/CM-B137A-DEN.1.png","type":"image\/png"}],"twitter_card":"summary_large_image","twitter_misc":{"Est. reading time":"1 minute"},"schema":{"@context":"https:\/\/schema.org","@graph":[{"@type":"WebPage","@id":"https:\/\/amafurni.vn\/san-pham\/ghe-cong-thai-hoc-ama-cmb137a\/","url":"https:\/\/amafurni.vn\/san-pham\/ghe-cong-thai-hoc-ama-cmb137a\/","name":"Gh\u1ebf c\u00f4ng th\u00e1i h\u1ecdc AMA-CM-B137A - AMAFURNI","isPartOf":{"@id":"https:\/\/amafurni.vn\/#website"},"datePublished":"2025-06-25T15:58:23+00:00","dateModified":"2025-11-12T07:16:59+00:00","breadcrumb":{"@id":"https:\/\/amafurni.vn\/san-pham\/ghe-cong-thai-hoc-ama-cmb137a\/#breadcrumb"},"inLanguage":"en-US","potentialAction":[{"@type":"ReadAction","target":["https:\/\/amafurni.vn\/san-pham\/ghe-cong-thai-hoc-ama-cmb137a\/"]}]},{"@type":"BreadcrumbList","@id":"https:\/\/amafurni.vn\/san-pham\/ghe-cong-thai-hoc-ama-cmb137a\/#breadcrumb","itemListElement":[{"@type":"ListItem","position":1,"name":"Trang ch\u1ee7","item":"https:\/\/amafurni.vn\/"},{"@type":"ListItem","position":2,"name":"S\u1ea3n ph\u1ea9m","item":"https:\/\/amafurni.vn\/san-pham\/"},{"@type":"ListItem","position":3,"name":"Gh\u1ebf c\u00f4ng th\u00e1i h\u1ecdc AMA-CM-B137A"}]},{"@type":"WebSite","@id":"https:\/\/amafurni.vn\/#website","url":"https:\/\/amafurni.vn\/","name":"AMAFURNI","description":"","potentialAction":[{"@type":"SearchAction","target":{"@type":"EntryPoint","urlTemplate":"https:\/\/amafurni.vn\/?s={search_term_string}"},"query-input":"required name=search_term_string"}],"inLanguage":"en-US"}]}},"_links":{"self":[{"href":"https:\/\/amafurni.vn\/en\/wp-json\/wp\/v2\/product\/22367"}],"collection":[{"href":"https:\/\/amafurni.vn\/en\/wp-json\/wp\/v2\/product"}],"about":[{"href":"https:\/\/amafurni.vn\/en\/wp-json\/wp\/v2\/types\/product"}],"replies":[{"embeddable":true,"href":"https:\/\/amafurni.vn\/en\/wp-json\/wp\/v2\/comments?post=22367"}],"wp:featuredmedia":[{"embeddable":true,"href":"https:\/\/amafurni.vn\/en\/wp-json\/wp\/v2\/media\/22368"}],"wp:attachment":[{"href":"https:\/\/amafurni.vn\/en\/wp-json\/wp\/v2\/media?parent=22367"}],"wp:term":[{"taxonomy":"product_cat","embeddable":true,"href":"https:\/\/amafurni.vn\/en\/wp-json\/wp\/v2\/product_cat?post=22367"},{"taxonomy":"product_tag","embeddable":true,"href":"https:\/\/amafurni.vn\/en\/wp-json\/wp\/v2\/product_tag?post=22367"}],"curies":[{"name":"wp","href":"https:\/\/api.w.org\/{rel}","templated":true}]}}