{"id":22544,"date":"2025-07-04T09:34:34","date_gmt":"2025-07-04T02:34:34","guid":{"rendered":"https:\/\/amafurni.vn\/?post_type=product&#038;p=22544"},"modified":"2025-11-12T14:17:06","modified_gmt":"2025-11-12T07:17:06","slug":"ban-lam-viec-ama-819-km","status":"publish","type":"product","link":"https:\/\/amafurni.vn\/en\/product\/ban-lam-viec-ama-819-km\/","title":{"rendered":"B\u00e0n gi\u00e1m \u0111\u1ed1c m\u1eb7t \u0111\u00e1 AMA-819-KM"},"content":{"rendered":"<p><strong>B\u00e0n gi\u00e1m \u0111\u1ed1c m\u1eb7t \u0111\u00e1 AMA-819-KM<\/strong><\/p>\n<table class=\"woocommerce-product-attributes shop_attributes\" style=\"width: 99.7117%;height: 249px\" width=\"929\">\n<tbody>\n<tr class=\"woocommerce-product-attributes-item woocommerce-product-attributes-item--attribute_season\" style=\"height: 52px\">\n<th class=\"woocommerce-product-attributes-item__label\" style=\"height: 52px;width: 23.1351%\">Material<\/th>\n<td class=\"woocommerce-product-attributes-item__value\" style=\"height: 52px;width: 74.9189%\">\n<div dir=\"ltr\">\n<div class=\"input-box\">\n<div id=\"waffle-rich-text-editor\" class=\"cell-input editable\" dir=\"ltr\" role=\"combobox\" aria-label=\"C38\">M\u1eb7t \u0111\u00e1 phi\u1ebfn, G\u1ed7 s\u01a1n PU<\/div>\n<\/div>\n<\/div>\n<\/td>\n<\/tr>\n<tr class=\"woocommerce-product-attributes-item woocommerce-product-attributes-item--attribute_pa_color\" style=\"height: 48px\">\n<th class=\"woocommerce-product-attributes-item__label\" style=\"height: 48px;width: 23.1351%\">M\u00e0u S\u1eafc<\/th>\n<td class=\"woocommerce-product-attributes-item__value\" style=\"height: 48px;width: 74.9189%\">Nh\u01b0 h\u00ecnh \u1ea3nh<\/td>\n<\/tr>\n<tr class=\"woocommerce-product-attributes-item woocommerce-product-attributes-item--attribute_style\" style=\"height: 50px\">\n<th class=\"woocommerce-product-attributes-item__label\" style=\"height: 50px;width: 23.1351%\">Size<\/th>\n<td class=\"woocommerce-product-attributes-item__value\" style=\"width: 74.9189%\">1800*700*750mm<\/td>\n<\/tr>\n<tr class=\"woocommerce-product-attributes-item woocommerce-product-attributes-item--attribute_pa_material\" style=\"height: 53px\">\n<th class=\"woocommerce-product-attributes-item__label\" style=\"height: 53px;width: 23.1351%\">Bao g\u1ed3m<\/th>\n<td class=\"woocommerce-product-attributes-item__value\" style=\"height: 53px;width: 74.9189%\">1 b\u00e0n v\u00e0 1 t\u1ee7<\/td>\n<\/tr>\n<tr class=\"woocommerce-product-attributes-item woocommerce-product-attributes-item--attribute_item-code\" style=\"height: 46px\">\n<th class=\"woocommerce-product-attributes-item__label\" style=\"height: 46px;width: 23.1351%\">B\u1ea3o H\u00e0nh<\/th>\n<td class=\"woocommerce-product-attributes-item__value\" style=\"height: 46px;width: 74.9189%\">1 n\u0103m<\/td>\n<\/tr>\n<\/tbody>\n<\/table>","protected":false},"excerpt":{"rendered":"<p><strong>Director&#039;s desk\u00a0<\/strong>l\u00e0 1 m\u1eabu gh\u1ebf nh\u1eadp kh\u1ea9u tr\u1ef1c ti\u1ebfp c\u1ee7a\u00a0<strong>N\u1ed8I TH\u1ea4T AMA FURNITURE<\/strong>\u00a0, v\u1edbi thi\u1ebft k\u1ebf tinh t\u1ebf , t\u1ed1i gian t\u1ea1o n\u00ean v\u1ebb \u0111\u1eb9p sang tr\u1ecdng cho kh\u00f4ng gian L\u00e0m vi\u1ec7c, V\u0103n ph\u00f2ng, C\u00f4ng ty v.v.<\/p>\n<p>T\u00ednh n\u0103ng :<\/p>\n<ul>\n<li>Ch\u1ea5t l\u01b0\u1ee3ng b\u1ec1n ch\u1eafc, s\u1eed d\u1ee5ng l\u00e2u d\u00e0i<\/li>\n<li>D\u1ec5 d\u00e0ng lau ch\u00f9i, v\u1ec7 sinh<\/li>\n<li>Ch\u1ed1ng va \u0111\u1eadp t\u1ed1t, m\u00e0u s\u1eafc s\u1ed1ng \u0111\u1ed9ng<\/li>\n<li>M\u1eb7t gh\u1ebf thi\u1ebft k\u1ebf tinh t\u1ebf d\u1ec5 ng\u1ed3i<\/li>\n<\/ul>","protected":false},"featured_media":22547,"comment_status":"closed","ping_status":"closed","template":"","meta":[],"product_cat":[59,75,728],"product_tag":[233,741],"yoast_head":"<!-- This site is optimized with the Yoast SEO Premium plugin v21.7 (Yoast SEO v21.7) - https:\/\/yoast.com\/wordpress\/plugins\/seo\/ -->\n<title>B\u00e0n gi\u00e1m \u0111\u1ed1c m\u1eb7t \u0111\u00e1 AMA-819-KM - AMAFURNI<\/title>\n<meta name=\"description\" content=\"B\u00e0n gi\u00e1m \u0111\u1ed1c m\u1eb7t \u0111\u00e1 hi\u1ec7n \u0111\u1ea1i, sang tr\u1ecdng cho v\u0103n ph\u00f2ng...khi ng\u1ed3i l\u00ean mang l\u1ea1i c\u1ea3m gi\u00e1c tho\u1ea3i m\u00e1i Hotline AMA Furniture: 0969919449 - 0906963408\" \/>\n<meta name=\"robots\" content=\"index, follow, max-snippet:-1, max-image-preview:large, max-video-preview:-1\" \/>\n<link rel=\"canonical\" href=\"https:\/\/amafurni.vn\/en\/product\/ban-lam-viec-ama-819-km\/\" \/>\n<meta property=\"og:locale\" content=\"en_US\" \/>\n<meta property=\"og:type\" content=\"article\" \/>\n<meta property=\"og:title\" content=\"B\u00e0n gi\u00e1m \u0111\u1ed1c m\u1eb7t \u0111\u00e1 AMA-819-KM\" \/>\n<meta property=\"og:description\" content=\"B\u00e0n gi\u00e1m \u0111\u1ed1c m\u1eb7t \u0111\u00e1 hi\u1ec7n \u0111\u1ea1i, sang tr\u1ecdng cho v\u0103n ph\u00f2ng...khi ng\u1ed3i l\u00ean mang l\u1ea1i c\u1ea3m gi\u00e1c tho\u1ea3i m\u00e1i Hotline AMA Furniture: 0969919449 - 0906963408\" \/>\n<meta property=\"og:url\" content=\"https:\/\/amafurni.vn\/en\/product\/ban-lam-viec-ama-819-km\/\" \/>\n<meta property=\"og:site_name\" content=\"AMAFURNI\" \/>\n<meta property=\"article:modified_time\" content=\"2025-11-12T07:17:06+00:00\" \/>\n<meta property=\"og:image\" content=\"https:\/\/amafurni.vn\/wp-content\/uploads\/2025\/07\/2487fb9a-5280-4967-83f8-23069df4d7d7.jpeg\" \/>\n\t<meta property=\"og:image:width\" content=\"1175\" \/>\n\t<meta property=\"og:image:height\" content=\"889\" \/>\n\t<meta property=\"og:image:type\" content=\"image\/jpeg\" \/>\n<meta name=\"twitter:card\" content=\"summary_large_image\" \/>\n<meta name=\"twitter:label1\" content=\"Est. reading time\" \/>\n\t<meta name=\"twitter:data1\" content=\"1 minute\" \/>\n<script type=\"application\/ld+json\" class=\"yoast-schema-graph\">{\"@context\":\"https:\/\/schema.org\",\"@graph\":[{\"@type\":\"WebPage\",\"@id\":\"https:\/\/amafurni.vn\/san-pham\/ban-lam-viec-ama-819-km\/\",\"url\":\"https:\/\/amafurni.vn\/san-pham\/ban-lam-viec-ama-819-km\/\",\"name\":\"B\u00e0n gi\u00e1m \u0111\u1ed1c m\u1eb7t \u0111\u00e1 AMA-819-KM - AMAFURNI\",\"isPartOf\":{\"@id\":\"https:\/\/amafurni.vn\/#website\"},\"datePublished\":\"2025-07-04T02:34:34+00:00\",\"dateModified\":\"2025-11-12T07:17:06+00:00\",\"description\":\"B\u00e0n gi\u00e1m \u0111\u1ed1c m\u1eb7t \u0111\u00e1 hi\u1ec7n \u0111\u1ea1i, sang tr\u1ecdng cho v\u0103n ph\u00f2ng...khi ng\u1ed3i l\u00ean mang l\u1ea1i c\u1ea3m gi\u00e1c tho\u1ea3i m\u00e1i Hotline AMA Furniture: 0969919449 - 0906963408\",\"breadcrumb\":{\"@id\":\"https:\/\/amafurni.vn\/san-pham\/ban-lam-viec-ama-819-km\/#breadcrumb\"},\"inLanguage\":\"en-US\",\"potentialAction\":[{\"@type\":\"ReadAction\",\"target\":[\"https:\/\/amafurni.vn\/san-pham\/ban-lam-viec-ama-819-km\/\"]}]},{\"@type\":\"BreadcrumbList\",\"@id\":\"https:\/\/amafurni.vn\/san-pham\/ban-lam-viec-ama-819-km\/#breadcrumb\",\"itemListElement\":[{\"@type\":\"ListItem\",\"position\":1,\"name\":\"Trang ch\u1ee7\",\"item\":\"https:\/\/amafurni.vn\/\"},{\"@type\":\"ListItem\",\"position\":2,\"name\":\"S\u1ea3n ph\u1ea9m\",\"item\":\"https:\/\/amafurni.vn\/san-pham\/\"},{\"@type\":\"ListItem\",\"position\":3,\"name\":\"B\u00e0n gi\u00e1m \u0111\u1ed1c m\u1eb7t \u0111\u00e1 AMA-819-KM\"}]},{\"@type\":\"WebSite\",\"@id\":\"https:\/\/amafurni.vn\/#website\",\"url\":\"https:\/\/amafurni.vn\/\",\"name\":\"AMAFURNI\",\"description\":\"\",\"potentialAction\":[{\"@type\":\"SearchAction\",\"target\":{\"@type\":\"EntryPoint\",\"urlTemplate\":\"https:\/\/amafurni.vn\/?s={search_term_string}\"},\"query-input\":\"required name=search_term_string\"}],\"inLanguage\":\"en-US\"}]}<\/script>\n<!-- \/ Yoast SEO Premium plugin. -->","yoast_head_json":{"title":"B\u00e0n gi\u00e1m \u0111\u1ed1c m\u1eb7t \u0111\u00e1 AMA-819-KM - AMAFURNI","description":"B\u00e0n gi\u00e1m \u0111\u1ed1c m\u1eb7t \u0111\u00e1 hi\u1ec7n \u0111\u1ea1i, sang tr\u1ecdng cho v\u0103n ph\u00f2ng...khi ng\u1ed3i l\u00ean mang l\u1ea1i c\u1ea3m gi\u00e1c tho\u1ea3i m\u00e1i Hotline AMA Furniture: 0969919449 - 0906963408","robots":{"index":"index","follow":"follow","max-snippet":"max-snippet:-1","max-image-preview":"max-image-preview:large","max-video-preview":"max-video-preview:-1"},"canonical":"https:\/\/amafurni.vn\/en\/product\/ban-lam-viec-ama-819-km\/","og_locale":"en_US","og_type":"article","og_title":"B\u00e0n gi\u00e1m \u0111\u1ed1c m\u1eb7t \u0111\u00e1 AMA-819-KM","og_description":"B\u00e0n gi\u00e1m \u0111\u1ed1c m\u1eb7t \u0111\u00e1 hi\u1ec7n \u0111\u1ea1i, sang tr\u1ecdng cho v\u0103n ph\u00f2ng...khi ng\u1ed3i l\u00ean mang l\u1ea1i c\u1ea3m gi\u00e1c tho\u1ea3i m\u00e1i Hotline AMA Furniture: 0969919449 - 0906963408","og_url":"https:\/\/amafurni.vn\/en\/product\/ban-lam-viec-ama-819-km\/","og_site_name":"AMAFURNI","article_modified_time":"2025-11-12T07:17:06+00:00","og_image":[{"width":1175,"height":889,"url":"https:\/\/amafurni.vn\/wp-content\/uploads\/2025\/07\/2487fb9a-5280-4967-83f8-23069df4d7d7.jpeg","type":"image\/jpeg"}],"twitter_card":"summary_large_image","twitter_misc":{"Est. reading time":"1 minute"},"schema":{"@context":"https:\/\/schema.org","@graph":[{"@type":"WebPage","@id":"https:\/\/amafurni.vn\/san-pham\/ban-lam-viec-ama-819-km\/","url":"https:\/\/amafurni.vn\/san-pham\/ban-lam-viec-ama-819-km\/","name":"B\u00e0n gi\u00e1m \u0111\u1ed1c m\u1eb7t \u0111\u00e1 AMA-819-KM - AMAFURNI","isPartOf":{"@id":"https:\/\/amafurni.vn\/#website"},"datePublished":"2025-07-04T02:34:34+00:00","dateModified":"2025-11-12T07:17:06+00:00","description":"B\u00e0n gi\u00e1m \u0111\u1ed1c m\u1eb7t \u0111\u00e1 hi\u1ec7n \u0111\u1ea1i, sang tr\u1ecdng cho v\u0103n ph\u00f2ng...khi ng\u1ed3i l\u00ean mang l\u1ea1i c\u1ea3m gi\u00e1c tho\u1ea3i m\u00e1i Hotline AMA Furniture: 0969919449 - 0906963408","breadcrumb":{"@id":"https:\/\/amafurni.vn\/san-pham\/ban-lam-viec-ama-819-km\/#breadcrumb"},"inLanguage":"en-US","potentialAction":[{"@type":"ReadAction","target":["https:\/\/amafurni.vn\/san-pham\/ban-lam-viec-ama-819-km\/"]}]},{"@type":"BreadcrumbList","@id":"https:\/\/amafurni.vn\/san-pham\/ban-lam-viec-ama-819-km\/#breadcrumb","itemListElement":[{"@type":"ListItem","position":1,"name":"Trang ch\u1ee7","item":"https:\/\/amafurni.vn\/"},{"@type":"ListItem","position":2,"name":"S\u1ea3n ph\u1ea9m","item":"https:\/\/amafurni.vn\/san-pham\/"},{"@type":"ListItem","position":3,"name":"B\u00e0n gi\u00e1m \u0111\u1ed1c m\u1eb7t \u0111\u00e1 AMA-819-KM"}]},{"@type":"WebSite","@id":"https:\/\/amafurni.vn\/#website","url":"https:\/\/amafurni.vn\/","name":"AMAFURNI","description":"","potentialAction":[{"@type":"SearchAction","target":{"@type":"EntryPoint","urlTemplate":"https:\/\/amafurni.vn\/?s={search_term_string}"},"query-input":"required name=search_term_string"}],"inLanguage":"en-US"}]}},"_links":{"self":[{"href":"https:\/\/amafurni.vn\/en\/wp-json\/wp\/v2\/product\/22544"}],"collection":[{"href":"https:\/\/amafurni.vn\/en\/wp-json\/wp\/v2\/product"}],"about":[{"href":"https:\/\/amafurni.vn\/en\/wp-json\/wp\/v2\/types\/product"}],"replies":[{"embeddable":true,"href":"https:\/\/amafurni.vn\/en\/wp-json\/wp\/v2\/comments?post=22544"}],"wp:featuredmedia":[{"embeddable":true,"href":"https:\/\/amafurni.vn\/en\/wp-json\/wp\/v2\/media\/22547"}],"wp:attachment":[{"href":"https:\/\/amafurni.vn\/en\/wp-json\/wp\/v2\/media?parent=22544"}],"wp:term":[{"taxonomy":"product_cat","embeddable":true,"href":"https:\/\/amafurni.vn\/en\/wp-json\/wp\/v2\/product_cat?post=22544"},{"taxonomy":"product_tag","embeddable":true,"href":"https:\/\/amafurni.vn\/en\/wp-json\/wp\/v2\/product_tag?post=22544"}],"curies":[{"name":"wp","href":"https:\/\/api.w.org\/{rel}","templated":true}]}}