{"id":2294,"date":"2023-12-06T11:09:11","date_gmt":"2023-12-06T04:09:11","guid":{"rendered":"https:\/\/amafurni.123websitedev.com\/san-pham\/ghe-lam-viec-chan-xoay-ama-m1085-01\/"},"modified":"2025-11-12T14:10:25","modified_gmt":"2025-11-12T07:10:25","slug":"ghe-lam-viec-chan-xoay-ama-m1085-01","status":"publish","type":"product","link":"https:\/\/amafurni.vn\/en\/product\/ghe-lam-viec-chan-xoay-ama-m1085-01\/","title":{"rendered":"Gh\u1ebf AMA-M1085-01"},"content":{"rendered":"<table class=\"woocommerce-product-attributes shop_attributes\" style=\"width: 99.3849%;height: 300px\" width=\"929\">\n<tbody>\n<tr class=\"woocommerce-product-attributes-item woocommerce-product-attributes-item--attribute_season\" style=\"height: 72px\">\n<th class=\"woocommerce-product-attributes-item__label\" style=\"height: 72px;width: 9.72973%\">Material<\/th>\n<td class=\"woocommerce-product-attributes-item__value\" style=\"height: 72px;width: 88.1081%\">T\u1ef1a \u0111\u1ea7u b\u1ecdc l\u01b0\u1edbi. T\u1ef1a l\u01b0ng gh\u1ebf khung b\u1eb1ng nh\u1ef1a, b\u1ecdc l\u01b0\u1edbi. N\u1ec7m b\u1ecdc v\u1ea3i\/vynil. Phu\u1ed9c: M\u1ea1 chrome. Ch\u00e2n gh\u1ebf b\u1eb1ng s\u1eaft m\u1ea1 chrome<\/td>\n<\/tr>\n<tr class=\"woocommerce-product-attributes-item woocommerce-product-attributes-item--attribute_pa_color\" style=\"height: 45px\">\n<th class=\"woocommerce-product-attributes-item__label\" style=\"height: 45px;width: 9.72973%\">M\u00e0u S\u1eafc<\/th>\n<td class=\"woocommerce-product-attributes-item__value\" style=\"height: 45px;width: 88.1081%\">Nh\u01b0 h\u00ecnh \u1ea3nh<\/td>\n<\/tr>\n<tr class=\"woocommerce-product-attributes-item woocommerce-product-attributes-item--attribute_style\" style=\"height: 82px\">\n<th class=\"woocommerce-product-attributes-item__label\" style=\"height: 82px;width: 9.72973%\">Size<\/th>\n<td class=\"woocommerce-product-attributes-item__value\" style=\"height: 82px;width: 88.1081%\">680*520*(1210-1290)*mm<\/td>\n<\/tr>\n<tr class=\"woocommerce-product-attributes-item woocommerce-product-attributes-item--attribute_pa_material\" style=\"height: 48px\">\n<th class=\"woocommerce-product-attributes-item__label\" style=\"height: 48px;width: 9.72973%\">T\u00ednh N\u0103ng<\/th>\n<td class=\"woocommerce-product-attributes-item__value\" style=\"height: 48px;width: 88.1081%\">Xoay 360 \u0111\u1ed9, T\u0103ng\/gi\u1ea3m chi\u1ec1u cao, T\u1ef1a \u0111\u1ea7u t\u0103ng\/ gi\u1ea3m chi\u1ec1u cao, G\u1eadt g\u00f9 th\u01b0 gi\u1ea3n<\/td>\n<\/tr>\n<tr class=\"woocommerce-product-attributes-item woocommerce-product-attributes-item--attribute_item-code\" style=\"height: 53px\">\n<th class=\"woocommerce-product-attributes-item__label\" style=\"height: 53px;width: 9.72973%\">B\u1ea3o H\u00e0nh<\/th>\n<td class=\"woocommerce-product-attributes-item__value\" style=\"height: 53px;width: 88.1081%\">2 n\u0103m<\/td>\n<\/tr>\n<\/tbody>\n<\/table>","protected":false},"excerpt":{"rendered":"<p>1. T\u1ef1a \u0110\u1ea7u: T\u0103ng gi\u1ea3m chi\u1ec1u cao, b\u1ecdc l\u01b0\u1edbi<br \/>\n2. T\u1ef1a l\u01b0ng gh\u1ebf: T\u1ef1a l\u01b0ng gh\u1ebf khung b\u1eb1ng nh\u1ef1a, b\u1ecdc l\u01b0\u1edbi<br \/>\n3. H\u1ed7 tr\u1ee3 c\u1ed9t s\u1ed1ng: H\u1ed7 tr\u1ee3 c\u1ed9t s\u1ed1ng c\u1ed1 \u0111\u1ecbnh<br \/>\n4. N\u1ec7m: D\u00e0y 50mm \u0111\u1ed9 \u0111\u00e0n h\u1ed3i cao, b\u1ecdc v\u1ea3i\/vynil<br \/>\n5. Tay gh\u1ebf: Tay gh\u1ebf \u0111i\u1ec1u ch\u1ec9nh 2 chi\u1ec1u<br \/>\n6. B\u1ed9 \u0111i\u1ec1u khi\u1ec3n: B\u1ed9 \u0111i\u1ec1u khi\u1ec3n c\u00f3 c\u00e1c t\u00ednh n\u0103ng: n\u00e2ng h\u1ea1 chi\u1ec1u cao, ch\u1ed1t ng\u1ea3 l\u01b0ng \u1edf m\u1ed9t v\u1ecb tr\u00ed, \u0111i\u1ec1u ch\u1ec9nh tr\u1ecdng l\u01b0\u1ee3ng theo ng\u01b0\u1eddi s\u1eed d\u1ee5ng, ch\u1ed1t kh\u00f3a an to\u00e0n<br \/>\n7. Phu\u1ed9c: M\u1ea1 crome, ti\u00eau chu\u1ea9n BIFMA 85C ch\u1ecbu t\u1ea3i tr\u1ecdng \u0111\u1ebfn 100kg<br \/>\n8. Ch\u00e2n gh\u1ebf: Ch\u00e2n gh\u1ebf b\u1eb1ng s\u1eaft m\u1ea1 crome ch\u1ecbu l\u1ef1c cao v\u1edbi \u0111\u01b0\u1eddng k\u00ednh v\u00f2ng ch\u00e2n 700mm r\u1ea5t v\u1eefng ch\u1eafc khi ng\u1ea3 l\u01b0ng<br \/>\n9. B\u00e1nh xe: B\u00e1nh xe s\u1eed d\u1ee5ng b\u1ec1 m\u1eb7t s\u00e0n c\u1ee9ng phi 50mm<\/p>","protected":false},"featured_media":19439,"comment_status":"open","ping_status":"closed","template":"","meta":[],"product_cat":[59,70],"product_tag":[124,125],"yoast_head":"<!-- This site is optimized with the Yoast SEO Premium plugin v21.7 (Yoast SEO v21.7) - https:\/\/yoast.com\/wordpress\/plugins\/seo\/ -->\n<title>Gh\u1ebf AMA-M1085-01 - AMAFURNI<\/title>\n<meta name=\"description\" content=\"Hotline : 0969919449 - 0906963408 .AMA Furniture \u0111ang l\u00e0 Nh\u00e0 Ph\u00e2n Ph\u1ed1i c\u00e1c s\u1ea3n ph\u1ea9m : - N\u1ed9i Th\u1ea5t nh\u1eadp kh\u1ea9u : b\u00e0n gh\u1ebf v\u0103n ph\u00f2ng, n\u1ed9i th\u1ea5t gia \u0111\u00ecnh, S\u1ea3n xu\u1ea5t thi c\u00f4ng n\u1ed9i th\u1ea5t theo y\u00eau c\u1ea7u.- M\u00e1y l\u1ecdc n\u01b0\u1edbc Unilever PUREIT- \u0110\u1ed3 \u0111i\u1ec7n gia d\u1ee5ng TEFAL, PHILIPS\" \/>\n<meta name=\"robots\" content=\"index, follow, max-snippet:-1, max-image-preview:large, max-video-preview:-1\" \/>\n<link rel=\"canonical\" href=\"https:\/\/amafurni.vn\/en\/product\/ghe-lam-viec-chan-xoay-ama-m1085-01\/\" \/>\n<meta property=\"og:locale\" content=\"en_US\" \/>\n<meta property=\"og:type\" content=\"article\" \/>\n<meta property=\"og:title\" content=\"Gh\u1ebf AMA-M1085-01\" \/>\n<meta property=\"og:description\" content=\"Hotline : 0969919449 - 0906963408 .AMA Furniture \u0111ang l\u00e0 Nh\u00e0 Ph\u00e2n Ph\u1ed1i c\u00e1c s\u1ea3n ph\u1ea9m : - N\u1ed9i Th\u1ea5t nh\u1eadp kh\u1ea9u : b\u00e0n gh\u1ebf v\u0103n ph\u00f2ng, n\u1ed9i th\u1ea5t gia \u0111\u00ecnh, S\u1ea3n xu\u1ea5t thi c\u00f4ng n\u1ed9i th\u1ea5t theo y\u00eau c\u1ea7u.- M\u00e1y l\u1ecdc n\u01b0\u1edbc Unilever PUREIT- \u0110\u1ed3 \u0111i\u1ec7n gia d\u1ee5ng TEFAL, PHILIPS\" \/>\n<meta property=\"og:url\" content=\"https:\/\/amafurni.vn\/en\/product\/ghe-lam-viec-chan-xoay-ama-m1085-01\/\" \/>\n<meta property=\"og:site_name\" content=\"AMAFURNI\" \/>\n<meta property=\"article:modified_time\" content=\"2025-11-12T07:10:25+00:00\" \/>\n<meta property=\"og:image\" content=\"https:\/\/amafurni.vn\/wp-content\/uploads\/2023\/12\/a84ce7ed-19a4-4c2a-843b-892ca13badb4.jpeg\" \/>\n\t<meta property=\"og:image:width\" content=\"800\" \/>\n\t<meta property=\"og:image:height\" content=\"800\" \/>\n\t<meta property=\"og:image:type\" content=\"image\/jpeg\" \/>\n<meta name=\"twitter:card\" content=\"summary_large_image\" \/>\n<meta name=\"twitter:label1\" content=\"Est. reading time\" \/>\n\t<meta name=\"twitter:data1\" content=\"1 minute\" \/>\n<script type=\"application\/ld+json\" class=\"yoast-schema-graph\">{\"@context\":\"https:\/\/schema.org\",\"@graph\":[{\"@type\":\"WebPage\",\"@id\":\"https:\/\/amafurni.vn\/san-pham\/ghe-lam-viec-chan-xoay-ama-m1085-01\/\",\"url\":\"https:\/\/amafurni.vn\/san-pham\/ghe-lam-viec-chan-xoay-ama-m1085-01\/\",\"name\":\"Gh\u1ebf AMA-M1085-01 - AMAFURNI\",\"isPartOf\":{\"@id\":\"https:\/\/amafurni.vn\/#website\"},\"datePublished\":\"2023-12-06T04:09:11+00:00\",\"dateModified\":\"2025-11-12T07:10:25+00:00\",\"description\":\"Hotline : 0969919449 - 0906963408 .AMA Furniture \u0111ang l\u00e0 Nh\u00e0 Ph\u00e2n Ph\u1ed1i c\u00e1c s\u1ea3n ph\u1ea9m : - N\u1ed9i Th\u1ea5t nh\u1eadp kh\u1ea9u : b\u00e0n gh\u1ebf v\u0103n ph\u00f2ng, n\u1ed9i th\u1ea5t gia \u0111\u00ecnh, S\u1ea3n xu\u1ea5t thi c\u00f4ng n\u1ed9i th\u1ea5t theo y\u00eau c\u1ea7u.- M\u00e1y l\u1ecdc n\u01b0\u1edbc Unilever PUREIT- \u0110\u1ed3 \u0111i\u1ec7n gia d\u1ee5ng TEFAL, PHILIPS\",\"breadcrumb\":{\"@id\":\"https:\/\/amafurni.vn\/san-pham\/ghe-lam-viec-chan-xoay-ama-m1085-01\/#breadcrumb\"},\"inLanguage\":\"en-US\",\"potentialAction\":[{\"@type\":\"ReadAction\",\"target\":[\"https:\/\/amafurni.vn\/san-pham\/ghe-lam-viec-chan-xoay-ama-m1085-01\/\"]}]},{\"@type\":\"BreadcrumbList\",\"@id\":\"https:\/\/amafurni.vn\/san-pham\/ghe-lam-viec-chan-xoay-ama-m1085-01\/#breadcrumb\",\"itemListElement\":[{\"@type\":\"ListItem\",\"position\":1,\"name\":\"Trang ch\u1ee7\",\"item\":\"https:\/\/amafurni.vn\/\"},{\"@type\":\"ListItem\",\"position\":2,\"name\":\"S\u1ea3n ph\u1ea9m\",\"item\":\"https:\/\/amafurni.vn\/san-pham\/\"},{\"@type\":\"ListItem\",\"position\":3,\"name\":\"Gh\u1ebf AMA-M1085-01\"}]},{\"@type\":\"WebSite\",\"@id\":\"https:\/\/amafurni.vn\/#website\",\"url\":\"https:\/\/amafurni.vn\/\",\"name\":\"AMAFURNI\",\"description\":\"\",\"potentialAction\":[{\"@type\":\"SearchAction\",\"target\":{\"@type\":\"EntryPoint\",\"urlTemplate\":\"https:\/\/amafurni.vn\/?s={search_term_string}\"},\"query-input\":\"required name=search_term_string\"}],\"inLanguage\":\"en-US\"}]}<\/script>\n<!-- \/ Yoast SEO Premium plugin. -->","yoast_head_json":{"title":"Gh\u1ebf AMA-M1085-01 - AMAFURNI","description":"Hotline : 0969919449 - 0906963408 .AMA Furniture \u0111ang l\u00e0 Nh\u00e0 Ph\u00e2n Ph\u1ed1i c\u00e1c s\u1ea3n ph\u1ea9m : - N\u1ed9i Th\u1ea5t nh\u1eadp kh\u1ea9u : b\u00e0n gh\u1ebf v\u0103n ph\u00f2ng, n\u1ed9i th\u1ea5t gia \u0111\u00ecnh, S\u1ea3n xu\u1ea5t thi c\u00f4ng n\u1ed9i th\u1ea5t theo y\u00eau c\u1ea7u.- M\u00e1y l\u1ecdc n\u01b0\u1edbc Unilever PUREIT- \u0110\u1ed3 \u0111i\u1ec7n gia d\u1ee5ng TEFAL, PHILIPS","robots":{"index":"index","follow":"follow","max-snippet":"max-snippet:-1","max-image-preview":"max-image-preview:large","max-video-preview":"max-video-preview:-1"},"canonical":"https:\/\/amafurni.vn\/en\/product\/ghe-lam-viec-chan-xoay-ama-m1085-01\/","og_locale":"en_US","og_type":"article","og_title":"Gh\u1ebf AMA-M1085-01","og_description":"Hotline : 0969919449 - 0906963408 .AMA Furniture \u0111ang l\u00e0 Nh\u00e0 Ph\u00e2n Ph\u1ed1i c\u00e1c s\u1ea3n ph\u1ea9m : - N\u1ed9i Th\u1ea5t nh\u1eadp kh\u1ea9u : b\u00e0n gh\u1ebf v\u0103n ph\u00f2ng, n\u1ed9i th\u1ea5t gia \u0111\u00ecnh, S\u1ea3n xu\u1ea5t thi c\u00f4ng n\u1ed9i th\u1ea5t theo y\u00eau c\u1ea7u.- M\u00e1y l\u1ecdc n\u01b0\u1edbc Unilever PUREIT- \u0110\u1ed3 \u0111i\u1ec7n gia d\u1ee5ng TEFAL, PHILIPS","og_url":"https:\/\/amafurni.vn\/en\/product\/ghe-lam-viec-chan-xoay-ama-m1085-01\/","og_site_name":"AMAFURNI","article_modified_time":"2025-11-12T07:10:25+00:00","og_image":[{"width":800,"height":800,"url":"https:\/\/amafurni.vn\/wp-content\/uploads\/2023\/12\/a84ce7ed-19a4-4c2a-843b-892ca13badb4.jpeg","type":"image\/jpeg"}],"twitter_card":"summary_large_image","twitter_misc":{"Est. reading time":"1 minute"},"schema":{"@context":"https:\/\/schema.org","@graph":[{"@type":"WebPage","@id":"https:\/\/amafurni.vn\/san-pham\/ghe-lam-viec-chan-xoay-ama-m1085-01\/","url":"https:\/\/amafurni.vn\/san-pham\/ghe-lam-viec-chan-xoay-ama-m1085-01\/","name":"Gh\u1ebf AMA-M1085-01 - AMAFURNI","isPartOf":{"@id":"https:\/\/amafurni.vn\/#website"},"datePublished":"2023-12-06T04:09:11+00:00","dateModified":"2025-11-12T07:10:25+00:00","description":"Hotline : 0969919449 - 0906963408 .AMA Furniture \u0111ang l\u00e0 Nh\u00e0 Ph\u00e2n Ph\u1ed1i c\u00e1c s\u1ea3n ph\u1ea9m : - N\u1ed9i Th\u1ea5t nh\u1eadp kh\u1ea9u : b\u00e0n gh\u1ebf v\u0103n ph\u00f2ng, n\u1ed9i th\u1ea5t gia \u0111\u00ecnh, S\u1ea3n xu\u1ea5t thi c\u00f4ng n\u1ed9i th\u1ea5t theo y\u00eau c\u1ea7u.- M\u00e1y l\u1ecdc n\u01b0\u1edbc Unilever PUREIT- \u0110\u1ed3 \u0111i\u1ec7n gia d\u1ee5ng TEFAL, PHILIPS","breadcrumb":{"@id":"https:\/\/amafurni.vn\/san-pham\/ghe-lam-viec-chan-xoay-ama-m1085-01\/#breadcrumb"},"inLanguage":"en-US","potentialAction":[{"@type":"ReadAction","target":["https:\/\/amafurni.vn\/san-pham\/ghe-lam-viec-chan-xoay-ama-m1085-01\/"]}]},{"@type":"BreadcrumbList","@id":"https:\/\/amafurni.vn\/san-pham\/ghe-lam-viec-chan-xoay-ama-m1085-01\/#breadcrumb","itemListElement":[{"@type":"ListItem","position":1,"name":"Trang ch\u1ee7","item":"https:\/\/amafurni.vn\/"},{"@type":"ListItem","position":2,"name":"S\u1ea3n ph\u1ea9m","item":"https:\/\/amafurni.vn\/san-pham\/"},{"@type":"ListItem","position":3,"name":"Gh\u1ebf AMA-M1085-01"}]},{"@type":"WebSite","@id":"https:\/\/amafurni.vn\/#website","url":"https:\/\/amafurni.vn\/","name":"AMAFURNI","description":"","potentialAction":[{"@type":"SearchAction","target":{"@type":"EntryPoint","urlTemplate":"https:\/\/amafurni.vn\/?s={search_term_string}"},"query-input":"required name=search_term_string"}],"inLanguage":"en-US"}]}},"_links":{"self":[{"href":"https:\/\/amafurni.vn\/en\/wp-json\/wp\/v2\/product\/2294"}],"collection":[{"href":"https:\/\/amafurni.vn\/en\/wp-json\/wp\/v2\/product"}],"about":[{"href":"https:\/\/amafurni.vn\/en\/wp-json\/wp\/v2\/types\/product"}],"replies":[{"embeddable":true,"href":"https:\/\/amafurni.vn\/en\/wp-json\/wp\/v2\/comments?post=2294"}],"wp:featuredmedia":[{"embeddable":true,"href":"https:\/\/amafurni.vn\/en\/wp-json\/wp\/v2\/media\/19439"}],"wp:attachment":[{"href":"https:\/\/amafurni.vn\/en\/wp-json\/wp\/v2\/media?parent=2294"}],"wp:term":[{"taxonomy":"product_cat","embeddable":true,"href":"https:\/\/amafurni.vn\/en\/wp-json\/wp\/v2\/product_cat?post=2294"},{"taxonomy":"product_tag","embeddable":true,"href":"https:\/\/amafurni.vn\/en\/wp-json\/wp\/v2\/product_tag?post=2294"}],"curies":[{"name":"wp","href":"https:\/\/api.w.org\/{rel}","templated":true}]}}