{"id":23570,"date":"2025-09-29T11:09:08","date_gmt":"2025-09-29T04:09:08","guid":{"rendered":"https:\/\/amafurni.vn\/?post_type=product&#038;p=23570"},"modified":"2026-02-09T15:45:58","modified_gmt":"2026-02-09T08:45:58","slug":"ghe-thu-gian-ama-gd036","status":"publish","type":"product","link":"https:\/\/amafurni.vn\/en\/product\/ghe-thu-gian-ama-gd036\/","title":{"rendered":"Gh\u1ebf l\u00e0m vi\u1ec7c ng\u1ea3 l\u01b0ng t\u1ef1 \u0111\u1ed9ng AMA-GD036 (N\u00fat B\u1ea5m)"},"content":{"rendered":"<table class=\"woocommerce-product-attributes shop_attributes\" style=\"width: 108.842842%; height: 299px;\" width=\"929\">\n<tbody>\n<tr class=\"woocommerce-product-attributes-item woocommerce-product-attributes-item--attribute_season\">\n<th class=\"woocommerce-product-attributes-item__label\" style=\"width: 11.193242%;\">Material<\/th>\n<td class=\"woocommerce-product-attributes-item__value\" style=\"width: 87.961985%;\">Da thu\u1ed9c 50% m\u1eb7t ti\u1ebfp x\u00fac , Ch\u00e2n th\u00e9p m\u1ea1 crome, Khung ng\u1ed3i G\u1ed7 Plywood ch\u1ecbu l\u1ef1c k\u1ebft h\u1ee3p S\u1eaft s\u01a1n t\u0129nh \u0111i\u1ec7n<\/td>\n<\/tr>\n<tr class=\"woocommerce-product-attributes-item woocommerce-product-attributes-item--attribute_pa_color\">\n<th class=\"woocommerce-product-attributes-item__label\" style=\"width: 11.193242%;\">M\u00e0u S\u1eafc<\/th>\n<td class=\"woocommerce-product-attributes-item__value\" style=\"width: 87.961985%;\">G\u1ed6 N\u00c2U DA \u0110EN<\/td>\n<\/tr>\n<tr class=\"woocommerce-product-attributes-item woocommerce-product-attributes-item--attribute_style\">\n<th class=\"woocommerce-product-attributes-item__label\" style=\"width: 11.193242%;\">Size<\/th>\n<td class=\"woocommerce-product-attributes-item__value\" style=\"width: 87.961985%;\">800*800*(1250-1350)mm<\/td>\n<\/tr>\n<tr class=\"woocommerce-product-attributes-item woocommerce-product-attributes-item--attribute_pa_material\">\n<th class=\"woocommerce-product-attributes-item__label\" style=\"width: 11.193242%;\">T\u00ednh N\u0103ng<\/th>\n<td class=\"woocommerce-product-attributes-item__value\" style=\"width: 87.961985%;\">Xoay 360 \u0111\u1ed9. T\u0103ng gi\u1ea3m chi\u1ec1u cao, Ng\u1ea3 l\u01b0ng k\u00e8m ch\u00e2n g\u00e1c n\u1eb1m.<\/p>\n<p>C\u00f3 pin s\u1ea1c \u0111i\u1ec7n, V\u1edbi n\u00fat b\u1ea5m th\u00ec gh\u1ebf T\u1ef1 \u0111\u1ed9ng Ng\u1ea3 th\u1eb3ng l\u01b0ng<\/td>\n<\/tr>\n<tr class=\"woocommerce-product-attributes-item woocommerce-product-attributes-item--attribute_item-code\">\n<th class=\"woocommerce-product-attributes-item__label\" style=\"width: 11.193242%;\">B\u1ea3o H\u00e0nh<\/th>\n<td class=\"woocommerce-product-attributes-item__value\" style=\"width: 87.961985%;\">12 th\u00e1ng t\u1ea5t c\u1ea3 l\u1ed7i k\u1ef9 thu\u1eadt<\/td>\n<\/tr>\n<\/tbody>\n<\/table>","protected":false},"excerpt":{"rendered":"<p><strong>Gh\u1ebf th\u01b0 gi\u1ea3n \u0111\u1ecdc s\u00e1ch\u00a0<\/strong>l\u00e0 1 m\u1eabu gh\u1ebf nh\u1eadp kh\u1ea9u tr\u1ef1c ti\u1ebfp c\u1ee7a\u00a0<strong>N\u1ed8I TH\u1ea4T AMA FURNITURE<\/strong> , v\u1edbi thi\u1ebft k\u1ebf tinh t\u1ebf , t\u1ed1i gian t\u1ea1o n\u00ean v\u1ebb \u0111\u1eb9p sang tr\u1ecdng cho kh\u00f4ng gian V\u0103n ph\u00f2ng v.v.<\/p>\n<ul>\n<li>T\u00ednh n\u0103ng :\n<ul>\n<li>Ch\u1ea5t l\u01b0\u1ee3ng b\u1ec1n ch\u1eafc, s\u1eed d\u1ee5ng l\u00e2u d\u00e0i<\/li>\n<li>D\u1ec5 d\u00e0ng lau ch\u00f9i, v\u1ec7 sinh<\/li>\n<li>Ch\u1ed1ng va \u0111\u1eadp t\u1ed1t, m\u00e0u s\u1eafc s\u1ed1ng \u0111\u1ed9ng<\/li>\n<\/ul>\n<ul>\n<li>M\u1eb7t gh\u1ebf thi\u1ebft k\u1ebf tinh t\u1ebf d\u1ec5 ng\u1ed3i<\/li>\n<\/ul>\n<\/li>\n<\/ul>","protected":false},"featured_media":24125,"comment_status":"closed","ping_status":"closed","template":"","meta":[],"product_cat":[59,69,653,108],"product_tag":[285,746],"yoast_head":"<!-- This site is optimized with the Yoast SEO Premium plugin v21.7 (Yoast SEO v21.7) - https:\/\/yoast.com\/wordpress\/plugins\/seo\/ -->\n<title>Gh\u1ebf l\u00e0m vi\u1ec7c ng\u1ea3 l\u01b0ng t\u1ef1 \u0111\u1ed9ng AMA-GD036 (N\u00fat B\u1ea5m) - AMAFURNI<\/title>\n<meta name=\"description\" content=\"Gh\u1ebf th\u01b0 gi\u1ea3n \u0111\u1ecdc s\u00e1ch hi\u1ec7n \u0111\u1ea1i cho v\u0103n ph\u00f2ng, mang l\u1ea1i c\u1ea3m gi\u00e1c tho\u1ea3i m\u00e1i, t\u1ed1i \u01b0u Hotline AMA Furniture: 0969919449 - 0906963408 AMA Furniture\" \/>\n<meta name=\"robots\" content=\"index, follow, max-snippet:-1, max-image-preview:large, max-video-preview:-1\" \/>\n<link rel=\"canonical\" href=\"https:\/\/amafurni.vn\/en\/product\/ghe-thu-gian-ama-gd036\/\" \/>\n<meta property=\"og:locale\" content=\"en_US\" \/>\n<meta property=\"og:type\" content=\"article\" \/>\n<meta property=\"og:title\" content=\"Gh\u1ebf l\u00e0m vi\u1ec7c ng\u1ea3 l\u01b0ng t\u1ef1 \u0111\u1ed9ng AMA-GD036 (N\u00fat B\u1ea5m)\" \/>\n<meta property=\"og:description\" content=\"Gh\u1ebf th\u01b0 gi\u1ea3n \u0111\u1ecdc s\u00e1ch hi\u1ec7n \u0111\u1ea1i cho v\u0103n ph\u00f2ng, mang l\u1ea1i c\u1ea3m gi\u00e1c tho\u1ea3i m\u00e1i, t\u1ed1i \u01b0u Hotline AMA Furniture: 0969919449 - 0906963408 AMA Furniture\" \/>\n<meta property=\"og:url\" content=\"https:\/\/amafurni.vn\/en\/product\/ghe-thu-gian-ama-gd036\/\" \/>\n<meta property=\"og:site_name\" content=\"AMAFURNI\" \/>\n<meta property=\"article:modified_time\" content=\"2026-02-09T08:45:58+00:00\" \/>\n<meta property=\"og:image\" content=\"https:\/\/amafurni.vn\/wp-content\/uploads\/2025\/09\/GD036.2.webp\" \/>\n\t<meta property=\"og:image:width\" content=\"800\" \/>\n\t<meta property=\"og:image:height\" content=\"800\" \/>\n\t<meta property=\"og:image:type\" content=\"image\/webp\" \/>\n<meta name=\"twitter:card\" content=\"summary_large_image\" \/>\n<meta name=\"twitter:label1\" content=\"Est. reading time\" \/>\n\t<meta name=\"twitter:data1\" content=\"1 minute\" \/>\n<script type=\"application\/ld+json\" class=\"yoast-schema-graph\">{\"@context\":\"https:\/\/schema.org\",\"@graph\":[{\"@type\":\"WebPage\",\"@id\":\"https:\/\/amafurni.vn\/san-pham\/ghe-thu-gian-ama-gd036\/\",\"url\":\"https:\/\/amafurni.vn\/san-pham\/ghe-thu-gian-ama-gd036\/\",\"name\":\"Gh\u1ebf l\u00e0m vi\u1ec7c ng\u1ea3 l\u01b0ng t\u1ef1 \u0111\u1ed9ng AMA-GD036 (N\u00fat B\u1ea5m) - AMAFURNI\",\"isPartOf\":{\"@id\":\"https:\/\/amafurni.vn\/#website\"},\"datePublished\":\"2025-09-29T04:09:08+00:00\",\"dateModified\":\"2026-02-09T08:45:58+00:00\",\"description\":\"Gh\u1ebf th\u01b0 gi\u1ea3n \u0111\u1ecdc s\u00e1ch hi\u1ec7n \u0111\u1ea1i cho v\u0103n ph\u00f2ng, mang l\u1ea1i c\u1ea3m gi\u00e1c tho\u1ea3i m\u00e1i, t\u1ed1i \u01b0u Hotline AMA Furniture: 0969919449 - 0906963408 AMA Furniture\",\"breadcrumb\":{\"@id\":\"https:\/\/amafurni.vn\/san-pham\/ghe-thu-gian-ama-gd036\/#breadcrumb\"},\"inLanguage\":\"en-US\",\"potentialAction\":[{\"@type\":\"ReadAction\",\"target\":[\"https:\/\/amafurni.vn\/san-pham\/ghe-thu-gian-ama-gd036\/\"]}]},{\"@type\":\"BreadcrumbList\",\"@id\":\"https:\/\/amafurni.vn\/san-pham\/ghe-thu-gian-ama-gd036\/#breadcrumb\",\"itemListElement\":[{\"@type\":\"ListItem\",\"position\":1,\"name\":\"Trang ch\u1ee7\",\"item\":\"https:\/\/amafurni.vn\/\"},{\"@type\":\"ListItem\",\"position\":2,\"name\":\"S\u1ea3n ph\u1ea9m\",\"item\":\"https:\/\/amafurni.vn\/san-pham\/\"},{\"@type\":\"ListItem\",\"position\":3,\"name\":\"Gh\u1ebf l\u00e0m vi\u1ec7c ng\u1ea3 l\u01b0ng t\u1ef1 \u0111\u1ed9ng AMA-GD036 (N\u00fat B\u1ea5m)\"}]},{\"@type\":\"WebSite\",\"@id\":\"https:\/\/amafurni.vn\/#website\",\"url\":\"https:\/\/amafurni.vn\/\",\"name\":\"AMAFURNI\",\"description\":\"\",\"potentialAction\":[{\"@type\":\"SearchAction\",\"target\":{\"@type\":\"EntryPoint\",\"urlTemplate\":\"https:\/\/amafurni.vn\/?s={search_term_string}\"},\"query-input\":\"required name=search_term_string\"}],\"inLanguage\":\"en-US\"}]}<\/script>\n<!-- \/ Yoast SEO Premium plugin. -->","yoast_head_json":{"title":"Gh\u1ebf l\u00e0m vi\u1ec7c ng\u1ea3 l\u01b0ng t\u1ef1 \u0111\u1ed9ng AMA-GD036 (N\u00fat B\u1ea5m) - AMAFURNI","description":"Gh\u1ebf th\u01b0 gi\u1ea3n \u0111\u1ecdc s\u00e1ch hi\u1ec7n \u0111\u1ea1i cho v\u0103n ph\u00f2ng, mang l\u1ea1i c\u1ea3m gi\u00e1c tho\u1ea3i m\u00e1i, t\u1ed1i \u01b0u Hotline AMA Furniture: 0969919449 - 0906963408 AMA Furniture","robots":{"index":"index","follow":"follow","max-snippet":"max-snippet:-1","max-image-preview":"max-image-preview:large","max-video-preview":"max-video-preview:-1"},"canonical":"https:\/\/amafurni.vn\/en\/product\/ghe-thu-gian-ama-gd036\/","og_locale":"en_US","og_type":"article","og_title":"Gh\u1ebf l\u00e0m vi\u1ec7c ng\u1ea3 l\u01b0ng t\u1ef1 \u0111\u1ed9ng AMA-GD036 (N\u00fat B\u1ea5m)","og_description":"Gh\u1ebf th\u01b0 gi\u1ea3n \u0111\u1ecdc s\u00e1ch hi\u1ec7n \u0111\u1ea1i cho v\u0103n ph\u00f2ng, mang l\u1ea1i c\u1ea3m gi\u00e1c tho\u1ea3i m\u00e1i, t\u1ed1i \u01b0u Hotline AMA Furniture: 0969919449 - 0906963408 AMA Furniture","og_url":"https:\/\/amafurni.vn\/en\/product\/ghe-thu-gian-ama-gd036\/","og_site_name":"AMAFURNI","article_modified_time":"2026-02-09T08:45:58+00:00","og_image":[{"width":800,"height":800,"url":"https:\/\/amafurni.vn\/wp-content\/uploads\/2025\/09\/GD036.2.webp","type":"image\/webp"}],"twitter_card":"summary_large_image","twitter_misc":{"Est. reading time":"1 minute"},"schema":{"@context":"https:\/\/schema.org","@graph":[{"@type":"WebPage","@id":"https:\/\/amafurni.vn\/san-pham\/ghe-thu-gian-ama-gd036\/","url":"https:\/\/amafurni.vn\/san-pham\/ghe-thu-gian-ama-gd036\/","name":"Gh\u1ebf l\u00e0m vi\u1ec7c ng\u1ea3 l\u01b0ng t\u1ef1 \u0111\u1ed9ng AMA-GD036 (N\u00fat B\u1ea5m) - AMAFURNI","isPartOf":{"@id":"https:\/\/amafurni.vn\/#website"},"datePublished":"2025-09-29T04:09:08+00:00","dateModified":"2026-02-09T08:45:58+00:00","description":"Gh\u1ebf th\u01b0 gi\u1ea3n \u0111\u1ecdc s\u00e1ch hi\u1ec7n \u0111\u1ea1i cho v\u0103n ph\u00f2ng, mang l\u1ea1i c\u1ea3m gi\u00e1c tho\u1ea3i m\u00e1i, t\u1ed1i \u01b0u Hotline AMA Furniture: 0969919449 - 0906963408 AMA Furniture","breadcrumb":{"@id":"https:\/\/amafurni.vn\/san-pham\/ghe-thu-gian-ama-gd036\/#breadcrumb"},"inLanguage":"en-US","potentialAction":[{"@type":"ReadAction","target":["https:\/\/amafurni.vn\/san-pham\/ghe-thu-gian-ama-gd036\/"]}]},{"@type":"BreadcrumbList","@id":"https:\/\/amafurni.vn\/san-pham\/ghe-thu-gian-ama-gd036\/#breadcrumb","itemListElement":[{"@type":"ListItem","position":1,"name":"Trang ch\u1ee7","item":"https:\/\/amafurni.vn\/"},{"@type":"ListItem","position":2,"name":"S\u1ea3n ph\u1ea9m","item":"https:\/\/amafurni.vn\/san-pham\/"},{"@type":"ListItem","position":3,"name":"Gh\u1ebf l\u00e0m vi\u1ec7c ng\u1ea3 l\u01b0ng t\u1ef1 \u0111\u1ed9ng AMA-GD036 (N\u00fat B\u1ea5m)"}]},{"@type":"WebSite","@id":"https:\/\/amafurni.vn\/#website","url":"https:\/\/amafurni.vn\/","name":"AMAFURNI","description":"","potentialAction":[{"@type":"SearchAction","target":{"@type":"EntryPoint","urlTemplate":"https:\/\/amafurni.vn\/?s={search_term_string}"},"query-input":"required name=search_term_string"}],"inLanguage":"en-US"}]}},"_links":{"self":[{"href":"https:\/\/amafurni.vn\/en\/wp-json\/wp\/v2\/product\/23570"}],"collection":[{"href":"https:\/\/amafurni.vn\/en\/wp-json\/wp\/v2\/product"}],"about":[{"href":"https:\/\/amafurni.vn\/en\/wp-json\/wp\/v2\/types\/product"}],"replies":[{"embeddable":true,"href":"https:\/\/amafurni.vn\/en\/wp-json\/wp\/v2\/comments?post=23570"}],"wp:featuredmedia":[{"embeddable":true,"href":"https:\/\/amafurni.vn\/en\/wp-json\/wp\/v2\/media\/24125"}],"wp:attachment":[{"href":"https:\/\/amafurni.vn\/en\/wp-json\/wp\/v2\/media?parent=23570"}],"wp:term":[{"taxonomy":"product_cat","embeddable":true,"href":"https:\/\/amafurni.vn\/en\/wp-json\/wp\/v2\/product_cat?post=23570"},{"taxonomy":"product_tag","embeddable":true,"href":"https:\/\/amafurni.vn\/en\/wp-json\/wp\/v2\/product_tag?post=23570"}],"curies":[{"name":"wp","href":"https:\/\/api.w.org\/{rel}","templated":true}]}}