{"id":23902,"date":"2025-12-03T15:30:48","date_gmt":"2025-12-03T08:30:48","guid":{"rendered":"https:\/\/amafurni.vn\/?post_type=product&#038;p=23902"},"modified":"2025-12-06T15:28:18","modified_gmt":"2025-12-06T08:28:18","slug":"ghe-cong-thai-hoc-ama-cth-86","status":"publish","type":"product","link":"https:\/\/amafurni.vn\/en\/product\/ghe-cong-thai-hoc-ama-cth-86\/","title":{"rendered":"Gh\u1ebf c\u00f4ng th\u00e1i h\u1ecdc AMA-CTH-86"},"content":{"rendered":"<p><strong>Gh\u1ebf c\u00f4ng th\u00e1i h\u1ecdc AMA-CTH-86<\/strong><\/p>\n<table class=\"woocommerce-product-attributes shop_attributes\" style=\"width: 99.7117%; height: 249px;\" width=\"929\">\n<tbody>\n<tr class=\"woocommerce-product-attributes-item woocommerce-product-attributes-item--attribute_season\" style=\"height: 52px;\">\n<th class=\"woocommerce-product-attributes-item__label\" style=\"height: 52px; width: 23.1351%;\">Ch\u1ea5t Li\u1ec7u.<\/th>\n<td class=\"woocommerce-product-attributes-item__value\" style=\"height: 52px; width: 74.9189%;\">L\u01b0\u1edbi, Tay gh\u1ebf nh\u1ef1a, Ch\u00e2n gh\u1ebf th\u00e9p m\u1ea1 crome<\/td>\n<\/tr>\n<tr class=\"woocommerce-product-attributes-item woocommerce-product-attributes-item--attribute_pa_color\" style=\"height: 48px;\">\n<th class=\"woocommerce-product-attributes-item__label\" style=\"height: 48px; width: 23.1351%;\">M\u00e0u S\u1eafc<\/th>\n<td class=\"woocommerce-product-attributes-item__value\" style=\"height: 48px; width: 74.9189%;\">X\u00e1m<\/td>\n<\/tr>\n<tr class=\"woocommerce-product-attributes-item woocommerce-product-attributes-item--attribute_style\" style=\"height: 50px;\">\n<th class=\"woocommerce-product-attributes-item__label\" style=\"height: 50px; width: 23.1351%;\">Size<\/th>\n<td class=\"woocommerce-product-attributes-item__value\" style=\"width: 74.9189%; height: 50px;\">\u0111ang c\u1eadp nh\u1eadt<\/td>\n<\/tr>\n<tr class=\"woocommerce-product-attributes-item woocommerce-product-attributes-item--attribute_pa_material\" style=\"height: 53px;\">\n<th class=\"woocommerce-product-attributes-item__label\" style=\"height: 53px; width: 23.1351%;\">T\u00ednh n\u0103ng<\/th>\n<td class=\"woocommerce-product-attributes-item__value\" style=\"height: 53px; width: 74.9189%;\">Tay gh\u1ebf 4D m\u1edf g\u1eadp, Tr\u01b0\u1ee3t n\u1ec7m ng\u1ed3i, T\u1ef1a \u0111\u1ea7u di chuy\u1ec3n, Ch\u00e2n g\u00e1c n\u1eb1m, C\u00f3 m\u00f3c treo \u00e1o kho\u00e1c.<\/td>\n<\/tr>\n<tr class=\"woocommerce-product-attributes-item woocommerce-product-attributes-item--attribute_item-code\" style=\"height: 46px;\">\n<th class=\"woocommerce-product-attributes-item__label\" style=\"height: 46px; width: 23.1351%;\">B\u1ea3o H\u00e0nh<\/th>\n<td class=\"woocommerce-product-attributes-item__value\" style=\"height: 46px; width: 74.9189%;\">12 th\u00e1ng<\/td>\n<\/tr>\n<\/tbody>\n<\/table>","protected":false},"excerpt":{"rendered":"<p><strong>Gh\u1ebf C\u00f4ng Th\u00e1i H\u1ecdc <\/strong>l\u00e0 1 m\u1eabu gh\u1ebf nh\u1eadp kh\u1ea9u tr\u1ef1c ti\u1ebfp c\u1ee7a\u00a0<strong>N\u1ed8I TH\u1ea4T AMA FURNITURE<\/strong> , v\u1edbi thi\u1ebft k\u1ebf tinh t\u1ebf , t\u1ed1i gian t\u1ea1o n\u00ean v\u1ebb \u0111\u1eb9p sang tr\u1ecdng cho kh\u00f4ng gian V\u0103n ph\u00f2ng v.v.<\/p>\n<ul>\n<li>T\u00ednh n\u0103ng :\n<ul>\n<li>Ch\u1ea5t l\u01b0\u1ee3ng b\u1ec1n ch\u1eafc, s\u1eed d\u1ee5ng l\u00e2u d\u00e0i<\/li>\n<li>D\u1ec5 d\u00e0ng lau ch\u00f9i, v\u1ec7 sinh<\/li>\n<li>Nhi\u1ec1u t\u00ednh n\u0103ng h\u1ed7 tr\u1ee3 t\u1ed1i \u0111a ng\u01b0\u1eddi d\u00f9ng<\/li>\n<\/ul>\n<ul>\n<li>M\u1eb7t gh\u1ebf thi\u1ebft k\u1ebf c\u00f4ng th\u00e1i h\u1ecdc \u00f4m tr\u1ecdn c\u1ed9t s\u1ed1ng l\u01b0ng<\/li>\n<\/ul>\n<\/li>\n<\/ul>","protected":false},"featured_media":23903,"comment_status":"closed","ping_status":"closed","template":"","meta":[],"product_cat":[107],"product_tag":[],"yoast_head":"<!-- This site is optimized with the Yoast SEO Premium plugin v21.7 (Yoast SEO v21.7) - https:\/\/yoast.com\/wordpress\/plugins\/seo\/ -->\n<title>Gh\u1ebf c\u00f4ng th\u00e1i h\u1ecdc AMA-CTH-86 - AMAFURNI<\/title>\n<meta name=\"robots\" content=\"index, follow, max-snippet:-1, max-image-preview:large, max-video-preview:-1\" \/>\n<link rel=\"canonical\" href=\"https:\/\/amafurni.vn\/en\/product\/ghe-cong-thai-hoc-ama-cth-86\/\" \/>\n<meta property=\"og:locale\" content=\"en_US\" \/>\n<meta property=\"og:type\" content=\"article\" \/>\n<meta property=\"og:title\" content=\"Gh\u1ebf c\u00f4ng th\u00e1i h\u1ecdc AMA-CTH-86\" \/>\n<meta property=\"og:description\" content=\"Gh\u1ebf C\u00f4ng Th\u00e1i H\u1ecdc l\u00e0 1 m\u1eabu gh\u1ebf nh\u1eadp kh\u1ea9u tr\u1ef1c ti\u1ebfp c\u1ee7a\u00a0N\u1ed8I TH\u1ea4T AMA FURNITURE , v\u1edbi thi\u1ebft k\u1ebf tinh t\u1ebf , t\u1ed1i gian t\u1ea1o n\u00ean v\u1ebb \u0111\u1eb9p sang tr\u1ecdng cho kh\u00f4ng gian V\u0103n ph\u00f2ng v.v.   T\u00ednh n\u0103ng :   Ch\u1ea5t l\u01b0\u1ee3ng b\u1ec1n ch\u1eafc, s\u1eed d\u1ee5ng l\u00e2u d\u00e0i  D\u1ec5 d\u00e0ng lau ch\u00f9i, v\u1ec7 sinh  Nhi\u1ec1u t\u00ednh n\u0103ng h\u1ed7 tr\u1ee3 t\u1ed1i \u0111a ng\u01b0\u1eddi d\u00f9ng    M\u1eb7t gh\u1ebf thi\u1ebft k\u1ebf c\u00f4ng th\u00e1i h\u1ecdc \u00f4m tr\u1ecdn c\u1ed9t s\u1ed1ng l\u01b0ng\" \/>\n<meta property=\"og:url\" content=\"https:\/\/amafurni.vn\/en\/product\/ghe-cong-thai-hoc-ama-cth-86\/\" \/>\n<meta property=\"og:site_name\" content=\"AMAFURNI\" \/>\n<meta property=\"article:modified_time\" content=\"2025-12-06T08:28:18+00:00\" \/>\n<meta property=\"og:image\" content=\"https:\/\/amafurni.vn\/wp-content\/uploads\/2025\/12\/CTH-86.png\" \/>\n\t<meta property=\"og:image:width\" content=\"800\" \/>\n\t<meta property=\"og:image:height\" content=\"800\" \/>\n\t<meta property=\"og:image:type\" content=\"image\/png\" \/>\n<meta name=\"twitter:card\" content=\"summary_large_image\" \/>\n<meta name=\"twitter:label1\" content=\"Est. reading time\" \/>\n\t<meta name=\"twitter:data1\" content=\"1 minute\" \/>\n<script type=\"application\/ld+json\" class=\"yoast-schema-graph\">{\"@context\":\"https:\/\/schema.org\",\"@graph\":[{\"@type\":\"WebPage\",\"@id\":\"https:\/\/amafurni.vn\/san-pham\/ghe-cong-thai-hoc-ama-cth-86\/\",\"url\":\"https:\/\/amafurni.vn\/san-pham\/ghe-cong-thai-hoc-ama-cth-86\/\",\"name\":\"Gh\u1ebf c\u00f4ng th\u00e1i h\u1ecdc AMA-CTH-86 - AMAFURNI\",\"isPartOf\":{\"@id\":\"https:\/\/amafurni.vn\/#website\"},\"datePublished\":\"2025-12-03T08:30:48+00:00\",\"dateModified\":\"2025-12-06T08:28:18+00:00\",\"breadcrumb\":{\"@id\":\"https:\/\/amafurni.vn\/san-pham\/ghe-cong-thai-hoc-ama-cth-86\/#breadcrumb\"},\"inLanguage\":\"en-US\",\"potentialAction\":[{\"@type\":\"ReadAction\",\"target\":[\"https:\/\/amafurni.vn\/san-pham\/ghe-cong-thai-hoc-ama-cth-86\/\"]}]},{\"@type\":\"BreadcrumbList\",\"@id\":\"https:\/\/amafurni.vn\/san-pham\/ghe-cong-thai-hoc-ama-cth-86\/#breadcrumb\",\"itemListElement\":[{\"@type\":\"ListItem\",\"position\":1,\"name\":\"Trang ch\u1ee7\",\"item\":\"https:\/\/amafurni.vn\/\"},{\"@type\":\"ListItem\",\"position\":2,\"name\":\"S\u1ea3n ph\u1ea9m\",\"item\":\"https:\/\/amafurni.vn\/san-pham\/\"},{\"@type\":\"ListItem\",\"position\":3,\"name\":\"Gh\u1ebf c\u00f4ng th\u00e1i h\u1ecdc AMA-CTH-86\"}]},{\"@type\":\"WebSite\",\"@id\":\"https:\/\/amafurni.vn\/#website\",\"url\":\"https:\/\/amafurni.vn\/\",\"name\":\"AMAFURNI\",\"description\":\"\",\"potentialAction\":[{\"@type\":\"SearchAction\",\"target\":{\"@type\":\"EntryPoint\",\"urlTemplate\":\"https:\/\/amafurni.vn\/?s={search_term_string}\"},\"query-input\":\"required name=search_term_string\"}],\"inLanguage\":\"en-US\"}]}<\/script>\n<!-- \/ Yoast SEO Premium plugin. -->","yoast_head_json":{"title":"Gh\u1ebf c\u00f4ng th\u00e1i h\u1ecdc AMA-CTH-86 - AMAFURNI","robots":{"index":"index","follow":"follow","max-snippet":"max-snippet:-1","max-image-preview":"max-image-preview:large","max-video-preview":"max-video-preview:-1"},"canonical":"https:\/\/amafurni.vn\/en\/product\/ghe-cong-thai-hoc-ama-cth-86\/","og_locale":"en_US","og_type":"article","og_title":"Gh\u1ebf c\u00f4ng th\u00e1i h\u1ecdc AMA-CTH-86","og_description":"Gh\u1ebf C\u00f4ng Th\u00e1i H\u1ecdc l\u00e0 1 m\u1eabu gh\u1ebf nh\u1eadp kh\u1ea9u tr\u1ef1c ti\u1ebfp c\u1ee7a\u00a0N\u1ed8I TH\u1ea4T AMA FURNITURE , v\u1edbi thi\u1ebft k\u1ebf tinh t\u1ebf , t\u1ed1i gian t\u1ea1o n\u00ean v\u1ebb \u0111\u1eb9p sang tr\u1ecdng cho kh\u00f4ng gian V\u0103n ph\u00f2ng v.v.   T\u00ednh n\u0103ng :   Ch\u1ea5t l\u01b0\u1ee3ng b\u1ec1n ch\u1eafc, s\u1eed d\u1ee5ng l\u00e2u d\u00e0i  D\u1ec5 d\u00e0ng lau ch\u00f9i, v\u1ec7 sinh  Nhi\u1ec1u t\u00ednh n\u0103ng h\u1ed7 tr\u1ee3 t\u1ed1i \u0111a ng\u01b0\u1eddi d\u00f9ng    M\u1eb7t gh\u1ebf thi\u1ebft k\u1ebf c\u00f4ng th\u00e1i h\u1ecdc \u00f4m tr\u1ecdn c\u1ed9t s\u1ed1ng l\u01b0ng","og_url":"https:\/\/amafurni.vn\/en\/product\/ghe-cong-thai-hoc-ama-cth-86\/","og_site_name":"AMAFURNI","article_modified_time":"2025-12-06T08:28:18+00:00","og_image":[{"width":800,"height":800,"url":"https:\/\/amafurni.vn\/wp-content\/uploads\/2025\/12\/CTH-86.png","type":"image\/png"}],"twitter_card":"summary_large_image","twitter_misc":{"Est. reading time":"1 minute"},"schema":{"@context":"https:\/\/schema.org","@graph":[{"@type":"WebPage","@id":"https:\/\/amafurni.vn\/san-pham\/ghe-cong-thai-hoc-ama-cth-86\/","url":"https:\/\/amafurni.vn\/san-pham\/ghe-cong-thai-hoc-ama-cth-86\/","name":"Gh\u1ebf c\u00f4ng th\u00e1i h\u1ecdc AMA-CTH-86 - AMAFURNI","isPartOf":{"@id":"https:\/\/amafurni.vn\/#website"},"datePublished":"2025-12-03T08:30:48+00:00","dateModified":"2025-12-06T08:28:18+00:00","breadcrumb":{"@id":"https:\/\/amafurni.vn\/san-pham\/ghe-cong-thai-hoc-ama-cth-86\/#breadcrumb"},"inLanguage":"en-US","potentialAction":[{"@type":"ReadAction","target":["https:\/\/amafurni.vn\/san-pham\/ghe-cong-thai-hoc-ama-cth-86\/"]}]},{"@type":"BreadcrumbList","@id":"https:\/\/amafurni.vn\/san-pham\/ghe-cong-thai-hoc-ama-cth-86\/#breadcrumb","itemListElement":[{"@type":"ListItem","position":1,"name":"Trang ch\u1ee7","item":"https:\/\/amafurni.vn\/"},{"@type":"ListItem","position":2,"name":"S\u1ea3n ph\u1ea9m","item":"https:\/\/amafurni.vn\/san-pham\/"},{"@type":"ListItem","position":3,"name":"Gh\u1ebf c\u00f4ng th\u00e1i h\u1ecdc AMA-CTH-86"}]},{"@type":"WebSite","@id":"https:\/\/amafurni.vn\/#website","url":"https:\/\/amafurni.vn\/","name":"AMAFURNI","description":"","potentialAction":[{"@type":"SearchAction","target":{"@type":"EntryPoint","urlTemplate":"https:\/\/amafurni.vn\/?s={search_term_string}"},"query-input":"required name=search_term_string"}],"inLanguage":"en-US"}]}},"_links":{"self":[{"href":"https:\/\/amafurni.vn\/en\/wp-json\/wp\/v2\/product\/23902"}],"collection":[{"href":"https:\/\/amafurni.vn\/en\/wp-json\/wp\/v2\/product"}],"about":[{"href":"https:\/\/amafurni.vn\/en\/wp-json\/wp\/v2\/types\/product"}],"replies":[{"embeddable":true,"href":"https:\/\/amafurni.vn\/en\/wp-json\/wp\/v2\/comments?post=23902"}],"wp:featuredmedia":[{"embeddable":true,"href":"https:\/\/amafurni.vn\/en\/wp-json\/wp\/v2\/media\/23903"}],"wp:attachment":[{"href":"https:\/\/amafurni.vn\/en\/wp-json\/wp\/v2\/media?parent=23902"}],"wp:term":[{"taxonomy":"product_cat","embeddable":true,"href":"https:\/\/amafurni.vn\/en\/wp-json\/wp\/v2\/product_cat?post=23902"},{"taxonomy":"product_tag","embeddable":true,"href":"https:\/\/amafurni.vn\/en\/wp-json\/wp\/v2\/product_tag?post=23902"}],"curies":[{"name":"wp","href":"https:\/\/api.w.org\/{rel}","templated":true}]}}