{"id":24098,"date":"2025-12-27T17:00:22","date_gmt":"2025-12-27T10:00:22","guid":{"rendered":"https:\/\/amafurni.vn\/?post_type=product&#038;p=24098"},"modified":"2025-12-27T17:00:24","modified_gmt":"2025-12-27T10:00:24","slug":"ban-giam-doc-ama-10303-24","status":"publish","type":"product","link":"https:\/\/amafurni.vn\/en\/product\/ban-giam-doc-ama-10303-24\/","title":{"rendered":"B\u00e0n gi\u00e1m \u0111\u1ed1c AMA-10303-24"},"content":{"rendered":"<div class=\"woocommerce-tabs wc-tabs-wrapper gostro-wc-tabs\">\n<div id=\"tab-description\" class=\"woocommerce-Tabs-panel woocommerce-Tabs-panel--description panel entry-content wc-tab scroll_taget_description\" role=\"tabpanel\" aria-labelledby=\"tab-title-description\">\n<table class=\"woocommerce-product-attributes shop_attributes\" style=\"width: 108.958019%; height: 284px;\" width=\"929\">\n<tbody>\n<tr class=\"woocommerce-product-attributes-item woocommerce-product-attributes-item--attribute_season\">\n<th class=\"woocommerce-product-attributes-item__label\">Material<\/th>\n<td class=\"woocommerce-product-attributes-item__value\">MDF &#8211; Melamine, Vi\u1ec1n n\u1eb9p Nh\u00f4m.<\/td>\n<\/tr>\n<tr class=\"woocommerce-product-attributes-item woocommerce-product-attributes-item--attribute_pa_color\">\n<th class=\"woocommerce-product-attributes-item__label\">M\u00e0u S\u1eafc<\/th>\n<td class=\"woocommerce-product-attributes-item__value\">N\u00e2u G\u1ed7<\/td>\n<\/tr>\n<tr class=\"woocommerce-product-attributes-item woocommerce-product-attributes-item--attribute_style\">\n<th class=\"woocommerce-product-attributes-item__label\">Size<\/th>\n<td class=\"woocommerce-product-attributes-item__value\">(2360*1800)*1100*760mm (d\u00e0i r\u1ed9ng cao) . T\u1ee7 ph\u1ee5 L c\u00f3 th\u1ec3 \u0111\u1ed5i g\u00f3c sang Tr\u00e1i \/ Ph\u1ea3i \u0111\u1ec1u \u0111\u01b0\u1ee3c.<\/td>\n<\/tr>\n<tr class=\"woocommerce-product-attributes-item woocommerce-product-attributes-item--attribute_pa_material\">\n<th class=\"woocommerce-product-attributes-item__label\">T\u00ednh N\u0103ng<\/th>\n<td class=\"woocommerce-product-attributes-item__value\">01 B\u00e0n ch\u00ednh, 01 g\u00f3c ch\u1eef L (C\u00f3 th\u1ec3 \u0111\u1ed5i g\u00f3c sang Tr\u00e1i\/Ph\u1ea3i), \u1ed4 kho\u00e1 s\u1ed1 b\u1ea3o m\u1eadt cao, C\u00f3 v\u1ecb tr\u00ed h\u1ed9c c\u1eafm \u0111i\u1ec7n, \u0110\u00e8n Led ch\u1ea1y d\u1ecdc th\u00e2n b\u00e0n v\u1edbi \u0111i\u1ec1u khi\u1ec3n b\u1eb1ng gi\u1ecdng n\u00f3i<\/td>\n<\/tr>\n<tr class=\"woocommerce-product-attributes-item woocommerce-product-attributes-item--attribute_item-code\">\n<th class=\"woocommerce-product-attributes-item__label\">B\u1ea3o H\u00e0nh<\/th>\n<td class=\"woocommerce-product-attributes-item__value\">12 th\u00e1ng<\/td>\n<\/tr>\n<\/tbody>\n<\/table>\n<\/div>\n<\/div>","protected":false},"excerpt":{"rendered":"<p>01 B\u00e0n ch\u00ednh, 01 g\u00f3c ch\u1eef L (C\u00f3 th\u1ec3 \u0111\u1ed5i g\u00f3c sang Tr\u00e1i\/Ph\u1ea3i), \u1ed4 kho\u00e1 s\u1ed1 b\u1ea3o m\u1eadt cao, C\u00f3 v\u1ecb tr\u00ed h\u1ed9c c\u1eafm \u0111i\u1ec7n, \u0110\u00e8n Led ch\u1ea1y d\u1ecdc th\u00e2n b\u00e0n v\u1edbi \u0111i\u1ec1u khi\u1ec3n b\u1eb1ng gi\u1ecdng n\u00f3i.<\/p>\n<p>K\u00edch th\u01b0\u1edbc : (2360*1800)*1100*760mm (d\u00e0i r\u1ed9ng cao) . T\u1ee7 ph\u1ee5 L c\u00f3 th\u1ec3 \u0111\u1ed5i g\u00f3c sang Tr\u00e1i \/ Ph\u1ea3i \u0111\u1ec1u \u0111\u01b0\u1ee3c.<\/p>","protected":false},"featured_media":24099,"comment_status":"closed","ping_status":"closed","template":"","meta":[],"product_cat":[59,75],"product_tag":[233],"yoast_head":"<!-- This site is optimized with the Yoast SEO Premium plugin v21.7 (Yoast SEO v21.7) - https:\/\/yoast.com\/wordpress\/plugins\/seo\/ -->\n<title>B\u00e0n gi\u00e1m \u0111\u1ed1c AMA-10303-24 - AMAFURNI<\/title>\n<meta name=\"robots\" content=\"index, follow, max-snippet:-1, max-image-preview:large, max-video-preview:-1\" \/>\n<link rel=\"canonical\" href=\"https:\/\/amafurni.vn\/en\/product\/ban-giam-doc-ama-10303-24\/\" \/>\n<meta property=\"og:locale\" content=\"en_US\" \/>\n<meta property=\"og:type\" content=\"article\" \/>\n<meta property=\"og:title\" content=\"B\u00e0n gi\u00e1m \u0111\u1ed1c AMA-10303-24\" \/>\n<meta property=\"og:description\" content=\"01 B\u00e0n ch\u00ednh, 01 g\u00f3c ch\u1eef L (C\u00f3 th\u1ec3 \u0111\u1ed5i g\u00f3c sang Tr\u00e1i\/Ph\u1ea3i), \u1ed4 kho\u00e1 s\u1ed1 b\u1ea3o m\u1eadt cao, C\u00f3 v\u1ecb tr\u00ed h\u1ed9c c\u1eafm \u0111i\u1ec7n, \u0110\u00e8n Led ch\u1ea1y d\u1ecdc th\u00e2n b\u00e0n v\u1edbi \u0111i\u1ec1u khi\u1ec3n b\u1eb1ng gi\u1ecdng n\u00f3i.  K\u00edch th\u01b0\u1edbc : (2360*1800)*1100*760mm (d\u00e0i r\u1ed9ng cao) . T\u1ee7 ph\u1ee5 L c\u00f3 th\u1ec3 \u0111\u1ed5i g\u00f3c sang Tr\u00e1i \/ Ph\u1ea3i \u0111\u1ec1u \u0111\u01b0\u1ee3c.\" \/>\n<meta property=\"og:url\" content=\"https:\/\/amafurni.vn\/en\/product\/ban-giam-doc-ama-10303-24\/\" \/>\n<meta property=\"og:site_name\" content=\"AMAFURNI\" \/>\n<meta property=\"article:modified_time\" content=\"2025-12-27T10:00:24+00:00\" \/>\n<meta property=\"og:image\" content=\"https:\/\/amafurni.vn\/wp-content\/uploads\/2025\/12\/DE10303-24.1.jpg\" \/>\n\t<meta property=\"og:image:width\" content=\"1280\" \/>\n\t<meta property=\"og:image:height\" content=\"976\" \/>\n\t<meta property=\"og:image:type\" content=\"image\/jpeg\" \/>\n<meta name=\"twitter:card\" content=\"summary_large_image\" \/>\n<meta name=\"twitter:label1\" content=\"Est. reading time\" \/>\n\t<meta name=\"twitter:data1\" content=\"1 minute\" \/>\n<script type=\"application\/ld+json\" class=\"yoast-schema-graph\">{\"@context\":\"https:\/\/schema.org\",\"@graph\":[{\"@type\":\"WebPage\",\"@id\":\"https:\/\/amafurni.vn\/san-pham\/ban-giam-doc-ama-10303-24\/\",\"url\":\"https:\/\/amafurni.vn\/san-pham\/ban-giam-doc-ama-10303-24\/\",\"name\":\"B\u00e0n gi\u00e1m \u0111\u1ed1c AMA-10303-24 - AMAFURNI\",\"isPartOf\":{\"@id\":\"https:\/\/amafurni.vn\/#website\"},\"datePublished\":\"2025-12-27T10:00:22+00:00\",\"dateModified\":\"2025-12-27T10:00:24+00:00\",\"breadcrumb\":{\"@id\":\"https:\/\/amafurni.vn\/san-pham\/ban-giam-doc-ama-10303-24\/#breadcrumb\"},\"inLanguage\":\"en-US\",\"potentialAction\":[{\"@type\":\"ReadAction\",\"target\":[\"https:\/\/amafurni.vn\/san-pham\/ban-giam-doc-ama-10303-24\/\"]}]},{\"@type\":\"BreadcrumbList\",\"@id\":\"https:\/\/amafurni.vn\/san-pham\/ban-giam-doc-ama-10303-24\/#breadcrumb\",\"itemListElement\":[{\"@type\":\"ListItem\",\"position\":1,\"name\":\"Trang ch\u1ee7\",\"item\":\"https:\/\/amafurni.vn\/\"},{\"@type\":\"ListItem\",\"position\":2,\"name\":\"S\u1ea3n ph\u1ea9m\",\"item\":\"https:\/\/amafurni.vn\/san-pham\/\"},{\"@type\":\"ListItem\",\"position\":3,\"name\":\"B\u00e0n gi\u00e1m \u0111\u1ed1c AMA-10303-24\"}]},{\"@type\":\"WebSite\",\"@id\":\"https:\/\/amafurni.vn\/#website\",\"url\":\"https:\/\/amafurni.vn\/\",\"name\":\"AMAFURNI\",\"description\":\"\",\"potentialAction\":[{\"@type\":\"SearchAction\",\"target\":{\"@type\":\"EntryPoint\",\"urlTemplate\":\"https:\/\/amafurni.vn\/?s={search_term_string}\"},\"query-input\":\"required name=search_term_string\"}],\"inLanguage\":\"en-US\"}]}<\/script>\n<!-- \/ Yoast SEO Premium plugin. -->","yoast_head_json":{"title":"B\u00e0n gi\u00e1m \u0111\u1ed1c AMA-10303-24 - AMAFURNI","robots":{"index":"index","follow":"follow","max-snippet":"max-snippet:-1","max-image-preview":"max-image-preview:large","max-video-preview":"max-video-preview:-1"},"canonical":"https:\/\/amafurni.vn\/en\/product\/ban-giam-doc-ama-10303-24\/","og_locale":"en_US","og_type":"article","og_title":"B\u00e0n gi\u00e1m \u0111\u1ed1c AMA-10303-24","og_description":"01 B\u00e0n ch\u00ednh, 01 g\u00f3c ch\u1eef L (C\u00f3 th\u1ec3 \u0111\u1ed5i g\u00f3c sang Tr\u00e1i\/Ph\u1ea3i), \u1ed4 kho\u00e1 s\u1ed1 b\u1ea3o m\u1eadt cao, C\u00f3 v\u1ecb tr\u00ed h\u1ed9c c\u1eafm \u0111i\u1ec7n, \u0110\u00e8n Led ch\u1ea1y d\u1ecdc th\u00e2n b\u00e0n v\u1edbi \u0111i\u1ec1u khi\u1ec3n b\u1eb1ng gi\u1ecdng n\u00f3i.  K\u00edch th\u01b0\u1edbc : (2360*1800)*1100*760mm (d\u00e0i r\u1ed9ng cao) . T\u1ee7 ph\u1ee5 L c\u00f3 th\u1ec3 \u0111\u1ed5i g\u00f3c sang Tr\u00e1i \/ Ph\u1ea3i \u0111\u1ec1u \u0111\u01b0\u1ee3c.","og_url":"https:\/\/amafurni.vn\/en\/product\/ban-giam-doc-ama-10303-24\/","og_site_name":"AMAFURNI","article_modified_time":"2025-12-27T10:00:24+00:00","og_image":[{"width":1280,"height":976,"url":"https:\/\/amafurni.vn\/wp-content\/uploads\/2025\/12\/DE10303-24.1.jpg","type":"image\/jpeg"}],"twitter_card":"summary_large_image","twitter_misc":{"Est. reading time":"1 minute"},"schema":{"@context":"https:\/\/schema.org","@graph":[{"@type":"WebPage","@id":"https:\/\/amafurni.vn\/san-pham\/ban-giam-doc-ama-10303-24\/","url":"https:\/\/amafurni.vn\/san-pham\/ban-giam-doc-ama-10303-24\/","name":"B\u00e0n gi\u00e1m \u0111\u1ed1c AMA-10303-24 - AMAFURNI","isPartOf":{"@id":"https:\/\/amafurni.vn\/#website"},"datePublished":"2025-12-27T10:00:22+00:00","dateModified":"2025-12-27T10:00:24+00:00","breadcrumb":{"@id":"https:\/\/amafurni.vn\/san-pham\/ban-giam-doc-ama-10303-24\/#breadcrumb"},"inLanguage":"en-US","potentialAction":[{"@type":"ReadAction","target":["https:\/\/amafurni.vn\/san-pham\/ban-giam-doc-ama-10303-24\/"]}]},{"@type":"BreadcrumbList","@id":"https:\/\/amafurni.vn\/san-pham\/ban-giam-doc-ama-10303-24\/#breadcrumb","itemListElement":[{"@type":"ListItem","position":1,"name":"Trang ch\u1ee7","item":"https:\/\/amafurni.vn\/"},{"@type":"ListItem","position":2,"name":"S\u1ea3n ph\u1ea9m","item":"https:\/\/amafurni.vn\/san-pham\/"},{"@type":"ListItem","position":3,"name":"B\u00e0n gi\u00e1m \u0111\u1ed1c AMA-10303-24"}]},{"@type":"WebSite","@id":"https:\/\/amafurni.vn\/#website","url":"https:\/\/amafurni.vn\/","name":"AMAFURNI","description":"","potentialAction":[{"@type":"SearchAction","target":{"@type":"EntryPoint","urlTemplate":"https:\/\/amafurni.vn\/?s={search_term_string}"},"query-input":"required name=search_term_string"}],"inLanguage":"en-US"}]}},"_links":{"self":[{"href":"https:\/\/amafurni.vn\/en\/wp-json\/wp\/v2\/product\/24098"}],"collection":[{"href":"https:\/\/amafurni.vn\/en\/wp-json\/wp\/v2\/product"}],"about":[{"href":"https:\/\/amafurni.vn\/en\/wp-json\/wp\/v2\/types\/product"}],"replies":[{"embeddable":true,"href":"https:\/\/amafurni.vn\/en\/wp-json\/wp\/v2\/comments?post=24098"}],"wp:featuredmedia":[{"embeddable":true,"href":"https:\/\/amafurni.vn\/en\/wp-json\/wp\/v2\/media\/24099"}],"wp:attachment":[{"href":"https:\/\/amafurni.vn\/en\/wp-json\/wp\/v2\/media?parent=24098"}],"wp:term":[{"taxonomy":"product_cat","embeddable":true,"href":"https:\/\/amafurni.vn\/en\/wp-json\/wp\/v2\/product_cat?post=24098"},{"taxonomy":"product_tag","embeddable":true,"href":"https:\/\/amafurni.vn\/en\/wp-json\/wp\/v2\/product_tag?post=24098"}],"curies":[{"name":"wp","href":"https:\/\/api.w.org\/{rel}","templated":true}]}}