{"id":24183,"date":"2026-01-03T17:05:02","date_gmt":"2026-01-03T10:05:02","guid":{"rendered":"https:\/\/amafurni.vn\/?post_type=product&#038;p=24183"},"modified":"2026-01-03T17:05:03","modified_gmt":"2026-01-03T10:05:03","slug":"ghe-giam-doc-ama-rc12308","status":"publish","type":"product","link":"https:\/\/amafurni.vn\/en\/product\/ghe-giam-doc-ama-rc12308\/","title":{"rendered":"Gh\u1ebf gi\u00e1m \u0111\u1ed1c AMA-RC12308"},"content":{"rendered":"<table class=\"woocommerce-product-attributes shop_attributes\" style=\"width: 108.497309%; height: 289px;\" width=\"929\">\n<tbody>\n<tr class=\"woocommerce-product-attributes-item woocommerce-product-attributes-item--attribute_season\">\n<th class=\"woocommerce-product-attributes-item__label\">Ch\u1ea5t Li\u1ec7u.<\/th>\n<td class=\"woocommerce-product-attributes-item__value\">B\u1ecdc Da c\u00f4ng nghi\u1ec7p, N\u1ec7m cao su, Ch\u00e2n th\u00e9p m\u1ea1 crome ch\u1ecbu l\u1ef1c, Piton Class 4<\/td>\n<\/tr>\n<tr class=\"woocommerce-product-attributes-item woocommerce-product-attributes-item--attribute_season\">\n<th class=\"woocommerce-product-attributes-item__label\">Size<\/th>\n<td class=\"woocommerce-product-attributes-item__value\">\u00a0700*700*(1200-1300)mm<\/td>\n<\/tr>\n<tr class=\"woocommerce-product-attributes-item woocommerce-product-attributes-item--attribute_pa_color\">\n<th class=\"woocommerce-product-attributes-item__label\">M\u00e0u S\u1eafc<\/th>\n<td class=\"woocommerce-product-attributes-item__value\">\u0110EN , KEM<\/td>\n<\/tr>\n<tr class=\"woocommerce-product-attributes-item woocommerce-product-attributes-item--attribute_pa_material\">\n<th class=\"woocommerce-product-attributes-item__label\">T\u00ednh N\u0103ng<\/th>\n<td class=\"woocommerce-product-attributes-item__value\">T\u0103ng\/Gi\u1ea3m chi\u1ec1u cao, Xoay 360 \u0111\u1ed9, G\u1eadt g\u00f9 b\u1eadp b\u00eanhNg\u1ea3 l\u01b0ng kho\u00e1 ch\u1ed1t c\u1ed1 \u0111\u1ecbnh k\u00e8m ch\u00e2n g\u00e1c n\u1eb1m tho\u1ea3i m\u00e1i<\/td>\n<\/tr>\n<tr class=\"woocommerce-product-attributes-item woocommerce-product-attributes-item--attribute_item-code\">\n<th class=\"woocommerce-product-attributes-item__label\">B\u1ea3o H\u00e0nh<\/th>\n<td class=\"woocommerce-product-attributes-item__value\">12 th\u00e1ng<\/td>\n<\/tr>\n<\/tbody>\n<\/table>","protected":false},"excerpt":{"rendered":"<p><strong>Gh\u1ebf Gi\u00e1m \u0110\u1ed1c th\u01b0 gi\u00e3n ng\u1ea3 l\u01b0ng AMA-RC12308\u00a0l\u00e0 m\u1eabu gh\u1ebf nh\u1eadp kh\u1ea9u tr\u1ef1c ti\u1ebfp c\u1ee7a N\u1ed8I TH\u1ea4T AMA FURNITURE , v\u1edbi thi\u1ebft k\u1ebf tinh t\u1ebf , t\u1ed1i gian t\u1ea1o n\u00ean v\u1ebb \u0111\u1eb9p sang tr\u1ecdng cho kh\u00f4ng gian L\u00e0m vi\u1ec7c, V\u0103n ph\u00f2ng, C\u00f4ng ty v.v.<\/strong><\/p>\n<p>M\u00e3 SP : AMA-RC12308<br \/>\nCh\u1ea5t li\u1ec7u : B\u1ecdc Da c\u00f4ng nghi\u1ec7p, N\u1ec7m cao su, Ch\u00e2n th\u00e9p m\u1ea1 crome ch\u1ecbu l\u1ef1c, Piton Class 4<br \/>\nM\u00e0u s\u1eafc : \u0110EN , KEM<br \/>\nK\u00edch th\u01b0\u1edbc : 700*700*(1200-1300)mm<br \/>\nT\u00ednh n\u0103ng : Ng\u1ea3 l\u01b0ng th\u01b0 gi\u00e3n tho\u1ea3i m\u00e1i v\u1edbi Ch\u00e2n g\u00e1c n\u1eb1m k\u00e9o x\u1ebfp g\u1ecdn<br \/>\nCh\u1ea5t l\u01b0\u1ee3ng b\u1ec1n ch\u1eafc, s\u1eed d\u1ee5ng l\u00e2u d\u00e0i<br \/>\nD\u1ec5 d\u00e0ng lau ch\u00f9i, v\u1ec7 sinh<br \/>\nCh\u1ed1ng va \u0111\u1eadp t\u1ed1t, m\u00e0u s\u1eafc s\u1ed1ng \u0111\u1ed9ng<\/p>","protected":false},"featured_media":24184,"comment_status":"closed","ping_status":"closed","template":"","meta":[],"product_cat":[59,71,109],"product_tag":[189],"yoast_head":"<!-- This site is optimized with the Yoast SEO Premium plugin v21.7 (Yoast SEO v21.7) - https:\/\/yoast.com\/wordpress\/plugins\/seo\/ -->\n<title>Gh\u1ebf gi\u00e1m \u0111\u1ed1c AMA-RC12308 - AMAFURNI<\/title>\n<meta name=\"robots\" content=\"index, follow, max-snippet:-1, max-image-preview:large, max-video-preview:-1\" \/>\n<link rel=\"canonical\" href=\"https:\/\/amafurni.vn\/en\/product\/ghe-giam-doc-ama-rc12308\/\" \/>\n<meta property=\"og:locale\" content=\"en_US\" \/>\n<meta property=\"og:type\" content=\"article\" \/>\n<meta property=\"og:title\" content=\"Gh\u1ebf gi\u00e1m \u0111\u1ed1c AMA-RC12308\" \/>\n<meta property=\"og:description\" content=\"Gh\u1ebf Gi\u00e1m \u0110\u1ed1c th\u01b0 gi\u00e3n ng\u1ea3 l\u01b0ng AMA-RC12308\u00a0l\u00e0 m\u1eabu gh\u1ebf nh\u1eadp kh\u1ea9u tr\u1ef1c ti\u1ebfp c\u1ee7a N\u1ed8I TH\u1ea4T AMA FURNITURE , v\u1edbi thi\u1ebft k\u1ebf tinh t\u1ebf , t\u1ed1i gian t\u1ea1o n\u00ean v\u1ebb \u0111\u1eb9p sang tr\u1ecdng cho kh\u00f4ng gian L\u00e0m vi\u1ec7c, V\u0103n ph\u00f2ng, C\u00f4ng ty v.v.  M\u00e3 SP : AMA-RC12308 Ch\u1ea5t li\u1ec7u : B\u1ecdc Da c\u00f4ng nghi\u1ec7p, N\u1ec7m cao su, Ch\u00e2n th\u00e9p m\u1ea1 crome ch\u1ecbu l\u1ef1c, Piton Class 4 M\u00e0u s\u1eafc : \u0110EN , KEM K\u00edch th\u01b0\u1edbc : 700*700*(1200-1300)mm T\u00ednh n\u0103ng : Ng\u1ea3 l\u01b0ng th\u01b0 gi\u00e3n tho\u1ea3i m\u00e1i v\u1edbi Ch\u00e2n g\u00e1c n\u1eb1m k\u00e9o x\u1ebfp g\u1ecdn Ch\u1ea5t l\u01b0\u1ee3ng b\u1ec1n ch\u1eafc, s\u1eed d\u1ee5ng l\u00e2u d\u00e0i D\u1ec5 d\u00e0ng lau ch\u00f9i, v\u1ec7 sinh Ch\u1ed1ng va \u0111\u1eadp t\u1ed1t, m\u00e0u s\u1eafc s\u1ed1ng \u0111\u1ed9ng\" \/>\n<meta property=\"og:url\" content=\"https:\/\/amafurni.vn\/en\/product\/ghe-giam-doc-ama-rc12308\/\" \/>\n<meta property=\"og:site_name\" content=\"AMAFURNI\" \/>\n<meta property=\"article:modified_time\" content=\"2026-01-03T10:05:03+00:00\" \/>\n<meta property=\"og:image\" content=\"https:\/\/amafurni.vn\/wp-content\/uploads\/2026\/01\/RC12308.1.png\" \/>\n\t<meta property=\"og:image:width\" content=\"600\" \/>\n\t<meta property=\"og:image:height\" content=\"700\" \/>\n\t<meta property=\"og:image:type\" content=\"image\/png\" \/>\n<meta name=\"twitter:card\" content=\"summary_large_image\" \/>\n<meta name=\"twitter:label1\" content=\"Est. reading time\" \/>\n\t<meta name=\"twitter:data1\" content=\"1 minute\" \/>\n<script type=\"application\/ld+json\" class=\"yoast-schema-graph\">{\"@context\":\"https:\/\/schema.org\",\"@graph\":[{\"@type\":\"WebPage\",\"@id\":\"https:\/\/amafurni.vn\/san-pham\/ghe-giam-doc-ama-rc12308\/\",\"url\":\"https:\/\/amafurni.vn\/san-pham\/ghe-giam-doc-ama-rc12308\/\",\"name\":\"Gh\u1ebf gi\u00e1m \u0111\u1ed1c AMA-RC12308 - AMAFURNI\",\"isPartOf\":{\"@id\":\"https:\/\/amafurni.vn\/#website\"},\"datePublished\":\"2026-01-03T10:05:02+00:00\",\"dateModified\":\"2026-01-03T10:05:03+00:00\",\"breadcrumb\":{\"@id\":\"https:\/\/amafurni.vn\/san-pham\/ghe-giam-doc-ama-rc12308\/#breadcrumb\"},\"inLanguage\":\"en-US\",\"potentialAction\":[{\"@type\":\"ReadAction\",\"target\":[\"https:\/\/amafurni.vn\/san-pham\/ghe-giam-doc-ama-rc12308\/\"]}]},{\"@type\":\"BreadcrumbList\",\"@id\":\"https:\/\/amafurni.vn\/san-pham\/ghe-giam-doc-ama-rc12308\/#breadcrumb\",\"itemListElement\":[{\"@type\":\"ListItem\",\"position\":1,\"name\":\"Trang ch\u1ee7\",\"item\":\"https:\/\/amafurni.vn\/\"},{\"@type\":\"ListItem\",\"position\":2,\"name\":\"S\u1ea3n ph\u1ea9m\",\"item\":\"https:\/\/amafurni.vn\/san-pham\/\"},{\"@type\":\"ListItem\",\"position\":3,\"name\":\"Gh\u1ebf gi\u00e1m \u0111\u1ed1c AMA-RC12308\"}]},{\"@type\":\"WebSite\",\"@id\":\"https:\/\/amafurni.vn\/#website\",\"url\":\"https:\/\/amafurni.vn\/\",\"name\":\"AMAFURNI\",\"description\":\"\",\"potentialAction\":[{\"@type\":\"SearchAction\",\"target\":{\"@type\":\"EntryPoint\",\"urlTemplate\":\"https:\/\/amafurni.vn\/?s={search_term_string}\"},\"query-input\":\"required name=search_term_string\"}],\"inLanguage\":\"en-US\"}]}<\/script>\n<!-- \/ Yoast SEO Premium plugin. -->","yoast_head_json":{"title":"Gh\u1ebf gi\u00e1m \u0111\u1ed1c AMA-RC12308 - AMAFURNI","robots":{"index":"index","follow":"follow","max-snippet":"max-snippet:-1","max-image-preview":"max-image-preview:large","max-video-preview":"max-video-preview:-1"},"canonical":"https:\/\/amafurni.vn\/en\/product\/ghe-giam-doc-ama-rc12308\/","og_locale":"en_US","og_type":"article","og_title":"Gh\u1ebf gi\u00e1m \u0111\u1ed1c AMA-RC12308","og_description":"Gh\u1ebf Gi\u00e1m \u0110\u1ed1c th\u01b0 gi\u00e3n ng\u1ea3 l\u01b0ng AMA-RC12308\u00a0l\u00e0 m\u1eabu gh\u1ebf nh\u1eadp kh\u1ea9u tr\u1ef1c ti\u1ebfp c\u1ee7a N\u1ed8I TH\u1ea4T AMA FURNITURE , v\u1edbi thi\u1ebft k\u1ebf tinh t\u1ebf , t\u1ed1i gian t\u1ea1o n\u00ean v\u1ebb \u0111\u1eb9p sang tr\u1ecdng cho kh\u00f4ng gian L\u00e0m vi\u1ec7c, V\u0103n ph\u00f2ng, C\u00f4ng ty v.v.  M\u00e3 SP : AMA-RC12308 Ch\u1ea5t li\u1ec7u : B\u1ecdc Da c\u00f4ng nghi\u1ec7p, N\u1ec7m cao su, Ch\u00e2n th\u00e9p m\u1ea1 crome ch\u1ecbu l\u1ef1c, Piton Class 4 M\u00e0u s\u1eafc : \u0110EN , KEM K\u00edch th\u01b0\u1edbc : 700*700*(1200-1300)mm T\u00ednh n\u0103ng : Ng\u1ea3 l\u01b0ng th\u01b0 gi\u00e3n tho\u1ea3i m\u00e1i v\u1edbi Ch\u00e2n g\u00e1c n\u1eb1m k\u00e9o x\u1ebfp g\u1ecdn Ch\u1ea5t l\u01b0\u1ee3ng b\u1ec1n ch\u1eafc, s\u1eed d\u1ee5ng l\u00e2u d\u00e0i D\u1ec5 d\u00e0ng lau ch\u00f9i, v\u1ec7 sinh Ch\u1ed1ng va \u0111\u1eadp t\u1ed1t, m\u00e0u s\u1eafc s\u1ed1ng \u0111\u1ed9ng","og_url":"https:\/\/amafurni.vn\/en\/product\/ghe-giam-doc-ama-rc12308\/","og_site_name":"AMAFURNI","article_modified_time":"2026-01-03T10:05:03+00:00","og_image":[{"width":600,"height":700,"url":"https:\/\/amafurni.vn\/wp-content\/uploads\/2026\/01\/RC12308.1.png","type":"image\/png"}],"twitter_card":"summary_large_image","twitter_misc":{"Est. reading time":"1 minute"},"schema":{"@context":"https:\/\/schema.org","@graph":[{"@type":"WebPage","@id":"https:\/\/amafurni.vn\/san-pham\/ghe-giam-doc-ama-rc12308\/","url":"https:\/\/amafurni.vn\/san-pham\/ghe-giam-doc-ama-rc12308\/","name":"Gh\u1ebf gi\u00e1m \u0111\u1ed1c AMA-RC12308 - AMAFURNI","isPartOf":{"@id":"https:\/\/amafurni.vn\/#website"},"datePublished":"2026-01-03T10:05:02+00:00","dateModified":"2026-01-03T10:05:03+00:00","breadcrumb":{"@id":"https:\/\/amafurni.vn\/san-pham\/ghe-giam-doc-ama-rc12308\/#breadcrumb"},"inLanguage":"en-US","potentialAction":[{"@type":"ReadAction","target":["https:\/\/amafurni.vn\/san-pham\/ghe-giam-doc-ama-rc12308\/"]}]},{"@type":"BreadcrumbList","@id":"https:\/\/amafurni.vn\/san-pham\/ghe-giam-doc-ama-rc12308\/#breadcrumb","itemListElement":[{"@type":"ListItem","position":1,"name":"Trang ch\u1ee7","item":"https:\/\/amafurni.vn\/"},{"@type":"ListItem","position":2,"name":"S\u1ea3n ph\u1ea9m","item":"https:\/\/amafurni.vn\/san-pham\/"},{"@type":"ListItem","position":3,"name":"Gh\u1ebf gi\u00e1m \u0111\u1ed1c AMA-RC12308"}]},{"@type":"WebSite","@id":"https:\/\/amafurni.vn\/#website","url":"https:\/\/amafurni.vn\/","name":"AMAFURNI","description":"","potentialAction":[{"@type":"SearchAction","target":{"@type":"EntryPoint","urlTemplate":"https:\/\/amafurni.vn\/?s={search_term_string}"},"query-input":"required name=search_term_string"}],"inLanguage":"en-US"}]}},"_links":{"self":[{"href":"https:\/\/amafurni.vn\/en\/wp-json\/wp\/v2\/product\/24183"}],"collection":[{"href":"https:\/\/amafurni.vn\/en\/wp-json\/wp\/v2\/product"}],"about":[{"href":"https:\/\/amafurni.vn\/en\/wp-json\/wp\/v2\/types\/product"}],"replies":[{"embeddable":true,"href":"https:\/\/amafurni.vn\/en\/wp-json\/wp\/v2\/comments?post=24183"}],"wp:featuredmedia":[{"embeddable":true,"href":"https:\/\/amafurni.vn\/en\/wp-json\/wp\/v2\/media\/24184"}],"wp:attachment":[{"href":"https:\/\/amafurni.vn\/en\/wp-json\/wp\/v2\/media?parent=24183"}],"wp:term":[{"taxonomy":"product_cat","embeddable":true,"href":"https:\/\/amafurni.vn\/en\/wp-json\/wp\/v2\/product_cat?post=24183"},{"taxonomy":"product_tag","embeddable":true,"href":"https:\/\/amafurni.vn\/en\/wp-json\/wp\/v2\/product_tag?post=24183"}],"curies":[{"name":"wp","href":"https:\/\/api.w.org\/{rel}","templated":true}]}}