{"id":24212,"date":"2026-01-05T12:48:39","date_gmt":"2026-01-05T05:48:39","guid":{"rendered":"https:\/\/amafurni.vn\/?post_type=product&#038;p=24212"},"modified":"2026-01-05T12:48:41","modified_gmt":"2026-01-05T05:48:41","slug":"ghe-giam-doc-ama-gd007a","status":"publish","type":"product","link":"https:\/\/amafurni.vn\/en\/product\/ghe-giam-doc-ama-gd007a\/","title":{"rendered":"Gh\u1ebf gi\u00e1m \u0111\u1ed1c AMA-GD007A"},"content":{"rendered":"<table class=\"woocommerce-product-attributes shop_attributes\" style=\"width: 107.677427%; height: 287px;\" width=\"929\">\n<tbody>\n<tr class=\"woocommerce-product-attributes-item woocommerce-product-attributes-item--attribute_season\">\n<th class=\"woocommerce-product-attributes-item__label\" style=\"width: 15.359828%;\">Material<\/th>\n<td class=\"woocommerce-product-attributes-item__value\" style=\"width: 83.780881%;\">\u00a0B\u1ecdc Da c\u00f4ng nghi\u1ec7p, Tay gh\u1ebf G\u1ed7 t\u1ef1 nhi\u00ean Cong, Ch\u00e2n gh\u1ebf G\u1ed7 t\u1ef1 nhi\u00ean<\/td>\n<\/tr>\n<tr class=\"woocommerce-product-attributes-item woocommerce-product-attributes-item--attribute_pa_color\">\n<th class=\"woocommerce-product-attributes-item__label\" style=\"width: 15.359828%;\">M\u00e0u S\u1eafc<\/th>\n<td class=\"woocommerce-product-attributes-item__value\" style=\"width: 83.780881%;\">\u00a0N\u00c2U, \u0110EN<\/td>\n<\/tr>\n<tr class=\"woocommerce-product-attributes-item woocommerce-product-attributes-item--attribute_style\">\n<th class=\"woocommerce-product-attributes-item__label\" style=\"width: 15.359828%;\">Size<\/th>\n<td class=\"woocommerce-product-attributes-item__value\" style=\"width: 83.780881%;\">\n<div class=\"page\" title=\"Page 16\">\n<div class=\"layoutArea\">\n<div class=\"column\">\n<p>\u00a0600*600*(1200-1300)mm<\/p>\n<\/div>\n<\/div>\n<\/div>\n<\/td>\n<\/tr>\n<tr class=\"woocommerce-product-attributes-item woocommerce-product-attributes-item--attribute_pa_material\">\n<th class=\"woocommerce-product-attributes-item__label\" style=\"width: 15.359828%;\">T\u00ednh N\u0103ng<\/th>\n<td class=\"woocommerce-product-attributes-item__value\" style=\"width: 83.780881%;\">Ng\u1ea3 l\u01b0ng th\u01b0 gi\u00e3n 160 \u0111\u1ed9 , Xoay 360 \u0111\u1ed9, T\u0103ng\/Gi\u1ea3m chi\u1ec1u cao, G\u1eadt g\u00f9 th\u01b0 gi\u00e3n.<\/td>\n<\/tr>\n<tr class=\"woocommerce-product-attributes-item woocommerce-product-attributes-item--attribute_item-code\">\n<th class=\"woocommerce-product-attributes-item__label\" style=\"width: 15.359828%;\">B\u1ea3o H\u00e0nh<\/th>\n<td class=\"woocommerce-product-attributes-item__value\" style=\"width: 83.780881%;\">12 th\u00e1ng<\/td>\n<\/tr>\n<\/tbody>\n<\/table>","protected":false},"excerpt":{"rendered":"<p>Ch\u1ea5t Li\u1ec7u \u00a0B\u1ecdc Da c\u00f4ng nghi\u1ec7p, Tay gh\u1ebf G\u1ed7 t\u1ef1 nhi\u00ean Cong, Ch\u00e2n gh\u1ebf G\u1ed7 t\u1ef1 nhi\u00ean M\u00e0u S\u1eafc \u00a0N\u00c2U, \u0110EN K\u00edch Th\u01b0\u1edbc \u00a0600*600*(1200-1300)mm T\u00ednh N\u0103ng Ng\u1ea3 l\u01b0ng th\u01b0 gi\u00e3n 160 \u0111\u1ed9 , Xoay 360 \u0111\u1ed9, T\u0103ng\/Gi\u1ea3m chi\u1ec1u cao, G\u1eadt g\u00f9 th\u01b0 gi\u00e3n. B\u1ea3o H\u00e0nh 12 th\u00e1ng<\/p>","protected":false},"featured_media":24216,"comment_status":"closed","ping_status":"closed","template":"","meta":[],"product_cat":[59,69],"product_tag":[189],"yoast_head":"<!-- This site is optimized with the Yoast SEO Premium plugin v21.7 (Yoast SEO v21.7) - https:\/\/yoast.com\/wordpress\/plugins\/seo\/ -->\n<title>Gh\u1ebf gi\u00e1m \u0111\u1ed1c AMA-GD007A - AMAFURNI<\/title>\n<meta name=\"robots\" content=\"index, follow, max-snippet:-1, max-image-preview:large, max-video-preview:-1\" \/>\n<link rel=\"canonical\" href=\"https:\/\/amafurni.vn\/en\/product\/ghe-giam-doc-ama-gd007a\/\" \/>\n<meta property=\"og:locale\" content=\"en_US\" \/>\n<meta property=\"og:type\" content=\"article\" \/>\n<meta property=\"og:title\" content=\"Gh\u1ebf gi\u00e1m \u0111\u1ed1c AMA-GD007A\" \/>\n<meta property=\"og:description\" content=\"Ch\u1ea5t Li\u1ec7u \u00a0B\u1ecdc Da c\u00f4ng nghi\u1ec7p, Tay gh\u1ebf G\u1ed7 t\u1ef1 nhi\u00ean Cong, Ch\u00e2n gh\u1ebf G\u1ed7 t\u1ef1 nhi\u00ean M\u00e0u S\u1eafc \u00a0N\u00c2U, \u0110EN K\u00edch Th\u01b0\u1edbc \u00a0600*600*(1200-1300)mm T\u00ednh N\u0103ng Ng\u1ea3 l\u01b0ng th\u01b0 gi\u00e3n 160 \u0111\u1ed9 , Xoay 360 \u0111\u1ed9, T\u0103ng\/Gi\u1ea3m chi\u1ec1u cao, G\u1eadt g\u00f9 th\u01b0 gi\u00e3n. B\u1ea3o H\u00e0nh 12 th\u00e1ng\" \/>\n<meta property=\"og:url\" content=\"https:\/\/amafurni.vn\/en\/product\/ghe-giam-doc-ama-gd007a\/\" \/>\n<meta property=\"og:site_name\" content=\"AMAFURNI\" \/>\n<meta property=\"article:modified_time\" content=\"2026-01-05T05:48:41+00:00\" \/>\n<meta property=\"og:image\" content=\"https:\/\/amafurni.vn\/wp-content\/uploads\/2026\/01\/GD007A.0-1024x1024.png\" \/>\n\t<meta property=\"og:image:width\" content=\"1024\" \/>\n\t<meta property=\"og:image:height\" content=\"1024\" \/>\n\t<meta property=\"og:image:type\" content=\"image\/png\" \/>\n<meta name=\"twitter:card\" content=\"summary_large_image\" \/>\n<meta name=\"twitter:label1\" content=\"Est. reading time\" \/>\n\t<meta name=\"twitter:data1\" content=\"1 minute\" \/>\n<script type=\"application\/ld+json\" class=\"yoast-schema-graph\">{\"@context\":\"https:\/\/schema.org\",\"@graph\":[{\"@type\":\"WebPage\",\"@id\":\"https:\/\/amafurni.vn\/san-pham\/ghe-giam-doc-ama-gd007a\/\",\"url\":\"https:\/\/amafurni.vn\/san-pham\/ghe-giam-doc-ama-gd007a\/\",\"name\":\"Gh\u1ebf gi\u00e1m \u0111\u1ed1c AMA-GD007A - AMAFURNI\",\"isPartOf\":{\"@id\":\"https:\/\/amafurni.vn\/#website\"},\"datePublished\":\"2026-01-05T05:48:39+00:00\",\"dateModified\":\"2026-01-05T05:48:41+00:00\",\"breadcrumb\":{\"@id\":\"https:\/\/amafurni.vn\/san-pham\/ghe-giam-doc-ama-gd007a\/#breadcrumb\"},\"inLanguage\":\"en-US\",\"potentialAction\":[{\"@type\":\"ReadAction\",\"target\":[\"https:\/\/amafurni.vn\/san-pham\/ghe-giam-doc-ama-gd007a\/\"]}]},{\"@type\":\"BreadcrumbList\",\"@id\":\"https:\/\/amafurni.vn\/san-pham\/ghe-giam-doc-ama-gd007a\/#breadcrumb\",\"itemListElement\":[{\"@type\":\"ListItem\",\"position\":1,\"name\":\"Trang ch\u1ee7\",\"item\":\"https:\/\/amafurni.vn\/\"},{\"@type\":\"ListItem\",\"position\":2,\"name\":\"S\u1ea3n ph\u1ea9m\",\"item\":\"https:\/\/amafurni.vn\/san-pham\/\"},{\"@type\":\"ListItem\",\"position\":3,\"name\":\"Gh\u1ebf gi\u00e1m \u0111\u1ed1c AMA-GD007A\"}]},{\"@type\":\"WebSite\",\"@id\":\"https:\/\/amafurni.vn\/#website\",\"url\":\"https:\/\/amafurni.vn\/\",\"name\":\"AMAFURNI\",\"description\":\"\",\"potentialAction\":[{\"@type\":\"SearchAction\",\"target\":{\"@type\":\"EntryPoint\",\"urlTemplate\":\"https:\/\/amafurni.vn\/?s={search_term_string}\"},\"query-input\":\"required name=search_term_string\"}],\"inLanguage\":\"en-US\"}]}<\/script>\n<!-- \/ Yoast SEO Premium plugin. -->","yoast_head_json":{"title":"Gh\u1ebf gi\u00e1m \u0111\u1ed1c AMA-GD007A - AMAFURNI","robots":{"index":"index","follow":"follow","max-snippet":"max-snippet:-1","max-image-preview":"max-image-preview:large","max-video-preview":"max-video-preview:-1"},"canonical":"https:\/\/amafurni.vn\/en\/product\/ghe-giam-doc-ama-gd007a\/","og_locale":"en_US","og_type":"article","og_title":"Gh\u1ebf gi\u00e1m \u0111\u1ed1c AMA-GD007A","og_description":"Ch\u1ea5t Li\u1ec7u \u00a0B\u1ecdc Da c\u00f4ng nghi\u1ec7p, Tay gh\u1ebf G\u1ed7 t\u1ef1 nhi\u00ean Cong, Ch\u00e2n gh\u1ebf G\u1ed7 t\u1ef1 nhi\u00ean M\u00e0u S\u1eafc \u00a0N\u00c2U, \u0110EN K\u00edch Th\u01b0\u1edbc \u00a0600*600*(1200-1300)mm T\u00ednh N\u0103ng Ng\u1ea3 l\u01b0ng th\u01b0 gi\u00e3n 160 \u0111\u1ed9 , Xoay 360 \u0111\u1ed9, T\u0103ng\/Gi\u1ea3m chi\u1ec1u cao, G\u1eadt g\u00f9 th\u01b0 gi\u00e3n. B\u1ea3o H\u00e0nh 12 th\u00e1ng","og_url":"https:\/\/amafurni.vn\/en\/product\/ghe-giam-doc-ama-gd007a\/","og_site_name":"AMAFURNI","article_modified_time":"2026-01-05T05:48:41+00:00","og_image":[{"width":1024,"height":1024,"url":"https:\/\/amafurni.vn\/wp-content\/uploads\/2026\/01\/GD007A.0-1024x1024.png","type":"image\/png"}],"twitter_card":"summary_large_image","twitter_misc":{"Est. reading time":"1 minute"},"schema":{"@context":"https:\/\/schema.org","@graph":[{"@type":"WebPage","@id":"https:\/\/amafurni.vn\/san-pham\/ghe-giam-doc-ama-gd007a\/","url":"https:\/\/amafurni.vn\/san-pham\/ghe-giam-doc-ama-gd007a\/","name":"Gh\u1ebf gi\u00e1m \u0111\u1ed1c AMA-GD007A - AMAFURNI","isPartOf":{"@id":"https:\/\/amafurni.vn\/#website"},"datePublished":"2026-01-05T05:48:39+00:00","dateModified":"2026-01-05T05:48:41+00:00","breadcrumb":{"@id":"https:\/\/amafurni.vn\/san-pham\/ghe-giam-doc-ama-gd007a\/#breadcrumb"},"inLanguage":"en-US","potentialAction":[{"@type":"ReadAction","target":["https:\/\/amafurni.vn\/san-pham\/ghe-giam-doc-ama-gd007a\/"]}]},{"@type":"BreadcrumbList","@id":"https:\/\/amafurni.vn\/san-pham\/ghe-giam-doc-ama-gd007a\/#breadcrumb","itemListElement":[{"@type":"ListItem","position":1,"name":"Trang ch\u1ee7","item":"https:\/\/amafurni.vn\/"},{"@type":"ListItem","position":2,"name":"S\u1ea3n ph\u1ea9m","item":"https:\/\/amafurni.vn\/san-pham\/"},{"@type":"ListItem","position":3,"name":"Gh\u1ebf gi\u00e1m \u0111\u1ed1c AMA-GD007A"}]},{"@type":"WebSite","@id":"https:\/\/amafurni.vn\/#website","url":"https:\/\/amafurni.vn\/","name":"AMAFURNI","description":"","potentialAction":[{"@type":"SearchAction","target":{"@type":"EntryPoint","urlTemplate":"https:\/\/amafurni.vn\/?s={search_term_string}"},"query-input":"required name=search_term_string"}],"inLanguage":"en-US"}]}},"_links":{"self":[{"href":"https:\/\/amafurni.vn\/en\/wp-json\/wp\/v2\/product\/24212"}],"collection":[{"href":"https:\/\/amafurni.vn\/en\/wp-json\/wp\/v2\/product"}],"about":[{"href":"https:\/\/amafurni.vn\/en\/wp-json\/wp\/v2\/types\/product"}],"replies":[{"embeddable":true,"href":"https:\/\/amafurni.vn\/en\/wp-json\/wp\/v2\/comments?post=24212"}],"wp:featuredmedia":[{"embeddable":true,"href":"https:\/\/amafurni.vn\/en\/wp-json\/wp\/v2\/media\/24216"}],"wp:attachment":[{"href":"https:\/\/amafurni.vn\/en\/wp-json\/wp\/v2\/media?parent=24212"}],"wp:term":[{"taxonomy":"product_cat","embeddable":true,"href":"https:\/\/amafurni.vn\/en\/wp-json\/wp\/v2\/product_cat?post=24212"},{"taxonomy":"product_tag","embeddable":true,"href":"https:\/\/amafurni.vn\/en\/wp-json\/wp\/v2\/product_tag?post=24212"}],"curies":[{"name":"wp","href":"https:\/\/api.w.org\/{rel}","templated":true}]}}