{"id":24223,"date":"2026-01-05T12:59:31","date_gmt":"2026-01-05T05:59:31","guid":{"rendered":"https:\/\/amafurni.vn\/?post_type=product&#038;p=24223"},"modified":"2026-01-05T12:59:33","modified_gmt":"2026-01-05T05:59:33","slug":"ghe-lam-viec-ama-gd013","status":"publish","type":"product","link":"https:\/\/amafurni.vn\/en\/product\/ghe-lam-viec-ama-gd013\/","title":{"rendered":"Gh\u1ebf l\u00e0m vi\u1ec7c AMA-GD013"},"content":{"rendered":"<table class=\"woocommerce-product-attributes shop_attributes\" style=\"width: 108.941516%; height: 295px;\" width=\"929\">\n<tbody>\n<tr class=\"woocommerce-product-attributes-item woocommerce-product-attributes-item--attribute_season\" style=\"height: 24px;\">\n<th class=\"woocommerce-product-attributes-item__label\" style=\"height: 24px;\">Material<\/th>\n<td class=\"woocommerce-product-attributes-item__value\" style=\"height: 24px;\">\u00a0B\u1ecdc Da c\u00f4ng nghi\u1ec7p, Khung s\u01b0\u1eddn g\u1ed7 Plywood, Ch\u00e2n h\u1ee3p kim m\u1ea1 crome<\/td>\n<\/tr>\n<tr class=\"woocommerce-product-attributes-item woocommerce-product-attributes-item--attribute_pa_color\" style=\"height: 24px;\">\n<th class=\"woocommerce-product-attributes-item__label\" style=\"height: 24px;\">M\u00e0u S\u1eafc<\/th>\n<td class=\"woocommerce-product-attributes-item__value\" style=\"height: 24px;\">\u00a0N\u00c2U, \u0110EN,KEM, CAM, DA B\u00d2, X\u00c1M (S\u1ea3n xu\u1ea5t theo y\u00eau c\u1ea7u)<\/td>\n<\/tr>\n<tr class=\"woocommerce-product-attributes-item woocommerce-product-attributes-item--attribute_style\" style=\"height: 56px;\">\n<th class=\"woocommerce-product-attributes-item__label\" style=\"height: 56px;\">Size<\/th>\n<td class=\"woocommerce-product-attributes-item__value\" style=\"height: 56px;\">\n<div class=\"page\" title=\"Page 16\">\n<div class=\"layoutArea\">\n<div class=\"column\">\n<p>\u00a0600*600*(1200-1300)mm<\/p>\n<\/div>\n<\/div>\n<\/div>\n<\/td>\n<\/tr>\n<tr class=\"woocommerce-product-attributes-item woocommerce-product-attributes-item--attribute_pa_material\" style=\"height: 24px;\">\n<th class=\"woocommerce-product-attributes-item__label\" style=\"height: 24px;\">T\u00ednh N\u0103ng<\/th>\n<td class=\"woocommerce-product-attributes-item__value\" style=\"height: 24px;\">Xoay 360 \u0111\u1ed9, T\u0103ng\/Gi\u1ea3m chi\u1ec1u cao, G\u1eadt g\u00f9 th\u01b0 gi\u00e3n, B\u00e1nh xe di chuy\u1ec3n linh ho\u1ea1t<\/td>\n<\/tr>\n<tr class=\"woocommerce-product-attributes-item woocommerce-product-attributes-item--attribute_item-code\" style=\"height: 24px;\">\n<th class=\"woocommerce-product-attributes-item__label\" style=\"height: 24px;\">B\u1ea3o H\u00e0nh<\/th>\n<td class=\"woocommerce-product-attributes-item__value\" style=\"height: 24px;\">12 th\u00e1ng<\/td>\n<\/tr>\n<\/tbody>\n<\/table>","protected":false},"excerpt":{"rendered":"<p>Ch\u1ea5t Li\u1ec7u \u00a0B\u1ecdc Da c\u00f4ng nghi\u1ec7p, Khung s\u01b0\u1eddn g\u1ed7 Plywood, Ch\u00e2n h\u1ee3p kim m\u1ea1 crome M\u00e0u S\u1eafc \u00a0N\u00c2U, \u0110EN,KEM, CAM, DA B\u00d2, X\u00c1M (S\u1ea3n xu\u1ea5t theo y\u00eau c\u1ea7u) K\u00edch Th\u01b0\u1edbc \u00a0600*600*(1200-1300)mm T\u00ednh N\u0103ng Xoay 360 \u0111\u1ed9, T\u0103ng\/Gi\u1ea3m chi\u1ec1u cao, G\u1eadt g\u00f9 th\u01b0 gi\u00e3n, B\u00e1nh xe di chuy\u1ec3n linh ho\u1ea1t B\u1ea3o H\u00e0nh 12 th\u00e1ng<\/p>","protected":false},"featured_media":24229,"comment_status":"closed","ping_status":"closed","template":"","meta":[],"product_cat":[59,69,70],"product_tag":[124],"yoast_head":"<!-- This site is optimized with the Yoast SEO Premium plugin v21.7 (Yoast SEO v21.7) - https:\/\/yoast.com\/wordpress\/plugins\/seo\/ -->\n<title>Gh\u1ebf l\u00e0m vi\u1ec7c AMA-GD013 - AMAFURNI<\/title>\n<meta name=\"description\" content=\"Gh\u1ebf l\u00e0m vi\u1ec7c gh\u1ebf l\u00e3nh \u0111\u1ea1o d\u00e0nh cho s\u1ebfp n\u1eef sang tr\u1ecdng \u0111\u1eb3ng c\u1ea5p m\u00e0u s\u1eafc trang nh\u00e3 thanh l\u1ecbch ph\u00f9 h\u1ee3p nhi\u1ec1u kh\u00f4ng gian \u0111\u01b0\u1ee3c nh\u1eadp kh\u1ea9u t\u1eeb AMA FURNITURE\" \/>\n<meta name=\"robots\" content=\"index, follow, max-snippet:-1, max-image-preview:large, max-video-preview:-1\" \/>\n<link rel=\"canonical\" href=\"https:\/\/amafurni.vn\/en\/product\/ghe-lam-viec-ama-gd013\/\" \/>\n<meta property=\"og:locale\" content=\"en_US\" \/>\n<meta property=\"og:type\" content=\"article\" \/>\n<meta property=\"og:title\" content=\"Gh\u1ebf l\u00e0m vi\u1ec7c AMA-GD013\" \/>\n<meta property=\"og:description\" content=\"Gh\u1ebf l\u00e0m vi\u1ec7c gh\u1ebf l\u00e3nh \u0111\u1ea1o d\u00e0nh cho s\u1ebfp n\u1eef sang tr\u1ecdng \u0111\u1eb3ng c\u1ea5p m\u00e0u s\u1eafc trang nh\u00e3 thanh l\u1ecbch ph\u00f9 h\u1ee3p nhi\u1ec1u kh\u00f4ng gian \u0111\u01b0\u1ee3c nh\u1eadp kh\u1ea9u t\u1eeb AMA FURNITURE\" \/>\n<meta property=\"og:url\" content=\"https:\/\/amafurni.vn\/en\/product\/ghe-lam-viec-ama-gd013\/\" \/>\n<meta property=\"og:site_name\" content=\"AMAFURNI\" \/>\n<meta property=\"article:modified_time\" content=\"2026-01-05T05:59:33+00:00\" \/>\n<meta property=\"og:image\" content=\"https:\/\/amafurni.vn\/wp-content\/uploads\/2026\/01\/GD013.6.webp\" \/>\n\t<meta property=\"og:image:width\" content=\"800\" \/>\n\t<meta property=\"og:image:height\" content=\"800\" \/>\n\t<meta property=\"og:image:type\" content=\"image\/webp\" \/>\n<meta name=\"twitter:card\" content=\"summary_large_image\" \/>\n<meta name=\"twitter:label1\" content=\"Est. reading time\" \/>\n\t<meta name=\"twitter:data1\" content=\"1 minute\" \/>\n<script type=\"application\/ld+json\" class=\"yoast-schema-graph\">{\"@context\":\"https:\/\/schema.org\",\"@graph\":[{\"@type\":\"WebPage\",\"@id\":\"https:\/\/amafurni.vn\/san-pham\/ghe-lam-viec-ama-gd013\/\",\"url\":\"https:\/\/amafurni.vn\/san-pham\/ghe-lam-viec-ama-gd013\/\",\"name\":\"Gh\u1ebf l\u00e0m vi\u1ec7c AMA-GD013 - AMAFURNI\",\"isPartOf\":{\"@id\":\"https:\/\/amafurni.vn\/#website\"},\"datePublished\":\"2026-01-05T05:59:31+00:00\",\"dateModified\":\"2026-01-05T05:59:33+00:00\",\"description\":\"Gh\u1ebf l\u00e0m vi\u1ec7c gh\u1ebf l\u00e3nh \u0111\u1ea1o d\u00e0nh cho s\u1ebfp n\u1eef sang tr\u1ecdng \u0111\u1eb3ng c\u1ea5p m\u00e0u s\u1eafc trang nh\u00e3 thanh l\u1ecbch ph\u00f9 h\u1ee3p nhi\u1ec1u kh\u00f4ng gian \u0111\u01b0\u1ee3c nh\u1eadp kh\u1ea9u t\u1eeb AMA FURNITURE\",\"breadcrumb\":{\"@id\":\"https:\/\/amafurni.vn\/san-pham\/ghe-lam-viec-ama-gd013\/#breadcrumb\"},\"inLanguage\":\"en-US\",\"potentialAction\":[{\"@type\":\"ReadAction\",\"target\":[\"https:\/\/amafurni.vn\/san-pham\/ghe-lam-viec-ama-gd013\/\"]}]},{\"@type\":\"BreadcrumbList\",\"@id\":\"https:\/\/amafurni.vn\/san-pham\/ghe-lam-viec-ama-gd013\/#breadcrumb\",\"itemListElement\":[{\"@type\":\"ListItem\",\"position\":1,\"name\":\"Trang ch\u1ee7\",\"item\":\"https:\/\/amafurni.vn\/\"},{\"@type\":\"ListItem\",\"position\":2,\"name\":\"S\u1ea3n ph\u1ea9m\",\"item\":\"https:\/\/amafurni.vn\/san-pham\/\"},{\"@type\":\"ListItem\",\"position\":3,\"name\":\"Gh\u1ebf l\u00e0m vi\u1ec7c AMA-GD013\"}]},{\"@type\":\"WebSite\",\"@id\":\"https:\/\/amafurni.vn\/#website\",\"url\":\"https:\/\/amafurni.vn\/\",\"name\":\"AMAFURNI\",\"description\":\"\",\"potentialAction\":[{\"@type\":\"SearchAction\",\"target\":{\"@type\":\"EntryPoint\",\"urlTemplate\":\"https:\/\/amafurni.vn\/?s={search_term_string}\"},\"query-input\":\"required name=search_term_string\"}],\"inLanguage\":\"en-US\"}]}<\/script>\n<!-- \/ Yoast SEO Premium plugin. -->","yoast_head_json":{"title":"Gh\u1ebf l\u00e0m vi\u1ec7c AMA-GD013 - AMAFURNI","description":"Gh\u1ebf l\u00e0m vi\u1ec7c gh\u1ebf l\u00e3nh \u0111\u1ea1o d\u00e0nh cho s\u1ebfp n\u1eef sang tr\u1ecdng \u0111\u1eb3ng c\u1ea5p m\u00e0u s\u1eafc trang nh\u00e3 thanh l\u1ecbch ph\u00f9 h\u1ee3p nhi\u1ec1u kh\u00f4ng gian \u0111\u01b0\u1ee3c nh\u1eadp kh\u1ea9u t\u1eeb AMA FURNITURE","robots":{"index":"index","follow":"follow","max-snippet":"max-snippet:-1","max-image-preview":"max-image-preview:large","max-video-preview":"max-video-preview:-1"},"canonical":"https:\/\/amafurni.vn\/en\/product\/ghe-lam-viec-ama-gd013\/","og_locale":"en_US","og_type":"article","og_title":"Gh\u1ebf l\u00e0m vi\u1ec7c AMA-GD013","og_description":"Gh\u1ebf l\u00e0m vi\u1ec7c gh\u1ebf l\u00e3nh \u0111\u1ea1o d\u00e0nh cho s\u1ebfp n\u1eef sang tr\u1ecdng \u0111\u1eb3ng c\u1ea5p m\u00e0u s\u1eafc trang nh\u00e3 thanh l\u1ecbch ph\u00f9 h\u1ee3p nhi\u1ec1u kh\u00f4ng gian \u0111\u01b0\u1ee3c nh\u1eadp kh\u1ea9u t\u1eeb AMA FURNITURE","og_url":"https:\/\/amafurni.vn\/en\/product\/ghe-lam-viec-ama-gd013\/","og_site_name":"AMAFURNI","article_modified_time":"2026-01-05T05:59:33+00:00","og_image":[{"width":800,"height":800,"url":"https:\/\/amafurni.vn\/wp-content\/uploads\/2026\/01\/GD013.6.webp","type":"image\/webp"}],"twitter_card":"summary_large_image","twitter_misc":{"Est. reading time":"1 minute"},"schema":{"@context":"https:\/\/schema.org","@graph":[{"@type":"WebPage","@id":"https:\/\/amafurni.vn\/san-pham\/ghe-lam-viec-ama-gd013\/","url":"https:\/\/amafurni.vn\/san-pham\/ghe-lam-viec-ama-gd013\/","name":"Gh\u1ebf l\u00e0m vi\u1ec7c AMA-GD013 - AMAFURNI","isPartOf":{"@id":"https:\/\/amafurni.vn\/#website"},"datePublished":"2026-01-05T05:59:31+00:00","dateModified":"2026-01-05T05:59:33+00:00","description":"Gh\u1ebf l\u00e0m vi\u1ec7c gh\u1ebf l\u00e3nh \u0111\u1ea1o d\u00e0nh cho s\u1ebfp n\u1eef sang tr\u1ecdng \u0111\u1eb3ng c\u1ea5p m\u00e0u s\u1eafc trang nh\u00e3 thanh l\u1ecbch ph\u00f9 h\u1ee3p nhi\u1ec1u kh\u00f4ng gian \u0111\u01b0\u1ee3c nh\u1eadp kh\u1ea9u t\u1eeb AMA FURNITURE","breadcrumb":{"@id":"https:\/\/amafurni.vn\/san-pham\/ghe-lam-viec-ama-gd013\/#breadcrumb"},"inLanguage":"en-US","potentialAction":[{"@type":"ReadAction","target":["https:\/\/amafurni.vn\/san-pham\/ghe-lam-viec-ama-gd013\/"]}]},{"@type":"BreadcrumbList","@id":"https:\/\/amafurni.vn\/san-pham\/ghe-lam-viec-ama-gd013\/#breadcrumb","itemListElement":[{"@type":"ListItem","position":1,"name":"Trang ch\u1ee7","item":"https:\/\/amafurni.vn\/"},{"@type":"ListItem","position":2,"name":"S\u1ea3n ph\u1ea9m","item":"https:\/\/amafurni.vn\/san-pham\/"},{"@type":"ListItem","position":3,"name":"Gh\u1ebf l\u00e0m vi\u1ec7c AMA-GD013"}]},{"@type":"WebSite","@id":"https:\/\/amafurni.vn\/#website","url":"https:\/\/amafurni.vn\/","name":"AMAFURNI","description":"","potentialAction":[{"@type":"SearchAction","target":{"@type":"EntryPoint","urlTemplate":"https:\/\/amafurni.vn\/?s={search_term_string}"},"query-input":"required name=search_term_string"}],"inLanguage":"en-US"}]}},"_links":{"self":[{"href":"https:\/\/amafurni.vn\/en\/wp-json\/wp\/v2\/product\/24223"}],"collection":[{"href":"https:\/\/amafurni.vn\/en\/wp-json\/wp\/v2\/product"}],"about":[{"href":"https:\/\/amafurni.vn\/en\/wp-json\/wp\/v2\/types\/product"}],"replies":[{"embeddable":true,"href":"https:\/\/amafurni.vn\/en\/wp-json\/wp\/v2\/comments?post=24223"}],"wp:featuredmedia":[{"embeddable":true,"href":"https:\/\/amafurni.vn\/en\/wp-json\/wp\/v2\/media\/24229"}],"wp:attachment":[{"href":"https:\/\/amafurni.vn\/en\/wp-json\/wp\/v2\/media?parent=24223"}],"wp:term":[{"taxonomy":"product_cat","embeddable":true,"href":"https:\/\/amafurni.vn\/en\/wp-json\/wp\/v2\/product_cat?post=24223"},{"taxonomy":"product_tag","embeddable":true,"href":"https:\/\/amafurni.vn\/en\/wp-json\/wp\/v2\/product_tag?post=24223"}],"curies":[{"name":"wp","href":"https:\/\/api.w.org\/{rel}","templated":true}]}}