{"id":24255,"date":"2026-01-05T15:49:34","date_gmt":"2026-01-05T08:49:34","guid":{"rendered":"https:\/\/amafurni.vn\/?post_type=product&#038;p=24255"},"modified":"2026-01-05T17:11:44","modified_gmt":"2026-01-05T10:11:44","slug":"ghe-lam-viec-thu-gian-ama-gd037","status":"publish","type":"product","link":"https:\/\/amafurni.vn\/en\/product\/ghe-lam-viec-thu-gian-ama-gd037\/","title":{"rendered":"Gh\u1ebf l\u00e0m vi\u1ec7c th\u01b0 gi\u00e3n AMA-GD037"},"content":{"rendered":"<p><strong>Gh\u1ebf l\u00e0m vi\u1ec7c th\u01b0 gi\u00e3n AMA-GD037<\/strong><\/p>\n<table class=\"woocommerce-product-attributes shop_attributes\" style=\"width: 99.1318%; height: 285px;\" width=\"929\">\n<tbody>\n<tr class=\"woocommerce-product-attributes-item woocommerce-product-attributes-item--attribute_season\" style=\"height: 24px;\">\n<th class=\"woocommerce-product-attributes-item__label\" style=\"height: 24px; width: 14.7343%;\">Material<\/th>\n<td class=\"woocommerce-product-attributes-item__value\" style=\"height: 24px; width: 81.1534%;\">Da c\u00f4ng nghi\u1ec7p, n\u1ec7m cao su, ch\u00e2n th\u00e9p m\u1ea1 crome<\/td>\n<\/tr>\n<tr class=\"woocommerce-product-attributes-item woocommerce-product-attributes-item--attribute_pa_color\" style=\"height: 24px;\">\n<th class=\"woocommerce-product-attributes-item__label\" style=\"height: 24px; width: 14.7343%;\">M\u00e0u S\u1eafc<\/th>\n<td class=\"woocommerce-product-attributes-item__value\" style=\"height: 24px; width: 81.1534%;\">\u0110en, X\u00e1m<\/td>\n<\/tr>\n<tr class=\"woocommerce-product-attributes-item woocommerce-product-attributes-item--attribute_style\" style=\"height: 24px;\">\n<th class=\"woocommerce-product-attributes-item__label\" style=\"height: 24px; width: 14.7343%;\">Size<\/th>\n<td class=\"woocommerce-product-attributes-item__value\" style=\"height: 24px; width: 81.1534%;\">\u0110ANG C\u1eacP NH\u1eacT<\/td>\n<\/tr>\n<tr class=\"woocommerce-product-attributes-item woocommerce-product-attributes-item--attribute_pa_material\" style=\"height: 24px;\">\n<th class=\"woocommerce-product-attributes-item__label\" style=\"height: 24px; width: 14.7343%;\">T\u00ednh N\u0103ng<\/th>\n<td class=\"woocommerce-product-attributes-item__value\" style=\"height: 24px; width: 81.1534%;\">T\u0103ng\/Gi\u1ea3m chi\u1ec1u cao, Ng\u00e3 l\u01b0ng th\u01b0 gi\u00e3n<\/td>\n<\/tr>\n<tr class=\"woocommerce-product-attributes-item woocommerce-product-attributes-item--attribute_item-code\" style=\"height: 24px;\">\n<th class=\"woocommerce-product-attributes-item__label\" style=\"height: 24px; width: 14.7343%;\">B\u1ea3o H\u00e0nh<\/th>\n<td class=\"woocommerce-product-attributes-item__value\" style=\"height: 24px; width: 81.1534%;\">12 th\u00e1ng<\/td>\n<\/tr>\n<\/tbody>\n<\/table>","protected":false},"excerpt":{"rendered":"<h2><b>Gh\u1ebf L\u00e0m Vi\u1ec7c Th\u01b0 Gi\u00e3n AMA-GD037<\/b><\/h2>\n<p><b>Gh\u1ebf l\u00e0m vi\u1ec7c AMA-GD037<\/b><span style=\"font-weight: 400;\"> l\u00e0 d\u00f2ng gh\u1ebf v\u0103n ph\u00f2ng cao c\u1ea5p \u0111\u01b0\u1ee3c thi\u1ebft k\u1ebf \u0111\u1ec3 mang l\u1ea1i tr\u1ea3i nghi\u1ec7m l\u00e0m vi\u1ec7c v\u00e0 ngh\u1ec9 ng\u01a1i t\u1ed1i \u01b0u. V\u1edbi s\u1ef1 k\u1ebft h\u1ee3p gi\u1eefa ch\u1ea5t li\u1ec7u th\u01b0\u1ee3ng h\u1ea1ng v\u00e0 t\u00ednh n\u0103ng c\u00f4ng th\u00e1i h\u1ecdc, \u0111\u00e2y l\u00e0 ng\u01b0\u1eddi b\u1ea1n \u0111\u1ed3ng h\u00e0nh l\u00fd t\u01b0\u1edfng gi\u00fap b\u1ea3o v\u1ec7 s\u1ee9c kh\u1ecfe v\u00e0 n\u00e2ng cao hi\u1ec7u su\u1ea5t c\u00f4ng vi\u1ec7c.<\/span><\/p>\n<h3><b>\u0110\u1eb7c \u0111i\u1ec3m n\u1ed5i b\u1eadt:<\/b><\/h3>\n<ul>\n<li style=\"font-weight: 400;\" aria-level=\"1\"><span style=\"font-size: 14pt;\"><b>Ch\u1ea5t li\u1ec7u cao c\u1ea5p:<\/b><\/span>\n<ul>\n<li style=\"font-weight: 400;\" aria-level=\"2\"><b>B\u1ec1 m\u1eb7t:<\/b><span style=\"font-weight: 400;\"> Bao ph\u1ee7 b\u1edfi l\u1edbp da c\u00f4ng nghi\u1ec7p b\u1ec1n b\u1ec9, d\u1ec5 d\u00e0ng v\u1ec7 sinh v\u00e0 mang l\u1ea1i v\u1ebb ngo\u00e0i sang tr\u1ecdng.<\/span><\/li>\n<li style=\"font-weight: 400;\" aria-level=\"2\"><b>\u0110\u1ec7m ng\u1ed3i:<\/b><span style=\"font-weight: 400;\"> S\u1eed d\u1ee5ng <\/span><b>n\u1ec7m cao su<\/b><span style=\"font-weight: 400;\"> c\u00f3 \u0111\u1ed9 \u0111\u00e0n h\u1ed3i cao, gi\u00fap gh\u1ebf gi\u1eef form l\u00e2u d\u00e0i v\u00e0 t\u1ea1o c\u1ea3m gi\u00e1c \u00eam \u00e1i tuy\u1ec7t \u0111\u1ed1i, kh\u00f4ng g\u00e2y h\u1ea7m b\u00ed khi ng\u1ed3i l\u00e2u.<\/span><\/li>\n<li style=\"font-weight: 400;\" aria-level=\"2\"><b>Ch\u00e2n gh\u1ebf:<\/b><span style=\"font-weight: 400;\"> H\u1ec7 th\u1ed1ng ch\u00e2n th\u00e9p m\u1ea1 crome s\u00e1ng b\u00f3ng, ch\u1ed1ng g\u1ec9 s\u00e9t v\u00e0 \u0111\u1ea3m b\u1ea3o s\u1ef1 v\u1eefng ch\u00e3i cho ng\u01b0\u1eddi s\u1eed d\u1ee5ng.<\/span><\/li>\n<\/ul>\n<\/li>\n<li style=\"font-weight: 400;\" aria-level=\"1\"><span style=\"font-size: 14pt;\"><b>T\u00ednh n\u0103ng th\u00f4ng minh:<\/b><\/span>\n<ul>\n<li style=\"font-weight: 400;\" aria-level=\"2\"><b>Ng\u1ea3 l\u01b0ng th\u01b0 gi\u00e3n:<\/b><span style=\"font-weight: 400;\"> C\u01a1 ch\u1ebf cho ph\u00e9p ng\u1ea3 l\u01b0ng ra sau gi\u00fap b\u1ea1n c\u00f3 nh\u1eefng gi\u00e2y ph\u00fat ngh\u1ec9 ng\u01a1i, t\u00e1i t\u1ea1o n\u0103ng l\u01b0\u1ee3ng ngay t\u1ea1i ch\u1ed7.<\/span><\/li>\n<li style=\"font-weight: 400;\" aria-level=\"2\"><b>\u0110i\u1ec1u ch\u1ec9nh linh ho\u1ea1t:<\/b><span style=\"font-weight: 400;\"> D\u1ec5 d\u00e0ng t\u0103ng ho\u1eb7c gi\u1ea3m chi\u1ec1u cao gh\u1ebf \u0111\u1ec3 ph\u00f9 h\u1ee3p v\u1edbi v\u00f3c d\u00e1ng ng\u01b0\u1eddi ng\u1ed3i v\u00e0 \u0111\u1ed9 cao c\u1ee7a b\u00e0n l\u00e0m vi\u1ec7c.<\/span><\/li>\n<\/ul>\n<\/li>\n<li style=\"font-weight: 400;\" aria-level=\"1\"><span style=\"font-size: 14pt;\"><b>M\u00e0u s\u1eafc hi\u1ec7n \u0111\u1ea1i:<\/b><\/span><span style=\"font-weight: 400;\"> S\u1ea3n ph\u1ea9m c\u00f3 hai t\u00f4ng m\u00e0u trung t\u00ednh l\u00e0 <\/span><b>Black<\/b><span style=\"font-weight: 400;\"> v\u00e0 <\/span><b>X\u00e1m<\/b><span style=\"font-weight: 400;\">, ph\u00f9 h\u1ee3p v\u1edbi m\u1ecdi phong c\u00e1ch thi\u1ebft k\u1ebf t\u1eeb c\u1ed5 \u0111i\u1ec3n \u0111\u1ebfn hi\u1ec7n \u0111\u1ea1i.<\/span><\/li>\n<\/ul>","protected":false},"featured_media":24256,"comment_status":"closed","ping_status":"closed","template":"","meta":[],"product_cat":[69,71],"product_tag":[],"yoast_head":"<!-- This site is optimized with the Yoast SEO Premium plugin v21.7 (Yoast SEO v21.7) - https:\/\/yoast.com\/wordpress\/plugins\/seo\/ -->\n<title>Gh\u1ebf l\u00e0m vi\u1ec7c th\u01b0 gi\u00e3n AMA-GD037 - AMAFURNI<\/title>\n<meta name=\"description\" content=\"Gh\u1ebf l\u00e0m vi\u1ec7c AMA-GD037 l\u00e0 d\u00f2ng gh\u1ebf v\u0103n ph\u00f2ng cao c\u1ea5p \u0111\u01b0\u1ee3c thi\u1ebft k\u1ebf \u0111\u1ec3 mang l\u1ea1i tr\u1ea3i nghi\u1ec7m l\u00e0m vi\u1ec7c v\u00e0 ngh\u1ec9 ng\u01a1i t\u1ed1i \u01b0u cho ng\u01b0\u1eddi s\u1eed d\u1ee5ng.\" \/>\n<meta name=\"robots\" content=\"index, follow, max-snippet:-1, max-image-preview:large, max-video-preview:-1\" \/>\n<link rel=\"canonical\" href=\"https:\/\/amafurni.vn\/en\/product\/ghe-lam-viec-thu-gian-ama-gd037\/\" \/>\n<meta property=\"og:locale\" content=\"en_US\" \/>\n<meta property=\"og:type\" content=\"article\" \/>\n<meta property=\"og:title\" content=\"Gh\u1ebf l\u00e0m vi\u1ec7c th\u01b0 gi\u00e3n AMA-GD037\" \/>\n<meta property=\"og:description\" content=\"Gh\u1ebf l\u00e0m vi\u1ec7c AMA-GD037 l\u00e0 d\u00f2ng gh\u1ebf v\u0103n ph\u00f2ng cao c\u1ea5p \u0111\u01b0\u1ee3c thi\u1ebft k\u1ebf \u0111\u1ec3 mang l\u1ea1i tr\u1ea3i nghi\u1ec7m l\u00e0m vi\u1ec7c v\u00e0 ngh\u1ec9 ng\u01a1i t\u1ed1i \u01b0u cho ng\u01b0\u1eddi s\u1eed d\u1ee5ng.\" \/>\n<meta property=\"og:url\" content=\"https:\/\/amafurni.vn\/en\/product\/ghe-lam-viec-thu-gian-ama-gd037\/\" \/>\n<meta property=\"og:site_name\" content=\"AMAFURNI\" \/>\n<meta property=\"article:modified_time\" content=\"2026-01-05T10:11:44+00:00\" \/>\n<meta property=\"og:image\" content=\"https:\/\/amafurni.vn\/wp-content\/uploads\/2026\/01\/ghe-lam-viec-thu-gian-ama-gd037.jpg\" \/>\n\t<meta property=\"og:image:width\" content=\"800\" \/>\n\t<meta property=\"og:image:height\" content=\"800\" \/>\n\t<meta property=\"og:image:type\" content=\"image\/jpeg\" \/>\n<meta name=\"twitter:card\" content=\"summary_large_image\" \/>\n<meta name=\"twitter:label1\" content=\"Est. reading time\" \/>\n\t<meta name=\"twitter:data1\" content=\"1 minute\" \/>\n<script type=\"application\/ld+json\" class=\"yoast-schema-graph\">{\"@context\":\"https:\/\/schema.org\",\"@graph\":[{\"@type\":\"WebPage\",\"@id\":\"https:\/\/amafurni.vn\/san-pham\/ghe-lam-viec-thu-gian-ama-gd037\/\",\"url\":\"https:\/\/amafurni.vn\/san-pham\/ghe-lam-viec-thu-gian-ama-gd037\/\",\"name\":\"Gh\u1ebf l\u00e0m vi\u1ec7c th\u01b0 gi\u00e3n AMA-GD037 - AMAFURNI\",\"isPartOf\":{\"@id\":\"https:\/\/amafurni.vn\/#website\"},\"datePublished\":\"2026-01-05T08:49:34+00:00\",\"dateModified\":\"2026-01-05T10:11:44+00:00\",\"description\":\"Gh\u1ebf l\u00e0m vi\u1ec7c AMA-GD037 l\u00e0 d\u00f2ng gh\u1ebf v\u0103n ph\u00f2ng cao c\u1ea5p \u0111\u01b0\u1ee3c thi\u1ebft k\u1ebf \u0111\u1ec3 mang l\u1ea1i tr\u1ea3i nghi\u1ec7m l\u00e0m vi\u1ec7c v\u00e0 ngh\u1ec9 ng\u01a1i t\u1ed1i \u01b0u cho ng\u01b0\u1eddi s\u1eed d\u1ee5ng.\",\"breadcrumb\":{\"@id\":\"https:\/\/amafurni.vn\/san-pham\/ghe-lam-viec-thu-gian-ama-gd037\/#breadcrumb\"},\"inLanguage\":\"en-US\",\"potentialAction\":[{\"@type\":\"ReadAction\",\"target\":[\"https:\/\/amafurni.vn\/san-pham\/ghe-lam-viec-thu-gian-ama-gd037\/\"]}]},{\"@type\":\"BreadcrumbList\",\"@id\":\"https:\/\/amafurni.vn\/san-pham\/ghe-lam-viec-thu-gian-ama-gd037\/#breadcrumb\",\"itemListElement\":[{\"@type\":\"ListItem\",\"position\":1,\"name\":\"Trang ch\u1ee7\",\"item\":\"https:\/\/amafurni.vn\/\"},{\"@type\":\"ListItem\",\"position\":2,\"name\":\"S\u1ea3n ph\u1ea9m\",\"item\":\"https:\/\/amafurni.vn\/san-pham\/\"},{\"@type\":\"ListItem\",\"position\":3,\"name\":\"Gh\u1ebf l\u00e0m vi\u1ec7c th\u01b0 gi\u00e3n AMA-GD037\"}]},{\"@type\":\"WebSite\",\"@id\":\"https:\/\/amafurni.vn\/#website\",\"url\":\"https:\/\/amafurni.vn\/\",\"name\":\"AMAFURNI\",\"description\":\"\",\"potentialAction\":[{\"@type\":\"SearchAction\",\"target\":{\"@type\":\"EntryPoint\",\"urlTemplate\":\"https:\/\/amafurni.vn\/?s={search_term_string}\"},\"query-input\":\"required name=search_term_string\"}],\"inLanguage\":\"en-US\"}]}<\/script>\n<!-- \/ Yoast SEO Premium plugin. -->","yoast_head_json":{"title":"Gh\u1ebf l\u00e0m vi\u1ec7c th\u01b0 gi\u00e3n AMA-GD037 - AMAFURNI","description":"Gh\u1ebf l\u00e0m vi\u1ec7c AMA-GD037 l\u00e0 d\u00f2ng gh\u1ebf v\u0103n ph\u00f2ng cao c\u1ea5p \u0111\u01b0\u1ee3c thi\u1ebft k\u1ebf \u0111\u1ec3 mang l\u1ea1i tr\u1ea3i nghi\u1ec7m l\u00e0m vi\u1ec7c v\u00e0 ngh\u1ec9 ng\u01a1i t\u1ed1i \u01b0u cho ng\u01b0\u1eddi s\u1eed d\u1ee5ng.","robots":{"index":"index","follow":"follow","max-snippet":"max-snippet:-1","max-image-preview":"max-image-preview:large","max-video-preview":"max-video-preview:-1"},"canonical":"https:\/\/amafurni.vn\/en\/product\/ghe-lam-viec-thu-gian-ama-gd037\/","og_locale":"en_US","og_type":"article","og_title":"Gh\u1ebf l\u00e0m vi\u1ec7c th\u01b0 gi\u00e3n AMA-GD037","og_description":"Gh\u1ebf l\u00e0m vi\u1ec7c AMA-GD037 l\u00e0 d\u00f2ng gh\u1ebf v\u0103n ph\u00f2ng cao c\u1ea5p \u0111\u01b0\u1ee3c thi\u1ebft k\u1ebf \u0111\u1ec3 mang l\u1ea1i tr\u1ea3i nghi\u1ec7m l\u00e0m vi\u1ec7c v\u00e0 ngh\u1ec9 ng\u01a1i t\u1ed1i \u01b0u cho ng\u01b0\u1eddi s\u1eed d\u1ee5ng.","og_url":"https:\/\/amafurni.vn\/en\/product\/ghe-lam-viec-thu-gian-ama-gd037\/","og_site_name":"AMAFURNI","article_modified_time":"2026-01-05T10:11:44+00:00","og_image":[{"width":800,"height":800,"url":"https:\/\/amafurni.vn\/wp-content\/uploads\/2026\/01\/ghe-lam-viec-thu-gian-ama-gd037.jpg","type":"image\/jpeg"}],"twitter_card":"summary_large_image","twitter_misc":{"Est. reading time":"1 minute"},"schema":{"@context":"https:\/\/schema.org","@graph":[{"@type":"WebPage","@id":"https:\/\/amafurni.vn\/san-pham\/ghe-lam-viec-thu-gian-ama-gd037\/","url":"https:\/\/amafurni.vn\/san-pham\/ghe-lam-viec-thu-gian-ama-gd037\/","name":"Gh\u1ebf l\u00e0m vi\u1ec7c th\u01b0 gi\u00e3n AMA-GD037 - AMAFURNI","isPartOf":{"@id":"https:\/\/amafurni.vn\/#website"},"datePublished":"2026-01-05T08:49:34+00:00","dateModified":"2026-01-05T10:11:44+00:00","description":"Gh\u1ebf l\u00e0m vi\u1ec7c AMA-GD037 l\u00e0 d\u00f2ng gh\u1ebf v\u0103n ph\u00f2ng cao c\u1ea5p \u0111\u01b0\u1ee3c thi\u1ebft k\u1ebf \u0111\u1ec3 mang l\u1ea1i tr\u1ea3i nghi\u1ec7m l\u00e0m vi\u1ec7c v\u00e0 ngh\u1ec9 ng\u01a1i t\u1ed1i \u01b0u cho ng\u01b0\u1eddi s\u1eed d\u1ee5ng.","breadcrumb":{"@id":"https:\/\/amafurni.vn\/san-pham\/ghe-lam-viec-thu-gian-ama-gd037\/#breadcrumb"},"inLanguage":"en-US","potentialAction":[{"@type":"ReadAction","target":["https:\/\/amafurni.vn\/san-pham\/ghe-lam-viec-thu-gian-ama-gd037\/"]}]},{"@type":"BreadcrumbList","@id":"https:\/\/amafurni.vn\/san-pham\/ghe-lam-viec-thu-gian-ama-gd037\/#breadcrumb","itemListElement":[{"@type":"ListItem","position":1,"name":"Trang ch\u1ee7","item":"https:\/\/amafurni.vn\/"},{"@type":"ListItem","position":2,"name":"S\u1ea3n ph\u1ea9m","item":"https:\/\/amafurni.vn\/san-pham\/"},{"@type":"ListItem","position":3,"name":"Gh\u1ebf l\u00e0m vi\u1ec7c th\u01b0 gi\u00e3n AMA-GD037"}]},{"@type":"WebSite","@id":"https:\/\/amafurni.vn\/#website","url":"https:\/\/amafurni.vn\/","name":"AMAFURNI","description":"","potentialAction":[{"@type":"SearchAction","target":{"@type":"EntryPoint","urlTemplate":"https:\/\/amafurni.vn\/?s={search_term_string}"},"query-input":"required name=search_term_string"}],"inLanguage":"en-US"}]}},"_links":{"self":[{"href":"https:\/\/amafurni.vn\/en\/wp-json\/wp\/v2\/product\/24255"}],"collection":[{"href":"https:\/\/amafurni.vn\/en\/wp-json\/wp\/v2\/product"}],"about":[{"href":"https:\/\/amafurni.vn\/en\/wp-json\/wp\/v2\/types\/product"}],"replies":[{"embeddable":true,"href":"https:\/\/amafurni.vn\/en\/wp-json\/wp\/v2\/comments?post=24255"}],"wp:featuredmedia":[{"embeddable":true,"href":"https:\/\/amafurni.vn\/en\/wp-json\/wp\/v2\/media\/24256"}],"wp:attachment":[{"href":"https:\/\/amafurni.vn\/en\/wp-json\/wp\/v2\/media?parent=24255"}],"wp:term":[{"taxonomy":"product_cat","embeddable":true,"href":"https:\/\/amafurni.vn\/en\/wp-json\/wp\/v2\/product_cat?post=24255"},{"taxonomy":"product_tag","embeddable":true,"href":"https:\/\/amafurni.vn\/en\/wp-json\/wp\/v2\/product_tag?post=24255"}],"curies":[{"name":"wp","href":"https:\/\/api.w.org\/{rel}","templated":true}]}}