{"id":24310,"date":"2026-01-06T19:56:43","date_gmt":"2026-01-06T12:56:43","guid":{"rendered":"https:\/\/amafurni.vn\/?post_type=product&#038;p=24310"},"modified":"2026-01-17T19:54:29","modified_gmt":"2026-01-17T12:54:29","slug":"ghe-lam-viec-ama-cth-418","status":"publish","type":"product","link":"https:\/\/amafurni.vn\/en\/product\/ghe-lam-viec-ama-cth-418\/","title":{"rendered":"Gh\u1ebf l\u00e0m vi\u1ec7c AMA-CTH-418"},"content":{"rendered":"<table class=\"woocommerce-product-attributes shop_attributes\" style=\"width: 106.884822%; height: 255px;\" width=\"929\">\n<tbody>\n<tr class=\"woocommerce-product-attributes-item woocommerce-product-attributes-item--attribute_season\" style=\"height: 51px;\">\n<th class=\"woocommerce-product-attributes-item__label\" style=\"width: 17.741935%; height: 51px;\">Material<\/th>\n<td class=\"woocommerce-product-attributes-item__value\" style=\"width: 81.397849%; height: 51px;\">\u00a0Khung s\u01b0\u1eddn nh\u1ef1a PP \u0111\u00fac \u0111\u1eb7c, L\u01b0ng b\u1ecdc s\u1ee3i l\u01b0\u1edbi, N\u1ec7m ng\u1ed3i cao su b\u1ecdc V\u1ea3i, Ch\u00e2n nh\u1ef1a PP \u0111\u00fac \u0111\u1eb7c<\/td>\n<\/tr>\n<tr class=\"woocommerce-product-attributes-item woocommerce-product-attributes-item--attribute_pa_color\" style=\"height: 51px;\">\n<th class=\"woocommerce-product-attributes-item__label\" style=\"width: 17.741935%; height: 51px;\">M\u00e0u S\u1eafc<\/th>\n<td class=\"woocommerce-product-attributes-item__value\" style=\"width: 81.397849%; height: 51px;\">\u00a0S\u01b0\u1eddn \u0110EN L\u01af\u1edaI \u0110EN, S\u01b0\u1eddn TR\u1eaeNG L\u01af\u1edaI \u0110EN<\/td>\n<\/tr>\n<tr class=\"woocommerce-product-attributes-item woocommerce-product-attributes-item--attribute_style\" style=\"height: 51px;\">\n<th class=\"woocommerce-product-attributes-item__label\" style=\"width: 17.741935%; height: 51px;\">Size<\/th>\n<td class=\"woocommerce-product-attributes-item__value\" style=\"width: 81.397849%; height: 51px;\">45*50*118\/128cm<\/td>\n<\/tr>\n<tr class=\"woocommerce-product-attributes-item woocommerce-product-attributes-item--attribute_pa_material\" style=\"height: 51px;\">\n<th class=\"woocommerce-product-attributes-item__label\" style=\"width: 17.741935%; height: 51px;\">T\u00ednh N\u0103ng<\/th>\n<td class=\"woocommerce-product-attributes-item__value\" style=\"width: 81.397849%; height: 51px;\">\u00a0Tay gh\u1ebf M\u1edf\/G\u1eadp, T\u1ef1a \u0110\u1ea7u T\u0103ng\/Gi\u1ea3m v\u00e0 M\u1edf G\u1eadp g\u00f3c, T\u0103ng\/Gi\u1ea3m chi\u1ec1u cao gh\u1ebf, C\u00f3 ch\u1ea5n l\u01b0ng<\/td>\n<\/tr>\n<tr class=\"woocommerce-product-attributes-item woocommerce-product-attributes-item--attribute_item-code\" style=\"height: 51px;\">\n<th class=\"woocommerce-product-attributes-item__label\" style=\"width: 17.741935%; height: 51px;\">B\u1ea3o H\u00e0nh<\/th>\n<td class=\"woocommerce-product-attributes-item__value\" style=\"width: 81.397849%; height: 51px;\">12 th\u00e1ng<\/td>\n<\/tr>\n<\/tbody>\n<\/table>","protected":false},"excerpt":{"rendered":"<p>Gh\u1ebf l\u00e0m vi\u1ec7c AMA-CTH-418 l\u00e0 1 m\u1eabu gh\u1ebf nh\u1eadp kh\u1ea9u tr\u1ef1c ti\u1ebfp c\u1ee7a <strong>N\u1ed8I TH\u1ea4T AMA FURNITURE<\/strong>\u00a0, v\u1edbi thi\u1ebft k\u1ebf tinh t\u1ebf , t\u1ed1i gian t\u1ea1o n\u00ean v\u1ebb \u0111\u1eb9p sang tr\u1ecdng cho kh\u00f4ng gian L\u00e0m vi\u1ec7c, V\u0103n ph\u00f2ng, C\u00f4ng ty v.v.<\/p>\n<ul>\n<li>T\u00ednh n\u0103ng :\n<ul>\n<li>Ch\u1ea5t l\u01b0\u1ee3ng b\u1ec1n ch\u1eafc, s\u1eed d\u1ee5ng l\u00e2u d\u00e0i<\/li>\n<li>D\u1ec5 d\u00e0ng lau ch\u00f9i, v\u1ec7 sinh<\/li>\n<li>Ch\u1ed1ng va \u0111\u1eadp t\u1ed1t, m\u00e0u s\u1eafc s\u1ed1ng \u0111\u1ed9ng<\/li>\n<\/ul>\n<ul>\n<li>M\u1eb7t gh\u1ebf thi\u1ebft k\u1ebf tinh t\u1ebf d\u1ec5 ng\u1ed3i<\/li>\n<\/ul>\n<\/li>\n<\/ul>","protected":false},"featured_media":24313,"comment_status":"closed","ping_status":"closed","template":"","meta":[],"product_cat":[59,70,107],"product_tag":[338],"yoast_head":"<!-- This site is optimized with the Yoast SEO Premium plugin v21.7 (Yoast SEO v21.7) - https:\/\/yoast.com\/wordpress\/plugins\/seo\/ -->\n<title>Gh\u1ebf l\u00e0m vi\u1ec7c AMA-CTH-418 - AMAFURNI<\/title>\n<meta name=\"description\" content=\"Gh\u1ebf gaming c\u00f4ng th\u00e1i hoc ng\u1ea3 l\u01b0ng th\u01b0 gi\u00e3n c\u00f3 g\u1ed1i rung massage m\u00e0u s\u1eafc \u0111a d\u1ea1ng v\u00e0 \u0111\u1eb9p m\u1eaft ph\u00f9 h\u1ee3p kh\u00f4ng gian l\u00e0m vi\u1ec7c v\u00e0 b\u00e0n gaming v\u1edbi ch\u1ea5t li\u1ec7u l\u01b0\u1edbi tho\u00e1ng m\u00e1t \u0111\u1ebfn t\u1eeb AMA FURNITURE\" \/>\n<meta name=\"robots\" content=\"index, follow, max-snippet:-1, max-image-preview:large, max-video-preview:-1\" \/>\n<link rel=\"canonical\" href=\"https:\/\/amafurni.vn\/en\/product\/ghe-lam-viec-ama-cth-418\/\" \/>\n<meta property=\"og:locale\" content=\"en_US\" \/>\n<meta property=\"og:type\" content=\"article\" \/>\n<meta property=\"og:title\" content=\"Gh\u1ebf l\u00e0m vi\u1ec7c AMA-CTH-418\" \/>\n<meta property=\"og:description\" content=\"Gh\u1ebf gaming c\u00f4ng th\u00e1i hoc ng\u1ea3 l\u01b0ng th\u01b0 gi\u00e3n c\u00f3 g\u1ed1i rung massage m\u00e0u s\u1eafc \u0111a d\u1ea1ng v\u00e0 \u0111\u1eb9p m\u1eaft ph\u00f9 h\u1ee3p kh\u00f4ng gian l\u00e0m vi\u1ec7c v\u00e0 b\u00e0n gaming v\u1edbi ch\u1ea5t li\u1ec7u l\u01b0\u1edbi tho\u00e1ng m\u00e1t \u0111\u1ebfn t\u1eeb AMA FURNITURE\" \/>\n<meta property=\"og:url\" content=\"https:\/\/amafurni.vn\/en\/product\/ghe-lam-viec-ama-cth-418\/\" \/>\n<meta property=\"og:site_name\" content=\"AMAFURNI\" \/>\n<meta property=\"article:modified_time\" content=\"2026-01-17T12:54:29+00:00\" \/>\n<meta property=\"og:image\" content=\"https:\/\/amafurni.vn\/wp-content\/uploads\/2026\/01\/Ban-sao-418.2.jpg\" \/>\n\t<meta property=\"og:image:width\" content=\"800\" \/>\n\t<meta property=\"og:image:height\" content=\"800\" \/>\n\t<meta property=\"og:image:type\" content=\"image\/jpeg\" \/>\n<meta name=\"twitter:card\" content=\"summary_large_image\" \/>\n<meta name=\"twitter:label1\" content=\"Est. reading time\" \/>\n\t<meta name=\"twitter:data1\" content=\"1 minute\" \/>\n<script type=\"application\/ld+json\" class=\"yoast-schema-graph\">{\"@context\":\"https:\/\/schema.org\",\"@graph\":[{\"@type\":\"WebPage\",\"@id\":\"https:\/\/amafurni.vn\/san-pham\/ghe-lam-viec-ama-cth-418\/\",\"url\":\"https:\/\/amafurni.vn\/san-pham\/ghe-lam-viec-ama-cth-418\/\",\"name\":\"Gh\u1ebf l\u00e0m vi\u1ec7c AMA-CTH-418 - AMAFURNI\",\"isPartOf\":{\"@id\":\"https:\/\/amafurni.vn\/#website\"},\"datePublished\":\"2026-01-06T12:56:43+00:00\",\"dateModified\":\"2026-01-17T12:54:29+00:00\",\"description\":\"Gh\u1ebf gaming c\u00f4ng th\u00e1i hoc ng\u1ea3 l\u01b0ng th\u01b0 gi\u00e3n c\u00f3 g\u1ed1i rung massage m\u00e0u s\u1eafc \u0111a d\u1ea1ng v\u00e0 \u0111\u1eb9p m\u1eaft ph\u00f9 h\u1ee3p kh\u00f4ng gian l\u00e0m vi\u1ec7c v\u00e0 b\u00e0n gaming v\u1edbi ch\u1ea5t li\u1ec7u l\u01b0\u1edbi tho\u00e1ng m\u00e1t \u0111\u1ebfn t\u1eeb AMA FURNITURE\",\"breadcrumb\":{\"@id\":\"https:\/\/amafurni.vn\/san-pham\/ghe-lam-viec-ama-cth-418\/#breadcrumb\"},\"inLanguage\":\"en-US\",\"potentialAction\":[{\"@type\":\"ReadAction\",\"target\":[\"https:\/\/amafurni.vn\/san-pham\/ghe-lam-viec-ama-cth-418\/\"]}]},{\"@type\":\"BreadcrumbList\",\"@id\":\"https:\/\/amafurni.vn\/san-pham\/ghe-lam-viec-ama-cth-418\/#breadcrumb\",\"itemListElement\":[{\"@type\":\"ListItem\",\"position\":1,\"name\":\"Trang ch\u1ee7\",\"item\":\"https:\/\/amafurni.vn\/\"},{\"@type\":\"ListItem\",\"position\":2,\"name\":\"S\u1ea3n ph\u1ea9m\",\"item\":\"https:\/\/amafurni.vn\/san-pham\/\"},{\"@type\":\"ListItem\",\"position\":3,\"name\":\"Gh\u1ebf l\u00e0m vi\u1ec7c AMA-CTH-418\"}]},{\"@type\":\"WebSite\",\"@id\":\"https:\/\/amafurni.vn\/#website\",\"url\":\"https:\/\/amafurni.vn\/\",\"name\":\"AMAFURNI\",\"description\":\"\",\"potentialAction\":[{\"@type\":\"SearchAction\",\"target\":{\"@type\":\"EntryPoint\",\"urlTemplate\":\"https:\/\/amafurni.vn\/?s={search_term_string}\"},\"query-input\":\"required name=search_term_string\"}],\"inLanguage\":\"en-US\"}]}<\/script>\n<!-- \/ Yoast SEO Premium plugin. -->","yoast_head_json":{"title":"Gh\u1ebf l\u00e0m vi\u1ec7c AMA-CTH-418 - AMAFURNI","description":"Gh\u1ebf gaming c\u00f4ng th\u00e1i hoc ng\u1ea3 l\u01b0ng th\u01b0 gi\u00e3n c\u00f3 g\u1ed1i rung massage m\u00e0u s\u1eafc \u0111a d\u1ea1ng v\u00e0 \u0111\u1eb9p m\u1eaft ph\u00f9 h\u1ee3p kh\u00f4ng gian l\u00e0m vi\u1ec7c v\u00e0 b\u00e0n gaming v\u1edbi ch\u1ea5t li\u1ec7u l\u01b0\u1edbi tho\u00e1ng m\u00e1t \u0111\u1ebfn t\u1eeb AMA FURNITURE","robots":{"index":"index","follow":"follow","max-snippet":"max-snippet:-1","max-image-preview":"max-image-preview:large","max-video-preview":"max-video-preview:-1"},"canonical":"https:\/\/amafurni.vn\/en\/product\/ghe-lam-viec-ama-cth-418\/","og_locale":"en_US","og_type":"article","og_title":"Gh\u1ebf l\u00e0m vi\u1ec7c AMA-CTH-418","og_description":"Gh\u1ebf gaming c\u00f4ng th\u00e1i hoc ng\u1ea3 l\u01b0ng th\u01b0 gi\u00e3n c\u00f3 g\u1ed1i rung massage m\u00e0u s\u1eafc \u0111a d\u1ea1ng v\u00e0 \u0111\u1eb9p m\u1eaft ph\u00f9 h\u1ee3p kh\u00f4ng gian l\u00e0m vi\u1ec7c v\u00e0 b\u00e0n gaming v\u1edbi ch\u1ea5t li\u1ec7u l\u01b0\u1edbi tho\u00e1ng m\u00e1t \u0111\u1ebfn t\u1eeb AMA FURNITURE","og_url":"https:\/\/amafurni.vn\/en\/product\/ghe-lam-viec-ama-cth-418\/","og_site_name":"AMAFURNI","article_modified_time":"2026-01-17T12:54:29+00:00","og_image":[{"width":800,"height":800,"url":"https:\/\/amafurni.vn\/wp-content\/uploads\/2026\/01\/Ban-sao-418.2.jpg","type":"image\/jpeg"}],"twitter_card":"summary_large_image","twitter_misc":{"Est. reading time":"1 minute"},"schema":{"@context":"https:\/\/schema.org","@graph":[{"@type":"WebPage","@id":"https:\/\/amafurni.vn\/san-pham\/ghe-lam-viec-ama-cth-418\/","url":"https:\/\/amafurni.vn\/san-pham\/ghe-lam-viec-ama-cth-418\/","name":"Gh\u1ebf l\u00e0m vi\u1ec7c AMA-CTH-418 - AMAFURNI","isPartOf":{"@id":"https:\/\/amafurni.vn\/#website"},"datePublished":"2026-01-06T12:56:43+00:00","dateModified":"2026-01-17T12:54:29+00:00","description":"Gh\u1ebf gaming c\u00f4ng th\u00e1i hoc ng\u1ea3 l\u01b0ng th\u01b0 gi\u00e3n c\u00f3 g\u1ed1i rung massage m\u00e0u s\u1eafc \u0111a d\u1ea1ng v\u00e0 \u0111\u1eb9p m\u1eaft ph\u00f9 h\u1ee3p kh\u00f4ng gian l\u00e0m vi\u1ec7c v\u00e0 b\u00e0n gaming v\u1edbi ch\u1ea5t li\u1ec7u l\u01b0\u1edbi tho\u00e1ng m\u00e1t \u0111\u1ebfn t\u1eeb AMA FURNITURE","breadcrumb":{"@id":"https:\/\/amafurni.vn\/san-pham\/ghe-lam-viec-ama-cth-418\/#breadcrumb"},"inLanguage":"en-US","potentialAction":[{"@type":"ReadAction","target":["https:\/\/amafurni.vn\/san-pham\/ghe-lam-viec-ama-cth-418\/"]}]},{"@type":"BreadcrumbList","@id":"https:\/\/amafurni.vn\/san-pham\/ghe-lam-viec-ama-cth-418\/#breadcrumb","itemListElement":[{"@type":"ListItem","position":1,"name":"Trang ch\u1ee7","item":"https:\/\/amafurni.vn\/"},{"@type":"ListItem","position":2,"name":"S\u1ea3n ph\u1ea9m","item":"https:\/\/amafurni.vn\/san-pham\/"},{"@type":"ListItem","position":3,"name":"Gh\u1ebf l\u00e0m vi\u1ec7c AMA-CTH-418"}]},{"@type":"WebSite","@id":"https:\/\/amafurni.vn\/#website","url":"https:\/\/amafurni.vn\/","name":"AMAFURNI","description":"","potentialAction":[{"@type":"SearchAction","target":{"@type":"EntryPoint","urlTemplate":"https:\/\/amafurni.vn\/?s={search_term_string}"},"query-input":"required name=search_term_string"}],"inLanguage":"en-US"}]}},"_links":{"self":[{"href":"https:\/\/amafurni.vn\/en\/wp-json\/wp\/v2\/product\/24310"}],"collection":[{"href":"https:\/\/amafurni.vn\/en\/wp-json\/wp\/v2\/product"}],"about":[{"href":"https:\/\/amafurni.vn\/en\/wp-json\/wp\/v2\/types\/product"}],"replies":[{"embeddable":true,"href":"https:\/\/amafurni.vn\/en\/wp-json\/wp\/v2\/comments?post=24310"}],"wp:featuredmedia":[{"embeddable":true,"href":"https:\/\/amafurni.vn\/en\/wp-json\/wp\/v2\/media\/24313"}],"wp:attachment":[{"href":"https:\/\/amafurni.vn\/en\/wp-json\/wp\/v2\/media?parent=24310"}],"wp:term":[{"taxonomy":"product_cat","embeddable":true,"href":"https:\/\/amafurni.vn\/en\/wp-json\/wp\/v2\/product_cat?post=24310"},{"taxonomy":"product_tag","embeddable":true,"href":"https:\/\/amafurni.vn\/en\/wp-json\/wp\/v2\/product_tag?post=24310"}],"curies":[{"name":"wp","href":"https:\/\/api.w.org\/{rel}","templated":true}]}}