{"id":24332,"date":"2026-01-07T15:47:54","date_gmt":"2026-01-07T08:47:54","guid":{"rendered":"https:\/\/amafurni.vn\/?post_type=product&#038;p=24332"},"modified":"2026-01-07T15:47:56","modified_gmt":"2026-01-07T08:47:56","slug":"ghe-lam-viec-chan-quy-ama-vp065","status":"publish","type":"product","link":"https:\/\/amafurni.vn\/en\/product\/ghe-lam-viec-chan-quy-ama-vp065\/","title":{"rendered":"Gh\u1ebf L\u00e0m Vi\u1ec7c Ch\u00e2n Qu\u1ef3 AMA-VP065"},"content":{"rendered":"<p><strong>Gh\u1ebf L\u00e0m Vi\u1ec7c Ch\u00e2n Qu\u1ef3 AMA-VP065<\/strong><\/p>\n<table class=\"woocommerce-product-attributes shop_attributes\" style=\"width: 99.1318%; height: 285px;\" width=\"929\">\n<tbody>\n<tr class=\"woocommerce-product-attributes-item woocommerce-product-attributes-item--attribute_season\" style=\"height: 24px;\">\n<th class=\"woocommerce-product-attributes-item__label\" style=\"height: 24px; width: 14.7343%;\">Material<\/th>\n<td class=\"woocommerce-product-attributes-item__value\" style=\"height: 24px; width: 81.1534%;\">Khung nh\u1ef1a PP, Tay th\u00e9p m\u1ea1 Crome \u1ed1p nh\u1ef1a, Ch\u00e2n th\u00e9p m\u1ea1 Crome, N\u1ec7m b\u1ecdc v\u1ea3i, L\u01b0ng b\u1ecdc l\u01b0\u1edbi<\/td>\n<\/tr>\n<tr class=\"woocommerce-product-attributes-item woocommerce-product-attributes-item--attribute_pa_color\" style=\"height: 24px;\">\n<th class=\"woocommerce-product-attributes-item__label\" style=\"height: 24px; width: 14.7343%;\">M\u00e0u S\u1eafc<\/th>\n<td class=\"woocommerce-product-attributes-item__value\" style=\"height: 24px; width: 81.1534%;\">\u0110EN, X\u00c1M<\/td>\n<\/tr>\n<tr class=\"woocommerce-product-attributes-item woocommerce-product-attributes-item--attribute_style\" style=\"height: 24px;\">\n<th class=\"woocommerce-product-attributes-item__label\" style=\"height: 24px; width: 14.7343%;\">Size<\/th>\n<td class=\"woocommerce-product-attributes-item__value\" style=\"height: 24px; width: 81.1534%;\">Ch\u01b0a c\u1eadp nh\u1eadt<\/td>\n<\/tr>\n<tr class=\"woocommerce-product-attributes-item woocommerce-product-attributes-item--attribute_pa_material\" style=\"height: 24px;\">\n<th class=\"woocommerce-product-attributes-item__label\" style=\"height: 24px; width: 14.7343%;\">T\u00ednh N\u0103ng<\/th>\n<td class=\"woocommerce-product-attributes-item__value\" style=\"height: 24px; width: 81.1534%;\">Ch\u00e2n gh\u1ebf c\u1ed1 \u0111\u1ecbnh, C\u00f3 n\u00fat ch\u1ed1ng tr\u1ea7y<\/td>\n<\/tr>\n<tr class=\"woocommerce-product-attributes-item woocommerce-product-attributes-item--attribute_item-code\" style=\"height: 24px;\">\n<th class=\"woocommerce-product-attributes-item__label\" style=\"height: 24px; width: 14.7343%;\">B\u1ea3o H\u00e0nh<\/th>\n<td class=\"woocommerce-product-attributes-item__value\" style=\"height: 24px; width: 81.1534%;\">12 th\u00e1ng<\/td>\n<\/tr>\n<\/tbody>\n<\/table>","protected":false},"excerpt":{"rendered":"<p><b data-path-to-node=\"3\" data-index-in-node=\"0\">Gh\u1ebf ch\u00e2n qu\u1ef3 AMA-VP065<\/b> l\u00e0 s\u1ef1 k\u1ebft h\u1ee3p ho\u00e0n h\u1ea3o gi\u1eefa phong c\u00e1ch t\u1ed1i gi\u1ea3n v\u00e0 c\u00f4ng n\u0103ng v\u01b0\u1ee3t tr\u1ed9i. V\u1edbi thi\u1ebft k\u1ebf khung th\u00e9p m\u1ea1 crome s\u00e1ng b\u00f3ng c\u00f9ng l\u01b0ng l\u01b0\u1edbi tho\u00e1ng kh\u00ed, s\u1ea3n ph\u1ea9m l\u00e0 l\u1ef1a ch\u1ecdn l\u00fd t\u01b0\u1edfng cho kh\u00f4ng gian ph\u00f2ng h\u1ecdp, ph\u00f2ng l\u00e0m vi\u1ec7c l\u00e3nh \u0111\u1ea1o ho\u1eb7c g\u00f3c l\u00e0m vi\u1ec7c t\u1ea1i gia hi\u1ec7n \u0111\u1ea1i.<\/p>","protected":false},"featured_media":24333,"comment_status":"closed","ping_status":"closed","template":"","meta":[],"product_cat":[73],"product_tag":[],"yoast_head":"<!-- This site is optimized with the Yoast SEO Premium plugin v21.7 (Yoast SEO v21.7) - https:\/\/yoast.com\/wordpress\/plugins\/seo\/ -->\n<title>Gh\u1ebf L\u00e0m Vi\u1ec7c Ch\u00e2n Qu\u1ef3 AMA-VP065 - AMAFURNI<\/title>\n<meta name=\"description\" content=\"Gh\u1ebf l\u00e0m vi\u1ec7c v\u0103n ph\u00f2ng AMA-VP065, V\u1edbi khung nh\u1ef1a PP, tay th\u00e9p m\u1ea1 Crome \u1ed1p nh\u1ef1a, ch\u00e2n th\u00e9p m\u1ea1 crome, n\u1ec7m b\u1ecdc v\u1ea3i, l\u01b0ng b\u1ecdc l\u01b0\u1edbi\" \/>\n<meta name=\"robots\" content=\"index, follow, max-snippet:-1, max-image-preview:large, max-video-preview:-1\" \/>\n<link rel=\"canonical\" href=\"https:\/\/amafurni.vn\/en\/product\/ghe-lam-viec-chan-quy-ama-vp065\/\" \/>\n<meta property=\"og:locale\" content=\"en_US\" \/>\n<meta property=\"og:type\" content=\"article\" \/>\n<meta property=\"og:title\" content=\"Gh\u1ebf L\u00e0m Vi\u1ec7c Ch\u00e2n Qu\u1ef3 AMA-VP065\" \/>\n<meta property=\"og:description\" content=\"Gh\u1ebf l\u00e0m vi\u1ec7c v\u0103n ph\u00f2ng AMA-VP065, V\u1edbi khung nh\u1ef1a PP, tay th\u00e9p m\u1ea1 Crome \u1ed1p nh\u1ef1a, ch\u00e2n th\u00e9p m\u1ea1 crome, n\u1ec7m b\u1ecdc v\u1ea3i, l\u01b0ng b\u1ecdc l\u01b0\u1edbi\" \/>\n<meta property=\"og:url\" content=\"https:\/\/amafurni.vn\/en\/product\/ghe-lam-viec-chan-quy-ama-vp065\/\" \/>\n<meta property=\"og:site_name\" content=\"AMAFURNI\" \/>\n<meta property=\"article:modified_time\" content=\"2026-01-07T08:47:56+00:00\" \/>\n<meta property=\"og:image\" content=\"https:\/\/amafurni.vn\/wp-content\/uploads\/2026\/01\/ghe-chan-quy-ama-vp065.jpg\" \/>\n\t<meta property=\"og:image:width\" content=\"800\" \/>\n\t<meta property=\"og:image:height\" content=\"800\" \/>\n\t<meta property=\"og:image:type\" content=\"image\/jpeg\" \/>\n<meta name=\"twitter:card\" content=\"summary_large_image\" \/>\n<meta name=\"twitter:label1\" content=\"Est. reading time\" \/>\n\t<meta name=\"twitter:data1\" content=\"1 minute\" \/>\n<script type=\"application\/ld+json\" class=\"yoast-schema-graph\">{\"@context\":\"https:\/\/schema.org\",\"@graph\":[{\"@type\":\"WebPage\",\"@id\":\"https:\/\/amafurni.vn\/san-pham\/ghe-lam-viec-chan-quy-ama-vp065\/\",\"url\":\"https:\/\/amafurni.vn\/san-pham\/ghe-lam-viec-chan-quy-ama-vp065\/\",\"name\":\"Gh\u1ebf L\u00e0m Vi\u1ec7c Ch\u00e2n Qu\u1ef3 AMA-VP065 - AMAFURNI\",\"isPartOf\":{\"@id\":\"https:\/\/amafurni.vn\/#website\"},\"datePublished\":\"2026-01-07T08:47:54+00:00\",\"dateModified\":\"2026-01-07T08:47:56+00:00\",\"description\":\"Gh\u1ebf l\u00e0m vi\u1ec7c v\u0103n ph\u00f2ng AMA-VP065, V\u1edbi khung nh\u1ef1a PP, tay th\u00e9p m\u1ea1 Crome \u1ed1p nh\u1ef1a, ch\u00e2n th\u00e9p m\u1ea1 crome, n\u1ec7m b\u1ecdc v\u1ea3i, l\u01b0ng b\u1ecdc l\u01b0\u1edbi\",\"breadcrumb\":{\"@id\":\"https:\/\/amafurni.vn\/san-pham\/ghe-lam-viec-chan-quy-ama-vp065\/#breadcrumb\"},\"inLanguage\":\"en-US\",\"potentialAction\":[{\"@type\":\"ReadAction\",\"target\":[\"https:\/\/amafurni.vn\/san-pham\/ghe-lam-viec-chan-quy-ama-vp065\/\"]}]},{\"@type\":\"BreadcrumbList\",\"@id\":\"https:\/\/amafurni.vn\/san-pham\/ghe-lam-viec-chan-quy-ama-vp065\/#breadcrumb\",\"itemListElement\":[{\"@type\":\"ListItem\",\"position\":1,\"name\":\"Trang ch\u1ee7\",\"item\":\"https:\/\/amafurni.vn\/\"},{\"@type\":\"ListItem\",\"position\":2,\"name\":\"S\u1ea3n ph\u1ea9m\",\"item\":\"https:\/\/amafurni.vn\/san-pham\/\"},{\"@type\":\"ListItem\",\"position\":3,\"name\":\"Gh\u1ebf L\u00e0m Vi\u1ec7c Ch\u00e2n Qu\u1ef3 AMA-VP065\"}]},{\"@type\":\"WebSite\",\"@id\":\"https:\/\/amafurni.vn\/#website\",\"url\":\"https:\/\/amafurni.vn\/\",\"name\":\"AMAFURNI\",\"description\":\"\",\"potentialAction\":[{\"@type\":\"SearchAction\",\"target\":{\"@type\":\"EntryPoint\",\"urlTemplate\":\"https:\/\/amafurni.vn\/?s={search_term_string}\"},\"query-input\":\"required name=search_term_string\"}],\"inLanguage\":\"en-US\"}]}<\/script>\n<!-- \/ Yoast SEO Premium plugin. -->","yoast_head_json":{"title":"Gh\u1ebf L\u00e0m Vi\u1ec7c Ch\u00e2n Qu\u1ef3 AMA-VP065 - AMAFURNI","description":"Gh\u1ebf l\u00e0m vi\u1ec7c v\u0103n ph\u00f2ng AMA-VP065, V\u1edbi khung nh\u1ef1a PP, tay th\u00e9p m\u1ea1 Crome \u1ed1p nh\u1ef1a, ch\u00e2n th\u00e9p m\u1ea1 crome, n\u1ec7m b\u1ecdc v\u1ea3i, l\u01b0ng b\u1ecdc l\u01b0\u1edbi","robots":{"index":"index","follow":"follow","max-snippet":"max-snippet:-1","max-image-preview":"max-image-preview:large","max-video-preview":"max-video-preview:-1"},"canonical":"https:\/\/amafurni.vn\/en\/product\/ghe-lam-viec-chan-quy-ama-vp065\/","og_locale":"en_US","og_type":"article","og_title":"Gh\u1ebf L\u00e0m Vi\u1ec7c Ch\u00e2n Qu\u1ef3 AMA-VP065","og_description":"Gh\u1ebf l\u00e0m vi\u1ec7c v\u0103n ph\u00f2ng AMA-VP065, V\u1edbi khung nh\u1ef1a PP, tay th\u00e9p m\u1ea1 Crome \u1ed1p nh\u1ef1a, ch\u00e2n th\u00e9p m\u1ea1 crome, n\u1ec7m b\u1ecdc v\u1ea3i, l\u01b0ng b\u1ecdc l\u01b0\u1edbi","og_url":"https:\/\/amafurni.vn\/en\/product\/ghe-lam-viec-chan-quy-ama-vp065\/","og_site_name":"AMAFURNI","article_modified_time":"2026-01-07T08:47:56+00:00","og_image":[{"width":800,"height":800,"url":"https:\/\/amafurni.vn\/wp-content\/uploads\/2026\/01\/ghe-chan-quy-ama-vp065.jpg","type":"image\/jpeg"}],"twitter_card":"summary_large_image","twitter_misc":{"Est. reading time":"1 minute"},"schema":{"@context":"https:\/\/schema.org","@graph":[{"@type":"WebPage","@id":"https:\/\/amafurni.vn\/san-pham\/ghe-lam-viec-chan-quy-ama-vp065\/","url":"https:\/\/amafurni.vn\/san-pham\/ghe-lam-viec-chan-quy-ama-vp065\/","name":"Gh\u1ebf L\u00e0m Vi\u1ec7c Ch\u00e2n Qu\u1ef3 AMA-VP065 - AMAFURNI","isPartOf":{"@id":"https:\/\/amafurni.vn\/#website"},"datePublished":"2026-01-07T08:47:54+00:00","dateModified":"2026-01-07T08:47:56+00:00","description":"Gh\u1ebf l\u00e0m vi\u1ec7c v\u0103n ph\u00f2ng AMA-VP065, V\u1edbi khung nh\u1ef1a PP, tay th\u00e9p m\u1ea1 Crome \u1ed1p nh\u1ef1a, ch\u00e2n th\u00e9p m\u1ea1 crome, n\u1ec7m b\u1ecdc v\u1ea3i, l\u01b0ng b\u1ecdc l\u01b0\u1edbi","breadcrumb":{"@id":"https:\/\/amafurni.vn\/san-pham\/ghe-lam-viec-chan-quy-ama-vp065\/#breadcrumb"},"inLanguage":"en-US","potentialAction":[{"@type":"ReadAction","target":["https:\/\/amafurni.vn\/san-pham\/ghe-lam-viec-chan-quy-ama-vp065\/"]}]},{"@type":"BreadcrumbList","@id":"https:\/\/amafurni.vn\/san-pham\/ghe-lam-viec-chan-quy-ama-vp065\/#breadcrumb","itemListElement":[{"@type":"ListItem","position":1,"name":"Trang ch\u1ee7","item":"https:\/\/amafurni.vn\/"},{"@type":"ListItem","position":2,"name":"S\u1ea3n ph\u1ea9m","item":"https:\/\/amafurni.vn\/san-pham\/"},{"@type":"ListItem","position":3,"name":"Gh\u1ebf L\u00e0m Vi\u1ec7c Ch\u00e2n Qu\u1ef3 AMA-VP065"}]},{"@type":"WebSite","@id":"https:\/\/amafurni.vn\/#website","url":"https:\/\/amafurni.vn\/","name":"AMAFURNI","description":"","potentialAction":[{"@type":"SearchAction","target":{"@type":"EntryPoint","urlTemplate":"https:\/\/amafurni.vn\/?s={search_term_string}"},"query-input":"required name=search_term_string"}],"inLanguage":"en-US"}]}},"_links":{"self":[{"href":"https:\/\/amafurni.vn\/en\/wp-json\/wp\/v2\/product\/24332"}],"collection":[{"href":"https:\/\/amafurni.vn\/en\/wp-json\/wp\/v2\/product"}],"about":[{"href":"https:\/\/amafurni.vn\/en\/wp-json\/wp\/v2\/types\/product"}],"replies":[{"embeddable":true,"href":"https:\/\/amafurni.vn\/en\/wp-json\/wp\/v2\/comments?post=24332"}],"wp:featuredmedia":[{"embeddable":true,"href":"https:\/\/amafurni.vn\/en\/wp-json\/wp\/v2\/media\/24333"}],"wp:attachment":[{"href":"https:\/\/amafurni.vn\/en\/wp-json\/wp\/v2\/media?parent=24332"}],"wp:term":[{"taxonomy":"product_cat","embeddable":true,"href":"https:\/\/amafurni.vn\/en\/wp-json\/wp\/v2\/product_cat?post=24332"},{"taxonomy":"product_tag","embeddable":true,"href":"https:\/\/amafurni.vn\/en\/wp-json\/wp\/v2\/product_tag?post=24332"}],"curies":[{"name":"wp","href":"https:\/\/api.w.org\/{rel}","templated":true}]}}