{"id":24336,"date":"2026-01-08T14:26:36","date_gmt":"2026-01-08T07:26:36","guid":{"rendered":"https:\/\/amafurni.vn\/?post_type=product&#038;p=24336"},"modified":"2026-01-08T14:26:38","modified_gmt":"2026-01-08T07:26:38","slug":"ghe-lam-viec-chan-quy-ama-vp070","status":"publish","type":"product","link":"https:\/\/amafurni.vn\/en\/product\/ghe-lam-viec-chan-quy-ama-vp070\/","title":{"rendered":"Gh\u1ebf L\u00e0m Vi\u1ec7c Ch\u00e2n Qu\u1ef3 AMA-VP070"},"content":{"rendered":"<p><strong>Gh\u1ebf L\u00e0m Vi\u1ec7c Ch\u00e2n Qu\u1ef3 AMA-VP070<\/strong><\/p>\n<table class=\"woocommerce-product-attributes shop_attributes\" style=\"width: 99.1318%; height: 285px;\" width=\"929\">\n<tbody>\n<tr class=\"woocommerce-product-attributes-item woocommerce-product-attributes-item--attribute_season\" style=\"height: 24px;\">\n<th class=\"woocommerce-product-attributes-item__label\" style=\"height: 24px; width: 14.7343%;\">Material<\/th>\n<td class=\"woocommerce-product-attributes-item__value\" style=\"height: 24px; width: 81.1534%;\">Da c\u00f4ng nghi\u1ec7p, N\u1ec7m cao su, Tay gh\u00e9p m\u1ea1 crome, Ch\u00e2n th\u00e9p m\u1ea1 crome<\/td>\n<\/tr>\n<tr class=\"woocommerce-product-attributes-item woocommerce-product-attributes-item--attribute_pa_color\" style=\"height: 24px;\">\n<th class=\"woocommerce-product-attributes-item__label\" style=\"height: 24px; width: 14.7343%;\">M\u00e0u S\u1eafc<\/th>\n<td class=\"woocommerce-product-attributes-item__value\" style=\"height: 24px; width: 81.1534%;\">\u0110EN, KEM<\/td>\n<\/tr>\n<tr class=\"woocommerce-product-attributes-item woocommerce-product-attributes-item--attribute_style\" style=\"height: 24px;\">\n<th class=\"woocommerce-product-attributes-item__label\" style=\"height: 24px; width: 14.7343%;\">Size<\/th>\n<td class=\"woocommerce-product-attributes-item__value\" style=\"height: 24px; width: 81.1534%;\">Ch\u01b0a c\u1eadp nh\u1eadt<\/td>\n<\/tr>\n<tr class=\"woocommerce-product-attributes-item woocommerce-product-attributes-item--attribute_pa_material\" style=\"height: 24px;\">\n<th class=\"woocommerce-product-attributes-item__label\" style=\"height: 24px; width: 14.7343%;\">T\u00ednh N\u0103ng<\/th>\n<td class=\"woocommerce-product-attributes-item__value\" style=\"height: 24px; width: 81.1534%;\">Ch\u00e2n gh\u1ebf c\u1ed1 \u0111\u1ecbnh, C\u00f3 n\u00fat ch\u1ed1ng tr\u1ea7y<\/td>\n<\/tr>\n<tr class=\"woocommerce-product-attributes-item woocommerce-product-attributes-item--attribute_item-code\" style=\"height: 24px;\">\n<th class=\"woocommerce-product-attributes-item__label\" style=\"height: 24px; width: 14.7343%;\">B\u1ea3o H\u00e0nh<\/th>\n<td class=\"woocommerce-product-attributes-item__value\" style=\"height: 24px; width: 81.1534%;\">12 th\u00e1ng<\/td>\n<\/tr>\n<\/tbody>\n<\/table>","protected":false},"excerpt":{"rendered":"<p>Gh\u1ebf ch\u00e2n qu\u1ef3 AMA-VP070 thi\u1ebft k\u1ebf l\u01b0ng cao chuy\u00ean d\u1ee5ng cho ph\u00f2ng h\u1ecdp, ph\u00f2ng l\u00e3nh \u0111\u1ea1o. Ch\u1ea5t li\u1ec7u da cao c\u1ea5p, khung th\u00e9p m\u1ea1 crome b\u1ec1n b\u1ec9. Ki\u1ec3u d\u00e1ng sang tr\u1ecdng, h\u1ed7 tr\u1ee3 c\u1ed9t s\u1ed1ng t\u1ed1i \u01b0u.<\/p>","protected":false},"featured_media":24337,"comment_status":"closed","ping_status":"closed","template":"","meta":[],"product_cat":[76,73],"product_tag":[],"yoast_head":"<!-- This site is optimized with the Yoast SEO Premium plugin v21.7 (Yoast SEO v21.7) - https:\/\/yoast.com\/wordpress\/plugins\/seo\/ -->\n<title>Gh\u1ebf L\u00e0m Vi\u1ec7c Ch\u00e2n Qu\u1ef3 AMA-VP070 - AMAFURNI<\/title>\n<meta name=\"description\" content=\"Gh\u1ebf ch\u00e2n qu\u1ef3 AMA-VP070 thi\u1ebft k\u1ebf l\u01b0ng cao chuy\u00ean d\u1ee5ng cho ph\u00f2ng h\u1ecdp, ph\u00f2ng l\u00e3nh \u0111\u1ea1o. Ch\u1ea5t li\u1ec7u da cao c\u1ea5p, khung th\u00e9p m\u1ea1 crome b\u1ec1n b\u1ec9.\" \/>\n<meta name=\"robots\" content=\"index, follow, max-snippet:-1, max-image-preview:large, max-video-preview:-1\" \/>\n<link rel=\"canonical\" href=\"https:\/\/amafurni.vn\/en\/product\/ghe-lam-viec-chan-quy-ama-vp070\/\" \/>\n<meta property=\"og:locale\" content=\"en_US\" \/>\n<meta property=\"og:type\" content=\"article\" \/>\n<meta property=\"og:title\" content=\"Gh\u1ebf L\u00e0m Vi\u1ec7c Ch\u00e2n Qu\u1ef3 AMA-VP070\" \/>\n<meta property=\"og:description\" content=\"Gh\u1ebf ch\u00e2n qu\u1ef3 AMA-VP070 thi\u1ebft k\u1ebf l\u01b0ng cao chuy\u00ean d\u1ee5ng cho ph\u00f2ng h\u1ecdp, ph\u00f2ng l\u00e3nh \u0111\u1ea1o. Ch\u1ea5t li\u1ec7u da cao c\u1ea5p, khung th\u00e9p m\u1ea1 crome b\u1ec1n b\u1ec9.\" \/>\n<meta property=\"og:url\" content=\"https:\/\/amafurni.vn\/en\/product\/ghe-lam-viec-chan-quy-ama-vp070\/\" \/>\n<meta property=\"og:site_name\" content=\"AMAFURNI\" \/>\n<meta property=\"article:modified_time\" content=\"2026-01-08T07:26:38+00:00\" \/>\n<meta property=\"og:image\" content=\"https:\/\/amafurni.vn\/wp-content\/uploads\/2026\/01\/ghe-chan-quy-ama-vp070.jpg\" \/>\n\t<meta property=\"og:image:width\" content=\"800\" \/>\n\t<meta property=\"og:image:height\" content=\"800\" \/>\n\t<meta property=\"og:image:type\" content=\"image\/jpeg\" \/>\n<meta name=\"twitter:card\" content=\"summary_large_image\" \/>\n<meta name=\"twitter:label1\" content=\"Est. reading time\" \/>\n\t<meta name=\"twitter:data1\" content=\"1 minute\" \/>\n<script type=\"application\/ld+json\" class=\"yoast-schema-graph\">{\"@context\":\"https:\/\/schema.org\",\"@graph\":[{\"@type\":\"WebPage\",\"@id\":\"https:\/\/amafurni.vn\/san-pham\/ghe-lam-viec-chan-quy-ama-vp070\/\",\"url\":\"https:\/\/amafurni.vn\/san-pham\/ghe-lam-viec-chan-quy-ama-vp070\/\",\"name\":\"Gh\u1ebf L\u00e0m Vi\u1ec7c Ch\u00e2n Qu\u1ef3 AMA-VP070 - AMAFURNI\",\"isPartOf\":{\"@id\":\"https:\/\/amafurni.vn\/#website\"},\"datePublished\":\"2026-01-08T07:26:36+00:00\",\"dateModified\":\"2026-01-08T07:26:38+00:00\",\"description\":\"Gh\u1ebf ch\u00e2n qu\u1ef3 AMA-VP070 thi\u1ebft k\u1ebf l\u01b0ng cao chuy\u00ean d\u1ee5ng cho ph\u00f2ng h\u1ecdp, ph\u00f2ng l\u00e3nh \u0111\u1ea1o. Ch\u1ea5t li\u1ec7u da cao c\u1ea5p, khung th\u00e9p m\u1ea1 crome b\u1ec1n b\u1ec9.\",\"breadcrumb\":{\"@id\":\"https:\/\/amafurni.vn\/san-pham\/ghe-lam-viec-chan-quy-ama-vp070\/#breadcrumb\"},\"inLanguage\":\"en-US\",\"potentialAction\":[{\"@type\":\"ReadAction\",\"target\":[\"https:\/\/amafurni.vn\/san-pham\/ghe-lam-viec-chan-quy-ama-vp070\/\"]}]},{\"@type\":\"BreadcrumbList\",\"@id\":\"https:\/\/amafurni.vn\/san-pham\/ghe-lam-viec-chan-quy-ama-vp070\/#breadcrumb\",\"itemListElement\":[{\"@type\":\"ListItem\",\"position\":1,\"name\":\"Trang ch\u1ee7\",\"item\":\"https:\/\/amafurni.vn\/\"},{\"@type\":\"ListItem\",\"position\":2,\"name\":\"S\u1ea3n ph\u1ea9m\",\"item\":\"https:\/\/amafurni.vn\/san-pham\/\"},{\"@type\":\"ListItem\",\"position\":3,\"name\":\"Gh\u1ebf L\u00e0m Vi\u1ec7c Ch\u00e2n Qu\u1ef3 AMA-VP070\"}]},{\"@type\":\"WebSite\",\"@id\":\"https:\/\/amafurni.vn\/#website\",\"url\":\"https:\/\/amafurni.vn\/\",\"name\":\"AMAFURNI\",\"description\":\"\",\"potentialAction\":[{\"@type\":\"SearchAction\",\"target\":{\"@type\":\"EntryPoint\",\"urlTemplate\":\"https:\/\/amafurni.vn\/?s={search_term_string}\"},\"query-input\":\"required name=search_term_string\"}],\"inLanguage\":\"en-US\"}]}<\/script>\n<!-- \/ Yoast SEO Premium plugin. -->","yoast_head_json":{"title":"Gh\u1ebf L\u00e0m Vi\u1ec7c Ch\u00e2n Qu\u1ef3 AMA-VP070 - AMAFURNI","description":"Gh\u1ebf ch\u00e2n qu\u1ef3 AMA-VP070 thi\u1ebft k\u1ebf l\u01b0ng cao chuy\u00ean d\u1ee5ng cho ph\u00f2ng h\u1ecdp, ph\u00f2ng l\u00e3nh \u0111\u1ea1o. Ch\u1ea5t li\u1ec7u da cao c\u1ea5p, khung th\u00e9p m\u1ea1 crome b\u1ec1n b\u1ec9.","robots":{"index":"index","follow":"follow","max-snippet":"max-snippet:-1","max-image-preview":"max-image-preview:large","max-video-preview":"max-video-preview:-1"},"canonical":"https:\/\/amafurni.vn\/en\/product\/ghe-lam-viec-chan-quy-ama-vp070\/","og_locale":"en_US","og_type":"article","og_title":"Gh\u1ebf L\u00e0m Vi\u1ec7c Ch\u00e2n Qu\u1ef3 AMA-VP070","og_description":"Gh\u1ebf ch\u00e2n qu\u1ef3 AMA-VP070 thi\u1ebft k\u1ebf l\u01b0ng cao chuy\u00ean d\u1ee5ng cho ph\u00f2ng h\u1ecdp, ph\u00f2ng l\u00e3nh \u0111\u1ea1o. Ch\u1ea5t li\u1ec7u da cao c\u1ea5p, khung th\u00e9p m\u1ea1 crome b\u1ec1n b\u1ec9.","og_url":"https:\/\/amafurni.vn\/en\/product\/ghe-lam-viec-chan-quy-ama-vp070\/","og_site_name":"AMAFURNI","article_modified_time":"2026-01-08T07:26:38+00:00","og_image":[{"width":800,"height":800,"url":"https:\/\/amafurni.vn\/wp-content\/uploads\/2026\/01\/ghe-chan-quy-ama-vp070.jpg","type":"image\/jpeg"}],"twitter_card":"summary_large_image","twitter_misc":{"Est. reading time":"1 minute"},"schema":{"@context":"https:\/\/schema.org","@graph":[{"@type":"WebPage","@id":"https:\/\/amafurni.vn\/san-pham\/ghe-lam-viec-chan-quy-ama-vp070\/","url":"https:\/\/amafurni.vn\/san-pham\/ghe-lam-viec-chan-quy-ama-vp070\/","name":"Gh\u1ebf L\u00e0m Vi\u1ec7c Ch\u00e2n Qu\u1ef3 AMA-VP070 - AMAFURNI","isPartOf":{"@id":"https:\/\/amafurni.vn\/#website"},"datePublished":"2026-01-08T07:26:36+00:00","dateModified":"2026-01-08T07:26:38+00:00","description":"Gh\u1ebf ch\u00e2n qu\u1ef3 AMA-VP070 thi\u1ebft k\u1ebf l\u01b0ng cao chuy\u00ean d\u1ee5ng cho ph\u00f2ng h\u1ecdp, ph\u00f2ng l\u00e3nh \u0111\u1ea1o. Ch\u1ea5t li\u1ec7u da cao c\u1ea5p, khung th\u00e9p m\u1ea1 crome b\u1ec1n b\u1ec9.","breadcrumb":{"@id":"https:\/\/amafurni.vn\/san-pham\/ghe-lam-viec-chan-quy-ama-vp070\/#breadcrumb"},"inLanguage":"en-US","potentialAction":[{"@type":"ReadAction","target":["https:\/\/amafurni.vn\/san-pham\/ghe-lam-viec-chan-quy-ama-vp070\/"]}]},{"@type":"BreadcrumbList","@id":"https:\/\/amafurni.vn\/san-pham\/ghe-lam-viec-chan-quy-ama-vp070\/#breadcrumb","itemListElement":[{"@type":"ListItem","position":1,"name":"Trang ch\u1ee7","item":"https:\/\/amafurni.vn\/"},{"@type":"ListItem","position":2,"name":"S\u1ea3n ph\u1ea9m","item":"https:\/\/amafurni.vn\/san-pham\/"},{"@type":"ListItem","position":3,"name":"Gh\u1ebf L\u00e0m Vi\u1ec7c Ch\u00e2n Qu\u1ef3 AMA-VP070"}]},{"@type":"WebSite","@id":"https:\/\/amafurni.vn\/#website","url":"https:\/\/amafurni.vn\/","name":"AMAFURNI","description":"","potentialAction":[{"@type":"SearchAction","target":{"@type":"EntryPoint","urlTemplate":"https:\/\/amafurni.vn\/?s={search_term_string}"},"query-input":"required name=search_term_string"}],"inLanguage":"en-US"}]}},"_links":{"self":[{"href":"https:\/\/amafurni.vn\/en\/wp-json\/wp\/v2\/product\/24336"}],"collection":[{"href":"https:\/\/amafurni.vn\/en\/wp-json\/wp\/v2\/product"}],"about":[{"href":"https:\/\/amafurni.vn\/en\/wp-json\/wp\/v2\/types\/product"}],"replies":[{"embeddable":true,"href":"https:\/\/amafurni.vn\/en\/wp-json\/wp\/v2\/comments?post=24336"}],"wp:featuredmedia":[{"embeddable":true,"href":"https:\/\/amafurni.vn\/en\/wp-json\/wp\/v2\/media\/24337"}],"wp:attachment":[{"href":"https:\/\/amafurni.vn\/en\/wp-json\/wp\/v2\/media?parent=24336"}],"wp:term":[{"taxonomy":"product_cat","embeddable":true,"href":"https:\/\/amafurni.vn\/en\/wp-json\/wp\/v2\/product_cat?post=24336"},{"taxonomy":"product_tag","embeddable":true,"href":"https:\/\/amafurni.vn\/en\/wp-json\/wp\/v2\/product_tag?post=24336"}],"curies":[{"name":"wp","href":"https:\/\/api.w.org\/{rel}","templated":true}]}}