{"id":24416,"date":"2026-01-14T10:25:30","date_gmt":"2026-01-14T03:25:30","guid":{"rendered":"https:\/\/amafurni.vn\/?post_type=product&#038;p=24416"},"modified":"2026-01-14T10:25:31","modified_gmt":"2026-01-14T03:25:31","slug":"ghe-lam-viec-ama-vp071","status":"publish","type":"product","link":"https:\/\/amafurni.vn\/en\/product\/ghe-lam-viec-ama-vp071\/","title":{"rendered":"Gh\u1ebf L\u00e0m Vi\u1ec7c AMA-VP071"},"content":{"rendered":"<p><strong>Gh\u1ebf L\u00e0m Vi\u1ec7c AMA-VP071<\/strong><\/p>\n<table class=\"woocommerce-product-attributes shop_attributes\" style=\"width: 99.1318%; height: 285px;\" width=\"929\">\n<tbody>\n<tr class=\"woocommerce-product-attributes-item woocommerce-product-attributes-item--attribute_season\" style=\"height: 24px;\">\n<th class=\"woocommerce-product-attributes-item__label\" style=\"height: 24px; width: 14.7343%;\">Material<\/th>\n<td class=\"woocommerce-product-attributes-item__value\" style=\"height: 24px; width: 81.1534%;\">Da c\u00f4ng nghi\u1ec7p, N\u1ec7m cao su, Ch\u00e2n th\u00e9p m\u1ea1 crome ch\u1ecbu l\u1ef1c<\/td>\n<\/tr>\n<tr class=\"woocommerce-product-attributes-item woocommerce-product-attributes-item--attribute_pa_color\" style=\"height: 24px;\">\n<th class=\"woocommerce-product-attributes-item__label\" style=\"height: 24px; width: 14.7343%;\">M\u00e0u S\u1eafc<\/th>\n<td class=\"woocommerce-product-attributes-item__value\" style=\"height: 24px; width: 81.1534%;\">Kem, \u0110en<\/td>\n<\/tr>\n<tr class=\"woocommerce-product-attributes-item woocommerce-product-attributes-item--attribute_style\" style=\"height: 24px;\">\n<th class=\"woocommerce-product-attributes-item__label\" style=\"height: 24px; width: 14.7343%;\">Size<\/th>\n<td class=\"woocommerce-product-attributes-item__value\" style=\"height: 24px; width: 81.1534%;\">Ch\u01b0a c\u1eadp nh\u1eadt<\/td>\n<\/tr>\n<tr class=\"woocommerce-product-attributes-item woocommerce-product-attributes-item--attribute_pa_material\" style=\"height: 24px;\">\n<th class=\"woocommerce-product-attributes-item__label\" style=\"height: 24px; width: 14.7343%;\">T\u00ednh N\u0103ng<\/th>\n<td class=\"woocommerce-product-attributes-item__value\" style=\"height: 24px; width: 81.1534%;\">Ch\u00e2n gh\u1ebf trang b\u1ecb b\u00e1nh xe di chuy\u1ec3n, C\u1ea7n T\u0103ng\/Gi\u1ea3m chi\u1ec1u cao, G\u1eadt g\u00f9 b\u1eadp b\u00eanh<\/td>\n<\/tr>\n<tr class=\"woocommerce-product-attributes-item woocommerce-product-attributes-item--attribute_item-code\" style=\"height: 24px;\">\n<th class=\"woocommerce-product-attributes-item__label\" style=\"height: 24px; width: 14.7343%;\">B\u1ea3o H\u00e0nh<\/th>\n<td class=\"woocommerce-product-attributes-item__value\" style=\"height: 24px; width: 81.1534%;\">12 th\u00e1ng<\/td>\n<\/tr>\n<\/tbody>\n<\/table>\n<p>&nbsp;<\/p>","protected":false},"excerpt":{"rendered":"<p data-path-to-node=\"6\"><b data-path-to-node=\"6\" data-index-in-node=\"10\">Gh\u1ebf L\u00e0m Vi\u1ec7c AMA-VP071<\/b> &#8211; s\u1ef1 k\u1ebft h\u1ee3p ho\u00e0n h\u1ea3o gi\u1eefa th\u1ea9m m\u1ef9 v\u00e0 c\u00f4ng n\u0103ng. \u0110\u1ec7m ng\u1ed3i \u00eam \u00e1i, \u0111i\u1ec1u ch\u1ec9nh chi\u1ec1u cao linh ho\u1ea1t, ph\u00f9 h\u1ee3p cho c\u1ea3 nh\u00e2n vi\u00ean v\u00e0 l\u00e3nh \u0111\u1ea1o. S\u1ea3n ph\u1ea9m ch\u00ednh h\u00e3ng AMA Furniture &#8211; Giao h\u00e0ng nhanh, b\u1ea3o h\u00e0nh uy t\u00edn!&#8221;<\/p>","protected":false},"featured_media":24417,"comment_status":"closed","ping_status":"closed","template":"","meta":[],"product_cat":[70],"product_tag":[],"yoast_head":"<!-- This site is optimized with the Yoast SEO Premium plugin v21.7 (Yoast SEO v21.7) - https:\/\/yoast.com\/wordpress\/plugins\/seo\/ -->\n<title>Gh\u1ebf L\u00e0m Vi\u1ec7c AMA-VP071 - AMAFURNI<\/title>\n<meta name=\"description\" content=\"Gh\u1ebf L\u00e0m Vi\u1ec7c AMA-VP071 - s\u1ef1 k\u1ebft h\u1ee3p ho\u00e0n h\u1ea3o gi\u1eefa th\u1ea9m m\u1ef9 v\u00e0 c\u00f4ng n\u0103ng. \u0110\u1ec7m ng\u1ed3i \u00eam \u00e1i, \u0111i\u1ec1u ch\u1ec9nh chi\u1ec1u cao linh ho\u1ea1t, g\u1eadt g\u00f9 th\u01b0 gi\u00e3n.\" \/>\n<meta name=\"robots\" content=\"index, follow, max-snippet:-1, max-image-preview:large, max-video-preview:-1\" \/>\n<link rel=\"canonical\" href=\"https:\/\/amafurni.vn\/en\/product\/ghe-lam-viec-ama-vp071\/\" \/>\n<meta property=\"og:locale\" content=\"en_US\" \/>\n<meta property=\"og:type\" content=\"article\" \/>\n<meta property=\"og:title\" content=\"Gh\u1ebf L\u00e0m Vi\u1ec7c AMA-VP071\" \/>\n<meta property=\"og:description\" content=\"Gh\u1ebf L\u00e0m Vi\u1ec7c AMA-VP071 - s\u1ef1 k\u1ebft h\u1ee3p ho\u00e0n h\u1ea3o gi\u1eefa th\u1ea9m m\u1ef9 v\u00e0 c\u00f4ng n\u0103ng. \u0110\u1ec7m ng\u1ed3i \u00eam \u00e1i, \u0111i\u1ec1u ch\u1ec9nh chi\u1ec1u cao linh ho\u1ea1t, g\u1eadt g\u00f9 th\u01b0 gi\u00e3n.\" \/>\n<meta property=\"og:url\" content=\"https:\/\/amafurni.vn\/en\/product\/ghe-lam-viec-ama-vp071\/\" \/>\n<meta property=\"og:site_name\" content=\"AMAFURNI\" \/>\n<meta property=\"article:modified_time\" content=\"2026-01-14T03:25:31+00:00\" \/>\n<meta property=\"og:image\" content=\"https:\/\/amafurni.vn\/wp-content\/uploads\/2026\/01\/ghe-lam-viec-ama-vp071-2.jpg\" \/>\n\t<meta property=\"og:image:width\" content=\"800\" \/>\n\t<meta property=\"og:image:height\" content=\"800\" \/>\n\t<meta property=\"og:image:type\" content=\"image\/jpeg\" \/>\n<meta name=\"twitter:card\" content=\"summary_large_image\" \/>\n<meta name=\"twitter:label1\" content=\"Est. reading time\" \/>\n\t<meta name=\"twitter:data1\" content=\"1 minute\" \/>\n<script type=\"application\/ld+json\" class=\"yoast-schema-graph\">{\"@context\":\"https:\/\/schema.org\",\"@graph\":[{\"@type\":\"WebPage\",\"@id\":\"https:\/\/amafurni.vn\/san-pham\/ghe-lam-viec-ama-vp071\/\",\"url\":\"https:\/\/amafurni.vn\/san-pham\/ghe-lam-viec-ama-vp071\/\",\"name\":\"Gh\u1ebf L\u00e0m Vi\u1ec7c AMA-VP071 - AMAFURNI\",\"isPartOf\":{\"@id\":\"https:\/\/amafurni.vn\/#website\"},\"datePublished\":\"2026-01-14T03:25:30+00:00\",\"dateModified\":\"2026-01-14T03:25:31+00:00\",\"description\":\"Gh\u1ebf L\u00e0m Vi\u1ec7c AMA-VP071 - s\u1ef1 k\u1ebft h\u1ee3p ho\u00e0n h\u1ea3o gi\u1eefa th\u1ea9m m\u1ef9 v\u00e0 c\u00f4ng n\u0103ng. \u0110\u1ec7m ng\u1ed3i \u00eam \u00e1i, \u0111i\u1ec1u ch\u1ec9nh chi\u1ec1u cao linh ho\u1ea1t, g\u1eadt g\u00f9 th\u01b0 gi\u00e3n.\",\"breadcrumb\":{\"@id\":\"https:\/\/amafurni.vn\/san-pham\/ghe-lam-viec-ama-vp071\/#breadcrumb\"},\"inLanguage\":\"en-US\",\"potentialAction\":[{\"@type\":\"ReadAction\",\"target\":[\"https:\/\/amafurni.vn\/san-pham\/ghe-lam-viec-ama-vp071\/\"]}]},{\"@type\":\"BreadcrumbList\",\"@id\":\"https:\/\/amafurni.vn\/san-pham\/ghe-lam-viec-ama-vp071\/#breadcrumb\",\"itemListElement\":[{\"@type\":\"ListItem\",\"position\":1,\"name\":\"Trang ch\u1ee7\",\"item\":\"https:\/\/amafurni.vn\/\"},{\"@type\":\"ListItem\",\"position\":2,\"name\":\"S\u1ea3n ph\u1ea9m\",\"item\":\"https:\/\/amafurni.vn\/san-pham\/\"},{\"@type\":\"ListItem\",\"position\":3,\"name\":\"Gh\u1ebf L\u00e0m Vi\u1ec7c AMA-VP071\"}]},{\"@type\":\"WebSite\",\"@id\":\"https:\/\/amafurni.vn\/#website\",\"url\":\"https:\/\/amafurni.vn\/\",\"name\":\"AMAFURNI\",\"description\":\"\",\"potentialAction\":[{\"@type\":\"SearchAction\",\"target\":{\"@type\":\"EntryPoint\",\"urlTemplate\":\"https:\/\/amafurni.vn\/?s={search_term_string}\"},\"query-input\":\"required name=search_term_string\"}],\"inLanguage\":\"en-US\"}]}<\/script>\n<!-- \/ Yoast SEO Premium plugin. -->","yoast_head_json":{"title":"Gh\u1ebf L\u00e0m Vi\u1ec7c AMA-VP071 - AMAFURNI","description":"Gh\u1ebf L\u00e0m Vi\u1ec7c AMA-VP071 - s\u1ef1 k\u1ebft h\u1ee3p ho\u00e0n h\u1ea3o gi\u1eefa th\u1ea9m m\u1ef9 v\u00e0 c\u00f4ng n\u0103ng. \u0110\u1ec7m ng\u1ed3i \u00eam \u00e1i, \u0111i\u1ec1u ch\u1ec9nh chi\u1ec1u cao linh ho\u1ea1t, g\u1eadt g\u00f9 th\u01b0 gi\u00e3n.","robots":{"index":"index","follow":"follow","max-snippet":"max-snippet:-1","max-image-preview":"max-image-preview:large","max-video-preview":"max-video-preview:-1"},"canonical":"https:\/\/amafurni.vn\/en\/product\/ghe-lam-viec-ama-vp071\/","og_locale":"en_US","og_type":"article","og_title":"Gh\u1ebf L\u00e0m Vi\u1ec7c AMA-VP071","og_description":"Gh\u1ebf L\u00e0m Vi\u1ec7c AMA-VP071 - s\u1ef1 k\u1ebft h\u1ee3p ho\u00e0n h\u1ea3o gi\u1eefa th\u1ea9m m\u1ef9 v\u00e0 c\u00f4ng n\u0103ng. \u0110\u1ec7m ng\u1ed3i \u00eam \u00e1i, \u0111i\u1ec1u ch\u1ec9nh chi\u1ec1u cao linh ho\u1ea1t, g\u1eadt g\u00f9 th\u01b0 gi\u00e3n.","og_url":"https:\/\/amafurni.vn\/en\/product\/ghe-lam-viec-ama-vp071\/","og_site_name":"AMAFURNI","article_modified_time":"2026-01-14T03:25:31+00:00","og_image":[{"width":800,"height":800,"url":"https:\/\/amafurni.vn\/wp-content\/uploads\/2026\/01\/ghe-lam-viec-ama-vp071-2.jpg","type":"image\/jpeg"}],"twitter_card":"summary_large_image","twitter_misc":{"Est. reading time":"1 minute"},"schema":{"@context":"https:\/\/schema.org","@graph":[{"@type":"WebPage","@id":"https:\/\/amafurni.vn\/san-pham\/ghe-lam-viec-ama-vp071\/","url":"https:\/\/amafurni.vn\/san-pham\/ghe-lam-viec-ama-vp071\/","name":"Gh\u1ebf L\u00e0m Vi\u1ec7c AMA-VP071 - AMAFURNI","isPartOf":{"@id":"https:\/\/amafurni.vn\/#website"},"datePublished":"2026-01-14T03:25:30+00:00","dateModified":"2026-01-14T03:25:31+00:00","description":"Gh\u1ebf L\u00e0m Vi\u1ec7c AMA-VP071 - s\u1ef1 k\u1ebft h\u1ee3p ho\u00e0n h\u1ea3o gi\u1eefa th\u1ea9m m\u1ef9 v\u00e0 c\u00f4ng n\u0103ng. \u0110\u1ec7m ng\u1ed3i \u00eam \u00e1i, \u0111i\u1ec1u ch\u1ec9nh chi\u1ec1u cao linh ho\u1ea1t, g\u1eadt g\u00f9 th\u01b0 gi\u00e3n.","breadcrumb":{"@id":"https:\/\/amafurni.vn\/san-pham\/ghe-lam-viec-ama-vp071\/#breadcrumb"},"inLanguage":"en-US","potentialAction":[{"@type":"ReadAction","target":["https:\/\/amafurni.vn\/san-pham\/ghe-lam-viec-ama-vp071\/"]}]},{"@type":"BreadcrumbList","@id":"https:\/\/amafurni.vn\/san-pham\/ghe-lam-viec-ama-vp071\/#breadcrumb","itemListElement":[{"@type":"ListItem","position":1,"name":"Trang ch\u1ee7","item":"https:\/\/amafurni.vn\/"},{"@type":"ListItem","position":2,"name":"S\u1ea3n ph\u1ea9m","item":"https:\/\/amafurni.vn\/san-pham\/"},{"@type":"ListItem","position":3,"name":"Gh\u1ebf L\u00e0m Vi\u1ec7c AMA-VP071"}]},{"@type":"WebSite","@id":"https:\/\/amafurni.vn\/#website","url":"https:\/\/amafurni.vn\/","name":"AMAFURNI","description":"","potentialAction":[{"@type":"SearchAction","target":{"@type":"EntryPoint","urlTemplate":"https:\/\/amafurni.vn\/?s={search_term_string}"},"query-input":"required name=search_term_string"}],"inLanguage":"en-US"}]}},"_links":{"self":[{"href":"https:\/\/amafurni.vn\/en\/wp-json\/wp\/v2\/product\/24416"}],"collection":[{"href":"https:\/\/amafurni.vn\/en\/wp-json\/wp\/v2\/product"}],"about":[{"href":"https:\/\/amafurni.vn\/en\/wp-json\/wp\/v2\/types\/product"}],"replies":[{"embeddable":true,"href":"https:\/\/amafurni.vn\/en\/wp-json\/wp\/v2\/comments?post=24416"}],"wp:featuredmedia":[{"embeddable":true,"href":"https:\/\/amafurni.vn\/en\/wp-json\/wp\/v2\/media\/24417"}],"wp:attachment":[{"href":"https:\/\/amafurni.vn\/en\/wp-json\/wp\/v2\/media?parent=24416"}],"wp:term":[{"taxonomy":"product_cat","embeddable":true,"href":"https:\/\/amafurni.vn\/en\/wp-json\/wp\/v2\/product_cat?post=24416"},{"taxonomy":"product_tag","embeddable":true,"href":"https:\/\/amafurni.vn\/en\/wp-json\/wp\/v2\/product_tag?post=24416"}],"curies":[{"name":"wp","href":"https:\/\/api.w.org\/{rel}","templated":true}]}}