{"id":24425,"date":"2026-01-14T11:47:43","date_gmt":"2026-01-14T04:47:43","guid":{"rendered":"https:\/\/amafurni.vn\/?post_type=product&#038;p=24425"},"modified":"2026-01-14T11:47:45","modified_gmt":"2026-01-14T04:47:45","slug":"ghe-lam-viec-ama-vp074","status":"publish","type":"product","link":"https:\/\/amafurni.vn\/en\/product\/ghe-lam-viec-ama-vp074\/","title":{"rendered":"Gh\u1ebf L\u00e0m Vi\u1ec7c AMA-VP074"},"content":{"rendered":"<p><strong>Gh\u1ebf L\u00e0m Vi\u1ec7c AMA-VP074<\/strong><\/p>\n<table class=\"woocommerce-product-attributes shop_attributes\" style=\"width: 99.1318%; height: 285px;\" width=\"929\">\n<tbody>\n<tr class=\"woocommerce-product-attributes-item woocommerce-product-attributes-item--attribute_season\" style=\"height: 24px;\">\n<th class=\"woocommerce-product-attributes-item__label\" style=\"height: 24px; width: 14.7343%;\">Material<\/th>\n<td class=\"woocommerce-product-attributes-item__value\" style=\"height: 24px; width: 81.1534%;\">Da c\u00f4ng nghi\u1ec7p, N\u1ec7m cao su, Ch\u00e2n th\u00e9p m\u1ea1 crome ch\u1ecbu l\u1ef1c, Tay th\u00e9p m\u1ea1 crome<\/td>\n<\/tr>\n<tr class=\"woocommerce-product-attributes-item woocommerce-product-attributes-item--attribute_pa_color\" style=\"height: 24px;\">\n<th class=\"woocommerce-product-attributes-item__label\" style=\"height: 24px; width: 14.7343%;\">M\u00e0u S\u1eafc<\/th>\n<td class=\"woocommerce-product-attributes-item__value\" style=\"height: 24px; width: 81.1534%;\">\u0110en kem<\/td>\n<\/tr>\n<tr class=\"woocommerce-product-attributes-item woocommerce-product-attributes-item--attribute_style\" style=\"height: 24px;\">\n<th class=\"woocommerce-product-attributes-item__label\" style=\"height: 24px; width: 14.7343%;\">Size<\/th>\n<td class=\"woocommerce-product-attributes-item__value\" style=\"height: 24px; width: 81.1534%;\">Ch\u01b0a c\u1eadp nh\u1eadt<\/td>\n<\/tr>\n<tr class=\"woocommerce-product-attributes-item woocommerce-product-attributes-item--attribute_pa_material\" style=\"height: 24px;\">\n<th class=\"woocommerce-product-attributes-item__label\" style=\"height: 24px; width: 14.7343%;\">T\u00ednh N\u0103ng<\/th>\n<td class=\"woocommerce-product-attributes-item__value\" style=\"height: 24px; width: 81.1534%;\">Ch\u00e2n gh\u1ebf trang b\u1ecb b\u00e1nh xe di chuy\u1ec3n, C\u1ea7n T\u0103ng\/Gi\u1ea3m chi\u1ec1u cao, Ng\u00e3 l\u01b0ng th\u01b0 gi\u00e3n<\/td>\n<\/tr>\n<tr class=\"woocommerce-product-attributes-item woocommerce-product-attributes-item--attribute_item-code\" style=\"height: 24px;\">\n<th class=\"woocommerce-product-attributes-item__label\" style=\"height: 24px; width: 14.7343%;\">B\u1ea3o H\u00e0nh<\/th>\n<td class=\"woocommerce-product-attributes-item__value\" style=\"height: 24px; width: 81.1534%;\">12 th\u00e1ng<\/td>\n<\/tr>\n<\/tbody>\n<\/table>\n<p>&nbsp;<\/p>","protected":false},"excerpt":{"rendered":"<p data-path-to-node=\"6\">&#8220;<b data-path-to-node=\"6\" data-index-in-node=\"1\">Gh\u1ebf L\u00e0m Vi\u1ec7c AMA-VP074<\/b> cao c\u1ea5p: Th\u00e2n gh\u1ebf b\u1ecdc da ph\u1ed1i m\u00e0u \u0111\u1ed9c \u0111\u00e1o, ch\u00e2n xoay h\u1ee3p kim ch\u1eafc ch\u1eafn, \u0111i\u1ec1u ch\u1ec9nh chi\u1ec1u cao linh ho\u1ea1t. <span class=\"\">S\u1ea3n ph\u1ea9m ch\u00ednh h\u00e3ng AMA Furniture &#8211; Giao h\u00e0ng nhanh, b\u1ea3o h\u00e0nh uy t\u00edn!&#8221;<\/span><\/p>","protected":false},"featured_media":24427,"comment_status":"closed","ping_status":"closed","template":"","meta":[],"product_cat":[70],"product_tag":[],"yoast_head":"<!-- This site is optimized with the Yoast SEO Premium plugin v21.7 (Yoast SEO v21.7) - https:\/\/yoast.com\/wordpress\/plugins\/seo\/ -->\n<title>Gh\u1ebf L\u00e0m Vi\u1ec7c AMA-VP074 - AMAFURNI<\/title>\n<meta name=\"description\" content=\"&quot;Gh\u1ebf L\u00e0m Vi\u1ec7c AMA-VP074 cao c\u1ea5p: Th\u00e2n gh\u1ebf b\u1ecdc da ph\u1ed1i m\u00e0u \u0111\u1ed9c \u0111\u00e1o, ch\u00e2n xoay h\u1ee3p kim ch\u1eafc ch\u1eafn, \u0111i\u1ec1u ch\u1ec9nh chi\u1ec1u cao linh ho\u1ea1t.\" \/>\n<meta name=\"robots\" content=\"index, follow, max-snippet:-1, max-image-preview:large, max-video-preview:-1\" \/>\n<link rel=\"canonical\" href=\"https:\/\/amafurni.vn\/en\/product\/ghe-lam-viec-ama-vp074\/\" \/>\n<meta property=\"og:locale\" content=\"en_US\" \/>\n<meta property=\"og:type\" content=\"article\" \/>\n<meta property=\"og:title\" content=\"Gh\u1ebf L\u00e0m Vi\u1ec7c AMA-VP074\" \/>\n<meta property=\"og:description\" content=\"&quot;Gh\u1ebf L\u00e0m Vi\u1ec7c AMA-VP074 cao c\u1ea5p: Th\u00e2n gh\u1ebf b\u1ecdc da ph\u1ed1i m\u00e0u \u0111\u1ed9c \u0111\u00e1o, ch\u00e2n xoay h\u1ee3p kim ch\u1eafc ch\u1eafn, \u0111i\u1ec1u ch\u1ec9nh chi\u1ec1u cao linh ho\u1ea1t.\" \/>\n<meta property=\"og:url\" content=\"https:\/\/amafurni.vn\/en\/product\/ghe-lam-viec-ama-vp074\/\" \/>\n<meta property=\"og:site_name\" content=\"AMAFURNI\" \/>\n<meta property=\"article:modified_time\" content=\"2026-01-14T04:47:45+00:00\" \/>\n<meta property=\"og:image\" content=\"https:\/\/amafurni.vn\/wp-content\/uploads\/2026\/01\/ghe-lam-viec-ama-vp074-1.jpg\" \/>\n\t<meta property=\"og:image:width\" content=\"800\" \/>\n\t<meta property=\"og:image:height\" content=\"800\" \/>\n\t<meta property=\"og:image:type\" content=\"image\/jpeg\" \/>\n<meta name=\"twitter:card\" content=\"summary_large_image\" \/>\n<meta name=\"twitter:label1\" content=\"Est. reading time\" \/>\n\t<meta name=\"twitter:data1\" content=\"1 minute\" \/>\n<script type=\"application\/ld+json\" class=\"yoast-schema-graph\">{\"@context\":\"https:\/\/schema.org\",\"@graph\":[{\"@type\":\"WebPage\",\"@id\":\"https:\/\/amafurni.vn\/san-pham\/ghe-lam-viec-ama-vp074\/\",\"url\":\"https:\/\/amafurni.vn\/san-pham\/ghe-lam-viec-ama-vp074\/\",\"name\":\"Gh\u1ebf L\u00e0m Vi\u1ec7c AMA-VP074 - AMAFURNI\",\"isPartOf\":{\"@id\":\"https:\/\/amafurni.vn\/#website\"},\"datePublished\":\"2026-01-14T04:47:43+00:00\",\"dateModified\":\"2026-01-14T04:47:45+00:00\",\"description\":\"\\\"Gh\u1ebf L\u00e0m Vi\u1ec7c AMA-VP074 cao c\u1ea5p: Th\u00e2n gh\u1ebf b\u1ecdc da ph\u1ed1i m\u00e0u \u0111\u1ed9c \u0111\u00e1o, ch\u00e2n xoay h\u1ee3p kim ch\u1eafc ch\u1eafn, \u0111i\u1ec1u ch\u1ec9nh chi\u1ec1u cao linh ho\u1ea1t.\",\"breadcrumb\":{\"@id\":\"https:\/\/amafurni.vn\/san-pham\/ghe-lam-viec-ama-vp074\/#breadcrumb\"},\"inLanguage\":\"en-US\",\"potentialAction\":[{\"@type\":\"ReadAction\",\"target\":[\"https:\/\/amafurni.vn\/san-pham\/ghe-lam-viec-ama-vp074\/\"]}]},{\"@type\":\"BreadcrumbList\",\"@id\":\"https:\/\/amafurni.vn\/san-pham\/ghe-lam-viec-ama-vp074\/#breadcrumb\",\"itemListElement\":[{\"@type\":\"ListItem\",\"position\":1,\"name\":\"Trang ch\u1ee7\",\"item\":\"https:\/\/amafurni.vn\/\"},{\"@type\":\"ListItem\",\"position\":2,\"name\":\"S\u1ea3n ph\u1ea9m\",\"item\":\"https:\/\/amafurni.vn\/san-pham\/\"},{\"@type\":\"ListItem\",\"position\":3,\"name\":\"Gh\u1ebf L\u00e0m Vi\u1ec7c AMA-VP074\"}]},{\"@type\":\"WebSite\",\"@id\":\"https:\/\/amafurni.vn\/#website\",\"url\":\"https:\/\/amafurni.vn\/\",\"name\":\"AMAFURNI\",\"description\":\"\",\"potentialAction\":[{\"@type\":\"SearchAction\",\"target\":{\"@type\":\"EntryPoint\",\"urlTemplate\":\"https:\/\/amafurni.vn\/?s={search_term_string}\"},\"query-input\":\"required name=search_term_string\"}],\"inLanguage\":\"en-US\"}]}<\/script>\n<!-- \/ Yoast SEO Premium plugin. -->","yoast_head_json":{"title":"Gh\u1ebf L\u00e0m Vi\u1ec7c AMA-VP074 - AMAFURNI","description":"\"Gh\u1ebf L\u00e0m Vi\u1ec7c AMA-VP074 cao c\u1ea5p: Th\u00e2n gh\u1ebf b\u1ecdc da ph\u1ed1i m\u00e0u \u0111\u1ed9c \u0111\u00e1o, ch\u00e2n xoay h\u1ee3p kim ch\u1eafc ch\u1eafn, \u0111i\u1ec1u ch\u1ec9nh chi\u1ec1u cao linh ho\u1ea1t.","robots":{"index":"index","follow":"follow","max-snippet":"max-snippet:-1","max-image-preview":"max-image-preview:large","max-video-preview":"max-video-preview:-1"},"canonical":"https:\/\/amafurni.vn\/en\/product\/ghe-lam-viec-ama-vp074\/","og_locale":"en_US","og_type":"article","og_title":"Gh\u1ebf L\u00e0m Vi\u1ec7c AMA-VP074","og_description":"\"Gh\u1ebf L\u00e0m Vi\u1ec7c AMA-VP074 cao c\u1ea5p: Th\u00e2n gh\u1ebf b\u1ecdc da ph\u1ed1i m\u00e0u \u0111\u1ed9c \u0111\u00e1o, ch\u00e2n xoay h\u1ee3p kim ch\u1eafc ch\u1eafn, \u0111i\u1ec1u ch\u1ec9nh chi\u1ec1u cao linh ho\u1ea1t.","og_url":"https:\/\/amafurni.vn\/en\/product\/ghe-lam-viec-ama-vp074\/","og_site_name":"AMAFURNI","article_modified_time":"2026-01-14T04:47:45+00:00","og_image":[{"width":800,"height":800,"url":"https:\/\/amafurni.vn\/wp-content\/uploads\/2026\/01\/ghe-lam-viec-ama-vp074-1.jpg","type":"image\/jpeg"}],"twitter_card":"summary_large_image","twitter_misc":{"Est. reading time":"1 minute"},"schema":{"@context":"https:\/\/schema.org","@graph":[{"@type":"WebPage","@id":"https:\/\/amafurni.vn\/san-pham\/ghe-lam-viec-ama-vp074\/","url":"https:\/\/amafurni.vn\/san-pham\/ghe-lam-viec-ama-vp074\/","name":"Gh\u1ebf L\u00e0m Vi\u1ec7c AMA-VP074 - AMAFURNI","isPartOf":{"@id":"https:\/\/amafurni.vn\/#website"},"datePublished":"2026-01-14T04:47:43+00:00","dateModified":"2026-01-14T04:47:45+00:00","description":"\"Gh\u1ebf L\u00e0m Vi\u1ec7c AMA-VP074 cao c\u1ea5p: Th\u00e2n gh\u1ebf b\u1ecdc da ph\u1ed1i m\u00e0u \u0111\u1ed9c \u0111\u00e1o, ch\u00e2n xoay h\u1ee3p kim ch\u1eafc ch\u1eafn, \u0111i\u1ec1u ch\u1ec9nh chi\u1ec1u cao linh ho\u1ea1t.","breadcrumb":{"@id":"https:\/\/amafurni.vn\/san-pham\/ghe-lam-viec-ama-vp074\/#breadcrumb"},"inLanguage":"en-US","potentialAction":[{"@type":"ReadAction","target":["https:\/\/amafurni.vn\/san-pham\/ghe-lam-viec-ama-vp074\/"]}]},{"@type":"BreadcrumbList","@id":"https:\/\/amafurni.vn\/san-pham\/ghe-lam-viec-ama-vp074\/#breadcrumb","itemListElement":[{"@type":"ListItem","position":1,"name":"Trang ch\u1ee7","item":"https:\/\/amafurni.vn\/"},{"@type":"ListItem","position":2,"name":"S\u1ea3n ph\u1ea9m","item":"https:\/\/amafurni.vn\/san-pham\/"},{"@type":"ListItem","position":3,"name":"Gh\u1ebf L\u00e0m Vi\u1ec7c AMA-VP074"}]},{"@type":"WebSite","@id":"https:\/\/amafurni.vn\/#website","url":"https:\/\/amafurni.vn\/","name":"AMAFURNI","description":"","potentialAction":[{"@type":"SearchAction","target":{"@type":"EntryPoint","urlTemplate":"https:\/\/amafurni.vn\/?s={search_term_string}"},"query-input":"required name=search_term_string"}],"inLanguage":"en-US"}]}},"_links":{"self":[{"href":"https:\/\/amafurni.vn\/en\/wp-json\/wp\/v2\/product\/24425"}],"collection":[{"href":"https:\/\/amafurni.vn\/en\/wp-json\/wp\/v2\/product"}],"about":[{"href":"https:\/\/amafurni.vn\/en\/wp-json\/wp\/v2\/types\/product"}],"replies":[{"embeddable":true,"href":"https:\/\/amafurni.vn\/en\/wp-json\/wp\/v2\/comments?post=24425"}],"wp:featuredmedia":[{"embeddable":true,"href":"https:\/\/amafurni.vn\/en\/wp-json\/wp\/v2\/media\/24427"}],"wp:attachment":[{"href":"https:\/\/amafurni.vn\/en\/wp-json\/wp\/v2\/media?parent=24425"}],"wp:term":[{"taxonomy":"product_cat","embeddable":true,"href":"https:\/\/amafurni.vn\/en\/wp-json\/wp\/v2\/product_cat?post=24425"},{"taxonomy":"product_tag","embeddable":true,"href":"https:\/\/amafurni.vn\/en\/wp-json\/wp\/v2\/product_tag?post=24425"}],"curies":[{"name":"wp","href":"https:\/\/api.w.org\/{rel}","templated":true}]}}