{"id":2463,"date":"2023-12-06T11:20:19","date_gmt":"2023-12-06T04:20:19","guid":{"rendered":"https:\/\/amafurni.123websitedev.com\/san-pham\/ghe-lam-viec-chan-xoay-boc-da-pu-cao-cap-ama-cm-f103as\/"},"modified":"2025-11-12T14:10:32","modified_gmt":"2025-11-12T07:10:32","slug":"ghe-lam-viec-chan-xoay-boc-da-pu-cao-cap-ama-cm-f103as","status":"publish","type":"product","link":"https:\/\/amafurni.vn\/en\/product\/ghe-lam-viec-chan-xoay-boc-da-pu-cao-cap-ama-cm-f103as\/","title":{"rendered":"Gh\u1ebf l\u00e0m vi\u1ec7c ch\u00e2n xoay b\u1ecdc da PU cao c\u1ea5p AMA-CM-F103AS"},"content":{"rendered":"<table border=\"1\" height=\"273\" style=\"width: 1075px;\">\n<tbody><\/tbody>\n<tbody>\n<tr>\n<td style=\"width: 204px;\"><span style=\"color: #ff0000;\"><strong>Material<\/strong><\/span><\/td>\n<td style=\"width: 167.953px;\"><span style=\"color: #ff0000;\"><strong>T\u00ednh N\u0103ng<\/strong><\/span><\/td>\n<td style=\"width: 105.047px;\"><span style=\"color: #ff0000;\"><strong>M\u00e0u S\u1eafc<\/strong><\/span><\/td>\n<td style=\"width: 90px;\"><span style=\"color: #ff0000;\"><strong>Xu\u1ea5t X\u1ee9<\/strong><\/span><\/td>\n<td style=\"width: 312px;\"><span style=\"color: #ff0000;\"><strong>B\u1ea3o Qu\u1ea3n<\/strong><\/span><\/td>\n<td style=\"width: 149px;\"><span style=\"color: #ff0000;\"><strong>B\u1ea3o h\u00e0nh<\/strong><\/span><\/td>\n<\/tr>\n<tr>\n<td style=\"width: 204px;\">\n<div class=\"n851cfcs\">\n<div class=\"aahdfvyu\">\n<div class=\"dati1w0a qt6c0cv9 hv4rvrfc pybr56ya\">\n<div class=\"kvgmc6g5 cxmmr5t8 oygrvhab hcukyx3x c1et5uql\"><span>L\u01b0ng l\u01b0\u1edbi , m\u00f4ng b\u1ecdc da PU<\/span><\/div>\n<div class=\"kvgmc6g5 cxmmr5t8 oygrvhab hcukyx3x c1et5uql\">Khung tay gh\u1ebf: s\u1eaft m\u1ea1 chrome ph\u1ee7 PU<\/div>\n<div class=\"kvgmc6g5 cxmmr5t8 oygrvhab hcukyx3x c1et5uql\"><span>Ch\u00e2n: s\u1eaft m\u1ea1 chrome<\/span><\/div>\n<\/div>\n<\/div>\n<\/div>\n<div class=\"n851cfcs\">\n<div class=\"rq0escxv l9j0dhe7 du4w35lb j83agx80 cbu4d94t pfnyh3mw\">\n<div class=\"rq0escxv l9j0dhe7 du4w35lb j83agx80 cbu4d94t buofh1pr tgvbjcpo\">\n<div class=\"rq0escxv l9j0dhe7 du4w35lb j83agx80 cbu4d94t pfnyh3mw d2edcug0 hv4rvrfc dati1w0a\"><\/div>\n<\/div>\n<\/div>\n<\/div>\n<\/td>\n<td style=\"width: 167.953px;\">\n<p>T\u0103ng gi\u1ea3m chi\u1ec1u cao<\/p>\n<p><span>Xoay 360 \u0111\u1ed9<\/span><\/p>\n<p><span>G\u1eadt g\u00f9 b\u1eadp b\u00eanh<\/span><\/p>\n<\/td>\n<td style=\"width: 105.047px;\">\u0110EN<\/td>\n<td style=\"width: 90px;\">Nh\u1eadp Ngo\u1ea1i<\/td>\n<td style=\"width: 312px;\">\n<p>D\u00f9ng dung d\u1ecbch v\u1ec7 sinh chuy\u00ean d\u1ee5ng lau sofa, da gh\u1ebf \u00f4 t\u00f4 , gh\u1ebf da<\/p>\n<p>Tr\u00e1nh ti\u1ebfp x\u00fac c\u00e1c v\u1eadt c\u00f3 b\u1ec1 m\u1eb7t s\u1eaft nh\u1ecdn<\/p>\n<p>Tr\u00e1nh ti\u1ebfp x\u00fac ngu\u1ed3n nhi\u1ec7t \u0111\u1ed9 qu\u00e1 cao<\/p>\n<p>Kh\u00f4ng \u0111\u1ee9ng l\u00ean tr\u00ean gh\u1ebf<\/p>\n<p>Kh\u00f4ng g\u00e1c c\u1ea3 2 ch\u00e2n l\u00ean m\u00f4ng gh\u1ebf<\/p>\n<\/td>\n<td style=\"width: 149px;\">\n<p>12 th\u00e1ng k\u1ef9 thu\u1eadt<\/p>\n<\/td>\n<\/tr>\n<\/tbody>\n<\/table>","protected":false},"excerpt":{"rendered":"<p>Xoay 360 \u0111\u1ed9<br \/>\nT\u0103ng gi\u1ea3m chi\u1ec1u cao<br \/>\nG\u1eadt g\u00f9 b\u1eadp b\u00eanh<\/p>","protected":false},"featured_media":2464,"comment_status":"open","ping_status":"closed","template":"","meta":[],"product_cat":[59,70],"product_tag":[],"yoast_head":"<!-- This site is optimized with the Yoast SEO Premium plugin v21.7 (Yoast SEO v21.7) - https:\/\/yoast.com\/wordpress\/plugins\/seo\/ -->\n<title>Gh\u1ebf l\u00e0m vi\u1ec7c ch\u00e2n xoay b\u1ecdc da PU cao c\u1ea5p AMA-CM-F103AS - AMAFURNI<\/title>\n<meta name=\"robots\" content=\"index, follow, max-snippet:-1, max-image-preview:large, max-video-preview:-1\" \/>\n<link rel=\"canonical\" href=\"https:\/\/amafurni.vn\/en\/product\/ghe-lam-viec-chan-xoay-boc-da-pu-cao-cap-ama-cm-f103as\/\" \/>\n<meta property=\"og:locale\" content=\"en_US\" \/>\n<meta property=\"og:type\" content=\"article\" \/>\n<meta property=\"og:title\" content=\"Gh\u1ebf l\u00e0m vi\u1ec7c ch\u00e2n xoay b\u1ecdc da PU cao c\u1ea5p AMA-CM-F103AS\" \/>\n<meta property=\"og:description\" content=\"Xoay 360 \u0111\u1ed9 T\u0103ng gi\u1ea3m chi\u1ec1u cao G\u1eadt g\u00f9 b\u1eadp b\u00eanh\" \/>\n<meta property=\"og:url\" content=\"https:\/\/amafurni.vn\/en\/product\/ghe-lam-viec-chan-xoay-boc-da-pu-cao-cap-ama-cm-f103as\/\" \/>\n<meta property=\"og:site_name\" content=\"AMAFURNI\" \/>\n<meta property=\"article:modified_time\" content=\"2025-11-12T07:10:32+00:00\" \/>\n<meta property=\"og:image\" content=\"https:\/\/amafurni.vn\/wp-content\/uploads\/2023\/12\/ghe-lam-viec-chan-xoay-boc-da-pu-cao-cap-ama-cm-f103as_656ff683bccf1.png\" \/>\n\t<meta property=\"og:image:width\" content=\"800\" \/>\n\t<meta property=\"og:image:height\" content=\"800\" \/>\n\t<meta property=\"og:image:type\" content=\"image\/png\" \/>\n<meta name=\"twitter:card\" content=\"summary_large_image\" \/>\n<meta name=\"twitter:label1\" content=\"Est. reading time\" \/>\n\t<meta name=\"twitter:data1\" content=\"1 minute\" \/>\n<script type=\"application\/ld+json\" class=\"yoast-schema-graph\">{\"@context\":\"https:\/\/schema.org\",\"@graph\":[{\"@type\":\"WebPage\",\"@id\":\"https:\/\/amafurni.vn\/san-pham\/ghe-lam-viec-chan-xoay-boc-da-pu-cao-cap-ama-cm-f103as\/\",\"url\":\"https:\/\/amafurni.vn\/san-pham\/ghe-lam-viec-chan-xoay-boc-da-pu-cao-cap-ama-cm-f103as\/\",\"name\":\"Gh\u1ebf l\u00e0m vi\u1ec7c ch\u00e2n xoay b\u1ecdc da PU cao c\u1ea5p AMA-CM-F103AS - AMAFURNI\",\"isPartOf\":{\"@id\":\"https:\/\/amafurni.vn\/#website\"},\"datePublished\":\"2023-12-06T04:20:19+00:00\",\"dateModified\":\"2025-11-12T07:10:32+00:00\",\"breadcrumb\":{\"@id\":\"https:\/\/amafurni.vn\/san-pham\/ghe-lam-viec-chan-xoay-boc-da-pu-cao-cap-ama-cm-f103as\/#breadcrumb\"},\"inLanguage\":\"en-US\",\"potentialAction\":[{\"@type\":\"ReadAction\",\"target\":[\"https:\/\/amafurni.vn\/san-pham\/ghe-lam-viec-chan-xoay-boc-da-pu-cao-cap-ama-cm-f103as\/\"]}]},{\"@type\":\"BreadcrumbList\",\"@id\":\"https:\/\/amafurni.vn\/san-pham\/ghe-lam-viec-chan-xoay-boc-da-pu-cao-cap-ama-cm-f103as\/#breadcrumb\",\"itemListElement\":[{\"@type\":\"ListItem\",\"position\":1,\"name\":\"Trang ch\u1ee7\",\"item\":\"https:\/\/amafurni.vn\/\"},{\"@type\":\"ListItem\",\"position\":2,\"name\":\"S\u1ea3n ph\u1ea9m\",\"item\":\"https:\/\/amafurni.vn\/san-pham\/\"},{\"@type\":\"ListItem\",\"position\":3,\"name\":\"Gh\u1ebf l\u00e0m vi\u1ec7c ch\u00e2n xoay b\u1ecdc da PU cao c\u1ea5p AMA-CM-F103AS\"}]},{\"@type\":\"WebSite\",\"@id\":\"https:\/\/amafurni.vn\/#website\",\"url\":\"https:\/\/amafurni.vn\/\",\"name\":\"AMAFURNI\",\"description\":\"\",\"potentialAction\":[{\"@type\":\"SearchAction\",\"target\":{\"@type\":\"EntryPoint\",\"urlTemplate\":\"https:\/\/amafurni.vn\/?s={search_term_string}\"},\"query-input\":\"required name=search_term_string\"}],\"inLanguage\":\"en-US\"}]}<\/script>\n<!-- \/ Yoast SEO Premium plugin. -->","yoast_head_json":{"title":"Gh\u1ebf l\u00e0m vi\u1ec7c ch\u00e2n xoay b\u1ecdc da PU cao c\u1ea5p AMA-CM-F103AS - AMAFURNI","robots":{"index":"index","follow":"follow","max-snippet":"max-snippet:-1","max-image-preview":"max-image-preview:large","max-video-preview":"max-video-preview:-1"},"canonical":"https:\/\/amafurni.vn\/en\/product\/ghe-lam-viec-chan-xoay-boc-da-pu-cao-cap-ama-cm-f103as\/","og_locale":"en_US","og_type":"article","og_title":"Gh\u1ebf l\u00e0m vi\u1ec7c ch\u00e2n xoay b\u1ecdc da PU cao c\u1ea5p AMA-CM-F103AS","og_description":"Xoay 360 \u0111\u1ed9 T\u0103ng gi\u1ea3m chi\u1ec1u cao G\u1eadt g\u00f9 b\u1eadp b\u00eanh","og_url":"https:\/\/amafurni.vn\/en\/product\/ghe-lam-viec-chan-xoay-boc-da-pu-cao-cap-ama-cm-f103as\/","og_site_name":"AMAFURNI","article_modified_time":"2025-11-12T07:10:32+00:00","og_image":[{"width":800,"height":800,"url":"https:\/\/amafurni.vn\/wp-content\/uploads\/2023\/12\/ghe-lam-viec-chan-xoay-boc-da-pu-cao-cap-ama-cm-f103as_656ff683bccf1.png","type":"image\/png"}],"twitter_card":"summary_large_image","twitter_misc":{"Est. reading time":"1 minute"},"schema":{"@context":"https:\/\/schema.org","@graph":[{"@type":"WebPage","@id":"https:\/\/amafurni.vn\/san-pham\/ghe-lam-viec-chan-xoay-boc-da-pu-cao-cap-ama-cm-f103as\/","url":"https:\/\/amafurni.vn\/san-pham\/ghe-lam-viec-chan-xoay-boc-da-pu-cao-cap-ama-cm-f103as\/","name":"Gh\u1ebf l\u00e0m vi\u1ec7c ch\u00e2n xoay b\u1ecdc da PU cao c\u1ea5p AMA-CM-F103AS - AMAFURNI","isPartOf":{"@id":"https:\/\/amafurni.vn\/#website"},"datePublished":"2023-12-06T04:20:19+00:00","dateModified":"2025-11-12T07:10:32+00:00","breadcrumb":{"@id":"https:\/\/amafurni.vn\/san-pham\/ghe-lam-viec-chan-xoay-boc-da-pu-cao-cap-ama-cm-f103as\/#breadcrumb"},"inLanguage":"en-US","potentialAction":[{"@type":"ReadAction","target":["https:\/\/amafurni.vn\/san-pham\/ghe-lam-viec-chan-xoay-boc-da-pu-cao-cap-ama-cm-f103as\/"]}]},{"@type":"BreadcrumbList","@id":"https:\/\/amafurni.vn\/san-pham\/ghe-lam-viec-chan-xoay-boc-da-pu-cao-cap-ama-cm-f103as\/#breadcrumb","itemListElement":[{"@type":"ListItem","position":1,"name":"Trang ch\u1ee7","item":"https:\/\/amafurni.vn\/"},{"@type":"ListItem","position":2,"name":"S\u1ea3n ph\u1ea9m","item":"https:\/\/amafurni.vn\/san-pham\/"},{"@type":"ListItem","position":3,"name":"Gh\u1ebf l\u00e0m vi\u1ec7c ch\u00e2n xoay b\u1ecdc da PU cao c\u1ea5p AMA-CM-F103AS"}]},{"@type":"WebSite","@id":"https:\/\/amafurni.vn\/#website","url":"https:\/\/amafurni.vn\/","name":"AMAFURNI","description":"","potentialAction":[{"@type":"SearchAction","target":{"@type":"EntryPoint","urlTemplate":"https:\/\/amafurni.vn\/?s={search_term_string}"},"query-input":"required name=search_term_string"}],"inLanguage":"en-US"}]}},"_links":{"self":[{"href":"https:\/\/amafurni.vn\/en\/wp-json\/wp\/v2\/product\/2463"}],"collection":[{"href":"https:\/\/amafurni.vn\/en\/wp-json\/wp\/v2\/product"}],"about":[{"href":"https:\/\/amafurni.vn\/en\/wp-json\/wp\/v2\/types\/product"}],"replies":[{"embeddable":true,"href":"https:\/\/amafurni.vn\/en\/wp-json\/wp\/v2\/comments?post=2463"}],"wp:featuredmedia":[{"embeddable":true,"href":"https:\/\/amafurni.vn\/en\/wp-json\/wp\/v2\/media\/2464"}],"wp:attachment":[{"href":"https:\/\/amafurni.vn\/en\/wp-json\/wp\/v2\/media?parent=2463"}],"wp:term":[{"taxonomy":"product_cat","embeddable":true,"href":"https:\/\/amafurni.vn\/en\/wp-json\/wp\/v2\/product_cat?post=2463"},{"taxonomy":"product_tag","embeddable":true,"href":"https:\/\/amafurni.vn\/en\/wp-json\/wp\/v2\/product_tag?post=2463"}],"curies":[{"name":"wp","href":"https:\/\/api.w.org\/{rel}","templated":true}]}}