{"id":24654,"date":"2026-02-26T14:51:07","date_gmt":"2026-02-26T07:51:07","guid":{"rendered":"https:\/\/amafurni.vn\/?post_type=product&#038;p=24654"},"modified":"2026-02-26T14:51:09","modified_gmt":"2026-02-26T07:51:09","slug":"ban-giam-doc-ama-de-vm17","status":"publish","type":"product","link":"https:\/\/amafurni.vn\/en\/product\/ban-giam-doc-ama-de-vm17\/","title":{"rendered":"B\u00e0n Gi\u00e1m \u0110\u1ed1c AMA-DE-VM17"},"content":{"rendered":"<table class=\"woocommerce-product-attributes shop_attributes\" style=\"width: 92.8761%; height: 224px;\" width=\"929\">\n<tbody>\n<tr class=\"woocommerce-product-attributes-item woocommerce-product-attributes-item--attribute_season\" style=\"height: 24px;\">\n<th class=\"woocommerce-product-attributes-item__label\" style=\"height: 49px;\"><span style=\"font-weight: 400;\">Material<\/span><\/th>\n<td class=\"woocommerce-product-attributes-item__value\" style=\"height: 49px;\"><span dir=\"auto\" style=\"vertical-align: inherit;\">Veneer &amp; Melamine &#8211; PDF<\/span><\/td>\n<\/tr>\n<tr class=\"woocommerce-product-attributes-item woocommerce-product-attributes-item--attribute_pa_color\" style=\"height: 24px;\">\n<th class=\"woocommerce-product-attributes-item__label\" style=\"height: 44px;\"><span style=\"font-weight: 400;\">M\u00e0u S\u1eafc<\/span><\/th>\n<td class=\"woocommerce-product-attributes-item__value\" style=\"height: 44px;\">Thi\u1ebft K\u1ebf Theo Y\u00eau C\u1ea7u<\/td>\n<\/tr>\n<tr class=\"woocommerce-product-attributes-item woocommerce-product-attributes-item--attribute_style\" style=\"height: 24px;\">\n<th class=\"woocommerce-product-attributes-item__label\" style=\"height: 46px;\"><span style=\"font-weight: 400;\">Size<\/span><\/th>\n<td class=\"woocommerce-product-attributes-item__value\" style=\"height: 46px;\"><span dir=\"auto\" style=\"vertical-align: inherit;\">2000*1000*760<\/span><\/p>\n<p>2400*1100*760<\/td>\n<\/tr>\n<tr class=\"woocommerce-product-attributes-item woocommerce-product-attributes-item--attribute_pa_material\" style=\"height: 24px;\">\n<th class=\"woocommerce-product-attributes-item__label\" style=\"height: 43px;\"><span style=\"font-weight: 400;\"><span dir=\"auto\" style=\"vertical-align: inherit;\">Combo<\/span><\/span><\/th>\n<td class=\"woocommerce-product-attributes-item__value\" style=\"height: 43px;\">01 B\u00e0n ch\u00ednh, C\u00f3 b\u00e1n k\u00e8m c\u00f9ng 01 T\u1ee7 Ph\u1ee5 v\u00e0 01 T\u1ee7 Mobile. T\u1ea1o th\u00e0nh b\u1ed9 3 m\u00f3n.<\/td>\n<\/tr>\n<tr class=\"woocommerce-product-attributes-item woocommerce-product-attributes-item--attribute_item-code\" style=\"height: 24px;\">\n<th class=\"woocommerce-product-attributes-item__label\" style=\"height: 42px;\"><span style=\"font-weight: 400;\">B\u1ea3o H\u00e0nh<\/span><\/th>\n<td class=\"woocommerce-product-attributes-item__value\" style=\"height: 42px;\">1 n\u0103m<\/td>\n<\/tr>\n<\/tbody>\n<\/table>","protected":false},"excerpt":{"rendered":"<p><strong>B\u00e0n Gi\u00e1m \u0110\u1ed1c <span dir=\"auto\" style=\"vertical-align: inherit;\">AMA-DE-VM17<\/span> <\/strong>l\u00e0 1 m\u1eabu b\u00e0n nh\u1eadp kh\u1ea9u tr\u1ef1c ti\u1ebfp c\u1ee7a\u00a0<strong>N\u1ed8I TH\u1ea4T AMA FURNITURE<\/strong>\u00a0, v\u1edbi thi\u1ebft k\u1ebf tinh t\u1ebf, t\u1ed1i gian t\u1ea1o n\u00ean v\u1ebb \u0111\u1eb9p sang tr\u1ecdng cho kh\u00f4ng gian V\u0103n ph\u00f2ng.<\/p>\n<ul>\n<li><span dir=\"auto\" style=\"vertical-align: inherit;\">M\u00e3 SP: AMA-DE-VM17<\/span><\/li>\n<li>Ch\u1ea5t li\u1ec7u : <span dir=\"auto\" style=\"vertical-align: inherit;\">Veneer &amp; Melamine<\/span><\/li>\n<li>T\u00ednh n\u0103ng :\n<ul>\n<li>Ch\u1ea5t l\u01b0\u1ee3ng b\u1ec1n ch\u1eafc, s\u1eed d\u1ee5ng l\u00e2u d\u00e0i<\/li>\n<li>D\u1ec5 d\u00e0ng lau ch\u00f9i, v\u1ec7 sinh<\/li>\n<li>Ch\u1ed1ng va \u0111\u1eadp t\u1ed1t<\/li>\n<\/ul>\n<ul>\n<li>M\u1eb7t b\u00e0n thi\u1ebft k\u1ebf tinh t\u1ebf, sang tr\u1ecdng<\/li>\n<\/ul>\n<\/li>\n<\/ul>","protected":false},"featured_media":24656,"comment_status":"closed","ping_status":"closed","template":"","meta":[],"product_cat":[75],"product_tag":[],"yoast_head":"<!-- This site is optimized with the Yoast SEO Premium plugin v21.7 (Yoast SEO v21.7) - https:\/\/yoast.com\/wordpress\/plugins\/seo\/ -->\n<title>B\u00e0n Gi\u00e1m \u0110\u1ed1c AMA-DE-VM17 - AMAFURNI<\/title>\n<meta name=\"description\" content=\"B\u1ed9 b\u00e0n gi\u00e1m \u0111\u1ed1c AMA ch\u1ea5t li\u1ec7u Veneer &amp; Melamine sang trong, b\u1ec1n b\u1ec9. \u0110i k\u00e8m t\u1ee7 ph\u1ee5 v\u00e0 h\u1ed9c k\u00e9o mobile. B\u1ea3o h\u00e0nh 1 n\u0103m, giao h\u00e0ng nhanh. Xem chi ti\u1ebft t\u1ea1i \u0111\u00e2y!\" \/>\n<meta name=\"robots\" content=\"index, follow, max-snippet:-1, max-image-preview:large, max-video-preview:-1\" \/>\n<link rel=\"canonical\" href=\"https:\/\/amafurni.vn\/en\/product\/ban-giam-doc-ama-de-vm17\/\" \/>\n<meta property=\"og:locale\" content=\"en_US\" \/>\n<meta property=\"og:type\" content=\"article\" \/>\n<meta property=\"og:title\" content=\"B\u00e0n Gi\u00e1m \u0110\u1ed1c AMA-DE-VM17\" \/>\n<meta property=\"og:description\" content=\"B\u1ed9 b\u00e0n gi\u00e1m \u0111\u1ed1c AMA ch\u1ea5t li\u1ec7u Veneer &amp; Melamine sang trong, b\u1ec1n b\u1ec9. \u0110i k\u00e8m t\u1ee7 ph\u1ee5 v\u00e0 h\u1ed9c k\u00e9o mobile. B\u1ea3o h\u00e0nh 1 n\u0103m, giao h\u00e0ng nhanh. Xem chi ti\u1ebft t\u1ea1i \u0111\u00e2y!\" \/>\n<meta property=\"og:url\" content=\"https:\/\/amafurni.vn\/en\/product\/ban-giam-doc-ama-de-vm17\/\" \/>\n<meta property=\"og:site_name\" content=\"AMAFURNI\" \/>\n<meta property=\"article:modified_time\" content=\"2026-02-26T07:51:09+00:00\" \/>\n<meta property=\"og:image\" content=\"https:\/\/amafurni.vn\/wp-content\/uploads\/2026\/02\/ban-giam-doc-go-1.jpg\" \/>\n\t<meta property=\"og:image:width\" content=\"800\" \/>\n\t<meta property=\"og:image:height\" content=\"800\" \/>\n\t<meta property=\"og:image:type\" content=\"image\/jpeg\" \/>\n<meta name=\"twitter:card\" content=\"summary_large_image\" \/>\n<meta name=\"twitter:label1\" content=\"Est. reading time\" \/>\n\t<meta name=\"twitter:data1\" content=\"1 minute\" \/>\n<script type=\"application\/ld+json\" class=\"yoast-schema-graph\">{\"@context\":\"https:\/\/schema.org\",\"@graph\":[{\"@type\":\"WebPage\",\"@id\":\"https:\/\/amafurni.vn\/san-pham\/ban-giam-doc-ama-de-vm17\/\",\"url\":\"https:\/\/amafurni.vn\/san-pham\/ban-giam-doc-ama-de-vm17\/\",\"name\":\"B\u00e0n Gi\u00e1m \u0110\u1ed1c AMA-DE-VM17 - AMAFURNI\",\"isPartOf\":{\"@id\":\"https:\/\/amafurni.vn\/#website\"},\"datePublished\":\"2026-02-26T07:51:07+00:00\",\"dateModified\":\"2026-02-26T07:51:09+00:00\",\"description\":\"B\u1ed9 b\u00e0n gi\u00e1m \u0111\u1ed1c AMA ch\u1ea5t li\u1ec7u Veneer & Melamine sang trong, b\u1ec1n b\u1ec9. \u0110i k\u00e8m t\u1ee7 ph\u1ee5 v\u00e0 h\u1ed9c k\u00e9o mobile. B\u1ea3o h\u00e0nh 1 n\u0103m, giao h\u00e0ng nhanh. Xem chi ti\u1ebft t\u1ea1i \u0111\u00e2y!\",\"breadcrumb\":{\"@id\":\"https:\/\/amafurni.vn\/san-pham\/ban-giam-doc-ama-de-vm17\/#breadcrumb\"},\"inLanguage\":\"en-US\",\"potentialAction\":[{\"@type\":\"ReadAction\",\"target\":[\"https:\/\/amafurni.vn\/san-pham\/ban-giam-doc-ama-de-vm17\/\"]}]},{\"@type\":\"BreadcrumbList\",\"@id\":\"https:\/\/amafurni.vn\/san-pham\/ban-giam-doc-ama-de-vm17\/#breadcrumb\",\"itemListElement\":[{\"@type\":\"ListItem\",\"position\":1,\"name\":\"Trang ch\u1ee7\",\"item\":\"https:\/\/amafurni.vn\/\"},{\"@type\":\"ListItem\",\"position\":2,\"name\":\"S\u1ea3n ph\u1ea9m\",\"item\":\"https:\/\/amafurni.vn\/san-pham\/\"},{\"@type\":\"ListItem\",\"position\":3,\"name\":\"B\u00e0n Gi\u00e1m \u0110\u1ed1c AMA-DE-VM17\"}]},{\"@type\":\"WebSite\",\"@id\":\"https:\/\/amafurni.vn\/#website\",\"url\":\"https:\/\/amafurni.vn\/\",\"name\":\"AMAFURNI\",\"description\":\"\",\"potentialAction\":[{\"@type\":\"SearchAction\",\"target\":{\"@type\":\"EntryPoint\",\"urlTemplate\":\"https:\/\/amafurni.vn\/?s={search_term_string}\"},\"query-input\":\"required name=search_term_string\"}],\"inLanguage\":\"en-US\"}]}<\/script>\n<!-- \/ Yoast SEO Premium plugin. -->","yoast_head_json":{"title":"B\u00e0n Gi\u00e1m \u0110\u1ed1c AMA-DE-VM17 - AMAFURNI","description":"B\u1ed9 b\u00e0n gi\u00e1m \u0111\u1ed1c AMA ch\u1ea5t li\u1ec7u Veneer & Melamine sang trong, b\u1ec1n b\u1ec9. \u0110i k\u00e8m t\u1ee7 ph\u1ee5 v\u00e0 h\u1ed9c k\u00e9o mobile. B\u1ea3o h\u00e0nh 1 n\u0103m, giao h\u00e0ng nhanh. Xem chi ti\u1ebft t\u1ea1i \u0111\u00e2y!","robots":{"index":"index","follow":"follow","max-snippet":"max-snippet:-1","max-image-preview":"max-image-preview:large","max-video-preview":"max-video-preview:-1"},"canonical":"https:\/\/amafurni.vn\/en\/product\/ban-giam-doc-ama-de-vm17\/","og_locale":"en_US","og_type":"article","og_title":"B\u00e0n Gi\u00e1m \u0110\u1ed1c AMA-DE-VM17","og_description":"B\u1ed9 b\u00e0n gi\u00e1m \u0111\u1ed1c AMA ch\u1ea5t li\u1ec7u Veneer & Melamine sang trong, b\u1ec1n b\u1ec9. \u0110i k\u00e8m t\u1ee7 ph\u1ee5 v\u00e0 h\u1ed9c k\u00e9o mobile. B\u1ea3o h\u00e0nh 1 n\u0103m, giao h\u00e0ng nhanh. Xem chi ti\u1ebft t\u1ea1i \u0111\u00e2y!","og_url":"https:\/\/amafurni.vn\/en\/product\/ban-giam-doc-ama-de-vm17\/","og_site_name":"AMAFURNI","article_modified_time":"2026-02-26T07:51:09+00:00","og_image":[{"width":800,"height":800,"url":"https:\/\/amafurni.vn\/wp-content\/uploads\/2026\/02\/ban-giam-doc-go-1.jpg","type":"image\/jpeg"}],"twitter_card":"summary_large_image","twitter_misc":{"Est. reading time":"1 minute"},"schema":{"@context":"https:\/\/schema.org","@graph":[{"@type":"WebPage","@id":"https:\/\/amafurni.vn\/san-pham\/ban-giam-doc-ama-de-vm17\/","url":"https:\/\/amafurni.vn\/san-pham\/ban-giam-doc-ama-de-vm17\/","name":"B\u00e0n Gi\u00e1m \u0110\u1ed1c AMA-DE-VM17 - AMAFURNI","isPartOf":{"@id":"https:\/\/amafurni.vn\/#website"},"datePublished":"2026-02-26T07:51:07+00:00","dateModified":"2026-02-26T07:51:09+00:00","description":"B\u1ed9 b\u00e0n gi\u00e1m \u0111\u1ed1c AMA ch\u1ea5t li\u1ec7u Veneer & Melamine sang trong, b\u1ec1n b\u1ec9. \u0110i k\u00e8m t\u1ee7 ph\u1ee5 v\u00e0 h\u1ed9c k\u00e9o mobile. B\u1ea3o h\u00e0nh 1 n\u0103m, giao h\u00e0ng nhanh. Xem chi ti\u1ebft t\u1ea1i \u0111\u00e2y!","breadcrumb":{"@id":"https:\/\/amafurni.vn\/san-pham\/ban-giam-doc-ama-de-vm17\/#breadcrumb"},"inLanguage":"en-US","potentialAction":[{"@type":"ReadAction","target":["https:\/\/amafurni.vn\/san-pham\/ban-giam-doc-ama-de-vm17\/"]}]},{"@type":"BreadcrumbList","@id":"https:\/\/amafurni.vn\/san-pham\/ban-giam-doc-ama-de-vm17\/#breadcrumb","itemListElement":[{"@type":"ListItem","position":1,"name":"Trang ch\u1ee7","item":"https:\/\/amafurni.vn\/"},{"@type":"ListItem","position":2,"name":"S\u1ea3n ph\u1ea9m","item":"https:\/\/amafurni.vn\/san-pham\/"},{"@type":"ListItem","position":3,"name":"B\u00e0n Gi\u00e1m \u0110\u1ed1c AMA-DE-VM17"}]},{"@type":"WebSite","@id":"https:\/\/amafurni.vn\/#website","url":"https:\/\/amafurni.vn\/","name":"AMAFURNI","description":"","potentialAction":[{"@type":"SearchAction","target":{"@type":"EntryPoint","urlTemplate":"https:\/\/amafurni.vn\/?s={search_term_string}"},"query-input":"required name=search_term_string"}],"inLanguage":"en-US"}]}},"_links":{"self":[{"href":"https:\/\/amafurni.vn\/en\/wp-json\/wp\/v2\/product\/24654"}],"collection":[{"href":"https:\/\/amafurni.vn\/en\/wp-json\/wp\/v2\/product"}],"about":[{"href":"https:\/\/amafurni.vn\/en\/wp-json\/wp\/v2\/types\/product"}],"replies":[{"embeddable":true,"href":"https:\/\/amafurni.vn\/en\/wp-json\/wp\/v2\/comments?post=24654"}],"wp:featuredmedia":[{"embeddable":true,"href":"https:\/\/amafurni.vn\/en\/wp-json\/wp\/v2\/media\/24656"}],"wp:attachment":[{"href":"https:\/\/amafurni.vn\/en\/wp-json\/wp\/v2\/media?parent=24654"}],"wp:term":[{"taxonomy":"product_cat","embeddable":true,"href":"https:\/\/amafurni.vn\/en\/wp-json\/wp\/v2\/product_cat?post=24654"},{"taxonomy":"product_tag","embeddable":true,"href":"https:\/\/amafurni.vn\/en\/wp-json\/wp\/v2\/product_tag?post=24654"}],"curies":[{"name":"wp","href":"https:\/\/api.w.org\/{rel}","templated":true}]}}