{"id":24685,"date":"2026-02-27T11:20:21","date_gmt":"2026-02-27T04:20:21","guid":{"rendered":"https:\/\/amafurni.vn\/?post_type=product&#038;p=24685"},"modified":"2026-02-27T11:24:35","modified_gmt":"2026-02-27T04:24:35","slug":"ban-sofa-mo-phong-hinh-dam-may-ama-bt029","status":"publish","type":"product","link":"https:\/\/amafurni.vn\/en\/product\/ban-sofa-mo-phong-hinh-dam-may-ama-bt029\/","title":{"rendered":"B\u00e0n Sofa M\u00f4 Ph\u1ecfng H\u00ecnh \u0110\u00e1m M\u00e2y &#8211; AMA-BT029"},"content":{"rendered":"<h2 data-path-to-node=\"2\">\u2601\ufe0f B\u00e0n Sofa \u0110\u00e1m M\u00e2y AMA-BT029 &#8211; Phong C\u00e1ch Creamy\/Nordic Hi\u1ec7n \u0110\u1ea1i \u2601\ufe0f<\/h2>\n<p data-path-to-node=\"3\"><b data-path-to-node=\"3\" data-index-in-node=\"62\">B\u00e0n Sofa H\u00ecnh \u0110\u00e1m M\u00e2y AMA-BT029<\/b>. V\u1edbi thi\u1ebft k\u1ebf bo cong kh\u00f4ng g\u00f3c c\u1ea1nh, \u0111\u00e2y kh\u00f4ng ch\u1ec9 l\u00e0 m\u1ed9t m\u00f3n \u0111\u1ed3 n\u1ed9i th\u1ea5t m\u00e0 c\u00f2n l\u00e0 m\u1ed9t t\u00e1c ph\u1ea9m ngh\u1ec7 thu\u1eadt gi\u00fap kh\u00f4ng gian s\u1ed1ng tr\u1edf n\u00ean \u1ea5m c\u00fang v\u00e0 sang tr\u1ecdng h\u01a1n.<\/p>\n<h3 data-path-to-node=\"4\">\u2728 \u0110\u1eb6C \u0110I\u1ec2M N\u1ed4I B\u1eacT<\/h3>\n<ul data-path-to-node=\"5\">\n<li>\n<p data-path-to-node=\"5,0,0\"><b data-path-to-node=\"5,0,0\" data-index-in-node=\"0\">Thi\u1ebft k\u1ebf \u0111\u1ed9c b\u1ea3n:<\/b> H\u00ecnh d\u00e1ng m\u00f4 ph\u1ecfng \u0111\u00e1m m\u00e2y b\u1ed3ng b\u1ec1nh, t\u1ea1o \u0111i\u1ec3m nh\u1ea5n ph\u00e1 c\u00e1ch so v\u1edbi c\u00e1c m\u1eabu b\u00e0n tr\u00f2n hay ch\u1eef nh\u1eadt truy\u1ec1n th\u1ed1ng.<\/p>\n<\/li>\n<li>\n<p data-path-to-node=\"5,1,0\"><b data-path-to-node=\"5,1,0\" data-index-in-node=\"0\">An to\u00e0n tuy\u1ec7t \u0111\u1ed1i:<\/b> C\u00e1c c\u1ea1nh b\u00e0n \u0111\u01b0\u1ee3c bo tr\u00f2n m\u1ec1m m\u1ea1i, \u0111\u1eb7c bi\u1ec7t ph\u00f9 h\u1ee3p v\u00e0 an to\u00e0n cho gia \u0111\u00ecnh c\u00f3 tr\u1ebb nh\u1ecf.<\/p>\n<\/li>\n<li>\n<p data-path-to-node=\"5,2,0\"><b data-path-to-node=\"5,2,0\" data-index-in-node=\"0\">Ch\u1ea5t li\u1ec7u cao c\u1ea5p:<\/b> H\u00e0ng nh\u1eadp kh\u1ea9u v\u1edbi l\u1edbp s\u01a1n ho\u00e0n thi\u1ec7n m\u1ecbn m\u00e0ng, ch\u1ed1ng tr\u1ea7y x\u01b0\u1edbc v\u00e0 d\u1ec5 d\u00e0ng v\u1ec7 sinh lau ch\u00f9i.<\/p>\n<\/li>\n<li>\n<p data-path-to-node=\"5,3,0\"><b data-path-to-node=\"5,3,0\" data-index-in-node=\"0\">C\u1ea5u tr\u00fac ki\u00ean c\u1ed1:<\/b> H\u1ec7 th\u1ed1ng ch\u00e2n tr\u1ee5 l\u1edbn gi\u00fap b\u00e0n c\u1ef1c k\u1ef3 v\u1eefng ch\u00e3i, ch\u1ecbu l\u1ef1c t\u1ed1t.<\/p>\n<\/li>\n<li>\n<p data-path-to-node=\"5,4,0\"><b data-path-to-node=\"5,4,0\" data-index-in-node=\"0\">Tone m\u00e0u t\u1ed1i gi\u1ea3n:<\/b> Hai l\u1ef1a ch\u1ecdn Tr\u1eafng (White) v\u00e0 \u0110en (Black) d\u1ec5 d\u00e0ng ph\u1ed1i v\u1edbi m\u1ecdi tone m\u00e0u sofa v\u00e0 th\u1ea3m.<\/p>\n<\/li>\n<\/ul>","protected":false},"excerpt":{"rendered":"<table class=\"woocommerce-product-attributes shop_attributes\" style=\"width: 92.8761%; height: 191px;\" width=\"929\">\n<tbody>\n<tr class=\"woocommerce-product-attributes-item woocommerce-product-attributes-item--attribute_season\" style=\"height: 24px;\">\n<th class=\"woocommerce-product-attributes-item__label\" style=\"height: 49px;\"><span style=\"font-weight: 400;\">Material<\/span><\/th>\n<td class=\"woocommerce-product-attributes-item__value\" style=\"height: 49px;\"><span class=\"a_GcMg font-feature-liga-off font-feature-clig-off font-feature-calt-off text-decoration-none text-strikethrough-none\">MDF s\u01a1n PU<\/span><\/td>\n<\/tr>\n<tr class=\"woocommerce-product-attributes-item woocommerce-product-attributes-item--attribute_pa_color\" style=\"height: 24px;\">\n<th class=\"woocommerce-product-attributes-item__label\" style=\"height: 44px;\"><span style=\"font-weight: 400;\">M\u00e0u S\u1eafc<\/span><\/th>\n<td class=\"woocommerce-product-attributes-item__value\" style=\"height: 44px;\">Tr\u1eafng\/\u0110en<\/td>\n<\/tr>\n<tr class=\"woocommerce-product-attributes-item woocommerce-product-attributes-item--attribute_style\" style=\"height: 24px;\">\n<th class=\"woocommerce-product-attributes-item__label\" style=\"height: 46px;\"><span style=\"font-weight: 400;\">Size<\/span><\/th>\n<td class=\"woocommerce-product-attributes-item__value\" style=\"height: 46px;\"><span class=\"a_GcMg font-feature-liga-off font-feature-clig-off font-feature-calt-off text-decoration-none text-strikethrough-none\">120*80*40cm (d\u00e0i r\u1ed9ng cao)<\/span><\/td>\n<\/tr>\n<tr class=\"woocommerce-product-attributes-item woocommerce-product-attributes-item--attribute_item-code\" style=\"height: 24px;\">\n<th class=\"woocommerce-product-attributes-item__label\" style=\"height: 42px;\"><span style=\"font-weight: 400;\">B\u1ea3o H\u00e0nh<\/span><\/th>\n<td class=\"woocommerce-product-attributes-item__value\" style=\"height: 42px;\">1 n\u0103m<\/td>\n<\/tr>\n<\/tbody>\n<\/table>","protected":false},"featured_media":24687,"comment_status":"closed","ping_status":"closed","template":"","meta":[],"product_cat":[87],"product_tag":[],"yoast_head":"<!-- This site is optimized with the Yoast SEO Premium plugin v21.7 (Yoast SEO v21.7) - https:\/\/yoast.com\/wordpress\/plugins\/seo\/ -->\n<title>B\u00e0n Sofa M\u00f4 Ph\u1ecfng H\u00ecnh \u0110\u00e1m M\u00e2y - AMA-BT029 - AMAFURNI<\/title>\n<meta name=\"description\" content=\"B\u00e0n Sofa H\u00ecnh \u0110\u00e1m M\u00e2y AMA-BT029. V\u1edbi thi\u1ebft k\u1ebf h\u00ecnh d\u00e1ng m\u00f4 ph\u1ecfng \u0111\u00e1m m\u00e2y b\u1ed3ng b\u1ec1nh, t\u1ea1o \u0111i\u1ec3m nh\u1ea5n ph\u00e1 c\u00e1ch so v\u1edbi c\u00e1c m\u1eabu b\u00e0n tr\u00f2n truy\u1ec1n th\u1ed1ng.\" \/>\n<meta name=\"robots\" content=\"index, follow, max-snippet:-1, max-image-preview:large, max-video-preview:-1\" \/>\n<link rel=\"canonical\" href=\"https:\/\/amafurni.vn\/en\/product\/ban-sofa-mo-phong-hinh-dam-may-ama-bt029\/\" \/>\n<meta property=\"og:locale\" content=\"en_US\" \/>\n<meta property=\"og:type\" content=\"article\" \/>\n<meta property=\"og:title\" content=\"B\u00e0n Sofa M\u00f4 Ph\u1ecfng H\u00ecnh \u0110\u00e1m M\u00e2y - AMA-BT029\" \/>\n<meta property=\"og:description\" content=\"B\u00e0n Sofa H\u00ecnh \u0110\u00e1m M\u00e2y AMA-BT029. V\u1edbi thi\u1ebft k\u1ebf h\u00ecnh d\u00e1ng m\u00f4 ph\u1ecfng \u0111\u00e1m m\u00e2y b\u1ed3ng b\u1ec1nh, t\u1ea1o \u0111i\u1ec3m nh\u1ea5n ph\u00e1 c\u00e1ch so v\u1edbi c\u00e1c m\u1eabu b\u00e0n tr\u00f2n truy\u1ec1n th\u1ed1ng.\" \/>\n<meta property=\"og:url\" content=\"https:\/\/amafurni.vn\/en\/product\/ban-sofa-mo-phong-hinh-dam-may-ama-bt029\/\" \/>\n<meta property=\"og:site_name\" content=\"AMAFURNI\" \/>\n<meta property=\"article:modified_time\" content=\"2026-02-27T04:24:35+00:00\" \/>\n<meta property=\"og:image\" content=\"https:\/\/amafurni.vn\/wp-content\/uploads\/2026\/02\/ban-sofa-mo-phong-hinh-dam-may.jpg\" \/>\n\t<meta property=\"og:image:width\" content=\"800\" \/>\n\t<meta property=\"og:image:height\" content=\"800\" \/>\n\t<meta property=\"og:image:type\" content=\"image\/jpeg\" \/>\n<meta name=\"twitter:card\" content=\"summary_large_image\" \/>\n<meta name=\"twitter:label1\" content=\"Est. reading time\" \/>\n\t<meta name=\"twitter:data1\" content=\"2 minutes\" \/>\n<script type=\"application\/ld+json\" class=\"yoast-schema-graph\">{\"@context\":\"https:\/\/schema.org\",\"@graph\":[{\"@type\":\"WebPage\",\"@id\":\"https:\/\/amafurni.vn\/san-pham\/ban-sofa-mo-phong-hinh-dam-may-ama-bt029\/\",\"url\":\"https:\/\/amafurni.vn\/san-pham\/ban-sofa-mo-phong-hinh-dam-may-ama-bt029\/\",\"name\":\"B\u00e0n Sofa M\u00f4 Ph\u1ecfng H\u00ecnh \u0110\u00e1m M\u00e2y - AMA-BT029 - AMAFURNI\",\"isPartOf\":{\"@id\":\"https:\/\/amafurni.vn\/#website\"},\"datePublished\":\"2026-02-27T04:20:21+00:00\",\"dateModified\":\"2026-02-27T04:24:35+00:00\",\"description\":\"B\u00e0n Sofa H\u00ecnh \u0110\u00e1m M\u00e2y AMA-BT029. V\u1edbi thi\u1ebft k\u1ebf h\u00ecnh d\u00e1ng m\u00f4 ph\u1ecfng \u0111\u00e1m m\u00e2y b\u1ed3ng b\u1ec1nh, t\u1ea1o \u0111i\u1ec3m nh\u1ea5n ph\u00e1 c\u00e1ch so v\u1edbi c\u00e1c m\u1eabu b\u00e0n tr\u00f2n truy\u1ec1n th\u1ed1ng.\",\"breadcrumb\":{\"@id\":\"https:\/\/amafurni.vn\/san-pham\/ban-sofa-mo-phong-hinh-dam-may-ama-bt029\/#breadcrumb\"},\"inLanguage\":\"en-US\",\"potentialAction\":[{\"@type\":\"ReadAction\",\"target\":[\"https:\/\/amafurni.vn\/san-pham\/ban-sofa-mo-phong-hinh-dam-may-ama-bt029\/\"]}]},{\"@type\":\"BreadcrumbList\",\"@id\":\"https:\/\/amafurni.vn\/san-pham\/ban-sofa-mo-phong-hinh-dam-may-ama-bt029\/#breadcrumb\",\"itemListElement\":[{\"@type\":\"ListItem\",\"position\":1,\"name\":\"Trang ch\u1ee7\",\"item\":\"https:\/\/amafurni.vn\/\"},{\"@type\":\"ListItem\",\"position\":2,\"name\":\"S\u1ea3n ph\u1ea9m\",\"item\":\"https:\/\/amafurni.vn\/san-pham\/\"},{\"@type\":\"ListItem\",\"position\":3,\"name\":\"B\u00e0n Sofa M\u00f4 Ph\u1ecfng H\u00ecnh \u0110\u00e1m M\u00e2y &#8211; AMA-BT029\"}]},{\"@type\":\"WebSite\",\"@id\":\"https:\/\/amafurni.vn\/#website\",\"url\":\"https:\/\/amafurni.vn\/\",\"name\":\"AMAFURNI\",\"description\":\"\",\"potentialAction\":[{\"@type\":\"SearchAction\",\"target\":{\"@type\":\"EntryPoint\",\"urlTemplate\":\"https:\/\/amafurni.vn\/?s={search_term_string}\"},\"query-input\":\"required name=search_term_string\"}],\"inLanguage\":\"en-US\"}]}<\/script>\n<!-- \/ Yoast SEO Premium plugin. -->","yoast_head_json":{"title":"B\u00e0n Sofa M\u00f4 Ph\u1ecfng H\u00ecnh \u0110\u00e1m M\u00e2y - AMA-BT029 - AMAFURNI","description":"B\u00e0n Sofa H\u00ecnh \u0110\u00e1m M\u00e2y AMA-BT029. V\u1edbi thi\u1ebft k\u1ebf h\u00ecnh d\u00e1ng m\u00f4 ph\u1ecfng \u0111\u00e1m m\u00e2y b\u1ed3ng b\u1ec1nh, t\u1ea1o \u0111i\u1ec3m nh\u1ea5n ph\u00e1 c\u00e1ch so v\u1edbi c\u00e1c m\u1eabu b\u00e0n tr\u00f2n truy\u1ec1n th\u1ed1ng.","robots":{"index":"index","follow":"follow","max-snippet":"max-snippet:-1","max-image-preview":"max-image-preview:large","max-video-preview":"max-video-preview:-1"},"canonical":"https:\/\/amafurni.vn\/en\/product\/ban-sofa-mo-phong-hinh-dam-may-ama-bt029\/","og_locale":"en_US","og_type":"article","og_title":"B\u00e0n Sofa M\u00f4 Ph\u1ecfng H\u00ecnh \u0110\u00e1m M\u00e2y - AMA-BT029","og_description":"B\u00e0n Sofa H\u00ecnh \u0110\u00e1m M\u00e2y AMA-BT029. V\u1edbi thi\u1ebft k\u1ebf h\u00ecnh d\u00e1ng m\u00f4 ph\u1ecfng \u0111\u00e1m m\u00e2y b\u1ed3ng b\u1ec1nh, t\u1ea1o \u0111i\u1ec3m nh\u1ea5n ph\u00e1 c\u00e1ch so v\u1edbi c\u00e1c m\u1eabu b\u00e0n tr\u00f2n truy\u1ec1n th\u1ed1ng.","og_url":"https:\/\/amafurni.vn\/en\/product\/ban-sofa-mo-phong-hinh-dam-may-ama-bt029\/","og_site_name":"AMAFURNI","article_modified_time":"2026-02-27T04:24:35+00:00","og_image":[{"width":800,"height":800,"url":"https:\/\/amafurni.vn\/wp-content\/uploads\/2026\/02\/ban-sofa-mo-phong-hinh-dam-may.jpg","type":"image\/jpeg"}],"twitter_card":"summary_large_image","twitter_misc":{"Est. reading time":"2 minutes"},"schema":{"@context":"https:\/\/schema.org","@graph":[{"@type":"WebPage","@id":"https:\/\/amafurni.vn\/san-pham\/ban-sofa-mo-phong-hinh-dam-may-ama-bt029\/","url":"https:\/\/amafurni.vn\/san-pham\/ban-sofa-mo-phong-hinh-dam-may-ama-bt029\/","name":"B\u00e0n Sofa M\u00f4 Ph\u1ecfng H\u00ecnh \u0110\u00e1m M\u00e2y - AMA-BT029 - AMAFURNI","isPartOf":{"@id":"https:\/\/amafurni.vn\/#website"},"datePublished":"2026-02-27T04:20:21+00:00","dateModified":"2026-02-27T04:24:35+00:00","description":"B\u00e0n Sofa H\u00ecnh \u0110\u00e1m M\u00e2y AMA-BT029. V\u1edbi thi\u1ebft k\u1ebf h\u00ecnh d\u00e1ng m\u00f4 ph\u1ecfng \u0111\u00e1m m\u00e2y b\u1ed3ng b\u1ec1nh, t\u1ea1o \u0111i\u1ec3m nh\u1ea5n ph\u00e1 c\u00e1ch so v\u1edbi c\u00e1c m\u1eabu b\u00e0n tr\u00f2n truy\u1ec1n th\u1ed1ng.","breadcrumb":{"@id":"https:\/\/amafurni.vn\/san-pham\/ban-sofa-mo-phong-hinh-dam-may-ama-bt029\/#breadcrumb"},"inLanguage":"en-US","potentialAction":[{"@type":"ReadAction","target":["https:\/\/amafurni.vn\/san-pham\/ban-sofa-mo-phong-hinh-dam-may-ama-bt029\/"]}]},{"@type":"BreadcrumbList","@id":"https:\/\/amafurni.vn\/san-pham\/ban-sofa-mo-phong-hinh-dam-may-ama-bt029\/#breadcrumb","itemListElement":[{"@type":"ListItem","position":1,"name":"Trang ch\u1ee7","item":"https:\/\/amafurni.vn\/"},{"@type":"ListItem","position":2,"name":"S\u1ea3n ph\u1ea9m","item":"https:\/\/amafurni.vn\/san-pham\/"},{"@type":"ListItem","position":3,"name":"B\u00e0n Sofa M\u00f4 Ph\u1ecfng H\u00ecnh \u0110\u00e1m M\u00e2y &#8211; AMA-BT029"}]},{"@type":"WebSite","@id":"https:\/\/amafurni.vn\/#website","url":"https:\/\/amafurni.vn\/","name":"AMAFURNI","description":"","potentialAction":[{"@type":"SearchAction","target":{"@type":"EntryPoint","urlTemplate":"https:\/\/amafurni.vn\/?s={search_term_string}"},"query-input":"required name=search_term_string"}],"inLanguage":"en-US"}]}},"_links":{"self":[{"href":"https:\/\/amafurni.vn\/en\/wp-json\/wp\/v2\/product\/24685"}],"collection":[{"href":"https:\/\/amafurni.vn\/en\/wp-json\/wp\/v2\/product"}],"about":[{"href":"https:\/\/amafurni.vn\/en\/wp-json\/wp\/v2\/types\/product"}],"replies":[{"embeddable":true,"href":"https:\/\/amafurni.vn\/en\/wp-json\/wp\/v2\/comments?post=24685"}],"wp:featuredmedia":[{"embeddable":true,"href":"https:\/\/amafurni.vn\/en\/wp-json\/wp\/v2\/media\/24687"}],"wp:attachment":[{"href":"https:\/\/amafurni.vn\/en\/wp-json\/wp\/v2\/media?parent=24685"}],"wp:term":[{"taxonomy":"product_cat","embeddable":true,"href":"https:\/\/amafurni.vn\/en\/wp-json\/wp\/v2\/product_cat?post=24685"},{"taxonomy":"product_tag","embeddable":true,"href":"https:\/\/amafurni.vn\/en\/wp-json\/wp\/v2\/product_tag?post=24685"}],"curies":[{"name":"wp","href":"https:\/\/api.w.org\/{rel}","templated":true}]}}