{"id":2477,"date":"2023-12-06T11:21:19","date_gmt":"2023-12-06T04:21:19","guid":{"rendered":"https:\/\/amafurni.123websitedev.com\/san-pham\/ghe-lam-viec-chan-xoay-boc-luoi-ama-st123a\/"},"modified":"2025-11-12T14:10:32","modified_gmt":"2025-11-12T07:10:32","slug":"ghe-lam-viec-chan-xoay-boc-luoi-ama-st123a","status":"publish","type":"product","link":"https:\/\/amafurni.vn\/en\/product\/ghe-lam-viec-chan-xoay-boc-luoi-ama-st123a\/","title":{"rendered":"Gh\u1ebf L\u00e0m Vi\u1ec7c AMA-ST123A"},"content":{"rendered":"<table style=\"width: 1017px;\" border=\"1\">\n<tbody>\n<tr>\n<td style=\"width: 204px;\"><span style=\"color: #ff0000; font-family: 'times new roman', times, serif;\"><strong>Material<\/strong><\/span><\/td>\n<td style=\"width: 110px;\"><span style=\"color: #ff0000; font-family: 'times new roman', times, serif;\"><strong>Size<\/strong><\/span><\/td>\n<td style=\"width: 191px;\"><span style=\"color: #ff0000; font-family: 'times new roman', times, serif;\"><strong>T\u00ednh N\u0103ng<\/strong><\/span><\/td>\n<td style=\"width: 149.578px;\"><span style=\"color: #ff0000; font-family: 'times new roman', times, serif;\"><strong>M\u00e0u S\u1eafc<\/strong><\/span><\/td>\n<td style=\"width: 147.422px;\"><span style=\"color: #ff0000; font-family: 'times new roman', times, serif;\"><strong>Xu\u1ea5t X\u1ee9<\/strong><\/span><\/td>\n<td style=\"width: 165px;\"><span style=\"color: #ff0000; font-family: 'times new roman', times, serif;\"><strong>B\u1ea3o h\u00e0nh<\/strong><\/span><\/td>\n<\/tr>\n<tr>\n<td style=\"width: 204px;\"><span style=\"font-family: 'times new roman', times, serif;\">S\u1ee3i polyester<\/span><\/p>\n<p><span style=\"font-family: 'times new roman', times, serif;\">S\u01b0\u1eddn nh\u1ef1a \u0111\u00fac<\/span><\/p>\n<p><span style=\"font-family: 'times new roman', times, serif;\">N\u1ec7m mousse D40<\/span><\/p>\n<p><span style=\"font-family: 'times new roman', times, serif;\">Ch\u00e2n s\u1eaft m\u1ea1 crome<\/span><\/td>\n<td style=\"width: 110px;\"><span style=\"font-family: 'times new roman', times, serif;\">580*590*(1200-1300)<\/span><\/td>\n<td style=\"width: 191px;\"><span style=\"font-family: 'times new roman', times, serif;\">G\u1eadt g\u00f9 b\u1eadp b\u00eanh<\/span><\/p>\n<p><span style=\"font-family: 'times new roman', times, serif;\">Xoay 360 \u0111\u1ed9<\/span><\/td>\n<td style=\"width: 149.578px;\"><span style=\"font-family: 'times new roman', times, serif;\">TU\u1ef2 CH\u1eccN THEO Y\u00caU C\u1ea6U<\/span><\/td>\n<td style=\"width: 147.422px;\"><span style=\"font-family: 'times new roman', times, serif;\">Nh\u1eadp Ngo\u1ea1i<\/span><\/td>\n<td style=\"width: 165px;\"><span style=\"font-family: 'times new roman', times, serif;\">12 th\u00e1ng k\u1ef9 thu\u1eadt<\/span><\/p>\n<h2><\/h2>\n<\/td>\n<\/tr>\n<\/tbody>\n<\/table>","protected":false},"excerpt":{"rendered":"<p>L\u01b0\u1edbi &amp; V\u1ea3i<br \/>\nS\u01b0\u1eddn nh\u1ef1a PP \u0111\u00fac<br \/>\nCh\u00e2n s\u1eaft m\u1ea1 crome<br \/>\nTay gh\u1ebf Nh\u1ef1a PP \u0111\u00fac<br \/>\nN\u1ec7m mousse D40<\/p>","protected":false},"featured_media":2478,"comment_status":"open","ping_status":"closed","template":"","meta":[],"product_cat":[59,70],"product_tag":[],"yoast_head":"<!-- This site is optimized with the Yoast SEO Premium plugin v21.7 (Yoast SEO v21.7) - https:\/\/yoast.com\/wordpress\/plugins\/seo\/ -->\n<title>Gh\u1ebf L\u00e0m Vi\u1ec7c AMA-ST123A - AMAFURNI<\/title>\n<meta name=\"robots\" content=\"index, follow, max-snippet:-1, max-image-preview:large, max-video-preview:-1\" \/>\n<link rel=\"canonical\" href=\"https:\/\/amafurni.vn\/en\/product\/ghe-lam-viec-chan-xoay-boc-luoi-ama-st123a\/\" \/>\n<meta property=\"og:locale\" content=\"en_US\" \/>\n<meta property=\"og:type\" content=\"article\" \/>\n<meta property=\"og:title\" content=\"Gh\u1ebf L\u00e0m Vi\u1ec7c AMA-ST123A\" \/>\n<meta property=\"og:description\" content=\"L\u01b0\u1edbi &amp; V\u1ea3i S\u01b0\u1eddn nh\u1ef1a PP \u0111\u00fac Ch\u00e2n s\u1eaft m\u1ea1 crome Tay gh\u1ebf Nh\u1ef1a PP \u0111\u00fac N\u1ec7m mousse D40\" \/>\n<meta property=\"og:url\" content=\"https:\/\/amafurni.vn\/en\/product\/ghe-lam-viec-chan-xoay-boc-luoi-ama-st123a\/\" \/>\n<meta property=\"og:site_name\" content=\"AMAFURNI\" \/>\n<meta property=\"article:modified_time\" content=\"2025-11-12T07:10:32+00:00\" \/>\n<meta property=\"og:image\" content=\"https:\/\/amafurni.vn\/wp-content\/uploads\/2023\/12\/ghe-lam-viec-chan-xoay-boc-luoi-ama-st123a_656ff6bf52ad4.jpeg\" \/>\n\t<meta property=\"og:image:width\" content=\"800\" \/>\n\t<meta property=\"og:image:height\" content=\"800\" \/>\n\t<meta property=\"og:image:type\" content=\"image\/jpeg\" \/>\n<meta name=\"twitter:card\" content=\"summary_large_image\" \/>\n<meta name=\"twitter:label1\" content=\"Est. reading time\" \/>\n\t<meta name=\"twitter:data1\" content=\"1 minute\" \/>\n<script type=\"application\/ld+json\" class=\"yoast-schema-graph\">{\"@context\":\"https:\/\/schema.org\",\"@graph\":[{\"@type\":\"WebPage\",\"@id\":\"https:\/\/amafurni.vn\/san-pham\/ghe-lam-viec-chan-xoay-boc-luoi-ama-st123a\/\",\"url\":\"https:\/\/amafurni.vn\/san-pham\/ghe-lam-viec-chan-xoay-boc-luoi-ama-st123a\/\",\"name\":\"Gh\u1ebf L\u00e0m Vi\u1ec7c AMA-ST123A - AMAFURNI\",\"isPartOf\":{\"@id\":\"https:\/\/amafurni.vn\/#website\"},\"datePublished\":\"2023-12-06T04:21:19+00:00\",\"dateModified\":\"2025-11-12T07:10:32+00:00\",\"breadcrumb\":{\"@id\":\"https:\/\/amafurni.vn\/san-pham\/ghe-lam-viec-chan-xoay-boc-luoi-ama-st123a\/#breadcrumb\"},\"inLanguage\":\"en-US\",\"potentialAction\":[{\"@type\":\"ReadAction\",\"target\":[\"https:\/\/amafurni.vn\/san-pham\/ghe-lam-viec-chan-xoay-boc-luoi-ama-st123a\/\"]}]},{\"@type\":\"BreadcrumbList\",\"@id\":\"https:\/\/amafurni.vn\/san-pham\/ghe-lam-viec-chan-xoay-boc-luoi-ama-st123a\/#breadcrumb\",\"itemListElement\":[{\"@type\":\"ListItem\",\"position\":1,\"name\":\"Trang ch\u1ee7\",\"item\":\"https:\/\/amafurni.vn\/\"},{\"@type\":\"ListItem\",\"position\":2,\"name\":\"S\u1ea3n ph\u1ea9m\",\"item\":\"https:\/\/amafurni.vn\/san-pham\/\"},{\"@type\":\"ListItem\",\"position\":3,\"name\":\"Gh\u1ebf L\u00e0m Vi\u1ec7c AMA-ST123A\"}]},{\"@type\":\"WebSite\",\"@id\":\"https:\/\/amafurni.vn\/#website\",\"url\":\"https:\/\/amafurni.vn\/\",\"name\":\"AMAFURNI\",\"description\":\"\",\"potentialAction\":[{\"@type\":\"SearchAction\",\"target\":{\"@type\":\"EntryPoint\",\"urlTemplate\":\"https:\/\/amafurni.vn\/?s={search_term_string}\"},\"query-input\":\"required name=search_term_string\"}],\"inLanguage\":\"en-US\"}]}<\/script>\n<!-- \/ Yoast SEO Premium plugin. -->","yoast_head_json":{"title":"Gh\u1ebf L\u00e0m Vi\u1ec7c AMA-ST123A - AMAFURNI","robots":{"index":"index","follow":"follow","max-snippet":"max-snippet:-1","max-image-preview":"max-image-preview:large","max-video-preview":"max-video-preview:-1"},"canonical":"https:\/\/amafurni.vn\/en\/product\/ghe-lam-viec-chan-xoay-boc-luoi-ama-st123a\/","og_locale":"en_US","og_type":"article","og_title":"Gh\u1ebf L\u00e0m Vi\u1ec7c AMA-ST123A","og_description":"L\u01b0\u1edbi &amp; V\u1ea3i S\u01b0\u1eddn nh\u1ef1a PP \u0111\u00fac Ch\u00e2n s\u1eaft m\u1ea1 crome Tay gh\u1ebf Nh\u1ef1a PP \u0111\u00fac N\u1ec7m mousse D40","og_url":"https:\/\/amafurni.vn\/en\/product\/ghe-lam-viec-chan-xoay-boc-luoi-ama-st123a\/","og_site_name":"AMAFURNI","article_modified_time":"2025-11-12T07:10:32+00:00","og_image":[{"width":800,"height":800,"url":"https:\/\/amafurni.vn\/wp-content\/uploads\/2023\/12\/ghe-lam-viec-chan-xoay-boc-luoi-ama-st123a_656ff6bf52ad4.jpeg","type":"image\/jpeg"}],"twitter_card":"summary_large_image","twitter_misc":{"Est. reading time":"1 minute"},"schema":{"@context":"https:\/\/schema.org","@graph":[{"@type":"WebPage","@id":"https:\/\/amafurni.vn\/san-pham\/ghe-lam-viec-chan-xoay-boc-luoi-ama-st123a\/","url":"https:\/\/amafurni.vn\/san-pham\/ghe-lam-viec-chan-xoay-boc-luoi-ama-st123a\/","name":"Gh\u1ebf L\u00e0m Vi\u1ec7c AMA-ST123A - AMAFURNI","isPartOf":{"@id":"https:\/\/amafurni.vn\/#website"},"datePublished":"2023-12-06T04:21:19+00:00","dateModified":"2025-11-12T07:10:32+00:00","breadcrumb":{"@id":"https:\/\/amafurni.vn\/san-pham\/ghe-lam-viec-chan-xoay-boc-luoi-ama-st123a\/#breadcrumb"},"inLanguage":"en-US","potentialAction":[{"@type":"ReadAction","target":["https:\/\/amafurni.vn\/san-pham\/ghe-lam-viec-chan-xoay-boc-luoi-ama-st123a\/"]}]},{"@type":"BreadcrumbList","@id":"https:\/\/amafurni.vn\/san-pham\/ghe-lam-viec-chan-xoay-boc-luoi-ama-st123a\/#breadcrumb","itemListElement":[{"@type":"ListItem","position":1,"name":"Trang ch\u1ee7","item":"https:\/\/amafurni.vn\/"},{"@type":"ListItem","position":2,"name":"S\u1ea3n ph\u1ea9m","item":"https:\/\/amafurni.vn\/san-pham\/"},{"@type":"ListItem","position":3,"name":"Gh\u1ebf L\u00e0m Vi\u1ec7c AMA-ST123A"}]},{"@type":"WebSite","@id":"https:\/\/amafurni.vn\/#website","url":"https:\/\/amafurni.vn\/","name":"AMAFURNI","description":"","potentialAction":[{"@type":"SearchAction","target":{"@type":"EntryPoint","urlTemplate":"https:\/\/amafurni.vn\/?s={search_term_string}"},"query-input":"required name=search_term_string"}],"inLanguage":"en-US"}]}},"_links":{"self":[{"href":"https:\/\/amafurni.vn\/en\/wp-json\/wp\/v2\/product\/2477"}],"collection":[{"href":"https:\/\/amafurni.vn\/en\/wp-json\/wp\/v2\/product"}],"about":[{"href":"https:\/\/amafurni.vn\/en\/wp-json\/wp\/v2\/types\/product"}],"replies":[{"embeddable":true,"href":"https:\/\/amafurni.vn\/en\/wp-json\/wp\/v2\/comments?post=2477"}],"wp:featuredmedia":[{"embeddable":true,"href":"https:\/\/amafurni.vn\/en\/wp-json\/wp\/v2\/media\/2478"}],"wp:attachment":[{"href":"https:\/\/amafurni.vn\/en\/wp-json\/wp\/v2\/media?parent=2477"}],"wp:term":[{"taxonomy":"product_cat","embeddable":true,"href":"https:\/\/amafurni.vn\/en\/wp-json\/wp\/v2\/product_cat?post=2477"},{"taxonomy":"product_tag","embeddable":true,"href":"https:\/\/amafurni.vn\/en\/wp-json\/wp\/v2\/product_tag?post=2477"}],"curies":[{"name":"wp","href":"https:\/\/api.w.org\/{rel}","templated":true}]}}