{"id":24944,"date":"2026-03-27T13:35:11","date_gmt":"2026-03-27T06:35:11","guid":{"rendered":"https:\/\/amafurni.vn\/?post_type=product&#038;p=24944"},"modified":"2026-03-27T13:46:04","modified_gmt":"2026-03-27T06:46:04","slug":"ban-coffee-ama-b45","status":"publish","type":"product","link":"https:\/\/amafurni.vn\/en\/product\/ban-coffee-ama-b45\/","title":{"rendered":"B\u00e0n coffee AMA-B45"},"content":{"rendered":"<table class=\"woocommerce-product-attributes shop_attributes\" style=\"width: 103.780263%; height: 272px;\" width=\"929\">\n<tbody>\n<tr class=\"woocommerce-product-attributes-item woocommerce-product-attributes-item--attribute_season\">\n<th class=\"woocommerce-product-attributes-item__label\" style=\"width: 18.604651%;\">Material<\/th>\n<td class=\"woocommerce-product-attributes-item__value\" style=\"width: 80.509413%;\">M\u1eb7t B\u00e0n : \u0110\u00e1 Phi\u1ebfn , Ch\u00e2n th\u00e9p s\u01a1n t\u0129nh \u0111i\u1ec7n<\/td>\n<\/tr>\n<tr class=\"woocommerce-product-attributes-item woocommerce-product-attributes-item--attribute_pa_color\">\n<th class=\"woocommerce-product-attributes-item__label\" style=\"width: 18.604651%;\">M\u00e0u S\u1eafc<\/th>\n<td class=\"woocommerce-product-attributes-item__value\" style=\"width: 80.509413%;\">\u0110\u00e1 TR\u1eaeNG \/ \u0110\u00e1 \u0110EN<\/p>\n<p>Ch\u00e2n b\u00e0n : TR\u1eaeNG \/ \u0110EN<\/td>\n<\/tr>\n<tr class=\"woocommerce-product-attributes-item woocommerce-product-attributes-item--attribute_style\">\n<th class=\"woocommerce-product-attributes-item__label\" style=\"width: 18.604651%;\">Size<\/th>\n<td class=\"woocommerce-product-attributes-item__value\" style=\"width: 80.509413%;\">\u00d850*53 <span style=\"font-family: inherit; font-size: inherit;\">cm<\/span><\/td>\n<\/tr>\n<tr class=\"woocommerce-product-attributes-item woocommerce-product-attributes-item--attribute_pa_material\">\n<th class=\"woocommerce-product-attributes-item__label\" style=\"width: 18.604651%;\">T\u00ednh N\u0103ng<\/th>\n<td class=\"woocommerce-product-attributes-item__value\" style=\"width: 80.509413%;\">\u00a001 ch\u00e2n b\u00e0n + 01 m\u1eb7t b\u00e0n<\/td>\n<\/tr>\n<tr class=\"woocommerce-product-attributes-item woocommerce-product-attributes-item--attribute_item-code\">\n<th class=\"woocommerce-product-attributes-item__label\" style=\"width: 18.604651%;\">B\u1ea3o H\u00e0nh<\/th>\n<td class=\"woocommerce-product-attributes-item__value\" style=\"width: 80.509413%;\">1 n\u0103m<\/td>\n<\/tr>\n<\/tbody>\n<\/table>","protected":false},"excerpt":{"rendered":"<p>Ch\u1ea5t Li\u1ec7u M\u1eb7t B\u00e0n : \u0110\u00e1 Phi\u1ebfn , Ch\u00e2n th\u00e9p s\u01a1n t\u0129nh \u0111i\u1ec7n M\u00e0u S\u1eafc \u0110\u00e1 TR\u1eaeNG \/ \u0110\u00e1 \u0110EN Ch\u00e2n b\u00e0n : TR\u1eaeNG \/ \u0110EN K\u00edch Th\u01b0\u1edbc \u00d850*53 cm T\u00ednh N\u0103ng \u00a001 ch\u00e2n b\u00e0n + 01 m\u1eb7t b\u00e0n B\u1ea3o H\u00e0nh 1 n\u0103m<\/p>","protected":false},"featured_media":24951,"comment_status":"closed","ping_status":"closed","template":"","meta":[],"product_cat":[100,589],"product_tag":[748],"yoast_head":"<!-- This site is optimized with the Yoast SEO Premium plugin v21.7 (Yoast SEO v21.7) - https:\/\/yoast.com\/wordpress\/plugins\/seo\/ -->\n<title>B\u00e0n coffee AMA-B45 - AMAFURNI<\/title>\n<meta name=\"description\" content=\"Hotline : 0286 2757601 - 0969919449 - 0906963408 . AMA Furniture l\u00e0 Nh\u00e0 Ph\u00e2n Ph\u1ed1i c\u00e1c s\u1ea3n ph\u1ea9m h\u00e0ng \u0111\u1ea7u t\u1ea1i Vi\u1ec7t Nam v\u1ec1 : N\u1ed9i th\u1ea5t b\u00e0n gh\u1ebf v\u0103n ph\u00f2ng, n\u1ed9i th\u1ea5t gia \u0111\u00ecnh, S\u1ea3n xu\u1ea5t thi c\u00f4ng n\u1ed9i th\u1ea5t theo y\u00eau c\u1ea7u , Nh\u00e0 ph\u00e2n ph\u1ed1i M\u00e1y l\u1ecdc n\u01b0\u1edbc Unilever PUREIT, M\u00e1y l\u1ecdc n\u01b0\u1edbc TRULIVA, WELLS, MUTOSI, HO\u00c0 PH\u00c1T, \u0110\u1ed3 \u0111i\u1ec7n gia d\u1ee5ng TEFAL, PHILIPS,\u2026\" \/>\n<meta name=\"robots\" content=\"index, follow, max-snippet:-1, max-image-preview:large, max-video-preview:-1\" \/>\n<link rel=\"canonical\" href=\"https:\/\/amafurni.vn\/en\/product\/ban-coffee-ama-b45\/\" \/>\n<meta property=\"og:locale\" content=\"en_US\" \/>\n<meta property=\"og:type\" content=\"article\" \/>\n<meta property=\"og:title\" content=\"B\u00e0n coffee AMA-B45\" \/>\n<meta property=\"og:description\" content=\"Hotline : 0286 2757601 - 0969919449 - 0906963408 . AMA Furniture l\u00e0 Nh\u00e0 Ph\u00e2n Ph\u1ed1i c\u00e1c s\u1ea3n ph\u1ea9m h\u00e0ng \u0111\u1ea7u t\u1ea1i Vi\u1ec7t Nam v\u1ec1 : N\u1ed9i th\u1ea5t b\u00e0n gh\u1ebf v\u0103n ph\u00f2ng, n\u1ed9i th\u1ea5t gia \u0111\u00ecnh, S\u1ea3n xu\u1ea5t thi c\u00f4ng n\u1ed9i th\u1ea5t theo y\u00eau c\u1ea7u , Nh\u00e0 ph\u00e2n ph\u1ed1i M\u00e1y l\u1ecdc n\u01b0\u1edbc Unilever PUREIT, M\u00e1y l\u1ecdc n\u01b0\u1edbc TRULIVA, WELLS, MUTOSI, HO\u00c0 PH\u00c1T, \u0110\u1ed3 \u0111i\u1ec7n gia d\u1ee5ng TEFAL, PHILIPS,\u2026\" \/>\n<meta property=\"og:url\" content=\"https:\/\/amafurni.vn\/en\/product\/ban-coffee-ama-b45\/\" \/>\n<meta property=\"og:site_name\" content=\"AMAFURNI\" \/>\n<meta property=\"article:modified_time\" content=\"2026-03-27T06:46:04+00:00\" \/>\n<meta property=\"og:image\" content=\"https:\/\/amafurni.vn\/wp-content\/uploads\/2026\/03\/B45.0-1024x1024.png\" \/>\n\t<meta property=\"og:image:width\" content=\"1024\" \/>\n\t<meta property=\"og:image:height\" content=\"1024\" \/>\n\t<meta property=\"og:image:type\" content=\"image\/png\" \/>\n<meta name=\"twitter:card\" content=\"summary_large_image\" \/>\n<meta name=\"twitter:label1\" content=\"Est. reading time\" \/>\n\t<meta name=\"twitter:data1\" content=\"1 minute\" \/>\n<script type=\"application\/ld+json\" class=\"yoast-schema-graph\">{\"@context\":\"https:\/\/schema.org\",\"@graph\":[{\"@type\":\"WebPage\",\"@id\":\"https:\/\/amafurni.vn\/san-pham\/ban-coffee-ama-b45\/\",\"url\":\"https:\/\/amafurni.vn\/san-pham\/ban-coffee-ama-b45\/\",\"name\":\"B\u00e0n coffee AMA-B45 - AMAFURNI\",\"isPartOf\":{\"@id\":\"https:\/\/amafurni.vn\/#website\"},\"datePublished\":\"2026-03-27T06:35:11+00:00\",\"dateModified\":\"2026-03-27T06:46:04+00:00\",\"description\":\"Hotline : 0286 2757601 - 0969919449 - 0906963408 . AMA Furniture l\u00e0 Nh\u00e0 Ph\u00e2n Ph\u1ed1i c\u00e1c s\u1ea3n ph\u1ea9m h\u00e0ng \u0111\u1ea7u t\u1ea1i Vi\u1ec7t Nam v\u1ec1 : N\u1ed9i th\u1ea5t b\u00e0n gh\u1ebf v\u0103n ph\u00f2ng, n\u1ed9i th\u1ea5t gia \u0111\u00ecnh, S\u1ea3n xu\u1ea5t thi c\u00f4ng n\u1ed9i th\u1ea5t theo y\u00eau c\u1ea7u , Nh\u00e0 ph\u00e2n ph\u1ed1i M\u00e1y l\u1ecdc n\u01b0\u1edbc Unilever PUREIT, M\u00e1y l\u1ecdc n\u01b0\u1edbc TRULIVA, WELLS, MUTOSI, HO\u00c0 PH\u00c1T, \u0110\u1ed3 \u0111i\u1ec7n gia d\u1ee5ng TEFAL, PHILIPS,\u2026\",\"breadcrumb\":{\"@id\":\"https:\/\/amafurni.vn\/san-pham\/ban-coffee-ama-b45\/#breadcrumb\"},\"inLanguage\":\"en-US\",\"potentialAction\":[{\"@type\":\"ReadAction\",\"target\":[\"https:\/\/amafurni.vn\/san-pham\/ban-coffee-ama-b45\/\"]}]},{\"@type\":\"BreadcrumbList\",\"@id\":\"https:\/\/amafurni.vn\/san-pham\/ban-coffee-ama-b45\/#breadcrumb\",\"itemListElement\":[{\"@type\":\"ListItem\",\"position\":1,\"name\":\"Trang ch\u1ee7\",\"item\":\"https:\/\/amafurni.vn\/\"},{\"@type\":\"ListItem\",\"position\":2,\"name\":\"S\u1ea3n ph\u1ea9m\",\"item\":\"https:\/\/amafurni.vn\/san-pham\/\"},{\"@type\":\"ListItem\",\"position\":3,\"name\":\"B\u00e0n coffee AMA-B45\"}]},{\"@type\":\"WebSite\",\"@id\":\"https:\/\/amafurni.vn\/#website\",\"url\":\"https:\/\/amafurni.vn\/\",\"name\":\"AMAFURNI\",\"description\":\"\",\"potentialAction\":[{\"@type\":\"SearchAction\",\"target\":{\"@type\":\"EntryPoint\",\"urlTemplate\":\"https:\/\/amafurni.vn\/?s={search_term_string}\"},\"query-input\":\"required name=search_term_string\"}],\"inLanguage\":\"en-US\"}]}<\/script>\n<!-- \/ Yoast SEO Premium plugin. -->","yoast_head_json":{"title":"B\u00e0n coffee AMA-B45 - AMAFURNI","description":"Hotline : 0286 2757601 - 0969919449 - 0906963408 . AMA Furniture l\u00e0 Nh\u00e0 Ph\u00e2n Ph\u1ed1i c\u00e1c s\u1ea3n ph\u1ea9m h\u00e0ng \u0111\u1ea7u t\u1ea1i Vi\u1ec7t Nam v\u1ec1 : N\u1ed9i th\u1ea5t b\u00e0n gh\u1ebf v\u0103n ph\u00f2ng, n\u1ed9i th\u1ea5t gia \u0111\u00ecnh, S\u1ea3n xu\u1ea5t thi c\u00f4ng n\u1ed9i th\u1ea5t theo y\u00eau c\u1ea7u , Nh\u00e0 ph\u00e2n ph\u1ed1i M\u00e1y l\u1ecdc n\u01b0\u1edbc Unilever PUREIT, M\u00e1y l\u1ecdc n\u01b0\u1edbc TRULIVA, WELLS, MUTOSI, HO\u00c0 PH\u00c1T, \u0110\u1ed3 \u0111i\u1ec7n gia d\u1ee5ng TEFAL, PHILIPS,\u2026","robots":{"index":"index","follow":"follow","max-snippet":"max-snippet:-1","max-image-preview":"max-image-preview:large","max-video-preview":"max-video-preview:-1"},"canonical":"https:\/\/amafurni.vn\/en\/product\/ban-coffee-ama-b45\/","og_locale":"en_US","og_type":"article","og_title":"B\u00e0n coffee AMA-B45","og_description":"Hotline : 0286 2757601 - 0969919449 - 0906963408 . AMA Furniture l\u00e0 Nh\u00e0 Ph\u00e2n Ph\u1ed1i c\u00e1c s\u1ea3n ph\u1ea9m h\u00e0ng \u0111\u1ea7u t\u1ea1i Vi\u1ec7t Nam v\u1ec1 : N\u1ed9i th\u1ea5t b\u00e0n gh\u1ebf v\u0103n ph\u00f2ng, n\u1ed9i th\u1ea5t gia \u0111\u00ecnh, S\u1ea3n xu\u1ea5t thi c\u00f4ng n\u1ed9i th\u1ea5t theo y\u00eau c\u1ea7u , Nh\u00e0 ph\u00e2n ph\u1ed1i M\u00e1y l\u1ecdc n\u01b0\u1edbc Unilever PUREIT, M\u00e1y l\u1ecdc n\u01b0\u1edbc TRULIVA, WELLS, MUTOSI, HO\u00c0 PH\u00c1T, \u0110\u1ed3 \u0111i\u1ec7n gia d\u1ee5ng TEFAL, PHILIPS,\u2026","og_url":"https:\/\/amafurni.vn\/en\/product\/ban-coffee-ama-b45\/","og_site_name":"AMAFURNI","article_modified_time":"2026-03-27T06:46:04+00:00","og_image":[{"width":1024,"height":1024,"url":"https:\/\/amafurni.vn\/wp-content\/uploads\/2026\/03\/B45.0-1024x1024.png","type":"image\/png"}],"twitter_card":"summary_large_image","twitter_misc":{"Est. reading time":"1 minute"},"schema":{"@context":"https:\/\/schema.org","@graph":[{"@type":"WebPage","@id":"https:\/\/amafurni.vn\/san-pham\/ban-coffee-ama-b45\/","url":"https:\/\/amafurni.vn\/san-pham\/ban-coffee-ama-b45\/","name":"B\u00e0n coffee AMA-B45 - AMAFURNI","isPartOf":{"@id":"https:\/\/amafurni.vn\/#website"},"datePublished":"2026-03-27T06:35:11+00:00","dateModified":"2026-03-27T06:46:04+00:00","description":"Hotline : 0286 2757601 - 0969919449 - 0906963408 . AMA Furniture l\u00e0 Nh\u00e0 Ph\u00e2n Ph\u1ed1i c\u00e1c s\u1ea3n ph\u1ea9m h\u00e0ng \u0111\u1ea7u t\u1ea1i Vi\u1ec7t Nam v\u1ec1 : N\u1ed9i th\u1ea5t b\u00e0n gh\u1ebf v\u0103n ph\u00f2ng, n\u1ed9i th\u1ea5t gia \u0111\u00ecnh, S\u1ea3n xu\u1ea5t thi c\u00f4ng n\u1ed9i th\u1ea5t theo y\u00eau c\u1ea7u , Nh\u00e0 ph\u00e2n ph\u1ed1i M\u00e1y l\u1ecdc n\u01b0\u1edbc Unilever PUREIT, M\u00e1y l\u1ecdc n\u01b0\u1edbc TRULIVA, WELLS, MUTOSI, HO\u00c0 PH\u00c1T, \u0110\u1ed3 \u0111i\u1ec7n gia d\u1ee5ng TEFAL, PHILIPS,\u2026","breadcrumb":{"@id":"https:\/\/amafurni.vn\/san-pham\/ban-coffee-ama-b45\/#breadcrumb"},"inLanguage":"en-US","potentialAction":[{"@type":"ReadAction","target":["https:\/\/amafurni.vn\/san-pham\/ban-coffee-ama-b45\/"]}]},{"@type":"BreadcrumbList","@id":"https:\/\/amafurni.vn\/san-pham\/ban-coffee-ama-b45\/#breadcrumb","itemListElement":[{"@type":"ListItem","position":1,"name":"Trang ch\u1ee7","item":"https:\/\/amafurni.vn\/"},{"@type":"ListItem","position":2,"name":"S\u1ea3n ph\u1ea9m","item":"https:\/\/amafurni.vn\/san-pham\/"},{"@type":"ListItem","position":3,"name":"B\u00e0n coffee AMA-B45"}]},{"@type":"WebSite","@id":"https:\/\/amafurni.vn\/#website","url":"https:\/\/amafurni.vn\/","name":"AMAFURNI","description":"","potentialAction":[{"@type":"SearchAction","target":{"@type":"EntryPoint","urlTemplate":"https:\/\/amafurni.vn\/?s={search_term_string}"},"query-input":"required name=search_term_string"}],"inLanguage":"en-US"}]}},"_links":{"self":[{"href":"https:\/\/amafurni.vn\/en\/wp-json\/wp\/v2\/product\/24944"}],"collection":[{"href":"https:\/\/amafurni.vn\/en\/wp-json\/wp\/v2\/product"}],"about":[{"href":"https:\/\/amafurni.vn\/en\/wp-json\/wp\/v2\/types\/product"}],"replies":[{"embeddable":true,"href":"https:\/\/amafurni.vn\/en\/wp-json\/wp\/v2\/comments?post=24944"}],"wp:featuredmedia":[{"embeddable":true,"href":"https:\/\/amafurni.vn\/en\/wp-json\/wp\/v2\/media\/24951"}],"wp:attachment":[{"href":"https:\/\/amafurni.vn\/en\/wp-json\/wp\/v2\/media?parent=24944"}],"wp:term":[{"taxonomy":"product_cat","embeddable":true,"href":"https:\/\/amafurni.vn\/en\/wp-json\/wp\/v2\/product_cat?post=24944"},{"taxonomy":"product_tag","embeddable":true,"href":"https:\/\/amafurni.vn\/en\/wp-json\/wp\/v2\/product_tag?post=24944"}],"curies":[{"name":"wp","href":"https:\/\/api.w.org\/{rel}","templated":true}]}}