{"id":2503,"date":"2023-12-06T11:22:50","date_gmt":"2023-12-06T04:22:50","guid":{"rendered":"https:\/\/amafurni.123websitedev.com\/san-pham\/ghe-lam-viec-chan-xoay-lung-thap-boc-luoi-ama-st125b-m1-nhieu-mau\/"},"modified":"2025-11-12T14:10:33","modified_gmt":"2025-11-12T07:10:33","slug":"ghe-lam-viec-chan-xoay-lung-thap-boc-luoi-ama-st125b-m1-nhieu-mau","status":"publish","type":"product","link":"https:\/\/amafurni.vn\/en\/product\/ghe-lam-viec-chan-xoay-lung-thap-boc-luoi-ama-st125b-m1-nhieu-mau\/","title":{"rendered":"Gh\u1ebf l\u00e0m vi\u1ec7c ch\u00e2n xoay l\u01b0ng th\u1ea5p b\u1ecdc l\u01b0\u1edbi AMA-ST125B-M1 (Nhi\u1ec1u m\u00e0u)"},"content":{"rendered":"<table border=\"1\" height=\"231\">\n<tbody><\/tbody>\n<tbody>\n<tr>\n<td><span><strong>Material<\/strong><\/span><\/td>\n<td><span><strong>T\u00ednh N\u0103ng<\/strong><\/span><\/td>\n<td><span><strong>M\u00e0u S\u1eafc<\/strong><\/span><\/td>\n<td><span><strong>Xu\u1ea5t X\u1ee9<\/strong><\/span><\/td>\n<td><span><strong>B\u1ea3o h\u00e0nh<\/strong><\/span><\/td>\n<\/tr>\n<tr>\n<td>\n<p><span>-T\u1ef1a l\u01b0ng gh\u1ebf : T\u1ef1a l\u01b0ng gh\u1ebf khung b\u1eb1ng nh\u1ef1a, b\u1ecdc l\u01b0\u1edbi, l\u01b0ng gh\u1ebf c\u1ed1 \u0111\u1ecbnh<\/span><\/p>\n<p><span>-N\u1ec7m : D\u00e0y 60mm \u0111\u1ed9 \u0111\u00e0n h\u1ed3i cao, b\u1ecdc v\u1ea3i\/vynil<\/span><\/p>\n<ul>\n<li>Ch\u00e2n gh\u1ebf nh\u1ef1a c\u00f3 b\u00e1nh xe. (c\u00f3 th\u1ec3 s\u1eed d\u1ee5ng ch\u00e2n kim lo\u1ea1i crom)<\/li>\n<\/ul>\n<\/td>\n<td>\n<p><span>Gh\u1ebf xoay\u00a0AMA-ST125B-M1 \u00a0l\u00e0 s\u1ea3n ph\u1ea9m gh\u1ebf nh\u00e2n vi\u00ean v\u1edbi \u0111\u1ec7m v\u00e0 t\u1ef1a l\u01b0ng b\u1ecdc l\u01b0\u1edbi, s\u1eed d\u1ee5ng cho v\u0103n ph\u00f2ng, gh\u1ebf cho ph\u00e9p ng\u1ea3 v\u00e0 \u0111i\u1ec1u ch\u1ec9nh chi\u1ec1u cao.<\/span><\/p>\n<p>T\u0103ng gi\u1ea3m chi\u1ec1u cao<\/p>\n<p><span>\u00a0Xoay 360 \u0111\u1ed9<\/span><\/p>\n<p><span>G\u1eadt g\u00f9 b\u1eadp b\u00eanh<\/span><\/p>\n<p><span><\/span><\/p>\n<\/td>\n<td>NH\u01af H\u00ccNH<\/td>\n<td>Nh\u1eadp Ngo\u1ea1i<\/td>\n<td>\n<p>. 12 th\u00e1ng k\u1ef9 thu\u1eadt<\/p>\n<\/td>\n<\/tr>\n<\/tbody>\n<\/table>","protected":false},"excerpt":{"rendered":"<p>Gh\u1ebf xoay\u00a0AMA-ST125B-M1 \u00a0l\u00e0 s\u1ea3n ph\u1ea9m gh\u1ebf nh\u00e2n vi\u00ean v\u1edbi \u0111\u1ec7m v\u00e0 t\u1ef1a l\u01b0ng b\u1ecdc l\u01b0\u1edbi, s\u1eed d\u1ee5ng cho v\u0103n ph\u00f2ng, gh\u1ebf cho ph\u00e9p ng\u1ea3 v\u00e0 \u0111i\u1ec1u ch\u1ec9nh chi\u1ec1u cao.<br \/>\nT\u0103ng gi\u1ea3m chi\u1ec1u cao<br \/>\n\u00a0Xoay 360 \u0111\u1ed9<br \/>\nG\u1eadt g\u00f9 b\u1eadp b\u00eanh<\/p>","protected":false},"featured_media":2504,"comment_status":"open","ping_status":"closed","template":"","meta":[],"product_cat":[59,70],"product_tag":[],"yoast_head":"<!-- This site is optimized with the Yoast SEO Premium plugin v21.7 (Yoast SEO v21.7) - https:\/\/yoast.com\/wordpress\/plugins\/seo\/ -->\n<title>Gh\u1ebf l\u00e0m vi\u1ec7c ch\u00e2n xoay l\u01b0ng th\u1ea5p b\u1ecdc l\u01b0\u1edbi AMA-ST125B-M1 (Nhi\u1ec1u m\u00e0u) - AMAFURNI<\/title>\n<meta name=\"robots\" content=\"index, follow, max-snippet:-1, max-image-preview:large, max-video-preview:-1\" \/>\n<link rel=\"canonical\" href=\"https:\/\/amafurni.vn\/en\/product\/ghe-lam-viec-chan-xoay-lung-thap-boc-luoi-ama-st125b-m1-nhieu-mau\/\" \/>\n<meta property=\"og:locale\" content=\"en_US\" \/>\n<meta property=\"og:type\" content=\"article\" \/>\n<meta property=\"og:title\" content=\"Gh\u1ebf l\u00e0m vi\u1ec7c ch\u00e2n xoay l\u01b0ng th\u1ea5p b\u1ecdc l\u01b0\u1edbi AMA-ST125B-M1 (Nhi\u1ec1u m\u00e0u)\" \/>\n<meta property=\"og:description\" content=\"Gh\u1ebf xoay\u00a0AMA-ST125B-M1 \u00a0l\u00e0 s\u1ea3n ph\u1ea9m gh\u1ebf nh\u00e2n vi\u00ean v\u1edbi \u0111\u1ec7m v\u00e0 t\u1ef1a l\u01b0ng b\u1ecdc l\u01b0\u1edbi, s\u1eed d\u1ee5ng cho v\u0103n ph\u00f2ng, gh\u1ebf cho ph\u00e9p ng\u1ea3 v\u00e0 \u0111i\u1ec1u ch\u1ec9nh chi\u1ec1u cao. T\u0103ng gi\u1ea3m chi\u1ec1u cao \u00a0Xoay 360 \u0111\u1ed9 G\u1eadt g\u00f9 b\u1eadp b\u00eanh\" \/>\n<meta property=\"og:url\" content=\"https:\/\/amafurni.vn\/en\/product\/ghe-lam-viec-chan-xoay-lung-thap-boc-luoi-ama-st125b-m1-nhieu-mau\/\" \/>\n<meta property=\"og:site_name\" content=\"AMAFURNI\" \/>\n<meta property=\"article:modified_time\" content=\"2025-11-12T07:10:33+00:00\" \/>\n<meta property=\"og:image\" content=\"https:\/\/amafurni.vn\/wp-content\/uploads\/2023\/12\/ghe-lam-viec-chan-xoay-lung-thap-boc-luoi-ama-st125b-m1-nhieu-mau_656ff71a52c00.jpeg\" \/>\n\t<meta property=\"og:image:width\" content=\"800\" \/>\n\t<meta property=\"og:image:height\" content=\"800\" \/>\n\t<meta property=\"og:image:type\" content=\"image\/jpeg\" \/>\n<meta name=\"twitter:card\" content=\"summary_large_image\" \/>\n<meta name=\"twitter:label1\" content=\"Est. reading time\" \/>\n\t<meta name=\"twitter:data1\" content=\"1 minute\" \/>\n<script type=\"application\/ld+json\" class=\"yoast-schema-graph\">{\"@context\":\"https:\/\/schema.org\",\"@graph\":[{\"@type\":\"WebPage\",\"@id\":\"https:\/\/amafurni.vn\/san-pham\/ghe-lam-viec-chan-xoay-lung-thap-boc-luoi-ama-st125b-m1-nhieu-mau\/\",\"url\":\"https:\/\/amafurni.vn\/san-pham\/ghe-lam-viec-chan-xoay-lung-thap-boc-luoi-ama-st125b-m1-nhieu-mau\/\",\"name\":\"Gh\u1ebf l\u00e0m vi\u1ec7c ch\u00e2n xoay l\u01b0ng th\u1ea5p b\u1ecdc l\u01b0\u1edbi AMA-ST125B-M1 (Nhi\u1ec1u m\u00e0u) - AMAFURNI\",\"isPartOf\":{\"@id\":\"https:\/\/amafurni.vn\/#website\"},\"datePublished\":\"2023-12-06T04:22:50+00:00\",\"dateModified\":\"2025-11-12T07:10:33+00:00\",\"breadcrumb\":{\"@id\":\"https:\/\/amafurni.vn\/san-pham\/ghe-lam-viec-chan-xoay-lung-thap-boc-luoi-ama-st125b-m1-nhieu-mau\/#breadcrumb\"},\"inLanguage\":\"en-US\",\"potentialAction\":[{\"@type\":\"ReadAction\",\"target\":[\"https:\/\/amafurni.vn\/san-pham\/ghe-lam-viec-chan-xoay-lung-thap-boc-luoi-ama-st125b-m1-nhieu-mau\/\"]}]},{\"@type\":\"BreadcrumbList\",\"@id\":\"https:\/\/amafurni.vn\/san-pham\/ghe-lam-viec-chan-xoay-lung-thap-boc-luoi-ama-st125b-m1-nhieu-mau\/#breadcrumb\",\"itemListElement\":[{\"@type\":\"ListItem\",\"position\":1,\"name\":\"Trang ch\u1ee7\",\"item\":\"https:\/\/amafurni.vn\/\"},{\"@type\":\"ListItem\",\"position\":2,\"name\":\"S\u1ea3n ph\u1ea9m\",\"item\":\"https:\/\/amafurni.vn\/san-pham\/\"},{\"@type\":\"ListItem\",\"position\":3,\"name\":\"Gh\u1ebf l\u00e0m vi\u1ec7c ch\u00e2n xoay l\u01b0ng th\u1ea5p b\u1ecdc l\u01b0\u1edbi AMA-ST125B-M1 (Nhi\u1ec1u m\u00e0u)\"}]},{\"@type\":\"WebSite\",\"@id\":\"https:\/\/amafurni.vn\/#website\",\"url\":\"https:\/\/amafurni.vn\/\",\"name\":\"AMAFURNI\",\"description\":\"\",\"potentialAction\":[{\"@type\":\"SearchAction\",\"target\":{\"@type\":\"EntryPoint\",\"urlTemplate\":\"https:\/\/amafurni.vn\/?s={search_term_string}\"},\"query-input\":\"required name=search_term_string\"}],\"inLanguage\":\"en-US\"}]}<\/script>\n<!-- \/ Yoast SEO Premium plugin. -->","yoast_head_json":{"title":"Gh\u1ebf l\u00e0m vi\u1ec7c ch\u00e2n xoay l\u01b0ng th\u1ea5p b\u1ecdc l\u01b0\u1edbi AMA-ST125B-M1 (Nhi\u1ec1u m\u00e0u) - AMAFURNI","robots":{"index":"index","follow":"follow","max-snippet":"max-snippet:-1","max-image-preview":"max-image-preview:large","max-video-preview":"max-video-preview:-1"},"canonical":"https:\/\/amafurni.vn\/en\/product\/ghe-lam-viec-chan-xoay-lung-thap-boc-luoi-ama-st125b-m1-nhieu-mau\/","og_locale":"en_US","og_type":"article","og_title":"Gh\u1ebf l\u00e0m vi\u1ec7c ch\u00e2n xoay l\u01b0ng th\u1ea5p b\u1ecdc l\u01b0\u1edbi AMA-ST125B-M1 (Nhi\u1ec1u m\u00e0u)","og_description":"Gh\u1ebf xoay\u00a0AMA-ST125B-M1 \u00a0l\u00e0 s\u1ea3n ph\u1ea9m gh\u1ebf nh\u00e2n vi\u00ean v\u1edbi \u0111\u1ec7m v\u00e0 t\u1ef1a l\u01b0ng b\u1ecdc l\u01b0\u1edbi, s\u1eed d\u1ee5ng cho v\u0103n ph\u00f2ng, gh\u1ebf cho ph\u00e9p ng\u1ea3 v\u00e0 \u0111i\u1ec1u ch\u1ec9nh chi\u1ec1u cao. T\u0103ng gi\u1ea3m chi\u1ec1u cao \u00a0Xoay 360 \u0111\u1ed9 G\u1eadt g\u00f9 b\u1eadp b\u00eanh","og_url":"https:\/\/amafurni.vn\/en\/product\/ghe-lam-viec-chan-xoay-lung-thap-boc-luoi-ama-st125b-m1-nhieu-mau\/","og_site_name":"AMAFURNI","article_modified_time":"2025-11-12T07:10:33+00:00","og_image":[{"width":800,"height":800,"url":"https:\/\/amafurni.vn\/wp-content\/uploads\/2023\/12\/ghe-lam-viec-chan-xoay-lung-thap-boc-luoi-ama-st125b-m1-nhieu-mau_656ff71a52c00.jpeg","type":"image\/jpeg"}],"twitter_card":"summary_large_image","twitter_misc":{"Est. reading time":"1 minute"},"schema":{"@context":"https:\/\/schema.org","@graph":[{"@type":"WebPage","@id":"https:\/\/amafurni.vn\/san-pham\/ghe-lam-viec-chan-xoay-lung-thap-boc-luoi-ama-st125b-m1-nhieu-mau\/","url":"https:\/\/amafurni.vn\/san-pham\/ghe-lam-viec-chan-xoay-lung-thap-boc-luoi-ama-st125b-m1-nhieu-mau\/","name":"Gh\u1ebf l\u00e0m vi\u1ec7c ch\u00e2n xoay l\u01b0ng th\u1ea5p b\u1ecdc l\u01b0\u1edbi AMA-ST125B-M1 (Nhi\u1ec1u m\u00e0u) - AMAFURNI","isPartOf":{"@id":"https:\/\/amafurni.vn\/#website"},"datePublished":"2023-12-06T04:22:50+00:00","dateModified":"2025-11-12T07:10:33+00:00","breadcrumb":{"@id":"https:\/\/amafurni.vn\/san-pham\/ghe-lam-viec-chan-xoay-lung-thap-boc-luoi-ama-st125b-m1-nhieu-mau\/#breadcrumb"},"inLanguage":"en-US","potentialAction":[{"@type":"ReadAction","target":["https:\/\/amafurni.vn\/san-pham\/ghe-lam-viec-chan-xoay-lung-thap-boc-luoi-ama-st125b-m1-nhieu-mau\/"]}]},{"@type":"BreadcrumbList","@id":"https:\/\/amafurni.vn\/san-pham\/ghe-lam-viec-chan-xoay-lung-thap-boc-luoi-ama-st125b-m1-nhieu-mau\/#breadcrumb","itemListElement":[{"@type":"ListItem","position":1,"name":"Trang ch\u1ee7","item":"https:\/\/amafurni.vn\/"},{"@type":"ListItem","position":2,"name":"S\u1ea3n ph\u1ea9m","item":"https:\/\/amafurni.vn\/san-pham\/"},{"@type":"ListItem","position":3,"name":"Gh\u1ebf l\u00e0m vi\u1ec7c ch\u00e2n xoay l\u01b0ng th\u1ea5p b\u1ecdc l\u01b0\u1edbi AMA-ST125B-M1 (Nhi\u1ec1u m\u00e0u)"}]},{"@type":"WebSite","@id":"https:\/\/amafurni.vn\/#website","url":"https:\/\/amafurni.vn\/","name":"AMAFURNI","description":"","potentialAction":[{"@type":"SearchAction","target":{"@type":"EntryPoint","urlTemplate":"https:\/\/amafurni.vn\/?s={search_term_string}"},"query-input":"required name=search_term_string"}],"inLanguage":"en-US"}]}},"_links":{"self":[{"href":"https:\/\/amafurni.vn\/en\/wp-json\/wp\/v2\/product\/2503"}],"collection":[{"href":"https:\/\/amafurni.vn\/en\/wp-json\/wp\/v2\/product"}],"about":[{"href":"https:\/\/amafurni.vn\/en\/wp-json\/wp\/v2\/types\/product"}],"replies":[{"embeddable":true,"href":"https:\/\/amafurni.vn\/en\/wp-json\/wp\/v2\/comments?post=2503"}],"wp:featuredmedia":[{"embeddable":true,"href":"https:\/\/amafurni.vn\/en\/wp-json\/wp\/v2\/media\/2504"}],"wp:attachment":[{"href":"https:\/\/amafurni.vn\/en\/wp-json\/wp\/v2\/media?parent=2503"}],"wp:term":[{"taxonomy":"product_cat","embeddable":true,"href":"https:\/\/amafurni.vn\/en\/wp-json\/wp\/v2\/product_cat?post=2503"},{"taxonomy":"product_tag","embeddable":true,"href":"https:\/\/amafurni.vn\/en\/wp-json\/wp\/v2\/product_tag?post=2503"}],"curies":[{"name":"wp","href":"https:\/\/api.w.org\/{rel}","templated":true}]}}