{"id":25072,"date":"2026-04-14T15:19:15","date_gmt":"2026-04-14T08:19:15","guid":{"rendered":"https:\/\/amafurni.vn\/?post_type=product&#038;p=25072"},"modified":"2026-04-14T15:22:43","modified_gmt":"2026-04-14T08:22:43","slug":"ghe-cong-thai-hoc-ama-827","status":"publish","type":"product","link":"https:\/\/amafurni.vn\/en\/product\/ghe-cong-thai-hoc-ama-827\/","title":{"rendered":"Gh\u1ebf C\u00f4ng Th\u00e1i H\u1ecdc AMA-827"},"content":{"rendered":"<p><strong>Gh\u1ebf C\u00f4ng Th\u00e1i H\u1ecdc <\/strong>l\u00e0 1 m\u1eabu gh\u1ebf nh\u1eadp kh\u1ea9u tr\u1ef1c ti\u1ebfp c\u1ee7a\u00a0<strong>N\u1ed8I TH\u1ea4T AMA FURNITURE<\/strong>, v\u1edbi thi\u1ebft k\u1ebf tinh t\u1ebf, t\u1ed1i gian t\u1ea1o n\u00ean v\u1ebb \u0111\u1eb9p sang tr\u1ecdng cho kh\u00f4ng gian v\u0103n ph\u00f2ng v.v.<\/p>\n<ul>\n<li>T\u00ednh n\u0103ng:\n<ul>\n<li>Ch\u1ea5t l\u01b0\u1ee3ng b\u1ec1n ch\u1eafc, s\u1eed d\u1ee5ng l\u00e2u d\u00e0i<\/li>\n<li>D\u1ec5 d\u00e0ng lau ch\u00f9i, v\u1ec7 sinh<\/li>\n<li>Nhi\u1ec1u t\u00ednh n\u0103ng h\u1ed7 tr\u1ee3 t\u1ed1i \u0111a ng\u01b0\u1eddi d\u00f9ng<\/li>\n<\/ul>\n<ul>\n<li>M\u1eb7t gh\u1ebf thi\u1ebft k\u1ebf c\u00f4ng th\u00e1i h\u1ecdc \u00f4m tr\u1ecdn c\u1ed9t s\u1ed1ng l\u01b0ng<\/li>\n<\/ul>\n<\/li>\n<\/ul>","protected":false},"excerpt":{"rendered":"<p><strong>Gh\u1ebf C\u00f4ng Th\u00e1i H\u1ecdc AMA-827<\/strong><\/p>\n<table class=\"woocommerce-product-attributes shop_attributes\" style=\"width: 99.7117%; height: 249px;\" width=\"929\">\n<tbody>\n<tr class=\"woocommerce-product-attributes-item woocommerce-product-attributes-item--attribute_season\" style=\"height: 52px;\">\n<th class=\"woocommerce-product-attributes-item__label\" style=\"height: 52px; width: 23.1351%;\">Ch\u1ea5t Li\u1ec7u.<\/th>\n<td class=\"woocommerce-product-attributes-item__value\" style=\"height: 52px; width: 74.9189%;\">Khung nh\u1ef1a PP, ch\u00e2n th\u00e9p xi k\u1ebft h\u1ee3p n\u1ec7m l\u01b0\u1edbi<\/td>\n<\/tr>\n<tr class=\"woocommerce-product-attributes-item woocommerce-product-attributes-item--attribute_pa_color\" style=\"height: 48px;\">\n<th class=\"woocommerce-product-attributes-item__label\" style=\"height: 48px; width: 23.1351%;\">M\u00e0u S\u1eafc<\/th>\n<td class=\"woocommerce-product-attributes-item__value\" style=\"height: 48px; width: 74.9189%;\">\u0110en, X\u00e1m<\/td>\n<\/tr>\n<tr class=\"woocommerce-product-attributes-item woocommerce-product-attributes-item--attribute_style\" style=\"height: 50px;\">\n<th class=\"woocommerce-product-attributes-item__label\" style=\"height: 50px; width: 23.1351%;\">Size<\/th>\n<td class=\"woocommerce-product-attributes-item__value\" style=\"width: 74.9189%; height: 50px;\">45*51*62 ( 40-50cm)<\/td>\n<\/tr>\n<tr class=\"woocommerce-product-attributes-item woocommerce-product-attributes-item--attribute_pa_material\" style=\"height: 53px;\">\n<th class=\"woocommerce-product-attributes-item__label\" style=\"height: 53px; width: 23.1351%;\">T\u00ednh n\u0103ng<\/th>\n<td class=\"woocommerce-product-attributes-item__value\" style=\"height: 53px; width: 74.9189%;\">T\u1ef1a \u0111\u1ea7u di chuy\u1ec3n, Ch\u00e2n g\u00e1c n\u1eb1m, C\u00f3 m\u00f3c treo \u00e1o kho\u00e1c, Ng\u00e3 l\u01b0ng th\u01b0 gi\u00e3n.<\/td>\n<\/tr>\n<tr class=\"woocommerce-product-attributes-item woocommerce-product-attributes-item--attribute_item-code\" style=\"height: 46px;\">\n<th class=\"woocommerce-product-attributes-item__label\" style=\"height: 46px; width: 23.1351%;\">B\u1ea3o H\u00e0nh<\/th>\n<td class=\"woocommerce-product-attributes-item__value\" style=\"height: 46px; width: 74.9189%;\">12 th\u00e1ng<\/td>\n<\/tr>\n<\/tbody>\n<\/table>","protected":false},"featured_media":25074,"comment_status":"closed","ping_status":"closed","template":"","meta":[],"product_cat":[107],"product_tag":[],"yoast_head":"<!-- This site is optimized with the Yoast SEO Premium plugin v21.7 (Yoast SEO v21.7) - https:\/\/yoast.com\/wordpress\/plugins\/seo\/ -->\n<title>Gh\u1ebf C\u00f4ng Th\u00e1i H\u1ecdc AMA-827 - AMAFURNI<\/title>\n<meta name=\"description\" content=\"Gh\u1ebf C\u00f4ng Th\u00e1i H\u1ecdc AMA-827 v\u1edbi l\u01b0\u1edbi tho\u00e1ng kh\u00ed, h\u1ed7 tr\u1ee3 c\u1ed9t s\u1ed1ng to\u00e0n di\u1ec7n. T\u00f9y ch\u1ec9nh linh ho\u1ea1t (t\u1ef1a \u0111\u1ea7u, tay v\u1ecbn, \u0111\u1ec7m l\u01b0ng).\" \/>\n<meta name=\"robots\" content=\"index, follow, max-snippet:-1, max-image-preview:large, max-video-preview:-1\" \/>\n<link rel=\"canonical\" href=\"https:\/\/amafurni.vn\/en\/product\/ghe-cong-thai-hoc-ama-827\/\" \/>\n<meta property=\"og:locale\" content=\"en_US\" \/>\n<meta property=\"og:type\" content=\"article\" \/>\n<meta property=\"og:title\" content=\"Gh\u1ebf C\u00f4ng Th\u00e1i H\u1ecdc AMA-827\" \/>\n<meta property=\"og:description\" content=\"Gh\u1ebf C\u00f4ng Th\u00e1i H\u1ecdc AMA-827 v\u1edbi l\u01b0\u1edbi tho\u00e1ng kh\u00ed, h\u1ed7 tr\u1ee3 c\u1ed9t s\u1ed1ng to\u00e0n di\u1ec7n. T\u00f9y ch\u1ec9nh linh ho\u1ea1t (t\u1ef1a \u0111\u1ea7u, tay v\u1ecbn, \u0111\u1ec7m l\u01b0ng).\" \/>\n<meta property=\"og:url\" content=\"https:\/\/amafurni.vn\/en\/product\/ghe-cong-thai-hoc-ama-827\/\" \/>\n<meta property=\"og:site_name\" content=\"AMAFURNI\" \/>\n<meta property=\"article:modified_time\" content=\"2026-04-14T08:22:43+00:00\" \/>\n<meta property=\"og:image\" content=\"https:\/\/amafurni.vn\/wp-content\/uploads\/2026\/04\/ghe-cong-thai-hoc-ama-827.jpg\" \/>\n\t<meta property=\"og:image:width\" content=\"800\" \/>\n\t<meta property=\"og:image:height\" content=\"800\" \/>\n\t<meta property=\"og:image:type\" content=\"image\/jpeg\" \/>\n<meta name=\"twitter:card\" content=\"summary_large_image\" \/>\n<meta name=\"twitter:label1\" content=\"Est. reading time\" \/>\n\t<meta name=\"twitter:data1\" content=\"1 minute\" \/>\n<script type=\"application\/ld+json\" class=\"yoast-schema-graph\">{\"@context\":\"https:\/\/schema.org\",\"@graph\":[{\"@type\":\"WebPage\",\"@id\":\"https:\/\/amafurni.vn\/san-pham\/ghe-cong-thai-hoc-ama-827\/\",\"url\":\"https:\/\/amafurni.vn\/san-pham\/ghe-cong-thai-hoc-ama-827\/\",\"name\":\"Gh\u1ebf C\u00f4ng Th\u00e1i H\u1ecdc AMA-827 - AMAFURNI\",\"isPartOf\":{\"@id\":\"https:\/\/amafurni.vn\/#website\"},\"datePublished\":\"2026-04-14T08:19:15+00:00\",\"dateModified\":\"2026-04-14T08:22:43+00:00\",\"description\":\"Gh\u1ebf C\u00f4ng Th\u00e1i H\u1ecdc AMA-827 v\u1edbi l\u01b0\u1edbi tho\u00e1ng kh\u00ed, h\u1ed7 tr\u1ee3 c\u1ed9t s\u1ed1ng to\u00e0n di\u1ec7n. T\u00f9y ch\u1ec9nh linh ho\u1ea1t (t\u1ef1a \u0111\u1ea7u, tay v\u1ecbn, \u0111\u1ec7m l\u01b0ng).\",\"breadcrumb\":{\"@id\":\"https:\/\/amafurni.vn\/san-pham\/ghe-cong-thai-hoc-ama-827\/#breadcrumb\"},\"inLanguage\":\"en-US\",\"potentialAction\":[{\"@type\":\"ReadAction\",\"target\":[\"https:\/\/amafurni.vn\/san-pham\/ghe-cong-thai-hoc-ama-827\/\"]}]},{\"@type\":\"BreadcrumbList\",\"@id\":\"https:\/\/amafurni.vn\/san-pham\/ghe-cong-thai-hoc-ama-827\/#breadcrumb\",\"itemListElement\":[{\"@type\":\"ListItem\",\"position\":1,\"name\":\"Trang ch\u1ee7\",\"item\":\"https:\/\/amafurni.vn\/\"},{\"@type\":\"ListItem\",\"position\":2,\"name\":\"S\u1ea3n ph\u1ea9m\",\"item\":\"https:\/\/amafurni.vn\/san-pham\/\"},{\"@type\":\"ListItem\",\"position\":3,\"name\":\"Gh\u1ebf C\u00f4ng Th\u00e1i H\u1ecdc AMA-827\"}]},{\"@type\":\"WebSite\",\"@id\":\"https:\/\/amafurni.vn\/#website\",\"url\":\"https:\/\/amafurni.vn\/\",\"name\":\"AMAFURNI\",\"description\":\"\",\"potentialAction\":[{\"@type\":\"SearchAction\",\"target\":{\"@type\":\"EntryPoint\",\"urlTemplate\":\"https:\/\/amafurni.vn\/?s={search_term_string}\"},\"query-input\":\"required name=search_term_string\"}],\"inLanguage\":\"en-US\"}]}<\/script>\n<!-- \/ Yoast SEO Premium plugin. -->","yoast_head_json":{"title":"Gh\u1ebf C\u00f4ng Th\u00e1i H\u1ecdc AMA-827 - AMAFURNI","description":"Gh\u1ebf C\u00f4ng Th\u00e1i H\u1ecdc AMA-827 v\u1edbi l\u01b0\u1edbi tho\u00e1ng kh\u00ed, h\u1ed7 tr\u1ee3 c\u1ed9t s\u1ed1ng to\u00e0n di\u1ec7n. T\u00f9y ch\u1ec9nh linh ho\u1ea1t (t\u1ef1a \u0111\u1ea7u, tay v\u1ecbn, \u0111\u1ec7m l\u01b0ng).","robots":{"index":"index","follow":"follow","max-snippet":"max-snippet:-1","max-image-preview":"max-image-preview:large","max-video-preview":"max-video-preview:-1"},"canonical":"https:\/\/amafurni.vn\/en\/product\/ghe-cong-thai-hoc-ama-827\/","og_locale":"en_US","og_type":"article","og_title":"Gh\u1ebf C\u00f4ng Th\u00e1i H\u1ecdc AMA-827","og_description":"Gh\u1ebf C\u00f4ng Th\u00e1i H\u1ecdc AMA-827 v\u1edbi l\u01b0\u1edbi tho\u00e1ng kh\u00ed, h\u1ed7 tr\u1ee3 c\u1ed9t s\u1ed1ng to\u00e0n di\u1ec7n. T\u00f9y ch\u1ec9nh linh ho\u1ea1t (t\u1ef1a \u0111\u1ea7u, tay v\u1ecbn, \u0111\u1ec7m l\u01b0ng).","og_url":"https:\/\/amafurni.vn\/en\/product\/ghe-cong-thai-hoc-ama-827\/","og_site_name":"AMAFURNI","article_modified_time":"2026-04-14T08:22:43+00:00","og_image":[{"width":800,"height":800,"url":"https:\/\/amafurni.vn\/wp-content\/uploads\/2026\/04\/ghe-cong-thai-hoc-ama-827.jpg","type":"image\/jpeg"}],"twitter_card":"summary_large_image","twitter_misc":{"Est. reading time":"1 minute"},"schema":{"@context":"https:\/\/schema.org","@graph":[{"@type":"WebPage","@id":"https:\/\/amafurni.vn\/san-pham\/ghe-cong-thai-hoc-ama-827\/","url":"https:\/\/amafurni.vn\/san-pham\/ghe-cong-thai-hoc-ama-827\/","name":"Gh\u1ebf C\u00f4ng Th\u00e1i H\u1ecdc AMA-827 - AMAFURNI","isPartOf":{"@id":"https:\/\/amafurni.vn\/#website"},"datePublished":"2026-04-14T08:19:15+00:00","dateModified":"2026-04-14T08:22:43+00:00","description":"Gh\u1ebf C\u00f4ng Th\u00e1i H\u1ecdc AMA-827 v\u1edbi l\u01b0\u1edbi tho\u00e1ng kh\u00ed, h\u1ed7 tr\u1ee3 c\u1ed9t s\u1ed1ng to\u00e0n di\u1ec7n. T\u00f9y ch\u1ec9nh linh ho\u1ea1t (t\u1ef1a \u0111\u1ea7u, tay v\u1ecbn, \u0111\u1ec7m l\u01b0ng).","breadcrumb":{"@id":"https:\/\/amafurni.vn\/san-pham\/ghe-cong-thai-hoc-ama-827\/#breadcrumb"},"inLanguage":"en-US","potentialAction":[{"@type":"ReadAction","target":["https:\/\/amafurni.vn\/san-pham\/ghe-cong-thai-hoc-ama-827\/"]}]},{"@type":"BreadcrumbList","@id":"https:\/\/amafurni.vn\/san-pham\/ghe-cong-thai-hoc-ama-827\/#breadcrumb","itemListElement":[{"@type":"ListItem","position":1,"name":"Trang ch\u1ee7","item":"https:\/\/amafurni.vn\/"},{"@type":"ListItem","position":2,"name":"S\u1ea3n ph\u1ea9m","item":"https:\/\/amafurni.vn\/san-pham\/"},{"@type":"ListItem","position":3,"name":"Gh\u1ebf C\u00f4ng Th\u00e1i H\u1ecdc AMA-827"}]},{"@type":"WebSite","@id":"https:\/\/amafurni.vn\/#website","url":"https:\/\/amafurni.vn\/","name":"AMAFURNI","description":"","potentialAction":[{"@type":"SearchAction","target":{"@type":"EntryPoint","urlTemplate":"https:\/\/amafurni.vn\/?s={search_term_string}"},"query-input":"required name=search_term_string"}],"inLanguage":"en-US"}]}},"_links":{"self":[{"href":"https:\/\/amafurni.vn\/en\/wp-json\/wp\/v2\/product\/25072"}],"collection":[{"href":"https:\/\/amafurni.vn\/en\/wp-json\/wp\/v2\/product"}],"about":[{"href":"https:\/\/amafurni.vn\/en\/wp-json\/wp\/v2\/types\/product"}],"replies":[{"embeddable":true,"href":"https:\/\/amafurni.vn\/en\/wp-json\/wp\/v2\/comments?post=25072"}],"wp:featuredmedia":[{"embeddable":true,"href":"https:\/\/amafurni.vn\/en\/wp-json\/wp\/v2\/media\/25074"}],"wp:attachment":[{"href":"https:\/\/amafurni.vn\/en\/wp-json\/wp\/v2\/media?parent=25072"}],"wp:term":[{"taxonomy":"product_cat","embeddable":true,"href":"https:\/\/amafurni.vn\/en\/wp-json\/wp\/v2\/product_cat?post=25072"},{"taxonomy":"product_tag","embeddable":true,"href":"https:\/\/amafurni.vn\/en\/wp-json\/wp\/v2\/product_tag?post=25072"}],"curies":[{"name":"wp","href":"https:\/\/api.w.org\/{rel}","templated":true}]}}