{"id":2513,"date":"2023-12-06T11:23:19","date_gmt":"2023-12-06T04:23:19","guid":{"rendered":"https:\/\/amafurni.123websitedev.com\/san-pham\/ghe-lam-viec-chan-xoay-nhap-khau-ama-st104b\/"},"modified":"2025-11-12T14:10:33","modified_gmt":"2025-11-12T07:10:33","slug":"ghe-lam-viec-chan-xoay-nhap-khau-ama-st104b","status":"publish","type":"product","link":"https:\/\/amafurni.vn\/en\/product\/ghe-lam-viec-chan-xoay-nhap-khau-ama-st104b\/","title":{"rendered":"Gh\u1ebf L\u00e0m Vi\u1ec7c Ch\u00e2n Xoay Nh\u1eadp Kh\u1ea9u AMA-ST104B"},"content":{"rendered":"<table border=\"1\" height=\"213\">\n<tbody><\/tbody>\n<tbody>\n<tr>\n<td><span><strong>Material<\/strong><\/span><\/td>\n<td><\/td>\n<td><span><strong>T\u00ednh N\u0103ng<\/strong><\/span><\/td>\n<td><span><strong>M\u00e0u S\u1eafc<\/strong><\/span><\/td>\n<td><span><strong>Xu\u1ea5t X\u1ee9<\/strong><\/span><\/td>\n<td><span><strong>B\u1ea3o h\u00e0nh<\/strong><\/span><\/td>\n<\/tr>\n<tr>\n<td>\n<ul>\n<li>T\u1ef1a l\u01b0ng v\u00e0 \u0111\u1ec7m gh\u1ebf d\u00f9ng mousse d\u00e0y b\u1ecdc da c\u00f4ng nghi\u1ec7p nhi\u1ec1u m\u00e0u theo y\u00eau c\u1ea7u.<\/li>\n<li>T\u00ednh n\u0103ng: Cho ph\u00e9p t\u0103ng gi\u1ea3m chi\u1ec1u cao, l\u01b0ng gh\u1ebf c\u00f3 kh\u1ea3 n\u0103ng ng\u1ea3 nh\u1eb9 v\u1ec1 sau.<\/li>\n<li>Tay gh\u1ebf kim lo\u1ea1i s\u00e1ng b\u00f3ng, m\u1eb7t tay c\u00f3 \u1ed1p g\u1ed7 s\u01a1n \u0111en ho\u1eb7c n\u00e2u \u0111\u1ecf th\u1eddi th\u01b0\u1ee3ng<\/li>\n<li>Ch\u00e2n gh\u1ebf m\u1ea1 crom vu\u00f4ng sang tr\u1ecdng, c\u00f3 b\u00e1nh xe (c\u00f3 th\u1ec3 thay th\u1ebf b\u1eb1ng ch\u00e2n inox, ch\u00e2n nh\u00f4m).<\/li>\n<li>K\u00edch th\u01b0\u1edbc:<span>\u00a0<\/span><strong>600 (Ngang) x 620 ( R\u1ed9ng ) x 980 (Cao).<\/strong><\/li>\n<\/ul>\n<\/td>\n<td><\/td>\n<td>\n<ul>\n<li><a href=\"https:\/\/noithatsonthuy.vn\/danh-muc\/ghe-van-phong\/ghe-xoay\/\" target=\"_blank\" rel=\"noopener\">Gh\u1ebf<\/a><span>\u00a0<\/span>104B \u0111\u01b0\u1ee3c thi\u1ebft k\u1ebf s\u1eed d\u1ee5ng cho v\u0103n ph\u00f2ng l\u00e0m vi\u1ec7c, ph\u00f2ng h\u1ecdp.<\/li>\n<\/ul>\n<\/td>\n<td>\n<ul>\n<li>M\u00e0u s\u1eafc: \u0111en, n\u00e2u, tr\u1eafng kem, t\u00f9y ch\u1ecdn<\/li>\n<\/ul>\n<\/td>\n<td>Nh\u1eadp Ngo\u1ea1i<\/td>\n<td>\n<p>. 12 th\u00e1ng k\u1ef9 thu\u1eadt<\/p>\n<\/td>\n<\/tr>\n<\/tbody>\n<\/table>","protected":false},"excerpt":{"rendered":"<p>T\u1ef1a l\u01b0ng v\u00e0 \u0111\u1ec7m gh\u1ebf d\u00f9ng mousse d\u00e0y b\u1ecdc da c\u00f4ng nghi\u1ec7p nhi\u1ec1u m\u00e0u theo y\u00eau c\u1ea7u.<br \/>\nT\u00ednh n\u0103ng: Cho ph\u00e9p t\u0103ng gi\u1ea3m chi\u1ec1u cao, l\u01b0ng gh\u1ebf c\u00f3 kh\u1ea3 n\u0103ng ng\u1ea3 nh\u1eb9 v\u1ec1 sau.<br \/>\nTay gh\u1ebf kim lo\u1ea1i s\u00e1ng b\u00f3ng, m\u1eb7t tay c\u00f3 \u1ed1p g\u1ed7 s\u01a1n \u0111en ho\u1eb7c n\u00e2u \u0111\u1ecf th\u1eddi th\u01b0\u1ee3ng<br \/>\nCh\u00e2n gh\u1ebf m\u1ea1 crom vu\u00f4ng sang tr\u1ecdng, c\u00f3 b\u00e1nh xe (c\u00f3 th\u1ec3 thay th\u1ebf b\u1eb1ng ch\u00e2n inox, ch\u00e2n nh\u00f4m).<br \/>\nK\u00edch th\u01b0\u1edbc: 600 (Ngang) x 620 ( R\u1ed9ng ) x 980 (Cao).<\/p>","protected":false},"featured_media":2514,"comment_status":"open","ping_status":"closed","template":"","meta":[],"product_cat":[59,70],"product_tag":[],"yoast_head":"<!-- This site is optimized with the Yoast SEO Premium plugin v21.7 (Yoast SEO v21.7) - https:\/\/yoast.com\/wordpress\/plugins\/seo\/ -->\n<title>Gh\u1ebf L\u00e0m Vi\u1ec7c Ch\u00e2n Xoay Nh\u1eadp Kh\u1ea9u AMA-ST104B - AMAFURNI<\/title>\n<meta name=\"robots\" content=\"index, follow, max-snippet:-1, max-image-preview:large, max-video-preview:-1\" \/>\n<link rel=\"canonical\" href=\"https:\/\/amafurni.vn\/en\/product\/ghe-lam-viec-chan-xoay-nhap-khau-ama-st104b\/\" \/>\n<meta property=\"og:locale\" content=\"en_US\" \/>\n<meta property=\"og:type\" content=\"article\" \/>\n<meta property=\"og:title\" content=\"Gh\u1ebf L\u00e0m Vi\u1ec7c Ch\u00e2n Xoay Nh\u1eadp Kh\u1ea9u AMA-ST104B\" \/>\n<meta property=\"og:description\" content=\"T\u1ef1a l\u01b0ng v\u00e0 \u0111\u1ec7m gh\u1ebf d\u00f9ng mousse d\u00e0y b\u1ecdc da c\u00f4ng nghi\u1ec7p nhi\u1ec1u m\u00e0u theo y\u00eau c\u1ea7u. T\u00ednh n\u0103ng: Cho ph\u00e9p t\u0103ng gi\u1ea3m chi\u1ec1u cao, l\u01b0ng gh\u1ebf c\u00f3 kh\u1ea3 n\u0103ng ng\u1ea3 nh\u1eb9 v\u1ec1 sau. Tay gh\u1ebf kim lo\u1ea1i s\u00e1ng b\u00f3ng, m\u1eb7t tay c\u00f3 \u1ed1p g\u1ed7 s\u01a1n \u0111en ho\u1eb7c n\u00e2u \u0111\u1ecf th\u1eddi th\u01b0\u1ee3ng Ch\u00e2n gh\u1ebf m\u1ea1 crom vu\u00f4ng sang tr\u1ecdng, c\u00f3 b\u00e1nh xe (c\u00f3 th\u1ec3 thay th\u1ebf b\u1eb1ng ch\u00e2n inox, ch\u00e2n nh\u00f4m). K\u00edch th\u01b0\u1edbc: 600 (Ngang) x 620 ( R\u1ed9ng ) x 980 (Cao).\" \/>\n<meta property=\"og:url\" content=\"https:\/\/amafurni.vn\/en\/product\/ghe-lam-viec-chan-xoay-nhap-khau-ama-st104b\/\" \/>\n<meta property=\"og:site_name\" content=\"AMAFURNI\" \/>\n<meta property=\"article:modified_time\" content=\"2025-11-12T07:10:33+00:00\" \/>\n<meta property=\"og:image\" content=\"https:\/\/amafurni.vn\/wp-content\/uploads\/2023\/12\/ghe-lam-viec-chan-xoay-nhap-khau-ama-st104b_656ff7378f46b.jpeg\" \/>\n\t<meta property=\"og:image:width\" content=\"800\" \/>\n\t<meta property=\"og:image:height\" content=\"800\" \/>\n\t<meta property=\"og:image:type\" content=\"image\/jpeg\" \/>\n<meta name=\"twitter:card\" content=\"summary_large_image\" \/>\n<meta name=\"twitter:label1\" content=\"Est. reading time\" \/>\n\t<meta name=\"twitter:data1\" content=\"1 minute\" \/>\n<script type=\"application\/ld+json\" class=\"yoast-schema-graph\">{\"@context\":\"https:\/\/schema.org\",\"@graph\":[{\"@type\":\"WebPage\",\"@id\":\"https:\/\/amafurni.vn\/san-pham\/ghe-lam-viec-chan-xoay-nhap-khau-ama-st104b\/\",\"url\":\"https:\/\/amafurni.vn\/san-pham\/ghe-lam-viec-chan-xoay-nhap-khau-ama-st104b\/\",\"name\":\"Gh\u1ebf L\u00e0m Vi\u1ec7c Ch\u00e2n Xoay Nh\u1eadp Kh\u1ea9u AMA-ST104B - AMAFURNI\",\"isPartOf\":{\"@id\":\"https:\/\/amafurni.vn\/#website\"},\"datePublished\":\"2023-12-06T04:23:19+00:00\",\"dateModified\":\"2025-11-12T07:10:33+00:00\",\"breadcrumb\":{\"@id\":\"https:\/\/amafurni.vn\/san-pham\/ghe-lam-viec-chan-xoay-nhap-khau-ama-st104b\/#breadcrumb\"},\"inLanguage\":\"en-US\",\"potentialAction\":[{\"@type\":\"ReadAction\",\"target\":[\"https:\/\/amafurni.vn\/san-pham\/ghe-lam-viec-chan-xoay-nhap-khau-ama-st104b\/\"]}]},{\"@type\":\"BreadcrumbList\",\"@id\":\"https:\/\/amafurni.vn\/san-pham\/ghe-lam-viec-chan-xoay-nhap-khau-ama-st104b\/#breadcrumb\",\"itemListElement\":[{\"@type\":\"ListItem\",\"position\":1,\"name\":\"Trang ch\u1ee7\",\"item\":\"https:\/\/amafurni.vn\/\"},{\"@type\":\"ListItem\",\"position\":2,\"name\":\"S\u1ea3n ph\u1ea9m\",\"item\":\"https:\/\/amafurni.vn\/san-pham\/\"},{\"@type\":\"ListItem\",\"position\":3,\"name\":\"Gh\u1ebf L\u00e0m Vi\u1ec7c Ch\u00e2n Xoay Nh\u1eadp Kh\u1ea9u AMA-ST104B\"}]},{\"@type\":\"WebSite\",\"@id\":\"https:\/\/amafurni.vn\/#website\",\"url\":\"https:\/\/amafurni.vn\/\",\"name\":\"AMAFURNI\",\"description\":\"\",\"potentialAction\":[{\"@type\":\"SearchAction\",\"target\":{\"@type\":\"EntryPoint\",\"urlTemplate\":\"https:\/\/amafurni.vn\/?s={search_term_string}\"},\"query-input\":\"required name=search_term_string\"}],\"inLanguage\":\"en-US\"}]}<\/script>\n<!-- \/ Yoast SEO Premium plugin. -->","yoast_head_json":{"title":"Gh\u1ebf L\u00e0m Vi\u1ec7c Ch\u00e2n Xoay Nh\u1eadp Kh\u1ea9u AMA-ST104B - AMAFURNI","robots":{"index":"index","follow":"follow","max-snippet":"max-snippet:-1","max-image-preview":"max-image-preview:large","max-video-preview":"max-video-preview:-1"},"canonical":"https:\/\/amafurni.vn\/en\/product\/ghe-lam-viec-chan-xoay-nhap-khau-ama-st104b\/","og_locale":"en_US","og_type":"article","og_title":"Gh\u1ebf L\u00e0m Vi\u1ec7c Ch\u00e2n Xoay Nh\u1eadp Kh\u1ea9u AMA-ST104B","og_description":"T\u1ef1a l\u01b0ng v\u00e0 \u0111\u1ec7m gh\u1ebf d\u00f9ng mousse d\u00e0y b\u1ecdc da c\u00f4ng nghi\u1ec7p nhi\u1ec1u m\u00e0u theo y\u00eau c\u1ea7u. T\u00ednh n\u0103ng: Cho ph\u00e9p t\u0103ng gi\u1ea3m chi\u1ec1u cao, l\u01b0ng gh\u1ebf c\u00f3 kh\u1ea3 n\u0103ng ng\u1ea3 nh\u1eb9 v\u1ec1 sau. Tay gh\u1ebf kim lo\u1ea1i s\u00e1ng b\u00f3ng, m\u1eb7t tay c\u00f3 \u1ed1p g\u1ed7 s\u01a1n \u0111en ho\u1eb7c n\u00e2u \u0111\u1ecf th\u1eddi th\u01b0\u1ee3ng Ch\u00e2n gh\u1ebf m\u1ea1 crom vu\u00f4ng sang tr\u1ecdng, c\u00f3 b\u00e1nh xe (c\u00f3 th\u1ec3 thay th\u1ebf b\u1eb1ng ch\u00e2n inox, ch\u00e2n nh\u00f4m). K\u00edch th\u01b0\u1edbc: 600 (Ngang) x 620 ( R\u1ed9ng ) x 980 (Cao).","og_url":"https:\/\/amafurni.vn\/en\/product\/ghe-lam-viec-chan-xoay-nhap-khau-ama-st104b\/","og_site_name":"AMAFURNI","article_modified_time":"2025-11-12T07:10:33+00:00","og_image":[{"width":800,"height":800,"url":"https:\/\/amafurni.vn\/wp-content\/uploads\/2023\/12\/ghe-lam-viec-chan-xoay-nhap-khau-ama-st104b_656ff7378f46b.jpeg","type":"image\/jpeg"}],"twitter_card":"summary_large_image","twitter_misc":{"Est. reading time":"1 minute"},"schema":{"@context":"https:\/\/schema.org","@graph":[{"@type":"WebPage","@id":"https:\/\/amafurni.vn\/san-pham\/ghe-lam-viec-chan-xoay-nhap-khau-ama-st104b\/","url":"https:\/\/amafurni.vn\/san-pham\/ghe-lam-viec-chan-xoay-nhap-khau-ama-st104b\/","name":"Gh\u1ebf L\u00e0m Vi\u1ec7c Ch\u00e2n Xoay Nh\u1eadp Kh\u1ea9u AMA-ST104B - AMAFURNI","isPartOf":{"@id":"https:\/\/amafurni.vn\/#website"},"datePublished":"2023-12-06T04:23:19+00:00","dateModified":"2025-11-12T07:10:33+00:00","breadcrumb":{"@id":"https:\/\/amafurni.vn\/san-pham\/ghe-lam-viec-chan-xoay-nhap-khau-ama-st104b\/#breadcrumb"},"inLanguage":"en-US","potentialAction":[{"@type":"ReadAction","target":["https:\/\/amafurni.vn\/san-pham\/ghe-lam-viec-chan-xoay-nhap-khau-ama-st104b\/"]}]},{"@type":"BreadcrumbList","@id":"https:\/\/amafurni.vn\/san-pham\/ghe-lam-viec-chan-xoay-nhap-khau-ama-st104b\/#breadcrumb","itemListElement":[{"@type":"ListItem","position":1,"name":"Trang ch\u1ee7","item":"https:\/\/amafurni.vn\/"},{"@type":"ListItem","position":2,"name":"S\u1ea3n ph\u1ea9m","item":"https:\/\/amafurni.vn\/san-pham\/"},{"@type":"ListItem","position":3,"name":"Gh\u1ebf L\u00e0m Vi\u1ec7c Ch\u00e2n Xoay Nh\u1eadp Kh\u1ea9u AMA-ST104B"}]},{"@type":"WebSite","@id":"https:\/\/amafurni.vn\/#website","url":"https:\/\/amafurni.vn\/","name":"AMAFURNI","description":"","potentialAction":[{"@type":"SearchAction","target":{"@type":"EntryPoint","urlTemplate":"https:\/\/amafurni.vn\/?s={search_term_string}"},"query-input":"required name=search_term_string"}],"inLanguage":"en-US"}]}},"_links":{"self":[{"href":"https:\/\/amafurni.vn\/en\/wp-json\/wp\/v2\/product\/2513"}],"collection":[{"href":"https:\/\/amafurni.vn\/en\/wp-json\/wp\/v2\/product"}],"about":[{"href":"https:\/\/amafurni.vn\/en\/wp-json\/wp\/v2\/types\/product"}],"replies":[{"embeddable":true,"href":"https:\/\/amafurni.vn\/en\/wp-json\/wp\/v2\/comments?post=2513"}],"wp:featuredmedia":[{"embeddable":true,"href":"https:\/\/amafurni.vn\/en\/wp-json\/wp\/v2\/media\/2514"}],"wp:attachment":[{"href":"https:\/\/amafurni.vn\/en\/wp-json\/wp\/v2\/media?parent=2513"}],"wp:term":[{"taxonomy":"product_cat","embeddable":true,"href":"https:\/\/amafurni.vn\/en\/wp-json\/wp\/v2\/product_cat?post=2513"},{"taxonomy":"product_tag","embeddable":true,"href":"https:\/\/amafurni.vn\/en\/wp-json\/wp\/v2\/product_tag?post=2513"}],"curies":[{"name":"wp","href":"https:\/\/api.w.org\/{rel}","templated":true}]}}