{"id":25188,"date":"2026-05-08T16:58:50","date_gmt":"2026-05-08T09:58:50","guid":{"rendered":"https:\/\/amafurni.vn\/?post_type=product&#038;p=25188"},"modified":"2026-05-08T16:58:51","modified_gmt":"2026-05-08T09:58:51","slug":"ghe-lam-viec-ama-cm-b213as-1","status":"publish","type":"product","link":"https:\/\/amafurni.vn\/en\/product\/ghe-lam-viec-ama-cm-b213as-1\/","title":{"rendered":"Gh\u1ebf l\u00e0m vi\u1ec7c AMA-CM-B213AS-1"},"content":{"rendered":"<div data-module-name=\"module_structure_descption_productDescription\" data-testid=\"module-structure-description\" data-aplus-ae=\"x22_57d7c07f\" data-spm-anchor-id=\"a2700.details.0.i24.6f2a4f2aIHbWZC\">\n<div class=\"id-py-12 id-border-[#ddd] id-border-b id-pt-7\">\n<div class=\"id-flex id-flex-col id-gap-8\">\n<div class=\"id-rounded-lg id-p-6\" data-spm-anchor-id=\"a2700.details.0.i103.6f2a4f2aIHbWZC\">\n<div class=\"id-font-bold id-text-[64px] id-leading-[77px] id-mb-7\">\n<p>Nh\u1eefng \u0111i\u1ec3m n\u1ed5i b\u1eadt<\/p>\n<p>Gh\u1ebf b\u1ecdc da l\u01b0\u1edbi: B\u1ec1n ch\u1eafc v\u00e0 d\u1ec5 b\u1ea3o qu\u1ea3n.<\/p>\n<p>Chi\u1ec1u cao c\u00f3 th\u1ec3 \u0111i\u1ec1u ch\u1ec9nh: Ph\u00f9 h\u1ee3p v\u1edbi chi\u1ec1u cao ng\u01b0\u1eddi d\u00f9ng kh\u00e1c nhau.<\/p>\n<p>Thi\u1ebft k\u1ebf c\u00f4ng th\u00e1i h\u1ecdc: H\u1ed7 tr\u1ee3 l\u00e0m vi\u1ec7c tho\u1ea3i m\u00e1i trong th\u1eddi gian d\u00e0i.<\/p>\n<p>Phong c\u00e1ch hi\u1ec7n \u0111\u1ea1i: T\u0103ng th\u00eam v\u1ebb sang tr\u1ecdng cho kh\u00f4ng gian v\u0103n ph\u00f2ng.<\/p>\n<p>Khung th\u00e9p: C\u1ea5u tr\u00fac ch\u1eafc ch\u1eafn v\u00e0 b\u1ec1n b\u1ec9.<\/p>\n<\/div>\n<\/div>\n<div class=\"id-aspect-video id-overflow-hidden\" data-testid=\"product-detail-video\">\n<div class=\"react-dove detail-video-player\" data-player-version=\"1.3.10\" data-core-version=\"1.1.3\">\n<div class=\"react-dove-container\">\n<div class=\"react-dove-video\"><\/div>\n<\/div>\n<div class=\"react-dove-controls-wraper\">\n<div class=\"react-dove-controls-wraper-outer\">\n<div class=\"react-dove-playButton react-dove-bigPlay unset\">\n<div class=\"react-dove-playButton-wapper\"><\/div>\n<\/div>\n<div class=\"react-dove-loading\"><\/div>\n<\/div>\n<\/div>\n<\/div>\n<\/div>\n<div class=\"id-flex id-flex-col\" data-testid=\"product-detail-image-simple\">\n<div><img decoding=\"async\" class=\"id-w-[100%] id-rounded-md\" src=\"https:\/\/sc04.alicdn.com\/kf\/Hf93900f042c64354a3acbaccbad6dde5T.png\" \/><\/div>\n<div><img decoding=\"async\" class=\"id-w-[100%] id-rounded-md\" src=\"https:\/\/sc04.alicdn.com\/kf\/H8e6376e768ab4f289614fd3276c0856bJ.jpg\" \/><\/div>\n<div><img decoding=\"async\" class=\"id-w-[100%] id-rounded-md\" src=\"https:\/\/sc04.alicdn.com\/kf\/Hc36f02ce3074400f95fc8204d38e0310p.jpg\" \/><\/div>\n<div><img decoding=\"async\" class=\"id-w-[100%] id-rounded-md\" src=\"https:\/\/sc04.alicdn.com\/kf\/H357eaa6e91a540fcbbda3e5887b728cbX.jpg\" \/><\/div>\n<\/div>\n<\/div>\n<\/div>\n<\/div>\n<div data-module-name=\"module_structure_descption_companyInfo\" data-testid=\"module-structure-description\" data-aplus-ae=\"x24_23c331f1\" data-spm-anchor-id=\"a2700.details.0.i26.6f2a4f2aIHbWZC\">\n<div class=\"id-py-12 id-border-[#ddd] id-border-b\">\n<div class=\"id-flex id-justify-between id-items-center id-text-[#222] id-font-inter id-font-bold id-text-[32px] id-leader-[42px] id-mb-[28px]\" data-testid=\"product-detail-title\">\n<p>Gi\u1edbi thi\u1ec7u v\u1ec1 nh\u00e0 cung c\u1ea5p n\u00e0y<br \/>\nC\u00f4ng ty TNHH Xu\u1ea5t Nh\u1eadp kh\u1ea9u N\u1ed9i th\u1ea5t Giang M\u00f4n Amber chuy\u00ean v\u1ec1 gh\u1ebf v\u0103n ph\u00f2ng c\u00f4ng th\u00e1i h\u1ecdc, cung c\u1ea5p c\u00e1c thi\u1ebft k\u1ebf khung th\u00e9p v\u00e0 ch\u1ea5t li\u1ec7u da PU b\u1ec1n ch\u1eafc. V\u1edbi \u0111\u1ed9i ng\u0169 xu\u1ea5t kh\u1ea9u chuy\u00ean nghi\u1ec7p, c\u00f4ng ty s\u1ea3n xu\u1ea5t 200 m\u1eabu m\u1edbi m\u1ed7i n\u0103m, ph\u1ee5c v\u1ee5 th\u1ecb tr\u01b0\u1eddng to\u00e0n c\u1ea7u v\u1edbi c\u00e1c gi\u1ea3i ph\u00e1p hi\u1ec7n \u0111\u1ea1i, c\u00f3 th\u1ec3 t\u00f9y ch\u1ec9nh.<\/p>\n<p>Th\u00f4ng s\u1ed1 k\u1ef9 thu\u1eadt \u0111\u00f3ng g\u00f3i v\u00e0 v\u1eadn chuy\u1ec3n<\/p>\n<\/div>\n<div class=\"id-flex id-flex-col id-mt-12\">\n<div class=\"id-flex id-justify-between id-items-center id-text-[#222] id-font-inter id-font-bold id-text-2xl id-relative id-mb-5\" data-testid=\"product-detail-title\">\n<div class=\"id-absolute id-left-0 id-right-0 id-bottom-0 id-h-[7px]\"><\/div>\n<\/div>\n<div class=\"id-flex id-flex-col\" data-testid=\"product-detail-image-simple\">\n<div><img decoding=\"async\" class=\"id-w-[100%] id-rounded-md\" src=\"https:\/\/sc04.alicdn.com\/kf\/H799329be9a7142da9f69be3c00b1079fr.jpg\" \/><\/div>\n<\/div>\n<\/div>\n<\/div>\n<\/div>","protected":false},"excerpt":{"rendered":"<p><strong>Chair\u00a0<\/strong>l\u00e0 1 m\u1eabu gh\u1ebf nh\u1eadp kh\u1ea9u tr\u1ef1c ti\u1ebfp c\u1ee7a\u00a0<strong>N\u1ed8I TH\u1ea4T AMA FURNITURE<\/strong>\u00a0, v\u1edbi thi\u1ebft k\u1ebf tinh t\u1ebf , t\u1ed1i gian t\u1ea1o n\u00ean v\u1ebb \u0111\u1eb9p sang tr\u1ecdng cho kh\u00f4ng gian Nh\u00e0 \u1edf, c\u0103n h\u1ed9, V\u0103n ph\u00f2ng v.v<\/p>\n<ul>\n<li>T\u00ednh n\u0103ng :\n<ul>\n<li>Ch\u1ea5t l\u01b0\u1ee3ng b\u1ec1n ch\u1eafc, s\u1eed d\u1ee5ng l\u00e2u d\u00e0i<\/li>\n<li>D\u1ec5 d\u00e0ng lau ch\u00f9i, v\u1ec7 sinh<\/li>\n<li>Ch\u1ed1ng va \u0111\u1eadp t\u1ed1t, m\u00e0u s\u1eafc s\u1ed1ng \u0111\u1ed9ng<\/li>\n<\/ul>\n<ul>\n<li>M\u1eb7t gh\u1ebf thi\u1ebft k\u1ebf tinh t\u1ebf d\u1ec5 ng\u1ed3i<\/li>\n<\/ul>\n<\/li>\n<\/ul>","protected":false},"featured_media":25189,"comment_status":"closed","ping_status":"closed","template":"","meta":[],"product_cat":[70],"product_tag":[],"yoast_head":"<!-- This site is optimized with the Yoast SEO Premium plugin v21.7 (Yoast SEO v21.7) - https:\/\/yoast.com\/wordpress\/plugins\/seo\/ -->\n<title>Gh\u1ebf l\u00e0m vi\u1ec7c AMA-CM-B213AS-1 - AMAFURNI<\/title>\n<meta name=\"robots\" content=\"index, follow, max-snippet:-1, max-image-preview:large, max-video-preview:-1\" \/>\n<link rel=\"canonical\" href=\"https:\/\/amafurni.vn\/en\/product\/ghe-lam-viec-ama-cm-b213as-1\/\" \/>\n<meta property=\"og:locale\" content=\"en_US\" \/>\n<meta property=\"og:type\" content=\"article\" \/>\n<meta property=\"og:title\" content=\"Gh\u1ebf l\u00e0m vi\u1ec7c AMA-CM-B213AS-1\" \/>\n<meta property=\"og:description\" content=\"Gh\u1ebf l\u00e0m vi\u1ec7c\u00a0l\u00e0 1 m\u1eabu gh\u1ebf nh\u1eadp kh\u1ea9u tr\u1ef1c ti\u1ebfp c\u1ee7a\u00a0N\u1ed8I TH\u1ea4T AMA FURNITURE\u00a0, v\u1edbi thi\u1ebft k\u1ebf tinh t\u1ebf , t\u1ed1i gian t\u1ea1o n\u00ean v\u1ebb \u0111\u1eb9p sang tr\u1ecdng cho kh\u00f4ng gian Nh\u00e0 \u1edf, c\u0103n h\u1ed9, V\u0103n ph\u00f2ng v.v   T\u00ednh n\u0103ng :   Ch\u1ea5t l\u01b0\u1ee3ng b\u1ec1n ch\u1eafc, s\u1eed d\u1ee5ng l\u00e2u d\u00e0i  D\u1ec5 d\u00e0ng lau ch\u00f9i, v\u1ec7 sinh  Ch\u1ed1ng va \u0111\u1eadp t\u1ed1t, m\u00e0u s\u1eafc s\u1ed1ng \u0111\u1ed9ng    M\u1eb7t gh\u1ebf thi\u1ebft k\u1ebf tinh t\u1ebf d\u1ec5 ng\u1ed3i\" \/>\n<meta property=\"og:url\" content=\"https:\/\/amafurni.vn\/en\/product\/ghe-lam-viec-ama-cm-b213as-1\/\" \/>\n<meta property=\"og:site_name\" content=\"AMAFURNI\" \/>\n<meta property=\"article:modified_time\" content=\"2026-05-08T09:58:51+00:00\" \/>\n<meta property=\"og:image\" content=\"https:\/\/amafurni.vn\/wp-content\/uploads\/2026\/05\/2.jpg\" \/>\n\t<meta property=\"og:image:width\" content=\"800\" \/>\n\t<meta property=\"og:image:height\" content=\"800\" \/>\n\t<meta property=\"og:image:type\" content=\"image\/jpeg\" \/>\n<meta name=\"twitter:card\" content=\"summary_large_image\" \/>\n<meta name=\"twitter:label1\" content=\"Est. reading time\" \/>\n\t<meta name=\"twitter:data1\" content=\"3 minutes\" \/>\n<script type=\"application\/ld+json\" class=\"yoast-schema-graph\">{\"@context\":\"https:\/\/schema.org\",\"@graph\":[{\"@type\":\"WebPage\",\"@id\":\"https:\/\/amafurni.vn\/san-pham\/ghe-lam-viec-ama-cm-b213as-1\/\",\"url\":\"https:\/\/amafurni.vn\/san-pham\/ghe-lam-viec-ama-cm-b213as-1\/\",\"name\":\"Gh\u1ebf l\u00e0m vi\u1ec7c AMA-CM-B213AS-1 - AMAFURNI\",\"isPartOf\":{\"@id\":\"https:\/\/amafurni.vn\/#website\"},\"datePublished\":\"2026-05-08T09:58:50+00:00\",\"dateModified\":\"2026-05-08T09:58:51+00:00\",\"breadcrumb\":{\"@id\":\"https:\/\/amafurni.vn\/san-pham\/ghe-lam-viec-ama-cm-b213as-1\/#breadcrumb\"},\"inLanguage\":\"en-US\",\"potentialAction\":[{\"@type\":\"ReadAction\",\"target\":[\"https:\/\/amafurni.vn\/san-pham\/ghe-lam-viec-ama-cm-b213as-1\/\"]}]},{\"@type\":\"BreadcrumbList\",\"@id\":\"https:\/\/amafurni.vn\/san-pham\/ghe-lam-viec-ama-cm-b213as-1\/#breadcrumb\",\"itemListElement\":[{\"@type\":\"ListItem\",\"position\":1,\"name\":\"Trang ch\u1ee7\",\"item\":\"https:\/\/amafurni.vn\/\"},{\"@type\":\"ListItem\",\"position\":2,\"name\":\"S\u1ea3n ph\u1ea9m\",\"item\":\"https:\/\/amafurni.vn\/san-pham\/\"},{\"@type\":\"ListItem\",\"position\":3,\"name\":\"Gh\u1ebf l\u00e0m vi\u1ec7c AMA-CM-B213AS-1\"}]},{\"@type\":\"WebSite\",\"@id\":\"https:\/\/amafurni.vn\/#website\",\"url\":\"https:\/\/amafurni.vn\/\",\"name\":\"AMAFURNI\",\"description\":\"\",\"potentialAction\":[{\"@type\":\"SearchAction\",\"target\":{\"@type\":\"EntryPoint\",\"urlTemplate\":\"https:\/\/amafurni.vn\/?s={search_term_string}\"},\"query-input\":\"required name=search_term_string\"}],\"inLanguage\":\"en-US\"}]}<\/script>\n<!-- \/ Yoast SEO Premium plugin. -->","yoast_head_json":{"title":"Gh\u1ebf l\u00e0m vi\u1ec7c AMA-CM-B213AS-1 - AMAFURNI","robots":{"index":"index","follow":"follow","max-snippet":"max-snippet:-1","max-image-preview":"max-image-preview:large","max-video-preview":"max-video-preview:-1"},"canonical":"https:\/\/amafurni.vn\/en\/product\/ghe-lam-viec-ama-cm-b213as-1\/","og_locale":"en_US","og_type":"article","og_title":"Gh\u1ebf l\u00e0m vi\u1ec7c AMA-CM-B213AS-1","og_description":"Gh\u1ebf l\u00e0m vi\u1ec7c\u00a0l\u00e0 1 m\u1eabu gh\u1ebf nh\u1eadp kh\u1ea9u tr\u1ef1c ti\u1ebfp c\u1ee7a\u00a0N\u1ed8I TH\u1ea4T AMA FURNITURE\u00a0, v\u1edbi thi\u1ebft k\u1ebf tinh t\u1ebf , t\u1ed1i gian t\u1ea1o n\u00ean v\u1ebb \u0111\u1eb9p sang tr\u1ecdng cho kh\u00f4ng gian Nh\u00e0 \u1edf, c\u0103n h\u1ed9, V\u0103n ph\u00f2ng v.v   T\u00ednh n\u0103ng :   Ch\u1ea5t l\u01b0\u1ee3ng b\u1ec1n ch\u1eafc, s\u1eed d\u1ee5ng l\u00e2u d\u00e0i  D\u1ec5 d\u00e0ng lau ch\u00f9i, v\u1ec7 sinh  Ch\u1ed1ng va \u0111\u1eadp t\u1ed1t, m\u00e0u s\u1eafc s\u1ed1ng \u0111\u1ed9ng    M\u1eb7t gh\u1ebf thi\u1ebft k\u1ebf tinh t\u1ebf d\u1ec5 ng\u1ed3i","og_url":"https:\/\/amafurni.vn\/en\/product\/ghe-lam-viec-ama-cm-b213as-1\/","og_site_name":"AMAFURNI","article_modified_time":"2026-05-08T09:58:51+00:00","og_image":[{"width":800,"height":800,"url":"https:\/\/amafurni.vn\/wp-content\/uploads\/2026\/05\/2.jpg","type":"image\/jpeg"}],"twitter_card":"summary_large_image","twitter_misc":{"Est. reading time":"3 minutes"},"schema":{"@context":"https:\/\/schema.org","@graph":[{"@type":"WebPage","@id":"https:\/\/amafurni.vn\/san-pham\/ghe-lam-viec-ama-cm-b213as-1\/","url":"https:\/\/amafurni.vn\/san-pham\/ghe-lam-viec-ama-cm-b213as-1\/","name":"Gh\u1ebf l\u00e0m vi\u1ec7c AMA-CM-B213AS-1 - AMAFURNI","isPartOf":{"@id":"https:\/\/amafurni.vn\/#website"},"datePublished":"2026-05-08T09:58:50+00:00","dateModified":"2026-05-08T09:58:51+00:00","breadcrumb":{"@id":"https:\/\/amafurni.vn\/san-pham\/ghe-lam-viec-ama-cm-b213as-1\/#breadcrumb"},"inLanguage":"en-US","potentialAction":[{"@type":"ReadAction","target":["https:\/\/amafurni.vn\/san-pham\/ghe-lam-viec-ama-cm-b213as-1\/"]}]},{"@type":"BreadcrumbList","@id":"https:\/\/amafurni.vn\/san-pham\/ghe-lam-viec-ama-cm-b213as-1\/#breadcrumb","itemListElement":[{"@type":"ListItem","position":1,"name":"Trang ch\u1ee7","item":"https:\/\/amafurni.vn\/"},{"@type":"ListItem","position":2,"name":"S\u1ea3n ph\u1ea9m","item":"https:\/\/amafurni.vn\/san-pham\/"},{"@type":"ListItem","position":3,"name":"Gh\u1ebf l\u00e0m vi\u1ec7c AMA-CM-B213AS-1"}]},{"@type":"WebSite","@id":"https:\/\/amafurni.vn\/#website","url":"https:\/\/amafurni.vn\/","name":"AMAFURNI","description":"","potentialAction":[{"@type":"SearchAction","target":{"@type":"EntryPoint","urlTemplate":"https:\/\/amafurni.vn\/?s={search_term_string}"},"query-input":"required name=search_term_string"}],"inLanguage":"en-US"}]}},"_links":{"self":[{"href":"https:\/\/amafurni.vn\/en\/wp-json\/wp\/v2\/product\/25188"}],"collection":[{"href":"https:\/\/amafurni.vn\/en\/wp-json\/wp\/v2\/product"}],"about":[{"href":"https:\/\/amafurni.vn\/en\/wp-json\/wp\/v2\/types\/product"}],"replies":[{"embeddable":true,"href":"https:\/\/amafurni.vn\/en\/wp-json\/wp\/v2\/comments?post=25188"}],"wp:featuredmedia":[{"embeddable":true,"href":"https:\/\/amafurni.vn\/en\/wp-json\/wp\/v2\/media\/25189"}],"wp:attachment":[{"href":"https:\/\/amafurni.vn\/en\/wp-json\/wp\/v2\/media?parent=25188"}],"wp:term":[{"taxonomy":"product_cat","embeddable":true,"href":"https:\/\/amafurni.vn\/en\/wp-json\/wp\/v2\/product_cat?post=25188"},{"taxonomy":"product_tag","embeddable":true,"href":"https:\/\/amafurni.vn\/en\/wp-json\/wp\/v2\/product_tag?post=25188"}],"curies":[{"name":"wp","href":"https:\/\/api.w.org\/{rel}","templated":true}]}}