{"id":2523,"date":"2023-12-06T11:23:48","date_gmt":"2023-12-06T04:23:48","guid":{"rendered":"https:\/\/amafurni.123websitedev.com\/san-pham\/ghe-lam-viec-cong-thai-hoc-ergonomics-gat-gu-bap-benh-thu-gian-ama-tms02-white\/"},"modified":"2025-11-12T14:10:33","modified_gmt":"2025-11-12T07:10:33","slug":"ghe-lam-viec-cong-thai-hoc-ergonomics-gat-gu-bap-benh-thu-gian-ama-tms02-white","status":"publish","type":"product","link":"https:\/\/amafurni.vn\/en\/product\/ghe-lam-viec-cong-thai-hoc-ergonomics-gat-gu-bap-benh-thu-gian-ama-tms02-white\/","title":{"rendered":"Gh\u1ebf L\u00e0m Vi\u1ec7c AMA-TMS02"},"content":{"rendered":"<p>&nbsp;<\/p>\n<table class=\"woocommerce-product-attributes shop_attributes\" style=\"width: 99.9089%; height: 115px;\" width=\"929\">\n<tbody>\n<tr class=\"woocommerce-product-attributes-item woocommerce-product-attributes-item--attribute_season\" style=\"height: 23px;\">\n<th class=\"woocommerce-product-attributes-item__label\" style=\"width: 26.5591%; height: 23px;\">Material<\/th>\n<td class=\"woocommerce-product-attributes-item__value\" style=\"width: 102.258%; height: 23px;\">S\u01b0\u1eddn nh\u1ef1a PP \u0111\u00fac \u0111\u1eb7c,T\u1ef1a l\u01b0ng+ \u0111\u1ec7m ng\u1ed3i b\u1ecdc v\u1ea3i l\u01b0\u1edbi tho\u00e1ng m\u1ecbn.<\/td>\n<\/tr>\n<tr class=\"woocommerce-product-attributes-item woocommerce-product-attributes-item--attribute_pa_color\" style=\"height: 23px;\">\n<th class=\"woocommerce-product-attributes-item__label\" style=\"width: 26.5591%; height: 23px;\">M\u00e0u S\u1eafc<\/th>\n<td class=\"woocommerce-product-attributes-item__value\" style=\"width: 102.258%; height: 23px;\">Nhi\u1ec1u m\u00e0u<\/td>\n<\/tr>\n<tr class=\"woocommerce-product-attributes-item woocommerce-product-attributes-item--attribute_style\" style=\"height: 23px;\">\n<th class=\"woocommerce-product-attributes-item__label\" style=\"width: 26.5591%; height: 23px;\">Size<\/th>\n<td class=\"woocommerce-product-attributes-item__value\" style=\"width: 102.258%; height: 23px;\">\u0110ang c\u1eadp nh\u1eadt<\/td>\n<\/tr>\n<tr class=\"woocommerce-product-attributes-item woocommerce-product-attributes-item--attribute_pa_material\" style=\"height: 23px;\">\n<th class=\"woocommerce-product-attributes-item__label\" style=\"width: 26.5591%; height: 23px;\">T\u00ednh N\u0103ng<\/th>\n<td class=\"woocommerce-product-attributes-item__value\" style=\"width: 102.258%; height: 23px;\">Xoay 360 \u0111\u1ed9, T\u0103ng\/Gi\u1ea3m chi\u1ec1u cao, G\u1eadt g\u00f9 b\u1eadp b\u00eanh.<\/td>\n<\/tr>\n<tr class=\"woocommerce-product-attributes-item woocommerce-product-attributes-item--attribute_item-code\" style=\"height: 23px;\">\n<th class=\"woocommerce-product-attributes-item__label\" style=\"width: 26.5591%; height: 23px;\">B\u1ea3o H\u00e0nh<\/th>\n<td class=\"woocommerce-product-attributes-item__value\" style=\"width: 102.258%; height: 23px;\">\u00a006 th\u00e1ng<\/td>\n<\/tr>\n<\/tbody>\n<\/table>","protected":false},"excerpt":{"rendered":"<p>&nbsp; Ch\u1ea5t Li\u1ec7u S\u01b0\u1eddn nh\u1ef1a PP \u0111\u00fac \u0111\u1eb7c,T\u1ef1a l\u01b0ng+ \u0111\u1ec7m ng\u1ed3i b\u1ecdc v\u1ea3i l\u01b0\u1edbi tho\u00e1ng m\u1ecbn. M\u00e0u S\u1eafc Nhi\u1ec1u m\u00e0u K\u00edch Th\u01b0\u1edbc \u0110ang c\u1eadp nh\u1eadt T\u00ednh N\u0103ng Xoay 360 \u0111\u1ed9, T\u0103ng\/Gi\u1ea3m chi\u1ec1u cao, G\u1eadt g\u00f9 b\u1eadp b\u00eanh. B\u1ea3o H\u00e0nh \u00a006 th\u00e1ng<\/p>","protected":false},"featured_media":2524,"comment_status":"open","ping_status":"closed","template":"","meta":[],"product_cat":[59,70,112],"product_tag":[283,398],"yoast_head":"<!-- This site is optimized with the Yoast SEO Premium plugin v21.7 (Yoast SEO v21.7) - https:\/\/yoast.com\/wordpress\/plugins\/seo\/ -->\n<title>Gh\u1ebf L\u00e0m Vi\u1ec7c AMA-TMS02 - AMAFURNI<\/title>\n<meta name=\"robots\" content=\"index, follow, max-snippet:-1, max-image-preview:large, max-video-preview:-1\" \/>\n<link rel=\"canonical\" href=\"https:\/\/amafurni.vn\/en\/product\/ghe-lam-viec-cong-thai-hoc-ergonomics-gat-gu-bap-benh-thu-gian-ama-tms02-white\/\" \/>\n<meta property=\"og:locale\" content=\"en_US\" \/>\n<meta property=\"og:type\" content=\"article\" \/>\n<meta property=\"og:title\" content=\"Gh\u1ebf L\u00e0m Vi\u1ec7c AMA-TMS02\" \/>\n<meta property=\"og:description\" content=\"&nbsp; Ch\u1ea5t Li\u1ec7u S\u01b0\u1eddn nh\u1ef1a PP \u0111\u00fac \u0111\u1eb7c,T\u1ef1a l\u01b0ng+ \u0111\u1ec7m ng\u1ed3i b\u1ecdc v\u1ea3i l\u01b0\u1edbi tho\u00e1ng m\u1ecbn. M\u00e0u S\u1eafc Nhi\u1ec1u m\u00e0u K\u00edch Th\u01b0\u1edbc \u0110ang c\u1eadp nh\u1eadt T\u00ednh N\u0103ng Xoay 360 \u0111\u1ed9, T\u0103ng\/Gi\u1ea3m chi\u1ec1u cao, G\u1eadt g\u00f9 b\u1eadp b\u00eanh. B\u1ea3o H\u00e0nh \u00a006 th\u00e1ng\" \/>\n<meta property=\"og:url\" content=\"https:\/\/amafurni.vn\/en\/product\/ghe-lam-viec-cong-thai-hoc-ergonomics-gat-gu-bap-benh-thu-gian-ama-tms02-white\/\" \/>\n<meta property=\"og:site_name\" content=\"AMAFURNI\" \/>\n<meta property=\"article:modified_time\" content=\"2025-11-12T07:10:33+00:00\" \/>\n<meta property=\"og:image\" content=\"https:\/\/amafurni.vn\/wp-content\/uploads\/2023\/12\/ghe-lam-viec-cong-thai-hoc-ergonomics-gat-gu-bap-benh-thu-gian-ama-tms02-white_656ff754736d8.jpeg\" \/>\n\t<meta property=\"og:image:width\" content=\"800\" \/>\n\t<meta property=\"og:image:height\" content=\"800\" \/>\n\t<meta property=\"og:image:type\" content=\"image\/jpeg\" \/>\n<meta name=\"twitter:card\" content=\"summary_large_image\" \/>\n<meta name=\"twitter:label1\" content=\"Est. reading time\" \/>\n\t<meta name=\"twitter:data1\" content=\"2 minutes\" \/>\n<script type=\"application\/ld+json\" class=\"yoast-schema-graph\">{\"@context\":\"https:\/\/schema.org\",\"@graph\":[{\"@type\":\"WebPage\",\"@id\":\"https:\/\/amafurni.vn\/san-pham\/ghe-lam-viec-cong-thai-hoc-ergonomics-gat-gu-bap-benh-thu-gian-ama-tms02-white\/\",\"url\":\"https:\/\/amafurni.vn\/san-pham\/ghe-lam-viec-cong-thai-hoc-ergonomics-gat-gu-bap-benh-thu-gian-ama-tms02-white\/\",\"name\":\"Gh\u1ebf L\u00e0m Vi\u1ec7c AMA-TMS02 - AMAFURNI\",\"isPartOf\":{\"@id\":\"https:\/\/amafurni.vn\/#website\"},\"datePublished\":\"2023-12-06T04:23:48+00:00\",\"dateModified\":\"2025-11-12T07:10:33+00:00\",\"breadcrumb\":{\"@id\":\"https:\/\/amafurni.vn\/san-pham\/ghe-lam-viec-cong-thai-hoc-ergonomics-gat-gu-bap-benh-thu-gian-ama-tms02-white\/#breadcrumb\"},\"inLanguage\":\"en-US\",\"potentialAction\":[{\"@type\":\"ReadAction\",\"target\":[\"https:\/\/amafurni.vn\/san-pham\/ghe-lam-viec-cong-thai-hoc-ergonomics-gat-gu-bap-benh-thu-gian-ama-tms02-white\/\"]}]},{\"@type\":\"BreadcrumbList\",\"@id\":\"https:\/\/amafurni.vn\/san-pham\/ghe-lam-viec-cong-thai-hoc-ergonomics-gat-gu-bap-benh-thu-gian-ama-tms02-white\/#breadcrumb\",\"itemListElement\":[{\"@type\":\"ListItem\",\"position\":1,\"name\":\"Trang ch\u1ee7\",\"item\":\"https:\/\/amafurni.vn\/\"},{\"@type\":\"ListItem\",\"position\":2,\"name\":\"S\u1ea3n ph\u1ea9m\",\"item\":\"https:\/\/amafurni.vn\/san-pham\/\"},{\"@type\":\"ListItem\",\"position\":3,\"name\":\"Gh\u1ebf L\u00e0m Vi\u1ec7c AMA-TMS02\"}]},{\"@type\":\"WebSite\",\"@id\":\"https:\/\/amafurni.vn\/#website\",\"url\":\"https:\/\/amafurni.vn\/\",\"name\":\"AMAFURNI\",\"description\":\"\",\"potentialAction\":[{\"@type\":\"SearchAction\",\"target\":{\"@type\":\"EntryPoint\",\"urlTemplate\":\"https:\/\/amafurni.vn\/?s={search_term_string}\"},\"query-input\":\"required name=search_term_string\"}],\"inLanguage\":\"en-US\"}]}<\/script>\n<!-- \/ Yoast SEO Premium plugin. -->","yoast_head_json":{"title":"Gh\u1ebf L\u00e0m Vi\u1ec7c AMA-TMS02 - AMAFURNI","robots":{"index":"index","follow":"follow","max-snippet":"max-snippet:-1","max-image-preview":"max-image-preview:large","max-video-preview":"max-video-preview:-1"},"canonical":"https:\/\/amafurni.vn\/en\/product\/ghe-lam-viec-cong-thai-hoc-ergonomics-gat-gu-bap-benh-thu-gian-ama-tms02-white\/","og_locale":"en_US","og_type":"article","og_title":"Gh\u1ebf L\u00e0m Vi\u1ec7c AMA-TMS02","og_description":"&nbsp; Ch\u1ea5t Li\u1ec7u S\u01b0\u1eddn nh\u1ef1a PP \u0111\u00fac \u0111\u1eb7c,T\u1ef1a l\u01b0ng+ \u0111\u1ec7m ng\u1ed3i b\u1ecdc v\u1ea3i l\u01b0\u1edbi tho\u00e1ng m\u1ecbn. M\u00e0u S\u1eafc Nhi\u1ec1u m\u00e0u K\u00edch Th\u01b0\u1edbc \u0110ang c\u1eadp nh\u1eadt T\u00ednh N\u0103ng Xoay 360 \u0111\u1ed9, T\u0103ng\/Gi\u1ea3m chi\u1ec1u cao, G\u1eadt g\u00f9 b\u1eadp b\u00eanh. B\u1ea3o H\u00e0nh \u00a006 th\u00e1ng","og_url":"https:\/\/amafurni.vn\/en\/product\/ghe-lam-viec-cong-thai-hoc-ergonomics-gat-gu-bap-benh-thu-gian-ama-tms02-white\/","og_site_name":"AMAFURNI","article_modified_time":"2025-11-12T07:10:33+00:00","og_image":[{"width":800,"height":800,"url":"https:\/\/amafurni.vn\/wp-content\/uploads\/2023\/12\/ghe-lam-viec-cong-thai-hoc-ergonomics-gat-gu-bap-benh-thu-gian-ama-tms02-white_656ff754736d8.jpeg","type":"image\/jpeg"}],"twitter_card":"summary_large_image","twitter_misc":{"Est. reading time":"2 minutes"},"schema":{"@context":"https:\/\/schema.org","@graph":[{"@type":"WebPage","@id":"https:\/\/amafurni.vn\/san-pham\/ghe-lam-viec-cong-thai-hoc-ergonomics-gat-gu-bap-benh-thu-gian-ama-tms02-white\/","url":"https:\/\/amafurni.vn\/san-pham\/ghe-lam-viec-cong-thai-hoc-ergonomics-gat-gu-bap-benh-thu-gian-ama-tms02-white\/","name":"Gh\u1ebf L\u00e0m Vi\u1ec7c AMA-TMS02 - AMAFURNI","isPartOf":{"@id":"https:\/\/amafurni.vn\/#website"},"datePublished":"2023-12-06T04:23:48+00:00","dateModified":"2025-11-12T07:10:33+00:00","breadcrumb":{"@id":"https:\/\/amafurni.vn\/san-pham\/ghe-lam-viec-cong-thai-hoc-ergonomics-gat-gu-bap-benh-thu-gian-ama-tms02-white\/#breadcrumb"},"inLanguage":"en-US","potentialAction":[{"@type":"ReadAction","target":["https:\/\/amafurni.vn\/san-pham\/ghe-lam-viec-cong-thai-hoc-ergonomics-gat-gu-bap-benh-thu-gian-ama-tms02-white\/"]}]},{"@type":"BreadcrumbList","@id":"https:\/\/amafurni.vn\/san-pham\/ghe-lam-viec-cong-thai-hoc-ergonomics-gat-gu-bap-benh-thu-gian-ama-tms02-white\/#breadcrumb","itemListElement":[{"@type":"ListItem","position":1,"name":"Trang ch\u1ee7","item":"https:\/\/amafurni.vn\/"},{"@type":"ListItem","position":2,"name":"S\u1ea3n ph\u1ea9m","item":"https:\/\/amafurni.vn\/san-pham\/"},{"@type":"ListItem","position":3,"name":"Gh\u1ebf L\u00e0m Vi\u1ec7c AMA-TMS02"}]},{"@type":"WebSite","@id":"https:\/\/amafurni.vn\/#website","url":"https:\/\/amafurni.vn\/","name":"AMAFURNI","description":"","potentialAction":[{"@type":"SearchAction","target":{"@type":"EntryPoint","urlTemplate":"https:\/\/amafurni.vn\/?s={search_term_string}"},"query-input":"required name=search_term_string"}],"inLanguage":"en-US"}]}},"_links":{"self":[{"href":"https:\/\/amafurni.vn\/en\/wp-json\/wp\/v2\/product\/2523"}],"collection":[{"href":"https:\/\/amafurni.vn\/en\/wp-json\/wp\/v2\/product"}],"about":[{"href":"https:\/\/amafurni.vn\/en\/wp-json\/wp\/v2\/types\/product"}],"replies":[{"embeddable":true,"href":"https:\/\/amafurni.vn\/en\/wp-json\/wp\/v2\/comments?post=2523"}],"wp:featuredmedia":[{"embeddable":true,"href":"https:\/\/amafurni.vn\/en\/wp-json\/wp\/v2\/media\/2524"}],"wp:attachment":[{"href":"https:\/\/amafurni.vn\/en\/wp-json\/wp\/v2\/media?parent=2523"}],"wp:term":[{"taxonomy":"product_cat","embeddable":true,"href":"https:\/\/amafurni.vn\/en\/wp-json\/wp\/v2\/product_cat?post=2523"},{"taxonomy":"product_tag","embeddable":true,"href":"https:\/\/amafurni.vn\/en\/wp-json\/wp\/v2\/product_tag?post=2523"}],"curies":[{"name":"wp","href":"https:\/\/api.w.org\/{rel}","templated":true}]}}