{"id":2531,"date":"2023-12-06T11:24:27","date_gmt":"2023-12-06T04:24:27","guid":{"rendered":"https:\/\/amafurni.123websitedev.com\/san-pham\/ghe-lam-viec-cong-thai-hoc-ergonomics-nga-lung-thu-gian-ama-cth-869-m1\/"},"modified":"2025-11-12T14:10:33","modified_gmt":"2025-11-12T07:10:33","slug":"ghe-ama-869","status":"publish","type":"product","link":"https:\/\/amafurni.vn\/en\/product\/ghe-ama-869\/","title":{"rendered":"Gh\u1ebf AMA-869"},"content":{"rendered":"<table class=\"woocommerce-product-attributes shop_attributes\" style=\"width: 100.76%; height: 286px;\" width=\"929\">\n<tbody>\n<tr class=\"woocommerce-product-attributes-item woocommerce-product-attributes-item--attribute_season\" style=\"height: 24px;\">\n<th class=\"woocommerce-product-attributes-item__label\" style=\"height: 24px; width: 10.9501%;\">Material<\/th>\n<td style=\"width: 88.2742%; height: 24px;\">\u00a0S\u01b0\u1eddn nh\u1ef1a PP, b\u1ecdc v\u1ea3i l\u01b0\u1edbi, N\u1ec7m b\u1ecdc PU, Ch\u00e2n gh\u1ebf: S\u1eaft m\u1ea1 crom<\/td>\n<\/tr>\n<tr class=\"woocommerce-product-attributes-item woocommerce-product-attributes-item--attribute_pa_color\" style=\"height: 24px;\">\n<th class=\"woocommerce-product-attributes-item__label\" style=\"height: 25px; width: 10.9501%;\">M\u00e0u S\u1eafc<\/th>\n<td class=\"woocommerce-product-attributes-item__value\" style=\"height: 25px; width: 88.2742%;\">\u0110EN<\/td>\n<\/tr>\n<tr class=\"woocommerce-product-attributes-item woocommerce-product-attributes-item--attribute_style\" style=\"height: 24px;\">\n<th class=\"woocommerce-product-attributes-item__label\" style=\"height: 10px; width: 10.9501%;\">T\u1ea3i tr\u1ecdng t\u1ed1i \u0111a<\/th>\n<td class=\"woocommerce-product-attributes-item__value\" style=\"height: 10px; width: 88.2742%;\">100kg<\/td>\n<\/tr>\n<tr class=\"woocommerce-product-attributes-item woocommerce-product-attributes-item--attribute_pa_material\" style=\"height: 24px;\">\n<th class=\"woocommerce-product-attributes-item__label\" style=\"height: 24px; width: 10.9501%;\">T\u00ednh N\u0103ng<\/th>\n<td class=\"woocommerce-product-attributes-item__value\" style=\"height: 24px; width: 88.2742%;\">Xoay 360 \u0111\u1ed9, T\u0103ng gi\u1ea3m chi\u1ec1u cao, True Tilt (c\u00f3 ch\u1ee9c n\u0103ng kh\u00f3a \/ m\u1edf ng\u1ea3 l\u01b0ng), k\u00e8m ch\u00e2n g\u00e1c.<\/td>\n<\/tr>\n<tr class=\"woocommerce-product-attributes-item woocommerce-product-attributes-item--attribute_item-code\" style=\"height: 24px;\">\n<th class=\"woocommerce-product-attributes-item__label\" style=\"height: 24px; width: 10.9501%;\">B\u1ea3o H\u00e0nh<\/th>\n<td class=\"woocommerce-product-attributes-item__value\" style=\"height: 24px; width: 88.2742%;\">12 th\u00e1ng<\/td>\n<\/tr>\n<\/tbody>\n<\/table>","protected":false},"excerpt":{"rendered":"<p>Thi\u1ebft k\u1ebf C\u00f4ng th\u00e1i h\u1ecdc b\u1ea3o v\u1ec7 c\u1ed9t s\u1ed1ng,T\u1ed1t cho s\u1ee9c kho\u1ebb<br \/>\nPiston \u0111i\u1ec1u ch\u1ec9nh \u0111\u1ed9 cao th\u1ea5p c\u1ee7a gh\u1ebf, \u0111\u1ea1t ti\u00eau chu\u1ea9n BIFMA c\u1ee7a M\u1ef9<br \/>\n&#8211; Khung l\u01b0ng b\u1eb1ng nh\u1ef1a ABS cao c\u1ea5p, th\u00e2n thi\u1ec7n m\u00f4i tr\u01b0\u1eddng<br \/>\n&#8211; T\u1ef1a l\u01b0ng+ \u0111\u1ec7m ng\u1ed3i+ t\u1ef1a \u0111\u1ea7u b\u1ecdc s\u1ee3i v\u1ea3i + s\u1ee3i c\u01b0\u1edbc polyeste l\u01b0\u1edbi cao c\u1ea5p, tho\u00e1ng m\u00e1t<br \/>\n-T\u1ef1a \u0111\u1ee1 c\u1ed5 ph\u00f9 h\u1ee3p c\u01a1 th\u1ec3 -&gt; ch\u1ed3ng \u0111au m\u1ecfi vai g\u00e1y c\u1ed5<br \/>\n-L\u01b0ng gh\u1ebf thi\u1ebft k\u1ebf s\u01b0\u1eddn nh\u1ef1a tr\u1eafng PP \u0111\u1ee9c \u0111\u1eb7c t\u1ea1o m\u00e0u s\u1eafc \u0111i\u1ec3m nh\u1ea5n cho s\u1ea3n ph\u1ea9m<br \/>\n&#8211; Ch\u00e2n gh\u1ebf thi\u1ebft k\u1ebf b\u1edfi s\u1eaft m\u1ea1 crom.<br \/>\nB\u00e1nh xe b\u1eb1ng nh\u1ef1a PU ch\u1ed1ng s\u1ed1c, ch\u1ecbu \u0111c tr\u1ecdng l\u01b0\u1ee3ng 190kg<br \/>\n-Tr\u1ecdng l\u01b0\u1ee3ng gh\u1ebf:20kg<\/p>","protected":false},"featured_media":15479,"comment_status":"open","ping_status":"closed","template":"","meta":[],"product_cat":[59,70,71,109],"product_tag":[338,124,285],"yoast_head":"<!-- This site is optimized with the Yoast SEO Premium plugin v21.7 (Yoast SEO v21.7) - https:\/\/yoast.com\/wordpress\/plugins\/seo\/ -->\n<title>Gh\u1ebf AMA-869 - AMAFURNI<\/title>\n<meta name=\"robots\" content=\"index, follow, max-snippet:-1, max-image-preview:large, max-video-preview:-1\" \/>\n<link rel=\"canonical\" href=\"https:\/\/amafurni.vn\/en\/product\/ghe-ama-869\/\" \/>\n<meta property=\"og:locale\" content=\"en_US\" \/>\n<meta property=\"og:type\" content=\"article\" \/>\n<meta property=\"og:title\" content=\"Gh\u1ebf AMA-869\" \/>\n<meta property=\"og:description\" content=\"Thi\u1ebft k\u1ebf C\u00f4ng th\u00e1i h\u1ecdc b\u1ea3o v\u1ec7 c\u1ed9t s\u1ed1ng,T\u1ed1t cho s\u1ee9c kho\u1ebb Piston \u0111i\u1ec1u ch\u1ec9nh \u0111\u1ed9 cao th\u1ea5p c\u1ee7a gh\u1ebf, \u0111\u1ea1t ti\u00eau chu\u1ea9n BIFMA c\u1ee7a M\u1ef9 - Khung l\u01b0ng b\u1eb1ng nh\u1ef1a ABS cao c\u1ea5p, th\u00e2n thi\u1ec7n m\u00f4i tr\u01b0\u1eddng - T\u1ef1a l\u01b0ng+ \u0111\u1ec7m ng\u1ed3i+ t\u1ef1a \u0111\u1ea7u b\u1ecdc s\u1ee3i v\u1ea3i + s\u1ee3i c\u01b0\u1edbc polyeste l\u01b0\u1edbi cao c\u1ea5p, tho\u00e1ng m\u00e1t -T\u1ef1a \u0111\u1ee1 c\u1ed5 ph\u00f9 h\u1ee3p c\u01a1 th\u1ec3 -&gt; ch\u1ed3ng \u0111au m\u1ecfi vai g\u00e1y c\u1ed5 -L\u01b0ng gh\u1ebf thi\u1ebft k\u1ebf s\u01b0\u1eddn nh\u1ef1a tr\u1eafng PP \u0111\u1ee9c \u0111\u1eb7c t\u1ea1o m\u00e0u s\u1eafc \u0111i\u1ec3m nh\u1ea5n cho s\u1ea3n ph\u1ea9m - Ch\u00e2n gh\u1ebf thi\u1ebft k\u1ebf b\u1edfi s\u1eaft m\u1ea1 crom. B\u00e1nh xe b\u1eb1ng nh\u1ef1a PU ch\u1ed1ng s\u1ed1c, ch\u1ecbu \u0111c tr\u1ecdng l\u01b0\u1ee3ng 190kg -Tr\u1ecdng l\u01b0\u1ee3ng gh\u1ebf:20kg\" \/>\n<meta property=\"og:url\" content=\"https:\/\/amafurni.vn\/en\/product\/ghe-ama-869\/\" \/>\n<meta property=\"og:site_name\" content=\"AMAFURNI\" \/>\n<meta property=\"article:modified_time\" content=\"2025-11-12T07:10:33+00:00\" \/>\n<meta property=\"og:image\" content=\"https:\/\/amafurni.vn\/wp-content\/uploads\/2023\/12\/z5581948575413_a53a36917428d26c2f091899cb5d2a51.jpg\" \/>\n\t<meta property=\"og:image:width\" content=\"800\" \/>\n\t<meta property=\"og:image:height\" content=\"800\" \/>\n\t<meta property=\"og:image:type\" content=\"image\/jpeg\" \/>\n<meta name=\"twitter:card\" content=\"summary_large_image\" \/>\n<meta name=\"twitter:label1\" content=\"Est. reading time\" \/>\n\t<meta name=\"twitter:data1\" content=\"1 minute\" \/>\n<script type=\"application\/ld+json\" class=\"yoast-schema-graph\">{\"@context\":\"https:\/\/schema.org\",\"@graph\":[{\"@type\":\"WebPage\",\"@id\":\"https:\/\/amafurni.vn\/san-pham\/ghe-ama-869\/\",\"url\":\"https:\/\/amafurni.vn\/san-pham\/ghe-ama-869\/\",\"name\":\"Gh\u1ebf AMA-869 - AMAFURNI\",\"isPartOf\":{\"@id\":\"https:\/\/amafurni.vn\/#website\"},\"datePublished\":\"2023-12-06T04:24:27+00:00\",\"dateModified\":\"2025-11-12T07:10:33+00:00\",\"breadcrumb\":{\"@id\":\"https:\/\/amafurni.vn\/san-pham\/ghe-ama-869\/#breadcrumb\"},\"inLanguage\":\"en-US\",\"potentialAction\":[{\"@type\":\"ReadAction\",\"target\":[\"https:\/\/amafurni.vn\/san-pham\/ghe-ama-869\/\"]}]},{\"@type\":\"BreadcrumbList\",\"@id\":\"https:\/\/amafurni.vn\/san-pham\/ghe-ama-869\/#breadcrumb\",\"itemListElement\":[{\"@type\":\"ListItem\",\"position\":1,\"name\":\"Trang ch\u1ee7\",\"item\":\"https:\/\/amafurni.vn\/\"},{\"@type\":\"ListItem\",\"position\":2,\"name\":\"S\u1ea3n ph\u1ea9m\",\"item\":\"https:\/\/amafurni.vn\/san-pham\/\"},{\"@type\":\"ListItem\",\"position\":3,\"name\":\"Gh\u1ebf AMA-869\"}]},{\"@type\":\"WebSite\",\"@id\":\"https:\/\/amafurni.vn\/#website\",\"url\":\"https:\/\/amafurni.vn\/\",\"name\":\"AMAFURNI\",\"description\":\"\",\"potentialAction\":[{\"@type\":\"SearchAction\",\"target\":{\"@type\":\"EntryPoint\",\"urlTemplate\":\"https:\/\/amafurni.vn\/?s={search_term_string}\"},\"query-input\":\"required name=search_term_string\"}],\"inLanguage\":\"en-US\"}]}<\/script>\n<!-- \/ Yoast SEO Premium plugin. -->","yoast_head_json":{"title":"Gh\u1ebf AMA-869 - AMAFURNI","robots":{"index":"index","follow":"follow","max-snippet":"max-snippet:-1","max-image-preview":"max-image-preview:large","max-video-preview":"max-video-preview:-1"},"canonical":"https:\/\/amafurni.vn\/en\/product\/ghe-ama-869\/","og_locale":"en_US","og_type":"article","og_title":"Gh\u1ebf AMA-869","og_description":"Thi\u1ebft k\u1ebf C\u00f4ng th\u00e1i h\u1ecdc b\u1ea3o v\u1ec7 c\u1ed9t s\u1ed1ng,T\u1ed1t cho s\u1ee9c kho\u1ebb Piston \u0111i\u1ec1u ch\u1ec9nh \u0111\u1ed9 cao th\u1ea5p c\u1ee7a gh\u1ebf, \u0111\u1ea1t ti\u00eau chu\u1ea9n BIFMA c\u1ee7a M\u1ef9 - Khung l\u01b0ng b\u1eb1ng nh\u1ef1a ABS cao c\u1ea5p, th\u00e2n thi\u1ec7n m\u00f4i tr\u01b0\u1eddng - T\u1ef1a l\u01b0ng+ \u0111\u1ec7m ng\u1ed3i+ t\u1ef1a \u0111\u1ea7u b\u1ecdc s\u1ee3i v\u1ea3i + s\u1ee3i c\u01b0\u1edbc polyeste l\u01b0\u1edbi cao c\u1ea5p, tho\u00e1ng m\u00e1t -T\u1ef1a \u0111\u1ee1 c\u1ed5 ph\u00f9 h\u1ee3p c\u01a1 th\u1ec3 -&gt; ch\u1ed3ng \u0111au m\u1ecfi vai g\u00e1y c\u1ed5 -L\u01b0ng gh\u1ebf thi\u1ebft k\u1ebf s\u01b0\u1eddn nh\u1ef1a tr\u1eafng PP \u0111\u1ee9c \u0111\u1eb7c t\u1ea1o m\u00e0u s\u1eafc \u0111i\u1ec3m nh\u1ea5n cho s\u1ea3n ph\u1ea9m - Ch\u00e2n gh\u1ebf thi\u1ebft k\u1ebf b\u1edfi s\u1eaft m\u1ea1 crom. B\u00e1nh xe b\u1eb1ng nh\u1ef1a PU ch\u1ed1ng s\u1ed1c, ch\u1ecbu \u0111c tr\u1ecdng l\u01b0\u1ee3ng 190kg -Tr\u1ecdng l\u01b0\u1ee3ng gh\u1ebf:20kg","og_url":"https:\/\/amafurni.vn\/en\/product\/ghe-ama-869\/","og_site_name":"AMAFURNI","article_modified_time":"2025-11-12T07:10:33+00:00","og_image":[{"width":800,"height":800,"url":"https:\/\/amafurni.vn\/wp-content\/uploads\/2023\/12\/z5581948575413_a53a36917428d26c2f091899cb5d2a51.jpg","type":"image\/jpeg"}],"twitter_card":"summary_large_image","twitter_misc":{"Est. reading time":"1 minute"},"schema":{"@context":"https:\/\/schema.org","@graph":[{"@type":"WebPage","@id":"https:\/\/amafurni.vn\/san-pham\/ghe-ama-869\/","url":"https:\/\/amafurni.vn\/san-pham\/ghe-ama-869\/","name":"Gh\u1ebf AMA-869 - AMAFURNI","isPartOf":{"@id":"https:\/\/amafurni.vn\/#website"},"datePublished":"2023-12-06T04:24:27+00:00","dateModified":"2025-11-12T07:10:33+00:00","breadcrumb":{"@id":"https:\/\/amafurni.vn\/san-pham\/ghe-ama-869\/#breadcrumb"},"inLanguage":"en-US","potentialAction":[{"@type":"ReadAction","target":["https:\/\/amafurni.vn\/san-pham\/ghe-ama-869\/"]}]},{"@type":"BreadcrumbList","@id":"https:\/\/amafurni.vn\/san-pham\/ghe-ama-869\/#breadcrumb","itemListElement":[{"@type":"ListItem","position":1,"name":"Trang ch\u1ee7","item":"https:\/\/amafurni.vn\/"},{"@type":"ListItem","position":2,"name":"S\u1ea3n ph\u1ea9m","item":"https:\/\/amafurni.vn\/san-pham\/"},{"@type":"ListItem","position":3,"name":"Gh\u1ebf AMA-869"}]},{"@type":"WebSite","@id":"https:\/\/amafurni.vn\/#website","url":"https:\/\/amafurni.vn\/","name":"AMAFURNI","description":"","potentialAction":[{"@type":"SearchAction","target":{"@type":"EntryPoint","urlTemplate":"https:\/\/amafurni.vn\/?s={search_term_string}"},"query-input":"required name=search_term_string"}],"inLanguage":"en-US"}]}},"_links":{"self":[{"href":"https:\/\/amafurni.vn\/en\/wp-json\/wp\/v2\/product\/2531"}],"collection":[{"href":"https:\/\/amafurni.vn\/en\/wp-json\/wp\/v2\/product"}],"about":[{"href":"https:\/\/amafurni.vn\/en\/wp-json\/wp\/v2\/types\/product"}],"replies":[{"embeddable":true,"href":"https:\/\/amafurni.vn\/en\/wp-json\/wp\/v2\/comments?post=2531"}],"wp:featuredmedia":[{"embeddable":true,"href":"https:\/\/amafurni.vn\/en\/wp-json\/wp\/v2\/media\/15479"}],"wp:attachment":[{"href":"https:\/\/amafurni.vn\/en\/wp-json\/wp\/v2\/media?parent=2531"}],"wp:term":[{"taxonomy":"product_cat","embeddable":true,"href":"https:\/\/amafurni.vn\/en\/wp-json\/wp\/v2\/product_cat?post=2531"},{"taxonomy":"product_tag","embeddable":true,"href":"https:\/\/amafurni.vn\/en\/wp-json\/wp\/v2\/product_tag?post=2531"}],"curies":[{"name":"wp","href":"https:\/\/api.w.org\/{rel}","templated":true}]}}