{"id":2536,"date":"2023-12-06T11:24:44","date_gmt":"2023-12-06T04:24:44","guid":{"rendered":"https:\/\/amafurni.123websitedev.com\/san-pham\/ghe-lam-viec-cong-thai-hoc-ergonomics-nga-lung-thu-gian-ama-cth-spirit-m2\/"},"modified":"2025-11-21T13:37:10","modified_gmt":"2025-11-21T06:37:10","slug":"ghe-ama-spirit","status":"publish","type":"product","link":"https:\/\/amafurni.vn\/en\/product\/ghe-ama-spirit\/","title":{"rendered":"Gh\u1ebf c\u00f4ng th\u00e1i h\u1ecdc AMA-TP004 (Spirit)"},"content":{"rendered":"<table class=\"woocommerce-product-attributes shop_attributes\" style=\"width: 100.66%; height: 278px;\" width=\"929\">\n<tbody>\n<tr class=\"woocommerce-product-attributes-item woocommerce-product-attributes-item--attribute_season\" style=\"height: 24px;\">\n<th class=\"woocommerce-product-attributes-item__label\" style=\"height: 10px; width: 10.9501%;\">Material<\/th>\n<td style=\"width: 88.2742%; height: 10px;\">S\u01b0\u1eddn nh\u1ef1a PP \u0111\u00fac \u0111\u1eb7c, l\u01b0\u1edbi polyester \u0111an xe s\u1ee3i v\u1ea3i, Ch\u00e2n s\u1eaft m\u1ea1 crom, b\u00e1nh xe.<\/td>\n<\/tr>\n<tr class=\"woocommerce-product-attributes-item woocommerce-product-attributes-item--attribute_pa_color\" style=\"height: 24px;\">\n<th class=\"woocommerce-product-attributes-item__label\" style=\"height: 25px; width: 10.9501%;\">M\u00e0u S\u1eafc<\/th>\n<td class=\"woocommerce-product-attributes-item__value\" style=\"height: 25px; width: 88.2742%;\">Tr\u1eafng , \u0110\u1ecf , \u0110en<\/td>\n<\/tr>\n<tr class=\"woocommerce-product-attributes-item woocommerce-product-attributes-item--attribute_style\" style=\"height: 24px;\">\n<th class=\"woocommerce-product-attributes-item__label\" style=\"height: 24px; width: 10.9501%;\">K\u00edch th\u01b0\u1edbc<\/th>\n<td class=\"woocommerce-product-attributes-item__value\" style=\"height: 24px; width: 88.2742%;\">\u0110ang c\u1eadp nh\u1eadt.<\/td>\n<\/tr>\n<tr class=\"woocommerce-product-attributes-item woocommerce-product-attributes-item--attribute_pa_material\" style=\"height: 24px;\">\n<th class=\"woocommerce-product-attributes-item__label\" style=\"height: 24px; width: 10.9501%;\">T\u00ednh N\u0103ng<\/th>\n<td class=\"woocommerce-product-attributes-item__value\" style=\"height: 24px; width: 88.2742%;\">T\u0103ng\/Gi\u1ea3m chi\u1ec1u cao, Tay t\u0103ng\/gi\u1ea3m chi\u1ec1u cao, \u0110\u1ea7u gh\u1ebf \u0111i\u1ec1u ch\u1ec9nh, Ng\u1ea3 l\u01b0ng kho\u00e1 ch\u1ed1t c\u1ed1 \u0111\u1ecbnh, b\u00e1nh xe d\u1ec5 d\u00e0ng di chuy\u1ec3n.<\/td>\n<\/tr>\n<tr class=\"woocommerce-product-attributes-item woocommerce-product-attributes-item--attribute_item-code\" style=\"height: 24px;\">\n<th class=\"woocommerce-product-attributes-item__label\" style=\"height: 24px; width: 10.9501%;\">B\u1ea3o H\u00e0nh<\/th>\n<td class=\"woocommerce-product-attributes-item__value\" style=\"height: 24px; width: 88.2742%;\">12 th\u00e1ng<\/td>\n<\/tr>\n<\/tbody>\n<\/table>","protected":false},"excerpt":{"rendered":"<p>Thi\u1ebft k\u1ebf C\u00f4ng th\u00e1i h\u1ecdc b\u1ea3o v\u1ec7 c\u1ed9t s\u1ed1ng,T\u1ed1t cho s\u1ee9c kho\u1ebb<br \/>\nPiston \u0111i\u1ec1u ch\u1ec9nh \u0111\u1ed9 cao th\u1ea5p c\u1ee7a gh\u1ebf, \u0111\u1ea1t ti\u00eau chu\u1ea9n BIFMA c\u1ee7a M\u1ef9<br \/>\n&#8211; Khung l\u01b0ng b\u1eb1ng nh\u1ef1a ABS cao c\u1ea5p, th\u00e2n thi\u1ec7n m\u00f4i tr\u01b0\u1eddng<br \/>\n&#8211; T\u1ef1a l\u01b0ng+ \u0111\u1ec7m ng\u1ed3i+ t\u1ef1a \u0111\u1ea7u b\u1ecdc s\u1ee3i v\u1ea3i + s\u1ee3i c\u01b0\u1edbc polyeste l\u01b0\u1edbi cao c\u1ea5p, tho\u00e1ng m\u00e1t<br \/>\n-T\u1ef1a \u0111\u1ee1 c\u1ed5 ph\u00f9 h\u1ee3p c\u01a1 th\u1ec3 -&gt; ch\u1ed3ng \u0111au m\u1ecfi vai g\u00e1y c\u1ed5<br \/>\n-L\u01b0ng gh\u1ebf thi\u1ebft k\u1ebf h\u1ee3p kim nh\u00f4m \u0111i\u1ec3m nh\u1ea5n cho s\u1ea3n ph\u1ea9m<br \/>\n&#8211; Ch\u00e2n gh\u1ebf thi\u1ebft k\u1ebf b\u1edfi h\u1ee3p kim nh\u00f4m.<br \/>\nB\u00e1nh xe b\u1eb1ng nh\u1ef1a PU ch\u1ed1ng s\u1ed1c, ch\u1ecbu \u0111c tr\u1ecdng l\u01b0\u1ee3ng 110KG<br \/>\n-Tr\u1ecdng l\u01b0\u1ee3ng gh\u1ebf:20kg<\/p>","protected":false},"featured_media":2537,"comment_status":"open","ping_status":"closed","template":"","meta":[],"product_cat":[59,70,71,106,107],"product_tag":[338,124],"yoast_head":"<!-- This site is optimized with the Yoast SEO Premium plugin v21.7 (Yoast SEO v21.7) - https:\/\/yoast.com\/wordpress\/plugins\/seo\/ -->\n<title>Gh\u1ebf c\u00f4ng th\u00e1i h\u1ecdc AMA-TP004 (Spirit) - AMAFURNI<\/title>\n<meta name=\"robots\" content=\"index, follow, max-snippet:-1, max-image-preview:large, max-video-preview:-1\" \/>\n<link rel=\"canonical\" href=\"https:\/\/amafurni.vn\/en\/product\/ghe-ama-spirit\/\" \/>\n<meta property=\"og:locale\" content=\"en_US\" \/>\n<meta property=\"og:type\" content=\"article\" \/>\n<meta property=\"og:title\" content=\"Gh\u1ebf c\u00f4ng th\u00e1i h\u1ecdc AMA-TP004 (Spirit)\" \/>\n<meta property=\"og:description\" content=\"Thi\u1ebft k\u1ebf C\u00f4ng th\u00e1i h\u1ecdc b\u1ea3o v\u1ec7 c\u1ed9t s\u1ed1ng,T\u1ed1t cho s\u1ee9c kho\u1ebb Piston \u0111i\u1ec1u ch\u1ec9nh \u0111\u1ed9 cao th\u1ea5p c\u1ee7a gh\u1ebf, \u0111\u1ea1t ti\u00eau chu\u1ea9n BIFMA c\u1ee7a M\u1ef9 - Khung l\u01b0ng b\u1eb1ng nh\u1ef1a ABS cao c\u1ea5p, th\u00e2n thi\u1ec7n m\u00f4i tr\u01b0\u1eddng - T\u1ef1a l\u01b0ng+ \u0111\u1ec7m ng\u1ed3i+ t\u1ef1a \u0111\u1ea7u b\u1ecdc s\u1ee3i v\u1ea3i + s\u1ee3i c\u01b0\u1edbc polyeste l\u01b0\u1edbi cao c\u1ea5p, tho\u00e1ng m\u00e1t -T\u1ef1a \u0111\u1ee1 c\u1ed5 ph\u00f9 h\u1ee3p c\u01a1 th\u1ec3 -&gt; ch\u1ed3ng \u0111au m\u1ecfi vai g\u00e1y c\u1ed5 -L\u01b0ng gh\u1ebf thi\u1ebft k\u1ebf h\u1ee3p kim nh\u00f4m \u0111i\u1ec3m nh\u1ea5n cho s\u1ea3n ph\u1ea9m - Ch\u00e2n gh\u1ebf thi\u1ebft k\u1ebf b\u1edfi h\u1ee3p kim nh\u00f4m. B\u00e1nh xe b\u1eb1ng nh\u1ef1a PU ch\u1ed1ng s\u1ed1c, ch\u1ecbu \u0111c tr\u1ecdng l\u01b0\u1ee3ng 110KG -Tr\u1ecdng l\u01b0\u1ee3ng gh\u1ebf:20kg\" \/>\n<meta property=\"og:url\" content=\"https:\/\/amafurni.vn\/en\/product\/ghe-ama-spirit\/\" \/>\n<meta property=\"og:site_name\" content=\"AMAFURNI\" \/>\n<meta property=\"article:modified_time\" content=\"2025-11-21T06:37:10+00:00\" \/>\n<meta property=\"og:image\" content=\"https:\/\/amafurni.vn\/wp-content\/uploads\/2023\/12\/ghe-lam-viec-cong-thai-hoc-ergonomics-nga-lung-thu-gian-ama-cth-spirit-m2_656ff78c9c80c.jpeg\" \/>\n\t<meta property=\"og:image:width\" content=\"800\" \/>\n\t<meta property=\"og:image:height\" content=\"800\" \/>\n\t<meta property=\"og:image:type\" content=\"image\/jpeg\" \/>\n<meta name=\"twitter:card\" content=\"summary_large_image\" \/>\n<meta name=\"twitter:label1\" content=\"Est. reading time\" \/>\n\t<meta name=\"twitter:data1\" content=\"1 minute\" \/>\n<script type=\"application\/ld+json\" class=\"yoast-schema-graph\">{\"@context\":\"https:\/\/schema.org\",\"@graph\":[{\"@type\":\"WebPage\",\"@id\":\"https:\/\/amafurni.vn\/san-pham\/ghe-ama-spirit\/\",\"url\":\"https:\/\/amafurni.vn\/san-pham\/ghe-ama-spirit\/\",\"name\":\"Gh\u1ebf c\u00f4ng th\u00e1i h\u1ecdc AMA-TP004 (Spirit) - AMAFURNI\",\"isPartOf\":{\"@id\":\"https:\/\/amafurni.vn\/#website\"},\"datePublished\":\"2023-12-06T04:24:44+00:00\",\"dateModified\":\"2025-11-21T06:37:10+00:00\",\"breadcrumb\":{\"@id\":\"https:\/\/amafurni.vn\/san-pham\/ghe-ama-spirit\/#breadcrumb\"},\"inLanguage\":\"en-US\",\"potentialAction\":[{\"@type\":\"ReadAction\",\"target\":[\"https:\/\/amafurni.vn\/san-pham\/ghe-ama-spirit\/\"]}]},{\"@type\":\"BreadcrumbList\",\"@id\":\"https:\/\/amafurni.vn\/san-pham\/ghe-ama-spirit\/#breadcrumb\",\"itemListElement\":[{\"@type\":\"ListItem\",\"position\":1,\"name\":\"Trang ch\u1ee7\",\"item\":\"https:\/\/amafurni.vn\/\"},{\"@type\":\"ListItem\",\"position\":2,\"name\":\"S\u1ea3n ph\u1ea9m\",\"item\":\"https:\/\/amafurni.vn\/san-pham\/\"},{\"@type\":\"ListItem\",\"position\":3,\"name\":\"Gh\u1ebf c\u00f4ng th\u00e1i h\u1ecdc AMA-TP004 (Spirit)\"}]},{\"@type\":\"WebSite\",\"@id\":\"https:\/\/amafurni.vn\/#website\",\"url\":\"https:\/\/amafurni.vn\/\",\"name\":\"AMAFURNI\",\"description\":\"\",\"potentialAction\":[{\"@type\":\"SearchAction\",\"target\":{\"@type\":\"EntryPoint\",\"urlTemplate\":\"https:\/\/amafurni.vn\/?s={search_term_string}\"},\"query-input\":\"required name=search_term_string\"}],\"inLanguage\":\"en-US\"}]}<\/script>\n<!-- \/ Yoast SEO Premium plugin. -->","yoast_head_json":{"title":"Gh\u1ebf c\u00f4ng th\u00e1i h\u1ecdc AMA-TP004 (Spirit) - AMAFURNI","robots":{"index":"index","follow":"follow","max-snippet":"max-snippet:-1","max-image-preview":"max-image-preview:large","max-video-preview":"max-video-preview:-1"},"canonical":"https:\/\/amafurni.vn\/en\/product\/ghe-ama-spirit\/","og_locale":"en_US","og_type":"article","og_title":"Gh\u1ebf c\u00f4ng th\u00e1i h\u1ecdc AMA-TP004 (Spirit)","og_description":"Thi\u1ebft k\u1ebf C\u00f4ng th\u00e1i h\u1ecdc b\u1ea3o v\u1ec7 c\u1ed9t s\u1ed1ng,T\u1ed1t cho s\u1ee9c kho\u1ebb Piston \u0111i\u1ec1u ch\u1ec9nh \u0111\u1ed9 cao th\u1ea5p c\u1ee7a gh\u1ebf, \u0111\u1ea1t ti\u00eau chu\u1ea9n BIFMA c\u1ee7a M\u1ef9 - Khung l\u01b0ng b\u1eb1ng nh\u1ef1a ABS cao c\u1ea5p, th\u00e2n thi\u1ec7n m\u00f4i tr\u01b0\u1eddng - T\u1ef1a l\u01b0ng+ \u0111\u1ec7m ng\u1ed3i+ t\u1ef1a \u0111\u1ea7u b\u1ecdc s\u1ee3i v\u1ea3i + s\u1ee3i c\u01b0\u1edbc polyeste l\u01b0\u1edbi cao c\u1ea5p, tho\u00e1ng m\u00e1t -T\u1ef1a \u0111\u1ee1 c\u1ed5 ph\u00f9 h\u1ee3p c\u01a1 th\u1ec3 -&gt; ch\u1ed3ng \u0111au m\u1ecfi vai g\u00e1y c\u1ed5 -L\u01b0ng gh\u1ebf thi\u1ebft k\u1ebf h\u1ee3p kim nh\u00f4m \u0111i\u1ec3m nh\u1ea5n cho s\u1ea3n ph\u1ea9m - Ch\u00e2n gh\u1ebf thi\u1ebft k\u1ebf b\u1edfi h\u1ee3p kim nh\u00f4m. B\u00e1nh xe b\u1eb1ng nh\u1ef1a PU ch\u1ed1ng s\u1ed1c, ch\u1ecbu \u0111c tr\u1ecdng l\u01b0\u1ee3ng 110KG -Tr\u1ecdng l\u01b0\u1ee3ng gh\u1ebf:20kg","og_url":"https:\/\/amafurni.vn\/en\/product\/ghe-ama-spirit\/","og_site_name":"AMAFURNI","article_modified_time":"2025-11-21T06:37:10+00:00","og_image":[{"width":800,"height":800,"url":"https:\/\/amafurni.vn\/wp-content\/uploads\/2023\/12\/ghe-lam-viec-cong-thai-hoc-ergonomics-nga-lung-thu-gian-ama-cth-spirit-m2_656ff78c9c80c.jpeg","type":"image\/jpeg"}],"twitter_card":"summary_large_image","twitter_misc":{"Est. reading time":"1 minute"},"schema":{"@context":"https:\/\/schema.org","@graph":[{"@type":"WebPage","@id":"https:\/\/amafurni.vn\/san-pham\/ghe-ama-spirit\/","url":"https:\/\/amafurni.vn\/san-pham\/ghe-ama-spirit\/","name":"Gh\u1ebf c\u00f4ng th\u00e1i h\u1ecdc AMA-TP004 (Spirit) - AMAFURNI","isPartOf":{"@id":"https:\/\/amafurni.vn\/#website"},"datePublished":"2023-12-06T04:24:44+00:00","dateModified":"2025-11-21T06:37:10+00:00","breadcrumb":{"@id":"https:\/\/amafurni.vn\/san-pham\/ghe-ama-spirit\/#breadcrumb"},"inLanguage":"en-US","potentialAction":[{"@type":"ReadAction","target":["https:\/\/amafurni.vn\/san-pham\/ghe-ama-spirit\/"]}]},{"@type":"BreadcrumbList","@id":"https:\/\/amafurni.vn\/san-pham\/ghe-ama-spirit\/#breadcrumb","itemListElement":[{"@type":"ListItem","position":1,"name":"Trang ch\u1ee7","item":"https:\/\/amafurni.vn\/"},{"@type":"ListItem","position":2,"name":"S\u1ea3n ph\u1ea9m","item":"https:\/\/amafurni.vn\/san-pham\/"},{"@type":"ListItem","position":3,"name":"Gh\u1ebf c\u00f4ng th\u00e1i h\u1ecdc AMA-TP004 (Spirit)"}]},{"@type":"WebSite","@id":"https:\/\/amafurni.vn\/#website","url":"https:\/\/amafurni.vn\/","name":"AMAFURNI","description":"","potentialAction":[{"@type":"SearchAction","target":{"@type":"EntryPoint","urlTemplate":"https:\/\/amafurni.vn\/?s={search_term_string}"},"query-input":"required name=search_term_string"}],"inLanguage":"en-US"}]}},"_links":{"self":[{"href":"https:\/\/amafurni.vn\/en\/wp-json\/wp\/v2\/product\/2536"}],"collection":[{"href":"https:\/\/amafurni.vn\/en\/wp-json\/wp\/v2\/product"}],"about":[{"href":"https:\/\/amafurni.vn\/en\/wp-json\/wp\/v2\/types\/product"}],"replies":[{"embeddable":true,"href":"https:\/\/amafurni.vn\/en\/wp-json\/wp\/v2\/comments?post=2536"}],"wp:featuredmedia":[{"embeddable":true,"href":"https:\/\/amafurni.vn\/en\/wp-json\/wp\/v2\/media\/2537"}],"wp:attachment":[{"href":"https:\/\/amafurni.vn\/en\/wp-json\/wp\/v2\/media?parent=2536"}],"wp:term":[{"taxonomy":"product_cat","embeddable":true,"href":"https:\/\/amafurni.vn\/en\/wp-json\/wp\/v2\/product_cat?post=2536"},{"taxonomy":"product_tag","embeddable":true,"href":"https:\/\/amafurni.vn\/en\/wp-json\/wp\/v2\/product_tag?post=2536"}],"curies":[{"name":"wp","href":"https:\/\/api.w.org\/{rel}","templated":true}]}}