{"id":2570,"date":"2023-12-06T11:26:35","date_gmt":"2023-12-06T04:26:35","guid":{"rendered":"https:\/\/amafurni.123websitedev.com\/san-pham\/ghe-lam-viec-cong-thai-hoc-cao-cap-ama-b253as-1\/"},"modified":"2025-11-12T14:10:34","modified_gmt":"2025-11-12T07:10:34","slug":"ghe-lam-viec-cong-thai-hoc-cao-cap-ama-b253as-1","status":"publish","type":"product","link":"https:\/\/amafurni.vn\/en\/product\/ghe-lam-viec-cong-thai-hoc-cao-cap-ama-b253as-1\/","title":{"rendered":"Gh\u1ebf L\u00e0m Vi\u1ec7c C\u00f4ng Th\u00e1i H\u1ecdc cao c\u1ea5p AMA-B253AS-1"},"content":{"rendered":"<table border=\"1\" height=\"240\" style=\"width: 1030px;\">\n<tbody><\/tbody>\n<tbody>\n<tr>\n<td style=\"width: 265px;\"><span style=\"font-family: verdana, geneva, sans-serif;\"><strong><span style=\"color: #ff0000;\">Material<\/span><\/strong><\/span><\/td>\n<td style=\"width: 156.188px;\"><span style=\"font-family: verdana, geneva, sans-serif;\"><strong><span style=\"color: #ff0000;\">Size<\/span><\/strong><\/span><\/td>\n<td style=\"width: 219.812px;\"><span style=\"font-family: verdana, geneva, sans-serif;\"><strong><span style=\"color: #ff0000;\">T\u00ednh N\u0103ng<\/span><\/strong><\/span><\/td>\n<td style=\"width: 99px;\"><span style=\"font-family: verdana, geneva, sans-serif;\"><strong><span style=\"color: #ff0000;\">M\u00e0u S\u1eafc<\/span><\/strong><\/span><\/td>\n<td style=\"width: 121px;\"><span style=\"color: #ff0000; font-family: verdana, geneva, sans-serif;\"><strong>Xu\u1ea5t X\u1ee9<\/strong><\/span><\/td>\n<td style=\"width: 120px;\"><span style=\"font-family: verdana, geneva, sans-serif; color: #ff0000;\"><strong>B\u1ea3o h\u00e0nh<\/strong><\/span><\/td>\n<\/tr>\n<tr>\n<td style=\"width: 265px;\">\n<p><span style=\"font-family: verdana, geneva, sans-serif;\">Ch\u1ea5t li\u1ec7u s\u1ee3i l\u01b0\u1edbi H\u00e0n Qu\u1ed1c<\/span><br \/><span style=\"font-family: verdana, geneva, sans-serif;\">Khung tay gh\u1ebf: nh\u1ef1a PP<\/span><br \/><span style=\"font-family: verdana, geneva, sans-serif;\">Ch\u00e2n gh\u1ebf:s\u1eaft s\u01a1n t\u0129nh \u0111i\u1ec7n\/nh\u1ef1a<\/span><br \/><span style=\"font-family: verdana, geneva, sans-serif;\">L\u01b0ng gh\u1ebf c\u00f3 th\u1ec3 di chuy\u1ec3n tr\u01b0\u1edbc sau<\/span><br \/><span style=\"font-family: verdana, geneva, sans-serif;\">Tay gh\u1ebf \u0111i\u1ec1u ch\u1ec9nh n\u00e2ng h\u1ea1<\/span><\/p>\n<\/td>\n<td style=\"width: 156.188px;\"><span style=\"font-family: verdana, geneva, sans-serif;\">580*600*(1150-1200)<\/span><\/td>\n<td style=\"width: 219.812px;\">\n<ul class=\"list-unstyled des2\">\n<li>Ch\u1ea5t li\u1ec7u s\u1ee3i l\u01b0\u1edbi H\u00e0n Qu\u1ed1c<br \/>Khung tay gh\u1ebf: nh\u1ef1a PP<br \/>Ch\u00e2n gh\u1ebf: s\u1eaft s\u01a1n t\u0129nh \u0111i\u1ec7n\/nh\u1ef1a<br \/>N\u1ec7m gh\u1ebf c\u00f3 th\u1ec3 di chuy\u1ec3n tr\u01b0\u1edbc sau<br \/>Tay gh\u1ebf \u0111i\u1ec1u ch\u1ec9nh n\u00e2ng h\u1ea1<br \/>C\u00f3 g\u00e1c ch\u00e2n ng\u00e3 n\u1eb1m<\/li>\n<\/ul>\n<\/td>\n<td style=\"width: 99px;\"><span style=\"font-family: verdana, geneva, sans-serif;\">Black<\/span><\/td>\n<td style=\"width: 121px;\"><span style=\"font-family: verdana, geneva, sans-serif;\">Nh\u1eadp Ngo\u1ea1i<\/span><\/td>\n<td style=\"width: 120px;\">\n<p><span style=\"font-family: verdana, geneva, sans-serif;\">. 12 th\u00e1ng k\u1ef9 thu\u1eadt<\/span><\/p>\n<\/td>\n<\/tr>\n<\/tbody>\n<\/table>","protected":false},"excerpt":{"rendered":"<p>Ch\u1ea5t li\u1ec7u s\u1ee3i l\u01b0\u1edbi H\u00e0n Qu\u1ed1c<br \/>\nKhung tay gh\u1ebf: nh\u1ef1a PP<br \/>\nCh\u00e2n gh\u1ebf: s\u1eaft s\u01a1n t\u0129nh \u0111i\u1ec7n\/nh\u1ef1a<br \/>\nN\u1ec7m gh\u1ebf c\u00f3 th\u1ec3 di chuy\u1ec3n tr\u01b0\u1edbc sau<br \/>\nTay gh\u1ebf \u0111i\u1ec1u ch\u1ec9nh n\u00e2ng h\u1ea1<br \/>\nC\u00f3 g\u00e1c ch\u00e2n ng\u00e3 n\u1eb1m<\/p>","protected":false},"featured_media":2571,"comment_status":"open","ping_status":"closed","template":"","meta":[],"product_cat":[59,70],"product_tag":[],"yoast_head":"<!-- This site is optimized with the Yoast SEO Premium plugin v21.7 (Yoast SEO v21.7) - https:\/\/yoast.com\/wordpress\/plugins\/seo\/ -->\n<title>Gh\u1ebf L\u00e0m Vi\u1ec7c C\u00f4ng Th\u00e1i H\u1ecdc cao c\u1ea5p AMA-B253AS-1 - AMAFURNI<\/title>\n<meta name=\"robots\" content=\"index, follow, max-snippet:-1, max-image-preview:large, max-video-preview:-1\" \/>\n<link rel=\"canonical\" href=\"https:\/\/amafurni.vn\/en\/product\/ghe-lam-viec-cong-thai-hoc-cao-cap-ama-b253as-1\/\" \/>\n<meta property=\"og:locale\" content=\"en_US\" \/>\n<meta property=\"og:type\" content=\"article\" \/>\n<meta property=\"og:title\" content=\"Gh\u1ebf L\u00e0m Vi\u1ec7c C\u00f4ng Th\u00e1i H\u1ecdc cao c\u1ea5p AMA-B253AS-1\" \/>\n<meta property=\"og:description\" content=\"Ch\u1ea5t li\u1ec7u s\u1ee3i l\u01b0\u1edbi H\u00e0n Qu\u1ed1c Khung tay gh\u1ebf: nh\u1ef1a PP Ch\u00e2n gh\u1ebf: s\u1eaft s\u01a1n t\u0129nh \u0111i\u1ec7n\/nh\u1ef1a N\u1ec7m gh\u1ebf c\u00f3 th\u1ec3 di chuy\u1ec3n tr\u01b0\u1edbc sau Tay gh\u1ebf \u0111i\u1ec1u ch\u1ec9nh n\u00e2ng h\u1ea1 C\u00f3 g\u00e1c ch\u00e2n ng\u00e3 n\u1eb1m\" \/>\n<meta property=\"og:url\" content=\"https:\/\/amafurni.vn\/en\/product\/ghe-lam-viec-cong-thai-hoc-cao-cap-ama-b253as-1\/\" \/>\n<meta property=\"og:site_name\" content=\"AMAFURNI\" \/>\n<meta property=\"article:modified_time\" content=\"2025-11-12T07:10:34+00:00\" \/>\n<meta property=\"og:image\" content=\"https:\/\/amafurni.vn\/wp-content\/uploads\/2023\/12\/ghe-lam-viec-cong-thai-hoc-cao-cap-ama-b253as-1_656ff7fb4faab.png\" \/>\n\t<meta property=\"og:image:width\" content=\"800\" \/>\n\t<meta property=\"og:image:height\" content=\"800\" \/>\n\t<meta property=\"og:image:type\" content=\"image\/png\" \/>\n<meta name=\"twitter:card\" content=\"summary_large_image\" \/>\n<meta name=\"twitter:label1\" content=\"Est. reading time\" \/>\n\t<meta name=\"twitter:data1\" content=\"1 minute\" \/>\n<script type=\"application\/ld+json\" class=\"yoast-schema-graph\">{\"@context\":\"https:\/\/schema.org\",\"@graph\":[{\"@type\":\"WebPage\",\"@id\":\"https:\/\/amafurni.vn\/san-pham\/ghe-lam-viec-cong-thai-hoc-cao-cap-ama-b253as-1\/\",\"url\":\"https:\/\/amafurni.vn\/san-pham\/ghe-lam-viec-cong-thai-hoc-cao-cap-ama-b253as-1\/\",\"name\":\"Gh\u1ebf L\u00e0m Vi\u1ec7c C\u00f4ng Th\u00e1i H\u1ecdc cao c\u1ea5p AMA-B253AS-1 - AMAFURNI\",\"isPartOf\":{\"@id\":\"https:\/\/amafurni.vn\/#website\"},\"datePublished\":\"2023-12-06T04:26:35+00:00\",\"dateModified\":\"2025-11-12T07:10:34+00:00\",\"breadcrumb\":{\"@id\":\"https:\/\/amafurni.vn\/san-pham\/ghe-lam-viec-cong-thai-hoc-cao-cap-ama-b253as-1\/#breadcrumb\"},\"inLanguage\":\"en-US\",\"potentialAction\":[{\"@type\":\"ReadAction\",\"target\":[\"https:\/\/amafurni.vn\/san-pham\/ghe-lam-viec-cong-thai-hoc-cao-cap-ama-b253as-1\/\"]}]},{\"@type\":\"BreadcrumbList\",\"@id\":\"https:\/\/amafurni.vn\/san-pham\/ghe-lam-viec-cong-thai-hoc-cao-cap-ama-b253as-1\/#breadcrumb\",\"itemListElement\":[{\"@type\":\"ListItem\",\"position\":1,\"name\":\"Trang ch\u1ee7\",\"item\":\"https:\/\/amafurni.vn\/\"},{\"@type\":\"ListItem\",\"position\":2,\"name\":\"S\u1ea3n ph\u1ea9m\",\"item\":\"https:\/\/amafurni.vn\/san-pham\/\"},{\"@type\":\"ListItem\",\"position\":3,\"name\":\"Gh\u1ebf L\u00e0m Vi\u1ec7c C\u00f4ng Th\u00e1i H\u1ecdc cao c\u1ea5p AMA-B253AS-1\"}]},{\"@type\":\"WebSite\",\"@id\":\"https:\/\/amafurni.vn\/#website\",\"url\":\"https:\/\/amafurni.vn\/\",\"name\":\"AMAFURNI\",\"description\":\"\",\"potentialAction\":[{\"@type\":\"SearchAction\",\"target\":{\"@type\":\"EntryPoint\",\"urlTemplate\":\"https:\/\/amafurni.vn\/?s={search_term_string}\"},\"query-input\":\"required name=search_term_string\"}],\"inLanguage\":\"en-US\"}]}<\/script>\n<!-- \/ Yoast SEO Premium plugin. -->","yoast_head_json":{"title":"Gh\u1ebf L\u00e0m Vi\u1ec7c C\u00f4ng Th\u00e1i H\u1ecdc cao c\u1ea5p AMA-B253AS-1 - AMAFURNI","robots":{"index":"index","follow":"follow","max-snippet":"max-snippet:-1","max-image-preview":"max-image-preview:large","max-video-preview":"max-video-preview:-1"},"canonical":"https:\/\/amafurni.vn\/en\/product\/ghe-lam-viec-cong-thai-hoc-cao-cap-ama-b253as-1\/","og_locale":"en_US","og_type":"article","og_title":"Gh\u1ebf L\u00e0m Vi\u1ec7c C\u00f4ng Th\u00e1i H\u1ecdc cao c\u1ea5p AMA-B253AS-1","og_description":"Ch\u1ea5t li\u1ec7u s\u1ee3i l\u01b0\u1edbi H\u00e0n Qu\u1ed1c Khung tay gh\u1ebf: nh\u1ef1a PP Ch\u00e2n gh\u1ebf: s\u1eaft s\u01a1n t\u0129nh \u0111i\u1ec7n\/nh\u1ef1a N\u1ec7m gh\u1ebf c\u00f3 th\u1ec3 di chuy\u1ec3n tr\u01b0\u1edbc sau Tay gh\u1ebf \u0111i\u1ec1u ch\u1ec9nh n\u00e2ng h\u1ea1 C\u00f3 g\u00e1c ch\u00e2n ng\u00e3 n\u1eb1m","og_url":"https:\/\/amafurni.vn\/en\/product\/ghe-lam-viec-cong-thai-hoc-cao-cap-ama-b253as-1\/","og_site_name":"AMAFURNI","article_modified_time":"2025-11-12T07:10:34+00:00","og_image":[{"width":800,"height":800,"url":"https:\/\/amafurni.vn\/wp-content\/uploads\/2023\/12\/ghe-lam-viec-cong-thai-hoc-cao-cap-ama-b253as-1_656ff7fb4faab.png","type":"image\/png"}],"twitter_card":"summary_large_image","twitter_misc":{"Est. reading time":"1 minute"},"schema":{"@context":"https:\/\/schema.org","@graph":[{"@type":"WebPage","@id":"https:\/\/amafurni.vn\/san-pham\/ghe-lam-viec-cong-thai-hoc-cao-cap-ama-b253as-1\/","url":"https:\/\/amafurni.vn\/san-pham\/ghe-lam-viec-cong-thai-hoc-cao-cap-ama-b253as-1\/","name":"Gh\u1ebf L\u00e0m Vi\u1ec7c C\u00f4ng Th\u00e1i H\u1ecdc cao c\u1ea5p AMA-B253AS-1 - AMAFURNI","isPartOf":{"@id":"https:\/\/amafurni.vn\/#website"},"datePublished":"2023-12-06T04:26:35+00:00","dateModified":"2025-11-12T07:10:34+00:00","breadcrumb":{"@id":"https:\/\/amafurni.vn\/san-pham\/ghe-lam-viec-cong-thai-hoc-cao-cap-ama-b253as-1\/#breadcrumb"},"inLanguage":"en-US","potentialAction":[{"@type":"ReadAction","target":["https:\/\/amafurni.vn\/san-pham\/ghe-lam-viec-cong-thai-hoc-cao-cap-ama-b253as-1\/"]}]},{"@type":"BreadcrumbList","@id":"https:\/\/amafurni.vn\/san-pham\/ghe-lam-viec-cong-thai-hoc-cao-cap-ama-b253as-1\/#breadcrumb","itemListElement":[{"@type":"ListItem","position":1,"name":"Trang ch\u1ee7","item":"https:\/\/amafurni.vn\/"},{"@type":"ListItem","position":2,"name":"S\u1ea3n ph\u1ea9m","item":"https:\/\/amafurni.vn\/san-pham\/"},{"@type":"ListItem","position":3,"name":"Gh\u1ebf L\u00e0m Vi\u1ec7c C\u00f4ng Th\u00e1i H\u1ecdc cao c\u1ea5p AMA-B253AS-1"}]},{"@type":"WebSite","@id":"https:\/\/amafurni.vn\/#website","url":"https:\/\/amafurni.vn\/","name":"AMAFURNI","description":"","potentialAction":[{"@type":"SearchAction","target":{"@type":"EntryPoint","urlTemplate":"https:\/\/amafurni.vn\/?s={search_term_string}"},"query-input":"required name=search_term_string"}],"inLanguage":"en-US"}]}},"_links":{"self":[{"href":"https:\/\/amafurni.vn\/en\/wp-json\/wp\/v2\/product\/2570"}],"collection":[{"href":"https:\/\/amafurni.vn\/en\/wp-json\/wp\/v2\/product"}],"about":[{"href":"https:\/\/amafurni.vn\/en\/wp-json\/wp\/v2\/types\/product"}],"replies":[{"embeddable":true,"href":"https:\/\/amafurni.vn\/en\/wp-json\/wp\/v2\/comments?post=2570"}],"wp:featuredmedia":[{"embeddable":true,"href":"https:\/\/amafurni.vn\/en\/wp-json\/wp\/v2\/media\/2571"}],"wp:attachment":[{"href":"https:\/\/amafurni.vn\/en\/wp-json\/wp\/v2\/media?parent=2570"}],"wp:term":[{"taxonomy":"product_cat","embeddable":true,"href":"https:\/\/amafurni.vn\/en\/wp-json\/wp\/v2\/product_cat?post=2570"},{"taxonomy":"product_tag","embeddable":true,"href":"https:\/\/amafurni.vn\/en\/wp-json\/wp\/v2\/product_tag?post=2570"}],"curies":[{"name":"wp","href":"https:\/\/api.w.org\/{rel}","templated":true}]}}