{"id":2576,"date":"2023-12-06T11:26:56","date_gmt":"2023-12-06T04:26:56","guid":{"rendered":"https:\/\/amafurni.123websitedev.com\/san-pham\/ghe-lam-viec-cong-thai-hoc-chan-xoay-ama-st-115a\/"},"modified":"2025-11-12T14:10:34","modified_gmt":"2025-11-12T07:10:34","slug":"ghe-lam-viec-cong-thai-hoc-chan-xoay-ama-st-115a","status":"publish","type":"product","link":"https:\/\/amafurni.vn\/en\/product\/ghe-lam-viec-cong-thai-hoc-chan-xoay-ama-st-115a\/","title":{"rendered":"Gh\u1ebf L\u00e0m Vi\u1ec7c C\u00f4ng Th\u00e1i H\u1ecdc Ch\u00e2n Xoay AMA-ST-115A"},"content":{"rendered":"<table border=\"1\" height=\"213\">\n<tbody><\/tbody>\n<tbody>\n<tr>\n<td><span><strong>Material<\/strong><\/span><\/td>\n<td><\/td>\n<td><span><strong>T\u00ednh N\u0103ng<\/strong><\/span><\/td>\n<td><span><strong>M\u00e0u S\u1eafc<\/strong><\/span><\/td>\n<td><span><strong>Xu\u1ea5t X\u1ee9<\/strong><\/span><\/td>\n<td><span><strong>B\u1ea3o h\u00e0nh<\/strong><\/span><\/td>\n<\/tr>\n<tr>\n<td>\n<ul>\n<li>T\u1ef1a b\u1ecdc v\u1ea3i l\u01b0\u1edbi nhi\u1ec1u m\u00e0u v\u00e0 \u0111\u1ec7m mousse b\u1ecdc v\u1ea3i l\u01b0\u1edbi x\u1ed1p\/n\u1ec9\/simili, c\u00f3 th\u1ec3 b\u1ecdc nhi\u1ec3u m\u00e0u thay \u0111\u1ed5i ph\u00f9 h\u1ee3p v\u1edbi background, th\u01b0\u01a1ng hi\u1ec7u.<\/li>\n<li>T\u00ednh n\u0103ng: Cho ph\u00e9p t\u0103ng gi\u1ea3m chi\u1ec1u cao, l\u01b0ng gh\u1ebf ng\u1ea3 \u0111\u01b0\u1ee3c v\u1ec1 sau.<\/li>\n<li>Tay gh\u1ebf nh\u1ef1a PU.<\/li>\n<li>Ch\u00e2n gh\u1ebf m\u1ea1 crom s\u00e1ng b\u00f3ng, g\u1eafn b\u00e1nh xe (c\u00f3 th\u1ec3 thay th\u1ebf ch\u00e2n inox, ch\u00e2n nh\u00f4m ho\u1eb7c ch\u00e2n nh\u1ef1a).<\/li>\n<li><strong>620 ( R\u1ed9ng ) x 580 ( S\u00e2u ) x 1115 ( Cao ).<\/strong><\/li>\n<\/ul>\n<\/td>\n<td><\/td>\n<td>\n<ul>\n<li><a href=\"https:\/\/noithatsonthuy.vn\/danh-muc\/ghe-van-phong\/ghe-xoay\/\" target=\"_blank\" rel=\"noopener\">Gh\u1ebf<\/a><span>\u00a0<\/span>l\u01b0\u1edbi ST-115A \u0111\u01b0\u1ee3c thi\u1ebft k\u1ebf s\u1eed d\u1ee5ng cho v\u0103n ph\u00f2ng, ph\u00f2ng h\u1ecdp.<\/li>\n<li>\n<\/ul>\n<\/td>\n<td>nh\u01b0 h\u00ecnh,\u00a0<\/td>\n<td>Nh\u1eadp Ngo\u1ea1i<\/td>\n<td>\n<p>. 06 th\u00e1ng k\u1ef9 thu\u1eadt<\/p>\n<\/td>\n<\/tr>\n<\/tbody>\n<\/table>","protected":false},"excerpt":{"rendered":"<p>T\u1ef1a b\u1ecdc v\u1ea3i l\u01b0\u1edbi nhi\u1ec1u m\u00e0u v\u00e0 \u0111\u1ec7m mousse b\u1ecdc v\u1ea3i l\u01b0\u1edbi x\u1ed1p\/n\u1ec9\/simili, c\u00f3 th\u1ec3 b\u1ecdc nhi\u1ec3u m\u00e0u thay \u0111\u1ed5i ph\u00f9 h\u1ee3p v\u1edbi background, th\u01b0\u01a1ng hi\u1ec7u.<br \/>\nT\u00ednh n\u0103ng: Cho ph\u00e9p t\u0103ng gi\u1ea3m chi\u1ec1u cao, l\u01b0ng gh\u1ebf ng\u1ea3 \u0111\u01b0\u1ee3c v\u1ec1 sau.<br \/>\nTay gh\u1ebf nh\u1ef1a PU.<br \/>\nCh\u00e2n gh\u1ebf m\u1ea1 crom s\u00e1ng b\u00f3ng, g\u1eafn b\u00e1nh xe (c\u00f3 th\u1ec3 thay th\u1ebf ch\u00e2n inox, ch\u00e2n nh\u00f4m ho\u1eb7c ch\u00e2n nh\u1ef1a).<br \/>\n620 ( R\u1ed9ng ) x 580 ( S\u00e2u ) x 1115 ( Cao ).<\/p>","protected":false},"featured_media":2577,"comment_status":"open","ping_status":"closed","template":"","meta":[],"product_cat":[59,70],"product_tag":[],"yoast_head":"<!-- This site is optimized with the Yoast SEO Premium plugin v21.7 (Yoast SEO v21.7) - https:\/\/yoast.com\/wordpress\/plugins\/seo\/ -->\n<title>Gh\u1ebf L\u00e0m Vi\u1ec7c C\u00f4ng Th\u00e1i H\u1ecdc Ch\u00e2n Xoay AMA-ST-115A - AMAFURNI<\/title>\n<meta name=\"robots\" content=\"index, follow, max-snippet:-1, max-image-preview:large, max-video-preview:-1\" \/>\n<link rel=\"canonical\" href=\"https:\/\/amafurni.vn\/en\/product\/ghe-lam-viec-cong-thai-hoc-chan-xoay-ama-st-115a\/\" \/>\n<meta property=\"og:locale\" content=\"en_US\" \/>\n<meta property=\"og:type\" content=\"article\" \/>\n<meta property=\"og:title\" content=\"Gh\u1ebf L\u00e0m Vi\u1ec7c C\u00f4ng Th\u00e1i H\u1ecdc Ch\u00e2n Xoay AMA-ST-115A\" \/>\n<meta property=\"og:description\" content=\"T\u1ef1a b\u1ecdc v\u1ea3i l\u01b0\u1edbi nhi\u1ec1u m\u00e0u v\u00e0 \u0111\u1ec7m mousse b\u1ecdc v\u1ea3i l\u01b0\u1edbi x\u1ed1p\/n\u1ec9\/simili, c\u00f3 th\u1ec3 b\u1ecdc nhi\u1ec3u m\u00e0u thay \u0111\u1ed5i ph\u00f9 h\u1ee3p v\u1edbi background, th\u01b0\u01a1ng hi\u1ec7u. T\u00ednh n\u0103ng: Cho ph\u00e9p t\u0103ng gi\u1ea3m chi\u1ec1u cao, l\u01b0ng gh\u1ebf ng\u1ea3 \u0111\u01b0\u1ee3c v\u1ec1 sau. Tay gh\u1ebf nh\u1ef1a PU. Ch\u00e2n gh\u1ebf m\u1ea1 crom s\u00e1ng b\u00f3ng, g\u1eafn b\u00e1nh xe (c\u00f3 th\u1ec3 thay th\u1ebf ch\u00e2n inox, ch\u00e2n nh\u00f4m ho\u1eb7c ch\u00e2n nh\u1ef1a). 620 ( R\u1ed9ng ) x 580 ( S\u00e2u ) x 1115 ( Cao ).\" \/>\n<meta property=\"og:url\" content=\"https:\/\/amafurni.vn\/en\/product\/ghe-lam-viec-cong-thai-hoc-chan-xoay-ama-st-115a\/\" \/>\n<meta property=\"og:site_name\" content=\"AMAFURNI\" \/>\n<meta property=\"article:modified_time\" content=\"2025-11-12T07:10:34+00:00\" \/>\n<meta property=\"og:image\" content=\"https:\/\/amafurni.vn\/wp-content\/uploads\/2023\/12\/ghe-lam-viec-cong-thai-hoc-chan-xoay-ama-st-115a_656ff8105d007.jpeg\" \/>\n\t<meta property=\"og:image:width\" content=\"800\" \/>\n\t<meta property=\"og:image:height\" content=\"800\" \/>\n\t<meta property=\"og:image:type\" content=\"image\/jpeg\" \/>\n<meta name=\"twitter:card\" content=\"summary_large_image\" \/>\n<meta name=\"twitter:label1\" content=\"Est. reading time\" \/>\n\t<meta name=\"twitter:data1\" content=\"1 minute\" \/>\n<script type=\"application\/ld+json\" class=\"yoast-schema-graph\">{\"@context\":\"https:\/\/schema.org\",\"@graph\":[{\"@type\":\"WebPage\",\"@id\":\"https:\/\/amafurni.vn\/san-pham\/ghe-lam-viec-cong-thai-hoc-chan-xoay-ama-st-115a\/\",\"url\":\"https:\/\/amafurni.vn\/san-pham\/ghe-lam-viec-cong-thai-hoc-chan-xoay-ama-st-115a\/\",\"name\":\"Gh\u1ebf L\u00e0m Vi\u1ec7c C\u00f4ng Th\u00e1i H\u1ecdc Ch\u00e2n Xoay AMA-ST-115A - AMAFURNI\",\"isPartOf\":{\"@id\":\"https:\/\/amafurni.vn\/#website\"},\"datePublished\":\"2023-12-06T04:26:56+00:00\",\"dateModified\":\"2025-11-12T07:10:34+00:00\",\"breadcrumb\":{\"@id\":\"https:\/\/amafurni.vn\/san-pham\/ghe-lam-viec-cong-thai-hoc-chan-xoay-ama-st-115a\/#breadcrumb\"},\"inLanguage\":\"en-US\",\"potentialAction\":[{\"@type\":\"ReadAction\",\"target\":[\"https:\/\/amafurni.vn\/san-pham\/ghe-lam-viec-cong-thai-hoc-chan-xoay-ama-st-115a\/\"]}]},{\"@type\":\"BreadcrumbList\",\"@id\":\"https:\/\/amafurni.vn\/san-pham\/ghe-lam-viec-cong-thai-hoc-chan-xoay-ama-st-115a\/#breadcrumb\",\"itemListElement\":[{\"@type\":\"ListItem\",\"position\":1,\"name\":\"Trang ch\u1ee7\",\"item\":\"https:\/\/amafurni.vn\/\"},{\"@type\":\"ListItem\",\"position\":2,\"name\":\"S\u1ea3n ph\u1ea9m\",\"item\":\"https:\/\/amafurni.vn\/san-pham\/\"},{\"@type\":\"ListItem\",\"position\":3,\"name\":\"Gh\u1ebf L\u00e0m Vi\u1ec7c C\u00f4ng Th\u00e1i H\u1ecdc Ch\u00e2n Xoay AMA-ST-115A\"}]},{\"@type\":\"WebSite\",\"@id\":\"https:\/\/amafurni.vn\/#website\",\"url\":\"https:\/\/amafurni.vn\/\",\"name\":\"AMAFURNI\",\"description\":\"\",\"potentialAction\":[{\"@type\":\"SearchAction\",\"target\":{\"@type\":\"EntryPoint\",\"urlTemplate\":\"https:\/\/amafurni.vn\/?s={search_term_string}\"},\"query-input\":\"required name=search_term_string\"}],\"inLanguage\":\"en-US\"}]}<\/script>\n<!-- \/ Yoast SEO Premium plugin. -->","yoast_head_json":{"title":"Gh\u1ebf L\u00e0m Vi\u1ec7c C\u00f4ng Th\u00e1i H\u1ecdc Ch\u00e2n Xoay AMA-ST-115A - AMAFURNI","robots":{"index":"index","follow":"follow","max-snippet":"max-snippet:-1","max-image-preview":"max-image-preview:large","max-video-preview":"max-video-preview:-1"},"canonical":"https:\/\/amafurni.vn\/en\/product\/ghe-lam-viec-cong-thai-hoc-chan-xoay-ama-st-115a\/","og_locale":"en_US","og_type":"article","og_title":"Gh\u1ebf L\u00e0m Vi\u1ec7c C\u00f4ng Th\u00e1i H\u1ecdc Ch\u00e2n Xoay AMA-ST-115A","og_description":"T\u1ef1a b\u1ecdc v\u1ea3i l\u01b0\u1edbi nhi\u1ec1u m\u00e0u v\u00e0 \u0111\u1ec7m mousse b\u1ecdc v\u1ea3i l\u01b0\u1edbi x\u1ed1p\/n\u1ec9\/simili, c\u00f3 th\u1ec3 b\u1ecdc nhi\u1ec3u m\u00e0u thay \u0111\u1ed5i ph\u00f9 h\u1ee3p v\u1edbi background, th\u01b0\u01a1ng hi\u1ec7u. T\u00ednh n\u0103ng: Cho ph\u00e9p t\u0103ng gi\u1ea3m chi\u1ec1u cao, l\u01b0ng gh\u1ebf ng\u1ea3 \u0111\u01b0\u1ee3c v\u1ec1 sau. Tay gh\u1ebf nh\u1ef1a PU. Ch\u00e2n gh\u1ebf m\u1ea1 crom s\u00e1ng b\u00f3ng, g\u1eafn b\u00e1nh xe (c\u00f3 th\u1ec3 thay th\u1ebf ch\u00e2n inox, ch\u00e2n nh\u00f4m ho\u1eb7c ch\u00e2n nh\u1ef1a). 620 ( R\u1ed9ng ) x 580 ( S\u00e2u ) x 1115 ( Cao ).","og_url":"https:\/\/amafurni.vn\/en\/product\/ghe-lam-viec-cong-thai-hoc-chan-xoay-ama-st-115a\/","og_site_name":"AMAFURNI","article_modified_time":"2025-11-12T07:10:34+00:00","og_image":[{"width":800,"height":800,"url":"https:\/\/amafurni.vn\/wp-content\/uploads\/2023\/12\/ghe-lam-viec-cong-thai-hoc-chan-xoay-ama-st-115a_656ff8105d007.jpeg","type":"image\/jpeg"}],"twitter_card":"summary_large_image","twitter_misc":{"Est. reading time":"1 minute"},"schema":{"@context":"https:\/\/schema.org","@graph":[{"@type":"WebPage","@id":"https:\/\/amafurni.vn\/san-pham\/ghe-lam-viec-cong-thai-hoc-chan-xoay-ama-st-115a\/","url":"https:\/\/amafurni.vn\/san-pham\/ghe-lam-viec-cong-thai-hoc-chan-xoay-ama-st-115a\/","name":"Gh\u1ebf L\u00e0m Vi\u1ec7c C\u00f4ng Th\u00e1i H\u1ecdc Ch\u00e2n Xoay AMA-ST-115A - AMAFURNI","isPartOf":{"@id":"https:\/\/amafurni.vn\/#website"},"datePublished":"2023-12-06T04:26:56+00:00","dateModified":"2025-11-12T07:10:34+00:00","breadcrumb":{"@id":"https:\/\/amafurni.vn\/san-pham\/ghe-lam-viec-cong-thai-hoc-chan-xoay-ama-st-115a\/#breadcrumb"},"inLanguage":"en-US","potentialAction":[{"@type":"ReadAction","target":["https:\/\/amafurni.vn\/san-pham\/ghe-lam-viec-cong-thai-hoc-chan-xoay-ama-st-115a\/"]}]},{"@type":"BreadcrumbList","@id":"https:\/\/amafurni.vn\/san-pham\/ghe-lam-viec-cong-thai-hoc-chan-xoay-ama-st-115a\/#breadcrumb","itemListElement":[{"@type":"ListItem","position":1,"name":"Trang ch\u1ee7","item":"https:\/\/amafurni.vn\/"},{"@type":"ListItem","position":2,"name":"S\u1ea3n ph\u1ea9m","item":"https:\/\/amafurni.vn\/san-pham\/"},{"@type":"ListItem","position":3,"name":"Gh\u1ebf L\u00e0m Vi\u1ec7c C\u00f4ng Th\u00e1i H\u1ecdc Ch\u00e2n Xoay AMA-ST-115A"}]},{"@type":"WebSite","@id":"https:\/\/amafurni.vn\/#website","url":"https:\/\/amafurni.vn\/","name":"AMAFURNI","description":"","potentialAction":[{"@type":"SearchAction","target":{"@type":"EntryPoint","urlTemplate":"https:\/\/amafurni.vn\/?s={search_term_string}"},"query-input":"required name=search_term_string"}],"inLanguage":"en-US"}]}},"_links":{"self":[{"href":"https:\/\/amafurni.vn\/en\/wp-json\/wp\/v2\/product\/2576"}],"collection":[{"href":"https:\/\/amafurni.vn\/en\/wp-json\/wp\/v2\/product"}],"about":[{"href":"https:\/\/amafurni.vn\/en\/wp-json\/wp\/v2\/types\/product"}],"replies":[{"embeddable":true,"href":"https:\/\/amafurni.vn\/en\/wp-json\/wp\/v2\/comments?post=2576"}],"wp:featuredmedia":[{"embeddable":true,"href":"https:\/\/amafurni.vn\/en\/wp-json\/wp\/v2\/media\/2577"}],"wp:attachment":[{"href":"https:\/\/amafurni.vn\/en\/wp-json\/wp\/v2\/media?parent=2576"}],"wp:term":[{"taxonomy":"product_cat","embeddable":true,"href":"https:\/\/amafurni.vn\/en\/wp-json\/wp\/v2\/product_cat?post=2576"},{"taxonomy":"product_tag","embeddable":true,"href":"https:\/\/amafurni.vn\/en\/wp-json\/wp\/v2\/product_tag?post=2576"}],"curies":[{"name":"wp","href":"https:\/\/api.w.org\/{rel}","templated":true}]}}