{"id":2598,"date":"2023-12-06T11:28:15","date_gmt":"2023-12-06T04:28:15","guid":{"rendered":"https:\/\/amafurni.123websitedev.com\/san-pham\/ghe-lam-viec-cong-thai-hoc-chuan-tu-the-ngoi-ho-tro-cot-song-ama-cth22-black\/"},"modified":"2025-11-12T14:10:36","modified_gmt":"2025-11-12T07:10:36","slug":"ghe-lam-viec-cong-thai-hoc-chuan-tu-the-ngoi-ho-tro-cot-song-ama-cth22-black","status":"publish","type":"product","link":"https:\/\/amafurni.vn\/en\/product\/ghe-lam-viec-cong-thai-hoc-chuan-tu-the-ngoi-ho-tro-cot-song-ama-cth22-black\/","title":{"rendered":"Gh\u1ebf l\u00e0m vi\u1ec7c c\u00f4ng th\u00e1i h\u1ecdc chu\u1ea9n t\u01b0 th\u1ebf ng\u1ed3i h\u1ed7 tr\u1ee3 c\u1ed9t s\u1ed1ng AMA-CTH22-BLACK"},"content":{"rendered":"<table border=\"1\" style=\"width: 758px;\">\n<tbody><\/tbody>\n<tbody>\n<tr>\n<td style=\"width: 190.088px;\"><span><strong>Material<\/strong><\/span><\/td>\n<td style=\"width: 80.9125px;\">\n<p><span><strong>Size<\/strong><\/span><\/p>\n<p><span><strong>(D\u00e0i*R\u1ed9ng*cao)<\/strong><\/span><\/p>\n<\/td>\n<td style=\"width: 191px;\"><span><strong><span color=\"#ff0000\" face=\"times new roman, times, serif\">\u0110\u1eb7c \u0110i\u1ec3m<\/span><\/strong><\/span><\/td>\n<td style=\"width: 46px;\"><span><strong>M\u00e0u S\u1eafc<\/strong><\/span><\/td>\n<td style=\"width: 45px;\"><span><strong>Xu\u1ea5t X\u1ee9<\/strong><\/span><\/td>\n<td style=\"width: 111px;\"><span><strong>B\u1ea3o h\u00e0nh<\/strong><\/span><\/td>\n<td style=\"width: 52px;\"><span><strong>B\u1ed9 s\u1ea3n ph\u1ea9m g\u1ed3m<\/strong><\/span><\/td>\n<\/tr>\n<tr>\n<td style=\"width: 190.088px;\">\n<ul>\n<li><span>Gh\u1ebf c\u00f4ng th\u00e1i h\u1ecdc<\/span><\/li>\n<li><span>Ch\u1ea5t li\u1ec7u : S\u01b0\u1eddn nh\u1ef1a \u0111\u00fac \u0111\u1eb7c, L\u01b0ng b\u1ecdc V\u1ea3i , N\u1ec7m ng\u1ed3i s\u1ee3i Polyester tho\u00e1ng kh\u00ed, Cao su non, Ch\u00e2n h\u1ee3p kim nh\u00f4m kh\u00f4ng g\u1ec9.<\/span><\/li>\n<li><span>Piston Class 4 b\u1ec1n b\u1ec9<\/span><\/li>\n<li><span>L\u01b0ng gh\u1ebf c\u00f4ng th\u00e1i h\u1ecdc c\u00f3 th\u1ec3 t\u00f9y ch\u1ec9nh chi\u1ec1u cao \u0111\u1ec3 ph\u00f9 h\u1ee3p v\u1edbi chi\u1ec1u cao l\u01b0ng c\u1ee7a ng\u01b0\u1eddi d\u00f9ng<\/span><\/li>\n<li><span>M\u00e0u s\u1eafc: \u0110en<\/span><\/li>\n<\/ul>\n<\/td>\n<td style=\"width: 80.9125px;\">\n<p>.\u0110ANG C\u1eacP NH\u1eacT.<\/p>\n<\/td>\n<td style=\"width: 191px;\">\n<p><span>\u00a0<\/span><\/p>\n<ul>\n<li><span>Ch\u1ee9c n\u0103ng : ng\u1ea3 l\u01b0ng th\u01b0 gi\u00e3n , c\u00f3 ch\u00e2n g\u00e1c n\u1eb1m, tay gh\u1ebf 2D, \u0111\u1ea7u gh\u1ebf t\u0103ng\/gi\u1ea3m, D\u1ef1a l\u01b0ng \u0111i\u1ec1u ch\u1ec9nh<\/span><\/li>\n<\/ul>\n<p><span>Ph\u00e2\u0300n h\u00f4\u0303 tr\u01a1\u0323 \u01a1\u0309 vu\u0300ng l\u01b0ng, ph\u00e2\u0300n m\u00f4ng ch\u0103\u0301c ch\u0103\u0301n va\u0300 v\u01b0\u0303ng va\u0300ng, kh\u00f4ng bi\u0323 lu\u0301n sau m\u00f4\u0323t th\u01a1\u0300i gian s\u01b0\u0309 du\u0323ng. \u0110i\u00ea\u0300u na\u0300y se\u0303 giu\u0301p cho c\u00f4\u0323t s\u00f4\u0301ng l\u01b0ng, th\u0103\u0301t l\u01b0ng va\u0300 h\u00f4ng cu\u0309a ba\u0323n lu\u00f4n kho\u0309e, tra\u0301nh bi\u0323 \u0111au nh\u01b0\u0301c<\/span><\/p>\n<\/td>\n<td style=\"width: 46px;\">\n<p>(\u0110en)<\/p>\n<\/td>\n<td style=\"width: 45px;\"><span>H\u00e0ng nh\u1eadp ngo\u1ea1i<\/span><\/td>\n<td style=\"width: 111px;\">\n<p><span>12 th\u00e1ng k\u1ef9 thu\u1eadt<\/span><\/p>\n<ul>\n<li><span>L\u1ed7i k\u1ef9 thu\u1eadt<\/span><\/li>\n<li><span>Ben h\u01a1i b\u1ecb h\u1ecfng : 1 \u0111\u1ed5i 1<\/span><\/li>\n<li><span>Kh\u00f4ng b\u1ea3o h\u00e0nh ch\u1ea5t li\u1ec7u Da, Pu, Simili, Nh\u1ef1a &#8230;<\/span><\/li>\n<\/ul>\n<\/td>\n<td style=\"width: 52px;\">\n<p><span>01 gh\u1ebf<\/span><\/p>\n<\/td>\n<\/tr>\n<\/tbody>\n<\/table>","protected":false},"excerpt":{"rendered":"<p>Ch\u1ea5t Li\u1ec7u K\u00edch Th\u01b0\u1edbc (D\u00e0i*R\u1ed9ng*cao) \u0110\u1eb7c \u0110i\u1ec3m M\u00e0u S\u1eafc Xu\u1ea5t X\u1ee9 B\u1ea3o h\u00e0nh B\u1ed9 s\u1ea3n ph\u1ea9m g\u1ed3m Gh\u1ebf c\u00f4ng th\u00e1i h\u1ecdc Ch\u1ea5t li\u1ec7u : S\u01b0\u1eddn nh\u1ef1a \u0111\u00fac \u0111\u1eb7c, L\u01b0ng b\u1ecdc V\u1ea3i , N\u1ec7m ng\u1ed3i s\u1ee3i Polyester tho\u00e1ng kh\u00ed, Cao su non, Ch\u00e2n h\u1ee3p kim nh\u00f4m kh\u00f4ng g\u1ec9. Piston Class 4 b\u1ec1n b\u1ec9 L\u01b0ng gh\u1ebf c\u00f4ng [&hellip;]<\/p>","protected":false},"featured_media":2599,"comment_status":"open","ping_status":"closed","template":"","meta":[],"product_cat":[59,70],"product_tag":[],"yoast_head":"<!-- This site is optimized with the Yoast SEO Premium plugin v21.7 (Yoast SEO v21.7) - https:\/\/yoast.com\/wordpress\/plugins\/seo\/ -->\n<title>Gh\u1ebf l\u00e0m vi\u1ec7c c\u00f4ng th\u00e1i h\u1ecdc chu\u1ea9n t\u01b0 th\u1ebf ng\u1ed3i h\u1ed7 tr\u1ee3 c\u1ed9t s\u1ed1ng AMA-CTH22-BLACK - AMAFURNI<\/title>\n<meta name=\"robots\" content=\"index, follow, max-snippet:-1, max-image-preview:large, max-video-preview:-1\" \/>\n<link rel=\"canonical\" href=\"https:\/\/amafurni.vn\/en\/product\/ghe-lam-viec-cong-thai-hoc-chuan-tu-the-ngoi-ho-tro-cot-song-ama-cth22-black\/\" \/>\n<meta property=\"og:locale\" content=\"en_US\" \/>\n<meta property=\"og:type\" content=\"article\" \/>\n<meta property=\"og:title\" content=\"Gh\u1ebf l\u00e0m vi\u1ec7c c\u00f4ng th\u00e1i h\u1ecdc chu\u1ea9n t\u01b0 th\u1ebf ng\u1ed3i h\u1ed7 tr\u1ee3 c\u1ed9t s\u1ed1ng AMA-CTH22-BLACK\" \/>\n<meta property=\"og:description\" content=\"Ch\u1ea5t Li\u1ec7u K\u00edch Th\u01b0\u1edbc (D\u00e0i*R\u1ed9ng*cao) \u0110\u1eb7c \u0110i\u1ec3m M\u00e0u S\u1eafc Xu\u1ea5t X\u1ee9 B\u1ea3o h\u00e0nh B\u1ed9 s\u1ea3n ph\u1ea9m g\u1ed3m Gh\u1ebf c\u00f4ng th\u00e1i h\u1ecdc Ch\u1ea5t li\u1ec7u : S\u01b0\u1eddn nh\u1ef1a \u0111\u00fac \u0111\u1eb7c, L\u01b0ng b\u1ecdc V\u1ea3i , N\u1ec7m ng\u1ed3i s\u1ee3i Polyester tho\u00e1ng kh\u00ed, Cao su non, Ch\u00e2n h\u1ee3p kim nh\u00f4m kh\u00f4ng g\u1ec9. Piston Class 4 b\u1ec1n b\u1ec9 L\u01b0ng gh\u1ebf c\u00f4ng [&hellip;]\" \/>\n<meta property=\"og:url\" content=\"https:\/\/amafurni.vn\/en\/product\/ghe-lam-viec-cong-thai-hoc-chuan-tu-the-ngoi-ho-tro-cot-song-ama-cth22-black\/\" \/>\n<meta property=\"og:site_name\" content=\"AMAFURNI\" \/>\n<meta property=\"article:modified_time\" content=\"2025-11-12T07:10:36+00:00\" \/>\n<meta property=\"og:image\" content=\"https:\/\/amafurni.vn\/wp-content\/uploads\/2023\/12\/ghe-lam-viec-cong-thai-hoc-chuan-tu-the-ngoi-ho-tro-cot-song-ama-cth22-black_656ff85f3d5b9.jpeg\" \/>\n\t<meta property=\"og:image:width\" content=\"800\" \/>\n\t<meta property=\"og:image:height\" content=\"800\" \/>\n\t<meta property=\"og:image:type\" content=\"image\/jpeg\" \/>\n<meta name=\"twitter:card\" content=\"summary_large_image\" \/>\n<meta name=\"twitter:label1\" content=\"Est. reading time\" \/>\n\t<meta name=\"twitter:data1\" content=\"1 minute\" \/>\n<script type=\"application\/ld+json\" class=\"yoast-schema-graph\">{\"@context\":\"https:\/\/schema.org\",\"@graph\":[{\"@type\":\"WebPage\",\"@id\":\"https:\/\/amafurni.vn\/san-pham\/ghe-lam-viec-cong-thai-hoc-chuan-tu-the-ngoi-ho-tro-cot-song-ama-cth22-black\/\",\"url\":\"https:\/\/amafurni.vn\/san-pham\/ghe-lam-viec-cong-thai-hoc-chuan-tu-the-ngoi-ho-tro-cot-song-ama-cth22-black\/\",\"name\":\"Gh\u1ebf l\u00e0m vi\u1ec7c c\u00f4ng th\u00e1i h\u1ecdc chu\u1ea9n t\u01b0 th\u1ebf ng\u1ed3i h\u1ed7 tr\u1ee3 c\u1ed9t s\u1ed1ng AMA-CTH22-BLACK - AMAFURNI\",\"isPartOf\":{\"@id\":\"https:\/\/amafurni.vn\/#website\"},\"datePublished\":\"2023-12-06T04:28:15+00:00\",\"dateModified\":\"2025-11-12T07:10:36+00:00\",\"breadcrumb\":{\"@id\":\"https:\/\/amafurni.vn\/san-pham\/ghe-lam-viec-cong-thai-hoc-chuan-tu-the-ngoi-ho-tro-cot-song-ama-cth22-black\/#breadcrumb\"},\"inLanguage\":\"en-US\",\"potentialAction\":[{\"@type\":\"ReadAction\",\"target\":[\"https:\/\/amafurni.vn\/san-pham\/ghe-lam-viec-cong-thai-hoc-chuan-tu-the-ngoi-ho-tro-cot-song-ama-cth22-black\/\"]}]},{\"@type\":\"BreadcrumbList\",\"@id\":\"https:\/\/amafurni.vn\/san-pham\/ghe-lam-viec-cong-thai-hoc-chuan-tu-the-ngoi-ho-tro-cot-song-ama-cth22-black\/#breadcrumb\",\"itemListElement\":[{\"@type\":\"ListItem\",\"position\":1,\"name\":\"Trang ch\u1ee7\",\"item\":\"https:\/\/amafurni.vn\/\"},{\"@type\":\"ListItem\",\"position\":2,\"name\":\"S\u1ea3n ph\u1ea9m\",\"item\":\"https:\/\/amafurni.vn\/san-pham\/\"},{\"@type\":\"ListItem\",\"position\":3,\"name\":\"Gh\u1ebf l\u00e0m vi\u1ec7c c\u00f4ng th\u00e1i h\u1ecdc chu\u1ea9n t\u01b0 th\u1ebf ng\u1ed3i h\u1ed7 tr\u1ee3 c\u1ed9t s\u1ed1ng AMA-CTH22-BLACK\"}]},{\"@type\":\"WebSite\",\"@id\":\"https:\/\/amafurni.vn\/#website\",\"url\":\"https:\/\/amafurni.vn\/\",\"name\":\"AMAFURNI\",\"description\":\"\",\"potentialAction\":[{\"@type\":\"SearchAction\",\"target\":{\"@type\":\"EntryPoint\",\"urlTemplate\":\"https:\/\/amafurni.vn\/?s={search_term_string}\"},\"query-input\":\"required name=search_term_string\"}],\"inLanguage\":\"en-US\"}]}<\/script>\n<!-- \/ Yoast SEO Premium plugin. -->","yoast_head_json":{"title":"Gh\u1ebf l\u00e0m vi\u1ec7c c\u00f4ng th\u00e1i h\u1ecdc chu\u1ea9n t\u01b0 th\u1ebf ng\u1ed3i h\u1ed7 tr\u1ee3 c\u1ed9t s\u1ed1ng AMA-CTH22-BLACK - AMAFURNI","robots":{"index":"index","follow":"follow","max-snippet":"max-snippet:-1","max-image-preview":"max-image-preview:large","max-video-preview":"max-video-preview:-1"},"canonical":"https:\/\/amafurni.vn\/en\/product\/ghe-lam-viec-cong-thai-hoc-chuan-tu-the-ngoi-ho-tro-cot-song-ama-cth22-black\/","og_locale":"en_US","og_type":"article","og_title":"Gh\u1ebf l\u00e0m vi\u1ec7c c\u00f4ng th\u00e1i h\u1ecdc chu\u1ea9n t\u01b0 th\u1ebf ng\u1ed3i h\u1ed7 tr\u1ee3 c\u1ed9t s\u1ed1ng AMA-CTH22-BLACK","og_description":"Ch\u1ea5t Li\u1ec7u K\u00edch Th\u01b0\u1edbc (D\u00e0i*R\u1ed9ng*cao) \u0110\u1eb7c \u0110i\u1ec3m M\u00e0u S\u1eafc Xu\u1ea5t X\u1ee9 B\u1ea3o h\u00e0nh B\u1ed9 s\u1ea3n ph\u1ea9m g\u1ed3m Gh\u1ebf c\u00f4ng th\u00e1i h\u1ecdc Ch\u1ea5t li\u1ec7u : S\u01b0\u1eddn nh\u1ef1a \u0111\u00fac \u0111\u1eb7c, L\u01b0ng b\u1ecdc V\u1ea3i , N\u1ec7m ng\u1ed3i s\u1ee3i Polyester tho\u00e1ng kh\u00ed, Cao su non, Ch\u00e2n h\u1ee3p kim nh\u00f4m kh\u00f4ng g\u1ec9. Piston Class 4 b\u1ec1n b\u1ec9 L\u01b0ng gh\u1ebf c\u00f4ng [&hellip;]","og_url":"https:\/\/amafurni.vn\/en\/product\/ghe-lam-viec-cong-thai-hoc-chuan-tu-the-ngoi-ho-tro-cot-song-ama-cth22-black\/","og_site_name":"AMAFURNI","article_modified_time":"2025-11-12T07:10:36+00:00","og_image":[{"width":800,"height":800,"url":"https:\/\/amafurni.vn\/wp-content\/uploads\/2023\/12\/ghe-lam-viec-cong-thai-hoc-chuan-tu-the-ngoi-ho-tro-cot-song-ama-cth22-black_656ff85f3d5b9.jpeg","type":"image\/jpeg"}],"twitter_card":"summary_large_image","twitter_misc":{"Est. reading time":"1 minute"},"schema":{"@context":"https:\/\/schema.org","@graph":[{"@type":"WebPage","@id":"https:\/\/amafurni.vn\/san-pham\/ghe-lam-viec-cong-thai-hoc-chuan-tu-the-ngoi-ho-tro-cot-song-ama-cth22-black\/","url":"https:\/\/amafurni.vn\/san-pham\/ghe-lam-viec-cong-thai-hoc-chuan-tu-the-ngoi-ho-tro-cot-song-ama-cth22-black\/","name":"Gh\u1ebf l\u00e0m vi\u1ec7c c\u00f4ng th\u00e1i h\u1ecdc chu\u1ea9n t\u01b0 th\u1ebf ng\u1ed3i h\u1ed7 tr\u1ee3 c\u1ed9t s\u1ed1ng AMA-CTH22-BLACK - AMAFURNI","isPartOf":{"@id":"https:\/\/amafurni.vn\/#website"},"datePublished":"2023-12-06T04:28:15+00:00","dateModified":"2025-11-12T07:10:36+00:00","breadcrumb":{"@id":"https:\/\/amafurni.vn\/san-pham\/ghe-lam-viec-cong-thai-hoc-chuan-tu-the-ngoi-ho-tro-cot-song-ama-cth22-black\/#breadcrumb"},"inLanguage":"en-US","potentialAction":[{"@type":"ReadAction","target":["https:\/\/amafurni.vn\/san-pham\/ghe-lam-viec-cong-thai-hoc-chuan-tu-the-ngoi-ho-tro-cot-song-ama-cth22-black\/"]}]},{"@type":"BreadcrumbList","@id":"https:\/\/amafurni.vn\/san-pham\/ghe-lam-viec-cong-thai-hoc-chuan-tu-the-ngoi-ho-tro-cot-song-ama-cth22-black\/#breadcrumb","itemListElement":[{"@type":"ListItem","position":1,"name":"Trang ch\u1ee7","item":"https:\/\/amafurni.vn\/"},{"@type":"ListItem","position":2,"name":"S\u1ea3n ph\u1ea9m","item":"https:\/\/amafurni.vn\/san-pham\/"},{"@type":"ListItem","position":3,"name":"Gh\u1ebf l\u00e0m vi\u1ec7c c\u00f4ng th\u00e1i h\u1ecdc chu\u1ea9n t\u01b0 th\u1ebf ng\u1ed3i h\u1ed7 tr\u1ee3 c\u1ed9t s\u1ed1ng AMA-CTH22-BLACK"}]},{"@type":"WebSite","@id":"https:\/\/amafurni.vn\/#website","url":"https:\/\/amafurni.vn\/","name":"AMAFURNI","description":"","potentialAction":[{"@type":"SearchAction","target":{"@type":"EntryPoint","urlTemplate":"https:\/\/amafurni.vn\/?s={search_term_string}"},"query-input":"required name=search_term_string"}],"inLanguage":"en-US"}]}},"_links":{"self":[{"href":"https:\/\/amafurni.vn\/en\/wp-json\/wp\/v2\/product\/2598"}],"collection":[{"href":"https:\/\/amafurni.vn\/en\/wp-json\/wp\/v2\/product"}],"about":[{"href":"https:\/\/amafurni.vn\/en\/wp-json\/wp\/v2\/types\/product"}],"replies":[{"embeddable":true,"href":"https:\/\/amafurni.vn\/en\/wp-json\/wp\/v2\/comments?post=2598"}],"wp:featuredmedia":[{"embeddable":true,"href":"https:\/\/amafurni.vn\/en\/wp-json\/wp\/v2\/media\/2599"}],"wp:attachment":[{"href":"https:\/\/amafurni.vn\/en\/wp-json\/wp\/v2\/media?parent=2598"}],"wp:term":[{"taxonomy":"product_cat","embeddable":true,"href":"https:\/\/amafurni.vn\/en\/wp-json\/wp\/v2\/product_cat?post=2598"},{"taxonomy":"product_tag","embeddable":true,"href":"https:\/\/amafurni.vn\/en\/wp-json\/wp\/v2\/product_tag?post=2598"}],"curies":[{"name":"wp","href":"https:\/\/api.w.org\/{rel}","templated":true}]}}