{"id":2604,"date":"2023-12-06T11:28:34","date_gmt":"2023-12-06T04:28:34","guid":{"rendered":"https:\/\/amafurni.123websitedev.com\/san-pham\/ghe-lam-viec-cong-thai-hoc-co-chan-gac-nam-ama-tms08-white\/"},"modified":"2025-11-12T14:13:54","modified_gmt":"2025-11-12T07:13:54","slug":"ghe-ama-tms08","status":"publish","type":"product","link":"https:\/\/amafurni.vn\/en\/product\/ghe-ama-tms08\/","title":{"rendered":"Gh\u1ebf AMA-TMS08"},"content":{"rendered":"<table class=\"woocommerce-product-attributes shop_attributes\" style=\"width: 100.525%; height: 290px;\" width=\"929\">\n<tbody>\n<tr class=\"woocommerce-product-attributes-item woocommerce-product-attributes-item--attribute_season\" style=\"height: 24px;\">\n<th class=\"woocommerce-product-attributes-item__label\" style=\"width: 11.5054%; height: 24px;\">Material<\/th>\n<td class=\"woocommerce-product-attributes-item__value\" style=\"width: 117.204%; height: 24px;\">Nh\u1ef1a PP \u0111\u00fac \u0111\u1eb7c \u1ed1p N\u1ec7m. B\u1ecdc l\u01b0\u1edbi. Ch\u00e2n nh\u1ef1a PP.<\/td>\n<\/tr>\n<tr class=\"woocommerce-product-attributes-item woocommerce-product-attributes-item--attribute_pa_color\" style=\"height: 24px;\">\n<th class=\"woocommerce-product-attributes-item__label\" style=\"width: 11.5054%; height: 24px;\">M\u00e0u S\u1eafc<\/th>\n<td class=\"woocommerce-product-attributes-item__value\" style=\"width: 117.204%; height: 24px;\">TR\u1eaeNG, \u0110EN, X\u00c1M<\/td>\n<\/tr>\n<tr class=\"woocommerce-product-attributes-item woocommerce-product-attributes-item--attribute_style\" style=\"height: 24px;\">\n<th class=\"woocommerce-product-attributes-item__label\" style=\"width: 11.5054%; height: 24px;\">Size<\/th>\n<td class=\"woocommerce-product-attributes-item__value\" style=\"width: 117.204%; height: 24px;\">58x33x57<\/td>\n<\/tr>\n<tr class=\"woocommerce-product-attributes-item woocommerce-product-attributes-item--attribute_pa_material\" style=\"height: 24px;\">\n<th class=\"woocommerce-product-attributes-item__label\" style=\"width: 11.5054%; height: 24px;\">T\u00ednh N\u0103ng<\/th>\n<td class=\"woocommerce-product-attributes-item__value\" style=\"width: 117.204%; height: 24px;\">Xoay 360 \u0111\u1ed9, T\u0103ng\/Gi\u1ea3m chi\u1ec1u cao,( Ng\u1ea3 l\u01b0ng 160 \u0111\u1ed9 ) ch\u1ed1t c\u1ed1 \u0111\u1ecbnh k\u00e8m ch\u00e2n g\u00e1c. T\u1ef1a \u0111\u1ea7u t\u0103ng\/ gi\u1ea3m, b\u1ebb g\u00f3c<\/td>\n<\/tr>\n<tr class=\"woocommerce-product-attributes-item woocommerce-product-attributes-item--attribute_item-code\" style=\"height: 24px;\">\n<th class=\"woocommerce-product-attributes-item__label\" style=\"width: 11.5054%; height: 24px;\">B\u1ea3o H\u00e0nh<\/th>\n<td class=\"woocommerce-product-attributes-item__value\" style=\"width: 117.204%; height: 24px;\">06 th\u00e1ng<\/td>\n<\/tr>\n<\/tbody>\n<\/table>","protected":false},"excerpt":{"rendered":"<p>*Ng\u00e3 l\u01b0ng 160 \u0111\u1ed9, kho\u00e1 an to\u00e0n, G\u00c1C CH\u00c2N NH\u1ef0A NG\u1ea2 N\u1eb0M TH\u01af GI\u00c3N<br \/>\n*L\u01b0ng gh\u1ebf thi\u1ebft k\u1ebf NH\u1ef0A PP \u0111\u00fac \u0111\u1eb7c<br \/>\n*B\u00e1nh xe b\u1eb1ng nh\u1ef1a PU ch\u1ed1ng s\u1ed1c, ch\u1ecbu \u0111c tr\u1ecdng l\u01b0\u1ee3ng 80kg -90kg tu\u1ef3 chi\u1ec1u cao.<br \/>\n*D\u1ec5 d\u00e0ng v\u1ec7 sinh, b\u1ea3o d\u01b0\u1ee1ng.<\/p>","protected":false},"featured_media":15545,"comment_status":"open","ping_status":"closed","template":"","meta":[],"product_cat":[59,70,71,106,109],"product_tag":[124,286,285],"yoast_head":"<!-- This site is optimized with the Yoast SEO Premium plugin v21.7 (Yoast SEO v21.7) - https:\/\/yoast.com\/wordpress\/plugins\/seo\/ -->\n<title>Gh\u1ebf AMA-TMS08 - AMAFURNI<\/title>\n<meta name=\"robots\" content=\"index, follow, max-snippet:-1, max-image-preview:large, max-video-preview:-1\" \/>\n<link rel=\"canonical\" href=\"https:\/\/amafurni.vn\/en\/product\/ghe-ama-tms08\/\" \/>\n<meta property=\"og:locale\" content=\"en_US\" \/>\n<meta property=\"og:type\" content=\"article\" \/>\n<meta property=\"og:title\" content=\"Gh\u1ebf AMA-TMS08\" \/>\n<meta property=\"og:description\" content=\"*Ng\u00e3 l\u01b0ng 160 \u0111\u1ed9, kho\u00e1 an to\u00e0n, G\u00c1C CH\u00c2N NH\u1ef0A NG\u1ea2 N\u1eb0M TH\u01af GI\u00c3N *L\u01b0ng gh\u1ebf thi\u1ebft k\u1ebf NH\u1ef0A PP \u0111\u00fac \u0111\u1eb7c *B\u00e1nh xe b\u1eb1ng nh\u1ef1a PU ch\u1ed1ng s\u1ed1c, ch\u1ecbu \u0111c tr\u1ecdng l\u01b0\u1ee3ng 80kg -90kg tu\u1ef3 chi\u1ec1u cao. *D\u1ec5 d\u00e0ng v\u1ec7 sinh, b\u1ea3o d\u01b0\u1ee1ng.\" \/>\n<meta property=\"og:url\" content=\"https:\/\/amafurni.vn\/en\/product\/ghe-ama-tms08\/\" \/>\n<meta property=\"og:site_name\" content=\"AMAFURNI\" \/>\n<meta property=\"article:modified_time\" content=\"2025-11-12T07:13:54+00:00\" \/>\n<meta property=\"og:image\" content=\"https:\/\/amafurni.vn\/wp-content\/uploads\/2023\/12\/z5581948496989_f86a4dd8bf03605625db4b38104a56a5.jpg\" \/>\n\t<meta property=\"og:image:width\" content=\"800\" \/>\n\t<meta property=\"og:image:height\" content=\"800\" \/>\n\t<meta property=\"og:image:type\" content=\"image\/jpeg\" \/>\n<meta name=\"twitter:card\" content=\"summary_large_image\" \/>\n<meta name=\"twitter:label1\" content=\"Est. reading time\" \/>\n\t<meta name=\"twitter:data1\" content=\"1 minute\" \/>\n<script type=\"application\/ld+json\" class=\"yoast-schema-graph\">{\"@context\":\"https:\/\/schema.org\",\"@graph\":[{\"@type\":\"WebPage\",\"@id\":\"https:\/\/amafurni.vn\/san-pham\/ghe-ama-tms08\/\",\"url\":\"https:\/\/amafurni.vn\/san-pham\/ghe-ama-tms08\/\",\"name\":\"Gh\u1ebf AMA-TMS08 - AMAFURNI\",\"isPartOf\":{\"@id\":\"https:\/\/amafurni.vn\/#website\"},\"datePublished\":\"2023-12-06T04:28:34+00:00\",\"dateModified\":\"2025-11-12T07:13:54+00:00\",\"breadcrumb\":{\"@id\":\"https:\/\/amafurni.vn\/san-pham\/ghe-ama-tms08\/#breadcrumb\"},\"inLanguage\":\"en-US\",\"potentialAction\":[{\"@type\":\"ReadAction\",\"target\":[\"https:\/\/amafurni.vn\/san-pham\/ghe-ama-tms08\/\"]}]},{\"@type\":\"BreadcrumbList\",\"@id\":\"https:\/\/amafurni.vn\/san-pham\/ghe-ama-tms08\/#breadcrumb\",\"itemListElement\":[{\"@type\":\"ListItem\",\"position\":1,\"name\":\"Trang ch\u1ee7\",\"item\":\"https:\/\/amafurni.vn\/\"},{\"@type\":\"ListItem\",\"position\":2,\"name\":\"S\u1ea3n ph\u1ea9m\",\"item\":\"https:\/\/amafurni.vn\/san-pham\/\"},{\"@type\":\"ListItem\",\"position\":3,\"name\":\"Gh\u1ebf AMA-TMS08\"}]},{\"@type\":\"WebSite\",\"@id\":\"https:\/\/amafurni.vn\/#website\",\"url\":\"https:\/\/amafurni.vn\/\",\"name\":\"AMAFURNI\",\"description\":\"\",\"potentialAction\":[{\"@type\":\"SearchAction\",\"target\":{\"@type\":\"EntryPoint\",\"urlTemplate\":\"https:\/\/amafurni.vn\/?s={search_term_string}\"},\"query-input\":\"required name=search_term_string\"}],\"inLanguage\":\"en-US\"}]}<\/script>\n<!-- \/ Yoast SEO Premium plugin. -->","yoast_head_json":{"title":"Gh\u1ebf AMA-TMS08 - AMAFURNI","robots":{"index":"index","follow":"follow","max-snippet":"max-snippet:-1","max-image-preview":"max-image-preview:large","max-video-preview":"max-video-preview:-1"},"canonical":"https:\/\/amafurni.vn\/en\/product\/ghe-ama-tms08\/","og_locale":"en_US","og_type":"article","og_title":"Gh\u1ebf AMA-TMS08","og_description":"*Ng\u00e3 l\u01b0ng 160 \u0111\u1ed9, kho\u00e1 an to\u00e0n, G\u00c1C CH\u00c2N NH\u1ef0A NG\u1ea2 N\u1eb0M TH\u01af GI\u00c3N *L\u01b0ng gh\u1ebf thi\u1ebft k\u1ebf NH\u1ef0A PP \u0111\u00fac \u0111\u1eb7c *B\u00e1nh xe b\u1eb1ng nh\u1ef1a PU ch\u1ed1ng s\u1ed1c, ch\u1ecbu \u0111c tr\u1ecdng l\u01b0\u1ee3ng 80kg -90kg tu\u1ef3 chi\u1ec1u cao. *D\u1ec5 d\u00e0ng v\u1ec7 sinh, b\u1ea3o d\u01b0\u1ee1ng.","og_url":"https:\/\/amafurni.vn\/en\/product\/ghe-ama-tms08\/","og_site_name":"AMAFURNI","article_modified_time":"2025-11-12T07:13:54+00:00","og_image":[{"width":800,"height":800,"url":"https:\/\/amafurni.vn\/wp-content\/uploads\/2023\/12\/z5581948496989_f86a4dd8bf03605625db4b38104a56a5.jpg","type":"image\/jpeg"}],"twitter_card":"summary_large_image","twitter_misc":{"Est. reading time":"1 minute"},"schema":{"@context":"https:\/\/schema.org","@graph":[{"@type":"WebPage","@id":"https:\/\/amafurni.vn\/san-pham\/ghe-ama-tms08\/","url":"https:\/\/amafurni.vn\/san-pham\/ghe-ama-tms08\/","name":"Gh\u1ebf AMA-TMS08 - AMAFURNI","isPartOf":{"@id":"https:\/\/amafurni.vn\/#website"},"datePublished":"2023-12-06T04:28:34+00:00","dateModified":"2025-11-12T07:13:54+00:00","breadcrumb":{"@id":"https:\/\/amafurni.vn\/san-pham\/ghe-ama-tms08\/#breadcrumb"},"inLanguage":"en-US","potentialAction":[{"@type":"ReadAction","target":["https:\/\/amafurni.vn\/san-pham\/ghe-ama-tms08\/"]}]},{"@type":"BreadcrumbList","@id":"https:\/\/amafurni.vn\/san-pham\/ghe-ama-tms08\/#breadcrumb","itemListElement":[{"@type":"ListItem","position":1,"name":"Trang ch\u1ee7","item":"https:\/\/amafurni.vn\/"},{"@type":"ListItem","position":2,"name":"S\u1ea3n ph\u1ea9m","item":"https:\/\/amafurni.vn\/san-pham\/"},{"@type":"ListItem","position":3,"name":"Gh\u1ebf AMA-TMS08"}]},{"@type":"WebSite","@id":"https:\/\/amafurni.vn\/#website","url":"https:\/\/amafurni.vn\/","name":"AMAFURNI","description":"","potentialAction":[{"@type":"SearchAction","target":{"@type":"EntryPoint","urlTemplate":"https:\/\/amafurni.vn\/?s={search_term_string}"},"query-input":"required name=search_term_string"}],"inLanguage":"en-US"}]}},"_links":{"self":[{"href":"https:\/\/amafurni.vn\/en\/wp-json\/wp\/v2\/product\/2604"}],"collection":[{"href":"https:\/\/amafurni.vn\/en\/wp-json\/wp\/v2\/product"}],"about":[{"href":"https:\/\/amafurni.vn\/en\/wp-json\/wp\/v2\/types\/product"}],"replies":[{"embeddable":true,"href":"https:\/\/amafurni.vn\/en\/wp-json\/wp\/v2\/comments?post=2604"}],"wp:featuredmedia":[{"embeddable":true,"href":"https:\/\/amafurni.vn\/en\/wp-json\/wp\/v2\/media\/15545"}],"wp:attachment":[{"href":"https:\/\/amafurni.vn\/en\/wp-json\/wp\/v2\/media?parent=2604"}],"wp:term":[{"taxonomy":"product_cat","embeddable":true,"href":"https:\/\/amafurni.vn\/en\/wp-json\/wp\/v2\/product_cat?post=2604"},{"taxonomy":"product_tag","embeddable":true,"href":"https:\/\/amafurni.vn\/en\/wp-json\/wp\/v2\/product_tag?post=2604"}],"curies":[{"name":"wp","href":"https:\/\/api.w.org\/{rel}","templated":true}]}}