{"id":2610,"date":"2023-12-06T11:28:54","date_gmt":"2023-12-06T04:28:54","guid":{"rendered":"https:\/\/amafurni.123websitedev.com\/san-pham\/ghe-lam-viec-cong-thai-hoc-ergonomic-nga-lung-thu-gian-ho-tro-cot-song-ama-st-155a\/"},"modified":"2025-11-12T14:10:36","modified_gmt":"2025-11-12T07:10:36","slug":"ghe-lam-viec-cong-thai-hoc-ergonomic-nga-lung-thu-gian-ho-tro-cot-song-ama-st-155a","status":"publish","type":"product","link":"https:\/\/amafurni.vn\/en\/product\/ghe-lam-viec-cong-thai-hoc-ergonomic-nga-lung-thu-gian-ho-tro-cot-song-ama-st-155a\/","title":{"rendered":"Gh\u1ebf L\u00e0m Vi\u1ec7c C\u00f4ng Th\u00e1i H\u1ecdc Ergonomic Ng\u1ea3 l\u01b0ng th\u01b0 gi\u00e3n h\u1ed7 tr\u1ee3 c\u1ed9t s\u1ed1ng AMA-ST-155A"},"content":{"rendered":"<table border=\"1\" height=\"316\" width=\"974\">\n<tbody><\/tbody>\n<tbody>\n<tr>\n<td style=\"width: 287.117px;\"><span style=\"color: #ff0000;\"><strong>Material<\/strong><\/span><\/td>\n<td style=\"width: 230.594px;\"><span style=\"color: #ff0000;\"><strong>T\u00ednh N\u0103ng<\/strong><\/span><\/td>\n<td style=\"width: 104.922px;\"><span style=\"color: #ff0000;\"><strong>M\u00e0u S\u1eafc<\/strong><\/span><\/td>\n<td style=\"width: 126.883px;\"><span style=\"color: #ff0000;\"><strong>Xu\u1ea5t X\u1ee9<\/strong><\/span><\/td>\n<td style=\"width: 190.484px;\"><span style=\"color: #ff0000;\"><strong>B\u1ea3o h\u00e0nh<\/strong><\/span><\/td>\n<\/tr>\n<tr>\n<td style=\"width: 287.117px;\">\n<p><span>S\u01b0\u1eddn nh\u1ef1a PP \u0111\u00fac \u0111\u1eb7c<\/span><\/p>\n<p><span>S\u1ee3i polyester<\/span><\/p>\n<p><span>N\u1ec7m mousse D40<\/span><\/p>\n<p><span>Ch\u00e2n s\u1eaft m\u1ea1 crome vu\u00f4ng<\/span><\/p>\n<p><span>B\u00e1nh xe nylong ch\u1ecbu t\u1ea3i<\/span><\/p>\n<\/p>\n<\/td>\n<td style=\"width: 230.594px;\">\n<p>Tay gh\u1ebf T\u0102NG \/GI\u1ea2M <br \/>\u0110\u1ea7u gh\u1ebf T\u0102NG\/GI\u1ea2M<br \/>T\u0103ng\/Gi\u1ea3m chi\u1ec1u cao<br \/>Xoay 360 \u0111\u1ed9<br \/>C\u00f3 d\u1ef1a L\u01b0ng<br \/>C\u00d4NG TH\u00c1I H\u1eccC<\/p>\n<\/td>\n<td style=\"width: 104.922px;\">\n<p><span>S\u01b0\u1eddn \u0111en<\/span><\/p>\n<\/td>\n<td style=\"width: 126.883px;\"><span>Nh\u1eadp Ngo\u1ea1i<\/span><\/td>\n<td style=\"width: 190.484px;\">\n<p><span>. 12 th\u00e1ng k\u1ef9 thu<\/span><\/p>\n<\/td>\n<\/tr>\n<\/tbody>\n<\/table>","protected":false},"excerpt":{"rendered":"<p>Tay gh\u1ebf T\u0102NG \/GI\u1ea2M<br \/>\n\u0110\u1ea7u gh\u1ebf T\u0102NG\/GI\u1ea2M<br \/>\nT\u0103ng\/Gi\u1ea3m chi\u1ec1u cao<br \/>\nXoay 360 \u0111\u1ed9<br \/>\nC\u00f3 d\u1ef1a L\u01b0ng<br \/>\nC\u00d4NG TH\u00c1I H\u1eccC<\/p>","protected":false},"featured_media":2611,"comment_status":"open","ping_status":"closed","template":"","meta":[],"product_cat":[59,70],"product_tag":[],"yoast_head":"<!-- This site is optimized with the Yoast SEO Premium plugin v21.7 (Yoast SEO v21.7) - https:\/\/yoast.com\/wordpress\/plugins\/seo\/ -->\n<title>Gh\u1ebf L\u00e0m Vi\u1ec7c C\u00f4ng Th\u00e1i H\u1ecdc Ergonomic Ng\u1ea3 l\u01b0ng th\u01b0 gi\u00e3n h\u1ed7 tr\u1ee3 c\u1ed9t s\u1ed1ng AMA-ST-155A - AMAFURNI<\/title>\n<meta name=\"robots\" content=\"index, follow, max-snippet:-1, max-image-preview:large, max-video-preview:-1\" \/>\n<link rel=\"canonical\" href=\"https:\/\/amafurni.vn\/en\/product\/ghe-lam-viec-cong-thai-hoc-ergonomic-nga-lung-thu-gian-ho-tro-cot-song-ama-st-155a\/\" \/>\n<meta property=\"og:locale\" content=\"en_US\" \/>\n<meta property=\"og:type\" content=\"article\" \/>\n<meta property=\"og:title\" content=\"Gh\u1ebf L\u00e0m Vi\u1ec7c C\u00f4ng Th\u00e1i H\u1ecdc Ergonomic Ng\u1ea3 l\u01b0ng th\u01b0 gi\u00e3n h\u1ed7 tr\u1ee3 c\u1ed9t s\u1ed1ng AMA-ST-155A\" \/>\n<meta property=\"og:description\" content=\"Tay gh\u1ebf T\u0102NG \/GI\u1ea2M  \u0110\u1ea7u gh\u1ebf T\u0102NG\/GI\u1ea2M T\u0103ng\/Gi\u1ea3m chi\u1ec1u cao Xoay 360 \u0111\u1ed9 C\u00f3 d\u1ef1a L\u01b0ng C\u00d4NG TH\u00c1I H\u1eccC\" \/>\n<meta property=\"og:url\" content=\"https:\/\/amafurni.vn\/en\/product\/ghe-lam-viec-cong-thai-hoc-ergonomic-nga-lung-thu-gian-ho-tro-cot-song-ama-st-155a\/\" \/>\n<meta property=\"og:site_name\" content=\"AMAFURNI\" \/>\n<meta property=\"article:modified_time\" content=\"2025-11-12T07:10:36+00:00\" \/>\n<meta property=\"og:image\" content=\"https:\/\/amafurni.vn\/wp-content\/uploads\/2023\/12\/ghe-lam-viec-cong-thai-hoc-ergonomic-nga-lung-thu-gian-ho-tro-cot-song-ama-st-155a_656ff886a902a.png\" \/>\n\t<meta property=\"og:image:width\" content=\"800\" \/>\n\t<meta property=\"og:image:height\" content=\"800\" \/>\n\t<meta property=\"og:image:type\" content=\"image\/png\" \/>\n<meta name=\"twitter:card\" content=\"summary_large_image\" \/>\n<script type=\"application\/ld+json\" class=\"yoast-schema-graph\">{\"@context\":\"https:\/\/schema.org\",\"@graph\":[{\"@type\":\"WebPage\",\"@id\":\"https:\/\/amafurni.vn\/san-pham\/ghe-lam-viec-cong-thai-hoc-ergonomic-nga-lung-thu-gian-ho-tro-cot-song-ama-st-155a\/\",\"url\":\"https:\/\/amafurni.vn\/san-pham\/ghe-lam-viec-cong-thai-hoc-ergonomic-nga-lung-thu-gian-ho-tro-cot-song-ama-st-155a\/\",\"name\":\"Gh\u1ebf L\u00e0m Vi\u1ec7c C\u00f4ng Th\u00e1i H\u1ecdc Ergonomic Ng\u1ea3 l\u01b0ng th\u01b0 gi\u00e3n h\u1ed7 tr\u1ee3 c\u1ed9t s\u1ed1ng AMA-ST-155A - AMAFURNI\",\"isPartOf\":{\"@id\":\"https:\/\/amafurni.vn\/#website\"},\"datePublished\":\"2023-12-06T04:28:54+00:00\",\"dateModified\":\"2025-11-12T07:10:36+00:00\",\"breadcrumb\":{\"@id\":\"https:\/\/amafurni.vn\/san-pham\/ghe-lam-viec-cong-thai-hoc-ergonomic-nga-lung-thu-gian-ho-tro-cot-song-ama-st-155a\/#breadcrumb\"},\"inLanguage\":\"en-US\",\"potentialAction\":[{\"@type\":\"ReadAction\",\"target\":[\"https:\/\/amafurni.vn\/san-pham\/ghe-lam-viec-cong-thai-hoc-ergonomic-nga-lung-thu-gian-ho-tro-cot-song-ama-st-155a\/\"]}]},{\"@type\":\"BreadcrumbList\",\"@id\":\"https:\/\/amafurni.vn\/san-pham\/ghe-lam-viec-cong-thai-hoc-ergonomic-nga-lung-thu-gian-ho-tro-cot-song-ama-st-155a\/#breadcrumb\",\"itemListElement\":[{\"@type\":\"ListItem\",\"position\":1,\"name\":\"Trang ch\u1ee7\",\"item\":\"https:\/\/amafurni.vn\/\"},{\"@type\":\"ListItem\",\"position\":2,\"name\":\"S\u1ea3n ph\u1ea9m\",\"item\":\"https:\/\/amafurni.vn\/san-pham\/\"},{\"@type\":\"ListItem\",\"position\":3,\"name\":\"Gh\u1ebf L\u00e0m Vi\u1ec7c C\u00f4ng Th\u00e1i H\u1ecdc Ergonomic Ng\u1ea3 l\u01b0ng th\u01b0 gi\u00e3n h\u1ed7 tr\u1ee3 c\u1ed9t s\u1ed1ng AMA-ST-155A\"}]},{\"@type\":\"WebSite\",\"@id\":\"https:\/\/amafurni.vn\/#website\",\"url\":\"https:\/\/amafurni.vn\/\",\"name\":\"AMAFURNI\",\"description\":\"\",\"potentialAction\":[{\"@type\":\"SearchAction\",\"target\":{\"@type\":\"EntryPoint\",\"urlTemplate\":\"https:\/\/amafurni.vn\/?s={search_term_string}\"},\"query-input\":\"required name=search_term_string\"}],\"inLanguage\":\"en-US\"}]}<\/script>\n<!-- \/ Yoast SEO Premium plugin. -->","yoast_head_json":{"title":"Gh\u1ebf L\u00e0m Vi\u1ec7c C\u00f4ng Th\u00e1i H\u1ecdc Ergonomic Ng\u1ea3 l\u01b0ng th\u01b0 gi\u00e3n h\u1ed7 tr\u1ee3 c\u1ed9t s\u1ed1ng AMA-ST-155A - AMAFURNI","robots":{"index":"index","follow":"follow","max-snippet":"max-snippet:-1","max-image-preview":"max-image-preview:large","max-video-preview":"max-video-preview:-1"},"canonical":"https:\/\/amafurni.vn\/en\/product\/ghe-lam-viec-cong-thai-hoc-ergonomic-nga-lung-thu-gian-ho-tro-cot-song-ama-st-155a\/","og_locale":"en_US","og_type":"article","og_title":"Gh\u1ebf L\u00e0m Vi\u1ec7c C\u00f4ng Th\u00e1i H\u1ecdc Ergonomic Ng\u1ea3 l\u01b0ng th\u01b0 gi\u00e3n h\u1ed7 tr\u1ee3 c\u1ed9t s\u1ed1ng AMA-ST-155A","og_description":"Tay gh\u1ebf T\u0102NG \/GI\u1ea2M  \u0110\u1ea7u gh\u1ebf T\u0102NG\/GI\u1ea2M T\u0103ng\/Gi\u1ea3m chi\u1ec1u cao Xoay 360 \u0111\u1ed9 C\u00f3 d\u1ef1a L\u01b0ng C\u00d4NG TH\u00c1I H\u1eccC","og_url":"https:\/\/amafurni.vn\/en\/product\/ghe-lam-viec-cong-thai-hoc-ergonomic-nga-lung-thu-gian-ho-tro-cot-song-ama-st-155a\/","og_site_name":"AMAFURNI","article_modified_time":"2025-11-12T07:10:36+00:00","og_image":[{"width":800,"height":800,"url":"https:\/\/amafurni.vn\/wp-content\/uploads\/2023\/12\/ghe-lam-viec-cong-thai-hoc-ergonomic-nga-lung-thu-gian-ho-tro-cot-song-ama-st-155a_656ff886a902a.png","type":"image\/png"}],"twitter_card":"summary_large_image","schema":{"@context":"https:\/\/schema.org","@graph":[{"@type":"WebPage","@id":"https:\/\/amafurni.vn\/san-pham\/ghe-lam-viec-cong-thai-hoc-ergonomic-nga-lung-thu-gian-ho-tro-cot-song-ama-st-155a\/","url":"https:\/\/amafurni.vn\/san-pham\/ghe-lam-viec-cong-thai-hoc-ergonomic-nga-lung-thu-gian-ho-tro-cot-song-ama-st-155a\/","name":"Gh\u1ebf L\u00e0m Vi\u1ec7c C\u00f4ng Th\u00e1i H\u1ecdc Ergonomic Ng\u1ea3 l\u01b0ng th\u01b0 gi\u00e3n h\u1ed7 tr\u1ee3 c\u1ed9t s\u1ed1ng AMA-ST-155A - AMAFURNI","isPartOf":{"@id":"https:\/\/amafurni.vn\/#website"},"datePublished":"2023-12-06T04:28:54+00:00","dateModified":"2025-11-12T07:10:36+00:00","breadcrumb":{"@id":"https:\/\/amafurni.vn\/san-pham\/ghe-lam-viec-cong-thai-hoc-ergonomic-nga-lung-thu-gian-ho-tro-cot-song-ama-st-155a\/#breadcrumb"},"inLanguage":"en-US","potentialAction":[{"@type":"ReadAction","target":["https:\/\/amafurni.vn\/san-pham\/ghe-lam-viec-cong-thai-hoc-ergonomic-nga-lung-thu-gian-ho-tro-cot-song-ama-st-155a\/"]}]},{"@type":"BreadcrumbList","@id":"https:\/\/amafurni.vn\/san-pham\/ghe-lam-viec-cong-thai-hoc-ergonomic-nga-lung-thu-gian-ho-tro-cot-song-ama-st-155a\/#breadcrumb","itemListElement":[{"@type":"ListItem","position":1,"name":"Trang ch\u1ee7","item":"https:\/\/amafurni.vn\/"},{"@type":"ListItem","position":2,"name":"S\u1ea3n ph\u1ea9m","item":"https:\/\/amafurni.vn\/san-pham\/"},{"@type":"ListItem","position":3,"name":"Gh\u1ebf L\u00e0m Vi\u1ec7c C\u00f4ng Th\u00e1i H\u1ecdc Ergonomic Ng\u1ea3 l\u01b0ng th\u01b0 gi\u00e3n h\u1ed7 tr\u1ee3 c\u1ed9t s\u1ed1ng AMA-ST-155A"}]},{"@type":"WebSite","@id":"https:\/\/amafurni.vn\/#website","url":"https:\/\/amafurni.vn\/","name":"AMAFURNI","description":"","potentialAction":[{"@type":"SearchAction","target":{"@type":"EntryPoint","urlTemplate":"https:\/\/amafurni.vn\/?s={search_term_string}"},"query-input":"required name=search_term_string"}],"inLanguage":"en-US"}]}},"_links":{"self":[{"href":"https:\/\/amafurni.vn\/en\/wp-json\/wp\/v2\/product\/2610"}],"collection":[{"href":"https:\/\/amafurni.vn\/en\/wp-json\/wp\/v2\/product"}],"about":[{"href":"https:\/\/amafurni.vn\/en\/wp-json\/wp\/v2\/types\/product"}],"replies":[{"embeddable":true,"href":"https:\/\/amafurni.vn\/en\/wp-json\/wp\/v2\/comments?post=2610"}],"wp:featuredmedia":[{"embeddable":true,"href":"https:\/\/amafurni.vn\/en\/wp-json\/wp\/v2\/media\/2611"}],"wp:attachment":[{"href":"https:\/\/amafurni.vn\/en\/wp-json\/wp\/v2\/media?parent=2610"}],"wp:term":[{"taxonomy":"product_cat","embeddable":true,"href":"https:\/\/amafurni.vn\/en\/wp-json\/wp\/v2\/product_cat?post=2610"},{"taxonomy":"product_tag","embeddable":true,"href":"https:\/\/amafurni.vn\/en\/wp-json\/wp\/v2\/product_tag?post=2610"}],"curies":[{"name":"wp","href":"https:\/\/api.w.org\/{rel}","templated":true}]}}