{"id":2671,"date":"2023-12-06T11:32:58","date_gmt":"2023-12-06T04:32:58","guid":{"rendered":"https:\/\/amafurni.123websitedev.com\/san-pham\/ghe-lam-viec-gia-re-the-he-moi-ama-522-md\/"},"modified":"2025-11-12T14:10:38","modified_gmt":"2025-11-12T07:10:38","slug":"ghe-lam-viec-gia-re-the-he-moi-ama-522-md","status":"publish","type":"product","link":"https:\/\/amafurni.vn\/en\/product\/ghe-lam-viec-gia-re-the-he-moi-ama-522-md\/","title":{"rendered":"Gh\u1ebf l\u00e0m vi\u1ec7c gi\u00e1 r\u1ebb th\u1ebf h\u1ec7 m\u1edbi AMA-522-M\u0110"},"content":{"rendered":"<table border=\"1\">\n<tbody><\/tbody>\n<tbody>\n<tr>\n<td><span><strong>Material<\/strong><\/span><\/td>\n<td>\n<p><span><strong><\/strong><\/span><\/p>\n<p><span><strong>Size<\/strong><\/span><\/p>\n<\/td>\n<td><span><strong>T\u00ednh N\u0103ng<\/strong><\/span><\/td>\n<td><span><strong>M\u00e0u S\u1eafc<\/strong><\/span><\/td>\n<td><span><strong>Xu\u1ea5t X\u1ee9<\/strong><\/span><\/td>\n<td><span><strong>B\u1ea3o h\u00e0nh<\/strong><\/span><\/td>\n<\/tr>\n<tr>\n<td>\n<p><span>S\u1ee3i l\u01b0\u1edbi tho\u00e1ng m\u00e1t<br \/>Khung s\u01b0\u1eddn Nh\u1ef1a \u0111\u00fac nguy\u00ean kh\u1ed1i\u00a0<br \/>Ben h\u01a1i Class 4 v\u1edbi \u0111\u1ed9 \u1ed5n \u0111\u1ecbnh cao\u00a0<br \/>Tay nh\u1ef1a \u0111\u00fac nguy\u00ean kh\u1ed1i<br \/>Ch\u00e2n nh\u1ef1a \u0111\u00fac \u0111\u1eb7c m\u00e0u \u0110en<br \/>B\u00e1nh xe nh\u1ef1a \u0111\u00fac gi\u1ea3m ti\u1ebfng \u1ed3n<\/span><\/p>\n<\/td>\n<td>550*500*(950-1020)mm<\/p>\n<p><span><\/span><\/p>\n<\/td>\n<td>\n<p><span>. T\u0103ng gi\u1ea3m chi\u1ec1u cao<\/span><\/p>\n<p><span>. G\u1eadt g\u00f9 b\u1eadp b\u00eanh<\/span><\/p>\n<p><span>Xoay 360 \u0111\u1ed9<\/span><\/p>\n<p><span>Nh\u1eb9, d\u1ec5 d\u00e0ng di chuy\u1ec3n<\/span><\/p>\n<p><span>Ch\u1ecbu t\u1ea3i 100kg<\/span><\/p>\n<\/td>\n<td>\n<p>Nhi\u1ec1u m\u00e0u<\/p>\n<\/td>\n<td><span>Nh\u1eadp Ngo\u1ea1i<\/span><\/td>\n<td>\n<p><span>. 12 th\u00e1ng k\u1ef9 thu\u1eadt<\/span><\/p>\n<p><span>. Ben h\u01a1i 1 \u0111\u1ed5i 1<\/span><\/p>\n<\/td>\n<\/tr>\n<\/tbody>\n<\/table>","protected":false},"excerpt":{"rendered":"<p>S\u1ee3i l\u01b0\u1edbi tho\u00e1ng m\u00e1t<br \/>\nKhung s\u01b0\u1eddn Nh\u1ef1a \u0111\u00fac nguy\u00ean kh\u1ed1i\u00a0<br \/>\nBen h\u01a1i Class 4 v\u1edbi \u0111\u1ed9 \u1ed5n \u0111\u1ecbnh cao\u00a0<br \/>\nTay nh\u1ef1a \u0111\u00fac nguy\u00ean kh\u1ed1i<br \/>\nCh\u00e2n nh\u1ef1a \u0111\u00fac \u0111\u1eb7c m\u00e0u \u0110en<br \/>\nB\u00e1nh xe nh\u1ef1a \u0111\u00fac gi\u1ea3m ti\u1ebfng \u1ed3n<\/p>","protected":false},"featured_media":2672,"comment_status":"open","ping_status":"closed","template":"","meta":[],"product_cat":[59,70],"product_tag":[],"yoast_head":"<!-- This site is optimized with the Yoast SEO Premium plugin v21.7 (Yoast SEO v21.7) - https:\/\/yoast.com\/wordpress\/plugins\/seo\/ -->\n<title>Gh\u1ebf l\u00e0m vi\u1ec7c gi\u00e1 r\u1ebb th\u1ebf h\u1ec7 m\u1edbi AMA-522-M\u0110 - AMAFURNI<\/title>\n<meta name=\"robots\" content=\"index, follow, max-snippet:-1, max-image-preview:large, max-video-preview:-1\" \/>\n<link rel=\"canonical\" href=\"https:\/\/amafurni.vn\/en\/product\/ghe-lam-viec-gia-re-the-he-moi-ama-522-md\/\" \/>\n<meta property=\"og:locale\" content=\"en_US\" \/>\n<meta property=\"og:type\" content=\"article\" \/>\n<meta property=\"og:title\" content=\"Gh\u1ebf l\u00e0m vi\u1ec7c gi\u00e1 r\u1ebb th\u1ebf h\u1ec7 m\u1edbi AMA-522-M\u0110\" \/>\n<meta property=\"og:description\" content=\"S\u1ee3i l\u01b0\u1edbi tho\u00e1ng m\u00e1t Khung s\u01b0\u1eddn Nh\u1ef1a \u0111\u00fac nguy\u00ean kh\u1ed1i\u00a0 Ben h\u01a1i Class 4 v\u1edbi \u0111\u1ed9 \u1ed5n \u0111\u1ecbnh cao\u00a0 Tay nh\u1ef1a \u0111\u00fac nguy\u00ean kh\u1ed1i Ch\u00e2n nh\u1ef1a \u0111\u00fac \u0111\u1eb7c m\u00e0u \u0110en B\u00e1nh xe nh\u1ef1a \u0111\u00fac gi\u1ea3m ti\u1ebfng \u1ed3n\" \/>\n<meta property=\"og:url\" content=\"https:\/\/amafurni.vn\/en\/product\/ghe-lam-viec-gia-re-the-he-moi-ama-522-md\/\" \/>\n<meta property=\"og:site_name\" content=\"AMAFURNI\" \/>\n<meta property=\"article:modified_time\" content=\"2025-11-12T07:10:38+00:00\" \/>\n<meta property=\"og:image\" content=\"https:\/\/amafurni.vn\/wp-content\/uploads\/2023\/12\/ghe-lam-viec-gia-re-the-he-moi-ama-522-md_656ff97a969d3.png\" \/>\n\t<meta property=\"og:image:width\" content=\"800\" \/>\n\t<meta property=\"og:image:height\" content=\"800\" \/>\n\t<meta property=\"og:image:type\" content=\"image\/png\" \/>\n<meta name=\"twitter:card\" content=\"summary_large_image\" \/>\n<meta name=\"twitter:label1\" content=\"Est. reading time\" \/>\n\t<meta name=\"twitter:data1\" content=\"1 minute\" \/>\n<script type=\"application\/ld+json\" class=\"yoast-schema-graph\">{\"@context\":\"https:\/\/schema.org\",\"@graph\":[{\"@type\":\"WebPage\",\"@id\":\"https:\/\/amafurni.vn\/san-pham\/ghe-lam-viec-gia-re-the-he-moi-ama-522-md\/\",\"url\":\"https:\/\/amafurni.vn\/san-pham\/ghe-lam-viec-gia-re-the-he-moi-ama-522-md\/\",\"name\":\"Gh\u1ebf l\u00e0m vi\u1ec7c gi\u00e1 r\u1ebb th\u1ebf h\u1ec7 m\u1edbi AMA-522-M\u0110 - AMAFURNI\",\"isPartOf\":{\"@id\":\"https:\/\/amafurni.vn\/#website\"},\"datePublished\":\"2023-12-06T04:32:58+00:00\",\"dateModified\":\"2025-11-12T07:10:38+00:00\",\"breadcrumb\":{\"@id\":\"https:\/\/amafurni.vn\/san-pham\/ghe-lam-viec-gia-re-the-he-moi-ama-522-md\/#breadcrumb\"},\"inLanguage\":\"en-US\",\"potentialAction\":[{\"@type\":\"ReadAction\",\"target\":[\"https:\/\/amafurni.vn\/san-pham\/ghe-lam-viec-gia-re-the-he-moi-ama-522-md\/\"]}]},{\"@type\":\"BreadcrumbList\",\"@id\":\"https:\/\/amafurni.vn\/san-pham\/ghe-lam-viec-gia-re-the-he-moi-ama-522-md\/#breadcrumb\",\"itemListElement\":[{\"@type\":\"ListItem\",\"position\":1,\"name\":\"Trang ch\u1ee7\",\"item\":\"https:\/\/amafurni.vn\/\"},{\"@type\":\"ListItem\",\"position\":2,\"name\":\"S\u1ea3n ph\u1ea9m\",\"item\":\"https:\/\/amafurni.vn\/san-pham\/\"},{\"@type\":\"ListItem\",\"position\":3,\"name\":\"Gh\u1ebf l\u00e0m vi\u1ec7c gi\u00e1 r\u1ebb th\u1ebf h\u1ec7 m\u1edbi AMA-522-M\u0110\"}]},{\"@type\":\"WebSite\",\"@id\":\"https:\/\/amafurni.vn\/#website\",\"url\":\"https:\/\/amafurni.vn\/\",\"name\":\"AMAFURNI\",\"description\":\"\",\"potentialAction\":[{\"@type\":\"SearchAction\",\"target\":{\"@type\":\"EntryPoint\",\"urlTemplate\":\"https:\/\/amafurni.vn\/?s={search_term_string}\"},\"query-input\":\"required name=search_term_string\"}],\"inLanguage\":\"en-US\"}]}<\/script>\n<!-- \/ Yoast SEO Premium plugin. -->","yoast_head_json":{"title":"Gh\u1ebf l\u00e0m vi\u1ec7c gi\u00e1 r\u1ebb th\u1ebf h\u1ec7 m\u1edbi AMA-522-M\u0110 - AMAFURNI","robots":{"index":"index","follow":"follow","max-snippet":"max-snippet:-1","max-image-preview":"max-image-preview:large","max-video-preview":"max-video-preview:-1"},"canonical":"https:\/\/amafurni.vn\/en\/product\/ghe-lam-viec-gia-re-the-he-moi-ama-522-md\/","og_locale":"en_US","og_type":"article","og_title":"Gh\u1ebf l\u00e0m vi\u1ec7c gi\u00e1 r\u1ebb th\u1ebf h\u1ec7 m\u1edbi AMA-522-M\u0110","og_description":"S\u1ee3i l\u01b0\u1edbi tho\u00e1ng m\u00e1t Khung s\u01b0\u1eddn Nh\u1ef1a \u0111\u00fac nguy\u00ean kh\u1ed1i\u00a0 Ben h\u01a1i Class 4 v\u1edbi \u0111\u1ed9 \u1ed5n \u0111\u1ecbnh cao\u00a0 Tay nh\u1ef1a \u0111\u00fac nguy\u00ean kh\u1ed1i Ch\u00e2n nh\u1ef1a \u0111\u00fac \u0111\u1eb7c m\u00e0u \u0110en B\u00e1nh xe nh\u1ef1a \u0111\u00fac gi\u1ea3m ti\u1ebfng \u1ed3n","og_url":"https:\/\/amafurni.vn\/en\/product\/ghe-lam-viec-gia-re-the-he-moi-ama-522-md\/","og_site_name":"AMAFURNI","article_modified_time":"2025-11-12T07:10:38+00:00","og_image":[{"width":800,"height":800,"url":"https:\/\/amafurni.vn\/wp-content\/uploads\/2023\/12\/ghe-lam-viec-gia-re-the-he-moi-ama-522-md_656ff97a969d3.png","type":"image\/png"}],"twitter_card":"summary_large_image","twitter_misc":{"Est. reading time":"1 minute"},"schema":{"@context":"https:\/\/schema.org","@graph":[{"@type":"WebPage","@id":"https:\/\/amafurni.vn\/san-pham\/ghe-lam-viec-gia-re-the-he-moi-ama-522-md\/","url":"https:\/\/amafurni.vn\/san-pham\/ghe-lam-viec-gia-re-the-he-moi-ama-522-md\/","name":"Gh\u1ebf l\u00e0m vi\u1ec7c gi\u00e1 r\u1ebb th\u1ebf h\u1ec7 m\u1edbi AMA-522-M\u0110 - AMAFURNI","isPartOf":{"@id":"https:\/\/amafurni.vn\/#website"},"datePublished":"2023-12-06T04:32:58+00:00","dateModified":"2025-11-12T07:10:38+00:00","breadcrumb":{"@id":"https:\/\/amafurni.vn\/san-pham\/ghe-lam-viec-gia-re-the-he-moi-ama-522-md\/#breadcrumb"},"inLanguage":"en-US","potentialAction":[{"@type":"ReadAction","target":["https:\/\/amafurni.vn\/san-pham\/ghe-lam-viec-gia-re-the-he-moi-ama-522-md\/"]}]},{"@type":"BreadcrumbList","@id":"https:\/\/amafurni.vn\/san-pham\/ghe-lam-viec-gia-re-the-he-moi-ama-522-md\/#breadcrumb","itemListElement":[{"@type":"ListItem","position":1,"name":"Trang ch\u1ee7","item":"https:\/\/amafurni.vn\/"},{"@type":"ListItem","position":2,"name":"S\u1ea3n ph\u1ea9m","item":"https:\/\/amafurni.vn\/san-pham\/"},{"@type":"ListItem","position":3,"name":"Gh\u1ebf l\u00e0m vi\u1ec7c gi\u00e1 r\u1ebb th\u1ebf h\u1ec7 m\u1edbi AMA-522-M\u0110"}]},{"@type":"WebSite","@id":"https:\/\/amafurni.vn\/#website","url":"https:\/\/amafurni.vn\/","name":"AMAFURNI","description":"","potentialAction":[{"@type":"SearchAction","target":{"@type":"EntryPoint","urlTemplate":"https:\/\/amafurni.vn\/?s={search_term_string}"},"query-input":"required name=search_term_string"}],"inLanguage":"en-US"}]}},"_links":{"self":[{"href":"https:\/\/amafurni.vn\/en\/wp-json\/wp\/v2\/product\/2671"}],"collection":[{"href":"https:\/\/amafurni.vn\/en\/wp-json\/wp\/v2\/product"}],"about":[{"href":"https:\/\/amafurni.vn\/en\/wp-json\/wp\/v2\/types\/product"}],"replies":[{"embeddable":true,"href":"https:\/\/amafurni.vn\/en\/wp-json\/wp\/v2\/comments?post=2671"}],"wp:featuredmedia":[{"embeddable":true,"href":"https:\/\/amafurni.vn\/en\/wp-json\/wp\/v2\/media\/2672"}],"wp:attachment":[{"href":"https:\/\/amafurni.vn\/en\/wp-json\/wp\/v2\/media?parent=2671"}],"wp:term":[{"taxonomy":"product_cat","embeddable":true,"href":"https:\/\/amafurni.vn\/en\/wp-json\/wp\/v2\/product_cat?post=2671"},{"taxonomy":"product_tag","embeddable":true,"href":"https:\/\/amafurni.vn\/en\/wp-json\/wp\/v2\/product_tag?post=2671"}],"curies":[{"name":"wp","href":"https:\/\/api.w.org\/{rel}","templated":true}]}}