{"id":2693,"date":"2023-12-06T11:34:26","date_gmt":"2023-12-06T04:34:26","guid":{"rendered":"https:\/\/amafurni.123websitedev.com\/san-pham\/ghe-lam-viec-nga-lung-thu-gian-cao-cap-cong-thai-hoc-ergonomics-tot-cho-cot-song-ama-st-122a-m1\/"},"modified":"2025-11-12T14:10:38","modified_gmt":"2025-11-12T07:10:38","slug":"ghe-ama-st-122a","status":"publish","type":"product","link":"https:\/\/amafurni.vn\/en\/product\/ghe-ama-st-122a\/","title":{"rendered":"Gh\u1ebf AMA-ST-122A"},"content":{"rendered":"<table class=\"woocommerce-product-attributes shop_attributes\" style=\"width: 97.5765%; height: 293px;\" width=\"929\">\n<tbody>\n<tr class=\"woocommerce-product-attributes-item woocommerce-product-attributes-item--attribute_season\" style=\"height: 24px;\">\n<th class=\"woocommerce-product-attributes-item__label\" style=\"height: 24px; width: 10.4542%;\">Material<\/th>\n<td style=\"width: 88.7701%; height: 24px;\">S\u01b0\u1eddn nh\u1ef1a PP \u0111\u00fac \u0111\u1eb7c, b\u1ecdc l\u01b0\u1edbi, Ch\u00e2n s\u1eaft si m\u1ea1.<\/td>\n<\/tr>\n<tr class=\"woocommerce-product-attributes-item woocommerce-product-attributes-item--attribute_pa_color\" style=\"height: 24px;\">\n<th class=\"woocommerce-product-attributes-item__label\" style=\"height: 25px; width: 10.4542%;\">M\u00e0u S\u1eafc<\/th>\n<td class=\"woocommerce-product-attributes-item__value\" style=\"height: 25px; width: 88.7701%;\">S\u01b0\u1eddn \u0111en l\u01b0\u1edbi \u0111en.<\/td>\n<\/tr>\n<tr class=\"woocommerce-product-attributes-item woocommerce-product-attributes-item--attribute_style\" style=\"height: 24px;\">\n<th class=\"woocommerce-product-attributes-item__label\" style=\"height: 24px; width: 10.4542%;\">T\u1ea3i tr\u1ecdng t\u1ed1i \u0111a<\/th>\n<td class=\"woocommerce-product-attributes-item__value\" style=\"height: 24px; width: 88.7701%;\">100kg<\/td>\n<\/tr>\n<tr class=\"woocommerce-product-attributes-item woocommerce-product-attributes-item--attribute_pa_material\" style=\"height: 24px;\">\n<th class=\"woocommerce-product-attributes-item__label\" style=\"height: 24px; width: 10.4542%;\">T\u00ednh N\u0103ng<\/th>\n<td class=\"woocommerce-product-attributes-item__value\" style=\"height: 24px; width: 88.7701%;\">Xoay 360 \u0111\u1ed9, T\u0103ng gi\u1ea3m chi\u1ec1u cao, True Tilt (c\u00f3 ch\u1ee9c n\u0103ng kh\u00f3a \/ m\u1edf ng\u1ea3 l\u01b0ng), Tay t\u0103ng\/gi\u1ea3m 3D<\/td>\n<\/tr>\n<tr class=\"woocommerce-product-attributes-item woocommerce-product-attributes-item--attribute_item-code\" style=\"height: 24px;\">\n<th class=\"woocommerce-product-attributes-item__label\" style=\"height: 24px; width: 10.4542%;\">B\u1ea3o H\u00e0nh<\/th>\n<td class=\"woocommerce-product-attributes-item__value\" style=\"height: 24px; width: 88.7701%;\">12 th\u00e1ng<\/td>\n<\/tr>\n<\/tbody>\n<\/table>\n<p>&nbsp;<\/p>\n<p><span style=\"color: #ff0000;\"><strong>XEM TH\u00caM CLIP TH\u1ef0C T\u1ebe:<\/strong><\/span><\/p>\n<p><iframe title=\"review Gh\u1ebf L\u00e0m Vi\u1ec7c CTH AMA-ST-122A-M1\ud83d\udd25ch\u1ec9 2c\u1ee7 ??? | amafurni.vn\" width=\"500\" height=\"281\" src=\"https:\/\/www.youtube.com\/embed\/kRpeaiLrmN8?feature=oembed\" frameborder=\"0\" allow=\"accelerometer; autoplay; clipboard-write; encrypted-media; gyroscope; picture-in-picture; web-share\" referrerpolicy=\"strict-origin-when-cross-origin\" allowfullscreen><\/iframe><\/p>","protected":false},"excerpt":{"rendered":"<p><strong>Gh\u1ebf l\u00e0m vi\u1ec7c C\u00d4NG TH\u00c1I H\u1eccC <\/strong>l\u00e0 1 m\u1eabu gh\u1ebf nh\u1eadp kh\u1ea9u tr\u1ef1c ti\u1ebfp c\u1ee7a\u00a0<strong>N\u1ed8I TH\u1ea4T AMA FURNITURE<\/strong> , v\u1edbi thi\u1ebft k\u1ebf tinh t\u1ebf, t\u1ed1i gian t\u1ea1o n\u00ean v\u1ebb \u0111\u1eb9p sang tr\u1ecdng cho kh\u00f4ng gian L\u00e0m vi\u1ec7c, V\u0103n ph\u00f2ng, C\u00f4ng ty v.v.<\/p>\n<p>M\u00c3 SP : Gh\u1ebf AMA-ST-122A<\/p>\n<p>*Ch\u1ea5t li\u1ec7u : S\u01b0\u1eddn nh\u1ef1a PP \u0111\u00fac \u0111\u1eb7c, b\u1ecdc l\u01b0\u1edbi, Ch\u00e2n s\u1eaft si m\u1ea1.<\/p>\n<p>*T\u00ednh n\u0103ng :Xoay 360 \u0111\u1ed9, T\u0103ng gi\u1ea3m chi\u1ec1u cao, True Tilt (c\u00f3 ch\u1ee9c n\u0103ng kh\u00f3a \/ m\u1edf ng\u1ea3 l\u01b0ng), Tay t\u0103ng\/gi\u1ea3m 3D<\/p>\n<p>* T\u1ea3i tr\u1ecdng t\u1ed1i \u0111a :100kg<\/p>","protected":false},"featured_media":15284,"comment_status":"open","ping_status":"closed","template":"","meta":[],"product_cat":[59,70,71,107],"product_tag":[176],"yoast_head":"<!-- This site is optimized with the Yoast SEO Premium plugin v21.7 (Yoast SEO v21.7) - https:\/\/yoast.com\/wordpress\/plugins\/seo\/ -->\n<title>Gh\u1ebf AMA-ST-122A - AMAFURNI<\/title>\n<meta name=\"robots\" content=\"index, follow, max-snippet:-1, max-image-preview:large, max-video-preview:-1\" \/>\n<link rel=\"canonical\" href=\"https:\/\/amafurni.vn\/en\/product\/ghe-ama-st-122a\/\" \/>\n<meta property=\"og:locale\" content=\"en_US\" \/>\n<meta property=\"og:type\" content=\"article\" \/>\n<meta property=\"og:title\" content=\"Gh\u1ebf AMA-ST-122A\" \/>\n<meta property=\"og:description\" content=\"Gh\u1ebf l\u00e0m vi\u1ec7c C\u00d4NG TH\u00c1I H\u1eccC l\u00e0 1 m\u1eabu gh\u1ebf nh\u1eadp kh\u1ea9u tr\u1ef1c ti\u1ebfp c\u1ee7a\u00a0N\u1ed8I TH\u1ea4T AMA FURNITURE , v\u1edbi thi\u1ebft k\u1ebf tinh t\u1ebf, t\u1ed1i gian t\u1ea1o n\u00ean v\u1ebb \u0111\u1eb9p sang tr\u1ecdng cho kh\u00f4ng gian L\u00e0m vi\u1ec7c, V\u0103n ph\u00f2ng, C\u00f4ng ty v.v.  M\u00c3 SP : Gh\u1ebf AMA-ST-122A  *Ch\u1ea5t li\u1ec7u : S\u01b0\u1eddn nh\u1ef1a PP \u0111\u00fac \u0111\u1eb7c, b\u1ecdc l\u01b0\u1edbi, Ch\u00e2n s\u1eaft si m\u1ea1.  *T\u00ednh n\u0103ng :Xoay 360 \u0111\u1ed9, T\u0103ng gi\u1ea3m chi\u1ec1u cao, True Tilt (c\u00f3 ch\u1ee9c n\u0103ng kh\u00f3a \/ m\u1edf ng\u1ea3 l\u01b0ng), Tay t\u0103ng\/gi\u1ea3m 3D  * T\u1ea3i tr\u1ecdng t\u1ed1i \u0111a :100kg\" \/>\n<meta property=\"og:url\" content=\"https:\/\/amafurni.vn\/en\/product\/ghe-ama-st-122a\/\" \/>\n<meta property=\"og:site_name\" content=\"AMAFURNI\" \/>\n<meta property=\"article:modified_time\" content=\"2025-11-12T07:10:38+00:00\" \/>\n<meta property=\"og:image\" content=\"https:\/\/amafurni.vn\/wp-content\/uploads\/2023\/12\/z5575757436335_dc674ed2772bd8d93c0e46b58c8ab461.jpg\" \/>\n\t<meta property=\"og:image:width\" content=\"800\" \/>\n\t<meta property=\"og:image:height\" content=\"800\" \/>\n\t<meta property=\"og:image:type\" content=\"image\/jpeg\" \/>\n<meta name=\"twitter:card\" content=\"summary_large_image\" \/>\n<meta name=\"twitter:label1\" content=\"Est. reading time\" \/>\n\t<meta name=\"twitter:data1\" content=\"1 minute\" \/>\n<script type=\"application\/ld+json\" class=\"yoast-schema-graph\">{\"@context\":\"https:\/\/schema.org\",\"@graph\":[{\"@type\":\"WebPage\",\"@id\":\"https:\/\/amafurni.vn\/san-pham\/ghe-ama-st-122a\/\",\"url\":\"https:\/\/amafurni.vn\/san-pham\/ghe-ama-st-122a\/\",\"name\":\"Gh\u1ebf AMA-ST-122A - AMAFURNI\",\"isPartOf\":{\"@id\":\"https:\/\/amafurni.vn\/#website\"},\"datePublished\":\"2023-12-06T04:34:26+00:00\",\"dateModified\":\"2025-11-12T07:10:38+00:00\",\"breadcrumb\":{\"@id\":\"https:\/\/amafurni.vn\/san-pham\/ghe-ama-st-122a\/#breadcrumb\"},\"inLanguage\":\"en-US\",\"potentialAction\":[{\"@type\":\"ReadAction\",\"target\":[\"https:\/\/amafurni.vn\/san-pham\/ghe-ama-st-122a\/\"]}]},{\"@type\":\"BreadcrumbList\",\"@id\":\"https:\/\/amafurni.vn\/san-pham\/ghe-ama-st-122a\/#breadcrumb\",\"itemListElement\":[{\"@type\":\"ListItem\",\"position\":1,\"name\":\"Trang ch\u1ee7\",\"item\":\"https:\/\/amafurni.vn\/\"},{\"@type\":\"ListItem\",\"position\":2,\"name\":\"S\u1ea3n ph\u1ea9m\",\"item\":\"https:\/\/amafurni.vn\/san-pham\/\"},{\"@type\":\"ListItem\",\"position\":3,\"name\":\"Gh\u1ebf AMA-ST-122A\"}]},{\"@type\":\"WebSite\",\"@id\":\"https:\/\/amafurni.vn\/#website\",\"url\":\"https:\/\/amafurni.vn\/\",\"name\":\"AMAFURNI\",\"description\":\"\",\"potentialAction\":[{\"@type\":\"SearchAction\",\"target\":{\"@type\":\"EntryPoint\",\"urlTemplate\":\"https:\/\/amafurni.vn\/?s={search_term_string}\"},\"query-input\":\"required name=search_term_string\"}],\"inLanguage\":\"en-US\"}]}<\/script>\n<!-- \/ Yoast SEO Premium plugin. -->","yoast_head_json":{"title":"Gh\u1ebf AMA-ST-122A - AMAFURNI","robots":{"index":"index","follow":"follow","max-snippet":"max-snippet:-1","max-image-preview":"max-image-preview:large","max-video-preview":"max-video-preview:-1"},"canonical":"https:\/\/amafurni.vn\/en\/product\/ghe-ama-st-122a\/","og_locale":"en_US","og_type":"article","og_title":"Gh\u1ebf AMA-ST-122A","og_description":"Gh\u1ebf l\u00e0m vi\u1ec7c C\u00d4NG TH\u00c1I H\u1eccC l\u00e0 1 m\u1eabu gh\u1ebf nh\u1eadp kh\u1ea9u tr\u1ef1c ti\u1ebfp c\u1ee7a\u00a0N\u1ed8I TH\u1ea4T AMA FURNITURE , v\u1edbi thi\u1ebft k\u1ebf tinh t\u1ebf, t\u1ed1i gian t\u1ea1o n\u00ean v\u1ebb \u0111\u1eb9p sang tr\u1ecdng cho kh\u00f4ng gian L\u00e0m vi\u1ec7c, V\u0103n ph\u00f2ng, C\u00f4ng ty v.v.  M\u00c3 SP : Gh\u1ebf AMA-ST-122A  *Ch\u1ea5t li\u1ec7u : S\u01b0\u1eddn nh\u1ef1a PP \u0111\u00fac \u0111\u1eb7c, b\u1ecdc l\u01b0\u1edbi, Ch\u00e2n s\u1eaft si m\u1ea1.  *T\u00ednh n\u0103ng :Xoay 360 \u0111\u1ed9, T\u0103ng gi\u1ea3m chi\u1ec1u cao, True Tilt (c\u00f3 ch\u1ee9c n\u0103ng kh\u00f3a \/ m\u1edf ng\u1ea3 l\u01b0ng), Tay t\u0103ng\/gi\u1ea3m 3D  * T\u1ea3i tr\u1ecdng t\u1ed1i \u0111a :100kg","og_url":"https:\/\/amafurni.vn\/en\/product\/ghe-ama-st-122a\/","og_site_name":"AMAFURNI","article_modified_time":"2025-11-12T07:10:38+00:00","og_image":[{"width":800,"height":800,"url":"https:\/\/amafurni.vn\/wp-content\/uploads\/2023\/12\/z5575757436335_dc674ed2772bd8d93c0e46b58c8ab461.jpg","type":"image\/jpeg"}],"twitter_card":"summary_large_image","twitter_misc":{"Est. reading time":"1 minute"},"schema":{"@context":"https:\/\/schema.org","@graph":[{"@type":"WebPage","@id":"https:\/\/amafurni.vn\/san-pham\/ghe-ama-st-122a\/","url":"https:\/\/amafurni.vn\/san-pham\/ghe-ama-st-122a\/","name":"Gh\u1ebf AMA-ST-122A - AMAFURNI","isPartOf":{"@id":"https:\/\/amafurni.vn\/#website"},"datePublished":"2023-12-06T04:34:26+00:00","dateModified":"2025-11-12T07:10:38+00:00","breadcrumb":{"@id":"https:\/\/amafurni.vn\/san-pham\/ghe-ama-st-122a\/#breadcrumb"},"inLanguage":"en-US","potentialAction":[{"@type":"ReadAction","target":["https:\/\/amafurni.vn\/san-pham\/ghe-ama-st-122a\/"]}]},{"@type":"BreadcrumbList","@id":"https:\/\/amafurni.vn\/san-pham\/ghe-ama-st-122a\/#breadcrumb","itemListElement":[{"@type":"ListItem","position":1,"name":"Trang ch\u1ee7","item":"https:\/\/amafurni.vn\/"},{"@type":"ListItem","position":2,"name":"S\u1ea3n ph\u1ea9m","item":"https:\/\/amafurni.vn\/san-pham\/"},{"@type":"ListItem","position":3,"name":"Gh\u1ebf AMA-ST-122A"}]},{"@type":"WebSite","@id":"https:\/\/amafurni.vn\/#website","url":"https:\/\/amafurni.vn\/","name":"AMAFURNI","description":"","potentialAction":[{"@type":"SearchAction","target":{"@type":"EntryPoint","urlTemplate":"https:\/\/amafurni.vn\/?s={search_term_string}"},"query-input":"required name=search_term_string"}],"inLanguage":"en-US"}]}},"_links":{"self":[{"href":"https:\/\/amafurni.vn\/en\/wp-json\/wp\/v2\/product\/2693"}],"collection":[{"href":"https:\/\/amafurni.vn\/en\/wp-json\/wp\/v2\/product"}],"about":[{"href":"https:\/\/amafurni.vn\/en\/wp-json\/wp\/v2\/types\/product"}],"replies":[{"embeddable":true,"href":"https:\/\/amafurni.vn\/en\/wp-json\/wp\/v2\/comments?post=2693"}],"wp:featuredmedia":[{"embeddable":true,"href":"https:\/\/amafurni.vn\/en\/wp-json\/wp\/v2\/media\/15284"}],"wp:attachment":[{"href":"https:\/\/amafurni.vn\/en\/wp-json\/wp\/v2\/media?parent=2693"}],"wp:term":[{"taxonomy":"product_cat","embeddable":true,"href":"https:\/\/amafurni.vn\/en\/wp-json\/wp\/v2\/product_cat?post=2693"},{"taxonomy":"product_tag","embeddable":true,"href":"https:\/\/amafurni.vn\/en\/wp-json\/wp\/v2\/product_tag?post=2693"}],"curies":[{"name":"wp","href":"https:\/\/api.w.org\/{rel}","templated":true}]}}