{"id":2696,"date":"2023-12-06T13:50:03","date_gmt":"2023-12-06T06:50:03","guid":{"rendered":"https:\/\/amafurni.123websitedev.com\/san-pham\/ghe-lam-viec-nga-lung-thu-gian-cao-cap-co-chan-gac-ama-st-150\/"},"modified":"2025-11-12T14:10:39","modified_gmt":"2025-11-12T07:10:39","slug":"ghe-lam-viec-nga-lung-thu-gian-cao-cap-co-chan-gac-ama-st-150","status":"publish","type":"product","link":"https:\/\/amafurni.vn\/en\/product\/ghe-lam-viec-nga-lung-thu-gian-cao-cap-co-chan-gac-ama-st-150\/","title":{"rendered":"Gh\u1ebf L\u00e0m Vi\u1ec7c Ng\u1ea3 L\u01b0ng Th\u01b0 Gi\u00e3n Cao C\u1ea5p C\u00f3 Ch\u00e2n G\u00e1c AMA-ST-150"},"content":{"rendered":"<table border=\"1\" height=\"282\" width=\"932\">\n<tbody><\/tbody>\n<tbody>\n<tr>\n<td style=\"width: 222.867px;\"><span style=\"color: #ff0000;\"><strong>Material<\/strong><\/span><\/td>\n<td style=\"width: 171.008px;\">\n<p><span style=\"color: #ff0000;\"><strong>Size<\/strong><\/span><\/p>\n<p><span style=\"color: #ff0000;\"><strong>(D\u00e0i*R\u1ed9ng*cao)<\/strong><\/span><\/p>\n<\/td>\n<td style=\"width: 115.227px;\"><span style=\"color: #ff0000;\"><strong><span color=\"#ff0000\" face=\"times new roman, times, serif\">\u0110\u1eb7c \u0110i\u1ec3m<\/span><\/strong><\/span><\/td>\n<td style=\"width: 55.4219px;\"><span style=\"color: #ff0000;\"><strong>M\u00e0u S\u1eafc<\/strong><\/span><\/td>\n<td style=\"width: 69.1719px;\"><span style=\"color: #ff0000;\"><strong>Xu\u1ea5t X\u1ee9<\/strong><\/span><\/td>\n<td style=\"width: 258.305px;\"><span style=\"color: #ff0000;\"><strong>B\u1ea3o h\u00e0nh<\/strong><\/span><\/td>\n<\/tr>\n<tr>\n<td style=\"width: 222.867px;\">\n<p><span>L\u01b0ng l\u01b0\u1edbi polyester, n\u1ec7m PU, t\u1ef1a \u0111\u1ea7u PU<\/span><br \/><span>Khung tay gh\u1ebf: s\u1eaft m\u1ea1 chrome, \u1ed1p nh\u1ef1a<\/span><br \/><span>Ch\u00e2n gh\u1ebf: nh\u1ef1a \u0111\u00fac \u0111\u1eb7c\u00a0<\/span><\/p>\n<\/td>\n<td style=\"width: 171.008px;\">\n<p><span>655*580*(1120-1220)mm<\/span><\/p>\n<\/td>\n<td style=\"width: 115.227px;\"><span>Ng\u1ea3 l\u01b0ng th\u01b0 gi\u00e3n<\/span><br \/><span>C\u00f3 ch\u00e2n g\u00e1c k\u00e9o x\u1ebfp<\/span><\/p>\n<\/td>\n<td style=\"width: 55.4219px;\">\n<p><span>\u0110EN<\/span><\/p>\n<\/td>\n<td style=\"width: 69.1719px;\"><span>Nh\u1eadp Ngo\u1ea1i<\/span><\/td>\n<td style=\"width: 258.305px;\">\n<p><span>12 th\u00e1ng :<\/span><\/p>\n<p><span>L\u1ed7i k\u1ef9 thu\u1eadt<\/span><\/p>\n<p><span>Ben h\u01a1i b\u1ecb h\u1ecfng : 1 \u0111\u1ed5i 1<\/span><\/p>\n<p><span>Kh\u00f4ng b\u1ea3o h\u00e0nh ch\u1ea5t li\u1ec7u Da, Pu, Simili, Nh\u1ef1a &#8230;<\/span><\/p>\n<\/td>\n<\/tr>\n<\/tbody>\n<\/table>","protected":false},"excerpt":{"rendered":"<p>L\u01b0ng l\u01b0\u1edbi polyester, n\u1ec7m PU, t\u1ef1a \u0111\u1ea7u PU<br \/>\nKhung tay gh\u1ebf: s\u1eaft m\u1ea1 chrome, \u1ed1p nh\u1ef1a<br \/>\nCh\u00e2n gh\u1ebf: s\u1eaft m\u1ea1 chrome<\/p>","protected":false},"featured_media":2697,"comment_status":"open","ping_status":"closed","template":"","meta":[],"product_cat":[59,71],"product_tag":[],"yoast_head":"<!-- This site is optimized with the Yoast SEO Premium plugin v21.7 (Yoast SEO v21.7) - https:\/\/yoast.com\/wordpress\/plugins\/seo\/ -->\n<title>Gh\u1ebf L\u00e0m Vi\u1ec7c Ng\u1ea3 L\u01b0ng Th\u01b0 Gi\u00e3n Cao C\u1ea5p C\u00f3 Ch\u00e2n G\u00e1c AMA-ST-150 - AMAFURNI<\/title>\n<meta name=\"robots\" content=\"index, follow, max-snippet:-1, max-image-preview:large, max-video-preview:-1\" \/>\n<link rel=\"canonical\" href=\"https:\/\/amafurni.vn\/en\/product\/ghe-lam-viec-nga-lung-thu-gian-cao-cap-co-chan-gac-ama-st-150\/\" \/>\n<meta property=\"og:locale\" content=\"en_US\" \/>\n<meta property=\"og:type\" content=\"article\" \/>\n<meta property=\"og:title\" content=\"Gh\u1ebf L\u00e0m Vi\u1ec7c Ng\u1ea3 L\u01b0ng Th\u01b0 Gi\u00e3n Cao C\u1ea5p C\u00f3 Ch\u00e2n G\u00e1c AMA-ST-150\" \/>\n<meta property=\"og:description\" content=\"L\u01b0ng l\u01b0\u1edbi polyester, n\u1ec7m PU, t\u1ef1a \u0111\u1ea7u PU Khung tay gh\u1ebf: s\u1eaft m\u1ea1 chrome, \u1ed1p nh\u1ef1a Ch\u00e2n gh\u1ebf: s\u1eaft m\u1ea1 chrome\" \/>\n<meta property=\"og:url\" content=\"https:\/\/amafurni.vn\/en\/product\/ghe-lam-viec-nga-lung-thu-gian-cao-cap-co-chan-gac-ama-st-150\/\" \/>\n<meta property=\"og:site_name\" content=\"AMAFURNI\" \/>\n<meta property=\"article:modified_time\" content=\"2025-11-12T07:10:39+00:00\" \/>\n<meta property=\"og:image\" content=\"https:\/\/amafurni.vn\/wp-content\/uploads\/2023\/12\/ghe-lam-viec-nga-lung-thu-gian-cao-cap-co-chan-gac-ama-st-150_656ff9e0510f4.png\" \/>\n\t<meta property=\"og:image:width\" content=\"800\" \/>\n\t<meta property=\"og:image:height\" content=\"800\" \/>\n\t<meta property=\"og:image:type\" content=\"image\/png\" \/>\n<meta name=\"twitter:card\" content=\"summary_large_image\" \/>\n<meta name=\"twitter:label1\" content=\"Est. reading time\" \/>\n\t<meta name=\"twitter:data1\" content=\"1 minute\" \/>\n<script type=\"application\/ld+json\" class=\"yoast-schema-graph\">{\"@context\":\"https:\/\/schema.org\",\"@graph\":[{\"@type\":\"WebPage\",\"@id\":\"https:\/\/amafurni.vn\/san-pham\/ghe-lam-viec-nga-lung-thu-gian-cao-cap-co-chan-gac-ama-st-150\/\",\"url\":\"https:\/\/amafurni.vn\/san-pham\/ghe-lam-viec-nga-lung-thu-gian-cao-cap-co-chan-gac-ama-st-150\/\",\"name\":\"Gh\u1ebf L\u00e0m Vi\u1ec7c Ng\u1ea3 L\u01b0ng Th\u01b0 Gi\u00e3n Cao C\u1ea5p C\u00f3 Ch\u00e2n G\u00e1c AMA-ST-150 - AMAFURNI\",\"isPartOf\":{\"@id\":\"https:\/\/amafurni.vn\/#website\"},\"datePublished\":\"2023-12-06T06:50:03+00:00\",\"dateModified\":\"2025-11-12T07:10:39+00:00\",\"breadcrumb\":{\"@id\":\"https:\/\/amafurni.vn\/san-pham\/ghe-lam-viec-nga-lung-thu-gian-cao-cap-co-chan-gac-ama-st-150\/#breadcrumb\"},\"inLanguage\":\"en-US\",\"potentialAction\":[{\"@type\":\"ReadAction\",\"target\":[\"https:\/\/amafurni.vn\/san-pham\/ghe-lam-viec-nga-lung-thu-gian-cao-cap-co-chan-gac-ama-st-150\/\"]}]},{\"@type\":\"BreadcrumbList\",\"@id\":\"https:\/\/amafurni.vn\/san-pham\/ghe-lam-viec-nga-lung-thu-gian-cao-cap-co-chan-gac-ama-st-150\/#breadcrumb\",\"itemListElement\":[{\"@type\":\"ListItem\",\"position\":1,\"name\":\"Trang ch\u1ee7\",\"item\":\"https:\/\/amafurni.vn\/\"},{\"@type\":\"ListItem\",\"position\":2,\"name\":\"S\u1ea3n ph\u1ea9m\",\"item\":\"https:\/\/amafurni.vn\/san-pham\/\"},{\"@type\":\"ListItem\",\"position\":3,\"name\":\"Gh\u1ebf L\u00e0m Vi\u1ec7c Ng\u1ea3 L\u01b0ng Th\u01b0 Gi\u00e3n Cao C\u1ea5p C\u00f3 Ch\u00e2n G\u00e1c AMA-ST-150\"}]},{\"@type\":\"WebSite\",\"@id\":\"https:\/\/amafurni.vn\/#website\",\"url\":\"https:\/\/amafurni.vn\/\",\"name\":\"AMAFURNI\",\"description\":\"\",\"potentialAction\":[{\"@type\":\"SearchAction\",\"target\":{\"@type\":\"EntryPoint\",\"urlTemplate\":\"https:\/\/amafurni.vn\/?s={search_term_string}\"},\"query-input\":\"required name=search_term_string\"}],\"inLanguage\":\"en-US\"}]}<\/script>\n<!-- \/ Yoast SEO Premium plugin. -->","yoast_head_json":{"title":"Gh\u1ebf L\u00e0m Vi\u1ec7c Ng\u1ea3 L\u01b0ng Th\u01b0 Gi\u00e3n Cao C\u1ea5p C\u00f3 Ch\u00e2n G\u00e1c AMA-ST-150 - AMAFURNI","robots":{"index":"index","follow":"follow","max-snippet":"max-snippet:-1","max-image-preview":"max-image-preview:large","max-video-preview":"max-video-preview:-1"},"canonical":"https:\/\/amafurni.vn\/en\/product\/ghe-lam-viec-nga-lung-thu-gian-cao-cap-co-chan-gac-ama-st-150\/","og_locale":"en_US","og_type":"article","og_title":"Gh\u1ebf L\u00e0m Vi\u1ec7c Ng\u1ea3 L\u01b0ng Th\u01b0 Gi\u00e3n Cao C\u1ea5p C\u00f3 Ch\u00e2n G\u00e1c AMA-ST-150","og_description":"L\u01b0ng l\u01b0\u1edbi polyester, n\u1ec7m PU, t\u1ef1a \u0111\u1ea7u PU Khung tay gh\u1ebf: s\u1eaft m\u1ea1 chrome, \u1ed1p nh\u1ef1a Ch\u00e2n gh\u1ebf: s\u1eaft m\u1ea1 chrome","og_url":"https:\/\/amafurni.vn\/en\/product\/ghe-lam-viec-nga-lung-thu-gian-cao-cap-co-chan-gac-ama-st-150\/","og_site_name":"AMAFURNI","article_modified_time":"2025-11-12T07:10:39+00:00","og_image":[{"width":800,"height":800,"url":"https:\/\/amafurni.vn\/wp-content\/uploads\/2023\/12\/ghe-lam-viec-nga-lung-thu-gian-cao-cap-co-chan-gac-ama-st-150_656ff9e0510f4.png","type":"image\/png"}],"twitter_card":"summary_large_image","twitter_misc":{"Est. reading time":"1 minute"},"schema":{"@context":"https:\/\/schema.org","@graph":[{"@type":"WebPage","@id":"https:\/\/amafurni.vn\/san-pham\/ghe-lam-viec-nga-lung-thu-gian-cao-cap-co-chan-gac-ama-st-150\/","url":"https:\/\/amafurni.vn\/san-pham\/ghe-lam-viec-nga-lung-thu-gian-cao-cap-co-chan-gac-ama-st-150\/","name":"Gh\u1ebf L\u00e0m Vi\u1ec7c Ng\u1ea3 L\u01b0ng Th\u01b0 Gi\u00e3n Cao C\u1ea5p C\u00f3 Ch\u00e2n G\u00e1c AMA-ST-150 - AMAFURNI","isPartOf":{"@id":"https:\/\/amafurni.vn\/#website"},"datePublished":"2023-12-06T06:50:03+00:00","dateModified":"2025-11-12T07:10:39+00:00","breadcrumb":{"@id":"https:\/\/amafurni.vn\/san-pham\/ghe-lam-viec-nga-lung-thu-gian-cao-cap-co-chan-gac-ama-st-150\/#breadcrumb"},"inLanguage":"en-US","potentialAction":[{"@type":"ReadAction","target":["https:\/\/amafurni.vn\/san-pham\/ghe-lam-viec-nga-lung-thu-gian-cao-cap-co-chan-gac-ama-st-150\/"]}]},{"@type":"BreadcrumbList","@id":"https:\/\/amafurni.vn\/san-pham\/ghe-lam-viec-nga-lung-thu-gian-cao-cap-co-chan-gac-ama-st-150\/#breadcrumb","itemListElement":[{"@type":"ListItem","position":1,"name":"Trang ch\u1ee7","item":"https:\/\/amafurni.vn\/"},{"@type":"ListItem","position":2,"name":"S\u1ea3n ph\u1ea9m","item":"https:\/\/amafurni.vn\/san-pham\/"},{"@type":"ListItem","position":3,"name":"Gh\u1ebf L\u00e0m Vi\u1ec7c Ng\u1ea3 L\u01b0ng Th\u01b0 Gi\u00e3n Cao C\u1ea5p C\u00f3 Ch\u00e2n G\u00e1c AMA-ST-150"}]},{"@type":"WebSite","@id":"https:\/\/amafurni.vn\/#website","url":"https:\/\/amafurni.vn\/","name":"AMAFURNI","description":"","potentialAction":[{"@type":"SearchAction","target":{"@type":"EntryPoint","urlTemplate":"https:\/\/amafurni.vn\/?s={search_term_string}"},"query-input":"required name=search_term_string"}],"inLanguage":"en-US"}]}},"_links":{"self":[{"href":"https:\/\/amafurni.vn\/en\/wp-json\/wp\/v2\/product\/2696"}],"collection":[{"href":"https:\/\/amafurni.vn\/en\/wp-json\/wp\/v2\/product"}],"about":[{"href":"https:\/\/amafurni.vn\/en\/wp-json\/wp\/v2\/types\/product"}],"replies":[{"embeddable":true,"href":"https:\/\/amafurni.vn\/en\/wp-json\/wp\/v2\/comments?post=2696"}],"wp:featuredmedia":[{"embeddable":true,"href":"https:\/\/amafurni.vn\/en\/wp-json\/wp\/v2\/media\/2697"}],"wp:attachment":[{"href":"https:\/\/amafurni.vn\/en\/wp-json\/wp\/v2\/media?parent=2696"}],"wp:term":[{"taxonomy":"product_cat","embeddable":true,"href":"https:\/\/amafurni.vn\/en\/wp-json\/wp\/v2\/product_cat?post=2696"},{"taxonomy":"product_tag","embeddable":true,"href":"https:\/\/amafurni.vn\/en\/wp-json\/wp\/v2\/product_tag?post=2696"}],"curies":[{"name":"wp","href":"https:\/\/api.w.org\/{rel}","templated":true}]}}