{"id":2718,"date":"2023-12-06T11:36:13","date_gmt":"2023-12-06T04:36:13","guid":{"rendered":"https:\/\/amafurni.123websitedev.com\/san-pham\/ghe-lam-viec-thoi-trang-ama-26-pu\/"},"modified":"2025-11-12T14:10:39","modified_gmt":"2025-11-12T07:10:39","slug":"ghe-lam-viec-thoi-trang-ama-26-pu","status":"publish","type":"product","link":"https:\/\/amafurni.vn\/en\/product\/ghe-lam-viec-thoi-trang-ama-26-pu\/","title":{"rendered":"Gh\u1ebf AMA-26-PU"},"content":{"rendered":"<table border=\"1\">\n<tbody>\n<tr>\n<td><strong>Material<\/strong><\/td>\n<td>&nbsp;<\/p>\n<p><strong>Size<\/strong><\/p>\n<p><strong>(D\u00e0i*R\u1ed9ng*cao)<\/strong><\/td>\n<td><strong>T\u00ednh N\u0103ng<\/strong><\/td>\n<td><strong>M\u00e0u S\u1eafc<\/strong><\/td>\n<td><strong>Xu\u1ea5t X\u1ee9<\/strong><\/td>\n<td><strong>B\u1ea3o h\u00e0nh<\/strong><\/td>\n<\/tr>\n<tr>\n<td>\n<ul>\n<li>Ch\u1ea5t li\u1ec7u :\u00a0\u00a0Ch\u00e2n S\u1eaft S\u01a1n T\u0129nh \u0110i\u1ec7n , N\u1ec7m V\u1ea3i Da C\u01b0\u01a1ng Ng\u1ef1a<\/li>\n<li>Xu\u1ea5t x\u1ee9 :\u00a0 nh\u1eadp kh\u1ea9u<\/li>\n<\/ul>\n<p>Gi\u00e1 ch\u01b0a bao g\u1ed3m 10% VAT<\/td>\n<td>\u00a0 \u00a0 \u00a0. \u0110ANG C\u1eacP\u00a0 \u00a0 \u00a0 \u00a0NH\u1eacT<\/td>\n<td>V\u1edbi thi\u1ebft k\u1ebf ch\u00e2n s\u1eaft s\u01a1n t\u0129nh \u0111i\u1ec7n t\u1ea1o n\u00ean s\u1ef1 ch\u1eafc ch\u1eafn an to\u00e0n khi ngo\u00e0i , ch\u00e2n s\u1eaft \u0111\u01b0\u1ee3c l\u00e0m b\u1eb1ng th\u00e9p \u1ed1ng tr\u00f2n t\u1ea1o n\u00ean nh\u1eefng \u0111\u01b0\u1eddng n\u00e9t thanh tho\u1eaft c\u1ee7a S\u1ea3n Ph\u1ea9m . M\u1eb7t gh\u1ebft \u0111\u01b0\u1ee3c l\u00f3t m\u00fat D40 \u00eam \u00e1i b\u1ecdc v\u1ea3i da c\u01b0\u01a1ng ng\u1ef1a cao c\u1ea5p , v\u1edbi ph\u1ea7n l\u01b0ng gh\u1ebf cong t\u1ea1o n\u00ean s\u1ef1 tho\u1ea3i m\u00e1i khi \u00f4m tr\u1ecdn c\u01a1 th\u1ec3 v\u00e0o ph\u1ea7n l\u01b0ng gh\u1ebf .<\/td>\n<td>NHI\u1ec0U M\u00c0U<\/p>\n<p>X\u00e1m , N\u00e2u<\/td>\n<td>Nh\u1eadp Ngo\u1ea1i<\/td>\n<td>. 12 th\u00e1ng k\u1ef9 thu\u1eadt<\/p>\n<p>. Ben h\u01a1i 1 \u0111\u1ed5i 1<\/td>\n<\/tr>\n<\/tbody>\n<\/table>","protected":false},"excerpt":{"rendered":"<p>V\u1edbi thi\u1ebft k\u1ebf ch\u00e2n s\u1eaft s\u01a1n t\u0129nh \u0111i\u1ec7n t\u1ea1o n\u00ean s\u1ef1 ch\u1eafc ch\u1eafn an to\u00e0n khi ngo\u00e0i , ch\u00e2n s\u1eaft \u0111\u01b0\u1ee3c l\u00e0m b\u1eb1ng th\u00e9p \u1ed1ng tr\u00f2n t\u1ea1o n\u00ean nh\u1eefng \u0111\u01b0\u1eddng n\u00e9t thanh tho\u1eaft c\u1ee7a S\u1ea3n Ph\u1ea9m . M\u1eb7t gh\u1ebft \u0111\u01b0\u1ee3c l\u00f3t m\u00fat D40 \u00eam \u00e1i b\u1ecdc v\u1ea3i da c\u01b0\u01a1ng ng\u1ef1a cao c\u1ea5p , v\u1edbi ph\u1ea7n l\u01b0ng gh\u1ebf cong t\u1ea1o n\u00ean s\u1ef1 tho\u1ea3i m\u00e1i khi \u00f4m tr\u1ecdn c\u01a1 th\u1ec3 v\u00e0o ph\u1ea7n l\u01b0ng gh\u1ebf .<\/p>","protected":false},"featured_media":2719,"comment_status":"open","ping_status":"closed","template":"","meta":[],"product_cat":[100,62,98,59,70],"product_tag":[166,318],"yoast_head":"<!-- This site is optimized with the Yoast SEO Premium plugin v21.7 (Yoast SEO v21.7) - https:\/\/yoast.com\/wordpress\/plugins\/seo\/ -->\n<title>Gh\u1ebf AMA-26-PU - AMAFURNI<\/title>\n<meta name=\"robots\" content=\"index, follow, max-snippet:-1, max-image-preview:large, max-video-preview:-1\" \/>\n<link rel=\"canonical\" href=\"https:\/\/amafurni.vn\/en\/product\/ghe-lam-viec-thoi-trang-ama-26-pu\/\" \/>\n<meta property=\"og:locale\" content=\"en_US\" \/>\n<meta property=\"og:type\" content=\"article\" \/>\n<meta property=\"og:title\" content=\"Gh\u1ebf AMA-26-PU\" \/>\n<meta property=\"og:description\" content=\"V\u1edbi thi\u1ebft k\u1ebf ch\u00e2n s\u1eaft s\u01a1n t\u0129nh \u0111i\u1ec7n t\u1ea1o n\u00ean s\u1ef1 ch\u1eafc ch\u1eafn an to\u00e0n khi ngo\u00e0i , ch\u00e2n s\u1eaft \u0111\u01b0\u1ee3c l\u00e0m b\u1eb1ng th\u00e9p \u1ed1ng tr\u00f2n t\u1ea1o n\u00ean nh\u1eefng \u0111\u01b0\u1eddng n\u00e9t thanh tho\u1eaft c\u1ee7a S\u1ea3n Ph\u1ea9m . M\u1eb7t gh\u1ebft \u0111\u01b0\u1ee3c l\u00f3t m\u00fat D40 \u00eam \u00e1i b\u1ecdc v\u1ea3i da c\u01b0\u01a1ng ng\u1ef1a cao c\u1ea5p , v\u1edbi ph\u1ea7n l\u01b0ng gh\u1ebf cong t\u1ea1o n\u00ean s\u1ef1 tho\u1ea3i m\u00e1i khi \u00f4m tr\u1ecdn c\u01a1 th\u1ec3 v\u00e0o ph\u1ea7n l\u01b0ng gh\u1ebf .\" \/>\n<meta property=\"og:url\" content=\"https:\/\/amafurni.vn\/en\/product\/ghe-lam-viec-thoi-trang-ama-26-pu\/\" \/>\n<meta property=\"og:site_name\" content=\"AMAFURNI\" \/>\n<meta property=\"article:modified_time\" content=\"2025-11-12T07:10:39+00:00\" \/>\n<meta property=\"og:image\" content=\"https:\/\/amafurni.vn\/wp-content\/uploads\/2023\/12\/ghe-lam-viec-thoi-trang-ama-26-pu_656ffa3d2a618.jpeg\" \/>\n\t<meta property=\"og:image:width\" content=\"800\" \/>\n\t<meta property=\"og:image:height\" content=\"800\" \/>\n\t<meta property=\"og:image:type\" content=\"image\/jpeg\" \/>\n<meta name=\"twitter:card\" content=\"summary_large_image\" \/>\n<meta name=\"twitter:label1\" content=\"Est. reading time\" \/>\n\t<meta name=\"twitter:data1\" content=\"1 minute\" \/>\n<script type=\"application\/ld+json\" class=\"yoast-schema-graph\">{\"@context\":\"https:\/\/schema.org\",\"@graph\":[{\"@type\":\"WebPage\",\"@id\":\"https:\/\/amafurni.vn\/san-pham\/ghe-lam-viec-thoi-trang-ama-26-pu\/\",\"url\":\"https:\/\/amafurni.vn\/san-pham\/ghe-lam-viec-thoi-trang-ama-26-pu\/\",\"name\":\"Gh\u1ebf AMA-26-PU - AMAFURNI\",\"isPartOf\":{\"@id\":\"https:\/\/amafurni.vn\/#website\"},\"datePublished\":\"2023-12-06T04:36:13+00:00\",\"dateModified\":\"2025-11-12T07:10:39+00:00\",\"breadcrumb\":{\"@id\":\"https:\/\/amafurni.vn\/san-pham\/ghe-lam-viec-thoi-trang-ama-26-pu\/#breadcrumb\"},\"inLanguage\":\"en-US\",\"potentialAction\":[{\"@type\":\"ReadAction\",\"target\":[\"https:\/\/amafurni.vn\/san-pham\/ghe-lam-viec-thoi-trang-ama-26-pu\/\"]}]},{\"@type\":\"BreadcrumbList\",\"@id\":\"https:\/\/amafurni.vn\/san-pham\/ghe-lam-viec-thoi-trang-ama-26-pu\/#breadcrumb\",\"itemListElement\":[{\"@type\":\"ListItem\",\"position\":1,\"name\":\"Trang ch\u1ee7\",\"item\":\"https:\/\/amafurni.vn\/\"},{\"@type\":\"ListItem\",\"position\":2,\"name\":\"S\u1ea3n ph\u1ea9m\",\"item\":\"https:\/\/amafurni.vn\/san-pham\/\"},{\"@type\":\"ListItem\",\"position\":3,\"name\":\"Gh\u1ebf AMA-26-PU\"}]},{\"@type\":\"WebSite\",\"@id\":\"https:\/\/amafurni.vn\/#website\",\"url\":\"https:\/\/amafurni.vn\/\",\"name\":\"AMAFURNI\",\"description\":\"\",\"potentialAction\":[{\"@type\":\"SearchAction\",\"target\":{\"@type\":\"EntryPoint\",\"urlTemplate\":\"https:\/\/amafurni.vn\/?s={search_term_string}\"},\"query-input\":\"required name=search_term_string\"}],\"inLanguage\":\"en-US\"}]}<\/script>\n<!-- \/ Yoast SEO Premium plugin. -->","yoast_head_json":{"title":"Gh\u1ebf AMA-26-PU - AMAFURNI","robots":{"index":"index","follow":"follow","max-snippet":"max-snippet:-1","max-image-preview":"max-image-preview:large","max-video-preview":"max-video-preview:-1"},"canonical":"https:\/\/amafurni.vn\/en\/product\/ghe-lam-viec-thoi-trang-ama-26-pu\/","og_locale":"en_US","og_type":"article","og_title":"Gh\u1ebf AMA-26-PU","og_description":"V\u1edbi thi\u1ebft k\u1ebf ch\u00e2n s\u1eaft s\u01a1n t\u0129nh \u0111i\u1ec7n t\u1ea1o n\u00ean s\u1ef1 ch\u1eafc ch\u1eafn an to\u00e0n khi ngo\u00e0i , ch\u00e2n s\u1eaft \u0111\u01b0\u1ee3c l\u00e0m b\u1eb1ng th\u00e9p \u1ed1ng tr\u00f2n t\u1ea1o n\u00ean nh\u1eefng \u0111\u01b0\u1eddng n\u00e9t thanh tho\u1eaft c\u1ee7a S\u1ea3n Ph\u1ea9m . M\u1eb7t gh\u1ebft \u0111\u01b0\u1ee3c l\u00f3t m\u00fat D40 \u00eam \u00e1i b\u1ecdc v\u1ea3i da c\u01b0\u01a1ng ng\u1ef1a cao c\u1ea5p , v\u1edbi ph\u1ea7n l\u01b0ng gh\u1ebf cong t\u1ea1o n\u00ean s\u1ef1 tho\u1ea3i m\u00e1i khi \u00f4m tr\u1ecdn c\u01a1 th\u1ec3 v\u00e0o ph\u1ea7n l\u01b0ng gh\u1ebf .","og_url":"https:\/\/amafurni.vn\/en\/product\/ghe-lam-viec-thoi-trang-ama-26-pu\/","og_site_name":"AMAFURNI","article_modified_time":"2025-11-12T07:10:39+00:00","og_image":[{"width":800,"height":800,"url":"https:\/\/amafurni.vn\/wp-content\/uploads\/2023\/12\/ghe-lam-viec-thoi-trang-ama-26-pu_656ffa3d2a618.jpeg","type":"image\/jpeg"}],"twitter_card":"summary_large_image","twitter_misc":{"Est. reading time":"1 minute"},"schema":{"@context":"https:\/\/schema.org","@graph":[{"@type":"WebPage","@id":"https:\/\/amafurni.vn\/san-pham\/ghe-lam-viec-thoi-trang-ama-26-pu\/","url":"https:\/\/amafurni.vn\/san-pham\/ghe-lam-viec-thoi-trang-ama-26-pu\/","name":"Gh\u1ebf AMA-26-PU - AMAFURNI","isPartOf":{"@id":"https:\/\/amafurni.vn\/#website"},"datePublished":"2023-12-06T04:36:13+00:00","dateModified":"2025-11-12T07:10:39+00:00","breadcrumb":{"@id":"https:\/\/amafurni.vn\/san-pham\/ghe-lam-viec-thoi-trang-ama-26-pu\/#breadcrumb"},"inLanguage":"en-US","potentialAction":[{"@type":"ReadAction","target":["https:\/\/amafurni.vn\/san-pham\/ghe-lam-viec-thoi-trang-ama-26-pu\/"]}]},{"@type":"BreadcrumbList","@id":"https:\/\/amafurni.vn\/san-pham\/ghe-lam-viec-thoi-trang-ama-26-pu\/#breadcrumb","itemListElement":[{"@type":"ListItem","position":1,"name":"Trang ch\u1ee7","item":"https:\/\/amafurni.vn\/"},{"@type":"ListItem","position":2,"name":"S\u1ea3n ph\u1ea9m","item":"https:\/\/amafurni.vn\/san-pham\/"},{"@type":"ListItem","position":3,"name":"Gh\u1ebf AMA-26-PU"}]},{"@type":"WebSite","@id":"https:\/\/amafurni.vn\/#website","url":"https:\/\/amafurni.vn\/","name":"AMAFURNI","description":"","potentialAction":[{"@type":"SearchAction","target":{"@type":"EntryPoint","urlTemplate":"https:\/\/amafurni.vn\/?s={search_term_string}"},"query-input":"required name=search_term_string"}],"inLanguage":"en-US"}]}},"_links":{"self":[{"href":"https:\/\/amafurni.vn\/en\/wp-json\/wp\/v2\/product\/2718"}],"collection":[{"href":"https:\/\/amafurni.vn\/en\/wp-json\/wp\/v2\/product"}],"about":[{"href":"https:\/\/amafurni.vn\/en\/wp-json\/wp\/v2\/types\/product"}],"replies":[{"embeddable":true,"href":"https:\/\/amafurni.vn\/en\/wp-json\/wp\/v2\/comments?post=2718"}],"wp:featuredmedia":[{"embeddable":true,"href":"https:\/\/amafurni.vn\/en\/wp-json\/wp\/v2\/media\/2719"}],"wp:attachment":[{"href":"https:\/\/amafurni.vn\/en\/wp-json\/wp\/v2\/media?parent=2718"}],"wp:term":[{"taxonomy":"product_cat","embeddable":true,"href":"https:\/\/amafurni.vn\/en\/wp-json\/wp\/v2\/product_cat?post=2718"},{"taxonomy":"product_tag","embeddable":true,"href":"https:\/\/amafurni.vn\/en\/wp-json\/wp\/v2\/product_tag?post=2718"}],"curies":[{"name":"wp","href":"https:\/\/api.w.org\/{rel}","templated":true}]}}