{"id":2726,"date":"2023-12-06T13:50:46","date_gmt":"2023-12-06T06:50:46","guid":{"rendered":"https:\/\/amafurni.123websitedev.com\/san-pham\/ghe-lam-viec-thu-gian-cong-thai-hoc-boc-luoi-lung-thap-ama-st151b-m\/"},"modified":"2025-11-12T14:10:41","modified_gmt":"2025-11-12T07:10:41","slug":"ghe-lam-viec-thu-gian-cong-thai-hoc-boc-luoi-lung-thap-ama-st151b-m","status":"publish","type":"product","link":"https:\/\/amafurni.vn\/en\/product\/ghe-lam-viec-thu-gian-cong-thai-hoc-boc-luoi-lung-thap-ama-st151b-m\/","title":{"rendered":"Gh\u1ebf AMA-ST151B-M"},"content":{"rendered":"<table class=\"woocommerce-product-attributes shop_attributes\" style=\"width: 101.209%; height: 293px;\" width=\"929\">\n<tbody>\n<tr class=\"woocommerce-product-attributes-item woocommerce-product-attributes-item--attribute_season\">\n<th class=\"woocommerce-product-attributes-item__label\">Material<\/th>\n<td>S\u01b0\u1eddn nh\u1ef1a PP \u0111\u00fac \u0111\u1eb7c, b\u1ecdc l\u01b0\u1edbi, Ch\u00e2n nh\u1ef1a PP \u0111\u00fac \u0111\u1eb7c.<\/td>\n<\/tr>\n<tr class=\"woocommerce-product-attributes-item woocommerce-product-attributes-item--attribute_pa_color\">\n<th class=\"woocommerce-product-attributes-item__label\">M\u00e0u S\u1eafc<\/th>\n<td class=\"woocommerce-product-attributes-item__value\">Nhi\u1ec1u m\u00e0u<\/td>\n<\/tr>\n<tr class=\"woocommerce-product-attributes-item woocommerce-product-attributes-item--attribute_style\">\n<th class=\"woocommerce-product-attributes-item__label\">T\u1ea3i Tr\u1ecdng T\u1ed1i \u0110a<\/th>\n<td class=\"woocommerce-product-attributes-item__value\">100kg<\/td>\n<\/tr>\n<tr class=\"woocommerce-product-attributes-item woocommerce-product-attributes-item--attribute_pa_material\">\n<th class=\"woocommerce-product-attributes-item__label\">T\u00ednh N\u0103ng<\/th>\n<td class=\"woocommerce-product-attributes-item__value\">Xoay 360 \u0111\u1ed9, T\u0103ng gi\u1ea3m chi\u1ec1u cao, True Tilt (c\u00f3 ch\u1ee9c n\u0103ng kh\u00f3a \/ m\u1edf ng\u1ea3 l\u01b0ng).<\/td>\n<\/tr>\n<tr class=\"woocommerce-product-attributes-item woocommerce-product-attributes-item--attribute_item-code\">\n<th class=\"woocommerce-product-attributes-item__label\">B\u1ea3o H\u00e0nh<\/th>\n<td class=\"woocommerce-product-attributes-item__value\">12 th\u00e1ng<\/td>\n<\/tr>\n<\/tbody>\n<\/table>","protected":false},"excerpt":{"rendered":"<p>S\u1ee3i PA + GF (nylon + fiberglass) tho\u00e1ng kh\u00ed<br \/>\nKhung tay gh\u1ebf: nh\u1ef1a PP.<\/p>","protected":false},"featured_media":2727,"comment_status":"open","ping_status":"closed","template":"","meta":[],"product_cat":[59,70,106],"product_tag":[],"yoast_head":"<!-- This site is optimized with the Yoast SEO Premium plugin v21.7 (Yoast SEO v21.7) - https:\/\/yoast.com\/wordpress\/plugins\/seo\/ -->\n<title>Gh\u1ebf AMA-ST151B-M - AMAFURNI<\/title>\n<meta name=\"robots\" content=\"index, follow, max-snippet:-1, max-image-preview:large, max-video-preview:-1\" \/>\n<link rel=\"canonical\" href=\"https:\/\/amafurni.vn\/en\/product\/ghe-lam-viec-thu-gian-cong-thai-hoc-boc-luoi-lung-thap-ama-st151b-m\/\" \/>\n<meta property=\"og:locale\" content=\"en_US\" \/>\n<meta property=\"og:type\" content=\"article\" \/>\n<meta property=\"og:title\" content=\"Gh\u1ebf AMA-ST151B-M\" \/>\n<meta property=\"og:description\" content=\"S\u1ee3i PA + GF (nylon + fiberglass) tho\u00e1ng kh\u00ed Khung tay gh\u1ebf: nh\u1ef1a PP.\" \/>\n<meta property=\"og:url\" content=\"https:\/\/amafurni.vn\/en\/product\/ghe-lam-viec-thu-gian-cong-thai-hoc-boc-luoi-lung-thap-ama-st151b-m\/\" \/>\n<meta property=\"og:site_name\" content=\"AMAFURNI\" \/>\n<meta property=\"article:modified_time\" content=\"2025-11-12T07:10:41+00:00\" \/>\n<meta property=\"og:image\" content=\"https:\/\/amafurni.vn\/wp-content\/uploads\/2023\/12\/ghe-lam-viec-thu-gian-cong-thai-hoc-boc-luoi-lung-thap-ama-st151b-m_656ffa568ece9.png\" \/>\n\t<meta property=\"og:image:width\" content=\"800\" \/>\n\t<meta property=\"og:image:height\" content=\"800\" \/>\n\t<meta property=\"og:image:type\" content=\"image\/png\" \/>\n<meta name=\"twitter:card\" content=\"summary_large_image\" \/>\n<meta name=\"twitter:label1\" content=\"Est. reading time\" \/>\n\t<meta name=\"twitter:data1\" content=\"1 minute\" \/>\n<script type=\"application\/ld+json\" class=\"yoast-schema-graph\">{\"@context\":\"https:\/\/schema.org\",\"@graph\":[{\"@type\":\"WebPage\",\"@id\":\"https:\/\/amafurni.vn\/san-pham\/ghe-lam-viec-thu-gian-cong-thai-hoc-boc-luoi-lung-thap-ama-st151b-m\/\",\"url\":\"https:\/\/amafurni.vn\/san-pham\/ghe-lam-viec-thu-gian-cong-thai-hoc-boc-luoi-lung-thap-ama-st151b-m\/\",\"name\":\"Gh\u1ebf AMA-ST151B-M - AMAFURNI\",\"isPartOf\":{\"@id\":\"https:\/\/amafurni.vn\/#website\"},\"datePublished\":\"2023-12-06T06:50:46+00:00\",\"dateModified\":\"2025-11-12T07:10:41+00:00\",\"breadcrumb\":{\"@id\":\"https:\/\/amafurni.vn\/san-pham\/ghe-lam-viec-thu-gian-cong-thai-hoc-boc-luoi-lung-thap-ama-st151b-m\/#breadcrumb\"},\"inLanguage\":\"en-US\",\"potentialAction\":[{\"@type\":\"ReadAction\",\"target\":[\"https:\/\/amafurni.vn\/san-pham\/ghe-lam-viec-thu-gian-cong-thai-hoc-boc-luoi-lung-thap-ama-st151b-m\/\"]}]},{\"@type\":\"BreadcrumbList\",\"@id\":\"https:\/\/amafurni.vn\/san-pham\/ghe-lam-viec-thu-gian-cong-thai-hoc-boc-luoi-lung-thap-ama-st151b-m\/#breadcrumb\",\"itemListElement\":[{\"@type\":\"ListItem\",\"position\":1,\"name\":\"Trang ch\u1ee7\",\"item\":\"https:\/\/amafurni.vn\/\"},{\"@type\":\"ListItem\",\"position\":2,\"name\":\"S\u1ea3n ph\u1ea9m\",\"item\":\"https:\/\/amafurni.vn\/san-pham\/\"},{\"@type\":\"ListItem\",\"position\":3,\"name\":\"Gh\u1ebf AMA-ST151B-M\"}]},{\"@type\":\"WebSite\",\"@id\":\"https:\/\/amafurni.vn\/#website\",\"url\":\"https:\/\/amafurni.vn\/\",\"name\":\"AMAFURNI\",\"description\":\"\",\"potentialAction\":[{\"@type\":\"SearchAction\",\"target\":{\"@type\":\"EntryPoint\",\"urlTemplate\":\"https:\/\/amafurni.vn\/?s={search_term_string}\"},\"query-input\":\"required name=search_term_string\"}],\"inLanguage\":\"en-US\"}]}<\/script>\n<!-- \/ Yoast SEO Premium plugin. -->","yoast_head_json":{"title":"Gh\u1ebf AMA-ST151B-M - AMAFURNI","robots":{"index":"index","follow":"follow","max-snippet":"max-snippet:-1","max-image-preview":"max-image-preview:large","max-video-preview":"max-video-preview:-1"},"canonical":"https:\/\/amafurni.vn\/en\/product\/ghe-lam-viec-thu-gian-cong-thai-hoc-boc-luoi-lung-thap-ama-st151b-m\/","og_locale":"en_US","og_type":"article","og_title":"Gh\u1ebf AMA-ST151B-M","og_description":"S\u1ee3i PA + GF (nylon + fiberglass) tho\u00e1ng kh\u00ed Khung tay gh\u1ebf: nh\u1ef1a PP.","og_url":"https:\/\/amafurni.vn\/en\/product\/ghe-lam-viec-thu-gian-cong-thai-hoc-boc-luoi-lung-thap-ama-st151b-m\/","og_site_name":"AMAFURNI","article_modified_time":"2025-11-12T07:10:41+00:00","og_image":[{"width":800,"height":800,"url":"https:\/\/amafurni.vn\/wp-content\/uploads\/2023\/12\/ghe-lam-viec-thu-gian-cong-thai-hoc-boc-luoi-lung-thap-ama-st151b-m_656ffa568ece9.png","type":"image\/png"}],"twitter_card":"summary_large_image","twitter_misc":{"Est. reading time":"1 minute"},"schema":{"@context":"https:\/\/schema.org","@graph":[{"@type":"WebPage","@id":"https:\/\/amafurni.vn\/san-pham\/ghe-lam-viec-thu-gian-cong-thai-hoc-boc-luoi-lung-thap-ama-st151b-m\/","url":"https:\/\/amafurni.vn\/san-pham\/ghe-lam-viec-thu-gian-cong-thai-hoc-boc-luoi-lung-thap-ama-st151b-m\/","name":"Gh\u1ebf AMA-ST151B-M - AMAFURNI","isPartOf":{"@id":"https:\/\/amafurni.vn\/#website"},"datePublished":"2023-12-06T06:50:46+00:00","dateModified":"2025-11-12T07:10:41+00:00","breadcrumb":{"@id":"https:\/\/amafurni.vn\/san-pham\/ghe-lam-viec-thu-gian-cong-thai-hoc-boc-luoi-lung-thap-ama-st151b-m\/#breadcrumb"},"inLanguage":"en-US","potentialAction":[{"@type":"ReadAction","target":["https:\/\/amafurni.vn\/san-pham\/ghe-lam-viec-thu-gian-cong-thai-hoc-boc-luoi-lung-thap-ama-st151b-m\/"]}]},{"@type":"BreadcrumbList","@id":"https:\/\/amafurni.vn\/san-pham\/ghe-lam-viec-thu-gian-cong-thai-hoc-boc-luoi-lung-thap-ama-st151b-m\/#breadcrumb","itemListElement":[{"@type":"ListItem","position":1,"name":"Trang ch\u1ee7","item":"https:\/\/amafurni.vn\/"},{"@type":"ListItem","position":2,"name":"S\u1ea3n ph\u1ea9m","item":"https:\/\/amafurni.vn\/san-pham\/"},{"@type":"ListItem","position":3,"name":"Gh\u1ebf AMA-ST151B-M"}]},{"@type":"WebSite","@id":"https:\/\/amafurni.vn\/#website","url":"https:\/\/amafurni.vn\/","name":"AMAFURNI","description":"","potentialAction":[{"@type":"SearchAction","target":{"@type":"EntryPoint","urlTemplate":"https:\/\/amafurni.vn\/?s={search_term_string}"},"query-input":"required name=search_term_string"}],"inLanguage":"en-US"}]}},"_links":{"self":[{"href":"https:\/\/amafurni.vn\/en\/wp-json\/wp\/v2\/product\/2726"}],"collection":[{"href":"https:\/\/amafurni.vn\/en\/wp-json\/wp\/v2\/product"}],"about":[{"href":"https:\/\/amafurni.vn\/en\/wp-json\/wp\/v2\/types\/product"}],"replies":[{"embeddable":true,"href":"https:\/\/amafurni.vn\/en\/wp-json\/wp\/v2\/comments?post=2726"}],"wp:featuredmedia":[{"embeddable":true,"href":"https:\/\/amafurni.vn\/en\/wp-json\/wp\/v2\/media\/2727"}],"wp:attachment":[{"href":"https:\/\/amafurni.vn\/en\/wp-json\/wp\/v2\/media?parent=2726"}],"wp:term":[{"taxonomy":"product_cat","embeddable":true,"href":"https:\/\/amafurni.vn\/en\/wp-json\/wp\/v2\/product_cat?post=2726"},{"taxonomy":"product_tag","embeddable":true,"href":"https:\/\/amafurni.vn\/en\/wp-json\/wp\/v2\/product_tag?post=2726"}],"curies":[{"name":"wp","href":"https:\/\/api.w.org\/{rel}","templated":true}]}}