{"id":2728,"date":"2023-12-06T11:36:47","date_gmt":"2023-12-06T04:36:47","guid":{"rendered":"https:\/\/amafurni.123websitedev.com\/san-pham\/ghe-lam-viec-thu-gian-nga-lung-boc-luoi-suon-nhua-duc-nhap-khau-ama-th886-m\/"},"modified":"2025-11-12T14:10:41","modified_gmt":"2025-11-12T07:10:41","slug":"ghe-lam-viec-thu-gian-nga-lung-boc-luoi-suon-nhua-duc-nhap-khau-ama-th886-m","status":"publish","type":"product","link":"https:\/\/amafurni.vn\/en\/product\/ghe-lam-viec-thu-gian-nga-lung-boc-luoi-suon-nhua-duc-nhap-khau-ama-th886-m\/","title":{"rendered":"Gh\u1ebf l\u00e0m vi\u1ec7c th\u01b0 gi\u00e3n ng\u1ea3 l\u01b0ng &#8211; b\u1ecdc l\u01b0\u1edbi &#8211; s\u01b0\u1eddn nh\u1ef1a \u0111\u00fac -nh\u1eadp kh\u1ea9u AMA-TH886-M"},"content":{"rendered":"<table border=\"1\" height=\"213\">\n<tbody><\/tbody>\n<tbody>\n<tr>\n<td><span><strong>Material<\/strong><\/span><\/td>\n<td>\n<p><span><strong><\/strong><\/span><\/p>\n<p><span><strong>Size<\/strong><\/span><\/p>\n<p><span><strong>(D\u00e0i*R\u1ed9ng*cao)<\/strong><\/span><\/p>\n<\/td>\n<td><span><strong>T\u00ednh N\u0103ng<\/strong><\/span><\/td>\n<td><span><strong>M\u00e0u S\u1eafc<\/strong><\/span><\/td>\n<td><span><strong>Xu\u1ea5t X\u1ee9<\/strong><\/span><\/td>\n<td><span><strong>B\u1ea3o h\u00e0nh<\/strong><\/span><\/td>\n<\/tr>\n<tr>\n<td>\n<p><span>S\u1ee3i Polyester<\/span><br \/><span>Khung gh\u1ebf: nh\u1ef1a \u0111\u00fac \u0111\u1eb7c<\/span><br \/><span>Ch\u00e2n gh\u1ebf: s\u1eaft m\u1ea1 crome<\/span><br \/><span>B\u00e1nh xe : nylong<\/span><\/p>\n<\/td>\n<td>\n<p><span>\u00a0580*600*(1120-1220)mm<\/span><\/p>\n<\/td>\n<td>\n<p>. T\u0103ng gi\u1ea3m chi\u1ec1u cao<\/p>\n<p>. G\u1eadt g\u00f9 b\u1eadp b\u00eanh<\/p>\n<p><span>.\u00a0Ng\u1ea3 l\u01b0ng th\u01b0 gi\u00e3n 45<sup><\/sup><sup>0<\/sup><\/span><\/p>\n<\/td>\n<td>\n<p>\u0110EN<\/p>\n<\/p>\n<\/td>\n<td>Nh\u1eadp Ngo\u1ea1i<\/td>\n<td>\n<p>. 12 th\u00e1ng k\u1ef9 thu\u1eadt<\/p>\n<p>. Ben h\u01a1i 1 \u0111\u1ed5i 1<\/p>\n<\/td>\n<\/tr>\n<\/tbody>\n<\/table>","protected":false},"excerpt":{"rendered":"<p>Gh\u1ebf v\u1edbi ph\u1ea7n khung gh\u1ebf \u0111\u01b0\u1ee3c c\u1ea5u t\u1ea1o t\u1eeb ch\u1ea5t li\u1ec7u c\u1ee9ng c\u00e1p, c\u00f3 kh\u1ea3 n\u0103ng ch\u1ecbu \u0111\u01b0\u1ee3c tr\u1ecdng l\u01b0\u1ee3ng cao v\u00e0 ch\u1ecbu s\u1ef1 t\u00e1c \u0111\u1ed9ng c\u1ee7a l\u1ef1c r\u1ea5t t\u1ed1t, g\u00f3p ph\u1ea7n mang \u0111\u1ebfn \u0111\u1ed9 b\u1ec1n s\u1eed d\u1ee5ng l\u00e2u d\u00e0i theo th\u1eddi gian.<br \/>\nThi\u1ebft k\u1ebf ti\u1ec7n l\u1ee3i, t\u1ea1o c\u1ea3m gi\u00e1c tho\u1ea3i m\u00e1i t\u1ed1i \u0111a Gh\u1ebf \u0111\u01b0\u1ee3c b\u1ecdc n\u1ec7m PU d\u00e0y d\u1eb7n v\u1edbi ph\u1ea7n ng\u1ed3i \u0111\u01b0\u1ee3c thi\u1ebft k\u1ebf l\u00f5m v\u00e0 tr\u0169ng xu\u1ed1ng nh\u01b0 gh\u1ebf xe \u00f4 t\u00f4 k\u1ebft h\u1ee3p ph\u1ea7n t\u1ef1a \u0111\u1ea7u l\u1edbn, gi\u00fap \u0111em l\u1ea1i c\u1ea3m gi\u00e1c tho\u1ea3i m\u00e1i v\u00e0 d\u1ec5 ch\u1ecbu tuy\u1ec7t \u0111\u1ed1i khi ng\u1ed3i. Hai tay v\u1ecbn v\u1eeba t\u1ea7m \u0111\u01b0\u1ee3c l\u00e0m b\u1eb1ng nh\u1ef1a sang tr\u1ecdng, ch\u1eafc ch\u1eafn.<br \/>\nL\u01b0ng gh\u1ebf r\u1ed9ng r\u00e3i, \u0111\u1ed9 th\u00f4ng tho\u00e1ng cao .L\u01b0ng gh\u1ebf c\u00f3 ki\u1ec3u d\u00e1ng cao, r\u1ed9ng r\u00e3i c\u00f9ng \u0111\u1ed9 cong v\u1eeba ph\u1ea3i gi\u00fap n\u00e2ng \u0111\u1ee1 to\u00e0n b\u1ed9 ph\u1ea7n l\u01b0ng c\u1ee7a ng\u01b0\u1eddi ng\u1ed3i, \u0111\u1ea3m b\u1ea3o an to\u00e0n cho c\u1ed9t s\u1ed1ng v\u00e0 tr\u00e1nh b\u1ecb \u0111au l\u01b0ng khi t\u1ef1a.<\/p>","protected":false},"featured_media":2729,"comment_status":"open","ping_status":"closed","template":"","meta":[],"product_cat":[59,70],"product_tag":[],"yoast_head":"<!-- This site is optimized with the Yoast SEO Premium plugin v21.7 (Yoast SEO v21.7) - https:\/\/yoast.com\/wordpress\/plugins\/seo\/ -->\n<title>Gh\u1ebf l\u00e0m vi\u1ec7c th\u01b0 gi\u00e3n ng\u1ea3 l\u01b0ng - b\u1ecdc l\u01b0\u1edbi - s\u01b0\u1eddn nh\u1ef1a \u0111\u00fac -nh\u1eadp kh\u1ea9u AMA-TH886-M - AMAFURNI<\/title>\n<meta name=\"robots\" content=\"index, follow, max-snippet:-1, max-image-preview:large, max-video-preview:-1\" \/>\n<link rel=\"canonical\" href=\"https:\/\/amafurni.vn\/en\/product\/ghe-lam-viec-thu-gian-nga-lung-boc-luoi-suon-nhua-duc-nhap-khau-ama-th886-m\/\" \/>\n<meta property=\"og:locale\" content=\"en_US\" \/>\n<meta property=\"og:type\" content=\"article\" \/>\n<meta property=\"og:title\" content=\"Gh\u1ebf l\u00e0m vi\u1ec7c th\u01b0 gi\u00e3n ng\u1ea3 l\u01b0ng - b\u1ecdc l\u01b0\u1edbi - s\u01b0\u1eddn nh\u1ef1a \u0111\u00fac -nh\u1eadp kh\u1ea9u AMA-TH886-M\" \/>\n<meta property=\"og:description\" content=\"Gh\u1ebf v\u1edbi ph\u1ea7n khung gh\u1ebf \u0111\u01b0\u1ee3c c\u1ea5u t\u1ea1o t\u1eeb ch\u1ea5t li\u1ec7u c\u1ee9ng c\u00e1p, c\u00f3 kh\u1ea3 n\u0103ng ch\u1ecbu \u0111\u01b0\u1ee3c tr\u1ecdng l\u01b0\u1ee3ng cao v\u00e0 ch\u1ecbu s\u1ef1 t\u00e1c \u0111\u1ed9ng c\u1ee7a l\u1ef1c r\u1ea5t t\u1ed1t, g\u00f3p ph\u1ea7n mang \u0111\u1ebfn \u0111\u1ed9 b\u1ec1n s\u1eed d\u1ee5ng l\u00e2u d\u00e0i theo th\u1eddi gian. Thi\u1ebft k\u1ebf ti\u1ec7n l\u1ee3i, t\u1ea1o c\u1ea3m gi\u00e1c tho\u1ea3i m\u00e1i t\u1ed1i \u0111a Gh\u1ebf \u0111\u01b0\u1ee3c b\u1ecdc n\u1ec7m PU d\u00e0y d\u1eb7n v\u1edbi ph\u1ea7n ng\u1ed3i \u0111\u01b0\u1ee3c thi\u1ebft k\u1ebf l\u00f5m v\u00e0 tr\u0169ng xu\u1ed1ng nh\u01b0 gh\u1ebf xe \u00f4 t\u00f4 k\u1ebft h\u1ee3p ph\u1ea7n t\u1ef1a \u0111\u1ea7u l\u1edbn, gi\u00fap \u0111em l\u1ea1i c\u1ea3m gi\u00e1c tho\u1ea3i m\u00e1i v\u00e0 d\u1ec5 ch\u1ecbu tuy\u1ec7t \u0111\u1ed1i khi ng\u1ed3i. Hai tay v\u1ecbn v\u1eeba t\u1ea7m \u0111\u01b0\u1ee3c l\u00e0m b\u1eb1ng nh\u1ef1a sang tr\u1ecdng, ch\u1eafc ch\u1eafn. L\u01b0ng gh\u1ebf r\u1ed9ng r\u00e3i, \u0111\u1ed9 th\u00f4ng tho\u00e1ng cao .L\u01b0ng gh\u1ebf c\u00f3 ki\u1ec3u d\u00e1ng cao, r\u1ed9ng r\u00e3i c\u00f9ng \u0111\u1ed9 cong v\u1eeba ph\u1ea3i gi\u00fap n\u00e2ng \u0111\u1ee1 to\u00e0n b\u1ed9 ph\u1ea7n l\u01b0ng c\u1ee7a ng\u01b0\u1eddi ng\u1ed3i, \u0111\u1ea3m b\u1ea3o an to\u00e0n cho c\u1ed9t s\u1ed1ng v\u00e0 tr\u00e1nh b\u1ecb \u0111au l\u01b0ng khi t\u1ef1a.\" \/>\n<meta property=\"og:url\" content=\"https:\/\/amafurni.vn\/en\/product\/ghe-lam-viec-thu-gian-nga-lung-boc-luoi-suon-nhua-duc-nhap-khau-ama-th886-m\/\" \/>\n<meta property=\"og:site_name\" content=\"AMAFURNI\" \/>\n<meta property=\"article:modified_time\" content=\"2025-11-12T07:10:41+00:00\" \/>\n<meta property=\"og:image\" content=\"https:\/\/amafurni.vn\/wp-content\/uploads\/2023\/12\/ghe-lam-viec-thu-gian-nga-lung-boc-luoi-suon-nhua-duc-nhap-khau-ama-th886-m_656ffa5f437ac.jpeg\" \/>\n\t<meta property=\"og:image:width\" content=\"800\" \/>\n\t<meta property=\"og:image:height\" content=\"800\" \/>\n\t<meta property=\"og:image:type\" content=\"image\/jpeg\" \/>\n<meta name=\"twitter:card\" content=\"summary_large_image\" \/>\n<script type=\"application\/ld+json\" class=\"yoast-schema-graph\">{\"@context\":\"https:\/\/schema.org\",\"@graph\":[{\"@type\":\"WebPage\",\"@id\":\"https:\/\/amafurni.vn\/san-pham\/ghe-lam-viec-thu-gian-nga-lung-boc-luoi-suon-nhua-duc-nhap-khau-ama-th886-m\/\",\"url\":\"https:\/\/amafurni.vn\/san-pham\/ghe-lam-viec-thu-gian-nga-lung-boc-luoi-suon-nhua-duc-nhap-khau-ama-th886-m\/\",\"name\":\"Gh\u1ebf l\u00e0m vi\u1ec7c th\u01b0 gi\u00e3n ng\u1ea3 l\u01b0ng - b\u1ecdc l\u01b0\u1edbi - s\u01b0\u1eddn nh\u1ef1a \u0111\u00fac -nh\u1eadp kh\u1ea9u AMA-TH886-M - AMAFURNI\",\"isPartOf\":{\"@id\":\"https:\/\/amafurni.vn\/#website\"},\"datePublished\":\"2023-12-06T04:36:47+00:00\",\"dateModified\":\"2025-11-12T07:10:41+00:00\",\"breadcrumb\":{\"@id\":\"https:\/\/amafurni.vn\/san-pham\/ghe-lam-viec-thu-gian-nga-lung-boc-luoi-suon-nhua-duc-nhap-khau-ama-th886-m\/#breadcrumb\"},\"inLanguage\":\"en-US\",\"potentialAction\":[{\"@type\":\"ReadAction\",\"target\":[\"https:\/\/amafurni.vn\/san-pham\/ghe-lam-viec-thu-gian-nga-lung-boc-luoi-suon-nhua-duc-nhap-khau-ama-th886-m\/\"]}]},{\"@type\":\"BreadcrumbList\",\"@id\":\"https:\/\/amafurni.vn\/san-pham\/ghe-lam-viec-thu-gian-nga-lung-boc-luoi-suon-nhua-duc-nhap-khau-ama-th886-m\/#breadcrumb\",\"itemListElement\":[{\"@type\":\"ListItem\",\"position\":1,\"name\":\"Trang ch\u1ee7\",\"item\":\"https:\/\/amafurni.vn\/\"},{\"@type\":\"ListItem\",\"position\":2,\"name\":\"S\u1ea3n ph\u1ea9m\",\"item\":\"https:\/\/amafurni.vn\/san-pham\/\"},{\"@type\":\"ListItem\",\"position\":3,\"name\":\"Gh\u1ebf l\u00e0m vi\u1ec7c th\u01b0 gi\u00e3n ng\u1ea3 l\u01b0ng &#8211; b\u1ecdc l\u01b0\u1edbi &#8211; s\u01b0\u1eddn nh\u1ef1a \u0111\u00fac -nh\u1eadp kh\u1ea9u AMA-TH886-M\"}]},{\"@type\":\"WebSite\",\"@id\":\"https:\/\/amafurni.vn\/#website\",\"url\":\"https:\/\/amafurni.vn\/\",\"name\":\"AMAFURNI\",\"description\":\"\",\"potentialAction\":[{\"@type\":\"SearchAction\",\"target\":{\"@type\":\"EntryPoint\",\"urlTemplate\":\"https:\/\/amafurni.vn\/?s={search_term_string}\"},\"query-input\":\"required name=search_term_string\"}],\"inLanguage\":\"en-US\"}]}<\/script>\n<!-- \/ Yoast SEO Premium plugin. -->","yoast_head_json":{"title":"Gh\u1ebf l\u00e0m vi\u1ec7c th\u01b0 gi\u00e3n ng\u1ea3 l\u01b0ng - b\u1ecdc l\u01b0\u1edbi - s\u01b0\u1eddn nh\u1ef1a \u0111\u00fac -nh\u1eadp kh\u1ea9u AMA-TH886-M - AMAFURNI","robots":{"index":"index","follow":"follow","max-snippet":"max-snippet:-1","max-image-preview":"max-image-preview:large","max-video-preview":"max-video-preview:-1"},"canonical":"https:\/\/amafurni.vn\/en\/product\/ghe-lam-viec-thu-gian-nga-lung-boc-luoi-suon-nhua-duc-nhap-khau-ama-th886-m\/","og_locale":"en_US","og_type":"article","og_title":"Gh\u1ebf l\u00e0m vi\u1ec7c th\u01b0 gi\u00e3n ng\u1ea3 l\u01b0ng - b\u1ecdc l\u01b0\u1edbi - s\u01b0\u1eddn nh\u1ef1a \u0111\u00fac -nh\u1eadp kh\u1ea9u AMA-TH886-M","og_description":"Gh\u1ebf v\u1edbi ph\u1ea7n khung gh\u1ebf \u0111\u01b0\u1ee3c c\u1ea5u t\u1ea1o t\u1eeb ch\u1ea5t li\u1ec7u c\u1ee9ng c\u00e1p, c\u00f3 kh\u1ea3 n\u0103ng ch\u1ecbu \u0111\u01b0\u1ee3c tr\u1ecdng l\u01b0\u1ee3ng cao v\u00e0 ch\u1ecbu s\u1ef1 t\u00e1c \u0111\u1ed9ng c\u1ee7a l\u1ef1c r\u1ea5t t\u1ed1t, g\u00f3p ph\u1ea7n mang \u0111\u1ebfn \u0111\u1ed9 b\u1ec1n s\u1eed d\u1ee5ng l\u00e2u d\u00e0i theo th\u1eddi gian. Thi\u1ebft k\u1ebf ti\u1ec7n l\u1ee3i, t\u1ea1o c\u1ea3m gi\u00e1c tho\u1ea3i m\u00e1i t\u1ed1i \u0111a Gh\u1ebf \u0111\u01b0\u1ee3c b\u1ecdc n\u1ec7m PU d\u00e0y d\u1eb7n v\u1edbi ph\u1ea7n ng\u1ed3i \u0111\u01b0\u1ee3c thi\u1ebft k\u1ebf l\u00f5m v\u00e0 tr\u0169ng xu\u1ed1ng nh\u01b0 gh\u1ebf xe \u00f4 t\u00f4 k\u1ebft h\u1ee3p ph\u1ea7n t\u1ef1a \u0111\u1ea7u l\u1edbn, gi\u00fap \u0111em l\u1ea1i c\u1ea3m gi\u00e1c tho\u1ea3i m\u00e1i v\u00e0 d\u1ec5 ch\u1ecbu tuy\u1ec7t \u0111\u1ed1i khi ng\u1ed3i. Hai tay v\u1ecbn v\u1eeba t\u1ea7m \u0111\u01b0\u1ee3c l\u00e0m b\u1eb1ng nh\u1ef1a sang tr\u1ecdng, ch\u1eafc ch\u1eafn. L\u01b0ng gh\u1ebf r\u1ed9ng r\u00e3i, \u0111\u1ed9 th\u00f4ng tho\u00e1ng cao .L\u01b0ng gh\u1ebf c\u00f3 ki\u1ec3u d\u00e1ng cao, r\u1ed9ng r\u00e3i c\u00f9ng \u0111\u1ed9 cong v\u1eeba ph\u1ea3i gi\u00fap n\u00e2ng \u0111\u1ee1 to\u00e0n b\u1ed9 ph\u1ea7n l\u01b0ng c\u1ee7a ng\u01b0\u1eddi ng\u1ed3i, \u0111\u1ea3m b\u1ea3o an to\u00e0n cho c\u1ed9t s\u1ed1ng v\u00e0 tr\u00e1nh b\u1ecb \u0111au l\u01b0ng khi t\u1ef1a.","og_url":"https:\/\/amafurni.vn\/en\/product\/ghe-lam-viec-thu-gian-nga-lung-boc-luoi-suon-nhua-duc-nhap-khau-ama-th886-m\/","og_site_name":"AMAFURNI","article_modified_time":"2025-11-12T07:10:41+00:00","og_image":[{"width":800,"height":800,"url":"https:\/\/amafurni.vn\/wp-content\/uploads\/2023\/12\/ghe-lam-viec-thu-gian-nga-lung-boc-luoi-suon-nhua-duc-nhap-khau-ama-th886-m_656ffa5f437ac.jpeg","type":"image\/jpeg"}],"twitter_card":"summary_large_image","schema":{"@context":"https:\/\/schema.org","@graph":[{"@type":"WebPage","@id":"https:\/\/amafurni.vn\/san-pham\/ghe-lam-viec-thu-gian-nga-lung-boc-luoi-suon-nhua-duc-nhap-khau-ama-th886-m\/","url":"https:\/\/amafurni.vn\/san-pham\/ghe-lam-viec-thu-gian-nga-lung-boc-luoi-suon-nhua-duc-nhap-khau-ama-th886-m\/","name":"Gh\u1ebf l\u00e0m vi\u1ec7c th\u01b0 gi\u00e3n ng\u1ea3 l\u01b0ng - b\u1ecdc l\u01b0\u1edbi - s\u01b0\u1eddn nh\u1ef1a \u0111\u00fac -nh\u1eadp kh\u1ea9u AMA-TH886-M - AMAFURNI","isPartOf":{"@id":"https:\/\/amafurni.vn\/#website"},"datePublished":"2023-12-06T04:36:47+00:00","dateModified":"2025-11-12T07:10:41+00:00","breadcrumb":{"@id":"https:\/\/amafurni.vn\/san-pham\/ghe-lam-viec-thu-gian-nga-lung-boc-luoi-suon-nhua-duc-nhap-khau-ama-th886-m\/#breadcrumb"},"inLanguage":"en-US","potentialAction":[{"@type":"ReadAction","target":["https:\/\/amafurni.vn\/san-pham\/ghe-lam-viec-thu-gian-nga-lung-boc-luoi-suon-nhua-duc-nhap-khau-ama-th886-m\/"]}]},{"@type":"BreadcrumbList","@id":"https:\/\/amafurni.vn\/san-pham\/ghe-lam-viec-thu-gian-nga-lung-boc-luoi-suon-nhua-duc-nhap-khau-ama-th886-m\/#breadcrumb","itemListElement":[{"@type":"ListItem","position":1,"name":"Trang ch\u1ee7","item":"https:\/\/amafurni.vn\/"},{"@type":"ListItem","position":2,"name":"S\u1ea3n ph\u1ea9m","item":"https:\/\/amafurni.vn\/san-pham\/"},{"@type":"ListItem","position":3,"name":"Gh\u1ebf l\u00e0m vi\u1ec7c th\u01b0 gi\u00e3n ng\u1ea3 l\u01b0ng &#8211; b\u1ecdc l\u01b0\u1edbi &#8211; s\u01b0\u1eddn nh\u1ef1a \u0111\u00fac -nh\u1eadp kh\u1ea9u AMA-TH886-M"}]},{"@type":"WebSite","@id":"https:\/\/amafurni.vn\/#website","url":"https:\/\/amafurni.vn\/","name":"AMAFURNI","description":"","potentialAction":[{"@type":"SearchAction","target":{"@type":"EntryPoint","urlTemplate":"https:\/\/amafurni.vn\/?s={search_term_string}"},"query-input":"required name=search_term_string"}],"inLanguage":"en-US"}]}},"_links":{"self":[{"href":"https:\/\/amafurni.vn\/en\/wp-json\/wp\/v2\/product\/2728"}],"collection":[{"href":"https:\/\/amafurni.vn\/en\/wp-json\/wp\/v2\/product"}],"about":[{"href":"https:\/\/amafurni.vn\/en\/wp-json\/wp\/v2\/types\/product"}],"replies":[{"embeddable":true,"href":"https:\/\/amafurni.vn\/en\/wp-json\/wp\/v2\/comments?post=2728"}],"wp:featuredmedia":[{"embeddable":true,"href":"https:\/\/amafurni.vn\/en\/wp-json\/wp\/v2\/media\/2729"}],"wp:attachment":[{"href":"https:\/\/amafurni.vn\/en\/wp-json\/wp\/v2\/media?parent=2728"}],"wp:term":[{"taxonomy":"product_cat","embeddable":true,"href":"https:\/\/amafurni.vn\/en\/wp-json\/wp\/v2\/product_cat?post=2728"},{"taxonomy":"product_tag","embeddable":true,"href":"https:\/\/amafurni.vn\/en\/wp-json\/wp\/v2\/product_tag?post=2728"}],"curies":[{"name":"wp","href":"https:\/\/api.w.org\/{rel}","templated":true}]}}