{"id":2742,"date":"2023-12-06T13:52:01","date_gmt":"2023-12-06T06:52:01","guid":{"rendered":"https:\/\/amafurni.123websitedev.com\/san-pham\/ghe-lam-viec-thu-gian-nga-lung-co-chan-gac-nam-ama-tb004-u\/"},"modified":"2025-11-12T14:10:41","modified_gmt":"2025-11-12T07:10:41","slug":"ghe-lam-viec-thu-gian-nga-lung-co-chan-gac-nam-ama-tb004-u","status":"publish","type":"product","link":"https:\/\/amafurni.vn\/en\/product\/ghe-lam-viec-thu-gian-nga-lung-co-chan-gac-nam-ama-tb004-u\/","title":{"rendered":"Gh\u1ebf l\u00e0m vi\u1ec7c th\u01b0 gi\u00e3n ng\u1ea3 l\u01b0ng c\u00f3 ch\u00e2n g\u00e1c n\u1eb1m AMA-TB004-U"},"content":{"rendered":"<table border=\"1\">\n<tbody><\/tbody>\n<tbody>\n<tr>\n<td><strong>Material<\/strong><\/td>\n<td><strong>Size<\/strong><\/td>\n<td><strong>T\u00ednh N\u0103ng<\/strong><\/td>\n<td><strong>M\u00e0u S\u1eafc<\/strong><\/td>\n<td><strong>Xu\u1ea5t X\u1ee9<\/strong><\/td>\n<td><strong>B\u1ea3o h\u00e0nh<\/strong><\/td>\n<\/tr>\n<tr>\n<td>\n<p>&#8211;\u00a0Ch\u1ea5t li\u1ec7u : da PVC, N\u1ec7m cao su non, S\u01b0\u1eddn g\u1ed7, Ch\u00e2n s\u1eaft m\u1ea1 crome .<\/p>\n<p>-Ch\u00e2n h\u1ee3p kim Nh\u00f4m kh\u00f4ng g\u1ec9 s\u00e9t<\/p>\n<\/td>\n<td>\n<p>-D\u00e0i:90<\/p>\n<p>-R\u1ed9ng:90<\/p>\n<p>-Cao:130- 140.<\/p>\n<\/td>\n<td>\n<p>&#8211; T\u0103ng gi\u1ea3m chi\u1ec1u cao<\/p>\n<p>.Ch\u1ee9c n\u0103ng : ng\u1ea3 l\u01b0ng th\u01b0 gi\u00e3n, c\u00f3 ch\u00e2n g\u00e1c n\u1eb1m, g\u1eadt g\u00f9 b\u1eadp b\u00eanh, t\u0103ng\/gi\u1ea3m chi\u1ec1u cao.<\/p>\n<\/td>\n<td>\u0110EN \/ N\u00c2U , NH\u01af H\u00ccNH\u00a0<\/td>\n<td>Nh\u1eadp Ngo\u1ea1i<\/td>\n<td>\n<p>12 th\u00e1ng k\u1ef9 thu\u1eadt<\/p>\n<ul>\n<li>L\u1ed7i k\u1ef9 thu\u1eadt<\/li>\n<li>Ben h\u01a1i b\u1ecb h\u1ecfng : 1 \u0111\u1ed5i 1<\/li>\n<li>Kh\u00f4ng b\u1ea3o h\u00e0nh ch\u1ea5t li\u1ec7u Da, Pu, Simili, Nh\u1ef1a &#8230;<\/li>\n<\/ul>\n<\/td>\n<\/tr>\n<\/tbody>\n<\/table>","protected":false},"excerpt":{"rendered":"<p>&#8211; Ch\u1ea5t li\u1ec7u : da PVC, N\u1ec7m cao su non, S\u01b0\u1eddn g\u1ed7, Ch\u00e2n s\u1eaft m\u1ea1 crome .<br \/>\n-Ch\u00e2n h\u1ee3p kim Nh\u00f4m kh\u00f4ng g\u1ec9 s\u00e9t<br \/>\n-D\u00e0i:90<br \/>\n-R\u1ed9ng:90<br \/>\n-Cao:130- 140.<br \/>\n&#8211; T\u0103ng gi\u1ea3m chi\u1ec1u cao<br \/>\n.Ch\u1ee9c n\u0103ng : ng\u1ea3 l\u01b0ng th\u01b0 gi\u00e3n, c\u00f3 ch\u00e2n g\u00e1c n\u1eb1m, g\u1eadt g\u00f9 b\u1eadp b\u00eanh, t\u0103ng\/gi\u1ea3m chi\u1ec1u cao.<br \/>\n\u0110EN \/ N\u00c2U , NH\u01af H\u00ccNH \tNh\u1eadp Ngo\u1ea1i<br \/>\n12 th\u00e1ng k\u1ef9 thu\u1eadt<br \/>\nL\u1ed7i k\u1ef9 thu\u1eadt<br \/>\nBen h\u01a1i b\u1ecb h\u1ecfng : 1 \u0111\u1ed5i 1<br \/>\nKh\u00f4ng b\u1ea3o h\u00e0nh ch\u1ea5t li\u1ec7u Da, Pu, Simili, Nh\u1ef1a &#8230;<\/p>","protected":false},"featured_media":2743,"comment_status":"open","ping_status":"closed","template":"","meta":[],"product_cat":[59,71],"product_tag":[],"yoast_head":"<!-- This site is optimized with the Yoast SEO Premium plugin v21.7 (Yoast SEO v21.7) - https:\/\/yoast.com\/wordpress\/plugins\/seo\/ -->\n<title>Gh\u1ebf l\u00e0m vi\u1ec7c th\u01b0 gi\u00e3n ng\u1ea3 l\u01b0ng c\u00f3 ch\u00e2n g\u00e1c n\u1eb1m AMA-TB004-U - AMAFURNI<\/title>\n<meta name=\"robots\" content=\"index, follow, max-snippet:-1, max-image-preview:large, max-video-preview:-1\" \/>\n<link rel=\"canonical\" href=\"https:\/\/amafurni.vn\/en\/product\/ghe-lam-viec-thu-gian-nga-lung-co-chan-gac-nam-ama-tb004-u\/\" \/>\n<meta property=\"og:locale\" content=\"en_US\" \/>\n<meta property=\"og:type\" content=\"article\" \/>\n<meta property=\"og:title\" content=\"Gh\u1ebf l\u00e0m vi\u1ec7c th\u01b0 gi\u00e3n ng\u1ea3 l\u01b0ng c\u00f3 ch\u00e2n g\u00e1c n\u1eb1m AMA-TB004-U\" \/>\n<meta property=\"og:description\" content=\"- Ch\u1ea5t li\u1ec7u : da PVC, N\u1ec7m cao su non, S\u01b0\u1eddn g\u1ed7, Ch\u00e2n s\u1eaft m\u1ea1 crome . -Ch\u00e2n h\u1ee3p kim Nh\u00f4m kh\u00f4ng g\u1ec9 s\u00e9t -D\u00e0i:90 -R\u1ed9ng:90 -Cao:130- 140. - T\u0103ng gi\u1ea3m chi\u1ec1u cao .Ch\u1ee9c n\u0103ng : ng\u1ea3 l\u01b0ng th\u01b0 gi\u00e3n, c\u00f3 ch\u00e2n g\u00e1c n\u1eb1m, g\u1eadt g\u00f9 b\u1eadp b\u00eanh, t\u0103ng\/gi\u1ea3m chi\u1ec1u cao. \u0110EN \/ N\u00c2U , NH\u01af H\u00ccNH Nh\u1eadp Ngo\u1ea1i  12 th\u00e1ng k\u1ef9 thu\u1eadt L\u1ed7i k\u1ef9 thu\u1eadt Ben h\u01a1i b\u1ecb h\u1ecfng : 1 \u0111\u1ed5i 1 Kh\u00f4ng b\u1ea3o h\u00e0nh ch\u1ea5t li\u1ec7u Da, Pu, Simili, Nh\u1ef1a ...\" \/>\n<meta property=\"og:url\" content=\"https:\/\/amafurni.vn\/en\/product\/ghe-lam-viec-thu-gian-nga-lung-co-chan-gac-nam-ama-tb004-u\/\" \/>\n<meta property=\"og:site_name\" content=\"AMAFURNI\" \/>\n<meta property=\"article:modified_time\" content=\"2025-11-12T07:10:41+00:00\" \/>\n<meta property=\"og:image\" content=\"https:\/\/amafurni.vn\/wp-content\/uploads\/2023\/12\/ghe-lam-viec-thu-gian-nga-lung-co-chan-gac-nam-ama-tb004-u_656ffa9d8b6f6.jpeg\" \/>\n\t<meta property=\"og:image:width\" content=\"800\" \/>\n\t<meta property=\"og:image:height\" content=\"800\" \/>\n\t<meta property=\"og:image:type\" content=\"image\/jpeg\" \/>\n<meta name=\"twitter:card\" content=\"summary_large_image\" \/>\n<meta name=\"twitter:label1\" content=\"Est. reading time\" \/>\n\t<meta name=\"twitter:data1\" content=\"1 minute\" \/>\n<script type=\"application\/ld+json\" class=\"yoast-schema-graph\">{\"@context\":\"https:\/\/schema.org\",\"@graph\":[{\"@type\":\"WebPage\",\"@id\":\"https:\/\/amafurni.vn\/san-pham\/ghe-lam-viec-thu-gian-nga-lung-co-chan-gac-nam-ama-tb004-u\/\",\"url\":\"https:\/\/amafurni.vn\/san-pham\/ghe-lam-viec-thu-gian-nga-lung-co-chan-gac-nam-ama-tb004-u\/\",\"name\":\"Gh\u1ebf l\u00e0m vi\u1ec7c th\u01b0 gi\u00e3n ng\u1ea3 l\u01b0ng c\u00f3 ch\u00e2n g\u00e1c n\u1eb1m AMA-TB004-U - AMAFURNI\",\"isPartOf\":{\"@id\":\"https:\/\/amafurni.vn\/#website\"},\"datePublished\":\"2023-12-06T06:52:01+00:00\",\"dateModified\":\"2025-11-12T07:10:41+00:00\",\"breadcrumb\":{\"@id\":\"https:\/\/amafurni.vn\/san-pham\/ghe-lam-viec-thu-gian-nga-lung-co-chan-gac-nam-ama-tb004-u\/#breadcrumb\"},\"inLanguage\":\"en-US\",\"potentialAction\":[{\"@type\":\"ReadAction\",\"target\":[\"https:\/\/amafurni.vn\/san-pham\/ghe-lam-viec-thu-gian-nga-lung-co-chan-gac-nam-ama-tb004-u\/\"]}]},{\"@type\":\"BreadcrumbList\",\"@id\":\"https:\/\/amafurni.vn\/san-pham\/ghe-lam-viec-thu-gian-nga-lung-co-chan-gac-nam-ama-tb004-u\/#breadcrumb\",\"itemListElement\":[{\"@type\":\"ListItem\",\"position\":1,\"name\":\"Trang ch\u1ee7\",\"item\":\"https:\/\/amafurni.vn\/\"},{\"@type\":\"ListItem\",\"position\":2,\"name\":\"S\u1ea3n ph\u1ea9m\",\"item\":\"https:\/\/amafurni.vn\/san-pham\/\"},{\"@type\":\"ListItem\",\"position\":3,\"name\":\"Gh\u1ebf l\u00e0m vi\u1ec7c th\u01b0 gi\u00e3n ng\u1ea3 l\u01b0ng c\u00f3 ch\u00e2n g\u00e1c n\u1eb1m AMA-TB004-U\"}]},{\"@type\":\"WebSite\",\"@id\":\"https:\/\/amafurni.vn\/#website\",\"url\":\"https:\/\/amafurni.vn\/\",\"name\":\"AMAFURNI\",\"description\":\"\",\"potentialAction\":[{\"@type\":\"SearchAction\",\"target\":{\"@type\":\"EntryPoint\",\"urlTemplate\":\"https:\/\/amafurni.vn\/?s={search_term_string}\"},\"query-input\":\"required name=search_term_string\"}],\"inLanguage\":\"en-US\"}]}<\/script>\n<!-- \/ Yoast SEO Premium plugin. -->","yoast_head_json":{"title":"Gh\u1ebf l\u00e0m vi\u1ec7c th\u01b0 gi\u00e3n ng\u1ea3 l\u01b0ng c\u00f3 ch\u00e2n g\u00e1c n\u1eb1m AMA-TB004-U - AMAFURNI","robots":{"index":"index","follow":"follow","max-snippet":"max-snippet:-1","max-image-preview":"max-image-preview:large","max-video-preview":"max-video-preview:-1"},"canonical":"https:\/\/amafurni.vn\/en\/product\/ghe-lam-viec-thu-gian-nga-lung-co-chan-gac-nam-ama-tb004-u\/","og_locale":"en_US","og_type":"article","og_title":"Gh\u1ebf l\u00e0m vi\u1ec7c th\u01b0 gi\u00e3n ng\u1ea3 l\u01b0ng c\u00f3 ch\u00e2n g\u00e1c n\u1eb1m AMA-TB004-U","og_description":"- Ch\u1ea5t li\u1ec7u : da PVC, N\u1ec7m cao su non, S\u01b0\u1eddn g\u1ed7, Ch\u00e2n s\u1eaft m\u1ea1 crome . -Ch\u00e2n h\u1ee3p kim Nh\u00f4m kh\u00f4ng g\u1ec9 s\u00e9t -D\u00e0i:90 -R\u1ed9ng:90 -Cao:130- 140. - T\u0103ng gi\u1ea3m chi\u1ec1u cao .Ch\u1ee9c n\u0103ng : ng\u1ea3 l\u01b0ng th\u01b0 gi\u00e3n, c\u00f3 ch\u00e2n g\u00e1c n\u1eb1m, g\u1eadt g\u00f9 b\u1eadp b\u00eanh, t\u0103ng\/gi\u1ea3m chi\u1ec1u cao. \u0110EN \/ N\u00c2U , NH\u01af H\u00ccNH Nh\u1eadp Ngo\u1ea1i  12 th\u00e1ng k\u1ef9 thu\u1eadt L\u1ed7i k\u1ef9 thu\u1eadt Ben h\u01a1i b\u1ecb h\u1ecfng : 1 \u0111\u1ed5i 1 Kh\u00f4ng b\u1ea3o h\u00e0nh ch\u1ea5t li\u1ec7u Da, Pu, Simili, Nh\u1ef1a ...","og_url":"https:\/\/amafurni.vn\/en\/product\/ghe-lam-viec-thu-gian-nga-lung-co-chan-gac-nam-ama-tb004-u\/","og_site_name":"AMAFURNI","article_modified_time":"2025-11-12T07:10:41+00:00","og_image":[{"width":800,"height":800,"url":"https:\/\/amafurni.vn\/wp-content\/uploads\/2023\/12\/ghe-lam-viec-thu-gian-nga-lung-co-chan-gac-nam-ama-tb004-u_656ffa9d8b6f6.jpeg","type":"image\/jpeg"}],"twitter_card":"summary_large_image","twitter_misc":{"Est. reading time":"1 minute"},"schema":{"@context":"https:\/\/schema.org","@graph":[{"@type":"WebPage","@id":"https:\/\/amafurni.vn\/san-pham\/ghe-lam-viec-thu-gian-nga-lung-co-chan-gac-nam-ama-tb004-u\/","url":"https:\/\/amafurni.vn\/san-pham\/ghe-lam-viec-thu-gian-nga-lung-co-chan-gac-nam-ama-tb004-u\/","name":"Gh\u1ebf l\u00e0m vi\u1ec7c th\u01b0 gi\u00e3n ng\u1ea3 l\u01b0ng c\u00f3 ch\u00e2n g\u00e1c n\u1eb1m AMA-TB004-U - AMAFURNI","isPartOf":{"@id":"https:\/\/amafurni.vn\/#website"},"datePublished":"2023-12-06T06:52:01+00:00","dateModified":"2025-11-12T07:10:41+00:00","breadcrumb":{"@id":"https:\/\/amafurni.vn\/san-pham\/ghe-lam-viec-thu-gian-nga-lung-co-chan-gac-nam-ama-tb004-u\/#breadcrumb"},"inLanguage":"en-US","potentialAction":[{"@type":"ReadAction","target":["https:\/\/amafurni.vn\/san-pham\/ghe-lam-viec-thu-gian-nga-lung-co-chan-gac-nam-ama-tb004-u\/"]}]},{"@type":"BreadcrumbList","@id":"https:\/\/amafurni.vn\/san-pham\/ghe-lam-viec-thu-gian-nga-lung-co-chan-gac-nam-ama-tb004-u\/#breadcrumb","itemListElement":[{"@type":"ListItem","position":1,"name":"Trang ch\u1ee7","item":"https:\/\/amafurni.vn\/"},{"@type":"ListItem","position":2,"name":"S\u1ea3n ph\u1ea9m","item":"https:\/\/amafurni.vn\/san-pham\/"},{"@type":"ListItem","position":3,"name":"Gh\u1ebf l\u00e0m vi\u1ec7c th\u01b0 gi\u00e3n ng\u1ea3 l\u01b0ng c\u00f3 ch\u00e2n g\u00e1c n\u1eb1m AMA-TB004-U"}]},{"@type":"WebSite","@id":"https:\/\/amafurni.vn\/#website","url":"https:\/\/amafurni.vn\/","name":"AMAFURNI","description":"","potentialAction":[{"@type":"SearchAction","target":{"@type":"EntryPoint","urlTemplate":"https:\/\/amafurni.vn\/?s={search_term_string}"},"query-input":"required name=search_term_string"}],"inLanguage":"en-US"}]}},"_links":{"self":[{"href":"https:\/\/amafurni.vn\/en\/wp-json\/wp\/v2\/product\/2742"}],"collection":[{"href":"https:\/\/amafurni.vn\/en\/wp-json\/wp\/v2\/product"}],"about":[{"href":"https:\/\/amafurni.vn\/en\/wp-json\/wp\/v2\/types\/product"}],"replies":[{"embeddable":true,"href":"https:\/\/amafurni.vn\/en\/wp-json\/wp\/v2\/comments?post=2742"}],"wp:featuredmedia":[{"embeddable":true,"href":"https:\/\/amafurni.vn\/en\/wp-json\/wp\/v2\/media\/2743"}],"wp:attachment":[{"href":"https:\/\/amafurni.vn\/en\/wp-json\/wp\/v2\/media?parent=2742"}],"wp:term":[{"taxonomy":"product_cat","embeddable":true,"href":"https:\/\/amafurni.vn\/en\/wp-json\/wp\/v2\/product_cat?post=2742"},{"taxonomy":"product_tag","embeddable":true,"href":"https:\/\/amafurni.vn\/en\/wp-json\/wp\/v2\/product_tag?post=2742"}],"curies":[{"name":"wp","href":"https:\/\/api.w.org\/{rel}","templated":true}]}}