{"id":2756,"date":"2023-12-06T11:38:36","date_gmt":"2023-12-06T04:38:36","guid":{"rendered":"https:\/\/amafurni.123websitedev.com\/san-pham\/ghe-lam-viec-van-phong-gia-re-the-he-moi-ama-830-m\/"},"modified":"2025-11-12T14:10:41","modified_gmt":"2025-11-12T07:10:41","slug":"ghe-lam-viec-van-phong-gia-re-the-he-moi-ama-830-m","status":"publish","type":"product","link":"https:\/\/amafurni.vn\/en\/product\/ghe-lam-viec-van-phong-gia-re-the-he-moi-ama-830-m\/","title":{"rendered":"Gh\u1ebf L\u00e0m Vi\u1ec7c V\u0103n Ph\u00f2ng Gi\u00e1 R\u1ebb Th\u1ebf H\u1ec7 M\u1edbi AMA-830-M"},"content":{"rendered":"<table border=\"1\" height=\"299\">\n<tbody><\/tbody>\n<tbody>\n<tr>\n<td><span><strong>Material<\/strong><\/span><\/td>\n<td>\n<p><span><strong><\/strong><\/span><\/p>\n<p><span><strong>Size<\/strong><\/span><\/p>\n<p><span><strong>(D\u00e0i*R\u1ed9ng*cao)<\/strong><\/span><\/p>\n<\/td>\n<td><span><strong>T\u00ednh N\u0103ng<\/strong><\/span><\/td>\n<td><span><strong>M\u00e0u S\u1eafc<\/strong><\/span><\/td>\n<td><span><strong>Xu\u1ea5t X\u1ee9<\/strong><\/span><\/td>\n<td><span><strong>B\u1ea3o h\u00e0nh<\/strong><\/span><\/td>\n<\/tr>\n<tr>\n<td>\n<p>\u00a0<\/p>\n<ul>\n<li>Ch\u1ea5t li\u1ec7u :\u00a0<span>\u00a0Gh\u1ebf xoay, l\u01b0ng l\u01b0\u1edbi , c\u00f3 th\u1ec3 ng\u1ea3 l\u01b0ng<\/span><\/li>\n<li>Xu\u1ea5t x\u1ee9 :\u00a0 nh\u1eadp kh\u1ea9u<\/li>\n<\/ul>\n<p>Gi\u00e1 ch\u01b0a bao g\u1ed3m 10% VAT<\/p>\n<\/td>\n<td>\n<p><span>60x60x92cm (sh38-48cm)<\/span><\/p>\n<\/td>\n<td>\n<p>K\u1ebft c\u1ea5u ch\u00e2n c\u1ee7a chi\u1ebfc gh\u1ebf n\u00e0y s\u1ebd l\u00e0 gi\u00fap b\u1ea1n y\u00ean t\u00e2m h\u01a1n khi s\u1eed d\u1ee5ng n\u00f3. 5 ch\u00e2n \u0111\u01b0\u1ee3c g\u1eafn th\u00eam 5 b\u00e1nh xe \u0111\u1ec3 thu\u1eadn ti\u1ec7n h\u01a1n trong vi\u1ec7c tr\u01b0\u1ee3t \u0111\u1ebfn b\u1ea5t k\u1ef3 v\u1ecb tr\u00ed n\u00e0o c\u1ee7a v\u0103n ph\u00f2ng.<\/p>\n<p><span>V\u1ec1 ch\u1ea5t li\u1ec7u t\u1ed5ng th\u1ec3 c\u1ee7a\u00a0<\/span><strong>Gh\u1ebf V\u0103n Ph\u00f2ng <\/strong><strong>\u00a0<\/strong><span>th\u00ec ch\u00fang ta c\u00f3 th\u1ec3 d\u1ec5 d\u00e0ng nh\u1eadn ra l\u00e0 n\u00f3 \u0111\u01b0\u1ee3c bao b\u1ecdc b\u1edfi v\u1ea3i l\u01b0\u1edbi t\u1ea1o c\u1ea3m gi\u00e1c \u00eam v\u00e0 kh\u00f4ng b\u1ecb c\u1ea5n khi ch\u00fang ta ng\u1ed3i. B\u00eanh c\u1ea1nh \u0111\u00f3 l\u00e0 ch\u1ea5t li\u1ec7u nh\u00f4m t\u1ea1o n\u00ean s\u1ef1 ch\u1eafc ch\u1eafn c\u1ee7a n\u00f3.<\/span><\/p>\n<\/td>\n<td>\n<p>NHI\u1ec0U M\u00c0U<\/p>\n<\/p>\n<p><span>\u0110en , Tr\u1eafng X\u00e1m<\/span><\/p>\n<\/td>\n<td>Nh\u1eadp Ngo\u1ea1i<\/td>\n<td>\n<p>. 12 th\u00e1ng k\u1ef9 thu\u1eadt<\/p>\n<p>. Ben h\u01a1i 1 \u0111\u1ed5i 1<\/p>\n<\/td>\n<\/tr>\n<\/tbody>\n<\/table>","protected":false},"excerpt":{"rendered":"<p>K\u1ebft c\u1ea5u ch\u00e2n c\u1ee7a chi\u1ebfc gh\u1ebf n\u00e0y s\u1ebd l\u00e0 gi\u00fap b\u1ea1n y\u00ean t\u00e2m h\u01a1n khi s\u1eed d\u1ee5ng n\u00f3. 5 ch\u00e2n \u0111\u01b0\u1ee3c g\u1eafn th\u00eam 5 b\u00e1nh xe \u0111\u1ec3 thu\u1eadn ti\u1ec7n h\u01a1n trong vi\u1ec7c tr\u01b0\u1ee3t \u0111\u1ebfn b\u1ea5t k\u1ef3 v\u1ecb tr\u00ed n\u00e0o c\u1ee7a v\u0103n ph\u00f2ng.<br \/>\nV\u1ec1 ch\u1ea5t li\u1ec7u t\u1ed5ng th\u1ec3 c\u1ee7a\u00a0Gh\u1ebf V\u0103n Ph\u00f2ng \u00a0th\u00ec ch\u00fang ta c\u00f3 th\u1ec3 d\u1ec5 d\u00e0ng nh\u1eadn ra l\u00e0 n\u00f3 \u0111\u01b0\u1ee3c bao b\u1ecdc b\u1edfi v\u1ea3i l\u01b0\u1edbi t\u1ea1o c\u1ea3m gi\u00e1c \u00eam v\u00e0 kh\u00f4ng b\u1ecb c\u1ea5n khi ch\u00fang ta ng\u1ed3i. B\u00eanh c\u1ea1nh \u0111\u00f3 l\u00e0 ch\u1ea5t li\u1ec7u nh\u00f4m t\u1ea1o n\u00ean s\u1ef1 ch\u1eafc ch\u1eafn c\u1ee7a n\u00f3.<\/p>","protected":false},"featured_media":2757,"comment_status":"open","ping_status":"closed","template":"","meta":[],"product_cat":[59,70,112],"product_tag":[],"yoast_head":"<!-- This site is optimized with the Yoast SEO Premium plugin v21.7 (Yoast SEO v21.7) - https:\/\/yoast.com\/wordpress\/plugins\/seo\/ -->\n<title>Gh\u1ebf L\u00e0m Vi\u1ec7c V\u0103n Ph\u00f2ng Gi\u00e1 R\u1ebb Th\u1ebf H\u1ec7 M\u1edbi AMA-830-M - AMAFURNI<\/title>\n<meta name=\"robots\" content=\"index, follow, max-snippet:-1, max-image-preview:large, max-video-preview:-1\" \/>\n<link rel=\"canonical\" href=\"https:\/\/amafurni.vn\/en\/product\/ghe-lam-viec-van-phong-gia-re-the-he-moi-ama-830-m\/\" \/>\n<meta property=\"og:locale\" content=\"en_US\" \/>\n<meta property=\"og:type\" content=\"article\" \/>\n<meta property=\"og:title\" content=\"Gh\u1ebf L\u00e0m Vi\u1ec7c V\u0103n Ph\u00f2ng Gi\u00e1 R\u1ebb Th\u1ebf H\u1ec7 M\u1edbi AMA-830-M\" \/>\n<meta property=\"og:description\" content=\"K\u1ebft c\u1ea5u ch\u00e2n c\u1ee7a chi\u1ebfc gh\u1ebf n\u00e0y s\u1ebd l\u00e0 gi\u00fap b\u1ea1n y\u00ean t\u00e2m h\u01a1n khi s\u1eed d\u1ee5ng n\u00f3. 5 ch\u00e2n \u0111\u01b0\u1ee3c g\u1eafn th\u00eam 5 b\u00e1nh xe \u0111\u1ec3 thu\u1eadn ti\u1ec7n h\u01a1n trong vi\u1ec7c tr\u01b0\u1ee3t \u0111\u1ebfn b\u1ea5t k\u1ef3 v\u1ecb tr\u00ed n\u00e0o c\u1ee7a v\u0103n ph\u00f2ng. V\u1ec1 ch\u1ea5t li\u1ec7u t\u1ed5ng th\u1ec3 c\u1ee7a\u00a0Gh\u1ebf V\u0103n Ph\u00f2ng \u00a0th\u00ec ch\u00fang ta c\u00f3 th\u1ec3 d\u1ec5 d\u00e0ng nh\u1eadn ra l\u00e0 n\u00f3 \u0111\u01b0\u1ee3c bao b\u1ecdc b\u1edfi v\u1ea3i l\u01b0\u1edbi t\u1ea1o c\u1ea3m gi\u00e1c \u00eam v\u00e0 kh\u00f4ng b\u1ecb c\u1ea5n khi ch\u00fang ta ng\u1ed3i. B\u00eanh c\u1ea1nh \u0111\u00f3 l\u00e0 ch\u1ea5t li\u1ec7u nh\u00f4m t\u1ea1o n\u00ean s\u1ef1 ch\u1eafc ch\u1eafn c\u1ee7a n\u00f3.\" \/>\n<meta property=\"og:url\" content=\"https:\/\/amafurni.vn\/en\/product\/ghe-lam-viec-van-phong-gia-re-the-he-moi-ama-830-m\/\" \/>\n<meta property=\"og:site_name\" content=\"AMAFURNI\" \/>\n<meta property=\"article:modified_time\" content=\"2025-11-12T07:10:41+00:00\" \/>\n<meta property=\"og:image\" content=\"https:\/\/amafurni.vn\/wp-content\/uploads\/2023\/12\/ghe-lam-viec-van-phong-gia-re-the-he-moi-ama-830-m_656ffacc68fbd.jpeg\" \/>\n\t<meta property=\"og:image:width\" content=\"800\" \/>\n\t<meta property=\"og:image:height\" content=\"800\" \/>\n\t<meta property=\"og:image:type\" content=\"image\/jpeg\" \/>\n<meta name=\"twitter:card\" content=\"summary_large_image\" \/>\n<meta name=\"twitter:label1\" content=\"Est. reading time\" \/>\n\t<meta name=\"twitter:data1\" content=\"1 minute\" \/>\n<script type=\"application\/ld+json\" class=\"yoast-schema-graph\">{\"@context\":\"https:\/\/schema.org\",\"@graph\":[{\"@type\":\"WebPage\",\"@id\":\"https:\/\/amafurni.vn\/san-pham\/ghe-lam-viec-van-phong-gia-re-the-he-moi-ama-830-m\/\",\"url\":\"https:\/\/amafurni.vn\/san-pham\/ghe-lam-viec-van-phong-gia-re-the-he-moi-ama-830-m\/\",\"name\":\"Gh\u1ebf L\u00e0m Vi\u1ec7c V\u0103n Ph\u00f2ng Gi\u00e1 R\u1ebb Th\u1ebf H\u1ec7 M\u1edbi AMA-830-M - AMAFURNI\",\"isPartOf\":{\"@id\":\"https:\/\/amafurni.vn\/#website\"},\"datePublished\":\"2023-12-06T04:38:36+00:00\",\"dateModified\":\"2025-11-12T07:10:41+00:00\",\"breadcrumb\":{\"@id\":\"https:\/\/amafurni.vn\/san-pham\/ghe-lam-viec-van-phong-gia-re-the-he-moi-ama-830-m\/#breadcrumb\"},\"inLanguage\":\"en-US\",\"potentialAction\":[{\"@type\":\"ReadAction\",\"target\":[\"https:\/\/amafurni.vn\/san-pham\/ghe-lam-viec-van-phong-gia-re-the-he-moi-ama-830-m\/\"]}]},{\"@type\":\"BreadcrumbList\",\"@id\":\"https:\/\/amafurni.vn\/san-pham\/ghe-lam-viec-van-phong-gia-re-the-he-moi-ama-830-m\/#breadcrumb\",\"itemListElement\":[{\"@type\":\"ListItem\",\"position\":1,\"name\":\"Trang ch\u1ee7\",\"item\":\"https:\/\/amafurni.vn\/\"},{\"@type\":\"ListItem\",\"position\":2,\"name\":\"S\u1ea3n ph\u1ea9m\",\"item\":\"https:\/\/amafurni.vn\/san-pham\/\"},{\"@type\":\"ListItem\",\"position\":3,\"name\":\"Gh\u1ebf L\u00e0m Vi\u1ec7c V\u0103n Ph\u00f2ng Gi\u00e1 R\u1ebb Th\u1ebf H\u1ec7 M\u1edbi AMA-830-M\"}]},{\"@type\":\"WebSite\",\"@id\":\"https:\/\/amafurni.vn\/#website\",\"url\":\"https:\/\/amafurni.vn\/\",\"name\":\"AMAFURNI\",\"description\":\"\",\"potentialAction\":[{\"@type\":\"SearchAction\",\"target\":{\"@type\":\"EntryPoint\",\"urlTemplate\":\"https:\/\/amafurni.vn\/?s={search_term_string}\"},\"query-input\":\"required name=search_term_string\"}],\"inLanguage\":\"en-US\"}]}<\/script>\n<!-- \/ Yoast SEO Premium plugin. -->","yoast_head_json":{"title":"Gh\u1ebf L\u00e0m Vi\u1ec7c V\u0103n Ph\u00f2ng Gi\u00e1 R\u1ebb Th\u1ebf H\u1ec7 M\u1edbi AMA-830-M - AMAFURNI","robots":{"index":"index","follow":"follow","max-snippet":"max-snippet:-1","max-image-preview":"max-image-preview:large","max-video-preview":"max-video-preview:-1"},"canonical":"https:\/\/amafurni.vn\/en\/product\/ghe-lam-viec-van-phong-gia-re-the-he-moi-ama-830-m\/","og_locale":"en_US","og_type":"article","og_title":"Gh\u1ebf L\u00e0m Vi\u1ec7c V\u0103n Ph\u00f2ng Gi\u00e1 R\u1ebb Th\u1ebf H\u1ec7 M\u1edbi AMA-830-M","og_description":"K\u1ebft c\u1ea5u ch\u00e2n c\u1ee7a chi\u1ebfc gh\u1ebf n\u00e0y s\u1ebd l\u00e0 gi\u00fap b\u1ea1n y\u00ean t\u00e2m h\u01a1n khi s\u1eed d\u1ee5ng n\u00f3. 5 ch\u00e2n \u0111\u01b0\u1ee3c g\u1eafn th\u00eam 5 b\u00e1nh xe \u0111\u1ec3 thu\u1eadn ti\u1ec7n h\u01a1n trong vi\u1ec7c tr\u01b0\u1ee3t \u0111\u1ebfn b\u1ea5t k\u1ef3 v\u1ecb tr\u00ed n\u00e0o c\u1ee7a v\u0103n ph\u00f2ng. V\u1ec1 ch\u1ea5t li\u1ec7u t\u1ed5ng th\u1ec3 c\u1ee7a\u00a0Gh\u1ebf V\u0103n Ph\u00f2ng \u00a0th\u00ec ch\u00fang ta c\u00f3 th\u1ec3 d\u1ec5 d\u00e0ng nh\u1eadn ra l\u00e0 n\u00f3 \u0111\u01b0\u1ee3c bao b\u1ecdc b\u1edfi v\u1ea3i l\u01b0\u1edbi t\u1ea1o c\u1ea3m gi\u00e1c \u00eam v\u00e0 kh\u00f4ng b\u1ecb c\u1ea5n khi ch\u00fang ta ng\u1ed3i. B\u00eanh c\u1ea1nh \u0111\u00f3 l\u00e0 ch\u1ea5t li\u1ec7u nh\u00f4m t\u1ea1o n\u00ean s\u1ef1 ch\u1eafc ch\u1eafn c\u1ee7a n\u00f3.","og_url":"https:\/\/amafurni.vn\/en\/product\/ghe-lam-viec-van-phong-gia-re-the-he-moi-ama-830-m\/","og_site_name":"AMAFURNI","article_modified_time":"2025-11-12T07:10:41+00:00","og_image":[{"width":800,"height":800,"url":"https:\/\/amafurni.vn\/wp-content\/uploads\/2023\/12\/ghe-lam-viec-van-phong-gia-re-the-he-moi-ama-830-m_656ffacc68fbd.jpeg","type":"image\/jpeg"}],"twitter_card":"summary_large_image","twitter_misc":{"Est. reading time":"1 minute"},"schema":{"@context":"https:\/\/schema.org","@graph":[{"@type":"WebPage","@id":"https:\/\/amafurni.vn\/san-pham\/ghe-lam-viec-van-phong-gia-re-the-he-moi-ama-830-m\/","url":"https:\/\/amafurni.vn\/san-pham\/ghe-lam-viec-van-phong-gia-re-the-he-moi-ama-830-m\/","name":"Gh\u1ebf L\u00e0m Vi\u1ec7c V\u0103n Ph\u00f2ng Gi\u00e1 R\u1ebb Th\u1ebf H\u1ec7 M\u1edbi AMA-830-M - AMAFURNI","isPartOf":{"@id":"https:\/\/amafurni.vn\/#website"},"datePublished":"2023-12-06T04:38:36+00:00","dateModified":"2025-11-12T07:10:41+00:00","breadcrumb":{"@id":"https:\/\/amafurni.vn\/san-pham\/ghe-lam-viec-van-phong-gia-re-the-he-moi-ama-830-m\/#breadcrumb"},"inLanguage":"en-US","potentialAction":[{"@type":"ReadAction","target":["https:\/\/amafurni.vn\/san-pham\/ghe-lam-viec-van-phong-gia-re-the-he-moi-ama-830-m\/"]}]},{"@type":"BreadcrumbList","@id":"https:\/\/amafurni.vn\/san-pham\/ghe-lam-viec-van-phong-gia-re-the-he-moi-ama-830-m\/#breadcrumb","itemListElement":[{"@type":"ListItem","position":1,"name":"Trang ch\u1ee7","item":"https:\/\/amafurni.vn\/"},{"@type":"ListItem","position":2,"name":"S\u1ea3n ph\u1ea9m","item":"https:\/\/amafurni.vn\/san-pham\/"},{"@type":"ListItem","position":3,"name":"Gh\u1ebf L\u00e0m Vi\u1ec7c V\u0103n Ph\u00f2ng Gi\u00e1 R\u1ebb Th\u1ebf H\u1ec7 M\u1edbi AMA-830-M"}]},{"@type":"WebSite","@id":"https:\/\/amafurni.vn\/#website","url":"https:\/\/amafurni.vn\/","name":"AMAFURNI","description":"","potentialAction":[{"@type":"SearchAction","target":{"@type":"EntryPoint","urlTemplate":"https:\/\/amafurni.vn\/?s={search_term_string}"},"query-input":"required name=search_term_string"}],"inLanguage":"en-US"}]}},"_links":{"self":[{"href":"https:\/\/amafurni.vn\/en\/wp-json\/wp\/v2\/product\/2756"}],"collection":[{"href":"https:\/\/amafurni.vn\/en\/wp-json\/wp\/v2\/product"}],"about":[{"href":"https:\/\/amafurni.vn\/en\/wp-json\/wp\/v2\/types\/product"}],"replies":[{"embeddable":true,"href":"https:\/\/amafurni.vn\/en\/wp-json\/wp\/v2\/comments?post=2756"}],"wp:featuredmedia":[{"embeddable":true,"href":"https:\/\/amafurni.vn\/en\/wp-json\/wp\/v2\/media\/2757"}],"wp:attachment":[{"href":"https:\/\/amafurni.vn\/en\/wp-json\/wp\/v2\/media?parent=2756"}],"wp:term":[{"taxonomy":"product_cat","embeddable":true,"href":"https:\/\/amafurni.vn\/en\/wp-json\/wp\/v2\/product_cat?post=2756"},{"taxonomy":"product_tag","embeddable":true,"href":"https:\/\/amafurni.vn\/en\/wp-json\/wp\/v2\/product_tag?post=2756"}],"curies":[{"name":"wp","href":"https:\/\/api.w.org\/{rel}","templated":true}]}}