{"id":2764,"date":"2023-12-06T11:39:06","date_gmt":"2023-12-06T04:39:06","guid":{"rendered":"https:\/\/amafurni.123websitedev.com\/san-pham\/ghe-lam-viec-van-phong-lung-trung-ama-mc10114-u1\/"},"modified":"2025-11-12T14:10:42","modified_gmt":"2025-11-12T07:10:42","slug":"ghe-lam-viec-van-phong-lung-trung-ama-mc10114-u1","status":"publish","type":"product","link":"https:\/\/amafurni.vn\/en\/product\/ghe-lam-viec-van-phong-lung-trung-ama-mc10114-u1\/","title":{"rendered":"Gh\u1ebf AMA-MC10114-U1"},"content":{"rendered":"<table style=\"width: 99.932551%; height: 146px;\" border=\"1\">\n<tbody>\n<tr style=\"height: 32px;\">\n<td style=\"height: 32px;\"><span style=\"color: #ff0000;\"><strong>Material<\/strong><\/span><\/td>\n<td style=\"height: 32px;\">&nbsp;<\/p>\n<p><span style=\"color: #ff0000;\"><strong>Size<\/strong><\/span><\/p>\n<p><span style=\"color: #ff0000;\"><strong>(D\u00e0i*R\u1ed9ng*cao)<\/strong><\/span><\/td>\n<td style=\"height: 32px;\"><span style=\"color: #ff0000;\"><strong>T\u00ednh N\u0103ng<\/strong><\/span><\/td>\n<td style=\"height: 32px;\"><span style=\"color: #ff0000;\"><strong>M\u00e0u S\u1eafc<\/strong><\/span><\/td>\n<td style=\"height: 32px;\"><span style=\"color: #ff0000;\"><strong>Xu\u1ea5t X\u1ee9<\/strong><\/span><\/td>\n<td style=\"height: 32px;\"><span style=\"color: #ff0000;\"><strong>B\u1ea3o h\u00e0nh<\/strong><\/span><\/td>\n<\/tr>\n<tr style=\"height: 114px;\">\n<td style=\"height: 114px;\">. Da PU<\/p>\n<p>.Ch\u00e2n nh\u00f4m<\/td>\n<td style=\"height: 114px;\">60 x 60 x<\/p>\n<p>(105-115)<\/td>\n<td style=\"height: 114px;\">. T\u0103ng gi\u1ea3m chi\u1ec1u cao<\/p>\n<p>. G\u1eadt g\u00f9 b\u1eadp b\u00eanh<\/td>\n<td style=\"height: 114px;\">\u0110EN<\/td>\n<td style=\"height: 114px;\">Nh\u1eadp Ngo\u1ea1i<\/td>\n<td style=\"height: 114px;\">. 12 th\u00e1ng k\u1ef9 thu\u1eadt<\/p>\n<p>. Ben h\u01a1i 1 \u0111\u1ed5i 1<\/td>\n<\/tr>\n<\/tbody>\n<\/table>","protected":false},"excerpt":{"rendered":"<p>Ch\u1ea5t Li\u1ec7u &nbsp; K\u00edch Th\u01b0\u1edbc (D\u00e0i*R\u1ed9ng*cao) T\u00ednh N\u0103ng M\u00e0u S\u1eafc Xu\u1ea5t X\u1ee9 B\u1ea3o h\u00e0nh . Da PU .Ch\u00e2n nh\u00f4m 60 x 60 x (105-115) . T\u0103ng gi\u1ea3m chi\u1ec1u cao . G\u1eadt g\u00f9 b\u1eadp b\u00eanh \u0110EN Nh\u1eadp Ngo\u1ea1i . 12 th\u00e1ng k\u1ef9 thu\u1eadt . Ben h\u01a1i 1 \u0111\u1ed5i 1<\/p>","protected":false},"featured_media":2765,"comment_status":"open","ping_status":"closed","template":"","meta":[],"product_cat":[59,70],"product_tag":[],"yoast_head":"<!-- This site is optimized with the Yoast SEO Premium plugin v21.7 (Yoast SEO v21.7) - https:\/\/yoast.com\/wordpress\/plugins\/seo\/ -->\n<title>Gh\u1ebf AMA-MC10114-U1 - AMAFURNI<\/title>\n<meta name=\"robots\" content=\"index, follow, max-snippet:-1, max-image-preview:large, max-video-preview:-1\" \/>\n<link rel=\"canonical\" href=\"https:\/\/amafurni.vn\/en\/product\/ghe-lam-viec-van-phong-lung-trung-ama-mc10114-u1\/\" \/>\n<meta property=\"og:locale\" content=\"en_US\" \/>\n<meta property=\"og:type\" content=\"article\" \/>\n<meta property=\"og:title\" content=\"Gh\u1ebf AMA-MC10114-U1\" \/>\n<meta property=\"og:description\" content=\"Ch\u1ea5t Li\u1ec7u &nbsp; K\u00edch Th\u01b0\u1edbc (D\u00e0i*R\u1ed9ng*cao) T\u00ednh N\u0103ng M\u00e0u S\u1eafc Xu\u1ea5t X\u1ee9 B\u1ea3o h\u00e0nh . Da PU .Ch\u00e2n nh\u00f4m 60 x 60 x (105-115) . T\u0103ng gi\u1ea3m chi\u1ec1u cao . G\u1eadt g\u00f9 b\u1eadp b\u00eanh \u0110EN Nh\u1eadp Ngo\u1ea1i . 12 th\u00e1ng k\u1ef9 thu\u1eadt . Ben h\u01a1i 1 \u0111\u1ed5i 1\" \/>\n<meta property=\"og:url\" content=\"https:\/\/amafurni.vn\/en\/product\/ghe-lam-viec-van-phong-lung-trung-ama-mc10114-u1\/\" \/>\n<meta property=\"og:site_name\" content=\"AMAFURNI\" \/>\n<meta property=\"article:modified_time\" content=\"2025-11-12T07:10:42+00:00\" \/>\n<meta property=\"og:image\" content=\"https:\/\/amafurni.vn\/wp-content\/uploads\/2023\/12\/ghe-lam-viec-van-phong-lung-trung-ama-mc10114-u1_656ffaeb241ec.jpeg\" \/>\n\t<meta property=\"og:image:width\" content=\"800\" \/>\n\t<meta property=\"og:image:height\" content=\"800\" \/>\n\t<meta property=\"og:image:type\" content=\"image\/jpeg\" \/>\n<meta name=\"twitter:card\" content=\"summary_large_image\" \/>\n<meta name=\"twitter:label1\" content=\"Est. reading time\" \/>\n\t<meta name=\"twitter:data1\" content=\"1 minute\" \/>\n<script type=\"application\/ld+json\" class=\"yoast-schema-graph\">{\"@context\":\"https:\/\/schema.org\",\"@graph\":[{\"@type\":\"WebPage\",\"@id\":\"https:\/\/amafurni.vn\/san-pham\/ghe-lam-viec-van-phong-lung-trung-ama-mc10114-u1\/\",\"url\":\"https:\/\/amafurni.vn\/san-pham\/ghe-lam-viec-van-phong-lung-trung-ama-mc10114-u1\/\",\"name\":\"Gh\u1ebf AMA-MC10114-U1 - AMAFURNI\",\"isPartOf\":{\"@id\":\"https:\/\/amafurni.vn\/#website\"},\"datePublished\":\"2023-12-06T04:39:06+00:00\",\"dateModified\":\"2025-11-12T07:10:42+00:00\",\"breadcrumb\":{\"@id\":\"https:\/\/amafurni.vn\/san-pham\/ghe-lam-viec-van-phong-lung-trung-ama-mc10114-u1\/#breadcrumb\"},\"inLanguage\":\"en-US\",\"potentialAction\":[{\"@type\":\"ReadAction\",\"target\":[\"https:\/\/amafurni.vn\/san-pham\/ghe-lam-viec-van-phong-lung-trung-ama-mc10114-u1\/\"]}]},{\"@type\":\"BreadcrumbList\",\"@id\":\"https:\/\/amafurni.vn\/san-pham\/ghe-lam-viec-van-phong-lung-trung-ama-mc10114-u1\/#breadcrumb\",\"itemListElement\":[{\"@type\":\"ListItem\",\"position\":1,\"name\":\"Trang ch\u1ee7\",\"item\":\"https:\/\/amafurni.vn\/\"},{\"@type\":\"ListItem\",\"position\":2,\"name\":\"S\u1ea3n ph\u1ea9m\",\"item\":\"https:\/\/amafurni.vn\/san-pham\/\"},{\"@type\":\"ListItem\",\"position\":3,\"name\":\"Gh\u1ebf AMA-MC10114-U1\"}]},{\"@type\":\"WebSite\",\"@id\":\"https:\/\/amafurni.vn\/#website\",\"url\":\"https:\/\/amafurni.vn\/\",\"name\":\"AMAFURNI\",\"description\":\"\",\"potentialAction\":[{\"@type\":\"SearchAction\",\"target\":{\"@type\":\"EntryPoint\",\"urlTemplate\":\"https:\/\/amafurni.vn\/?s={search_term_string}\"},\"query-input\":\"required name=search_term_string\"}],\"inLanguage\":\"en-US\"}]}<\/script>\n<!-- \/ Yoast SEO Premium plugin. -->","yoast_head_json":{"title":"Gh\u1ebf AMA-MC10114-U1 - AMAFURNI","robots":{"index":"index","follow":"follow","max-snippet":"max-snippet:-1","max-image-preview":"max-image-preview:large","max-video-preview":"max-video-preview:-1"},"canonical":"https:\/\/amafurni.vn\/en\/product\/ghe-lam-viec-van-phong-lung-trung-ama-mc10114-u1\/","og_locale":"en_US","og_type":"article","og_title":"Gh\u1ebf AMA-MC10114-U1","og_description":"Ch\u1ea5t Li\u1ec7u &nbsp; K\u00edch Th\u01b0\u1edbc (D\u00e0i*R\u1ed9ng*cao) T\u00ednh N\u0103ng M\u00e0u S\u1eafc Xu\u1ea5t X\u1ee9 B\u1ea3o h\u00e0nh . Da PU .Ch\u00e2n nh\u00f4m 60 x 60 x (105-115) . T\u0103ng gi\u1ea3m chi\u1ec1u cao . G\u1eadt g\u00f9 b\u1eadp b\u00eanh \u0110EN Nh\u1eadp Ngo\u1ea1i . 12 th\u00e1ng k\u1ef9 thu\u1eadt . Ben h\u01a1i 1 \u0111\u1ed5i 1","og_url":"https:\/\/amafurni.vn\/en\/product\/ghe-lam-viec-van-phong-lung-trung-ama-mc10114-u1\/","og_site_name":"AMAFURNI","article_modified_time":"2025-11-12T07:10:42+00:00","og_image":[{"width":800,"height":800,"url":"https:\/\/amafurni.vn\/wp-content\/uploads\/2023\/12\/ghe-lam-viec-van-phong-lung-trung-ama-mc10114-u1_656ffaeb241ec.jpeg","type":"image\/jpeg"}],"twitter_card":"summary_large_image","twitter_misc":{"Est. reading time":"1 minute"},"schema":{"@context":"https:\/\/schema.org","@graph":[{"@type":"WebPage","@id":"https:\/\/amafurni.vn\/san-pham\/ghe-lam-viec-van-phong-lung-trung-ama-mc10114-u1\/","url":"https:\/\/amafurni.vn\/san-pham\/ghe-lam-viec-van-phong-lung-trung-ama-mc10114-u1\/","name":"Gh\u1ebf AMA-MC10114-U1 - AMAFURNI","isPartOf":{"@id":"https:\/\/amafurni.vn\/#website"},"datePublished":"2023-12-06T04:39:06+00:00","dateModified":"2025-11-12T07:10:42+00:00","breadcrumb":{"@id":"https:\/\/amafurni.vn\/san-pham\/ghe-lam-viec-van-phong-lung-trung-ama-mc10114-u1\/#breadcrumb"},"inLanguage":"en-US","potentialAction":[{"@type":"ReadAction","target":["https:\/\/amafurni.vn\/san-pham\/ghe-lam-viec-van-phong-lung-trung-ama-mc10114-u1\/"]}]},{"@type":"BreadcrumbList","@id":"https:\/\/amafurni.vn\/san-pham\/ghe-lam-viec-van-phong-lung-trung-ama-mc10114-u1\/#breadcrumb","itemListElement":[{"@type":"ListItem","position":1,"name":"Trang ch\u1ee7","item":"https:\/\/amafurni.vn\/"},{"@type":"ListItem","position":2,"name":"S\u1ea3n ph\u1ea9m","item":"https:\/\/amafurni.vn\/san-pham\/"},{"@type":"ListItem","position":3,"name":"Gh\u1ebf AMA-MC10114-U1"}]},{"@type":"WebSite","@id":"https:\/\/amafurni.vn\/#website","url":"https:\/\/amafurni.vn\/","name":"AMAFURNI","description":"","potentialAction":[{"@type":"SearchAction","target":{"@type":"EntryPoint","urlTemplate":"https:\/\/amafurni.vn\/?s={search_term_string}"},"query-input":"required name=search_term_string"}],"inLanguage":"en-US"}]}},"_links":{"self":[{"href":"https:\/\/amafurni.vn\/en\/wp-json\/wp\/v2\/product\/2764"}],"collection":[{"href":"https:\/\/amafurni.vn\/en\/wp-json\/wp\/v2\/product"}],"about":[{"href":"https:\/\/amafurni.vn\/en\/wp-json\/wp\/v2\/types\/product"}],"replies":[{"embeddable":true,"href":"https:\/\/amafurni.vn\/en\/wp-json\/wp\/v2\/comments?post=2764"}],"wp:featuredmedia":[{"embeddable":true,"href":"https:\/\/amafurni.vn\/en\/wp-json\/wp\/v2\/media\/2765"}],"wp:attachment":[{"href":"https:\/\/amafurni.vn\/en\/wp-json\/wp\/v2\/media?parent=2764"}],"wp:term":[{"taxonomy":"product_cat","embeddable":true,"href":"https:\/\/amafurni.vn\/en\/wp-json\/wp\/v2\/product_cat?post=2764"},{"taxonomy":"product_tag","embeddable":true,"href":"https:\/\/amafurni.vn\/en\/wp-json\/wp\/v2\/product_tag?post=2764"}],"curies":[{"name":"wp","href":"https:\/\/api.w.org\/{rel}","templated":true}]}}